{"id":15578,"date":"2026-04-27T04:41:01","date_gmt":"2026-04-27T04:41:01","guid":{"rendered":""},"modified":"2026-04-27T04:41:01","modified_gmt":"2026-04-27T04:41:01","slug":"hasici-pristroj-praskovy-p6-beta-zh-6-kg-43a-233b-c-manometr-s-revizi-oblibeny-15578","status":"publish","type":"product","link":"https:\/\/www.domkraftpro.com\/index.php\/produkt\/hasici-pristroj-praskovy-p6-beta-zh-6-kg-43a-233b-c-manometr-s-revizi-oblibeny-15578\/","title":{"rendered":"Hasic\u00ed p\u0159\u00edstroj pr\u00e1\u0161kov\u00fd P6 BETA-ZH, 6 kg (43A\/233B\/C), manometr, s reviz\u00ed Obl\u00edben\u00fd"},"content":{"rendered":"<div class=\"basic-description\">\n<h3>Detailn\u00ed popis produktu<\/h3>\n<table height=\"5\" style=\"width: 850px;\">\n<tbody>\n<tr>\n<td style=\"width: 708.078px;\">\n<h1><strong>Hasic\u00ed <span class=\"show-tooltip\" title=\"N\u00e1stroj&amp;nbsp;je pracovn\u00ed prost\u0159edek, pom\u016fcka k zpracov\u00e1n\u00ed n\u011b\u010deho (pracovn\u00ed n\u00e1stroj, \u0159emeslnick\u00fd n\u00e1stroj, chirurgick\u00fd n\u00e1stroj aj.), p\u0159\u00edp. v\u00fdrobn\u00ed pom\u016fcka slou\u017e\u00edc\u00ed p\u0159i ru\u010dn\u00edm nebo strojn\u00edm obr\u00e1b\u011bn\u00ed ke zm\u011bn\u011b velikosti nebo tvaru opracov\u00e1van\u00e9ho&amp;hellip;\">p\u0159\u00edstroj<\/span> pr\u00e1\u0161kov\u00fd P6 BETA-ZH, 6 kg (43A\/233B\/C), <\/strong><\/h1>\n<h1><span style=\"font-size: 16pt;\"><strong><span class=\"show-tooltip\" title=\"Manometr je za\u0159\u00edzen\u00ed pou\u017e\u00edvan\u00e9 k m\u011b\u0159en\u00ed tlaku tekutin nebo plyn\u016f v uzav\u0159en\u00e9m syst\u00e9mu. Hlavn\u00edm \u00fa\u010delem manometru je zobrazit hodnotu tlaku a umo\u017enit sledov\u00e1n\u00ed tlakov\u00fdch zm\u011bn v dan\u00e9m prostoru. Manometry se \u010dasto pou\u017e\u00edvaj\u00ed v&amp;hellip;\">manometr<\/span>, s reviz\u00ed<\/strong><\/span><\/h1>\n<\/td>\n<td style=\"width: 138.922px;\"><\/td>\n<\/tr>\n<\/tbody>\n<\/table>\n<table width=\"850\" height=\"59\">\n<tbody>\n<tr>\n<td style=\"width: 849px;\">\n<div>&nbsp;<\/div>\n<div><span style=\"font-size: 12pt;\"><strong>P\u0159enosn\u00fd hasic\u00ed p\u0159\u00edstroj pr\u00e1\u0161kov\u00fd P6 BETA-Z o kapacit\u011b 6 kg je efektivn\u00ed a spolehliv\u00fd n\u00e1stroj pro ha\u0161en\u00ed r\u016fzn\u00fdch druh\u016f po\u017e\u00e1r\u016f t\u0159\u00eddy ABC. Tento univerz\u00e1ln\u00ed hasic\u00ed p\u0159\u00edstroj je navr\u017een tak, aby spl\u0148oval v\u0161echny aktu\u00e1ln\u00ed p\u0159edpisy a vyhl\u00e1\u0161ky t\u00fdkaj\u00edc\u00ed se po\u017e\u00e1rn\u00ed ochrany a prevence rizik.<\/strong><\/span><\/div>\n<div>&nbsp;<\/div>\n<div><strong>Univerz\u00e1ln\u00ed pou\u017eit\u00ed<\/strong>: Vhodn\u00fd pro ha\u0161en\u00ed po\u017e\u00e1r\u016f t\u0159\u00edd A (<span class=\"show-tooltip\" title=\"Pevnost je materi\u00e1lov\u00e1 vlastnost charakterizuj\u00edc\u00ed schopnost materi\u00e1lu odol\u00e1vat vn\u011bj\u0161\u00edm sil\u00e1m, kter\u00e9 by mohly zp\u016fsobit jeho deformaci, roztr\u017een\u00ed nebo jin\u00e9 formy selh\u00e1n\u00ed.Pevnost je z\u00e1kladn\u00edm parametrem pro posouzen\u00ed odolnosti materi\u00e1l\u016f v konstrukci a&amp;hellip;\">pevn\u00e9<\/span> l\u00e1tky), B (<span class=\"show-tooltip\" title=\"Kapalina je skupenstv\u00ed l\u00e1tky, kter\u00e9 se vyzna\u010duje t\u00edm, \u017ee m\u00e1 pevn\u00fd objem, ale nen\u00ed schopna udr\u017eet sv\u016fj tvar a p\u0159izp\u016fsobuje se tvaru n\u00e1doby, do kter\u00e9 je um\u00edst\u011bna. Kapaliny zahrnuj\u00ed \u0161irokou \u0161k\u00e1lu l\u00e1tek, od vody a oleje po alkoholy a benz\u00edn.Kapaliny&amp;hellip;\">kapaln\u00e9<\/span> l\u00e1tky), a C (<span class=\"show-tooltip\" title=\"Plyn je skupenstv\u00ed l\u00e1tky, kter\u00e9 se vyzna\u010duje t\u00edm, \u017ee nem\u00e1 pevn\u00fd tvar ani pevn\u00fd objem.V plynn\u00e9m skupenstv\u00ed se \u010d\u00e1stice l\u00e1tky pohybuj\u00ed rychle a maj\u00ed dostate\u010dn\u011b velk\u00fd rozptyl, aby se vymanily z pevn\u00fdch \u010di kapaln\u00fdch uspo\u0159\u00e1d\u00e1n\u00ed.Plyny vypl\u0148uj\u00ed cel\u00fd&amp;hellip;\">plyny<\/span>).<\/div>\n<div><strong>Vysok\u00e1 hasebn\u00ed schopnost<\/strong>: Hasebn\u00ed schopnost 43A, 233B, C zaru\u010duje velmi vysokou \u00fa\u010dinnost.<\/div>\n<div><strong>Certifikace EN3-7<\/strong>: Spl\u0148uje evropsk\u00e9 normy pro p\u0159enosn\u00e9 hasic\u00ed p\u0159\u00edstroje.<\/div>\n<div><strong>Manometr<\/strong>: Umo\u017e\u0148uje snadnou kontrolu <span class=\"show-tooltip\" title=\"Tlak je fyzik\u00e1ln\u00ed veli\u010dina, kter\u00e1 vyjad\u0159uje s\u00edlu p\u016fsob\u00edc\u00ed na ur\u010ditou plochu. Matematicky je tlak definov\u00e1n jako s\u00edla d\u011blen\u00e1 plochou, na kterou p\u016fsob\u00ed. Z\u00e1kladn\u00ed jednotkou tlaku v mezin\u00e1rodn\u00edm syst\u00e9mu jednotek (SI) je pascal (Pa), co\u017e je newton na metr&amp;hellip;\">tlaku<\/span> a stavu p\u0159\u00edstroje.<\/div>\n<div><strong>Revize<\/strong>: <strong>Hasic\u00ed p\u0159\u00edstroj dod\u00e1v\u00e1me v\u010detn\u011b plomby, kontroln\u00edho \u0161t\u00edtku a dokladu o kontrole s platnost\u00ed 2 roky<\/strong><span>,<\/span>&nbsp;co\u017e je nezbytn\u00e9 pro pou\u017eit\u00ed ve firm\u00e1ch a novostavb\u00e1ch rodinn\u00fdch dom\u016f.<\/div>\n<div><strong>Snadn\u00e1 mont\u00e1\u017e<\/strong>: Sou\u010d\u00e1st\u00ed balen\u00ed je dr\u017e\u00e1k na ze\u010f pro jednoduch\u00e9 uchycen\u00ed.<\/div>\n<h4><strong>Pou\u017eit\u00ed<\/strong><\/h4>\n<div><strong>Komer\u010dn\u00ed a pr\u016fmyslov\u00e9 prostory<\/strong>: Ide\u00e1ln\u00ed pro um\u00edst\u011bn\u00ed ve skladech, obchodech, kancel\u00e1\u0159\u00edch a dal\u0161\u00edch komer\u010dn\u00edch objektech.<\/div>\n<div><strong>Bytov\u00e9 domy a ubytovac\u00ed za\u0159\u00edzen\u00ed<\/strong>: Vhodn\u00fd pro obytn\u00e9 budovy a hotely, spl\u0148uje po\u017eadavky vyhl\u00e1\u0161ky MV \u010d. 23\/2008 Sb.<\/div>\n<div><strong>Dom\u00e1cnosti a gar\u00e1\u017ee<\/strong>: Doporu\u010den\u00fd pro rodinn\u00e9 domy, byty a gar\u00e1\u017ee, zaji\u0161\u0165uje po\u017e\u00e1rn\u00ed bezpe\u010dnost dle platn\u00fdch p\u0159edpis\u016f.<\/div>\n<h4><strong>N\u00e1vod k pou\u017eit\u00ed<\/strong><\/h4>\n<div><strong>Uvoln\u011bn\u00ed<\/strong>: Vyjm\u011bte p\u0159\u00edstroj z dr\u017e\u00e1ku na zdi.<\/div>\n<div><strong>Odstran\u011bn\u00ed Zaji\u0161t\u011bn\u00ed<\/strong>: Vyjm\u011bte zaji\u0161\u0165ovac\u00ed kol\u00edk.<\/div>\n<div><strong>Aktivace<\/strong>: Stiskn\u011bte p\u00e1ku ventilu a nasm\u011brujte proud hasic\u00edho pr\u00e1\u0161ku na ohnisko po\u017e\u00e1ru.<\/div>\n<div><strong>Kontrola<\/strong>: Po pou\u017eit\u00ed zkontrolujte tlak na manometru a zajist\u011bte op\u011btovn\u00e9 napln\u011bn\u00ed a revizi p\u0159\u00edstroje.<\/div>\n<h4><strong>Tipy pro aplikaci<\/strong><\/h4>\n<div><strong>Pravideln\u00e1 kontrola<\/strong>: Pravideln\u011b kontrolujte stav a tlak p\u0159\u00edstroje pomoc\u00ed manometru.<\/div>\n<div><strong>Strategick\u00e9 um\u00edst\u011bn\u00ed<\/strong>: Um\u00edst\u011bte hasic\u00ed p\u0159\u00edstroj na snadno dostupn\u00e9 m\u00edsto v bl\u00edzkosti potenci\u00e1ln\u00edch zdroj\u016f po\u017e\u00e1ru.<\/div>\n<div><strong>\u0160kolen\u00ed<\/strong>: Zajist\u011bte, aby v\u0161ichni \u010dlenov\u00e9 dom\u00e1cnosti nebo zam\u011bstnanci byli obezn\u00e1meni s pou\u017eit\u00edm p\u0159\u00edstroje.<\/div>\n<h4><strong>Technick\u00e1 data<\/strong><\/h4>\n<div><strong>T\u0159\u00eddy po\u017e\u00e1ru<\/strong>: ABC<\/div>\n<div><strong>Hasebn\u00ed schopnost<\/strong>: 43A 233B C<\/div>\n<div><strong>Hasivo<\/strong>: HJ ABC Universal<\/div>\n<div><strong><span class=\"show-tooltip\" title=\"Hmotnost&amp;nbsp;je d\u016fle\u017eit\u00e1 fyzik\u00e1ln\u00ed veli\u010dina, aditivn\u00ed vlastnost&amp;nbsp;hmoty&amp;nbsp;(tedy vlastnost jednotliv\u00fdch hmotn\u00fdch&amp;nbsp;t\u011bles), kter\u00e1 vyjad\u0159uje m\u00edru&amp;nbsp;setrva\u010dn\u00fdch&amp;nbsp;\u00fa\u010dink\u016f \u010di m\u00edru&amp;nbsp;gravita\u010dn\u00edch&amp;nbsp;\u00fa\u010dink\u016f hmoty. Ekvivalence setrva\u010dn\u00fdch&amp;hellip;\">Hmotnost<\/span> hasiva<\/strong>: 6 kg<\/div>\n<div><strong><span class=\"show-tooltip\" title=\"\u010cas&amp;nbsp;(zna\u010dka&amp;nbsp;t) je jednou ze z\u00e1kladn\u00edch&amp;nbsp;fyzik\u00e1ln\u00edch veli\u010din&amp;nbsp;soustavy SI, kter\u00e1 se m\u011b\u0159\u00ed v&amp;nbsp;sekund\u00e1ch&amp;nbsp;(s) pomoc\u00ed&amp;nbsp;hodin. \u010cas ozna\u010duje&amp;nbsp;dobu, kter\u00e1 uplyne mezi dv\u011bma okam\u017eiky. V&amp;nbsp;jin\u00e9m ch\u00e1p\u00e1n\u00ed je \u010das poj\u00edm\u00e1n&amp;hellip;\">Doba<\/span> \u00fa\u010dinnosti:<\/strong> 15 s<\/div>\n<div><strong><span class=\"show-tooltip\" title=\"Teplota&amp;nbsp;je charakteristika tepeln\u00e9ho&amp;nbsp;stavu&amp;nbsp;hmoty. Je to jedna z nejd\u016fle\u017eit\u011bj\u0161\u00edch fyzik\u00e1ln\u00edch veli\u010din. Teplota ovliv\u0148uje aktivitu (energii) ve\u0161ker\u00fdch \u010d\u00e1stic ve vesm\u00edru a zp\u016fsobuje zm\u011bnu rozm\u011br\u016f, tvaru&amp;hellip;\">Teplotn\u00ed<\/span> rozmez\u00ed<\/strong>: -30\u00b0C a\u017e +60\u00b0C<\/div>\n<div><strong>V\u00fd\u0161ka<\/strong>: 440 mm<\/div>\n<div><strong><span class=\"show-tooltip\" title=\"Pr\u016fm\u011br kruhu a kru\u017enice je d\u00e9lka \u00fase\u010dky, kter\u00e1 proch\u00e1z\u00ed st\u0159edem kruhu a spojuje dva body na jeho obvodu. Zkr\u00e1cen\u011b se pr\u016fm\u011br kruhu ozna\u010duje symbolem &quot;d&quot;.Vztah mezi pr\u016fm\u011brem kruhu a jeho polom\u011brem &quot;r&quot; je n\u00e1sleduj\u00edc\u00ed: d = 2 * rKde &quot;d&quot; je&amp;hellip;\">Pr\u016fm\u011br<\/span><\/strong>: 160 mm<\/div>\n<div><strong>Hmotnost v\u010detn\u011b obalu<\/strong>: 9,9 kg<\/div>\n<div><strong>Certifikace<\/strong>: Podle EN3<\/div>\n<h4><strong>Bezpe\u010dnost p\u0159i pr\u00e1ci<\/strong><\/h4>\n<div><strong>Revize<\/strong>: P\u0159\u00edstroj je dod\u00e1v\u00e1n s platnou reviz\u00ed, co\u017e zaji\u0161\u0165uje jeho okam\u017eitou p\u0159ipravenost k pou\u017eit\u00ed.<\/div>\n<div><strong>Upozorn\u011bn\u00ed<\/strong>: Nevhodn\u00fd pro ha\u0161en\u00ed po\u017e\u00e1r\u016f ho\u0159lav\u00fdch <span class=\"show-tooltip\" title=\"Kovy&amp;nbsp;tvo\u0159\u00ed spole\u010dn\u011b s&amp;nbsp;polokovy&amp;nbsp;a&amp;nbsp;nekovy&amp;nbsp;t\u0159i hlavn\u00ed skupiny&amp;nbsp;chemick\u00fdch prvk\u016f. Rozd\u011blen\u00ed je prov\u00e1d\u011bno s ohledem na&amp;nbsp;vazebn\u00e9&amp;nbsp;a&amp;nbsp;ioniza\u010dn\u00ed&amp;nbsp;vlastnosti prvk\u016f. Kovy jsou charakterizovan\u00e9&amp;hellip;\">kov\u016f<\/span> (nap\u0159. <span class=\"show-tooltip\" title=\"Ho\u0159\u010d\u00edk (magnesium) je chemick\u00fd prvek se symboly Mg a atomov\u00fdm \u010d\u00edslem 12. Je to st\u0159\u00edbroleskl\u00fd kovov\u00fd prvek, kter\u00fd pat\u0159\u00ed mezi alkalick\u00e9 kovy. N\u011bkter\u00e9 z\u00e1kladn\u00ed vlastnosti ho\u0159\u010d\u00edku zahrnuj\u00ed:Lehkost a pevnost: Ho\u0159\u010d\u00edk je lehk\u00fd kov s vysokou pevnost\u00ed a&amp;hellip;\">ho\u0159\u010d\u00edk<\/span> a jeho <span class=\"show-tooltip\" title=\"Slitina&amp;nbsp;je homogenn\u00ed sm\u011bs jedn\u00e9 nebo v\u00edce l\u00e1tek v pevn\u00e9m stavu. Vznik\u00e1 taven\u00edm&amp;nbsp;kovu&amp;nbsp;s dal\u0161\u00edmi kovy nebo jin\u00fdmi&amp;nbsp;prvky&amp;nbsp;\u010di&amp;nbsp;slou\u010deninami, obvykle ve form\u011b pevn\u00e9ho roztoku. Slitina z\u00edsk\u00e1v\u00e1 vlastnosti, kter\u00e9 \u010dist\u00e9 kovy nemaj\u00ed.&amp;hellip;\">slitiny<\/span> s <span class=\"show-tooltip\" title=\"Hlin\u00edk&amp;nbsp;(lat. aluminium) je chemick\u00fd prvek s atomov\u00fdm \u010d\u00edslem 13 a chemick\u00fdm symbolem Al.Pat\u0159\u00ed mezi kovy a je lehk\u00fd, st\u0159\u00edbrn\u00fd a v\u00fdborn\u00fd vodi\u010d tepla i elektrick\u00e9ho proudu.Hlin\u00edk je t\u0159et\u00edm nej\u010dast\u011bji se vyskytuj\u00edc\u00edm prvkem v zemsk\u00e9 k\u016f\u0159e, a\u010dkoliv&amp;hellip;\">hlin\u00edkem<\/span>).<\/div>\n<h4><strong>Dopl\u0148uj\u00edc\u00ed informace<\/strong><\/h4>\n<div>Hasic\u00ed p\u0159\u00edstroj pr\u00e1\u0161kov\u00fd P6 BETA-ZH je tvo\u0159en kovovou n\u00e1dobou napln\u011bnou hasic\u00edm pr\u00e1\u0161kem a je vybaven manometrem pro kontrolu tlaku.<\/div>\n<div>Je vybaven rychloup\u00ednac\u00edm dr\u017e\u00e1kem pro snadnou mont\u00e1\u017e a demont\u00e1\u017e.<\/div>\n<div>P\u0159i zkou\u0161k\u00e1ch ve zku\u0161ebn\u011b dok\u00e1zal tento hasic\u00ed p\u0159\u00edstroj uhasit hranici <span class=\"show-tooltip\" title=\"D\u0159evo&amp;nbsp;je tvrd\u00e9 a p\u00f3rovit\u00e9&amp;nbsp;rostlinn\u00e9 pletivo&amp;nbsp;(tk\u00e1\u0148), je\u017e tvo\u0159\u00ed kmeny, ko\u0159eny a v\u011btve strom\u016f, ke\u0159\u016f a dal\u0161\u00edch&amp;nbsp;d\u0159evin. Skl\u00e1d\u00e1 se z&amp;nbsp;celul\u00f3zov\u00fdch&amp;nbsp;vl\u00e1ken s vysokou pevnost\u00ed v tahu a&amp;nbsp;ligninov\u00e9&amp;nbsp;v\u00fdpln\u011b, kter\u00e1&amp;hellip;\">d\u0159ev\u011bn\u00fdch<\/span> hranol\u016f o velikosti 4,3 x 0,56 x 0,5 m (1,2 m<sup>3<\/sup>) nebo 233 litr\u016f ho\u0159lav\u00e9 kapaliny (heptanu) v <span class=\"show-tooltip\" title=\"Kruh je geometrick\u00fd tvar, kter\u00fd je definov\u00e1n jako mno\u017eina bod\u016f v rovin\u011b, kter\u00e9 jsou v\u0161echny stejn\u011b vzd\u00e1len\u00e9 od jednoho bodu naz\u00fdvan\u00e9ho st\u0159ed kruhu. Tato vzd\u00e1lenost od st\u0159edu kruhu ke kter\u00e9mukoli bodu na jeho obvodu se naz\u00fdv\u00e1&amp;hellip;\">kruhov\u00e9<\/span> n\u00e1dob\u011b.<\/div>\n<h4><strong>N\u00e1\u0161 tip<\/strong><\/h4>\n<div><strong>Zajist\u011bte, aby hasic\u00ed p\u0159\u00edstroj byl um\u00edst\u011bn na snadno p\u0159\u00edstupn\u00e9m m\u00edst\u011b a pravideln\u011b kontrolujte jeho stav. <\/strong><\/div>\n<div><strong>Bu\u010fte p\u0159ipraveni na ne\u010dekan\u00e9 po\u017e\u00e1ry a chra\u0148te sv\u016fj majetek i \u017eivoty.<\/strong><\/div>\n<div>&nbsp;<\/div>\n<div><strong><\/strong><\/div>\n<div>&nbsp;<\/div>\n<div><strong><\/strong><\/div>\n<\/td>\n<\/tr>\n<\/tbody>\n<\/table><\/div>\n","protected":false},"excerpt":{"rendered":"<p>Detailn\u00ed popis produktu Hasic\u00ed p\u0159\u00edstroj pr\u00e1\u0161kov\u00fd P6 BETA-ZH, 6 kg (43A\/233B\/C), manometr, s reviz\u00ed &nbsp; P\u0159enosn\u00fd hasic\u00ed p\u0159\u00edstroj pr\u00e1\u0161kov\u00fd P6 BETA-Z o kapacit\u011b 6 kg je efektivn\u00ed a spolehliv\u00fd n\u00e1stroj pro ha\u0161en\u00ed r\u016fzn\u00fdch druh\u016f po\u017e\u00e1r\u016f t\u0159\u00eddy ABC. Tento univerz\u00e1ln\u00ed hasic\u00ed p\u0159\u00edstroj je navr\u017een tak, aby spl\u0148oval v\u0161echny aktu\u00e1ln\u00ed p\u0159edpisy a vyhl\u00e1\u0161ky t\u00fdkaj\u00edc\u00ed se po\u017e\u00e1rn\u00ed ochrany [&hellip;]<\/p>\n","protected":false},"featured_media":15678,"comment_status":"open","ping_status":"open","template":"","meta":[],"product_brand":[],"product_cat":[59],"product_tag":[],"class_list":{"0":"post-15578","1":"product","2":"type-product","3":"status-publish","4":"has-post-thumbnail","6":"product_cat-ochranne-pomucky","8":"first","9":"instock","10":"sale","11":"shipping-taxable","12":"purchasable","13":"product-type-simple"},"yoast_head":"<!-- This site is optimized with the Yoast SEO plugin v26.8 - https:\/\/yoast.com\/product\/yoast-seo-wordpress\/ -->\n<title>Hasic\u00ed p\u0159\u00edstroj pr\u00e1\u0161kov\u00fd P6 BETA-ZH, 6 kg (43A\/233B\/C), manometr, s reviz\u00ed Obl\u00edben\u00fd -<\/title>\n<meta name=\"robots\" content=\"index, follow, max-snippet:-1, max-image-preview:large, max-video-preview:-1\" \/>\n<link rel=\"canonical\" href=\"https:\/\/www.domkraftpro.com\/index.php\/produkt\/hasici-pristroj-praskovy-p6-beta-zh-6-kg-43a-233b-c-manometr-s-revizi-oblibeny-15578\/\" \/>\n<meta property=\"og:locale\" content=\"cs_CZ\" \/>\n<meta property=\"og:type\" content=\"article\" \/>\n<meta property=\"og:title\" content=\"Hasic\u00ed p\u0159\u00edstroj pr\u00e1\u0161kov\u00fd P6 BETA-ZH, 6 kg (43A\/233B\/C), manometr, s reviz\u00ed Obl\u00edben\u00fd -\" \/>\n<meta property=\"og:description\" content=\"Detailn\u00ed popis produktu Hasic\u00ed p\u0159\u00edstroj pr\u00e1\u0161kov\u00fd P6 BETA-ZH, 6 kg (43A\/233B\/C), manometr, s reviz\u00ed &nbsp; P\u0159enosn\u00fd hasic\u00ed p\u0159\u00edstroj pr\u00e1\u0161kov\u00fd P6 BETA-Z o kapacit\u011b 6 kg je efektivn\u00ed a spolehliv\u00fd n\u00e1stroj pro ha\u0161en\u00ed r\u016fzn\u00fdch druh\u016f po\u017e\u00e1r\u016f t\u0159\u00eddy ABC. Tento univerz\u00e1ln\u00ed hasic\u00ed p\u0159\u00edstroj je navr\u017een tak, aby spl\u0148oval v\u0161echny aktu\u00e1ln\u00ed p\u0159edpisy a vyhl\u00e1\u0161ky t\u00fdkaj\u00edc\u00ed se po\u017e\u00e1rn\u00ed ochrany [&hellip;]\" \/>\n<meta property=\"og:url\" content=\"https:\/\/www.domkraftpro.com\/index.php\/produkt\/hasici-pristroj-praskovy-p6-beta-zh-6-kg-43a-233b-c-manometr-s-revizi-oblibeny-15578\/\" \/>\n<meta property=\"og:image\" content=\"https:\/\/www.domkraftpro.com\/wp-content\/uploads\/2026\/SK0007283-CZ20260425-092522-0-1777080324-116934_hasici-pristroj-praskovy-beta-6-kg-s-revizi--34a183b.webp\" \/>\n\t<meta property=\"og:image:width\" content=\"1000\" \/>\n\t<meta property=\"og:image:height\" content=\"750\" \/>\n\t<meta property=\"og:image:type\" content=\"image\/webp\" \/>\n<meta name=\"twitter:card\" content=\"summary_large_image\" \/>\n<meta name=\"twitter:label1\" content=\"Odhadovan\u00e1 doba \u010dten\u00ed\" \/>\n\t<meta name=\"twitter:data1\" content=\"3 minuty\" \/>\n<script type=\"application\/ld+json\" class=\"yoast-schema-graph\">{\"@context\":\"https:\/\/schema.org\",\"@graph\":[{\"@type\":\"WebPage\",\"@id\":\"https:\/\/www.domkraftpro.com\/index.php\/produkt\/hasici-pristroj-praskovy-p6-beta-zh-6-kg-43a-233b-c-manometr-s-revizi-oblibeny-15578\/\",\"url\":\"https:\/\/www.domkraftpro.com\/index.php\/produkt\/hasici-pristroj-praskovy-p6-beta-zh-6-kg-43a-233b-c-manometr-s-revizi-oblibeny-15578\/\",\"name\":\"Hasic\u00ed p\u0159\u00edstroj pr\u00e1\u0161kov\u00fd P6 BETA-ZH, 6 kg (43A\/233B\/C), manometr, s reviz\u00ed Obl\u00edben\u00fd -\",\"isPartOf\":{\"@id\":\"https:\/\/www.domkraftpro.com\/#website\"},\"primaryImageOfPage\":{\"@id\":\"https:\/\/www.domkraftpro.com\/index.php\/produkt\/hasici-pristroj-praskovy-p6-beta-zh-6-kg-43a-233b-c-manometr-s-revizi-oblibeny-15578\/#primaryimage\"},\"image\":{\"@id\":\"https:\/\/www.domkraftpro.com\/index.php\/produkt\/hasici-pristroj-praskovy-p6-beta-zh-6-kg-43a-233b-c-manometr-s-revizi-oblibeny-15578\/#primaryimage\"},\"thumbnailUrl\":\"https:\/\/www.domkraftpro.com\/wp-content\/uploads\/2026\/SK0007283-CZ20260425-092522-0-1777080324-116934_hasici-pristroj-praskovy-beta-6-kg-s-revizi--34a183b.webp\",\"datePublished\":\"2026-04-27T04:41:01+00:00\",\"breadcrumb\":{\"@id\":\"https:\/\/www.domkraftpro.com\/index.php\/produkt\/hasici-pristroj-praskovy-p6-beta-zh-6-kg-43a-233b-c-manometr-s-revizi-oblibeny-15578\/#breadcrumb\"},\"inLanguage\":\"cs\",\"potentialAction\":[{\"@type\":\"ReadAction\",\"target\":[\"https:\/\/www.domkraftpro.com\/index.php\/produkt\/hasici-pristroj-praskovy-p6-beta-zh-6-kg-43a-233b-c-manometr-s-revizi-oblibeny-15578\/\"]}]},{\"@type\":\"ImageObject\",\"inLanguage\":\"cs\",\"@id\":\"https:\/\/www.domkraftpro.com\/index.php\/produkt\/hasici-pristroj-praskovy-p6-beta-zh-6-kg-43a-233b-c-manometr-s-revizi-oblibeny-15578\/#primaryimage\",\"url\":\"https:\/\/www.domkraftpro.com\/wp-content\/uploads\/2026\/SK0007283-CZ20260425-092522-0-1777080324-116934_hasici-pristroj-praskovy-beta-6-kg-s-revizi--34a183b.webp\",\"contentUrl\":\"https:\/\/www.domkraftpro.com\/wp-content\/uploads\/2026\/SK0007283-CZ20260425-092522-0-1777080324-116934_hasici-pristroj-praskovy-beta-6-kg-s-revizi--34a183b.webp\",\"width\":1000,\"height\":750},{\"@type\":\"BreadcrumbList\",\"@id\":\"https:\/\/www.domkraftpro.com\/index.php\/produkt\/hasici-pristroj-praskovy-p6-beta-zh-6-kg-43a-233b-c-manometr-s-revizi-oblibeny-15578\/#breadcrumb\",\"itemListElement\":[{\"@type\":\"ListItem\",\"position\":1,\"name\":\"Home\",\"item\":\"https:\/\/www.domkraftpro.com\/\"},{\"@type\":\"ListItem\",\"position\":2,\"name\":\"Products\",\"item\":\"https:\/\/www.domkraftpro.com\/index.php\/products\/\"},{\"@type\":\"ListItem\",\"position\":3,\"name\":\"Hasic\u00ed p\u0159\u00edstroj pr\u00e1\u0161kov\u00fd P6 BETA-ZH, 6 kg (43A\/233B\/C), manometr, s reviz\u00ed Obl\u00edben\u00fd\"}]},{\"@type\":\"WebSite\",\"@id\":\"https:\/\/www.domkraftpro.com\/#website\",\"url\":\"https:\/\/www.domkraftpro.com\/\",\"name\":\"\",\"description\":\"\",\"potentialAction\":[{\"@type\":\"SearchAction\",\"target\":{\"@type\":\"EntryPoint\",\"urlTemplate\":\"https:\/\/www.domkraftpro.com\/?s={search_term_string}\"},\"query-input\":{\"@type\":\"PropertyValueSpecification\",\"valueRequired\":true,\"valueName\":\"search_term_string\"}}],\"inLanguage\":\"cs\"}]}<\/script>\n<!-- \/ Yoast SEO plugin. -->","yoast_head_json":{"title":"Hasic\u00ed p\u0159\u00edstroj pr\u00e1\u0161kov\u00fd P6 BETA-ZH, 6 kg (43A\/233B\/C), manometr, s reviz\u00ed Obl\u00edben\u00fd -","robots":{"index":"index","follow":"follow","max-snippet":"max-snippet:-1","max-image-preview":"max-image-preview:large","max-video-preview":"max-video-preview:-1"},"canonical":"https:\/\/www.domkraftpro.com\/index.php\/produkt\/hasici-pristroj-praskovy-p6-beta-zh-6-kg-43a-233b-c-manometr-s-revizi-oblibeny-15578\/","og_locale":"cs_CZ","og_type":"article","og_title":"Hasic\u00ed p\u0159\u00edstroj pr\u00e1\u0161kov\u00fd P6 BETA-ZH, 6 kg (43A\/233B\/C), manometr, s reviz\u00ed Obl\u00edben\u00fd -","og_description":"Detailn\u00ed popis produktu Hasic\u00ed p\u0159\u00edstroj pr\u00e1\u0161kov\u00fd P6 BETA-ZH, 6 kg (43A\/233B\/C), manometr, s reviz\u00ed &nbsp; P\u0159enosn\u00fd hasic\u00ed p\u0159\u00edstroj pr\u00e1\u0161kov\u00fd P6 BETA-Z o kapacit\u011b 6 kg je efektivn\u00ed a spolehliv\u00fd n\u00e1stroj pro ha\u0161en\u00ed r\u016fzn\u00fdch druh\u016f po\u017e\u00e1r\u016f t\u0159\u00eddy ABC. Tento univerz\u00e1ln\u00ed hasic\u00ed p\u0159\u00edstroj je navr\u017een tak, aby spl\u0148oval v\u0161echny aktu\u00e1ln\u00ed p\u0159edpisy a vyhl\u00e1\u0161ky t\u00fdkaj\u00edc\u00ed se po\u017e\u00e1rn\u00ed ochrany [&hellip;]","og_url":"https:\/\/www.domkraftpro.com\/index.php\/produkt\/hasici-pristroj-praskovy-p6-beta-zh-6-kg-43a-233b-c-manometr-s-revizi-oblibeny-15578\/","og_image":[{"width":1000,"height":750,"url":"https:\/\/www.domkraftpro.com\/wp-content\/uploads\/2026\/SK0007283-CZ20260425-092522-0-1777080324-116934_hasici-pristroj-praskovy-beta-6-kg-s-revizi--34a183b.webp","type":"image\/webp"}],"twitter_card":"summary_large_image","twitter_misc":{"Odhadovan\u00e1 doba \u010dten\u00ed":"3 minuty"},"schema":{"@context":"https:\/\/schema.org","@graph":[{"@type":"WebPage","@id":"https:\/\/www.domkraftpro.com\/index.php\/produkt\/hasici-pristroj-praskovy-p6-beta-zh-6-kg-43a-233b-c-manometr-s-revizi-oblibeny-15578\/","url":"https:\/\/www.domkraftpro.com\/index.php\/produkt\/hasici-pristroj-praskovy-p6-beta-zh-6-kg-43a-233b-c-manometr-s-revizi-oblibeny-15578\/","name":"Hasic\u00ed p\u0159\u00edstroj pr\u00e1\u0161kov\u00fd P6 BETA-ZH, 6 kg (43A\/233B\/C), manometr, s reviz\u00ed Obl\u00edben\u00fd -","isPartOf":{"@id":"https:\/\/www.domkraftpro.com\/#website"},"primaryImageOfPage":{"@id":"https:\/\/www.domkraftpro.com\/index.php\/produkt\/hasici-pristroj-praskovy-p6-beta-zh-6-kg-43a-233b-c-manometr-s-revizi-oblibeny-15578\/#primaryimage"},"image":{"@id":"https:\/\/www.domkraftpro.com\/index.php\/produkt\/hasici-pristroj-praskovy-p6-beta-zh-6-kg-43a-233b-c-manometr-s-revizi-oblibeny-15578\/#primaryimage"},"thumbnailUrl":"https:\/\/www.domkraftpro.com\/wp-content\/uploads\/2026\/SK0007283-CZ20260425-092522-0-1777080324-116934_hasici-pristroj-praskovy-beta-6-kg-s-revizi--34a183b.webp","datePublished":"2026-04-27T04:41:01+00:00","breadcrumb":{"@id":"https:\/\/www.domkraftpro.com\/index.php\/produkt\/hasici-pristroj-praskovy-p6-beta-zh-6-kg-43a-233b-c-manometr-s-revizi-oblibeny-15578\/#breadcrumb"},"inLanguage":"cs","potentialAction":[{"@type":"ReadAction","target":["https:\/\/www.domkraftpro.com\/index.php\/produkt\/hasici-pristroj-praskovy-p6-beta-zh-6-kg-43a-233b-c-manometr-s-revizi-oblibeny-15578\/"]}]},{"@type":"ImageObject","inLanguage":"cs","@id":"https:\/\/www.domkraftpro.com\/index.php\/produkt\/hasici-pristroj-praskovy-p6-beta-zh-6-kg-43a-233b-c-manometr-s-revizi-oblibeny-15578\/#primaryimage","url":"https:\/\/www.domkraftpro.com\/wp-content\/uploads\/2026\/SK0007283-CZ20260425-092522-0-1777080324-116934_hasici-pristroj-praskovy-beta-6-kg-s-revizi--34a183b.webp","contentUrl":"https:\/\/www.domkraftpro.com\/wp-content\/uploads\/2026\/SK0007283-CZ20260425-092522-0-1777080324-116934_hasici-pristroj-praskovy-beta-6-kg-s-revizi--34a183b.webp","width":1000,"height":750},{"@type":"BreadcrumbList","@id":"https:\/\/www.domkraftpro.com\/index.php\/produkt\/hasici-pristroj-praskovy-p6-beta-zh-6-kg-43a-233b-c-manometr-s-revizi-oblibeny-15578\/#breadcrumb","itemListElement":[{"@type":"ListItem","position":1,"name":"Home","item":"https:\/\/www.domkraftpro.com\/"},{"@type":"ListItem","position":2,"name":"Products","item":"https:\/\/www.domkraftpro.com\/index.php\/products\/"},{"@type":"ListItem","position":3,"name":"Hasic\u00ed p\u0159\u00edstroj pr\u00e1\u0161kov\u00fd P6 BETA-ZH, 6 kg (43A\/233B\/C), manometr, s reviz\u00ed Obl\u00edben\u00fd"}]},{"@type":"WebSite","@id":"https:\/\/www.domkraftpro.com\/#website","url":"https:\/\/www.domkraftpro.com\/","name":"","description":"","potentialAction":[{"@type":"SearchAction","target":{"@type":"EntryPoint","urlTemplate":"https:\/\/www.domkraftpro.com\/?s={search_term_string}"},"query-input":{"@type":"PropertyValueSpecification","valueRequired":true,"valueName":"search_term_string"}}],"inLanguage":"cs"}]}},"_links":{"self":[{"href":"https:\/\/www.domkraftpro.com\/index.php\/wp-json\/wp\/v2\/product\/15578","targetHints":{"allow":["GET"]}}],"collection":[{"href":"https:\/\/www.domkraftpro.com\/index.php\/wp-json\/wp\/v2\/product"}],"about":[{"href":"https:\/\/www.domkraftpro.com\/index.php\/wp-json\/wp\/v2\/types\/product"}],"replies":[{"embeddable":true,"href":"https:\/\/www.domkraftpro.com\/index.php\/wp-json\/wp\/v2\/comments?post=15578"}],"wp:featuredmedia":[{"embeddable":true,"href":"https:\/\/www.domkraftpro.com\/index.php\/wp-json\/wp\/v2\/media\/15678"}],"wp:attachment":[{"href":"https:\/\/www.domkraftpro.com\/index.php\/wp-json\/wp\/v2\/media?parent=15578"}],"wp:term":[{"taxonomy":"product_brand","embeddable":true,"href":"https:\/\/www.domkraftpro.com\/index.php\/wp-json\/wp\/v2\/product_brand?post=15578"},{"taxonomy":"product_cat","embeddable":true,"href":"https:\/\/www.domkraftpro.com\/index.php\/wp-json\/wp\/v2\/product_cat?post=15578"},{"taxonomy":"product_tag","embeddable":true,"href":"https:\/\/www.domkraftpro.com\/index.php\/wp-json\/wp\/v2\/product_tag?post=15578"}],"curies":[{"name":"wp","href":"https:\/\/api.w.org\/{rel}","templated":true}]}}