{"id":15573,"date":"2026-04-27T04:41:01","date_gmt":"2026-04-27T04:41:01","guid":{"rendered":""},"modified":"2026-04-27T04:41:01","modified_gmt":"2026-04-27T04:41:01","slug":"znackovy-schuller-eh-klar-r-odlamovaci-cepele-formosa-ran-sk5-18x0-5-mm-10-ks-15573","status":"publish","type":"product","link":"https:\/\/www.domkraftpro.com\/index.php\/produkt\/znackovy-schuller-eh-klar-r-odlamovaci-cepele-formosa-ran-sk5-18x0-5-mm-10-ks-15573\/","title":{"rendered":"Zna\u010dkov\u00fd SCHULLER EH&#8217;KLAR\u00ae Odlamovac\u00ed \u010depele FORMOSA RAN SK5, 18\u00d70,5 mm, 10 ks"},"content":{"rendered":"<div class=\"basic-description\">\n<h3>Detailn\u00ed popis produktu<\/h3>\n<table height=\"8\" style=\"width: 850px;\">\n<tbody>\n<tr>\n<td style=\"width: 708.875px;\">\n<h1><strong>SCHULLER EH&#8217;KLAR\u00ae 30553<\/strong><\/h1>\n<h1><strong>Odlamovac\u00ed <span class=\"show-tooltip\" title=\"\u010cepel&amp;nbsp;je \u010d\u00e1st n\u00e1stroje, zbran\u011b nebo stroje s ost\u0159\u00edm, kter\u00e1 je ur\u010dena k pror\u00e1\u017een\u00ed, sek\u00e1n\u00ed, kr\u00e1jen\u00ed nebo \u0161kr\u00e1b\u00e1n\u00ed povrch\u016f nebo materi\u00e1l\u016f. \u010cepele jsou obvykle vyrobeny z materi\u00e1l\u016f, kter\u00e9 jsou tvrd\u0161\u00ed ne\u017e ty, na kter\u00e9 maj\u00ed b\u00fdt pou\u017eity.&amp;hellip;\">\u010depele<\/span> FORMOSA RAN SK5, 18\u00d70,5 mm, 10 ks<\/strong><\/h1>\n<\/td>\n<td style=\"width: 139.125px;\"><\/td>\n<\/tr>\n<\/tbody>\n<\/table>\n<div>&nbsp;<\/div>\n<table width=\"849\" height=\"71\">\n<tbody>\n<tr>\n<td style=\"width: 848px;\">\n<div><span style=\"font-size: 12pt;\"><strong><span>10 ks n\u00e1hradn\u00edch \u010depel\u00ed s dvojit\u011b <span class=\"show-tooltip\" title=\"Brou\u0161en\u00ed je technologick\u00fd proces, p\u0159i kter\u00e9m se odstra\u0148uj\u00ed ne\u017e\u00e1douc\u00ed materi\u00e1lov\u00e9 \u010d\u00e1stice nebo se dosahuje po\u017eadovan\u00fd tvar a povrchov\u00e1 kvalita na ur\u010dit\u00e9m materi\u00e1lu. Brou\u0161en\u00ed se \u010dasto pou\u017e\u00edv\u00e1 k dosa\u017een\u00ed hladk\u00e9ho a p\u0159esn\u00e9ho povrchu na kovech, skle,&amp;hellip;\">brou\u0161en\u00fdm<\/span> ost\u0159\u00edm v bezpe\u010dnostn\u00edm pouzd\u0159e na blistru k zav\u011b\u0161en\u00ed, kvalita <span class=\"show-tooltip\" title=\"Ocel je slitina \u017eeleza s mal\u00fdm obsahem uhl\u00edku a dal\u0161\u00edmi p\u0159\u00edm\u011bsemi. Je to jeden z nejb\u011b\u017en\u011bji pou\u017e\u00edvan\u00fdch materi\u00e1l\u016f v pr\u016fmyslu a&amp;nbsp;stavebnictv\u00ed d\u00edky sv\u00fdm vlastnostem, kter\u00e9 zahrnuj\u00ed pevnost, tv\u00e1rnost a odolnost.&amp;nbsp;Z\u00e1kladn\u00ed slo\u017ekou&amp;hellip;\">oceli<\/span> SK5<\/span>.<\/strong><\/span><\/div>\n<div>&nbsp;<\/div>\n<div><span style=\"font-size: 12pt;\"><strong><\/strong><\/span><\/div>\n<h3><strong>Pou\u017eit\u00ed<\/strong><\/h3>\n<div><strong>\u0158ez\u00e1n\u00ed <span class=\"show-tooltip\" title=\"Pap\u00edr je tenk\u00fd, ploch\u00fd materi\u00e1l vytvo\u0159en\u00fd z vl\u00e1ken rostlin, zejm\u00e9na d\u0159eva, kter\u00e9 jsou rozdrceny, zbaveny vody a pot\u00e9 spojeny do pap\u00edrov\u00e9 hmoty.&amp;nbsp;N\u00e1sledn\u011b je zpracov\u00e1n na po\u017eadovan\u00e9 form\u00e1ty nebo v\u00fdrobky.\u058d Je to jeden z nejroz\u0161\u00ed\u0159en\u011bj\u0161\u00edch a&amp;hellip;\">pap\u00edru<\/span> a kartonu<\/strong>: Ide\u00e1ln\u00ed pro p\u0159esn\u00e9 \u0159ez\u00e1n\u00ed pap\u00edru, kartonu a dal\u0161\u00edch tenk\u00fdch materi\u00e1l\u016f.<\/div>\n<div><strong>\u0158ez\u00e1n\u00ed <span class=\"show-tooltip\" title=\"Plastyn\u011bkdy tak\u00e9 naz\u00fdvan\u00e9 plastick\u00e9 \u010di um\u011bl\u00e9 hmoty, p\u0159edstavuj\u00ed \u0161irokou \u0161k\u00e1lu syntetick\u00fdch nebo \u010d\u00e1ste\u010dn\u011b syntetick\u00fdch organick\u00fdch slou\u010denin a polymern\u00edch materi\u00e1l\u016f. \u010casto obsahuj\u00ed p\u0159\u00edsady zlep\u0161uj\u00edc\u00ed jejich funk\u010dn\u00ed vlastnosti, nap\u0159\u00edklad&amp;hellip;\">plast\u016f<\/span> a <span class=\"show-tooltip\" title=\"Pry\u017e, zn\u00e1m\u00e1 t\u00e9\u017e jako guma, je elastick\u00fd polymern\u00ed materi\u00e1l, kter\u00fd se z\u00edsk\u00e1v\u00e1 z latexu n\u011bkter\u00fdch rostlin nebo synteticky vyr\u00e1b\u011bn\u00fd.&amp;nbsp;Latexov\u00e1 pry\u017e je p\u0159irozen\u00fd materi\u00e1l z\u00edsk\u00e1van\u00fd z latexu strom\u016f, zejm\u00e9na kau\u010dukovn\u00edk\u016f. Syntetick\u00e1 pry\u017e je vytv\u00e1\u0159ena&amp;hellip;\">gumy<\/span><\/strong>: Efektivn\u00ed pro \u0159ez\u00e1n\u00ed plastov\u00fdch a gumov\u00fdch materi\u00e1l\u016f.<\/div>\n<div><strong>\u0158emesln\u00e9 pr\u00e1ce<\/strong>: Vhodn\u00fd pro detailn\u00ed \u0159ez\u00e1n\u00ed a model\u00e1\u0159sk\u00e9 pr\u00e1ce.<\/div>\n<h3><strong>\u00dadr\u017eba a skladov\u00e1n\u00ed<\/strong><\/h3>\n<div><strong>\u010ci\u0161t\u011bn\u00ed<\/strong>: Po ka\u017ed\u00e9m pou\u017eit\u00ed o\u010dist\u011bte \u010depel such\u00fdm had\u0159\u00edkem.<\/div>\n<div><strong>Skladov\u00e1n\u00ed<\/strong>: Skladujte n\u016f\u017e na such\u00e9m m\u00edst\u011b, mimo dosah d\u011bt\u00ed.<\/div>\n<h3><strong>Technick\u00e1 data<\/strong><\/h3>\n<div><strong>Materi\u00e1l<\/strong>: Ocel SK5<\/div>\n<div><strong>\u0160\u00ed\u0159ka \u010depele<\/strong>: 18 mm<\/div>\n<div><strong>Tlou\u0161\u0165ka \u010depele<\/strong>: 0,5 mm&nbsp;<\/div>\n<h3><strong>Bezpe\u010dnostn\u00ed pokyny<\/strong><\/h3>\n<div><strong>V\u00fdm\u011bna \u010depele<\/strong>: Vym\u011b\u0148ujte \u010depel opatrn\u011b a v\u017edy se ujist\u011bte, \u017ee je pevn\u011b zaji\u0161t\u011bna.<\/div>\n<\/td>\n<\/tr>\n<\/tbody>\n<\/table><\/div>\n","protected":false},"excerpt":{"rendered":"<p>Detailn\u00ed popis produktu SCHULLER EH&#8217;KLAR\u00ae 30553 Odlamovac\u00ed \u010depele FORMOSA RAN SK5, 18\u00d70,5 mm, 10 ks &nbsp; 10 ks n\u00e1hradn\u00edch \u010depel\u00ed s dvojit\u011b brou\u0161en\u00fdm ost\u0159\u00edm v bezpe\u010dnostn\u00edm pouzd\u0159e na blistru k zav\u011b\u0161en\u00ed, kvalita oceli SK5. &nbsp; Pou\u017eit\u00ed \u0158ez\u00e1n\u00ed pap\u00edru a kartonu: Ide\u00e1ln\u00ed pro p\u0159esn\u00e9 \u0159ez\u00e1n\u00ed pap\u00edru, kartonu a dal\u0161\u00edch tenk\u00fdch materi\u00e1l\u016f. \u0158ez\u00e1n\u00ed plast\u016f a gumy: Efektivn\u00ed [&hellip;]<\/p>\n","protected":false},"featured_media":15673,"comment_status":"open","ping_status":"open","template":"","meta":[],"product_brand":[],"product_cat":[52],"product_tag":[],"class_list":{"0":"post-15573","1":"product","2":"type-product","3":"status-publish","4":"has-post-thumbnail","6":"product_cat-naradi","8":"first","9":"instock","10":"sale","11":"shipping-taxable","12":"purchasable","13":"product-type-simple"},"yoast_head":"<!-- This site is optimized with the Yoast SEO plugin v26.8 - https:\/\/yoast.com\/product\/yoast-seo-wordpress\/ -->\n<title>Zna\u010dkov\u00fd SCHULLER EH&#039;KLAR\u00ae Odlamovac\u00ed \u010depele FORMOSA RAN SK5, 18\u00d70,5 mm, 10 ks -<\/title>\n<meta name=\"robots\" content=\"index, follow, max-snippet:-1, max-image-preview:large, max-video-preview:-1\" \/>\n<link rel=\"canonical\" href=\"https:\/\/www.domkraftpro.com\/index.php\/produkt\/znackovy-schuller-eh-klar-r-odlamovaci-cepele-formosa-ran-sk5-18x0-5-mm-10-ks-15573\/\" \/>\n<meta property=\"og:locale\" content=\"cs_CZ\" \/>\n<meta property=\"og:type\" content=\"article\" \/>\n<meta property=\"og:title\" content=\"Zna\u010dkov\u00fd SCHULLER EH&#039;KLAR\u00ae Odlamovac\u00ed \u010depele FORMOSA RAN SK5, 18\u00d70,5 mm, 10 ks -\" \/>\n<meta property=\"og:description\" content=\"Detailn\u00ed popis produktu SCHULLER EH&#8217;KLAR\u00ae 30553 Odlamovac\u00ed \u010depele FORMOSA RAN SK5, 18\u00d70,5 mm, 10 ks &nbsp; 10 ks n\u00e1hradn\u00edch \u010depel\u00ed s dvojit\u011b brou\u0161en\u00fdm ost\u0159\u00edm v bezpe\u010dnostn\u00edm pouzd\u0159e na blistru k zav\u011b\u0161en\u00ed, kvalita oceli SK5. &nbsp; Pou\u017eit\u00ed \u0158ez\u00e1n\u00ed pap\u00edru a kartonu: Ide\u00e1ln\u00ed pro p\u0159esn\u00e9 \u0159ez\u00e1n\u00ed pap\u00edru, kartonu a dal\u0161\u00edch tenk\u00fdch materi\u00e1l\u016f. \u0158ez\u00e1n\u00ed plast\u016f a gumy: Efektivn\u00ed [&hellip;]\" \/>\n<meta property=\"og:url\" content=\"https:\/\/www.domkraftpro.com\/index.php\/produkt\/znackovy-schuller-eh-klar-r-odlamovaci-cepele-formosa-ran-sk5-18x0-5-mm-10-ks-15573\/\" \/>\n<meta property=\"og:image\" content=\"https:\/\/www.domkraftpro.com\/wp-content\/uploads\/2026\/SK0007278-CZ20260425-092522-0-1777080324-116916_schuller-formosa-ran.webp\" \/>\n\t<meta property=\"og:image:width\" content=\"1000\" \/>\n\t<meta property=\"og:image:height\" content=\"750\" \/>\n\t<meta property=\"og:image:type\" content=\"image\/webp\" \/>\n<meta name=\"twitter:card\" content=\"summary_large_image\" \/>\n<meta name=\"twitter:label1\" content=\"Odhadovan\u00e1 doba \u010dten\u00ed\" \/>\n\t<meta name=\"twitter:data1\" content=\"1 minuta\" \/>\n<script type=\"application\/ld+json\" class=\"yoast-schema-graph\">{\"@context\":\"https:\/\/schema.org\",\"@graph\":[{\"@type\":\"WebPage\",\"@id\":\"https:\/\/www.domkraftpro.com\/index.php\/produkt\/znackovy-schuller-eh-klar-r-odlamovaci-cepele-formosa-ran-sk5-18x0-5-mm-10-ks-15573\/\",\"url\":\"https:\/\/www.domkraftpro.com\/index.php\/produkt\/znackovy-schuller-eh-klar-r-odlamovaci-cepele-formosa-ran-sk5-18x0-5-mm-10-ks-15573\/\",\"name\":\"Zna\u010dkov\u00fd SCHULLER EH'KLAR\u00ae Odlamovac\u00ed \u010depele FORMOSA RAN SK5, 18\u00d70,5 mm, 10 ks -\",\"isPartOf\":{\"@id\":\"https:\/\/www.domkraftpro.com\/#website\"},\"primaryImageOfPage\":{\"@id\":\"https:\/\/www.domkraftpro.com\/index.php\/produkt\/znackovy-schuller-eh-klar-r-odlamovaci-cepele-formosa-ran-sk5-18x0-5-mm-10-ks-15573\/#primaryimage\"},\"image\":{\"@id\":\"https:\/\/www.domkraftpro.com\/index.php\/produkt\/znackovy-schuller-eh-klar-r-odlamovaci-cepele-formosa-ran-sk5-18x0-5-mm-10-ks-15573\/#primaryimage\"},\"thumbnailUrl\":\"https:\/\/www.domkraftpro.com\/wp-content\/uploads\/2026\/SK0007278-CZ20260425-092522-0-1777080324-116916_schuller-formosa-ran.webp\",\"datePublished\":\"2026-04-27T04:41:01+00:00\",\"breadcrumb\":{\"@id\":\"https:\/\/www.domkraftpro.com\/index.php\/produkt\/znackovy-schuller-eh-klar-r-odlamovaci-cepele-formosa-ran-sk5-18x0-5-mm-10-ks-15573\/#breadcrumb\"},\"inLanguage\":\"cs\",\"potentialAction\":[{\"@type\":\"ReadAction\",\"target\":[\"https:\/\/www.domkraftpro.com\/index.php\/produkt\/znackovy-schuller-eh-klar-r-odlamovaci-cepele-formosa-ran-sk5-18x0-5-mm-10-ks-15573\/\"]}]},{\"@type\":\"ImageObject\",\"inLanguage\":\"cs\",\"@id\":\"https:\/\/www.domkraftpro.com\/index.php\/produkt\/znackovy-schuller-eh-klar-r-odlamovaci-cepele-formosa-ran-sk5-18x0-5-mm-10-ks-15573\/#primaryimage\",\"url\":\"https:\/\/www.domkraftpro.com\/wp-content\/uploads\/2026\/SK0007278-CZ20260425-092522-0-1777080324-116916_schuller-formosa-ran.webp\",\"contentUrl\":\"https:\/\/www.domkraftpro.com\/wp-content\/uploads\/2026\/SK0007278-CZ20260425-092522-0-1777080324-116916_schuller-formosa-ran.webp\",\"width\":1000,\"height\":750},{\"@type\":\"BreadcrumbList\",\"@id\":\"https:\/\/www.domkraftpro.com\/index.php\/produkt\/znackovy-schuller-eh-klar-r-odlamovaci-cepele-formosa-ran-sk5-18x0-5-mm-10-ks-15573\/#breadcrumb\",\"itemListElement\":[{\"@type\":\"ListItem\",\"position\":1,\"name\":\"Home\",\"item\":\"https:\/\/www.domkraftpro.com\/\"},{\"@type\":\"ListItem\",\"position\":2,\"name\":\"Products\",\"item\":\"https:\/\/www.domkraftpro.com\/index.php\/products\/\"},{\"@type\":\"ListItem\",\"position\":3,\"name\":\"Zna\u010dkov\u00fd SCHULLER EH&#8217;KLAR\u00ae Odlamovac\u00ed \u010depele FORMOSA RAN SK5, 18\u00d70,5 mm, 10 ks\"}]},{\"@type\":\"WebSite\",\"@id\":\"https:\/\/www.domkraftpro.com\/#website\",\"url\":\"https:\/\/www.domkraftpro.com\/\",\"name\":\"\",\"description\":\"\",\"potentialAction\":[{\"@type\":\"SearchAction\",\"target\":{\"@type\":\"EntryPoint\",\"urlTemplate\":\"https:\/\/www.domkraftpro.com\/?s={search_term_string}\"},\"query-input\":{\"@type\":\"PropertyValueSpecification\",\"valueRequired\":true,\"valueName\":\"search_term_string\"}}],\"inLanguage\":\"cs\"}]}<\/script>\n<!-- \/ Yoast SEO plugin. -->","yoast_head_json":{"title":"Zna\u010dkov\u00fd SCHULLER EH'KLAR\u00ae Odlamovac\u00ed \u010depele FORMOSA RAN SK5, 18\u00d70,5 mm, 10 ks -","robots":{"index":"index","follow":"follow","max-snippet":"max-snippet:-1","max-image-preview":"max-image-preview:large","max-video-preview":"max-video-preview:-1"},"canonical":"https:\/\/www.domkraftpro.com\/index.php\/produkt\/znackovy-schuller-eh-klar-r-odlamovaci-cepele-formosa-ran-sk5-18x0-5-mm-10-ks-15573\/","og_locale":"cs_CZ","og_type":"article","og_title":"Zna\u010dkov\u00fd SCHULLER EH'KLAR\u00ae Odlamovac\u00ed \u010depele FORMOSA RAN SK5, 18\u00d70,5 mm, 10 ks -","og_description":"Detailn\u00ed popis produktu SCHULLER EH&#8217;KLAR\u00ae 30553 Odlamovac\u00ed \u010depele FORMOSA RAN SK5, 18\u00d70,5 mm, 10 ks &nbsp; 10 ks n\u00e1hradn\u00edch \u010depel\u00ed s dvojit\u011b brou\u0161en\u00fdm ost\u0159\u00edm v bezpe\u010dnostn\u00edm pouzd\u0159e na blistru k zav\u011b\u0161en\u00ed, kvalita oceli SK5. &nbsp; Pou\u017eit\u00ed \u0158ez\u00e1n\u00ed pap\u00edru a kartonu: Ide\u00e1ln\u00ed pro p\u0159esn\u00e9 \u0159ez\u00e1n\u00ed pap\u00edru, kartonu a dal\u0161\u00edch tenk\u00fdch materi\u00e1l\u016f. \u0158ez\u00e1n\u00ed plast\u016f a gumy: Efektivn\u00ed [&hellip;]","og_url":"https:\/\/www.domkraftpro.com\/index.php\/produkt\/znackovy-schuller-eh-klar-r-odlamovaci-cepele-formosa-ran-sk5-18x0-5-mm-10-ks-15573\/","og_image":[{"width":1000,"height":750,"url":"https:\/\/www.domkraftpro.com\/wp-content\/uploads\/2026\/SK0007278-CZ20260425-092522-0-1777080324-116916_schuller-formosa-ran.webp","type":"image\/webp"}],"twitter_card":"summary_large_image","twitter_misc":{"Odhadovan\u00e1 doba \u010dten\u00ed":"1 minuta"},"schema":{"@context":"https:\/\/schema.org","@graph":[{"@type":"WebPage","@id":"https:\/\/www.domkraftpro.com\/index.php\/produkt\/znackovy-schuller-eh-klar-r-odlamovaci-cepele-formosa-ran-sk5-18x0-5-mm-10-ks-15573\/","url":"https:\/\/www.domkraftpro.com\/index.php\/produkt\/znackovy-schuller-eh-klar-r-odlamovaci-cepele-formosa-ran-sk5-18x0-5-mm-10-ks-15573\/","name":"Zna\u010dkov\u00fd SCHULLER EH'KLAR\u00ae Odlamovac\u00ed \u010depele FORMOSA RAN SK5, 18\u00d70,5 mm, 10 ks -","isPartOf":{"@id":"https:\/\/www.domkraftpro.com\/#website"},"primaryImageOfPage":{"@id":"https:\/\/www.domkraftpro.com\/index.php\/produkt\/znackovy-schuller-eh-klar-r-odlamovaci-cepele-formosa-ran-sk5-18x0-5-mm-10-ks-15573\/#primaryimage"},"image":{"@id":"https:\/\/www.domkraftpro.com\/index.php\/produkt\/znackovy-schuller-eh-klar-r-odlamovaci-cepele-formosa-ran-sk5-18x0-5-mm-10-ks-15573\/#primaryimage"},"thumbnailUrl":"https:\/\/www.domkraftpro.com\/wp-content\/uploads\/2026\/SK0007278-CZ20260425-092522-0-1777080324-116916_schuller-formosa-ran.webp","datePublished":"2026-04-27T04:41:01+00:00","breadcrumb":{"@id":"https:\/\/www.domkraftpro.com\/index.php\/produkt\/znackovy-schuller-eh-klar-r-odlamovaci-cepele-formosa-ran-sk5-18x0-5-mm-10-ks-15573\/#breadcrumb"},"inLanguage":"cs","potentialAction":[{"@type":"ReadAction","target":["https:\/\/www.domkraftpro.com\/index.php\/produkt\/znackovy-schuller-eh-klar-r-odlamovaci-cepele-formosa-ran-sk5-18x0-5-mm-10-ks-15573\/"]}]},{"@type":"ImageObject","inLanguage":"cs","@id":"https:\/\/www.domkraftpro.com\/index.php\/produkt\/znackovy-schuller-eh-klar-r-odlamovaci-cepele-formosa-ran-sk5-18x0-5-mm-10-ks-15573\/#primaryimage","url":"https:\/\/www.domkraftpro.com\/wp-content\/uploads\/2026\/SK0007278-CZ20260425-092522-0-1777080324-116916_schuller-formosa-ran.webp","contentUrl":"https:\/\/www.domkraftpro.com\/wp-content\/uploads\/2026\/SK0007278-CZ20260425-092522-0-1777080324-116916_schuller-formosa-ran.webp","width":1000,"height":750},{"@type":"BreadcrumbList","@id":"https:\/\/www.domkraftpro.com\/index.php\/produkt\/znackovy-schuller-eh-klar-r-odlamovaci-cepele-formosa-ran-sk5-18x0-5-mm-10-ks-15573\/#breadcrumb","itemListElement":[{"@type":"ListItem","position":1,"name":"Home","item":"https:\/\/www.domkraftpro.com\/"},{"@type":"ListItem","position":2,"name":"Products","item":"https:\/\/www.domkraftpro.com\/index.php\/products\/"},{"@type":"ListItem","position":3,"name":"Zna\u010dkov\u00fd SCHULLER EH&#8217;KLAR\u00ae Odlamovac\u00ed \u010depele FORMOSA RAN SK5, 18\u00d70,5 mm, 10 ks"}]},{"@type":"WebSite","@id":"https:\/\/www.domkraftpro.com\/#website","url":"https:\/\/www.domkraftpro.com\/","name":"","description":"","potentialAction":[{"@type":"SearchAction","target":{"@type":"EntryPoint","urlTemplate":"https:\/\/www.domkraftpro.com\/?s={search_term_string}"},"query-input":{"@type":"PropertyValueSpecification","valueRequired":true,"valueName":"search_term_string"}}],"inLanguage":"cs"}]}},"_links":{"self":[{"href":"https:\/\/www.domkraftpro.com\/index.php\/wp-json\/wp\/v2\/product\/15573","targetHints":{"allow":["GET"]}}],"collection":[{"href":"https:\/\/www.domkraftpro.com\/index.php\/wp-json\/wp\/v2\/product"}],"about":[{"href":"https:\/\/www.domkraftpro.com\/index.php\/wp-json\/wp\/v2\/types\/product"}],"replies":[{"embeddable":true,"href":"https:\/\/www.domkraftpro.com\/index.php\/wp-json\/wp\/v2\/comments?post=15573"}],"wp:featuredmedia":[{"embeddable":true,"href":"https:\/\/www.domkraftpro.com\/index.php\/wp-json\/wp\/v2\/media\/15673"}],"wp:attachment":[{"href":"https:\/\/www.domkraftpro.com\/index.php\/wp-json\/wp\/v2\/media?parent=15573"}],"wp:term":[{"taxonomy":"product_brand","embeddable":true,"href":"https:\/\/www.domkraftpro.com\/index.php\/wp-json\/wp\/v2\/product_brand?post=15573"},{"taxonomy":"product_cat","embeddable":true,"href":"https:\/\/www.domkraftpro.com\/index.php\/wp-json\/wp\/v2\/product_cat?post=15573"},{"taxonomy":"product_tag","embeddable":true,"href":"https:\/\/www.domkraftpro.com\/index.php\/wp-json\/wp\/v2\/product_tag?post=15573"}],"curies":[{"name":"wp","href":"https:\/\/api.w.org\/{rel}","templated":true}]}}