{"id":15569,"date":"2026-04-27T04:41:01","date_gmt":"2026-04-27T04:41:01","guid":{"rendered":""},"modified":"2026-04-27T04:41:01","modified_gmt":"2026-04-27T04:41:01","slug":"schullermed-r-rukavice-latex-pp-jednorazove-pudrovane-100-ks-vysoce-kvalitni-15569","status":"publish","type":"product","link":"https:\/\/www.domkraftpro.com\/index.php\/produkt\/schullermed-r-rukavice-latex-pp-jednorazove-pudrovane-100-ks-vysoce-kvalitni-15569\/","title":{"rendered":"SchullerMED\u00ae Rukavice LATEX PP jednor\u00e1zov\u00e9, pudrovan\u00e9, 100 ks Vysoce Kvalitn\u00ed"},"content":{"rendered":"<div class=\"basic-description\">\n<h3>Detailn\u00ed popis produktu<\/h3>\n<table height=\"14\" style=\"width: 850px;\">\n<tbody>\n<tr>\n<td style=\"width: 709.875px;\">\n<h1><strong>SchullerMed\u00ae&nbsp;<\/strong><\/h1>\n<h1><strong>Rukavice MEDSTAR <span class=\"show-tooltip\" title=\"Kau\u010duk&amp;nbsp;je&amp;nbsp;polymern\u00ed materi\u00e1l&amp;nbsp;p\u0159\u00edrodn\u00edho nebo syntetick\u00e9ho p\u016fvodu, vyzna\u010duj\u00edc\u00ed se velkou&amp;nbsp;pru\u017enost\u00ed, tedy schopnost\u00ed se \u00fa\u010dinkem vn\u011bj\u0161\u00ed s\u00edly v\u00fdrazn\u011b deformovat a pot\u00e9 op\u011bt zaujmout p\u016fvodn\u00ed tvar. Je to tedy tzv.&amp;nbsp;elastomer.&amp;hellip;\">LATEX<\/span> PP<span style=\"font-size: 16pt;\"> jednor\u00e1zov\u00e9, pudrovan\u00e9, 100 ks<\/span><\/strong><\/h1>\n<\/td>\n<td style=\"width: 138.125px;\"><\/td>\n<\/tr>\n<\/tbody>\n<\/table>\n<table width=\"850\" height=\"48\">\n<tbody>\n<tr>\n<td style=\"width: 849px;\">\n<div>&nbsp;<\/div>\n<div><span style=\"font-size: 12pt;\"><strong>Rukavice <span class=\"show-tooltip\" title=\"Latex p\u0159edstavuje b\u011blou\u010dkou tekutinu, kter\u00e1 se tvo\u0159\u00ed v ml\u00e9\u010dnic\u00edch n\u011bkter\u00fdch rostlin, v\u010detn\u011b kau\u010dukovn\u00edk\u016f.&amp;nbsp;\u058d Latex je produkov\u00e1n v\u00edce ne\u017e 20 000 rostlinn\u00fdmi druhy z v\u00edce ne\u017e 40 \u010deled\u00ed, v\u010detn\u011b jehli\u010dnan\u016f a kapradin. \u058d Na vzduchu doch\u00e1z\u00ed k&amp;hellip;\">LATEX<\/span> PP jsou ide\u00e1ln\u00ed volbou pro pou\u017eit\u00ed v potravin\u00e1\u0159stv\u00ed a pr\u016fmyslov\u00fdch aplikac\u00edch d\u00edky sv\u00e9 vysok\u00e9 odolnosti proti od\u011bru a snadn\u00e9mu nasazov\u00e1n\u00ed.<\/strong><\/span><\/div>\n<div>&nbsp;<\/div>\n<div><span style=\"font-size: 12pt;\"><strong><\/strong><\/span><\/div>\n<div>&nbsp;<\/div>\n<div><strong>Jednor\u00e1zov\u00e9 pou\u017eit\u00ed<\/strong>: Rukavice jsou navr\u017eeny pro jednor\u00e1zov\u00e9 pou\u017eit\u00ed, co\u017e zaji\u0161\u0165uje hygienu a \u010distotu p\u0159i pr\u00e1ci.<\/div>\n<div><strong>Latexov\u00fd materi\u00e1l<\/strong>: Vysoce odoln\u00fd proti od\u011bru, ide\u00e1ln\u00ed pro r\u016fzn\u00e9 aplikace, v\u010detn\u011b potravin\u00e1\u0159stv\u00ed.<\/div>\n<div><strong>Univerz\u00e1ln\u00ed tvar<\/strong>: Pravolev\u00e9, vhodn\u00e9 pro pou\u017eit\u00ed na ob\u011b ruce, co\u017e zvy\u0161uje prakti\u010dnost.<\/div>\n<div><strong>Nesteriln\u00ed<\/strong>: P\u0159izp\u016fsobeny pro b\u011b\u017en\u00e9 pou\u017eit\u00ed, kde nen\u00ed vy\u017eadov\u00e1na sterilita.<\/div>\n<h3><strong>Pou\u017eit\u00ed<\/strong><\/h3>\n<div><strong>Potravin\u00e1\u0159stv\u00ed<\/strong>: Ide\u00e1ln\u00ed pro manipulaci s potravinami, p\u0159\u00edpravu j\u00eddel a dal\u0161\u00ed potravin\u00e1\u0159sk\u00e9 \u010dinnosti.<\/div>\n<div><strong>Dom\u00e1c\u00ed pr\u00e1ce<\/strong>: Skv\u011bl\u00e9 pro \u00faklid, zahradni\u010den\u00ed a dal\u0161\u00ed dom\u00e1c\u00ed \u010dinnosti.<\/div>\n<div><strong>Pr\u016fmyslov\u00e9 aplikace<\/strong>: Vhodn\u00e9 pro lehk\u00e9 pr\u016fmyslov\u00e9 a v\u00fdrobn\u00ed pr\u00e1ce, kde je pot\u0159eba ochrana rukou p\u0159ed zne\u010di\u0161t\u011bn\u00edm.<\/div>\n<h4><strong>Technick\u00e1 data<\/strong><\/h4>\n<div><strong>Materi\u00e1l<\/strong>: Latex<\/div>\n<div><strong>Po\u010det kus\u016f v balen\u00ed<\/strong>: 100 ks<\/div>\n<div><strong>Nesteriln\u00ed<\/strong>: Vhodn\u00e9 pro b\u011b\u017en\u00e9 pou\u017eit\u00ed<\/div>\n<div><strong>Pravolev\u00e9<\/strong>: Univerz\u00e1ln\u00ed tvar pro ob\u011b ruce<\/div>\n<div>&nbsp;<\/div>\n<div>\n<div><strong>Kategorie ochrany<\/strong>: <span class=\"show-tooltip\" title=\"Norma EN 374 se t\u00fdk\u00e1 ochrann\u00fdch rukavic ur\u010den\u00fdch k ochran\u011b proti chemik\u00e1li\u00edm a mikroorganism\u016fm. Tato norma specifikuje po\u017eadavky na fyzik\u00e1ln\u00ed vlastnosti, v\u00fdkonnostn\u00ed po\u017eadavky a metody zkou\u0161en\u00ed pro rukavice, kter\u00e9 jsou navr\u017eeny tak, aby chr\u00e1nily&amp;hellip;\">EN 374<\/span>:KTS&nbsp;t\u0159\u00edda 3<\/div>\n<div>\n<div><strong>Odolnost proti chemik\u00e1li\u00edm<\/strong><\/div>\n<div><strong>Odolnost proti pros\u00e1knut\u00ed<\/strong><\/div>\n<div><strong>Odolnost proti mikroorganism\u016fm<\/strong><\/div>\n<div><strong>Odolnost rukavice proti penetraci <span class=\"show-tooltip\" title=\"Hydroxidy jsou chemick\u00e9 slou\u010deniny, kter\u00e9 obsahuj\u00ed ionty hydroxidov\u00e9ho aniontu (OH-) v\u00e1zan\u00e9ho na kationty kov\u016f nebo jin\u00fdch kladn\u011b nabit\u00fdch iont\u016f. Tato skupina slou\u010denin je charakterizov\u00e1na z\u00e1sadit\u00fdmi vlastnostmi.&amp;nbsp;Zde jsou n\u011bkter\u00e9 p\u0159\u00edklady&amp;hellip;\">hydroxidu<\/span> sodn\u00e9ho NaOH do <span class=\"show-tooltip\" title=\"Koncentrace se v obecn\u00e9m smyslu vztahuje k mno\u017estv\u00ed jedn\u00e9 l\u00e1tky obsa\u017een\u00e9 v dan\u00e9m objemu nebo hmotnosti jin\u00e9 l\u00e1tky nebo sm\u011bsi.Tento term\u00edn se pou\u017e\u00edv\u00e1 v r\u016fzn\u00fdch kontextech v\u010detn\u011b chemie, fyziky, biologie, l\u00e9ka\u0159stv\u00ed, pr\u016fmyslu a dal\u0161\u00edch&amp;hellip;\">koncentrace<\/span> 40%<\/strong><\/div>\n<div><strong>Odolnost rukavice proti penetraci <span class=\"show-tooltip\" title=\"Kyselina je chemick\u00e1 slou\u010denina, kter\u00e1 je charakterizov\u00e1na p\u0159\u00edtomnost\u00ed jednoho nebo v\u00edce vod\u00edkov\u00fdch iont\u016f (H+) v molekule. Kyseliny se obvykle ozna\u010duj\u00ed podle sv\u00fdch z\u00e1kladn\u00edch prvk\u016f a mohou m\u00edt r\u016fzn\u00e9 vlastnosti v z\u00e1vislosti na jejich slo\u017een\u00ed a&amp;hellip;\">kyseliny<\/span> fluorovod\u00edkov\u00e9 HF do koncentrace 40%<\/strong><\/div>\n<div><strong>Odolnost rukavice proti penetraci&nbsp;formaldehydu do koncentrace 37%<\/strong><\/div>\n<\/div>\n<\/div>\n<h3>Bezpe\u010dnostn\u00ed pokyny<\/h3>\n<div><strong>Nepou\u017e\u00edvejte po\u0161kozen\u00e9 rukavice<\/strong>: P\u0159ed ka\u017ed\u00fdm pou\u017eit\u00edm zkontrolujte, zda rukavice nejsou po\u0161kozen\u00e9.<\/div>\n<div><strong>Spr\u00e1vn\u00e1 likvidace<\/strong>: Pou\u017eit\u00e9 rukavice likvidujte podle m\u00edstn\u00edch p\u0159edpis\u016f.<\/div>\n<div><strong>Ochrana p\u0159ed chemik\u00e1liemi<\/strong>: Nepou\u017e\u00edvejte rukavice p\u0159i manipulaci s agresivn\u00edmi chemik\u00e1liemi.<\/div>\n<\/td>\n<\/tr>\n<\/tbody>\n<\/table>\n<div id=\"hzViewer\" style=\"background: none; line-height: 0px; overflow: hidden; padding: 10px 5px; position: absolute; z-index: 2147483647; visibility: visible; opacity: 1; top: 5px; left: 377px; width: auto; height: auto; cursor: pointer; pointer-events: none; display: none;\">&nbsp;<\/div>\n<\/p><\/div>\n","protected":false},"excerpt":{"rendered":"<p>Detailn\u00ed popis produktu SchullerMed\u00ae&nbsp; Rukavice MEDSTAR LATEX PP jednor\u00e1zov\u00e9, pudrovan\u00e9, 100 ks &nbsp; Rukavice LATEX PP jsou ide\u00e1ln\u00ed volbou pro pou\u017eit\u00ed v potravin\u00e1\u0159stv\u00ed a pr\u016fmyslov\u00fdch aplikac\u00edch d\u00edky sv\u00e9 vysok\u00e9 odolnosti proti od\u011bru a snadn\u00e9mu nasazov\u00e1n\u00ed. &nbsp; &nbsp; Jednor\u00e1zov\u00e9 pou\u017eit\u00ed: Rukavice jsou navr\u017eeny pro jednor\u00e1zov\u00e9 pou\u017eit\u00ed, co\u017e zaji\u0161\u0165uje hygienu a \u010distotu p\u0159i pr\u00e1ci. Latexov\u00fd materi\u00e1l: Vysoce [&hellip;]<\/p>\n","protected":false},"featured_media":15669,"comment_status":"open","ping_status":"open","template":"","meta":[],"product_brand":[],"product_cat":[59],"product_tag":[],"class_list":{"0":"post-15569","1":"product","2":"type-product","3":"status-publish","4":"has-post-thumbnail","6":"product_cat-ochranne-pomucky","8":"first","9":"instock","10":"sale","11":"shipping-taxable","12":"purchasable","13":"product-type-simple"},"yoast_head":"<!-- This site is optimized with the Yoast SEO plugin v26.8 - https:\/\/yoast.com\/product\/yoast-seo-wordpress\/ -->\n<title>SchullerMED\u00ae Rukavice LATEX PP jednor\u00e1zov\u00e9, pudrovan\u00e9, 100 ks Vysoce Kvalitn\u00ed -<\/title>\n<meta name=\"robots\" content=\"index, follow, max-snippet:-1, max-image-preview:large, max-video-preview:-1\" \/>\n<link rel=\"canonical\" href=\"https:\/\/www.domkraftpro.com\/index.php\/produkt\/schullermed-r-rukavice-latex-pp-jednorazove-pudrovane-100-ks-vysoce-kvalitni-15569\/\" \/>\n<meta property=\"og:locale\" content=\"cs_CZ\" \/>\n<meta property=\"og:type\" content=\"article\" \/>\n<meta property=\"og:title\" content=\"SchullerMED\u00ae Rukavice LATEX PP jednor\u00e1zov\u00e9, pudrovan\u00e9, 100 ks Vysoce Kvalitn\u00ed -\" \/>\n<meta property=\"og:description\" content=\"Detailn\u00ed popis produktu SchullerMed\u00ae&nbsp; Rukavice MEDSTAR LATEX PP jednor\u00e1zov\u00e9, pudrovan\u00e9, 100 ks &nbsp; Rukavice LATEX PP jsou ide\u00e1ln\u00ed volbou pro pou\u017eit\u00ed v potravin\u00e1\u0159stv\u00ed a pr\u016fmyslov\u00fdch aplikac\u00edch d\u00edky sv\u00e9 vysok\u00e9 odolnosti proti od\u011bru a snadn\u00e9mu nasazov\u00e1n\u00ed. &nbsp; &nbsp; Jednor\u00e1zov\u00e9 pou\u017eit\u00ed: Rukavice jsou navr\u017eeny pro jednor\u00e1zov\u00e9 pou\u017eit\u00ed, co\u017e zaji\u0161\u0165uje hygienu a \u010distotu p\u0159i pr\u00e1ci. Latexov\u00fd materi\u00e1l: Vysoce [&hellip;]\" \/>\n<meta property=\"og:url\" content=\"https:\/\/www.domkraftpro.com\/index.php\/produkt\/schullermed-r-rukavice-latex-pp-jednorazove-pudrovane-100-ks-vysoce-kvalitni-15569\/\" \/>\n<meta property=\"og:image\" content=\"https:\/\/www.domkraftpro.com\/wp-content\/uploads\/2026\/SK0007274-CZ20260425-092522-0-1777080324-116904_schullermed-rukavice.webp\" \/>\n\t<meta property=\"og:image:width\" content=\"1000\" \/>\n\t<meta property=\"og:image:height\" content=\"750\" \/>\n\t<meta property=\"og:image:type\" content=\"image\/webp\" \/>\n<meta name=\"twitter:card\" content=\"summary_large_image\" \/>\n<meta name=\"twitter:label1\" content=\"Odhadovan\u00e1 doba \u010dten\u00ed\" \/>\n\t<meta name=\"twitter:data1\" content=\"2 minuty\" \/>\n<script type=\"application\/ld+json\" class=\"yoast-schema-graph\">{\"@context\":\"https:\/\/schema.org\",\"@graph\":[{\"@type\":\"WebPage\",\"@id\":\"https:\/\/www.domkraftpro.com\/index.php\/produkt\/schullermed-r-rukavice-latex-pp-jednorazove-pudrovane-100-ks-vysoce-kvalitni-15569\/\",\"url\":\"https:\/\/www.domkraftpro.com\/index.php\/produkt\/schullermed-r-rukavice-latex-pp-jednorazove-pudrovane-100-ks-vysoce-kvalitni-15569\/\",\"name\":\"SchullerMED\u00ae Rukavice LATEX PP jednor\u00e1zov\u00e9, pudrovan\u00e9, 100 ks Vysoce Kvalitn\u00ed -\",\"isPartOf\":{\"@id\":\"https:\/\/www.domkraftpro.com\/#website\"},\"primaryImageOfPage\":{\"@id\":\"https:\/\/www.domkraftpro.com\/index.php\/produkt\/schullermed-r-rukavice-latex-pp-jednorazove-pudrovane-100-ks-vysoce-kvalitni-15569\/#primaryimage\"},\"image\":{\"@id\":\"https:\/\/www.domkraftpro.com\/index.php\/produkt\/schullermed-r-rukavice-latex-pp-jednorazove-pudrovane-100-ks-vysoce-kvalitni-15569\/#primaryimage\"},\"thumbnailUrl\":\"https:\/\/www.domkraftpro.com\/wp-content\/uploads\/2026\/SK0007274-CZ20260425-092522-0-1777080324-116904_schullermed-rukavice.webp\",\"datePublished\":\"2026-04-27T04:41:01+00:00\",\"breadcrumb\":{\"@id\":\"https:\/\/www.domkraftpro.com\/index.php\/produkt\/schullermed-r-rukavice-latex-pp-jednorazove-pudrovane-100-ks-vysoce-kvalitni-15569\/#breadcrumb\"},\"inLanguage\":\"cs\",\"potentialAction\":[{\"@type\":\"ReadAction\",\"target\":[\"https:\/\/www.domkraftpro.com\/index.php\/produkt\/schullermed-r-rukavice-latex-pp-jednorazove-pudrovane-100-ks-vysoce-kvalitni-15569\/\"]}]},{\"@type\":\"ImageObject\",\"inLanguage\":\"cs\",\"@id\":\"https:\/\/www.domkraftpro.com\/index.php\/produkt\/schullermed-r-rukavice-latex-pp-jednorazove-pudrovane-100-ks-vysoce-kvalitni-15569\/#primaryimage\",\"url\":\"https:\/\/www.domkraftpro.com\/wp-content\/uploads\/2026\/SK0007274-CZ20260425-092522-0-1777080324-116904_schullermed-rukavice.webp\",\"contentUrl\":\"https:\/\/www.domkraftpro.com\/wp-content\/uploads\/2026\/SK0007274-CZ20260425-092522-0-1777080324-116904_schullermed-rukavice.webp\",\"width\":1000,\"height\":750},{\"@type\":\"BreadcrumbList\",\"@id\":\"https:\/\/www.domkraftpro.com\/index.php\/produkt\/schullermed-r-rukavice-latex-pp-jednorazove-pudrovane-100-ks-vysoce-kvalitni-15569\/#breadcrumb\",\"itemListElement\":[{\"@type\":\"ListItem\",\"position\":1,\"name\":\"Home\",\"item\":\"https:\/\/www.domkraftpro.com\/\"},{\"@type\":\"ListItem\",\"position\":2,\"name\":\"Products\",\"item\":\"https:\/\/www.domkraftpro.com\/index.php\/products\/\"},{\"@type\":\"ListItem\",\"position\":3,\"name\":\"SchullerMED\u00ae Rukavice LATEX PP jednor\u00e1zov\u00e9, pudrovan\u00e9, 100 ks Vysoce Kvalitn\u00ed\"}]},{\"@type\":\"WebSite\",\"@id\":\"https:\/\/www.domkraftpro.com\/#website\",\"url\":\"https:\/\/www.domkraftpro.com\/\",\"name\":\"\",\"description\":\"\",\"potentialAction\":[{\"@type\":\"SearchAction\",\"target\":{\"@type\":\"EntryPoint\",\"urlTemplate\":\"https:\/\/www.domkraftpro.com\/?s={search_term_string}\"},\"query-input\":{\"@type\":\"PropertyValueSpecification\",\"valueRequired\":true,\"valueName\":\"search_term_string\"}}],\"inLanguage\":\"cs\"}]}<\/script>\n<!-- \/ Yoast SEO plugin. -->","yoast_head_json":{"title":"SchullerMED\u00ae Rukavice LATEX PP jednor\u00e1zov\u00e9, pudrovan\u00e9, 100 ks Vysoce Kvalitn\u00ed -","robots":{"index":"index","follow":"follow","max-snippet":"max-snippet:-1","max-image-preview":"max-image-preview:large","max-video-preview":"max-video-preview:-1"},"canonical":"https:\/\/www.domkraftpro.com\/index.php\/produkt\/schullermed-r-rukavice-latex-pp-jednorazove-pudrovane-100-ks-vysoce-kvalitni-15569\/","og_locale":"cs_CZ","og_type":"article","og_title":"SchullerMED\u00ae Rukavice LATEX PP jednor\u00e1zov\u00e9, pudrovan\u00e9, 100 ks Vysoce Kvalitn\u00ed -","og_description":"Detailn\u00ed popis produktu SchullerMed\u00ae&nbsp; Rukavice MEDSTAR LATEX PP jednor\u00e1zov\u00e9, pudrovan\u00e9, 100 ks &nbsp; Rukavice LATEX PP jsou ide\u00e1ln\u00ed volbou pro pou\u017eit\u00ed v potravin\u00e1\u0159stv\u00ed a pr\u016fmyslov\u00fdch aplikac\u00edch d\u00edky sv\u00e9 vysok\u00e9 odolnosti proti od\u011bru a snadn\u00e9mu nasazov\u00e1n\u00ed. &nbsp; &nbsp; Jednor\u00e1zov\u00e9 pou\u017eit\u00ed: Rukavice jsou navr\u017eeny pro jednor\u00e1zov\u00e9 pou\u017eit\u00ed, co\u017e zaji\u0161\u0165uje hygienu a \u010distotu p\u0159i pr\u00e1ci. Latexov\u00fd materi\u00e1l: Vysoce [&hellip;]","og_url":"https:\/\/www.domkraftpro.com\/index.php\/produkt\/schullermed-r-rukavice-latex-pp-jednorazove-pudrovane-100-ks-vysoce-kvalitni-15569\/","og_image":[{"width":1000,"height":750,"url":"https:\/\/www.domkraftpro.com\/wp-content\/uploads\/2026\/SK0007274-CZ20260425-092522-0-1777080324-116904_schullermed-rukavice.webp","type":"image\/webp"}],"twitter_card":"summary_large_image","twitter_misc":{"Odhadovan\u00e1 doba \u010dten\u00ed":"2 minuty"},"schema":{"@context":"https:\/\/schema.org","@graph":[{"@type":"WebPage","@id":"https:\/\/www.domkraftpro.com\/index.php\/produkt\/schullermed-r-rukavice-latex-pp-jednorazove-pudrovane-100-ks-vysoce-kvalitni-15569\/","url":"https:\/\/www.domkraftpro.com\/index.php\/produkt\/schullermed-r-rukavice-latex-pp-jednorazove-pudrovane-100-ks-vysoce-kvalitni-15569\/","name":"SchullerMED\u00ae Rukavice LATEX PP jednor\u00e1zov\u00e9, pudrovan\u00e9, 100 ks Vysoce Kvalitn\u00ed -","isPartOf":{"@id":"https:\/\/www.domkraftpro.com\/#website"},"primaryImageOfPage":{"@id":"https:\/\/www.domkraftpro.com\/index.php\/produkt\/schullermed-r-rukavice-latex-pp-jednorazove-pudrovane-100-ks-vysoce-kvalitni-15569\/#primaryimage"},"image":{"@id":"https:\/\/www.domkraftpro.com\/index.php\/produkt\/schullermed-r-rukavice-latex-pp-jednorazove-pudrovane-100-ks-vysoce-kvalitni-15569\/#primaryimage"},"thumbnailUrl":"https:\/\/www.domkraftpro.com\/wp-content\/uploads\/2026\/SK0007274-CZ20260425-092522-0-1777080324-116904_schullermed-rukavice.webp","datePublished":"2026-04-27T04:41:01+00:00","breadcrumb":{"@id":"https:\/\/www.domkraftpro.com\/index.php\/produkt\/schullermed-r-rukavice-latex-pp-jednorazove-pudrovane-100-ks-vysoce-kvalitni-15569\/#breadcrumb"},"inLanguage":"cs","potentialAction":[{"@type":"ReadAction","target":["https:\/\/www.domkraftpro.com\/index.php\/produkt\/schullermed-r-rukavice-latex-pp-jednorazove-pudrovane-100-ks-vysoce-kvalitni-15569\/"]}]},{"@type":"ImageObject","inLanguage":"cs","@id":"https:\/\/www.domkraftpro.com\/index.php\/produkt\/schullermed-r-rukavice-latex-pp-jednorazove-pudrovane-100-ks-vysoce-kvalitni-15569\/#primaryimage","url":"https:\/\/www.domkraftpro.com\/wp-content\/uploads\/2026\/SK0007274-CZ20260425-092522-0-1777080324-116904_schullermed-rukavice.webp","contentUrl":"https:\/\/www.domkraftpro.com\/wp-content\/uploads\/2026\/SK0007274-CZ20260425-092522-0-1777080324-116904_schullermed-rukavice.webp","width":1000,"height":750},{"@type":"BreadcrumbList","@id":"https:\/\/www.domkraftpro.com\/index.php\/produkt\/schullermed-r-rukavice-latex-pp-jednorazove-pudrovane-100-ks-vysoce-kvalitni-15569\/#breadcrumb","itemListElement":[{"@type":"ListItem","position":1,"name":"Home","item":"https:\/\/www.domkraftpro.com\/"},{"@type":"ListItem","position":2,"name":"Products","item":"https:\/\/www.domkraftpro.com\/index.php\/products\/"},{"@type":"ListItem","position":3,"name":"SchullerMED\u00ae Rukavice LATEX PP jednor\u00e1zov\u00e9, pudrovan\u00e9, 100 ks Vysoce Kvalitn\u00ed"}]},{"@type":"WebSite","@id":"https:\/\/www.domkraftpro.com\/#website","url":"https:\/\/www.domkraftpro.com\/","name":"","description":"","potentialAction":[{"@type":"SearchAction","target":{"@type":"EntryPoint","urlTemplate":"https:\/\/www.domkraftpro.com\/?s={search_term_string}"},"query-input":{"@type":"PropertyValueSpecification","valueRequired":true,"valueName":"search_term_string"}}],"inLanguage":"cs"}]}},"_links":{"self":[{"href":"https:\/\/www.domkraftpro.com\/index.php\/wp-json\/wp\/v2\/product\/15569","targetHints":{"allow":["GET"]}}],"collection":[{"href":"https:\/\/www.domkraftpro.com\/index.php\/wp-json\/wp\/v2\/product"}],"about":[{"href":"https:\/\/www.domkraftpro.com\/index.php\/wp-json\/wp\/v2\/types\/product"}],"replies":[{"embeddable":true,"href":"https:\/\/www.domkraftpro.com\/index.php\/wp-json\/wp\/v2\/comments?post=15569"}],"wp:featuredmedia":[{"embeddable":true,"href":"https:\/\/www.domkraftpro.com\/index.php\/wp-json\/wp\/v2\/media\/15669"}],"wp:attachment":[{"href":"https:\/\/www.domkraftpro.com\/index.php\/wp-json\/wp\/v2\/media?parent=15569"}],"wp:term":[{"taxonomy":"product_brand","embeddable":true,"href":"https:\/\/www.domkraftpro.com\/index.php\/wp-json\/wp\/v2\/product_brand?post=15569"},{"taxonomy":"product_cat","embeddable":true,"href":"https:\/\/www.domkraftpro.com\/index.php\/wp-json\/wp\/v2\/product_cat?post=15569"},{"taxonomy":"product_tag","embeddable":true,"href":"https:\/\/www.domkraftpro.com\/index.php\/wp-json\/wp\/v2\/product_tag?post=15569"}],"curies":[{"name":"wp","href":"https:\/\/api.w.org\/{rel}","templated":true}]}}