{"id":15568,"date":"2026-04-27T04:41:01","date_gmt":"2026-04-27T04:41:01","guid":{"rendered":""},"modified":"2026-04-27T04:41:01","modified_gmt":"2026-04-27T04:41:01","slug":"doprava-zdarma-schuller-eh-klar-r-pracovni-rukavice-cleanstar-pro-black-latexove-15568","status":"publish","type":"product","link":"https:\/\/www.domkraftpro.com\/index.php\/produkt\/doprava-zdarma-schuller-eh-klar-r-pracovni-rukavice-cleanstar-pro-black-latexove-15568\/","title":{"rendered":"Doprava Zdarma SCHULLER EH&#8217;KLAR\u00ae Pracovn\u00ed rukavice CLEANSTAR PRO BLACK latexov\u00e9"},"content":{"rendered":"<div class=\"basic-description\">\n<h3>Detailn\u00ed popis produktu<\/h3>\n<table height=\"5\" style=\"width: 850px;\">\n<tbody>\n<tr>\n<td style=\"width: 710.875px;\">\n<h1><strong>SCHULLER EH&#8217;KLAR\u00ae&nbsp;<\/strong><\/h1>\n<h1><strong>Pracovn\u00ed rukavice CLEANSTAR PRO BLACK<\/strong><\/h1>\n<\/td>\n<td style=\"width: 137.125px;\"><\/td>\n<\/tr>\n<\/tbody>\n<\/table>\n<table width=\"850\" height=\"42\">\n<tbody>\n<tr>\n<td style=\"width: 849px;\">\n<div>&nbsp;<\/div>\n<div><span style=\"font-size: 12pt;\"><strong>Pracovn\u00ed rukavice CLEANSTAR PRO BLACK jsou ide\u00e1ln\u00ed pro ochranu rukou p\u0159i manipulaci s chemik\u00e1liemi a p\u0159i dom\u00e1c\u00edch \u00faklidov\u00fdch prac\u00edch. Nab\u00edzej\u00ed vysokou \u00farove\u0148 ochrany a komfortu.<\/strong><\/span><\/div>\n<div>&nbsp;<\/div>\n<div><span style=\"font-size: 12pt;\"><strong><\/strong><\/span><\/div>\n<div>&nbsp;<\/div>\n<div><strong>Materi\u00e1l<\/strong>: Vysoce kvalitn\u00ed <span class=\"show-tooltip\" title=\"Kau\u010duk&amp;nbsp;je&amp;nbsp;polymern\u00ed materi\u00e1l&amp;nbsp;p\u0159\u00edrodn\u00edho nebo syntetick\u00e9ho p\u016fvodu, vyzna\u010duj\u00edc\u00ed se velkou&amp;nbsp;pru\u017enost\u00ed, tedy schopnost\u00ed se \u00fa\u010dinkem vn\u011bj\u0161\u00ed s\u00edly v\u00fdrazn\u011b deformovat a pot\u00e9 op\u011bt zaujmout p\u016fvodn\u00ed tvar. Je to tedy tzv.&amp;nbsp;elastomer.&amp;hellip;\">latex<\/span>, poskytuj\u00edc\u00ed vynikaj\u00edc\u00ed ochranu a flexibilitu.<\/div>\n<div><strong>Odolnost<\/strong>: Rukavice jsou odoln\u00e9 v\u016f\u010di nitro a chemik\u00e1li\u00edm, ide\u00e1ln\u00ed pro pr\u00e1ci s nebezpe\u010dn\u00fdmi l\u00e1tkami.<\/div>\n<div><strong>Ergonomick\u00fd <span class=\"show-tooltip\" title=\"Design je proces tvorby a uspo\u0159\u00e1d\u00e1n\u00ed prvk\u016f tak, aby vytvo\u0159ily n\u011bco s ur\u010dit\u00fdm \u00fa\u010delem nebo estetick\u00fdm dojmem. Term\u00edn &quot;design&quot; se pou\u017e\u00edv\u00e1 v r\u016fzn\u00fdch kontextech a odv\u011btv\u00edch, a m\u016f\u017ee se t\u00fdkat n\u00e1vrhu v\u00fdrobk\u016f, grafick\u00e9ho designu, interi\u00e9rov\u00e9ho designu,&amp;hellip;\">design<\/span><\/strong>: Rukavice perfektn\u011b sed\u00ed na ruce, zaji\u0161\u0165uj\u00ed vysok\u00fd komfort a citlivost prst\u016f.<\/div>\n<div><strong>Prodlou\u017een\u00e1 man\u017eeta<\/strong>: Zaji\u0161\u0165uje dodate\u010dnou ochranu z\u00e1p\u011bst\u00ed.<\/div>\n<h3><strong>Pou\u017eit\u00ed<\/strong><\/h3>\n<div><strong>Dom\u00e1c\u00ed \u00faklid<\/strong>: Ide\u00e1ln\u00ed pro r\u016fzn\u00e9 \u00faklidov\u00e9 pr\u00e1ce, kde je pot\u0159eba ochrana p\u0159ed chemik\u00e1liemi.<\/div>\n<div><strong>Pr\u016fmyslov\u00e9 pr\u00e1ce<\/strong>: Vhodn\u00e9 pro pr\u00e1ci v prost\u0159ed\u00ed, kde jsou p\u0159\u00edtomny nebezpe\u010dn\u00e9 chemick\u00e9 l\u00e1tky.<\/div>\n<div><strong>Zahradn\u00ed pr\u00e1ce<\/strong>: U\u017eite\u010dn\u00e9 p\u0159i manipulaci s <span class=\"show-tooltip\" title=\"Hnojivo je l\u00e1tka nebo sm\u011bs slou\u017e\u00edc\u00ed k dod\u00e1v\u00e1n\u00ed \u017eivin rostlin\u00e1m s c\u00edlem zlep\u0161it jejich r\u016fst a v\u00fdvoj.Rostliny pot\u0159ebuj\u00ed ur\u010dit\u00e9 \u017eiviny pro sv\u016fj norm\u00e1ln\u00ed metabolismus, a hnojiva jsou navr\u017eena tak, aby tuto pot\u0159ebu uspokojila.Existuj\u00ed r\u016fzn\u00e9 typy&amp;hellip;\">hnojivy<\/span> a <span class=\"show-tooltip\" title=\"Pesticidy jsou souhrnn\u00fdm n\u00e1zvem p\u0159\u00edpravk\u016f proti \u0161kodliv\u00fdm \u010dinitel\u016fm (plevel\u016fm, \u0161k\u016fdc\u016fm, chorob\u00e1m) - pat\u0159\u00ed k nim herbicidy, insekticidy, fungicidy atd.\">pesticidy<\/span>.<\/div>\n<div><strong>\u00dadr\u017eba<\/strong>: Po pou\u017eit\u00ed rukavice d\u016fkladn\u011b opl\u00e1chn\u011bte <span class=\"show-tooltip\" title=\"Voda,&amp;nbsp;chemick\u00fdm vzorcem&amp;nbsp;H2O,&amp;nbsp;systematick\u00fd n\u00e1zev&amp;nbsp;oxidan, je&amp;nbsp;chemick\u00e1 slou\u010denina&amp;nbsp;vod\u00edku&amp;nbsp;a&amp;nbsp;kysl\u00edku. Spolu se&amp;nbsp;vzduchem, resp.&amp;nbsp;zemskou atmosf\u00e9rou, tvo\u0159\u00ed z\u00e1kladn\u00ed podm\u00ednky pro&amp;hellip;\">vodou<\/span> a nechte uschnout.<\/div>\n<h4><strong>Technick\u00e1 data<\/strong><\/h4>\n<div><strong>Materi\u00e1l<\/strong>: Vysoce kvalitn\u00ed <span class=\"show-tooltip\" title=\"Latex p\u0159edstavuje b\u011blou\u010dkou tekutinu, kter\u00e1 se tvo\u0159\u00ed v ml\u00e9\u010dnic\u00edch n\u011bkter\u00fdch rostlin, v\u010detn\u011b kau\u010dukovn\u00edk\u016f.&amp;nbsp;\u058d Latex je produkov\u00e1n v\u00edce ne\u017e 20 000 rostlinn\u00fdmi druhy z v\u00edce ne\u017e 40 \u010deled\u00ed, v\u010detn\u011b jehli\u010dnan\u016f a kapradin. \u058d Na vzduchu doch\u00e1z\u00ed k&amp;hellip;\">latex<\/span>.<\/div>\n<div><strong>Velikosti<\/strong>: S\/7&#8243;, M\/8&#8243;, L\/9&#8243;, XL\/10&#8243;.<\/div>\n<div><strong>Kategorie ochrany<\/strong>: 3 &#8211; vysok\u00e1 ochrana proti chemick\u00fdm rizik\u016fm.<\/div>\n<div>&nbsp;<\/div>\n<div><strong>Norma<\/strong>&nbsp;<strong><span class=\"show-tooltip\" title=\"Norma EN 388 je evropsk\u00e1 norma ur\u010den\u00e1 pro ochrann\u00e9 rukavice chr\u00e1n\u00edc\u00ed proti mechanick\u00fdm nebezpe\u010d\u00edm, jako jsou nap\u0159\u00edklad \u0159ezy, prop\u00edchnut\u00ed, roztr\u017een\u00ed a opot\u0159eben\u00ed materi\u00e1lu. Tato norma stanovuje po\u017eadavky a prov\u00e1d\u00ed testy, aby zajistila, \u017ee ochrann\u00e9&amp;hellip;\">EN 388<\/span>:1010X&nbsp;<\/strong><\/div>\n<div><strong>Odolnost (0 &#8211; 4):<\/strong><\/div>\n<div><strong>Odolnost proti od\u011bru:<\/strong> 1<\/div>\n<div><strong>Odolnost proti \u0159ezu <span class=\"show-tooltip\" title=\"\u010cepel&amp;nbsp;je \u010d\u00e1st n\u00e1stroje, zbran\u011b nebo stroje s ost\u0159\u00edm, kter\u00e1 je ur\u010dena k pror\u00e1\u017een\u00ed, sek\u00e1n\u00ed, kr\u00e1jen\u00ed nebo \u0161kr\u00e1b\u00e1n\u00ed povrch\u016f nebo materi\u00e1l\u016f. \u010cepele jsou obvykle vyrobeny z materi\u00e1l\u016f, kter\u00e9 jsou tvrd\u0161\u00ed ne\u017e ty, na kter\u00e9 maj\u00ed b\u00fdt pou\u017eity.&amp;hellip;\">\u010depel\u00ed<\/span>:<\/strong>&nbsp;0<\/div>\n<div><strong>Odolnost proti protr\u017een\u00ed:<\/strong> 1<\/div>\n<div><strong>Odolnost proti prop\u00edchnut\u00ed:<\/strong> 0<\/div>\n<div><strong>Odolnost proti \u0159ezu podle EN <span class=\"show-tooltip\" title=\"ISO (International Organization for Standardization) \u2013&amp;nbsp;Mezin\u00e1rodn\u00ed organizace pro normalizaciNez\u00e1visl\u00e1, nevl\u00e1dn\u00ed mezin\u00e1rodn\u00ed organizace&amp;nbsp;sdru\u017euj\u00edc\u00ed n\u00e1rodn\u00ed normaliza\u010dn\u00ed organizace z jednotliv\u00fdch st\u00e1t\u016f sv\u011bta se s\u00eddlem v \u017denev\u011b. V roce 1947&amp;hellip;\">ISO<\/span> 13997:<\/strong> X &#8211; test neproveden<\/div>\n<div>&nbsp;<\/div>\n<div>\n<div><b>Norma<\/b>&nbsp;<strong><span class=\"show-tooltip\" title=\"\" data-original-title=\"Norma EN 374 se t\u00fdk\u00e1 ochrann\u00fdch rukavic ur\u010den\u00fdch k ochran\u011b proti chemik\u00e1li\u00edm a mikroorganism\u016fm. Tato norma specifikuje po\u017eadavky na fyzik\u00e1ln\u00ed vlastnosti, v\u00fdkonnostn\u00ed po\u017eadavky a metody zkou\u0161en\u00ed pro rukavice, kter\u00e9 jsou navr\u017eeny tak, aby chr\u00e1nily&amp;hellip;\">EN 374<\/span>:KLT t\u0159\u00edda 3<\/strong><\/div>\n<div>\n<div><strong>Odolnost proti chemik\u00e1li\u00edm<\/strong><\/div>\n<div><strong>Odolnost proti pros\u00e1knut\u00ed<\/strong><\/div>\n<div><strong>Odolnost proti mikroorganism\u016fm<\/strong><\/div>\n<div><strong>Odolnost rukavice proti penetraci<span>&nbsp;<\/span><span class=\"show-tooltip\" title=\"\" data-original-title=\"Hydroxidy jsou chemick\u00e9 slou\u010deniny, kter\u00e9 obsahuj\u00ed ionty hydroxidov\u00e9ho aniontu (OH-) v\u00e1zan\u00e9ho na kationty kov\u016f nebo jin\u00fdch kladn\u011b nabit\u00fdch iont\u016f. Tato skupina slou\u010denin je charakterizov\u00e1na z\u00e1sadit\u00fdmi vlastnostmi.&amp;nbsp;Zde jsou n\u011bkter\u00e9 p\u0159\u00edklady&amp;hellip;\">hydroxidu<\/span><span>&nbsp;<\/span>sodn\u00e9ho NaOH do<span>&nbsp;<\/span><span class=\"show-tooltip\" title=\"\" data-original-title=\"Koncentrace se v obecn\u00e9m smyslu vztahuje k mno\u017estv\u00ed jedn\u00e9 l\u00e1tky obsa\u017een\u00e9 v dan\u00e9m objemu nebo hmotnosti jin\u00e9 l\u00e1tky nebo sm\u011bsi.Tento term\u00edn se pou\u017e\u00edv\u00e1 v r\u016fzn\u00fdch kontextech v\u010detn\u011b chemie, fyziky, biologie, l\u00e9ka\u0159stv\u00ed, pr\u016fmyslu a dal\u0161\u00edch&amp;hellip;\">koncentrace<\/span><span>&nbsp;<\/span>40%<\/strong><\/div>\n<div><strong>Odolnost rukavice proti penetraci <span class=\"show-tooltip\" title=\"Kyselina je chemick\u00e1 slou\u010denina, kter\u00e1 je charakterizov\u00e1na p\u0159\u00edtomnost\u00ed jednoho nebo v\u00edce vod\u00edkov\u00fdch iont\u016f (H+) v molekule. Kyseliny se obvykle ozna\u010duj\u00ed podle sv\u00fdch z\u00e1kladn\u00edch prvk\u016f a mohou m\u00edt r\u016fzn\u00e9 vlastnosti v z\u00e1vislosti na jejich slo\u017een\u00ed a&amp;hellip;\">kyseliny<\/span> <span class=\"show-tooltip\" title=\"S\u00edra&amp;nbsp;(lat. sulphur) je chemick\u00fd prvek se symbolu S a atomov\u00fdm \u010d\u00edslem 16. Je to nekovov\u00fd prvek, kter\u00fd se v p\u0159\u00edrod\u011b vyskytuje v n\u011bkolika form\u00e1ch, jako nap\u0159\u00edklad element\u00e1rn\u00ed s\u00edra (ve form\u011b \u017elut\u00fdch krystal\u016f), sulfidy, s\u00edran\u016f nebo organick\u00fdch&amp;hellip;\">s\u00edrov\u00e9<\/span> H<sub>2<\/sub>SO<sub>4<\/sub> do <span class=\"show-tooltip\" title=\"Koncentrace se v obecn\u00e9m smyslu vztahuje k mno\u017estv\u00ed jedn\u00e9 l\u00e1tky obsa\u017een\u00e9 v dan\u00e9m objemu nebo hmotnosti jin\u00e9 l\u00e1tky nebo sm\u011bsi.Tento term\u00edn se pou\u017e\u00edv\u00e1 v r\u016fzn\u00fdch kontextech v\u010detn\u011b chemie, fyziky, biologie, l\u00e9ka\u0159stv\u00ed, pr\u016fmyslu a dal\u0161\u00edch&amp;hellip;\">koncentrace<\/span> 96%<\/strong><\/div>\n<div><strong>Odolnost rukavice proti penetraci&nbsp;formaldehydu do koncentrace 37%<\/strong><\/div>\n<\/div>\n<\/div>\n<h3><strong>Bezpe\u010dnostn\u00ed pokyny<\/strong><\/h3>\n<div><strong>Nepou\u017e\u00edvejte po\u0161kozen\u00e9 rukavice<\/strong>: Zkontrolujte rukavice p\u0159ed ka\u017ed\u00fdm pou\u017eit\u00edm.<\/div>\n<div><strong>Spr\u00e1vn\u00e1 likvidace<\/strong>: Pou\u017eit\u00e9 rukavice likvidujte podle m\u00edstn\u00edch p\u0159edpis\u016f pro nebezpe\u010dn\u00fd odpad.<\/div>\n<div><strong>Ochrana p\u0159ed chemik\u00e1liemi<\/strong>: Pou\u017e\u00edvejte rukavice pouze pro \u00fa\u010dely, pro kter\u00e9 jsou ur\u010deny, a vyhn\u011bte se kontaktu s poko\u017ekou.<\/div>\n<p>&nbsp;<\/p>\n<div>&nbsp;<\/div>\n<\/td>\n<\/tr>\n<\/tbody>\n<\/table><\/div>\n","protected":false},"excerpt":{"rendered":"<p>Detailn\u00ed popis produktu SCHULLER EH&#8217;KLAR\u00ae&nbsp; Pracovn\u00ed rukavice CLEANSTAR PRO BLACK &nbsp; Pracovn\u00ed rukavice CLEANSTAR PRO BLACK jsou ide\u00e1ln\u00ed pro ochranu rukou p\u0159i manipulaci s chemik\u00e1liemi a p\u0159i dom\u00e1c\u00edch \u00faklidov\u00fdch prac\u00edch. Nab\u00edzej\u00ed vysokou \u00farove\u0148 ochrany a komfortu. &nbsp; &nbsp; Materi\u00e1l: Vysoce kvalitn\u00ed latex, poskytuj\u00edc\u00ed vynikaj\u00edc\u00ed ochranu a flexibilitu. Odolnost: Rukavice jsou odoln\u00e9 v\u016f\u010di nitro a chemik\u00e1li\u00edm, [&hellip;]<\/p>\n","protected":false},"featured_media":15668,"comment_status":"open","ping_status":"open","template":"","meta":[],"product_brand":[],"product_cat":[59],"product_tag":[],"class_list":{"0":"post-15568","1":"product","2":"type-product","3":"status-publish","4":"has-post-thumbnail","6":"product_cat-ochranne-pomucky","8":"first","9":"instock","10":"sale","11":"shipping-taxable","12":"purchasable","13":"product-type-simple"},"yoast_head":"<!-- This site is optimized with the Yoast SEO plugin v26.8 - https:\/\/yoast.com\/product\/yoast-seo-wordpress\/ -->\n<title>Doprava Zdarma SCHULLER EH&#039;KLAR\u00ae Pracovn\u00ed rukavice CLEANSTAR PRO BLACK latexov\u00e9 -<\/title>\n<meta name=\"robots\" content=\"index, follow, max-snippet:-1, max-image-preview:large, max-video-preview:-1\" \/>\n<link rel=\"canonical\" href=\"https:\/\/www.domkraftpro.com\/index.php\/produkt\/doprava-zdarma-schuller-eh-klar-r-pracovni-rukavice-cleanstar-pro-black-latexove-15568\/\" \/>\n<meta property=\"og:locale\" content=\"cs_CZ\" \/>\n<meta property=\"og:type\" content=\"article\" \/>\n<meta property=\"og:title\" content=\"Doprava Zdarma SCHULLER EH&#039;KLAR\u00ae Pracovn\u00ed rukavice CLEANSTAR PRO BLACK latexov\u00e9 -\" \/>\n<meta property=\"og:description\" content=\"Detailn\u00ed popis produktu SCHULLER EH&#8217;KLAR\u00ae&nbsp; Pracovn\u00ed rukavice CLEANSTAR PRO BLACK &nbsp; Pracovn\u00ed rukavice CLEANSTAR PRO BLACK jsou ide\u00e1ln\u00ed pro ochranu rukou p\u0159i manipulaci s chemik\u00e1liemi a p\u0159i dom\u00e1c\u00edch \u00faklidov\u00fdch prac\u00edch. Nab\u00edzej\u00ed vysokou \u00farove\u0148 ochrany a komfortu. &nbsp; &nbsp; Materi\u00e1l: Vysoce kvalitn\u00ed latex, poskytuj\u00edc\u00ed vynikaj\u00edc\u00ed ochranu a flexibilitu. Odolnost: Rukavice jsou odoln\u00e9 v\u016f\u010di nitro a chemik\u00e1li\u00edm, [&hellip;]\" \/>\n<meta property=\"og:url\" content=\"https:\/\/www.domkraftpro.com\/index.php\/produkt\/doprava-zdarma-schuller-eh-klar-r-pracovni-rukavice-cleanstar-pro-black-latexove-15568\/\" \/>\n<meta property=\"og:image\" content=\"https:\/\/www.domkraftpro.com\/wp-content\/uploads\/2026\/SK0007273-CZ20260425-092522-0-1777080324-116901_schuller-cleanstar-pro.webp\" \/>\n\t<meta property=\"og:image:width\" content=\"1000\" \/>\n\t<meta property=\"og:image:height\" content=\"750\" \/>\n\t<meta property=\"og:image:type\" content=\"image\/webp\" \/>\n<meta name=\"twitter:card\" content=\"summary_large_image\" \/>\n<meta name=\"twitter:label1\" content=\"Odhadovan\u00e1 doba \u010dten\u00ed\" \/>\n\t<meta name=\"twitter:data1\" content=\"2 minuty\" \/>\n<script type=\"application\/ld+json\" class=\"yoast-schema-graph\">{\"@context\":\"https:\/\/schema.org\",\"@graph\":[{\"@type\":\"WebPage\",\"@id\":\"https:\/\/www.domkraftpro.com\/index.php\/produkt\/doprava-zdarma-schuller-eh-klar-r-pracovni-rukavice-cleanstar-pro-black-latexove-15568\/\",\"url\":\"https:\/\/www.domkraftpro.com\/index.php\/produkt\/doprava-zdarma-schuller-eh-klar-r-pracovni-rukavice-cleanstar-pro-black-latexove-15568\/\",\"name\":\"Doprava Zdarma SCHULLER EH'KLAR\u00ae Pracovn\u00ed rukavice CLEANSTAR PRO BLACK latexov\u00e9 -\",\"isPartOf\":{\"@id\":\"https:\/\/www.domkraftpro.com\/#website\"},\"primaryImageOfPage\":{\"@id\":\"https:\/\/www.domkraftpro.com\/index.php\/produkt\/doprava-zdarma-schuller-eh-klar-r-pracovni-rukavice-cleanstar-pro-black-latexove-15568\/#primaryimage\"},\"image\":{\"@id\":\"https:\/\/www.domkraftpro.com\/index.php\/produkt\/doprava-zdarma-schuller-eh-klar-r-pracovni-rukavice-cleanstar-pro-black-latexove-15568\/#primaryimage\"},\"thumbnailUrl\":\"https:\/\/www.domkraftpro.com\/wp-content\/uploads\/2026\/SK0007273-CZ20260425-092522-0-1777080324-116901_schuller-cleanstar-pro.webp\",\"datePublished\":\"2026-04-27T04:41:01+00:00\",\"breadcrumb\":{\"@id\":\"https:\/\/www.domkraftpro.com\/index.php\/produkt\/doprava-zdarma-schuller-eh-klar-r-pracovni-rukavice-cleanstar-pro-black-latexove-15568\/#breadcrumb\"},\"inLanguage\":\"cs\",\"potentialAction\":[{\"@type\":\"ReadAction\",\"target\":[\"https:\/\/www.domkraftpro.com\/index.php\/produkt\/doprava-zdarma-schuller-eh-klar-r-pracovni-rukavice-cleanstar-pro-black-latexove-15568\/\"]}]},{\"@type\":\"ImageObject\",\"inLanguage\":\"cs\",\"@id\":\"https:\/\/www.domkraftpro.com\/index.php\/produkt\/doprava-zdarma-schuller-eh-klar-r-pracovni-rukavice-cleanstar-pro-black-latexove-15568\/#primaryimage\",\"url\":\"https:\/\/www.domkraftpro.com\/wp-content\/uploads\/2026\/SK0007273-CZ20260425-092522-0-1777080324-116901_schuller-cleanstar-pro.webp\",\"contentUrl\":\"https:\/\/www.domkraftpro.com\/wp-content\/uploads\/2026\/SK0007273-CZ20260425-092522-0-1777080324-116901_schuller-cleanstar-pro.webp\",\"width\":1000,\"height\":750},{\"@type\":\"BreadcrumbList\",\"@id\":\"https:\/\/www.domkraftpro.com\/index.php\/produkt\/doprava-zdarma-schuller-eh-klar-r-pracovni-rukavice-cleanstar-pro-black-latexove-15568\/#breadcrumb\",\"itemListElement\":[{\"@type\":\"ListItem\",\"position\":1,\"name\":\"Home\",\"item\":\"https:\/\/www.domkraftpro.com\/\"},{\"@type\":\"ListItem\",\"position\":2,\"name\":\"Products\",\"item\":\"https:\/\/www.domkraftpro.com\/index.php\/products\/\"},{\"@type\":\"ListItem\",\"position\":3,\"name\":\"Doprava Zdarma SCHULLER EH&#8217;KLAR\u00ae Pracovn\u00ed rukavice CLEANSTAR PRO BLACK latexov\u00e9\"}]},{\"@type\":\"WebSite\",\"@id\":\"https:\/\/www.domkraftpro.com\/#website\",\"url\":\"https:\/\/www.domkraftpro.com\/\",\"name\":\"\",\"description\":\"\",\"potentialAction\":[{\"@type\":\"SearchAction\",\"target\":{\"@type\":\"EntryPoint\",\"urlTemplate\":\"https:\/\/www.domkraftpro.com\/?s={search_term_string}\"},\"query-input\":{\"@type\":\"PropertyValueSpecification\",\"valueRequired\":true,\"valueName\":\"search_term_string\"}}],\"inLanguage\":\"cs\"}]}<\/script>\n<!-- \/ Yoast SEO plugin. -->","yoast_head_json":{"title":"Doprava Zdarma SCHULLER EH'KLAR\u00ae Pracovn\u00ed rukavice CLEANSTAR PRO BLACK latexov\u00e9 -","robots":{"index":"index","follow":"follow","max-snippet":"max-snippet:-1","max-image-preview":"max-image-preview:large","max-video-preview":"max-video-preview:-1"},"canonical":"https:\/\/www.domkraftpro.com\/index.php\/produkt\/doprava-zdarma-schuller-eh-klar-r-pracovni-rukavice-cleanstar-pro-black-latexove-15568\/","og_locale":"cs_CZ","og_type":"article","og_title":"Doprava Zdarma SCHULLER EH'KLAR\u00ae Pracovn\u00ed rukavice CLEANSTAR PRO BLACK latexov\u00e9 -","og_description":"Detailn\u00ed popis produktu SCHULLER EH&#8217;KLAR\u00ae&nbsp; Pracovn\u00ed rukavice CLEANSTAR PRO BLACK &nbsp; Pracovn\u00ed rukavice CLEANSTAR PRO BLACK jsou ide\u00e1ln\u00ed pro ochranu rukou p\u0159i manipulaci s chemik\u00e1liemi a p\u0159i dom\u00e1c\u00edch \u00faklidov\u00fdch prac\u00edch. Nab\u00edzej\u00ed vysokou \u00farove\u0148 ochrany a komfortu. &nbsp; &nbsp; Materi\u00e1l: Vysoce kvalitn\u00ed latex, poskytuj\u00edc\u00ed vynikaj\u00edc\u00ed ochranu a flexibilitu. Odolnost: Rukavice jsou odoln\u00e9 v\u016f\u010di nitro a chemik\u00e1li\u00edm, [&hellip;]","og_url":"https:\/\/www.domkraftpro.com\/index.php\/produkt\/doprava-zdarma-schuller-eh-klar-r-pracovni-rukavice-cleanstar-pro-black-latexove-15568\/","og_image":[{"width":1000,"height":750,"url":"https:\/\/www.domkraftpro.com\/wp-content\/uploads\/2026\/SK0007273-CZ20260425-092522-0-1777080324-116901_schuller-cleanstar-pro.webp","type":"image\/webp"}],"twitter_card":"summary_large_image","twitter_misc":{"Odhadovan\u00e1 doba \u010dten\u00ed":"2 minuty"},"schema":{"@context":"https:\/\/schema.org","@graph":[{"@type":"WebPage","@id":"https:\/\/www.domkraftpro.com\/index.php\/produkt\/doprava-zdarma-schuller-eh-klar-r-pracovni-rukavice-cleanstar-pro-black-latexove-15568\/","url":"https:\/\/www.domkraftpro.com\/index.php\/produkt\/doprava-zdarma-schuller-eh-klar-r-pracovni-rukavice-cleanstar-pro-black-latexove-15568\/","name":"Doprava Zdarma SCHULLER EH'KLAR\u00ae Pracovn\u00ed rukavice CLEANSTAR PRO BLACK latexov\u00e9 -","isPartOf":{"@id":"https:\/\/www.domkraftpro.com\/#website"},"primaryImageOfPage":{"@id":"https:\/\/www.domkraftpro.com\/index.php\/produkt\/doprava-zdarma-schuller-eh-klar-r-pracovni-rukavice-cleanstar-pro-black-latexove-15568\/#primaryimage"},"image":{"@id":"https:\/\/www.domkraftpro.com\/index.php\/produkt\/doprava-zdarma-schuller-eh-klar-r-pracovni-rukavice-cleanstar-pro-black-latexove-15568\/#primaryimage"},"thumbnailUrl":"https:\/\/www.domkraftpro.com\/wp-content\/uploads\/2026\/SK0007273-CZ20260425-092522-0-1777080324-116901_schuller-cleanstar-pro.webp","datePublished":"2026-04-27T04:41:01+00:00","breadcrumb":{"@id":"https:\/\/www.domkraftpro.com\/index.php\/produkt\/doprava-zdarma-schuller-eh-klar-r-pracovni-rukavice-cleanstar-pro-black-latexove-15568\/#breadcrumb"},"inLanguage":"cs","potentialAction":[{"@type":"ReadAction","target":["https:\/\/www.domkraftpro.com\/index.php\/produkt\/doprava-zdarma-schuller-eh-klar-r-pracovni-rukavice-cleanstar-pro-black-latexove-15568\/"]}]},{"@type":"ImageObject","inLanguage":"cs","@id":"https:\/\/www.domkraftpro.com\/index.php\/produkt\/doprava-zdarma-schuller-eh-klar-r-pracovni-rukavice-cleanstar-pro-black-latexove-15568\/#primaryimage","url":"https:\/\/www.domkraftpro.com\/wp-content\/uploads\/2026\/SK0007273-CZ20260425-092522-0-1777080324-116901_schuller-cleanstar-pro.webp","contentUrl":"https:\/\/www.domkraftpro.com\/wp-content\/uploads\/2026\/SK0007273-CZ20260425-092522-0-1777080324-116901_schuller-cleanstar-pro.webp","width":1000,"height":750},{"@type":"BreadcrumbList","@id":"https:\/\/www.domkraftpro.com\/index.php\/produkt\/doprava-zdarma-schuller-eh-klar-r-pracovni-rukavice-cleanstar-pro-black-latexove-15568\/#breadcrumb","itemListElement":[{"@type":"ListItem","position":1,"name":"Home","item":"https:\/\/www.domkraftpro.com\/"},{"@type":"ListItem","position":2,"name":"Products","item":"https:\/\/www.domkraftpro.com\/index.php\/products\/"},{"@type":"ListItem","position":3,"name":"Doprava Zdarma SCHULLER EH&#8217;KLAR\u00ae Pracovn\u00ed rukavice CLEANSTAR PRO BLACK latexov\u00e9"}]},{"@type":"WebSite","@id":"https:\/\/www.domkraftpro.com\/#website","url":"https:\/\/www.domkraftpro.com\/","name":"","description":"","potentialAction":[{"@type":"SearchAction","target":{"@type":"EntryPoint","urlTemplate":"https:\/\/www.domkraftpro.com\/?s={search_term_string}"},"query-input":{"@type":"PropertyValueSpecification","valueRequired":true,"valueName":"search_term_string"}}],"inLanguage":"cs"}]}},"_links":{"self":[{"href":"https:\/\/www.domkraftpro.com\/index.php\/wp-json\/wp\/v2\/product\/15568","targetHints":{"allow":["GET"]}}],"collection":[{"href":"https:\/\/www.domkraftpro.com\/index.php\/wp-json\/wp\/v2\/product"}],"about":[{"href":"https:\/\/www.domkraftpro.com\/index.php\/wp-json\/wp\/v2\/types\/product"}],"replies":[{"embeddable":true,"href":"https:\/\/www.domkraftpro.com\/index.php\/wp-json\/wp\/v2\/comments?post=15568"}],"wp:featuredmedia":[{"embeddable":true,"href":"https:\/\/www.domkraftpro.com\/index.php\/wp-json\/wp\/v2\/media\/15668"}],"wp:attachment":[{"href":"https:\/\/www.domkraftpro.com\/index.php\/wp-json\/wp\/v2\/media?parent=15568"}],"wp:term":[{"taxonomy":"product_brand","embeddable":true,"href":"https:\/\/www.domkraftpro.com\/index.php\/wp-json\/wp\/v2\/product_brand?post=15568"},{"taxonomy":"product_cat","embeddable":true,"href":"https:\/\/www.domkraftpro.com\/index.php\/wp-json\/wp\/v2\/product_cat?post=15568"},{"taxonomy":"product_tag","embeddable":true,"href":"https:\/\/www.domkraftpro.com\/index.php\/wp-json\/wp\/v2\/product_tag?post=15568"}],"curies":[{"name":"wp","href":"https:\/\/api.w.org\/{rel}","templated":true}]}}