{"id":15565,"date":"2026-04-27T04:41:01","date_gmt":"2026-04-27T04:41:01","guid":{"rendered":""},"modified":"2026-04-27T04:41:01","modified_gmt":"2026-04-27T04:41:01","slug":"posledni-sance-schuller-eh-klar-r-bryle-ochranne-clearview-15565","status":"publish","type":"product","link":"https:\/\/www.domkraftpro.com\/index.php\/produkt\/posledni-sance-schuller-eh-klar-r-bryle-ochranne-clearview-15565\/","title":{"rendered":"Posledn\u00ed \u0160ance SCHULLER EH&#8217;KLAR\u00ae Br\u00fdle ochrann\u00e9 CLEARVIEW"},"content":{"rendered":"<div class=\"basic-description\">\n<h3>Detailn\u00ed popis produktu<\/h3>\n<table height=\"24\" style=\"width: 850px;\">\n<tbody>\n<tr>\n<td style=\"width: 709.875px;\">\n<h1><strong>SCHULLER EH&#8217;KLAR\u00ae 42493<\/strong><\/h1>\n<h1><strong>Br\u00fdle ochrann\u00e9 CLEARVIEW<\/strong><\/h1>\n<\/td>\n<td style=\"width: 138.125px;\"><\/td>\n<\/tr>\n<\/tbody>\n<\/table>\n<div>&nbsp;<\/div>\n<table width=\"850\" height=\"19\">\n<tbody>\n<tr>\n<td style=\"width: 849px;\">\n<div><span style=\"font-size: 12pt;\"><strong>Ochrann\u00e9 br\u00fdle CLEARVIEW poskytuj\u00ed vysok\u00fd komfort no\u0161en\u00ed, bo\u010dn\u00ed ochranu a <span class=\"show-tooltip\" title=\"Pru\u017enost je vlastnost materi\u00e1l\u016f, kter\u00e1 se projevuje jejich schopnost\u00ed vracet se do p\u016fvodn\u00edho tvaru po odstran\u011bn\u00ed vn\u011bj\u0161\u00edch sil, kter\u00e9 na n\u011b p\u016fsobily. Pru\u017en\u00e9 materi\u00e1ly se deformuj\u00ed, kdy\u017e jsou vystaveny zat\u00ed\u017een\u00ed, a po odstran\u011bn\u00ed tohoto zat\u00ed\u017een\u00ed se op\u011bt&amp;hellip;\">flexibiln\u00ed<\/span> sed\u00fdlko na nos, chr\u00e1n\u00ed proti pol\u00e9tav\u00fdm \u010d\u00e1stic\u00edm.<\/strong><\/span><\/div>\n<div>&nbsp;<\/div>\n<div><strong>Vysok\u00fd komfort no\u0161en\u00ed<\/strong>: Ergonomick\u00fd <span class=\"show-tooltip\" title=\"Design je proces tvorby a uspo\u0159\u00e1d\u00e1n\u00ed prvk\u016f tak, aby vytvo\u0159ily n\u011bco s ur\u010dit\u00fdm \u00fa\u010delem nebo estetick\u00fdm dojmem. Term\u00edn &quot;design&quot; se pou\u017e\u00edv\u00e1 v r\u016fzn\u00fdch kontextech a odv\u011btv\u00edch, a m\u016f\u017ee se t\u00fdkat n\u00e1vrhu v\u00fdrobk\u016f, grafick\u00e9ho designu, interi\u00e9rov\u00e9ho designu,&amp;hellip;\">design<\/span> s m\u011bkk\u00fdm zakon\u010den\u00edm pro maxim\u00e1ln\u00ed pohodl\u00ed.<\/div>\n<div><strong>Bo\u010dn\u00ed ochrana<\/strong>: Efektivn\u00ed ochrana proti pol\u00e9tav\u00fdm \u010d\u00e1stic\u00edm z r\u016fzn\u00fdch sm\u011br\u016f.<\/div>\n<div><strong>Flexibiln\u00ed sed\u00fdlko na nos<\/strong>: P\u0159izp\u016fsobiv\u00e9 sed\u00fdlko na nos zaji\u0161\u0165uje stabiln\u00ed a pohodln\u00e9 usazen\u00ed br\u00fdl\u00ed.<\/div>\n<div><strong>Odoln\u00fd materi\u00e1l<\/strong>: Vysoce kvalitn\u00ed materi\u00e1ly zaji\u0161\u0165uj\u00ed dlouhou \u017eivotnost a odolnost proti po\u0161kozen\u00ed.<\/div>\n<div><strong>Univerz\u00e1ln\u00ed pou\u017eit\u00ed<\/strong>: Ide\u00e1ln\u00ed pro pou\u017eit\u00ed v r\u016fzn\u00fdch pracovn\u00edch prost\u0159ed\u00edch, kde je pot\u0159eba ochrana o\u010d\u00ed.<\/div>\n<h3><strong>Pou\u017eit\u00ed<\/strong><\/h3>\n<div><strong>Stavebnictv\u00ed<\/strong>: Ochrana o\u010d\u00ed p\u0159i pr\u00e1ci se stavebn\u00edmi materi\u00e1ly, kde hroz\u00ed kontakt s pol\u00e9tav\u00fdmi \u010d\u00e1sticemi.<\/div>\n<div><strong>Pr\u016fmysl<\/strong>: Vhodn\u00e9 pro pracovn\u00edky v pr\u016fmyslov\u00fdch odv\u011btv\u00edch, kde je nutn\u00e1 ochrana o\u010d\u00ed p\u0159ed \u010d\u00e1sticemi a ne\u010distotami.<\/div>\n<div><strong>Kutilstv\u00ed<\/strong>: Skv\u011bl\u00e1 volba pro dom\u00e1c\u00ed kutily p\u0159i r\u016fzn\u00fdch oprav\u00e1ch a projektech.<\/div>\n<div>&nbsp;<\/div>\n<div><strong>Pravideln\u00e1 \u00fadr\u017eba<\/strong><span>: \u010cist\u011bte br\u00fdle pravideln\u011b jemn\u00fdm had\u0159\u00edkem a \u010dist\u00edc\u00edm prost\u0159edkem na <span class=\"show-tooltip\" title=\"Sklo&amp;nbsp;je homogenn\u00ed,&amp;nbsp;amorfn\u00ed&amp;nbsp;(tj. nekrystalick\u00e1) pevn\u00e1 l\u00e1tka, kter\u00e1 se vyzna\u010duje tvrdost\u00ed, k\u0159ehkost\u00ed a pr\u016fhlednost\u00ed. Hlavn\u00ed slo\u017ekou skla je&amp;nbsp;oxid k\u0159emi\u010dit\u00fd&amp;nbsp;(SiO2) a vyr\u00e1b\u00ed se taven\u00edm k\u0159emi\u010dit\u00e9ho&amp;nbsp;skl\u00e1\u0159sk\u00e9ho&amp;hellip;\">skla<\/span>.<\/span><\/div>\n<div><strong>Kontrola po\u0161kozen\u00ed<\/strong>: P\u0159ed ka\u017ed\u00fdm pou\u017eit\u00edm zkontrolujte, zda nejsou br\u00fdle po\u0161kozen\u00e9 nebo zne\u010di\u0161t\u011bn\u00e9.<\/div>\n<div><strong>Bezpe\u010dn\u00e9 skladov\u00e1n\u00ed<\/strong>: Uchov\u00e1vejte br\u00fdle v such\u00e9m a \u010dist\u00e9m prost\u0159ed\u00ed, ide\u00e1ln\u011b v ochrann\u00e9m pouzd\u0159e, mimo dosah p\u0159\u00edm\u00e9ho <span class=\"show-tooltip\" title=\"Slunce je centr\u00e1ln\u00ed hv\u011bzda slune\u010dn\u00ed soustavy, kter\u00e1 poskytuje energii prost\u0159ednictv\u00edm jadern\u00fdch reakc\u00ed termojadern\u00e9 f\u00faze. Jeho vlastnosti, velikost, st\u00e1\u0159\u00ed a v\u00fdznam jsou kl\u00ed\u010dov\u00e9 pro ch\u00e1p\u00e1n\u00ed \u017eivota na Zemi a v na\u0161\u00ed slune\u010dn\u00ed soustav\u011b.&amp;nbsp;Slunce je&amp;hellip;\">slune\u010dn\u00edho<\/span> z\u00e1\u0159en\u00ed a zdroj\u016f tepla.<\/div>\n<h3><strong>Technick\u00e1 data<\/strong><\/h3>\n<div><strong>Materi\u00e1l<\/strong>: Odoln\u00fd <span class=\"show-tooltip\" title=\"Plastyn\u011bkdy tak\u00e9 naz\u00fdvan\u00e9 plastick\u00e9 \u010di um\u011bl\u00e9 hmoty, p\u0159edstavuj\u00ed \u0161irokou \u0161k\u00e1lu syntetick\u00fdch nebo \u010d\u00e1ste\u010dn\u011b syntetick\u00fdch organick\u00fdch slou\u010denin a polymern\u00edch materi\u00e1l\u016f. \u010casto obsahuj\u00ed p\u0159\u00edsady zlep\u0161uj\u00edc\u00ed jejich funk\u010dn\u00ed vlastnosti, nap\u0159\u00edklad&amp;hellip;\">plast<\/span> s m\u011bkk\u00fdm zakon\u010den\u00edm.<\/div>\n<div><strong>Sed\u00fdlko na nos<\/strong>: Flexibiln\u00ed a p\u0159izp\u016fsobiv\u00e9 pro komfortn\u00ed no\u0161en\u00ed.<\/div>\n<div><strong>Bo\u010dn\u00ed ochrana<\/strong>: Integrovan\u00e1 bo\u010dn\u00ed ochrana pro zv\u00fd\u0161enou bezpe\u010dnost.<\/div>\n<div><strong>Velikost<\/strong>: Univerz\u00e1ln\u00ed velikost vhodn\u00e1 pro v\u011bt\u0161inu dosp\u011bl\u00fdch.<\/div>\n<div>&nbsp;<\/div>\n<\/td>\n<\/tr>\n<\/tbody>\n<\/table>\n<div>&nbsp;<\/div>\n<p>&nbsp;<\/p>\n<div id=\"hzViewer\" style=\"background: none; line-height: 0px; overflow: hidden; padding: 10px 5px; position: absolute; z-index: 2147483647; visibility: visible; opacity: 1; top: 5px; left: 442px; width: auto; height: auto; cursor: pointer; pointer-events: none; display: none;\">&nbsp;<\/div>\n<\/p><\/div>\n","protected":false},"excerpt":{"rendered":"<p>Detailn\u00ed popis produktu SCHULLER EH&#8217;KLAR\u00ae 42493 Br\u00fdle ochrann\u00e9 CLEARVIEW &nbsp; Ochrann\u00e9 br\u00fdle CLEARVIEW poskytuj\u00ed vysok\u00fd komfort no\u0161en\u00ed, bo\u010dn\u00ed ochranu a flexibiln\u00ed sed\u00fdlko na nos, chr\u00e1n\u00ed proti pol\u00e9tav\u00fdm \u010d\u00e1stic\u00edm. &nbsp; Vysok\u00fd komfort no\u0161en\u00ed: Ergonomick\u00fd design s m\u011bkk\u00fdm zakon\u010den\u00edm pro maxim\u00e1ln\u00ed pohodl\u00ed. Bo\u010dn\u00ed ochrana: Efektivn\u00ed ochrana proti pol\u00e9tav\u00fdm \u010d\u00e1stic\u00edm z r\u016fzn\u00fdch sm\u011br\u016f. Flexibiln\u00ed sed\u00fdlko na nos: P\u0159izp\u016fsobiv\u00e9 [&hellip;]<\/p>\n","protected":false},"featured_media":15665,"comment_status":"open","ping_status":"open","template":"","meta":[],"product_brand":[],"product_cat":[59],"product_tag":[],"class_list":{"0":"post-15565","1":"product","2":"type-product","3":"status-publish","4":"has-post-thumbnail","6":"product_cat-ochranne-pomucky","8":"first","9":"instock","10":"sale","11":"shipping-taxable","12":"purchasable","13":"product-type-simple"},"yoast_head":"<!-- This site is optimized with the Yoast SEO plugin v26.8 - https:\/\/yoast.com\/product\/yoast-seo-wordpress\/ -->\n<title>Posledn\u00ed \u0160ance SCHULLER EH&#039;KLAR\u00ae Br\u00fdle ochrann\u00e9 CLEARVIEW -<\/title>\n<meta name=\"robots\" content=\"index, follow, max-snippet:-1, max-image-preview:large, max-video-preview:-1\" \/>\n<link rel=\"canonical\" href=\"https:\/\/www.domkraftpro.com\/index.php\/produkt\/posledni-sance-schuller-eh-klar-r-bryle-ochranne-clearview-15565\/\" \/>\n<meta property=\"og:locale\" content=\"cs_CZ\" \/>\n<meta property=\"og:type\" content=\"article\" \/>\n<meta property=\"og:title\" content=\"Posledn\u00ed \u0160ance SCHULLER EH&#039;KLAR\u00ae Br\u00fdle ochrann\u00e9 CLEARVIEW -\" \/>\n<meta property=\"og:description\" content=\"Detailn\u00ed popis produktu SCHULLER EH&#8217;KLAR\u00ae 42493 Br\u00fdle ochrann\u00e9 CLEARVIEW &nbsp; Ochrann\u00e9 br\u00fdle CLEARVIEW poskytuj\u00ed vysok\u00fd komfort no\u0161en\u00ed, bo\u010dn\u00ed ochranu a flexibiln\u00ed sed\u00fdlko na nos, chr\u00e1n\u00ed proti pol\u00e9tav\u00fdm \u010d\u00e1stic\u00edm. &nbsp; Vysok\u00fd komfort no\u0161en\u00ed: Ergonomick\u00fd design s m\u011bkk\u00fdm zakon\u010den\u00edm pro maxim\u00e1ln\u00ed pohodl\u00ed. Bo\u010dn\u00ed ochrana: Efektivn\u00ed ochrana proti pol\u00e9tav\u00fdm \u010d\u00e1stic\u00edm z r\u016fzn\u00fdch sm\u011br\u016f. Flexibiln\u00ed sed\u00fdlko na nos: P\u0159izp\u016fsobiv\u00e9 [&hellip;]\" \/>\n<meta property=\"og:url\" content=\"https:\/\/www.domkraftpro.com\/index.php\/produkt\/posledni-sance-schuller-eh-klar-r-bryle-ochranne-clearview-15565\/\" \/>\n<meta property=\"og:image\" content=\"https:\/\/www.domkraftpro.com\/wp-content\/uploads\/2026\/SK0007270-CZ20260425-092522-0-1777080324-116892_schuller-clearview.webp\" \/>\n\t<meta property=\"og:image:width\" content=\"1000\" \/>\n\t<meta property=\"og:image:height\" content=\"750\" \/>\n\t<meta property=\"og:image:type\" content=\"image\/webp\" \/>\n<meta name=\"twitter:card\" content=\"summary_large_image\" \/>\n<meta name=\"twitter:label1\" content=\"Odhadovan\u00e1 doba \u010dten\u00ed\" \/>\n\t<meta name=\"twitter:data1\" content=\"2 minuty\" \/>\n<script type=\"application\/ld+json\" class=\"yoast-schema-graph\">{\"@context\":\"https:\/\/schema.org\",\"@graph\":[{\"@type\":\"WebPage\",\"@id\":\"https:\/\/www.domkraftpro.com\/index.php\/produkt\/posledni-sance-schuller-eh-klar-r-bryle-ochranne-clearview-15565\/\",\"url\":\"https:\/\/www.domkraftpro.com\/index.php\/produkt\/posledni-sance-schuller-eh-klar-r-bryle-ochranne-clearview-15565\/\",\"name\":\"Posledn\u00ed \u0160ance SCHULLER EH'KLAR\u00ae Br\u00fdle ochrann\u00e9 CLEARVIEW -\",\"isPartOf\":{\"@id\":\"https:\/\/www.domkraftpro.com\/#website\"},\"primaryImageOfPage\":{\"@id\":\"https:\/\/www.domkraftpro.com\/index.php\/produkt\/posledni-sance-schuller-eh-klar-r-bryle-ochranne-clearview-15565\/#primaryimage\"},\"image\":{\"@id\":\"https:\/\/www.domkraftpro.com\/index.php\/produkt\/posledni-sance-schuller-eh-klar-r-bryle-ochranne-clearview-15565\/#primaryimage\"},\"thumbnailUrl\":\"https:\/\/www.domkraftpro.com\/wp-content\/uploads\/2026\/SK0007270-CZ20260425-092522-0-1777080324-116892_schuller-clearview.webp\",\"datePublished\":\"2026-04-27T04:41:01+00:00\",\"breadcrumb\":{\"@id\":\"https:\/\/www.domkraftpro.com\/index.php\/produkt\/posledni-sance-schuller-eh-klar-r-bryle-ochranne-clearview-15565\/#breadcrumb\"},\"inLanguage\":\"cs\",\"potentialAction\":[{\"@type\":\"ReadAction\",\"target\":[\"https:\/\/www.domkraftpro.com\/index.php\/produkt\/posledni-sance-schuller-eh-klar-r-bryle-ochranne-clearview-15565\/\"]}]},{\"@type\":\"ImageObject\",\"inLanguage\":\"cs\",\"@id\":\"https:\/\/www.domkraftpro.com\/index.php\/produkt\/posledni-sance-schuller-eh-klar-r-bryle-ochranne-clearview-15565\/#primaryimage\",\"url\":\"https:\/\/www.domkraftpro.com\/wp-content\/uploads\/2026\/SK0007270-CZ20260425-092522-0-1777080324-116892_schuller-clearview.webp\",\"contentUrl\":\"https:\/\/www.domkraftpro.com\/wp-content\/uploads\/2026\/SK0007270-CZ20260425-092522-0-1777080324-116892_schuller-clearview.webp\",\"width\":1000,\"height\":750},{\"@type\":\"BreadcrumbList\",\"@id\":\"https:\/\/www.domkraftpro.com\/index.php\/produkt\/posledni-sance-schuller-eh-klar-r-bryle-ochranne-clearview-15565\/#breadcrumb\",\"itemListElement\":[{\"@type\":\"ListItem\",\"position\":1,\"name\":\"Home\",\"item\":\"https:\/\/www.domkraftpro.com\/\"},{\"@type\":\"ListItem\",\"position\":2,\"name\":\"Products\",\"item\":\"https:\/\/www.domkraftpro.com\/index.php\/products\/\"},{\"@type\":\"ListItem\",\"position\":3,\"name\":\"Posledn\u00ed \u0160ance SCHULLER EH&#8217;KLAR\u00ae Br\u00fdle ochrann\u00e9 CLEARVIEW\"}]},{\"@type\":\"WebSite\",\"@id\":\"https:\/\/www.domkraftpro.com\/#website\",\"url\":\"https:\/\/www.domkraftpro.com\/\",\"name\":\"\",\"description\":\"\",\"potentialAction\":[{\"@type\":\"SearchAction\",\"target\":{\"@type\":\"EntryPoint\",\"urlTemplate\":\"https:\/\/www.domkraftpro.com\/?s={search_term_string}\"},\"query-input\":{\"@type\":\"PropertyValueSpecification\",\"valueRequired\":true,\"valueName\":\"search_term_string\"}}],\"inLanguage\":\"cs\"}]}<\/script>\n<!-- \/ Yoast SEO plugin. -->","yoast_head_json":{"title":"Posledn\u00ed \u0160ance SCHULLER EH'KLAR\u00ae Br\u00fdle ochrann\u00e9 CLEARVIEW -","robots":{"index":"index","follow":"follow","max-snippet":"max-snippet:-1","max-image-preview":"max-image-preview:large","max-video-preview":"max-video-preview:-1"},"canonical":"https:\/\/www.domkraftpro.com\/index.php\/produkt\/posledni-sance-schuller-eh-klar-r-bryle-ochranne-clearview-15565\/","og_locale":"cs_CZ","og_type":"article","og_title":"Posledn\u00ed \u0160ance SCHULLER EH'KLAR\u00ae Br\u00fdle ochrann\u00e9 CLEARVIEW -","og_description":"Detailn\u00ed popis produktu SCHULLER EH&#8217;KLAR\u00ae 42493 Br\u00fdle ochrann\u00e9 CLEARVIEW &nbsp; Ochrann\u00e9 br\u00fdle CLEARVIEW poskytuj\u00ed vysok\u00fd komfort no\u0161en\u00ed, bo\u010dn\u00ed ochranu a flexibiln\u00ed sed\u00fdlko na nos, chr\u00e1n\u00ed proti pol\u00e9tav\u00fdm \u010d\u00e1stic\u00edm. &nbsp; Vysok\u00fd komfort no\u0161en\u00ed: Ergonomick\u00fd design s m\u011bkk\u00fdm zakon\u010den\u00edm pro maxim\u00e1ln\u00ed pohodl\u00ed. Bo\u010dn\u00ed ochrana: Efektivn\u00ed ochrana proti pol\u00e9tav\u00fdm \u010d\u00e1stic\u00edm z r\u016fzn\u00fdch sm\u011br\u016f. Flexibiln\u00ed sed\u00fdlko na nos: P\u0159izp\u016fsobiv\u00e9 [&hellip;]","og_url":"https:\/\/www.domkraftpro.com\/index.php\/produkt\/posledni-sance-schuller-eh-klar-r-bryle-ochranne-clearview-15565\/","og_image":[{"width":1000,"height":750,"url":"https:\/\/www.domkraftpro.com\/wp-content\/uploads\/2026\/SK0007270-CZ20260425-092522-0-1777080324-116892_schuller-clearview.webp","type":"image\/webp"}],"twitter_card":"summary_large_image","twitter_misc":{"Odhadovan\u00e1 doba \u010dten\u00ed":"2 minuty"},"schema":{"@context":"https:\/\/schema.org","@graph":[{"@type":"WebPage","@id":"https:\/\/www.domkraftpro.com\/index.php\/produkt\/posledni-sance-schuller-eh-klar-r-bryle-ochranne-clearview-15565\/","url":"https:\/\/www.domkraftpro.com\/index.php\/produkt\/posledni-sance-schuller-eh-klar-r-bryle-ochranne-clearview-15565\/","name":"Posledn\u00ed \u0160ance SCHULLER EH'KLAR\u00ae Br\u00fdle ochrann\u00e9 CLEARVIEW -","isPartOf":{"@id":"https:\/\/www.domkraftpro.com\/#website"},"primaryImageOfPage":{"@id":"https:\/\/www.domkraftpro.com\/index.php\/produkt\/posledni-sance-schuller-eh-klar-r-bryle-ochranne-clearview-15565\/#primaryimage"},"image":{"@id":"https:\/\/www.domkraftpro.com\/index.php\/produkt\/posledni-sance-schuller-eh-klar-r-bryle-ochranne-clearview-15565\/#primaryimage"},"thumbnailUrl":"https:\/\/www.domkraftpro.com\/wp-content\/uploads\/2026\/SK0007270-CZ20260425-092522-0-1777080324-116892_schuller-clearview.webp","datePublished":"2026-04-27T04:41:01+00:00","breadcrumb":{"@id":"https:\/\/www.domkraftpro.com\/index.php\/produkt\/posledni-sance-schuller-eh-klar-r-bryle-ochranne-clearview-15565\/#breadcrumb"},"inLanguage":"cs","potentialAction":[{"@type":"ReadAction","target":["https:\/\/www.domkraftpro.com\/index.php\/produkt\/posledni-sance-schuller-eh-klar-r-bryle-ochranne-clearview-15565\/"]}]},{"@type":"ImageObject","inLanguage":"cs","@id":"https:\/\/www.domkraftpro.com\/index.php\/produkt\/posledni-sance-schuller-eh-klar-r-bryle-ochranne-clearview-15565\/#primaryimage","url":"https:\/\/www.domkraftpro.com\/wp-content\/uploads\/2026\/SK0007270-CZ20260425-092522-0-1777080324-116892_schuller-clearview.webp","contentUrl":"https:\/\/www.domkraftpro.com\/wp-content\/uploads\/2026\/SK0007270-CZ20260425-092522-0-1777080324-116892_schuller-clearview.webp","width":1000,"height":750},{"@type":"BreadcrumbList","@id":"https:\/\/www.domkraftpro.com\/index.php\/produkt\/posledni-sance-schuller-eh-klar-r-bryle-ochranne-clearview-15565\/#breadcrumb","itemListElement":[{"@type":"ListItem","position":1,"name":"Home","item":"https:\/\/www.domkraftpro.com\/"},{"@type":"ListItem","position":2,"name":"Products","item":"https:\/\/www.domkraftpro.com\/index.php\/products\/"},{"@type":"ListItem","position":3,"name":"Posledn\u00ed \u0160ance SCHULLER EH&#8217;KLAR\u00ae Br\u00fdle ochrann\u00e9 CLEARVIEW"}]},{"@type":"WebSite","@id":"https:\/\/www.domkraftpro.com\/#website","url":"https:\/\/www.domkraftpro.com\/","name":"","description":"","potentialAction":[{"@type":"SearchAction","target":{"@type":"EntryPoint","urlTemplate":"https:\/\/www.domkraftpro.com\/?s={search_term_string}"},"query-input":{"@type":"PropertyValueSpecification","valueRequired":true,"valueName":"search_term_string"}}],"inLanguage":"cs"}]}},"_links":{"self":[{"href":"https:\/\/www.domkraftpro.com\/index.php\/wp-json\/wp\/v2\/product\/15565","targetHints":{"allow":["GET"]}}],"collection":[{"href":"https:\/\/www.domkraftpro.com\/index.php\/wp-json\/wp\/v2\/product"}],"about":[{"href":"https:\/\/www.domkraftpro.com\/index.php\/wp-json\/wp\/v2\/types\/product"}],"replies":[{"embeddable":true,"href":"https:\/\/www.domkraftpro.com\/index.php\/wp-json\/wp\/v2\/comments?post=15565"}],"wp:featuredmedia":[{"embeddable":true,"href":"https:\/\/www.domkraftpro.com\/index.php\/wp-json\/wp\/v2\/media\/15665"}],"wp:attachment":[{"href":"https:\/\/www.domkraftpro.com\/index.php\/wp-json\/wp\/v2\/media?parent=15565"}],"wp:term":[{"taxonomy":"product_brand","embeddable":true,"href":"https:\/\/www.domkraftpro.com\/index.php\/wp-json\/wp\/v2\/product_brand?post=15565"},{"taxonomy":"product_cat","embeddable":true,"href":"https:\/\/www.domkraftpro.com\/index.php\/wp-json\/wp\/v2\/product_cat?post=15565"},{"taxonomy":"product_tag","embeddable":true,"href":"https:\/\/www.domkraftpro.com\/index.php\/wp-json\/wp\/v2\/product_tag?post=15565"}],"curies":[{"name":"wp","href":"https:\/\/api.w.org\/{rel}","templated":true}]}}