{"id":15543,"date":"2026-04-27T04:41:01","date_gmt":"2026-04-27T04:41:01","guid":{"rendered":""},"modified":"2026-04-27T04:41:01","modified_gmt":"2026-04-27T04:41:01","slug":"superkov-r-antikorozni-synteticka-barva-na-kov-overeny-15543","status":"publish","type":"product","link":"https:\/\/www.domkraftpro.com\/index.php\/produkt\/superkov-r-antikorozni-synteticka-barva-na-kov-overeny-15543\/","title":{"rendered":"SUPERKOV\u00ae Antikorozn\u00ed syntetick\u00e1 barva na kov Ov\u011b\u0159en\u00fd"},"content":{"rendered":"<div class=\"basic-description\">\n<h3>Detailn\u00ed popis produktu<\/h3>\n<table height=\"5\" style=\"width: 850px;\">\n<tbody>\n<tr>\n<td style=\"width: 708.875px;\">\n<h1><strong>SUPERKOV\u00ae Antikorozn\u00ed <span class=\"show-tooltip\" title=\"&quot;Syntetick\u00fd&quot; je term\u00edn pou\u017e\u00edvan\u00fd k popisu n\u011b\u010deho, co bylo vyrobeno nebo vytvo\u0159eno \u010dlov\u011bkem, na rozd\u00edl od p\u0159\u00edrodn\u00edho p\u016fvodu. V kontextu materi\u00e1l\u016f, vl\u00e1ken, l\u00e1tek nebo chemick\u00fdch slou\u010denin, slovo &quot;syntetick\u00fd&quot; ozna\u010duje um\u011ble vytvo\u0159en\u00e9 nebo vyroben\u00e9 v\u011bci,&amp;hellip;\">syntetick\u00e1<\/span> barva na <span class=\"show-tooltip\" title=\"Kovy&amp;nbsp;tvo\u0159\u00ed spole\u010dn\u011b s&amp;nbsp;polokovy&amp;nbsp;a&amp;nbsp;nekovy&amp;nbsp;t\u0159i hlavn\u00ed skupiny&amp;nbsp;chemick\u00fdch prvk\u016f. Rozd\u011blen\u00ed je prov\u00e1d\u011bno s ohledem na&amp;nbsp;vazebn\u00e9&amp;nbsp;a&amp;nbsp;ioniza\u010dn\u00ed&amp;nbsp;vlastnosti prvk\u016f. Kovy jsou charakterizovan\u00e9&amp;hellip;\">kov<\/span><\/strong><\/h1>\n<\/td>\n<td style=\"width: 139.125px;\"><\/td>\n<\/tr>\n<\/tbody>\n<\/table>\n<table width=\"850\" height=\"43\">\n<tbody>\n<tr>\n<td style=\"width: 849px;\">\n<div>&nbsp;<\/div>\n<div><span style=\"font-size: 12pt;\"><strong>Superkov\u00ae je vysoce \u00fa\u010dinn\u00e1 antikorozn\u00ed matn\u00e1 syntetick\u00e1 barva na kovov\u00e9 materi\u00e1ly. <\/strong><\/span><\/div>\n<div>&nbsp;<\/div>\n<div><span style=\"font-size: 12pt;\"><span style=\"font-size: 11pt;\">\u058d Kombinuje z\u00e1kladn\u00ed a vrchn\u00ed alkydov\u00fd n\u00e1t\u011br v jednom produktu, kter\u00fd poskytuje vynikaj\u00edc\u00ed ochranu proti pov\u011btrnostn\u00edm vliv\u016fm a UV z\u00e1\u0159en\u00ed. <\/span><\/span><\/div>\n<div><span style=\"font-size: 12pt;\"><span style=\"font-size: 11pt;\">\u058d D\u00edky sv\u00e9 vysok\u00e9 <span class=\"show-tooltip\" title=\"Pru\u017enost je vlastnost materi\u00e1l\u016f, kter\u00e1 se projevuje jejich schopnost\u00ed vracet se do p\u016fvodn\u00edho tvaru po odstran\u011bn\u00ed vn\u011bj\u0161\u00edch sil, kter\u00e9 na n\u011b p\u016fsobily. Pru\u017en\u00e9 materi\u00e1ly se deformuj\u00ed, kdy\u017e jsou vystaveny zat\u00ed\u017een\u00ed, a po odstran\u011bn\u00ed tohoto zat\u00ed\u017een\u00ed se op\u011bt&amp;hellip;\">pru\u017enosti<\/span> zvl\u00e1d\u00e1 i v\u00fdrazn\u00e9 <span class=\"show-tooltip\" title=\"Teplota&amp;nbsp;je charakteristika tepeln\u00e9ho&amp;nbsp;stavu&amp;nbsp;hmoty. Je to jedna z nejd\u016fle\u017eit\u011bj\u0161\u00edch fyzik\u00e1ln\u00edch veli\u010din. Teplota ovliv\u0148uje aktivitu (energii) ve\u0161ker\u00fdch \u010d\u00e1stic ve vesm\u00edru a zp\u016fsobuje zm\u011bnu rozm\u011br\u016f, tvaru&amp;hellip;\">teplotn\u00ed<\/span> v\u00fdkyvy a je vhodn\u00fd pro nov\u00e9 i star\u00e9 povrchy. <\/span><\/span><\/div>\n<div><span style=\"font-size: 12pt;\"><span style=\"font-size: 11pt;\">\u058d Je rychleschnouc\u00ed a vytv\u00e1\u0159\u00ed matn\u00fd povrch s vysokou kryc\u00ed schopnost\u00ed a dlouhodobou \u017eivotnost\u00ed.<\/span><\/span><\/div>\n<div>&nbsp;<\/div>\n<div><strong>Antikorozn\u00ed ochrana:<\/strong> Z\u00e1kladn\u00ed a vrchn\u00ed n\u00e1t\u011br v jednom.<\/div>\n<div><strong>Odolnost:<\/strong> Odol\u00e1v\u00e1 pov\u011btrnostn\u00edm vliv\u016fm a UV z\u00e1\u0159en\u00ed.<\/div>\n<div><strong>Pru\u017enost:<\/strong> Zvl\u00e1d\u00e1 v\u00fdrazn\u00e9 teplotn\u00ed v\u00fdkyvy.<\/div>\n<div><strong>V\u0161estrannost:<\/strong> Vhodn\u00fd na nov\u00e9 i star\u00e9 povrchy.<\/div>\n<div><strong>Rychleschnouc\u00ed:<\/strong> Zasych\u00e1 na dotek do 4 hodin, <span class=\"show-tooltip\" title=\"&amp;nbsp;Vytvrzen\u00ed je proces, p\u0159i kter\u00e9m se tekut\u00fd, pastovit\u00fd nebo tv\u00e1rn\u00fd materi\u00e1l postupn\u011b m\u011bn\u00ed v pevn\u00fd a mechanicky odoln\u00fd stav. Doch\u00e1z\u00ed p\u0159i n\u011bm ke zm\u011bn\u011b fyzik\u00e1ln\u00edch a\/nebo chemick\u00fdch vlastnost\u00ed materi\u00e1lu, co\u017e z\u00e1sadn\u011b ovliv\u0148uje jeho pevnost,&amp;hellip;\">vytvrzuje<\/span> do 24 hodin.<\/div>\n<div><strong>Vysok\u00e1 kryc\u00ed schopnost:<\/strong> Velk\u00e1 vydatnost n\u00e1t\u011bru.<\/div>\n<div><strong>Dlouhodob\u00e1 \u017eivotnost:<\/strong> Kvalita prov\u011b\u0159en\u00e1 <span class=\"show-tooltip\" title=\"\u010cas&amp;nbsp;(zna\u010dka&amp;nbsp;t) je jednou ze z\u00e1kladn\u00edch&amp;nbsp;fyzik\u00e1ln\u00edch veli\u010din&amp;nbsp;soustavy SI, kter\u00e1 se m\u011b\u0159\u00ed v&amp;nbsp;sekund\u00e1ch&amp;nbsp;(s) pomoc\u00ed&amp;nbsp;hodin. \u010cas ozna\u010duje&amp;nbsp;dobu, kter\u00e1 uplyne mezi dv\u011bma okam\u017eiky. V&amp;nbsp;jin\u00e9m ch\u00e1p\u00e1n\u00ed je \u010das poj\u00edm\u00e1n&amp;hellip;\">\u010dasem<\/span>.<\/div>\n<div><strong>Vysok\u00e1 vydatnost:<\/strong> Teoretick\u00e1 vydatnost je 7\u20139 m\u00b2 z 1 kg.<\/div>\n<h4><strong>Pou\u017eit\u00ed<\/strong><\/h4>\n<div><strong>\u058d Vhodn\u00fd pro venkovn\u00ed i vnit\u0159n\u00ed n\u00e1t\u011bry kov\u016f, jako jsou plechov\u00e9 st\u0159e\u0161n\u00ed krytiny, <span class=\"show-tooltip\" title=\"Ocel je slitina \u017eeleza s mal\u00fdm obsahem uhl\u00edku a dal\u0161\u00edmi p\u0159\u00edm\u011bsemi. Je to jeden z nejb\u011b\u017en\u011bji pou\u017e\u00edvan\u00fdch materi\u00e1l\u016f v pr\u016fmyslu a&amp;nbsp;stavebnictv\u00ed d\u00edky sv\u00fdm vlastnostem, kter\u00e9 zahrnuj\u00ed pevnost, tv\u00e1rnost a odolnost.&amp;nbsp;Z\u00e1kladn\u00ed slo\u017ekou&amp;hellip;\">ocelov\u00e9<\/span> <span class=\"show-tooltip\" title=\"Konstrukce je proces tvorby a sestaven\u00ed r\u016fzn\u00fdch prvk\u016f nebo sou\u010d\u00e1st\u00ed do funk\u010dn\u00edho celku, kter\u00fd m\u016f\u017ee slou\u017eit k ur\u010dit\u00e9mu \u00fa\u010delu. V kontextu stavebnictv\u00ed a in\u017een\u00fdrstv\u00ed zahrnuje konstrukce tvorbu budov, most\u016f, silnic, pr\u016fmyslov\u00fdch za\u0159\u00edzen\u00ed,&amp;hellip;\">konstrukce<\/span>, z\u00e1rubn\u011b, okapy, ploty a dal\u0161\u00ed kovov\u00e9 materi\u00e1ly.<\/strong><\/div>\n<h4><strong>P\u0159\u00edprava podkladu a zp\u016fsob nan\u00e1\u0161en\u00ed<\/strong><\/h4>\n<div><strong>P\u0159\u00edprava:<\/strong> Nat\u00edran\u00e9 plochy mus\u00ed b\u00fdt such\u00e9, odma\u0161t\u011bn\u00e9 a zbaven\u00e9 ne\u010distot, rzi a star\u00fdch nep\u0159ilnav\u00fdch n\u00e1t\u011br\u016f.<\/div>\n<div><strong>M\u00edch\u00e1n\u00ed:<\/strong> P\u0159ed pou\u017eit\u00edm d\u016fkladn\u011b rozm\u00edchejte <span class=\"show-tooltip\" title=\"&amp;nbsp;Obsah je fyzik\u00e1ln\u00ed veli\u010dina, kter\u00e1 vyjad\u0159uje plochu n\u011bjak\u00e9ho geometrick\u00e9ho tvaru. Obsah se zpravidla m\u011b\u0159\u00ed v \u010dtvere\u010dn\u00fdch jednotk\u00e1ch, nap\u0159\u00edklad \u010dtvere\u010dn\u00fdch metrech (m\u00b2) nebo \u010dtvere\u010dn\u00fdch centimetrech (cm\u00b2).Zde jsou vzorce pro v\u00fdpo\u010det&amp;hellip;\">obsah<\/span> plechovky, p\u0159\u00edpadn\u011b m\u00edrn\u011b na\u0159e\u010fte na pot\u0159ebnou konzistenci.<\/div>\n<div><strong>Aplikace:<\/strong> N\u00e1t\u011br nan\u00e1\u0161ejte <span class=\"show-tooltip\" title=\"\u0160t\u011btec je n\u00e1stroj pou\u017e\u00edvan\u00fd pro malov\u00e1n\u00ed, nan\u00e1\u0161en\u00ed laku, barvy, lepidel nebo jin\u00fdch podobn\u00fdch l\u00e1tek na povrchy. Skl\u00e1d\u00e1 se z h\u0159betu (t\u011bla) a chlup\u016f (vl\u00e1ken), kter\u00e9 jsou p\u0159ipevn\u011bny k h\u0159betu. Chlupy mohou b\u00fdt vyrobeny z r\u016fzn\u00fdch materi\u00e1l\u016f, jako&amp;hellip;\">\u0161t\u011btcem<\/span>, v\u00e1le\u010dkem nebo st\u0159\u00edk\u00e1n\u00edm ve dvou a\u017e t\u0159ech vrstv\u00e1ch p\u0159i teplot\u011b +5 a\u017e +25 \u00b0C.<\/div>\n<div><strong>\u010casov\u00e1n\u00ed:<\/strong> Interval mezi jednotliv\u00fdmi n\u00e1t\u011bry je minim\u00e1ln\u011b 6 hodin p\u0159i teplot\u011b 20 \u00b0C.<\/div>\n<div><strong>Zasych\u00e1n\u00ed:<\/strong> N\u00e1t\u011br zasych\u00e1 na dotek do 4 hodin, vytvrzuje do 24 hodin.<\/div>\n<h4><strong>Doporu\u010den\u00ed<\/strong><\/h4>\n<div>\u058d Povrchy siln\u011b <span class=\"show-tooltip\" title=\"Koroze je proces po\u0161kozen\u00ed a degradace materi\u00e1l\u016f, kter\u00fd vznik\u00e1 v d\u016fsledku reakce mezi materi\u00e1lem a jeho okol\u00edm, obvykle s chemick\u00fdmi l\u00e1tkami, jako je voda, kyseliny nebo plyny. Koroze je \u010dasto spojov\u00e1na s kovov\u00fdmi materi\u00e1ly, ale m\u016f\u017ee&amp;hellip;\">zkorodovan\u00e9<\/span> nebo obt\u00ed\u017en\u011b do\u010distiteln\u00e9 doporu\u010dujeme p\u0159edem opat\u0159it kotv\u00edc\u00edm polyuretanov\u00fdm p\u0159\u00edpravkem Fest primer.<\/div>\n<div>\u058d N\u00e1sledn\u00fd n\u00e1t\u011br Superkov\u00ae aplikujte, kdy\u017e Fest primer je\u0161t\u011b m\u00edrn\u011b lep\u00ed (v rozmez\u00ed 2 a\u017e 24 hodin dle pov\u011btrnostn\u00edch podm\u00ednek). T\u00edm se zv\u00fd\u0161\u00ed kvalita a \u017eivotnost cel\u00e9ho n\u00e1t\u011brov\u00e9ho syst\u00e9mu.<\/div>\n<h4><strong>Upozorn\u011bn\u00ed<\/strong><\/h4>\n<div>\u058d V\u00fdrobce ani prodejce neru\u010d\u00ed za vady zp\u016fsoben\u00e9 nedodr\u017een\u00edm doporu\u010den\u00e9ho technologick\u00e9ho postupu a obecn\u00fdch podm\u00ednek pro aplikaci n\u00e1t\u011brov\u00fdch hmot.<\/div>\n<h4><strong>Technick\u00e1 data<\/strong><\/h4>\n<div><strong>Vzhled:<\/strong> <span class=\"show-tooltip\" title=\"Viskozita je m\u011b\u0159\u00edtko odporu kapaliny proti deformaci nebo pohybu.Je z\u00e1kladn\u00edm pojmem v oblasti reologie (v\u011bda o proud\u011bn\u00ed materi\u00e1l\u016f) a d\u016fle\u017eit\u00e1 pro charakterizaci tekutin a plast\u016f.M\u011b\u0159\u00ed, jak rychle nebo pomalu kapalina te\u010de nebo jak se tvaruje v&amp;hellip;\">Visk\u00f3zn\u00ed<\/span> pigmentovan\u00e1 <span class=\"show-tooltip\" title=\"Kapalina je skupenstv\u00ed l\u00e1tky, kter\u00e9 se vyzna\u010duje t\u00edm, \u017ee m\u00e1 pevn\u00fd objem, ale nen\u00ed schopna udr\u017eet sv\u016fj tvar a p\u0159izp\u016fsobuje se tvaru n\u00e1doby, do kter\u00e9 je um\u00edst\u011bna. Kapaliny zahrnuj\u00ed \u0161irokou \u0161k\u00e1lu l\u00e1tek, od vody a oleje po alkoholy a benz\u00edn.Kapaliny&amp;hellip;\">kapalina<\/span> bez <span class=\"show-tooltip\" title=\"Mechanika je v\u011bdn\u00ed obor, kter\u00fd se zab\u00fdv\u00e1 studiem pohybu a rovnov\u00e1hy t\u011bles, a to jak v klidu, tak v pohybu. Tento obor se rozd\u011bluje do n\u011bkolika hlavn\u00edch oblast\u00ed, kter\u00e9 se li\u0161\u00ed podle typ\u016f sil, pohybov\u00fdch vzorc\u016f a aplikac\u00ed.&amp;nbsp;Mechanika je&amp;hellip;\">mechanick\u00fdch<\/span> ne\u010distot.<\/div>\n<div><strong>Pach:<\/strong> Po pou\u017eit\u00fdch surovin\u00e1ch.<\/div>\n<div><strong>Viskozita:<\/strong> Min. 1000 mPa.s (22 \u00b1 2 \u00b0C, L2, do 2 hodin po nam\u00edch\u00e1n\u00ed).<\/div>\n<div><strong><span class=\"show-tooltip\" title=\"Hustota&amp;nbsp;p\u0159edstavuje hodnotu dan\u00e9&amp;nbsp;veli\u010diny&amp;nbsp;vzta\u017een\u00e9 k&amp;nbsp;jednotkov\u00e9mu&amp;nbsp;objemu&amp;nbsp;(b\u00fdv\u00e1 tak\u00e9 ozna\u010dov\u00e1na jako&amp;nbsp;objemov\u00e1 hustota), jednotkov\u00e9mu&amp;nbsp;obsahu&amp;nbsp;plochy&amp;nbsp;(pak se hovo\u0159\u00ed o&amp;nbsp;plo\u0161n\u00e9 hustot\u011b) nebo&amp;hellip;\">Hustota<\/span>:<\/strong> 1,37\u20131,46 g\/cm\u00b3.<\/div>\n<div><strong>Sl\u00e9vavost:<\/strong> St. 1\u20132.<\/div>\n<div><strong>Zasychavost p\u0159i 22 \u00b1 2 \u00b0C:<\/strong> Max. 2 hodiny na dotek.<\/div>\n<div><strong><span class=\"show-tooltip\" title=\"\u0158ed\u011bn\u00ed je proces, p\u0159i kter\u00e9m se jedna l\u00e1tka (obvykle tekutina) o ur\u010dit\u00e9 hustot\u011b nebo koncentraci \u0159ed\u00ed sm\u00edch\u00e1n\u00edm s jinou l\u00e1tkou ni\u017e\u0161\u00ed hustoty v takov\u00e9m mno\u017estv\u00ed, aby bylo dosa\u017eeno po\u017eadovan\u00e9 v\u00fdsledn\u00e9 sm\u011bsi - roztoku o ni\u017e\u0161\u00ed hustot\u011b.Tento term\u00edn se&amp;hellip;\">\u0158ed\u011bn\u00ed<\/span>:<\/strong> S 6005, S 6006.<\/div>\n<div><strong>Vydatnost:<\/strong> 7\u20139 m\u00b2 z 1 kg na jednu vrstvu p\u0159i obvykl\u00e9 tlou\u0161\u0165ce zaschl\u00e9ho filmu 40\u201350 \u00b5m.<\/div>\n<div>&nbsp;<\/div>\n<div><strong>Balen\u00ed:<\/strong> 0,8 kg, 2,5 kg, 5 kg, 20 kg<\/div>\n<h4><strong>Dostupn\u00e9 odst\u00edny<\/strong><\/h4>\n<div>\u010dervenohn\u011bd\u00fd, <span class=\"show-tooltip\" title=\"Zelen\u00e1 je barva, kter\u00e1 se nach\u00e1z\u00ed mezi modrou a \u017elutou v barevn\u00e9m spektru. Vlnov\u00e1 d\u00e9lka zelen\u00e9ho sv\u011btla se pohybuje mezi 520\u2013570 nm. Zelen\u00e1 je pova\u017eov\u00e1na za uklid\u0148uj\u00edc\u00ed a harmonizuj\u00edc\u00ed barvu, kter\u00e1 vyvol\u00e1v\u00e1 pocit rovnov\u00e1hy a sv\u011b\u017eesti.&amp;nbsp;Je to&amp;hellip;\">zelen\u00fd<\/span>, <span class=\"show-tooltip\" title=\"Hn\u011bd\u00e1 je barva, kter\u00e1 vznik\u00e1 kombinac\u00ed \u010derven\u00e9, \u017elut\u00e9 a \u010dern\u00e9, p\u0159\u00edpadn\u011b ji lze vytvo\u0159it m\u00edch\u00e1n\u00edm oran\u017eov\u00e9 s modrou. Hn\u011bd\u00e1 je zemit\u00e1, p\u0159\u00edrodn\u00ed barva, kter\u00e1 je \u010dasto spojov\u00e1na s stabilitou, odolnost\u00ed a tradic\u00ed. Vlnov\u00e1 d\u00e9lka hn\u011bd\u00e9ho sv\u011btla je slo\u017eena z&amp;hellip;\">hn\u011bd\u00fd<\/span>, <span class=\"show-tooltip\" title=\"\u0160ed\u00e1 je neutr\u00e1ln\u00ed barva, kter\u00e1 vznik\u00e1 kombinac\u00ed \u010dern\u00e9 a b\u00edl\u00e9. Je to barva, kter\u00e1 se nach\u00e1z\u00ed mezi \u010dernou a b\u00edlou na spektru viditeln\u00e9ho sv\u011btla, co\u017e j\u00ed d\u00e1v\u00e1 vlastnost tlumenosti a vyv\u00e1\u017eenosti. \u0160ed\u00e1 je zn\u00e1m\u00e1 svou eleganc\u00ed, neutr\u00e1lnost\u00ed a schopnost\u00ed&amp;hellip;\">\u0161ed\u00fd<\/span>, <span class=\"show-tooltip\" title=\"\u010cern\u00e1 je barva, kter\u00e1 vznik\u00e1 t\u00e9m\u011b\u0159 \u00fapln\u00fdm pohlcen\u00edm viditeln\u00fdch vlnov\u00fdch d\u00e9lek sv\u011btla, co\u017e zp\u016fsobuje, \u017ee lidsk\u00e9 oko nevn\u00edm\u00e1 \u017e\u00e1dn\u00fd odraz sv\u011btla. Je pova\u017eov\u00e1na za nejtmav\u0161\u00ed barvu a \u010dasto b\u00fdv\u00e1 ozna\u010dov\u00e1na jako absence sv\u011btla. Na barevn\u00e9m spektru \u010dern\u00e1&amp;hellip;\">\u010dern\u00fd<\/span><\/div>\n<div>&nbsp;<\/div>\n<div><\/div>\n<\/td>\n<\/tr>\n<\/tbody>\n<\/table>\n<p>&nbsp;<\/p>\n<table width=\"849\" height=\"146\">\n<tbody>\n<tr>\n<td style=\"width: 424px;\"><\/td>\n<td style=\"width: 424px;\"><\/td>\n<\/tr>\n<tr>\n<td style=\"width: 424px;\"><\/td>\n<td style=\"width: 424px;\"><\/td>\n<\/tr>\n<\/tbody>\n<\/table><\/div>\n","protected":false},"excerpt":{"rendered":"<p>Detailn\u00ed popis produktu SUPERKOV\u00ae Antikorozn\u00ed syntetick\u00e1 barva na kov &nbsp; Superkov\u00ae je vysoce \u00fa\u010dinn\u00e1 antikorozn\u00ed matn\u00e1 syntetick\u00e1 barva na kovov\u00e9 materi\u00e1ly. &nbsp; \u058d Kombinuje z\u00e1kladn\u00ed a vrchn\u00ed alkydov\u00fd n\u00e1t\u011br v jednom produktu, kter\u00fd poskytuje vynikaj\u00edc\u00ed ochranu proti pov\u011btrnostn\u00edm vliv\u016fm a UV z\u00e1\u0159en\u00ed. \u058d D\u00edky sv\u00e9 vysok\u00e9 pru\u017enosti zvl\u00e1d\u00e1 i v\u00fdrazn\u00e9 teplotn\u00ed v\u00fdkyvy a je vhodn\u00fd [&hellip;]<\/p>\n","protected":false},"featured_media":15643,"comment_status":"open","ping_status":"open","template":"","meta":[],"product_brand":[],"product_cat":[62],"product_tag":[],"class_list":{"0":"post-15543","1":"product","2":"type-product","3":"status-publish","4":"has-post-thumbnail","6":"product_cat-barvy-amp-laky","8":"first","9":"instock","10":"sale","11":"shipping-taxable","12":"purchasable","13":"product-type-simple"},"yoast_head":"<!-- This site is optimized with the Yoast SEO plugin v26.8 - https:\/\/yoast.com\/product\/yoast-seo-wordpress\/ -->\n<title>SUPERKOV\u00ae Antikorozn\u00ed syntetick\u00e1 barva na kov Ov\u011b\u0159en\u00fd -<\/title>\n<meta name=\"robots\" content=\"index, follow, max-snippet:-1, max-image-preview:large, max-video-preview:-1\" \/>\n<link rel=\"canonical\" href=\"https:\/\/www.domkraftpro.com\/index.php\/produkt\/superkov-r-antikorozni-synteticka-barva-na-kov-overeny-15543\/\" \/>\n<meta property=\"og:locale\" content=\"cs_CZ\" \/>\n<meta property=\"og:type\" content=\"article\" \/>\n<meta property=\"og:title\" content=\"SUPERKOV\u00ae Antikorozn\u00ed syntetick\u00e1 barva na kov Ov\u011b\u0159en\u00fd -\" \/>\n<meta property=\"og:description\" content=\"Detailn\u00ed popis produktu SUPERKOV\u00ae Antikorozn\u00ed syntetick\u00e1 barva na kov &nbsp; Superkov\u00ae je vysoce \u00fa\u010dinn\u00e1 antikorozn\u00ed matn\u00e1 syntetick\u00e1 barva na kovov\u00e9 materi\u00e1ly. &nbsp; \u058d Kombinuje z\u00e1kladn\u00ed a vrchn\u00ed alkydov\u00fd n\u00e1t\u011br v jednom produktu, kter\u00fd poskytuje vynikaj\u00edc\u00ed ochranu proti pov\u011btrnostn\u00edm vliv\u016fm a UV z\u00e1\u0159en\u00ed. \u058d D\u00edky sv\u00e9 vysok\u00e9 pru\u017enosti zvl\u00e1d\u00e1 i v\u00fdrazn\u00e9 teplotn\u00ed v\u00fdkyvy a je vhodn\u00fd [&hellip;]\" \/>\n<meta property=\"og:url\" content=\"https:\/\/www.domkraftpro.com\/index.php\/produkt\/superkov-r-antikorozni-synteticka-barva-na-kov-overeny-15543\/\" \/>\n<meta property=\"og:image\" content=\"https:\/\/www.domkraftpro.com\/wp-content\/uploads\/2026\/SK0007248-CZ20260425-092522-0-1777080324-116814_superkov-0-8.webp\" \/>\n\t<meta property=\"og:image:width\" content=\"1000\" \/>\n\t<meta property=\"og:image:height\" content=\"750\" \/>\n\t<meta property=\"og:image:type\" content=\"image\/webp\" \/>\n<meta name=\"twitter:card\" content=\"summary_large_image\" \/>\n<meta name=\"twitter:label1\" content=\"Odhadovan\u00e1 doba \u010dten\u00ed\" \/>\n\t<meta name=\"twitter:data1\" content=\"2 minuty\" \/>\n<script type=\"application\/ld+json\" class=\"yoast-schema-graph\">{\"@context\":\"https:\/\/schema.org\",\"@graph\":[{\"@type\":\"WebPage\",\"@id\":\"https:\/\/www.domkraftpro.com\/index.php\/produkt\/superkov-r-antikorozni-synteticka-barva-na-kov-overeny-15543\/\",\"url\":\"https:\/\/www.domkraftpro.com\/index.php\/produkt\/superkov-r-antikorozni-synteticka-barva-na-kov-overeny-15543\/\",\"name\":\"SUPERKOV\u00ae Antikorozn\u00ed syntetick\u00e1 barva na kov Ov\u011b\u0159en\u00fd -\",\"isPartOf\":{\"@id\":\"https:\/\/www.domkraftpro.com\/#website\"},\"primaryImageOfPage\":{\"@id\":\"https:\/\/www.domkraftpro.com\/index.php\/produkt\/superkov-r-antikorozni-synteticka-barva-na-kov-overeny-15543\/#primaryimage\"},\"image\":{\"@id\":\"https:\/\/www.domkraftpro.com\/index.php\/produkt\/superkov-r-antikorozni-synteticka-barva-na-kov-overeny-15543\/#primaryimage\"},\"thumbnailUrl\":\"https:\/\/www.domkraftpro.com\/wp-content\/uploads\/2026\/SK0007248-CZ20260425-092522-0-1777080324-116814_superkov-0-8.webp\",\"datePublished\":\"2026-04-27T04:41:01+00:00\",\"breadcrumb\":{\"@id\":\"https:\/\/www.domkraftpro.com\/index.php\/produkt\/superkov-r-antikorozni-synteticka-barva-na-kov-overeny-15543\/#breadcrumb\"},\"inLanguage\":\"cs\",\"potentialAction\":[{\"@type\":\"ReadAction\",\"target\":[\"https:\/\/www.domkraftpro.com\/index.php\/produkt\/superkov-r-antikorozni-synteticka-barva-na-kov-overeny-15543\/\"]}]},{\"@type\":\"ImageObject\",\"inLanguage\":\"cs\",\"@id\":\"https:\/\/www.domkraftpro.com\/index.php\/produkt\/superkov-r-antikorozni-synteticka-barva-na-kov-overeny-15543\/#primaryimage\",\"url\":\"https:\/\/www.domkraftpro.com\/wp-content\/uploads\/2026\/SK0007248-CZ20260425-092522-0-1777080324-116814_superkov-0-8.webp\",\"contentUrl\":\"https:\/\/www.domkraftpro.com\/wp-content\/uploads\/2026\/SK0007248-CZ20260425-092522-0-1777080324-116814_superkov-0-8.webp\",\"width\":1000,\"height\":750},{\"@type\":\"BreadcrumbList\",\"@id\":\"https:\/\/www.domkraftpro.com\/index.php\/produkt\/superkov-r-antikorozni-synteticka-barva-na-kov-overeny-15543\/#breadcrumb\",\"itemListElement\":[{\"@type\":\"ListItem\",\"position\":1,\"name\":\"Home\",\"item\":\"https:\/\/www.domkraftpro.com\/\"},{\"@type\":\"ListItem\",\"position\":2,\"name\":\"Products\",\"item\":\"https:\/\/www.domkraftpro.com\/index.php\/products\/\"},{\"@type\":\"ListItem\",\"position\":3,\"name\":\"SUPERKOV\u00ae Antikorozn\u00ed syntetick\u00e1 barva na kov Ov\u011b\u0159en\u00fd\"}]},{\"@type\":\"WebSite\",\"@id\":\"https:\/\/www.domkraftpro.com\/#website\",\"url\":\"https:\/\/www.domkraftpro.com\/\",\"name\":\"\",\"description\":\"\",\"potentialAction\":[{\"@type\":\"SearchAction\",\"target\":{\"@type\":\"EntryPoint\",\"urlTemplate\":\"https:\/\/www.domkraftpro.com\/?s={search_term_string}\"},\"query-input\":{\"@type\":\"PropertyValueSpecification\",\"valueRequired\":true,\"valueName\":\"search_term_string\"}}],\"inLanguage\":\"cs\"}]}<\/script>\n<!-- \/ Yoast SEO plugin. -->","yoast_head_json":{"title":"SUPERKOV\u00ae Antikorozn\u00ed syntetick\u00e1 barva na kov Ov\u011b\u0159en\u00fd -","robots":{"index":"index","follow":"follow","max-snippet":"max-snippet:-1","max-image-preview":"max-image-preview:large","max-video-preview":"max-video-preview:-1"},"canonical":"https:\/\/www.domkraftpro.com\/index.php\/produkt\/superkov-r-antikorozni-synteticka-barva-na-kov-overeny-15543\/","og_locale":"cs_CZ","og_type":"article","og_title":"SUPERKOV\u00ae Antikorozn\u00ed syntetick\u00e1 barva na kov Ov\u011b\u0159en\u00fd -","og_description":"Detailn\u00ed popis produktu SUPERKOV\u00ae Antikorozn\u00ed syntetick\u00e1 barva na kov &nbsp; Superkov\u00ae je vysoce \u00fa\u010dinn\u00e1 antikorozn\u00ed matn\u00e1 syntetick\u00e1 barva na kovov\u00e9 materi\u00e1ly. &nbsp; \u058d Kombinuje z\u00e1kladn\u00ed a vrchn\u00ed alkydov\u00fd n\u00e1t\u011br v jednom produktu, kter\u00fd poskytuje vynikaj\u00edc\u00ed ochranu proti pov\u011btrnostn\u00edm vliv\u016fm a UV z\u00e1\u0159en\u00ed. \u058d D\u00edky sv\u00e9 vysok\u00e9 pru\u017enosti zvl\u00e1d\u00e1 i v\u00fdrazn\u00e9 teplotn\u00ed v\u00fdkyvy a je vhodn\u00fd [&hellip;]","og_url":"https:\/\/www.domkraftpro.com\/index.php\/produkt\/superkov-r-antikorozni-synteticka-barva-na-kov-overeny-15543\/","og_image":[{"width":1000,"height":750,"url":"https:\/\/www.domkraftpro.com\/wp-content\/uploads\/2026\/SK0007248-CZ20260425-092522-0-1777080324-116814_superkov-0-8.webp","type":"image\/webp"}],"twitter_card":"summary_large_image","twitter_misc":{"Odhadovan\u00e1 doba \u010dten\u00ed":"2 minuty"},"schema":{"@context":"https:\/\/schema.org","@graph":[{"@type":"WebPage","@id":"https:\/\/www.domkraftpro.com\/index.php\/produkt\/superkov-r-antikorozni-synteticka-barva-na-kov-overeny-15543\/","url":"https:\/\/www.domkraftpro.com\/index.php\/produkt\/superkov-r-antikorozni-synteticka-barva-na-kov-overeny-15543\/","name":"SUPERKOV\u00ae Antikorozn\u00ed syntetick\u00e1 barva na kov Ov\u011b\u0159en\u00fd -","isPartOf":{"@id":"https:\/\/www.domkraftpro.com\/#website"},"primaryImageOfPage":{"@id":"https:\/\/www.domkraftpro.com\/index.php\/produkt\/superkov-r-antikorozni-synteticka-barva-na-kov-overeny-15543\/#primaryimage"},"image":{"@id":"https:\/\/www.domkraftpro.com\/index.php\/produkt\/superkov-r-antikorozni-synteticka-barva-na-kov-overeny-15543\/#primaryimage"},"thumbnailUrl":"https:\/\/www.domkraftpro.com\/wp-content\/uploads\/2026\/SK0007248-CZ20260425-092522-0-1777080324-116814_superkov-0-8.webp","datePublished":"2026-04-27T04:41:01+00:00","breadcrumb":{"@id":"https:\/\/www.domkraftpro.com\/index.php\/produkt\/superkov-r-antikorozni-synteticka-barva-na-kov-overeny-15543\/#breadcrumb"},"inLanguage":"cs","potentialAction":[{"@type":"ReadAction","target":["https:\/\/www.domkraftpro.com\/index.php\/produkt\/superkov-r-antikorozni-synteticka-barva-na-kov-overeny-15543\/"]}]},{"@type":"ImageObject","inLanguage":"cs","@id":"https:\/\/www.domkraftpro.com\/index.php\/produkt\/superkov-r-antikorozni-synteticka-barva-na-kov-overeny-15543\/#primaryimage","url":"https:\/\/www.domkraftpro.com\/wp-content\/uploads\/2026\/SK0007248-CZ20260425-092522-0-1777080324-116814_superkov-0-8.webp","contentUrl":"https:\/\/www.domkraftpro.com\/wp-content\/uploads\/2026\/SK0007248-CZ20260425-092522-0-1777080324-116814_superkov-0-8.webp","width":1000,"height":750},{"@type":"BreadcrumbList","@id":"https:\/\/www.domkraftpro.com\/index.php\/produkt\/superkov-r-antikorozni-synteticka-barva-na-kov-overeny-15543\/#breadcrumb","itemListElement":[{"@type":"ListItem","position":1,"name":"Home","item":"https:\/\/www.domkraftpro.com\/"},{"@type":"ListItem","position":2,"name":"Products","item":"https:\/\/www.domkraftpro.com\/index.php\/products\/"},{"@type":"ListItem","position":3,"name":"SUPERKOV\u00ae Antikorozn\u00ed syntetick\u00e1 barva na kov Ov\u011b\u0159en\u00fd"}]},{"@type":"WebSite","@id":"https:\/\/www.domkraftpro.com\/#website","url":"https:\/\/www.domkraftpro.com\/","name":"","description":"","potentialAction":[{"@type":"SearchAction","target":{"@type":"EntryPoint","urlTemplate":"https:\/\/www.domkraftpro.com\/?s={search_term_string}"},"query-input":{"@type":"PropertyValueSpecification","valueRequired":true,"valueName":"search_term_string"}}],"inLanguage":"cs"}]}},"_links":{"self":[{"href":"https:\/\/www.domkraftpro.com\/index.php\/wp-json\/wp\/v2\/product\/15543","targetHints":{"allow":["GET"]}}],"collection":[{"href":"https:\/\/www.domkraftpro.com\/index.php\/wp-json\/wp\/v2\/product"}],"about":[{"href":"https:\/\/www.domkraftpro.com\/index.php\/wp-json\/wp\/v2\/types\/product"}],"replies":[{"embeddable":true,"href":"https:\/\/www.domkraftpro.com\/index.php\/wp-json\/wp\/v2\/comments?post=15543"}],"wp:featuredmedia":[{"embeddable":true,"href":"https:\/\/www.domkraftpro.com\/index.php\/wp-json\/wp\/v2\/media\/15643"}],"wp:attachment":[{"href":"https:\/\/www.domkraftpro.com\/index.php\/wp-json\/wp\/v2\/media?parent=15543"}],"wp:term":[{"taxonomy":"product_brand","embeddable":true,"href":"https:\/\/www.domkraftpro.com\/index.php\/wp-json\/wp\/v2\/product_brand?post=15543"},{"taxonomy":"product_cat","embeddable":true,"href":"https:\/\/www.domkraftpro.com\/index.php\/wp-json\/wp\/v2\/product_cat?post=15543"},{"taxonomy":"product_tag","embeddable":true,"href":"https:\/\/www.domkraftpro.com\/index.php\/wp-json\/wp\/v2\/product_tag?post=15543"}],"curies":[{"name":"wp","href":"https:\/\/api.w.org\/{rel}","templated":true}]}}