{"id":15540,"date":"2026-04-27T04:41:01","date_gmt":"2026-04-27T04:41:01","guid":{"rendered":""},"modified":"2026-04-27T04:41:01","modified_gmt":"2026-04-27T04:41:01","slug":"koupit-online-detakryl-protiplisnovy-r-snehobily-malirsky-nater-15540","status":"publish","type":"product","link":"https:\/\/www.domkraftpro.com\/index.php\/produkt\/koupit-online-detakryl-protiplisnovy-r-snehobily-malirsky-nater-15540\/","title":{"rendered":"Koupit Online DETAKRYL protipl\u00eds\u0148ov\u00fd\u00ae Sn\u011bhob\u00edl\u00fd mal\u00ed\u0159sk\u00fd n\u00e1t\u011br"},"content":{"rendered":"<div class=\"basic-description\">\n<h3>Detailn\u00ed popis produktu<\/h3>\n<table height=\"5\" style=\"width: 850px;\">\n<tbody>\n<tr>\n<td style=\"width: 709.875px;\">\n<h1><strong>DETAKRYL protipl\u00eds\u0148ov\u00fd\u00ae <\/strong><\/h1>\n<h1><strong>Sn\u011bhob\u00edl\u00fd mal\u00ed\u0159sk\u00fd n\u00e1t\u011br<\/strong><\/h1>\n<\/td>\n<td style=\"width: 138.125px;\"><\/td>\n<\/tr>\n<\/tbody>\n<\/table>\n<table width=\"850\" height=\"39\">\n<tbody>\n<tr>\n<td style=\"width: 849px;\">\n<div>&nbsp;<\/div>\n<div><span style=\"font-size: 12pt;\"><strong>DETAKRYL Protipl\u00eds\u0148ov\u00fd\u00ae je ide\u00e1ln\u00ed volbou pro interi\u00e9ry s vysokou <span class=\"show-tooltip\" title=\"Vlhkost je m\u00edra obsahu vodn\u00edch par ve vzduchu nebo v jin\u00e9m prost\u0159ed\u00ed. Je to d\u016fle\u017eit\u00fd prvek, kter\u00fd ovliv\u0148uje \u017eivotn\u00ed prost\u0159ed\u00ed, pohodu a zdrav\u00ed. Vlhkost se obvykle vyjad\u0159uje jako relativn\u00ed vlhkost, co\u017e je pom\u011br aktu\u00e1ln\u00edho obsahu vodn\u00edch par ve vzduchu&amp;hellip;\">vlhkost\u00ed<\/span>, poskytuj\u00edc\u00ed dlouhodobou ochranu proti pl\u00edsn\u00edm.<\/strong><\/span><\/div>\n<div>&nbsp;<\/div>\n<div>\u058d Sn\u011bhob\u00edl\u00fd mal\u00ed\u0159sk\u00fd n\u00e1t\u011br ur\u010den\u00fd pro vnit\u0159n\u00ed prostory s obsahem biocid\u016f, kter\u00fd nab\u00edz\u00ed vysokou kryvost, paropropustnost a ot\u011bruvzdornost.<\/div>\n<div>\u058d Vytv\u00e1\u0159\u00ed \u00fa\u010dinn\u00fd syst\u00e9m proti r\u016fstu <span class=\"show-tooltip\" title=\"Pl\u00edse\u0148 (pl\u00edsn\u011b) je typ mikroskopick\u00fdch organism\u016f, kter\u00fd se vyskytuje ve form\u011b viditeln\u00fdch koloni\u00ed na povrchu organick\u00fdch materi\u00e1l\u016f, jako jsou potraviny, d\u0159evo, pap\u00edr, textilie, st\u011bny, koupelny a dal\u0161\u00ed vlhk\u00e1 m\u00edsta. Pl\u00edsn\u011b jsou&amp;hellip;\">pl\u00edsn\u00ed<\/span> v kombinaci s Detastopem a lze jej t\u00f3novat b\u011b\u017en\u00fdmi t\u00f3novac\u00edmi barvami.<\/div>\n<div>&nbsp;<\/div>\n<div><strong>Biocidn\u00ed ochrana:<\/strong> Obsahuje biocidn\u00ed l\u00e1tky pro dlouhodobou ochranu proti pl\u00edsn\u00edm.<\/div>\n<div><strong>Vysok\u00e1 kryvost:<\/strong> V\u00fdborn\u011b zakr\u00fdv\u00e1 ne\u017e\u00e1douc\u00ed skvrny, jako jsou skvrny od nikotinu nebo pr\u016fsak\u016f.<\/div>\n<div><strong>Paropropustnost:<\/strong> Umo\u017e\u0148uje d\u00fdch\u00e1n\u00ed povrchu, co\u017e zabra\u0148uje hromad\u011bn\u00ed <span class=\"show-tooltip\" title=\"Vlhkost je m\u011brn\u00e1 fyzik\u00e1ln\u00ed veli\u010dina vyjad\u0159uj\u00edc\u00ed mno\u017estv\u00ed \u010d\u00e1stic vody p\u0159\u00edtomn\u00e9 v atmosf\u00e9\u0159e nebo v materi\u00e1lu. M\u016f\u017ee se jednat o d\u016fle\u017eit\u00fd faktor v mnoha r\u016fzn\u00fdch kontextech a ovliv\u0148ovat r\u016fzn\u00e9 aspekty prost\u0159ed\u00ed, kvality materi\u00e1l\u016f, a dokonce i lidsk\u00e9ho&amp;hellip;\">vlhkosti<\/span>.<\/div>\n<div><strong>Ot\u011bruvzdornost:<\/strong> Odoln\u00fd v\u016f\u010di ot\u011bru za sucha, zaji\u0161\u0165uje dlouhou \u017eivotnost n\u00e1t\u011bru.<\/div>\n<div><strong>T\u00f3novatelnost:<\/strong> Lze t\u00f3novat b\u011b\u017en\u00fdmi <span class=\"show-tooltip\" title=\"Voda,&amp;nbsp;chemick\u00fdm vzorcem&amp;nbsp;H2O,&amp;nbsp;systematick\u00fd n\u00e1zev&amp;nbsp;oxidan, je&amp;nbsp;chemick\u00e1 slou\u010denina&amp;nbsp;vod\u00edku&amp;nbsp;a&amp;nbsp;kysl\u00edku. Spolu se&amp;nbsp;vzduchem, resp.&amp;nbsp;zemskou atmosf\u00e9rou, tvo\u0159\u00ed z\u00e1kladn\u00ed podm\u00ednky pro&amp;hellip;\">vodou<\/span> \u0159editeln\u00fdmi mal\u00ed\u0159sk\u00fdmi barvami pro dosa\u017een\u00ed po\u017eadovan\u00e9ho odst\u00ednu.<\/div>\n<h4><strong>Pou\u017eit\u00ed<\/strong><\/h4>\n<div><strong>Prostory s vysokou vlhkost\u00ed:<\/strong> Ide\u00e1ln\u00ed pro koupelny, pr\u00e1delny, sklepy, v\u00fdva\u0159ovny a dal\u0161\u00ed vlhk\u00e9 prostory.<\/div>\n<div><strong>R\u016fzn\u00e9 povrchy:<\/strong> Vhodn\u00fd pro <span class=\"show-tooltip\" title=\"Om\u00edtka je vrstva materi\u00e1lu, kter\u00e1 se nan\u00e1\u0161\u00ed na povrch st\u011bn nebo strop\u016f budov a slou\u017e\u00ed k vytvo\u0159en\u00ed hladk\u00e9, rovnom\u011brn\u00e9 a dekorativn\u00ed povrchov\u00e9 \u00fapravy. Om\u00edtka m\u016f\u017ee plnit r\u016fzn\u00e9 funkce, v\u010detn\u011b estetick\u00fdch, ochrann\u00fdch a tepeln\u011b izola\u010dn\u00edch.&amp;nbsp;Zakr\u00fdv\u00e1&amp;hellip;\">om\u00edtky<\/span>, <span class=\"show-tooltip\" title=\"Zdivo je stavebn\u00ed materi\u00e1l tvo\u0159en\u00fd uspo\u0159\u00e1dan\u00fdmi vrstvami cihel, blok\u016f nebo kamen\u016f, kter\u00e9 jsou spojeny maltou.&amp;nbsp;Tento materi\u00e1l se b\u011b\u017en\u011b pou\u017e\u00edv\u00e1 pro konstrukci st\u011bn budov a m\u016f\u017ee m\u00edt r\u016fzn\u00e9 formy, v\u010detn\u011b zd\u00ed z cihel, betonov\u00fdch blok\u016f nebo&amp;hellip;\">zdivo<\/span>, <span class=\"show-tooltip\" title=\"S\u00e1drokarton je stavebn\u00ed materi\u00e1l slo\u017een\u00fd z vrstev s\u00e1dry (gipsu) spojen\u00fdch mezi dv\u011bma vrstvami pevn\u00e9ho pap\u00edru.&amp;nbsp;Tento materi\u00e1l kombinuje lehkost, pevnost a snadnou manipulaci, co\u017e ho \u010din\u00ed popul\u00e1rn\u00edm pro vnit\u0159n\u00ed stavebn\u00ed \u00fapravy.S\u00e1drokarton se&amp;hellip;\">s\u00e1drokarton<\/span>, <span class=\"show-tooltip\" title=\"D\u0159evo&amp;nbsp;je tvrd\u00e9 a p\u00f3rovit\u00e9&amp;nbsp;rostlinn\u00e9 pletivo&amp;nbsp;(tk\u00e1\u0148), je\u017e tvo\u0159\u00ed kmeny, ko\u0159eny a v\u011btve strom\u016f, ke\u0159\u016f a dal\u0161\u00edch&amp;nbsp;d\u0159evin. Skl\u00e1d\u00e1 se z&amp;nbsp;celul\u00f3zov\u00fdch&amp;nbsp;vl\u00e1ken s vysokou pevnost\u00ed v tahu a&amp;nbsp;ligninov\u00e9&amp;nbsp;v\u00fdpln\u011b, kter\u00e1&amp;hellip;\">d\u0159evo<\/span>, <span class=\"show-tooltip\" title=\"D\u0159evot\u0159\u00edska je materi\u00e1l, kter\u00fd vznik\u00e1 rozemlet\u00edm nebo nakr\u00e1jen\u00edm d\u0159eva na mal\u00e9 t\u0159\u00edsky nebo \u010d\u00e1stice.&amp;nbsp;Tento proces se obvykle prov\u00e1d\u00ed za pou\u017eit\u00ed speci\u00e1ln\u00edho za\u0159\u00edzen\u00ed, zn\u00e1m\u00e9ho jako t\u0159\u00edskoml\u00fdnek nebo d\u0159ev\u011bn\u00fd drti\u010d. D\u0159evot\u0159\u00edska je v\u00fdsledn\u00fdm produktem&amp;hellip;\">d\u0159evot\u0159\u00edskov\u00e9<\/span> desky, <span class=\"show-tooltip\" title=\"Beton je stavebn\u00ed materi\u00e1l slo\u017een\u00fd z n\u011bkolika z\u00e1kladn\u00edch slo\u017eek, v\u010detn\u011b cementu, vody, p\u00edsku (nebo jemn\u00e9ho \u0161t\u011brku) a hrub\u00e9ho \u0161t\u011brku nebo kamene. Tato sm\u011bs se pe\u010dliv\u011b prom\u00edch\u00e1 a pot\u00e9 ztvrdne a z\u00edsk\u00e1 pevnou a odolnou strukturu. Beton je&amp;hellip;\">beton<\/span> a dal\u0161\u00ed sav\u00e9 materi\u00e1ly.<\/div>\n<div><strong><span class=\"show-tooltip\" title=\"Zna\u010den\u00ed IP (Ingress Protection)&amp;nbsp;- Stupe\u0148 kryt\u00ed, t\u0159\u00edda ochrany, nebo tak\u00e9 Kryt\u00ed IP - ud\u00e1v\u00e1 \u00farove\u0148 ochrany elektrick\u00fdch za\u0159\u00edzen\u00ed p\u0159ed vniknut\u00edm ciz\u00edch p\u0159edm\u011bt\u016f, vodou a nebezpe\u010dn\u00fdm dotykem.&amp;nbsp;\u2743 Toto kryt\u00ed je standardizov\u00e1no podle&amp;hellip;\">Kryt\u00ed<\/span> skvrn:<\/strong> \u00da\u010dinn\u011b zakr\u00fdv\u00e1 skvrny zp\u016fsoben\u00e9 nikotinem, pr\u016fsaky a dal\u0161\u00edmi ne\u017e\u00e1douc\u00edmi vlivy.<\/div>\n<h4><strong>N\u00e1vod k obsluze<\/strong><\/h4>\n<div><strong>P\u0159\u00edprava podkladu:<\/strong> Napaden\u00e1 m\u00edsta nejprve omyjte p\u0159\u00edpravkem Detastop\u00ae, kter\u00fd hloubkov\u011b ni\u010d\u00ed z\u00e1rodky pl\u00edsn\u00ed a \u0159as.<\/div>\n<div><strong>Nan\u00e1\u0161en\u00ed:<\/strong> Nan\u00e1\u0161ejte <span class=\"show-tooltip\" title=\"\u0160t\u011btec je n\u00e1stroj pou\u017e\u00edvan\u00fd pro malov\u00e1n\u00ed, nan\u00e1\u0161en\u00ed laku, barvy, lepidel nebo jin\u00fdch podobn\u00fdch l\u00e1tek na povrchy. Skl\u00e1d\u00e1 se z h\u0159betu (t\u011bla) a chlup\u016f (vl\u00e1ken), kter\u00e9 jsou p\u0159ipevn\u011bny k h\u0159betu. Chlupy mohou b\u00fdt vyrobeny z r\u016fzn\u00fdch materi\u00e1l\u016f, jako&amp;hellip;\">\u0161t\u011btcem<\/span>, v\u00e1le\u010dkem nebo st\u0159\u00edk\u00e1n\u00edm v jedn\u00e9 nebo v\u00edce vrstv\u00e1ch. Prvn\u00ed n\u00e1t\u011br na\u0159e\u010fte vodou v pom\u011bru 1 d\u00edl vody a 4 d\u00edly barvy. Dal\u0161\u00ed vrstvy nan\u00e1\u0161ejte po zaschnut\u00ed p\u0159edchoz\u00ed vrstvy.<\/div>\n<div><strong>T\u00f3nov\u00e1n\u00ed:<\/strong> V p\u0159\u00edpad\u011b pot\u0159eby t\u00f3nujte b\u011b\u017en\u011b dostupn\u00fdmi vodou \u0159editeln\u00fdmi t\u00f3novac\u00edmi barvami.<\/div>\n<h4><strong>Upozorn\u011bn\u00ed<\/strong><\/h4>\n<div>\u058d Nen\u00ed ur\u010den pro povrchy p\u0159ich\u00e1zej\u00edc\u00ed do p\u0159\u00edm\u00e9ho styku s po\u017eivatinami, krmivy a pitnou vodou.<\/div>\n<h4><strong>Technick\u00e1 data<\/strong><\/h4>\n<div><strong>Vzhled:<\/strong> N\u00edzkovisk\u00f3zn\u00ed <span class=\"show-tooltip\" title=\"B\u00edl\u00e1 je barva, kter\u00e1 vznik\u00e1 odrazem v\u0161ech viditeln\u00fdch vlnov\u00fdch d\u00e9lek sv\u011btla v p\u0159ibli\u017en\u011b stejn\u00e9m pom\u011bru. V d\u016fsledku tohoto odrazu se jev\u00ed lidsk\u00e9mu oku jako nejjasn\u011bj\u0161\u00ed barva a p\u0159edstavuje naprostou neutralitu. Na barevn\u00e9m spektru b\u00edl\u00e1 barva&amp;hellip;\">b\u00edl\u00e1<\/span> <span class=\"show-tooltip\" title=\"Kapalina je skupenstv\u00ed l\u00e1tky, kter\u00e9 se vyzna\u010duje t\u00edm, \u017ee m\u00e1 pevn\u00fd objem, ale nen\u00ed schopna udr\u017eet sv\u016fj tvar a p\u0159izp\u016fsobuje se tvaru n\u00e1doby, do kter\u00e9 je um\u00edst\u011bna. Kapaliny zahrnuj\u00ed \u0161irokou \u0161k\u00e1lu l\u00e1tek, od vody a oleje po alkoholy a benz\u00edn.Kapaliny&amp;hellip;\">kapalina<\/span> vsakuj\u00edc\u00ed do podkladu, po zaschnut\u00ed tvo\u0159\u00ed tenk\u00fd sn\u011bhob\u00edl\u00fd kompaktn\u00ed n\u00e1t\u011br.<\/div>\n<div><strong><span class=\"show-tooltip\" title=\"Viskozita je m\u011b\u0159\u00edtko odporu kapaliny proti deformaci nebo pohybu.Je z\u00e1kladn\u00edm pojmem v oblasti reologie (v\u011bda o proud\u011bn\u00ed materi\u00e1l\u016f) a d\u016fle\u017eit\u00e1 pro charakterizaci tekutin a plast\u016f.M\u011b\u0159\u00ed, jak rychle nebo pomalu kapalina te\u010de nebo jak se tvaruje v&amp;hellip;\">Viskozita<\/span>:<\/strong> Min. 3000 mPa.s (22 \u00b1 2 \u00b0C, L2, do 2 hod. po nam\u00edch\u00e1n\u00ed).<\/div>\n<div><strong><span class=\"show-tooltip\" title=\"Hustota&amp;nbsp;p\u0159edstavuje hodnotu dan\u00e9&amp;nbsp;veli\u010diny&amp;nbsp;vzta\u017een\u00e9 k&amp;nbsp;jednotkov\u00e9mu&amp;nbsp;objemu&amp;nbsp;(b\u00fdv\u00e1 tak\u00e9 ozna\u010dov\u00e1na jako&amp;nbsp;objemov\u00e1 hustota), jednotkov\u00e9mu&amp;nbsp;obsahu&amp;nbsp;plochy&amp;nbsp;(pak se hovo\u0159\u00ed o&amp;nbsp;plo\u0161n\u00e9 hustot\u011b) nebo&amp;hellip;\">Hustota<\/span>:<\/strong> 1,57 \u00b1 0,02 g\/cm\u00b3 (1,55 \u2013 1,59 g\/cm\u00b3).<\/div>\n<div><strong>Su\u0161ina:<\/strong> 60 &#8211; 65 hmot. % (105\u00b0C, 3 hod).<\/div>\n<div><strong><span class=\"show-tooltip\" title=\"\u0158ed\u011bn\u00ed je proces, p\u0159i kter\u00e9m se jedna l\u00e1tka (obvykle tekutina) o ur\u010dit\u00e9 hustot\u011b nebo koncentraci \u0159ed\u00ed sm\u00edch\u00e1n\u00edm s jinou l\u00e1tkou ni\u017e\u0161\u00ed hustoty v takov\u00e9m mno\u017estv\u00ed, aby bylo dosa\u017eeno po\u017eadovan\u00e9 v\u00fdsledn\u00e9 sm\u011bsi - roztoku o ni\u017e\u0161\u00ed hustot\u011b.Tento term\u00edn se&amp;hellip;\">\u0158ed\u011bn\u00ed<\/span>:<\/strong> Vodou (viz p\u0159\u00edprava podkladu).<\/div>\n<div><strong><span class=\"show-tooltip\" title=\"Spot\u0159eba materi\u00e1lu je m\u011b\u0159en\u00ed mno\u017estv\u00ed surovin, komponent\u016f nebo materi\u00e1l\u016f, kter\u00e9 jsou pou\u017eity p\u0159i v\u00fdrob\u011b, konstrukci, instalaci, aplikaci nebo provozu n\u011bjak\u00e9ho v\u00fdrobku, za\u0159\u00edzen\u00ed nebo syst\u00e9mu.Spot\u0159eba materi\u00e1lu m\u016f\u017ee b\u00fdt vyj\u00e1d\u0159ena v r\u016fzn\u00fdch&amp;hellip;\">Spot\u0159eba<\/span>:<\/strong> 1 kg pokryje 5 \u2013 8 m\u00b2, v z\u00e1vislosti na savosti podkladu a stupni napaden\u00ed.<\/div>\n<div>&nbsp;<\/div>\n<div><strong>Odst\u00edn:<\/strong> Sn\u011bhob\u00edl\u00fd (95% MgO)<\/div>\n<div>&nbsp;<\/div>\n<div><strong>Balen\u00ed:<\/strong>&nbsp;1,2 kg; 2,5 kg; 5 kg.<\/div>\n<\/td>\n<\/tr>\n<\/tbody>\n<\/table><\/div>\n","protected":false},"excerpt":{"rendered":"<p>Detailn\u00ed popis produktu DETAKRYL protipl\u00eds\u0148ov\u00fd\u00ae Sn\u011bhob\u00edl\u00fd mal\u00ed\u0159sk\u00fd n\u00e1t\u011br &nbsp; DETAKRYL Protipl\u00eds\u0148ov\u00fd\u00ae je ide\u00e1ln\u00ed volbou pro interi\u00e9ry s vysokou vlhkost\u00ed, poskytuj\u00edc\u00ed dlouhodobou ochranu proti pl\u00edsn\u00edm. &nbsp; \u058d Sn\u011bhob\u00edl\u00fd mal\u00ed\u0159sk\u00fd n\u00e1t\u011br ur\u010den\u00fd pro vnit\u0159n\u00ed prostory s obsahem biocid\u016f, kter\u00fd nab\u00edz\u00ed vysokou kryvost, paropropustnost a ot\u011bruvzdornost. \u058d Vytv\u00e1\u0159\u00ed \u00fa\u010dinn\u00fd syst\u00e9m proti r\u016fstu pl\u00edsn\u00ed v kombinaci s Detastopem a [&hellip;]<\/p>\n","protected":false},"featured_media":15640,"comment_status":"open","ping_status":"open","template":"","meta":[],"product_brand":[],"product_cat":[62],"product_tag":[],"class_list":{"0":"post-15540","1":"product","2":"type-product","3":"status-publish","4":"has-post-thumbnail","6":"product_cat-barvy-amp-laky","8":"first","9":"instock","10":"sale","11":"shipping-taxable","12":"purchasable","13":"product-type-simple"},"yoast_head":"<!-- This site is optimized with the Yoast SEO plugin v26.8 - https:\/\/yoast.com\/product\/yoast-seo-wordpress\/ -->\n<title>Koupit Online DETAKRYL protipl\u00eds\u0148ov\u00fd\u00ae Sn\u011bhob\u00edl\u00fd mal\u00ed\u0159sk\u00fd n\u00e1t\u011br -<\/title>\n<meta name=\"robots\" content=\"index, follow, max-snippet:-1, max-image-preview:large, max-video-preview:-1\" \/>\n<link rel=\"canonical\" href=\"https:\/\/www.domkraftpro.com\/index.php\/produkt\/koupit-online-detakryl-protiplisnovy-r-snehobily-malirsky-nater-15540\/\" \/>\n<meta property=\"og:locale\" content=\"cs_CZ\" \/>\n<meta property=\"og:type\" content=\"article\" \/>\n<meta property=\"og:title\" content=\"Koupit Online DETAKRYL protipl\u00eds\u0148ov\u00fd\u00ae Sn\u011bhob\u00edl\u00fd mal\u00ed\u0159sk\u00fd n\u00e1t\u011br -\" \/>\n<meta property=\"og:description\" content=\"Detailn\u00ed popis produktu DETAKRYL protipl\u00eds\u0148ov\u00fd\u00ae Sn\u011bhob\u00edl\u00fd mal\u00ed\u0159sk\u00fd n\u00e1t\u011br &nbsp; DETAKRYL Protipl\u00eds\u0148ov\u00fd\u00ae je ide\u00e1ln\u00ed volbou pro interi\u00e9ry s vysokou vlhkost\u00ed, poskytuj\u00edc\u00ed dlouhodobou ochranu proti pl\u00edsn\u00edm. &nbsp; \u058d Sn\u011bhob\u00edl\u00fd mal\u00ed\u0159sk\u00fd n\u00e1t\u011br ur\u010den\u00fd pro vnit\u0159n\u00ed prostory s obsahem biocid\u016f, kter\u00fd nab\u00edz\u00ed vysokou kryvost, paropropustnost a ot\u011bruvzdornost. \u058d Vytv\u00e1\u0159\u00ed \u00fa\u010dinn\u00fd syst\u00e9m proti r\u016fstu pl\u00edsn\u00ed v kombinaci s Detastopem a [&hellip;]\" \/>\n<meta property=\"og:url\" content=\"https:\/\/www.domkraftpro.com\/index.php\/produkt\/koupit-online-detakryl-protiplisnovy-r-snehobily-malirsky-nater-15540\/\" \/>\n<meta property=\"og:image\" content=\"https:\/\/www.domkraftpro.com\/wp-content\/uploads\/2026\/SK0007245-CZ20260425-092522-0-1777080324-116805_detakryl-1-2.webp\" \/>\n\t<meta property=\"og:image:width\" content=\"1000\" \/>\n\t<meta property=\"og:image:height\" content=\"750\" \/>\n\t<meta property=\"og:image:type\" content=\"image\/webp\" \/>\n<meta name=\"twitter:card\" content=\"summary_large_image\" \/>\n<meta name=\"twitter:label1\" content=\"Odhadovan\u00e1 doba \u010dten\u00ed\" \/>\n\t<meta name=\"twitter:data1\" content=\"2 minuty\" \/>\n<script type=\"application\/ld+json\" class=\"yoast-schema-graph\">{\"@context\":\"https:\/\/schema.org\",\"@graph\":[{\"@type\":\"WebPage\",\"@id\":\"https:\/\/www.domkraftpro.com\/index.php\/produkt\/koupit-online-detakryl-protiplisnovy-r-snehobily-malirsky-nater-15540\/\",\"url\":\"https:\/\/www.domkraftpro.com\/index.php\/produkt\/koupit-online-detakryl-protiplisnovy-r-snehobily-malirsky-nater-15540\/\",\"name\":\"Koupit Online DETAKRYL protipl\u00eds\u0148ov\u00fd\u00ae Sn\u011bhob\u00edl\u00fd mal\u00ed\u0159sk\u00fd n\u00e1t\u011br -\",\"isPartOf\":{\"@id\":\"https:\/\/www.domkraftpro.com\/#website\"},\"primaryImageOfPage\":{\"@id\":\"https:\/\/www.domkraftpro.com\/index.php\/produkt\/koupit-online-detakryl-protiplisnovy-r-snehobily-malirsky-nater-15540\/#primaryimage\"},\"image\":{\"@id\":\"https:\/\/www.domkraftpro.com\/index.php\/produkt\/koupit-online-detakryl-protiplisnovy-r-snehobily-malirsky-nater-15540\/#primaryimage\"},\"thumbnailUrl\":\"https:\/\/www.domkraftpro.com\/wp-content\/uploads\/2026\/SK0007245-CZ20260425-092522-0-1777080324-116805_detakryl-1-2.webp\",\"datePublished\":\"2026-04-27T04:41:01+00:00\",\"breadcrumb\":{\"@id\":\"https:\/\/www.domkraftpro.com\/index.php\/produkt\/koupit-online-detakryl-protiplisnovy-r-snehobily-malirsky-nater-15540\/#breadcrumb\"},\"inLanguage\":\"cs\",\"potentialAction\":[{\"@type\":\"ReadAction\",\"target\":[\"https:\/\/www.domkraftpro.com\/index.php\/produkt\/koupit-online-detakryl-protiplisnovy-r-snehobily-malirsky-nater-15540\/\"]}]},{\"@type\":\"ImageObject\",\"inLanguage\":\"cs\",\"@id\":\"https:\/\/www.domkraftpro.com\/index.php\/produkt\/koupit-online-detakryl-protiplisnovy-r-snehobily-malirsky-nater-15540\/#primaryimage\",\"url\":\"https:\/\/www.domkraftpro.com\/wp-content\/uploads\/2026\/SK0007245-CZ20260425-092522-0-1777080324-116805_detakryl-1-2.webp\",\"contentUrl\":\"https:\/\/www.domkraftpro.com\/wp-content\/uploads\/2026\/SK0007245-CZ20260425-092522-0-1777080324-116805_detakryl-1-2.webp\",\"width\":1000,\"height\":750},{\"@type\":\"BreadcrumbList\",\"@id\":\"https:\/\/www.domkraftpro.com\/index.php\/produkt\/koupit-online-detakryl-protiplisnovy-r-snehobily-malirsky-nater-15540\/#breadcrumb\",\"itemListElement\":[{\"@type\":\"ListItem\",\"position\":1,\"name\":\"Home\",\"item\":\"https:\/\/www.domkraftpro.com\/\"},{\"@type\":\"ListItem\",\"position\":2,\"name\":\"Products\",\"item\":\"https:\/\/www.domkraftpro.com\/index.php\/products\/\"},{\"@type\":\"ListItem\",\"position\":3,\"name\":\"Koupit Online DETAKRYL protipl\u00eds\u0148ov\u00fd\u00ae Sn\u011bhob\u00edl\u00fd mal\u00ed\u0159sk\u00fd n\u00e1t\u011br\"}]},{\"@type\":\"WebSite\",\"@id\":\"https:\/\/www.domkraftpro.com\/#website\",\"url\":\"https:\/\/www.domkraftpro.com\/\",\"name\":\"\",\"description\":\"\",\"potentialAction\":[{\"@type\":\"SearchAction\",\"target\":{\"@type\":\"EntryPoint\",\"urlTemplate\":\"https:\/\/www.domkraftpro.com\/?s={search_term_string}\"},\"query-input\":{\"@type\":\"PropertyValueSpecification\",\"valueRequired\":true,\"valueName\":\"search_term_string\"}}],\"inLanguage\":\"cs\"}]}<\/script>\n<!-- \/ Yoast SEO plugin. -->","yoast_head_json":{"title":"Koupit Online DETAKRYL protipl\u00eds\u0148ov\u00fd\u00ae Sn\u011bhob\u00edl\u00fd mal\u00ed\u0159sk\u00fd n\u00e1t\u011br -","robots":{"index":"index","follow":"follow","max-snippet":"max-snippet:-1","max-image-preview":"max-image-preview:large","max-video-preview":"max-video-preview:-1"},"canonical":"https:\/\/www.domkraftpro.com\/index.php\/produkt\/koupit-online-detakryl-protiplisnovy-r-snehobily-malirsky-nater-15540\/","og_locale":"cs_CZ","og_type":"article","og_title":"Koupit Online DETAKRYL protipl\u00eds\u0148ov\u00fd\u00ae Sn\u011bhob\u00edl\u00fd mal\u00ed\u0159sk\u00fd n\u00e1t\u011br -","og_description":"Detailn\u00ed popis produktu DETAKRYL protipl\u00eds\u0148ov\u00fd\u00ae Sn\u011bhob\u00edl\u00fd mal\u00ed\u0159sk\u00fd n\u00e1t\u011br &nbsp; DETAKRYL Protipl\u00eds\u0148ov\u00fd\u00ae je ide\u00e1ln\u00ed volbou pro interi\u00e9ry s vysokou vlhkost\u00ed, poskytuj\u00edc\u00ed dlouhodobou ochranu proti pl\u00edsn\u00edm. &nbsp; \u058d Sn\u011bhob\u00edl\u00fd mal\u00ed\u0159sk\u00fd n\u00e1t\u011br ur\u010den\u00fd pro vnit\u0159n\u00ed prostory s obsahem biocid\u016f, kter\u00fd nab\u00edz\u00ed vysokou kryvost, paropropustnost a ot\u011bruvzdornost. \u058d Vytv\u00e1\u0159\u00ed \u00fa\u010dinn\u00fd syst\u00e9m proti r\u016fstu pl\u00edsn\u00ed v kombinaci s Detastopem a [&hellip;]","og_url":"https:\/\/www.domkraftpro.com\/index.php\/produkt\/koupit-online-detakryl-protiplisnovy-r-snehobily-malirsky-nater-15540\/","og_image":[{"width":1000,"height":750,"url":"https:\/\/www.domkraftpro.com\/wp-content\/uploads\/2026\/SK0007245-CZ20260425-092522-0-1777080324-116805_detakryl-1-2.webp","type":"image\/webp"}],"twitter_card":"summary_large_image","twitter_misc":{"Odhadovan\u00e1 doba \u010dten\u00ed":"2 minuty"},"schema":{"@context":"https:\/\/schema.org","@graph":[{"@type":"WebPage","@id":"https:\/\/www.domkraftpro.com\/index.php\/produkt\/koupit-online-detakryl-protiplisnovy-r-snehobily-malirsky-nater-15540\/","url":"https:\/\/www.domkraftpro.com\/index.php\/produkt\/koupit-online-detakryl-protiplisnovy-r-snehobily-malirsky-nater-15540\/","name":"Koupit Online DETAKRYL protipl\u00eds\u0148ov\u00fd\u00ae Sn\u011bhob\u00edl\u00fd mal\u00ed\u0159sk\u00fd n\u00e1t\u011br -","isPartOf":{"@id":"https:\/\/www.domkraftpro.com\/#website"},"primaryImageOfPage":{"@id":"https:\/\/www.domkraftpro.com\/index.php\/produkt\/koupit-online-detakryl-protiplisnovy-r-snehobily-malirsky-nater-15540\/#primaryimage"},"image":{"@id":"https:\/\/www.domkraftpro.com\/index.php\/produkt\/koupit-online-detakryl-protiplisnovy-r-snehobily-malirsky-nater-15540\/#primaryimage"},"thumbnailUrl":"https:\/\/www.domkraftpro.com\/wp-content\/uploads\/2026\/SK0007245-CZ20260425-092522-0-1777080324-116805_detakryl-1-2.webp","datePublished":"2026-04-27T04:41:01+00:00","breadcrumb":{"@id":"https:\/\/www.domkraftpro.com\/index.php\/produkt\/koupit-online-detakryl-protiplisnovy-r-snehobily-malirsky-nater-15540\/#breadcrumb"},"inLanguage":"cs","potentialAction":[{"@type":"ReadAction","target":["https:\/\/www.domkraftpro.com\/index.php\/produkt\/koupit-online-detakryl-protiplisnovy-r-snehobily-malirsky-nater-15540\/"]}]},{"@type":"ImageObject","inLanguage":"cs","@id":"https:\/\/www.domkraftpro.com\/index.php\/produkt\/koupit-online-detakryl-protiplisnovy-r-snehobily-malirsky-nater-15540\/#primaryimage","url":"https:\/\/www.domkraftpro.com\/wp-content\/uploads\/2026\/SK0007245-CZ20260425-092522-0-1777080324-116805_detakryl-1-2.webp","contentUrl":"https:\/\/www.domkraftpro.com\/wp-content\/uploads\/2026\/SK0007245-CZ20260425-092522-0-1777080324-116805_detakryl-1-2.webp","width":1000,"height":750},{"@type":"BreadcrumbList","@id":"https:\/\/www.domkraftpro.com\/index.php\/produkt\/koupit-online-detakryl-protiplisnovy-r-snehobily-malirsky-nater-15540\/#breadcrumb","itemListElement":[{"@type":"ListItem","position":1,"name":"Home","item":"https:\/\/www.domkraftpro.com\/"},{"@type":"ListItem","position":2,"name":"Products","item":"https:\/\/www.domkraftpro.com\/index.php\/products\/"},{"@type":"ListItem","position":3,"name":"Koupit Online DETAKRYL protipl\u00eds\u0148ov\u00fd\u00ae Sn\u011bhob\u00edl\u00fd mal\u00ed\u0159sk\u00fd n\u00e1t\u011br"}]},{"@type":"WebSite","@id":"https:\/\/www.domkraftpro.com\/#website","url":"https:\/\/www.domkraftpro.com\/","name":"","description":"","potentialAction":[{"@type":"SearchAction","target":{"@type":"EntryPoint","urlTemplate":"https:\/\/www.domkraftpro.com\/?s={search_term_string}"},"query-input":{"@type":"PropertyValueSpecification","valueRequired":true,"valueName":"search_term_string"}}],"inLanguage":"cs"}]}},"_links":{"self":[{"href":"https:\/\/www.domkraftpro.com\/index.php\/wp-json\/wp\/v2\/product\/15540","targetHints":{"allow":["GET"]}}],"collection":[{"href":"https:\/\/www.domkraftpro.com\/index.php\/wp-json\/wp\/v2\/product"}],"about":[{"href":"https:\/\/www.domkraftpro.com\/index.php\/wp-json\/wp\/v2\/types\/product"}],"replies":[{"embeddable":true,"href":"https:\/\/www.domkraftpro.com\/index.php\/wp-json\/wp\/v2\/comments?post=15540"}],"wp:featuredmedia":[{"embeddable":true,"href":"https:\/\/www.domkraftpro.com\/index.php\/wp-json\/wp\/v2\/media\/15640"}],"wp:attachment":[{"href":"https:\/\/www.domkraftpro.com\/index.php\/wp-json\/wp\/v2\/media?parent=15540"}],"wp:term":[{"taxonomy":"product_brand","embeddable":true,"href":"https:\/\/www.domkraftpro.com\/index.php\/wp-json\/wp\/v2\/product_brand?post=15540"},{"taxonomy":"product_cat","embeddable":true,"href":"https:\/\/www.domkraftpro.com\/index.php\/wp-json\/wp\/v2\/product_cat?post=15540"},{"taxonomy":"product_tag","embeddable":true,"href":"https:\/\/www.domkraftpro.com\/index.php\/wp-json\/wp\/v2\/product_tag?post=15540"}],"curies":[{"name":"wp","href":"https:\/\/api.w.org\/{rel}","templated":true}]}}