{"id":15539,"date":"2026-04-27T04:41:01","date_gmt":"2026-04-27T04:41:01","guid":{"rendered":""},"modified":"2026-04-27T04:41:01","modified_gmt":"2026-04-27T04:41:01","slug":"vyprodej-ekoban-r-forte-plus-vodou-reditelny-nater-na-beton-a-betonove-podlahy-15539","status":"publish","type":"product","link":"https:\/\/www.domkraftpro.com\/index.php\/produkt\/vyprodej-ekoban-r-forte-plus-vodou-reditelny-nater-na-beton-a-betonove-podlahy-15539\/","title":{"rendered":"V\u00fdprodej EKOBAN\u00ae FORTE PLUS vodou \u0159editeln\u00fd n\u00e1t\u011br na beton a betonov\u00e9 podlahy"},"content":{"rendered":"<div class=\"basic-description\">\n<h3>Detailn\u00ed popis produktu<\/h3>\n<table height=\"16\" style=\"width: 850px;\">\n<tbody>\n<tr>\n<td style=\"width: 706.875px;\">\n<h1><strong>EKOBAN\u00ae FORTE PLUS <\/strong><\/h1>\n<h1><strong><span class=\"show-tooltip\" title=\"Voda,&amp;nbsp;chemick\u00fdm vzorcem&amp;nbsp;H2O,&amp;nbsp;systematick\u00fd n\u00e1zev&amp;nbsp;oxidan, je&amp;nbsp;chemick\u00e1 slou\u010denina&amp;nbsp;vod\u00edku&amp;nbsp;a&amp;nbsp;kysl\u00edku. Spolu se&amp;nbsp;vzduchem, resp.&amp;nbsp;zemskou atmosf\u00e9rou, tvo\u0159\u00ed z\u00e1kladn\u00ed podm\u00ednky pro&amp;hellip;\">vodou<\/span> \u0159editeln\u00fd n\u00e1t\u011br na <span class=\"show-tooltip\" title=\"Beton je stavebn\u00ed materi\u00e1l slo\u017een\u00fd z n\u011bkolika z\u00e1kladn\u00edch slo\u017eek, v\u010detn\u011b cementu, vody, p\u00edsku (nebo jemn\u00e9ho \u0161t\u011brku) a hrub\u00e9ho \u0161t\u011brku nebo kamene. Tato sm\u011bs se pe\u010dliv\u011b prom\u00edch\u00e1 a pot\u00e9 ztvrdne a z\u00edsk\u00e1 pevnou a odolnou strukturu. Beton je&amp;hellip;\">beton<\/span> a betonov\u00e9 podlahy<\/strong><\/h1>\n<\/td>\n<td style=\"width: 141.125px;\"><\/td>\n<\/tr>\n<\/tbody>\n<\/table>\n<div>&nbsp;<\/div>\n<table width=\"850\" height=\"86\">\n<tbody>\n<tr>\n<td style=\"width: 849px;\">\n<div><span style=\"font-size: 12pt;\"><strong>Vodou \u0159editeln\u00e1 n\u00e1t\u011brov\u00e1 hmota ur\u010den\u00e1 pro betonov\u00e9 podlahy a dal\u0161\u00ed sav\u00e9 materi\u00e1ly s vy\u0161\u0161\u00ed <span class=\"show-tooltip\" title=\"Mechanika je v\u011bdn\u00ed obor, kter\u00fd se zab\u00fdv\u00e1 studiem pohybu a rovnov\u00e1hy t\u011bles, a to jak v klidu, tak v pohybu. Tento obor se rozd\u011bluje do n\u011bkolika hlavn\u00edch oblast\u00ed, kter\u00e9 se li\u0161\u00ed podle typ\u016f sil, pohybov\u00fdch vzorc\u016f a aplikac\u00ed.&amp;nbsp;Mechanika je&amp;hellip;\">mechanickou<\/span> z\u00e1t\u011b\u017e\u00ed. Tento n\u00e1t\u011br je ide\u00e1ln\u00ed pro prostory jako gar\u00e1\u017ee, d\u00edlny, sklady, balk\u00f3ny, terasy a chodn\u00edky.<\/strong><\/span><\/div>\n<div>&nbsp;<\/div>\n<div><strong>Penetrace a vrchn\u00ed n\u00e1t\u011br:<\/strong> Kombinuje penetra\u010dn\u00ed a vrchn\u00ed n\u00e1t\u011br v jednom produktu.<\/div>\n<div><strong>Vysok\u00e1 mechanick\u00e1 odolnost:<\/strong> Odol\u00e1v\u00e1 vy\u0161\u0161\u00ed mechanick\u00e9 z\u00e1t\u011b\u017ei.<\/div>\n<div><strong>Odolnost v\u016f\u010di chemik\u00e1li\u00edm:<\/strong> Odoln\u00fd v\u016f\u010di vod\u011b, <span class=\"show-tooltip\" title=\"Oleje jsou obvykle visk\u00f3zn\u00ed tekutiny, kter\u00e9 jsou tvo\u0159eny hlavn\u011b tuky, a jsou vyu\u017e\u00edv\u00e1ny v r\u016fzn\u00fdch oblastech lidsk\u00e9 \u010dinnosti.&amp;nbsp;N\u011bkter\u00e9 druhy olej\u016f a jejich vyu\u017eit\u00ed:&amp;nbsp;Rostlinn\u00e9 oleje:&amp;nbsp;Rostlinn\u00e9 oleje, jako je \u0159epkov\u00fd,&amp;hellip;\">olej\u016fm<\/span>, roztok\u016fm sol\u00ed a kr\u00e1tkodob\u011b <span class=\"show-tooltip\" title=\"Motor je za\u0159\u00edzen\u00ed, kter\u00e9 p\u0159em\u011b\u0148uje r\u016fzn\u00e9 formy energie (nap\u0159. elektrickou, mechanickou, tepelnou) na mechanickou pr\u00e1ci. Motor se pou\u017e\u00edv\u00e1 v mnoha aplikac\u00edch, od automobil\u016f po dom\u00e1c\u00ed spot\u0159ebi\u010de, a jeho princip fungov\u00e1n\u00ed se li\u0161\u00ed podle typu&amp;hellip;\">motorov\u00e9<\/span> naft\u011b.<\/div>\n<div><strong>Snadn\u00e1 aplikace:<\/strong> Rychl\u00e9 zasych\u00e1n\u00ed a jednoduch\u00e1 \u00fadr\u017eba.<\/div>\n<div><strong>Paropropustnost:<\/strong> Zaji\u0161\u0165uje d\u00fdch\u00e1n\u00ed povrchu.<\/div>\n<div><strong>UV odolnost:<\/strong> Odoln\u00fd v\u016f\u010di pov\u011btrnostn\u00edm vliv\u016fm v\u010detn\u011b UV z\u00e1\u0159en\u00ed.<\/div>\n<div><strong>Omyvatelnost:<\/strong> Snadno \u010distiteln\u00fd povrch.<\/div>\n<h4><strong>Pou\u017eit\u00ed<\/strong><\/h4>\n<div><strong>N\u00e1t\u011bry betonu a betonov\u00fdch ploch:<\/strong> Ide\u00e1ln\u00ed pro betonov\u00e9 podlahy v gar\u00e1\u017e\u00edch, d\u00edln\u00e1ch, skladech, balk\u00f3nech, teras\u00e1ch, chodn\u00edc\u00edch a schodech.<\/div>\n<div><strong>Dal\u0161\u00ed sav\u00e9 materi\u00e1ly:<\/strong> Vhodn\u00fd tak\u00e9 pro <span class=\"show-tooltip\" title=\"Zdivo je stavebn\u00ed materi\u00e1l tvo\u0159en\u00fd uspo\u0159\u00e1dan\u00fdmi vrstvami cihel, blok\u016f nebo kamen\u016f, kter\u00e9 jsou spojeny maltou.&amp;nbsp;Tento materi\u00e1l se b\u011b\u017en\u011b pou\u017e\u00edv\u00e1 pro konstrukci st\u011bn budov a m\u016f\u017ee m\u00edt r\u016fzn\u00e9 formy, v\u010detn\u011b zd\u00ed z cihel, betonov\u00fdch blok\u016f nebo&amp;hellip;\">zdivo<\/span>, <span class=\"show-tooltip\" title=\"D\u0159evo&amp;nbsp;je tvrd\u00e9 a p\u00f3rovit\u00e9&amp;nbsp;rostlinn\u00e9 pletivo&amp;nbsp;(tk\u00e1\u0148), je\u017e tvo\u0159\u00ed kmeny, ko\u0159eny a v\u011btve strom\u016f, ke\u0159\u016f a dal\u0161\u00edch&amp;nbsp;d\u0159evin. Skl\u00e1d\u00e1 se z&amp;nbsp;celul\u00f3zov\u00fdch&amp;nbsp;vl\u00e1ken s vysokou pevnost\u00ed v tahu a&amp;nbsp;ligninov\u00e9&amp;nbsp;v\u00fdpln\u011b, kter\u00e1&amp;hellip;\">d\u0159evo<\/span>, <span class=\"show-tooltip\" title=\"D\u0159evot\u0159\u00edska je materi\u00e1l, kter\u00fd vznik\u00e1 rozemlet\u00edm nebo nakr\u00e1jen\u00edm d\u0159eva na mal\u00e9 t\u0159\u00edsky nebo \u010d\u00e1stice.&amp;nbsp;Tento proces se obvykle prov\u00e1d\u00ed za pou\u017eit\u00ed speci\u00e1ln\u00edho za\u0159\u00edzen\u00ed, zn\u00e1m\u00e9ho jako t\u0159\u00edskoml\u00fdnek nebo d\u0159ev\u011bn\u00fd drti\u010d. D\u0159evot\u0159\u00edska je v\u00fdsledn\u00fdm produktem&amp;hellip;\">d\u0159evot\u0159\u00edskov\u00e9<\/span> a d\u0159evovl\u00e1knit\u00e9 desky.<\/div>\n<div><strong>Nevhodn\u00e9 pou\u017eit\u00ed:<\/strong> Nen\u00ed ur\u010den pro trvale <span class=\"show-tooltip\" title=\"Vlhkost je m\u00edra obsahu vodn\u00edch par ve vzduchu nebo v jin\u00e9m prost\u0159ed\u00ed. Je to d\u016fle\u017eit\u00fd prvek, kter\u00fd ovliv\u0148uje \u017eivotn\u00ed prost\u0159ed\u00ed, pohodu a zdrav\u00ed. Vlhkost se obvykle vyjad\u0159uje jako relativn\u00ed vlhkost, co\u017e je pom\u011br aktu\u00e1ln\u00edho obsahu vodn\u00edch par ve vzduchu&amp;hellip;\">vlhk\u00e9<\/span> prostory, n\u00e1t\u011bry p\u0159ich\u00e1zej\u00edc\u00ed do p\u0159\u00edm\u00e9ho styku s po\u017eivatinami, krmivy, pitnou vodou, pro d\u011btsk\u00fd n\u00e1bytek, hra\u010dky a vn\u011bj\u0161\u00ed <span class=\"show-tooltip\" title=\"Om\u00edtka je vrstva materi\u00e1lu, kter\u00e1 se nan\u00e1\u0161\u00ed na povrch st\u011bn nebo strop\u016f budov a slou\u017e\u00ed k vytvo\u0159en\u00ed hladk\u00e9, rovnom\u011brn\u00e9 a dekorativn\u00ed povrchov\u00e9 \u00fapravy. Om\u00edtka m\u016f\u017ee plnit r\u016fzn\u00e9 funkce, v\u010detn\u011b estetick\u00fdch, ochrann\u00fdch a tepeln\u011b izola\u010dn\u00edch.&amp;nbsp;Zakr\u00fdv\u00e1&amp;hellip;\">om\u00edtky<\/span>.<\/div>\n<h4><strong>N\u00e1vod k pou\u017eit\u00ed<\/strong><\/h4>\n<div><strong>P\u0159\u00edprava podkladu:<\/strong> Podklad mus\u00ed b\u00fdt such\u00fd (max. 15% <span class=\"show-tooltip\" title=\"Vlhkost je m\u011brn\u00e1 fyzik\u00e1ln\u00ed veli\u010dina vyjad\u0159uj\u00edc\u00ed mno\u017estv\u00ed \u010d\u00e1stic vody p\u0159\u00edtomn\u00e9 v atmosf\u00e9\u0159e nebo v materi\u00e1lu. M\u016f\u017ee se jednat o d\u016fle\u017eit\u00fd faktor v mnoha r\u016fzn\u00fdch kontextech a ovliv\u0148ovat r\u016fzn\u00e9 aspekty prost\u0159ed\u00ed, kvality materi\u00e1l\u016f, a dokonce i lidsk\u00e9ho&amp;hellip;\">vlhkosti<\/span>), sav\u00fd (nekletovan\u00fd), soudr\u017en\u00fd s minim\u00e1ln\u00ed soudr\u017enost\u00ed v tahu 1,5 MPa a zbaven\u00fd mechanick\u00fdch ne\u010distot a star\u00fdch n\u00e1t\u011br\u016f.<\/div>\n<div><strong>Penetra\u010dn\u00ed n\u00e1t\u011br:<\/strong> Pro sav\u00e9 podklady pou\u017eijte EKOBAN\u00ae FORTE PLUS <span class=\"show-tooltip\" title=\"\u0158ed\u011bn\u00ed je proces, p\u0159i kter\u00e9m se jedna l\u00e1tka (obvykle tekutina) o ur\u010dit\u00e9 hustot\u011b nebo koncentraci \u0159ed\u00ed sm\u00edch\u00e1n\u00edm s jinou l\u00e1tkou ni\u017e\u0161\u00ed hustoty v takov\u00e9m mno\u017estv\u00ed, aby bylo dosa\u017eeno po\u017eadovan\u00e9 v\u00fdsledn\u00e9 sm\u011bsi - roztoku o ni\u017e\u0161\u00ed hustot\u011b.Tento term\u00edn se&amp;hellip;\">na\u0159ed\u011bn\u00fd<\/span> vodou v pom\u011bru 1:5 a\u017e 1:10. Opakujte, dokud p\u0159\u00edpravek vsakuje.<\/div>\n<div><strong>Nan\u00e1\u0161en\u00ed:<\/strong> Aplikujte <span class=\"show-tooltip\" title=\"\u0160t\u011btec je n\u00e1stroj pou\u017e\u00edvan\u00fd pro malov\u00e1n\u00ed, nan\u00e1\u0161en\u00ed laku, barvy, lepidel nebo jin\u00fdch podobn\u00fdch l\u00e1tek na povrchy. Skl\u00e1d\u00e1 se z h\u0159betu (t\u011bla) a chlup\u016f (vl\u00e1ken), kter\u00e9 jsou p\u0159ipevn\u011bny k h\u0159betu. Chlupy mohou b\u00fdt vyrobeny z r\u016fzn\u00fdch materi\u00e1l\u016f, jako&amp;hellip;\">\u0161t\u011btcem<\/span>, v\u00e1le\u010dkem nebo st\u0159\u00edk\u00e1n\u00edm ve dvou i v\u00edce vrstv\u00e1ch p\u0159i teplot\u011b +10\u00b0C a\u017e +25\u00b0C. Dal\u0161\u00ed vrstvu nan\u00e1\u0161ejte po zaschnut\u00ed p\u0159edchoz\u00ed vrstvy.<\/div>\n<div><strong>Schnut\u00ed:<\/strong> Nat\u0159en\u00fd povrch je pochoz\u00ed za 8 hodin, mechanick\u00e1 z\u00e1t\u011b\u017e je mo\u017en\u00e1 po 24 hodin\u00e1ch. Kone\u010dn\u00fdch vlastnost\u00ed dosahuje po 14 dnech zr\u00e1n\u00ed.<\/div>\n<h4><strong>Technick\u00e1 data<\/strong><\/h4>\n<div><strong>Vzhled:<\/strong> <span class=\"show-tooltip\" title=\"Viskozita je m\u011b\u0159\u00edtko odporu kapaliny proti deformaci nebo pohybu.Je z\u00e1kladn\u00edm pojmem v oblasti reologie (v\u011bda o proud\u011bn\u00ed materi\u00e1l\u016f) a d\u016fle\u017eit\u00e1 pro charakterizaci tekutin a plast\u016f.M\u011b\u0159\u00ed, jak rychle nebo pomalu kapalina te\u010de nebo jak se tvaruje v&amp;hellip;\">Visk\u00f3zn\u00ed<\/span> pigmentovan\u00e1 <span class=\"show-tooltip\" title=\"Kapalina je skupenstv\u00ed l\u00e1tky, kter\u00e9 se vyzna\u010duje t\u00edm, \u017ee m\u00e1 pevn\u00fd objem, ale nen\u00ed schopna udr\u017eet sv\u016fj tvar a p\u0159izp\u016fsobuje se tvaru n\u00e1doby, do kter\u00e9 je um\u00edst\u011bna. Kapaliny zahrnuj\u00ed \u0161irokou \u0161k\u00e1lu l\u00e1tek, od vody a oleje po alkoholy a benz\u00edn.Kapaliny&amp;hellip;\">kapalina<\/span> bez mechanick\u00fdch ne\u010distot, vytv\u00e1\u0159\u00ed kompaktn\u00ed <span class=\"show-tooltip\" title=\"Lesk povrchu barvy je srovn\u00e1v\u00e1n s mno\u017estv\u00edm sv\u011btla odrazen\u00e9ho \u010dernou le\u0161t\u011bnou sklen\u011bnou deskou s ozna\u010den\u00edm 100, tedy s maxim\u00e1ln\u00edm leskem. Barvy a laky jsou rozd\u011bleny do skupin podle lesku m\u011b\u0159en\u00e9ho v \u00fahlu odrazu 60 stup\u0148\u016f podle n\u00ed\u017ee uveden\u00e9&amp;hellip;\">pololeskl\u00fd<\/span> n\u00e1t\u011br.<\/div>\n<div><strong>Odst\u00edn n\u00e1t\u011bru:<\/strong> Maxim\u00e1ln\u00ed odchylka DE* 2 pro <span class=\"show-tooltip\" title=\"RAL -&amp;nbsp;ReichsAusschuss f\u00fcr Lieferbedingungen (\u0158\u00ed\u0161sk\u00fd v\u00fdbor pro dodac\u00ed podm\u00ednky).Vzorn\u00edk barev RAL je celosv\u011btov\u011b uzn\u00e1van\u00fd standard pro stupnici barevn\u00fdch odst\u00edn\u016f, kter\u00fd se pou\u017e\u00edv\u00e1 p\u0159edev\u0161\u00edm v pr\u016fmyslov\u00e9 v\u00fdrob\u011b interi\u00e9rov\u00fdch \u010di exteri\u00e9rov\u00fdch&amp;hellip;\">RAL<\/span> odst\u00edny.<\/div>\n<div><strong>Pach:<\/strong> Po pou\u017eit\u00fdch surovin\u00e1ch.<\/div>\n<div><strong>Viskozita:<\/strong> 1 500 mPa.s p\u0159i 22 \u00b1 2\u00b0C (do 2 hodin po nam\u00edch\u00e1n\u00ed), tolerance \u00b1 20 %.<\/div>\n<div><strong><span class=\"show-tooltip\" title=\"Hustota&amp;nbsp;p\u0159edstavuje hodnotu dan\u00e9&amp;nbsp;veli\u010diny&amp;nbsp;vzta\u017een\u00e9 k&amp;nbsp;jednotkov\u00e9mu&amp;nbsp;objemu&amp;nbsp;(b\u00fdv\u00e1 tak\u00e9 ozna\u010dov\u00e1na jako&amp;nbsp;objemov\u00e1 hustota), jednotkov\u00e9mu&amp;nbsp;obsahu&amp;nbsp;plochy&amp;nbsp;(pak se hovo\u0159\u00ed o&amp;nbsp;plo\u0161n\u00e9 hustot\u011b) nebo&amp;hellip;\">Hustota<\/span>:<\/strong> 1,39 g\/cm\u00b3, tolerance \u00b1 3 %.<\/div>\n<div><strong><span class=\"show-tooltip\" title=\"\u010cas&amp;nbsp;(zna\u010dka&amp;nbsp;t) je jednou ze z\u00e1kladn\u00edch&amp;nbsp;fyzik\u00e1ln\u00edch veli\u010din&amp;nbsp;soustavy SI, kter\u00e1 se m\u011b\u0159\u00ed v&amp;nbsp;sekund\u00e1ch&amp;nbsp;(s) pomoc\u00ed&amp;nbsp;hodin. \u010cas ozna\u010duje&amp;nbsp;dobu, kter\u00e1 uplyne mezi dv\u011bma okam\u017eiky. V&amp;nbsp;jin\u00e9m ch\u00e1p\u00e1n\u00ed je \u010das poj\u00edm\u00e1n&amp;hellip;\">Doba<\/span> schnut\u00ed:<\/strong> Max. 4 hodiny na dotek p\u0159i 22 \u00b1 2\u00b0C.<\/div>\n<div><strong>Kryvost:<\/strong> Stupe\u0148 1.<\/div>\n<div><strong>\u0158ed\u011bn\u00ed:<\/strong> Vodou (viz p\u0159\u00edprava podkladu).<\/div>\n<div><strong>Vydatnost:<\/strong> 6 &#8211; 7,5 m\u00b2 z 1 kg n\u00e1t\u011brov\u00e9 hmoty na jednu vrstvu.<\/div>\n<div>&nbsp;<\/div>\n<div><strong>Balen\u00ed:<\/strong> PP kbel\u00edk 2,5 kg, 5 kg, 15 kg<\/div>\n<h4><strong>Dostupn\u00e9 odst\u00edny<\/strong><\/h4>\n<div>sv\u011btle <span class=\"show-tooltip\" title=\"\u0160ed\u00e1 je neutr\u00e1ln\u00ed barva, kter\u00e1 vznik\u00e1 kombinac\u00ed \u010dern\u00e9 a b\u00edl\u00e9. Je to barva, kter\u00e1 se nach\u00e1z\u00ed mezi \u010dernou a b\u00edlou na spektru viditeln\u00e9ho sv\u011btla, co\u017e j\u00ed d\u00e1v\u00e1 vlastnost tlumenosti a vyv\u00e1\u017eenosti. \u0160ed\u00e1 je zn\u00e1m\u00e1 svou eleganc\u00ed, neutr\u00e1lnost\u00ed a schopnost\u00ed&amp;hellip;\">\u0161ed\u00fd<\/span> RAL 7035, tmav\u011b \u0161ed\u00fd RAL 7045, b\u00e9\u017eov\u00fd RAL 1001, sv\u011btle <span class=\"show-tooltip\" title=\"Zelen\u00e1 je barva, kter\u00e1 se nach\u00e1z\u00ed mezi modrou a \u017elutou v barevn\u00e9m spektru. Vlnov\u00e1 d\u00e9lka zelen\u00e9ho sv\u011btla se pohybuje mezi 520\u2013570 nm. Zelen\u00e1 je pova\u017eov\u00e1na za uklid\u0148uj\u00edc\u00ed a harmonizuj\u00edc\u00ed barvu, kter\u00e1 vyvol\u00e1v\u00e1 pocit rovnov\u00e1hy a sv\u011b\u017eesti.&amp;nbsp;Je to&amp;hellip;\">zelen\u00fd<\/span> RAL 6021.<\/div>\n<p>&nbsp;<\/p>\n<\/p>\n<\/td>\n<\/tr>\n<\/tbody>\n<\/table>\n<p>&nbsp;<\/p>\n<\/p><\/div>\n","protected":false},"excerpt":{"rendered":"<p>Detailn\u00ed popis produktu EKOBAN\u00ae FORTE PLUS vodou \u0159editeln\u00fd n\u00e1t\u011br na beton a betonov\u00e9 podlahy &nbsp; Vodou \u0159editeln\u00e1 n\u00e1t\u011brov\u00e1 hmota ur\u010den\u00e1 pro betonov\u00e9 podlahy a dal\u0161\u00ed sav\u00e9 materi\u00e1ly s vy\u0161\u0161\u00ed mechanickou z\u00e1t\u011b\u017e\u00ed. Tento n\u00e1t\u011br je ide\u00e1ln\u00ed pro prostory jako gar\u00e1\u017ee, d\u00edlny, sklady, balk\u00f3ny, terasy a chodn\u00edky. &nbsp; Penetrace a vrchn\u00ed n\u00e1t\u011br: Kombinuje penetra\u010dn\u00ed a vrchn\u00ed n\u00e1t\u011br [&hellip;]<\/p>\n","protected":false},"featured_media":15639,"comment_status":"open","ping_status":"open","template":"","meta":[],"product_brand":[],"product_cat":[62],"product_tag":[],"class_list":{"0":"post-15539","1":"product","2":"type-product","3":"status-publish","4":"has-post-thumbnail","6":"product_cat-barvy-amp-laky","8":"first","9":"instock","10":"sale","11":"shipping-taxable","12":"purchasable","13":"product-type-simple"},"yoast_head":"<!-- This site is optimized with the Yoast SEO plugin v26.8 - https:\/\/yoast.com\/product\/yoast-seo-wordpress\/ -->\n<title>V\u00fdprodej EKOBAN\u00ae FORTE PLUS vodou \u0159editeln\u00fd n\u00e1t\u011br na beton a betonov\u00e9 podlahy -<\/title>\n<meta name=\"robots\" content=\"index, follow, max-snippet:-1, max-image-preview:large, max-video-preview:-1\" \/>\n<link rel=\"canonical\" href=\"https:\/\/www.domkraftpro.com\/index.php\/produkt\/vyprodej-ekoban-r-forte-plus-vodou-reditelny-nater-na-beton-a-betonove-podlahy-15539\/\" \/>\n<meta property=\"og:locale\" content=\"cs_CZ\" \/>\n<meta property=\"og:type\" content=\"article\" \/>\n<meta property=\"og:title\" content=\"V\u00fdprodej EKOBAN\u00ae FORTE PLUS vodou \u0159editeln\u00fd n\u00e1t\u011br na beton a betonov\u00e9 podlahy -\" \/>\n<meta property=\"og:description\" content=\"Detailn\u00ed popis produktu EKOBAN\u00ae FORTE PLUS vodou \u0159editeln\u00fd n\u00e1t\u011br na beton a betonov\u00e9 podlahy &nbsp; Vodou \u0159editeln\u00e1 n\u00e1t\u011brov\u00e1 hmota ur\u010den\u00e1 pro betonov\u00e9 podlahy a dal\u0161\u00ed sav\u00e9 materi\u00e1ly s vy\u0161\u0161\u00ed mechanickou z\u00e1t\u011b\u017e\u00ed. Tento n\u00e1t\u011br je ide\u00e1ln\u00ed pro prostory jako gar\u00e1\u017ee, d\u00edlny, sklady, balk\u00f3ny, terasy a chodn\u00edky. &nbsp; Penetrace a vrchn\u00ed n\u00e1t\u011br: Kombinuje penetra\u010dn\u00ed a vrchn\u00ed n\u00e1t\u011br [&hellip;]\" \/>\n<meta property=\"og:url\" content=\"https:\/\/www.domkraftpro.com\/index.php\/produkt\/vyprodej-ekoban-r-forte-plus-vodou-reditelny-nater-na-beton-a-betonove-podlahy-15539\/\" \/>\n<meta property=\"og:image\" content=\"https:\/\/www.domkraftpro.com\/wp-content\/uploads\/2026\/SK0007244-CZ20260425-092522-0-1777080324-116802-2_ekoban-forte-plus.webp\" \/>\n\t<meta property=\"og:image:width\" content=\"1000\" \/>\n\t<meta property=\"og:image:height\" content=\"750\" \/>\n\t<meta property=\"og:image:type\" content=\"image\/webp\" \/>\n<meta name=\"twitter:card\" content=\"summary_large_image\" \/>\n<meta name=\"twitter:label1\" content=\"Odhadovan\u00e1 doba \u010dten\u00ed\" \/>\n\t<meta name=\"twitter:data1\" content=\"2 minuty\" \/>\n<script type=\"application\/ld+json\" class=\"yoast-schema-graph\">{\"@context\":\"https:\/\/schema.org\",\"@graph\":[{\"@type\":\"WebPage\",\"@id\":\"https:\/\/www.domkraftpro.com\/index.php\/produkt\/vyprodej-ekoban-r-forte-plus-vodou-reditelny-nater-na-beton-a-betonove-podlahy-15539\/\",\"url\":\"https:\/\/www.domkraftpro.com\/index.php\/produkt\/vyprodej-ekoban-r-forte-plus-vodou-reditelny-nater-na-beton-a-betonove-podlahy-15539\/\",\"name\":\"V\u00fdprodej EKOBAN\u00ae FORTE PLUS vodou \u0159editeln\u00fd n\u00e1t\u011br na beton a betonov\u00e9 podlahy -\",\"isPartOf\":{\"@id\":\"https:\/\/www.domkraftpro.com\/#website\"},\"primaryImageOfPage\":{\"@id\":\"https:\/\/www.domkraftpro.com\/index.php\/produkt\/vyprodej-ekoban-r-forte-plus-vodou-reditelny-nater-na-beton-a-betonove-podlahy-15539\/#primaryimage\"},\"image\":{\"@id\":\"https:\/\/www.domkraftpro.com\/index.php\/produkt\/vyprodej-ekoban-r-forte-plus-vodou-reditelny-nater-na-beton-a-betonove-podlahy-15539\/#primaryimage\"},\"thumbnailUrl\":\"https:\/\/www.domkraftpro.com\/wp-content\/uploads\/2026\/SK0007244-CZ20260425-092522-0-1777080324-116802-2_ekoban-forte-plus.webp\",\"datePublished\":\"2026-04-27T04:41:01+00:00\",\"breadcrumb\":{\"@id\":\"https:\/\/www.domkraftpro.com\/index.php\/produkt\/vyprodej-ekoban-r-forte-plus-vodou-reditelny-nater-na-beton-a-betonove-podlahy-15539\/#breadcrumb\"},\"inLanguage\":\"cs\",\"potentialAction\":[{\"@type\":\"ReadAction\",\"target\":[\"https:\/\/www.domkraftpro.com\/index.php\/produkt\/vyprodej-ekoban-r-forte-plus-vodou-reditelny-nater-na-beton-a-betonove-podlahy-15539\/\"]}]},{\"@type\":\"ImageObject\",\"inLanguage\":\"cs\",\"@id\":\"https:\/\/www.domkraftpro.com\/index.php\/produkt\/vyprodej-ekoban-r-forte-plus-vodou-reditelny-nater-na-beton-a-betonove-podlahy-15539\/#primaryimage\",\"url\":\"https:\/\/www.domkraftpro.com\/wp-content\/uploads\/2026\/SK0007244-CZ20260425-092522-0-1777080324-116802-2_ekoban-forte-plus.webp\",\"contentUrl\":\"https:\/\/www.domkraftpro.com\/wp-content\/uploads\/2026\/SK0007244-CZ20260425-092522-0-1777080324-116802-2_ekoban-forte-plus.webp\",\"width\":1000,\"height\":750},{\"@type\":\"BreadcrumbList\",\"@id\":\"https:\/\/www.domkraftpro.com\/index.php\/produkt\/vyprodej-ekoban-r-forte-plus-vodou-reditelny-nater-na-beton-a-betonove-podlahy-15539\/#breadcrumb\",\"itemListElement\":[{\"@type\":\"ListItem\",\"position\":1,\"name\":\"Home\",\"item\":\"https:\/\/www.domkraftpro.com\/\"},{\"@type\":\"ListItem\",\"position\":2,\"name\":\"Products\",\"item\":\"https:\/\/www.domkraftpro.com\/index.php\/products\/\"},{\"@type\":\"ListItem\",\"position\":3,\"name\":\"V\u00fdprodej EKOBAN\u00ae FORTE PLUS vodou \u0159editeln\u00fd n\u00e1t\u011br na beton a betonov\u00e9 podlahy\"}]},{\"@type\":\"WebSite\",\"@id\":\"https:\/\/www.domkraftpro.com\/#website\",\"url\":\"https:\/\/www.domkraftpro.com\/\",\"name\":\"\",\"description\":\"\",\"potentialAction\":[{\"@type\":\"SearchAction\",\"target\":{\"@type\":\"EntryPoint\",\"urlTemplate\":\"https:\/\/www.domkraftpro.com\/?s={search_term_string}\"},\"query-input\":{\"@type\":\"PropertyValueSpecification\",\"valueRequired\":true,\"valueName\":\"search_term_string\"}}],\"inLanguage\":\"cs\"}]}<\/script>\n<!-- \/ Yoast SEO plugin. -->","yoast_head_json":{"title":"V\u00fdprodej EKOBAN\u00ae FORTE PLUS vodou \u0159editeln\u00fd n\u00e1t\u011br na beton a betonov\u00e9 podlahy -","robots":{"index":"index","follow":"follow","max-snippet":"max-snippet:-1","max-image-preview":"max-image-preview:large","max-video-preview":"max-video-preview:-1"},"canonical":"https:\/\/www.domkraftpro.com\/index.php\/produkt\/vyprodej-ekoban-r-forte-plus-vodou-reditelny-nater-na-beton-a-betonove-podlahy-15539\/","og_locale":"cs_CZ","og_type":"article","og_title":"V\u00fdprodej EKOBAN\u00ae FORTE PLUS vodou \u0159editeln\u00fd n\u00e1t\u011br na beton a betonov\u00e9 podlahy -","og_description":"Detailn\u00ed popis produktu EKOBAN\u00ae FORTE PLUS vodou \u0159editeln\u00fd n\u00e1t\u011br na beton a betonov\u00e9 podlahy &nbsp; Vodou \u0159editeln\u00e1 n\u00e1t\u011brov\u00e1 hmota ur\u010den\u00e1 pro betonov\u00e9 podlahy a dal\u0161\u00ed sav\u00e9 materi\u00e1ly s vy\u0161\u0161\u00ed mechanickou z\u00e1t\u011b\u017e\u00ed. Tento n\u00e1t\u011br je ide\u00e1ln\u00ed pro prostory jako gar\u00e1\u017ee, d\u00edlny, sklady, balk\u00f3ny, terasy a chodn\u00edky. &nbsp; Penetrace a vrchn\u00ed n\u00e1t\u011br: Kombinuje penetra\u010dn\u00ed a vrchn\u00ed n\u00e1t\u011br [&hellip;]","og_url":"https:\/\/www.domkraftpro.com\/index.php\/produkt\/vyprodej-ekoban-r-forte-plus-vodou-reditelny-nater-na-beton-a-betonove-podlahy-15539\/","og_image":[{"width":1000,"height":750,"url":"https:\/\/www.domkraftpro.com\/wp-content\/uploads\/2026\/SK0007244-CZ20260425-092522-0-1777080324-116802-2_ekoban-forte-plus.webp","type":"image\/webp"}],"twitter_card":"summary_large_image","twitter_misc":{"Odhadovan\u00e1 doba \u010dten\u00ed":"2 minuty"},"schema":{"@context":"https:\/\/schema.org","@graph":[{"@type":"WebPage","@id":"https:\/\/www.domkraftpro.com\/index.php\/produkt\/vyprodej-ekoban-r-forte-plus-vodou-reditelny-nater-na-beton-a-betonove-podlahy-15539\/","url":"https:\/\/www.domkraftpro.com\/index.php\/produkt\/vyprodej-ekoban-r-forte-plus-vodou-reditelny-nater-na-beton-a-betonove-podlahy-15539\/","name":"V\u00fdprodej EKOBAN\u00ae FORTE PLUS vodou \u0159editeln\u00fd n\u00e1t\u011br na beton a betonov\u00e9 podlahy -","isPartOf":{"@id":"https:\/\/www.domkraftpro.com\/#website"},"primaryImageOfPage":{"@id":"https:\/\/www.domkraftpro.com\/index.php\/produkt\/vyprodej-ekoban-r-forte-plus-vodou-reditelny-nater-na-beton-a-betonove-podlahy-15539\/#primaryimage"},"image":{"@id":"https:\/\/www.domkraftpro.com\/index.php\/produkt\/vyprodej-ekoban-r-forte-plus-vodou-reditelny-nater-na-beton-a-betonove-podlahy-15539\/#primaryimage"},"thumbnailUrl":"https:\/\/www.domkraftpro.com\/wp-content\/uploads\/2026\/SK0007244-CZ20260425-092522-0-1777080324-116802-2_ekoban-forte-plus.webp","datePublished":"2026-04-27T04:41:01+00:00","breadcrumb":{"@id":"https:\/\/www.domkraftpro.com\/index.php\/produkt\/vyprodej-ekoban-r-forte-plus-vodou-reditelny-nater-na-beton-a-betonove-podlahy-15539\/#breadcrumb"},"inLanguage":"cs","potentialAction":[{"@type":"ReadAction","target":["https:\/\/www.domkraftpro.com\/index.php\/produkt\/vyprodej-ekoban-r-forte-plus-vodou-reditelny-nater-na-beton-a-betonove-podlahy-15539\/"]}]},{"@type":"ImageObject","inLanguage":"cs","@id":"https:\/\/www.domkraftpro.com\/index.php\/produkt\/vyprodej-ekoban-r-forte-plus-vodou-reditelny-nater-na-beton-a-betonove-podlahy-15539\/#primaryimage","url":"https:\/\/www.domkraftpro.com\/wp-content\/uploads\/2026\/SK0007244-CZ20260425-092522-0-1777080324-116802-2_ekoban-forte-plus.webp","contentUrl":"https:\/\/www.domkraftpro.com\/wp-content\/uploads\/2026\/SK0007244-CZ20260425-092522-0-1777080324-116802-2_ekoban-forte-plus.webp","width":1000,"height":750},{"@type":"BreadcrumbList","@id":"https:\/\/www.domkraftpro.com\/index.php\/produkt\/vyprodej-ekoban-r-forte-plus-vodou-reditelny-nater-na-beton-a-betonove-podlahy-15539\/#breadcrumb","itemListElement":[{"@type":"ListItem","position":1,"name":"Home","item":"https:\/\/www.domkraftpro.com\/"},{"@type":"ListItem","position":2,"name":"Products","item":"https:\/\/www.domkraftpro.com\/index.php\/products\/"},{"@type":"ListItem","position":3,"name":"V\u00fdprodej EKOBAN\u00ae FORTE PLUS vodou \u0159editeln\u00fd n\u00e1t\u011br na beton a betonov\u00e9 podlahy"}]},{"@type":"WebSite","@id":"https:\/\/www.domkraftpro.com\/#website","url":"https:\/\/www.domkraftpro.com\/","name":"","description":"","potentialAction":[{"@type":"SearchAction","target":{"@type":"EntryPoint","urlTemplate":"https:\/\/www.domkraftpro.com\/?s={search_term_string}"},"query-input":{"@type":"PropertyValueSpecification","valueRequired":true,"valueName":"search_term_string"}}],"inLanguage":"cs"}]}},"_links":{"self":[{"href":"https:\/\/www.domkraftpro.com\/index.php\/wp-json\/wp\/v2\/product\/15539","targetHints":{"allow":["GET"]}}],"collection":[{"href":"https:\/\/www.domkraftpro.com\/index.php\/wp-json\/wp\/v2\/product"}],"about":[{"href":"https:\/\/www.domkraftpro.com\/index.php\/wp-json\/wp\/v2\/types\/product"}],"replies":[{"embeddable":true,"href":"https:\/\/www.domkraftpro.com\/index.php\/wp-json\/wp\/v2\/comments?post=15539"}],"wp:featuredmedia":[{"embeddable":true,"href":"https:\/\/www.domkraftpro.com\/index.php\/wp-json\/wp\/v2\/media\/15639"}],"wp:attachment":[{"href":"https:\/\/www.domkraftpro.com\/index.php\/wp-json\/wp\/v2\/media?parent=15539"}],"wp:term":[{"taxonomy":"product_brand","embeddable":true,"href":"https:\/\/www.domkraftpro.com\/index.php\/wp-json\/wp\/v2\/product_brand?post=15539"},{"taxonomy":"product_cat","embeddable":true,"href":"https:\/\/www.domkraftpro.com\/index.php\/wp-json\/wp\/v2\/product_cat?post=15539"},{"taxonomy":"product_tag","embeddable":true,"href":"https:\/\/www.domkraftpro.com\/index.php\/wp-json\/wp\/v2\/product_tag?post=15539"}],"curies":[{"name":"wp","href":"https:\/\/api.w.org\/{rel}","templated":true}]}}