{"id":15538,"date":"2026-04-27T04:41:01","date_gmt":"2026-04-27T04:41:01","guid":{"rendered":""},"modified":"2026-04-27T04:41:01","modified_gmt":"2026-04-27T04:41:01","slug":"ekoban-r-lak-vodou-reditelny-na-beton-a-save-podklady-super-cena-15538","status":"publish","type":"product","link":"https:\/\/www.domkraftpro.com\/index.php\/produkt\/ekoban-r-lak-vodou-reditelny-na-beton-a-save-podklady-super-cena-15538\/","title":{"rendered":"EKOBAN\u00ae LAK vodou \u0159editeln\u00fd na beton a sav\u00e9 podklady Super Cena"},"content":{"rendered":"<div class=\"basic-description\">\n<h3>Detailn\u00ed popis produktu<\/h3>\n<table height=\"5\" style=\"width: 850px;\">\n<tbody>\n<tr>\n<td style=\"width: 708.875px;\">\n<h1><strong>EKOBAN\u00ae <span class=\"show-tooltip\" title=\"Lak je povlak nebo n\u00e1t\u011br, kter\u00fd se nan\u00e1\u0161\u00ed na povrchy s c\u00edlem zv\u00fd\u0161it jejich odolnost, estetick\u00fd vzhled nebo ochranu. Existuje mnoho r\u016fzn\u00fdch typ\u016f lak\u016f, z nich\u017e ka\u017ed\u00fd je ur\u010den pro specifick\u00e9 pou\u017eit\u00ed a materi\u00e1ly:Vodou \u0159editeln\u00fd lak: Typ&amp;hellip;\">LAK<\/span> <\/strong><\/h1>\n<h1><strong><span class=\"show-tooltip\" title=\"Voda,&amp;nbsp;chemick\u00fdm vzorcem&amp;nbsp;H2O,&amp;nbsp;systematick\u00fd n\u00e1zev&amp;nbsp;oxidan, je&amp;nbsp;chemick\u00e1 slou\u010denina&amp;nbsp;vod\u00edku&amp;nbsp;a&amp;nbsp;kysl\u00edku. Spolu se&amp;nbsp;vzduchem, resp.&amp;nbsp;zemskou atmosf\u00e9rou, tvo\u0159\u00ed z\u00e1kladn\u00ed podm\u00ednky pro&amp;hellip;\">vodou<\/span> \u0159editeln\u00fd na <span class=\"show-tooltip\" title=\"Beton je stavebn\u00ed materi\u00e1l slo\u017een\u00fd z n\u011bkolika z\u00e1kladn\u00edch slo\u017eek, v\u010detn\u011b cementu, vody, p\u00edsku (nebo jemn\u00e9ho \u0161t\u011brku) a hrub\u00e9ho \u0161t\u011brku nebo kamene. Tato sm\u011bs se pe\u010dliv\u011b prom\u00edch\u00e1 a pot\u00e9 ztvrdne a z\u00edsk\u00e1 pevnou a odolnou strukturu. Beton je&amp;hellip;\">beton<\/span> a sav\u00e9 podklady<\/strong><\/h1>\n<\/td>\n<td style=\"width: 139.125px;\"><\/td>\n<\/tr>\n<\/tbody>\n<\/table>\n<table width=\"850\" height=\"53\">\n<tbody>\n<tr>\n<td style=\"width: 849px;\">\n<div>&nbsp;<\/div>\n<div><span style=\"font-size: 12pt;\"><strong>EKOBAN\u00ae Lak je vodou \u0159editeln\u00fd n\u00e1t\u011br ur\u010den\u00fd pro ochranu a zpevn\u011bn\u00ed betonov\u00fdch a sav\u00fdch podklad\u016f. Poskytuje vynikaj\u00edc\u00ed <span class=\"show-tooltip\" title=\"Stupe\u0148 p\u0159ipevn\u011bn\u00ed n\u00e1t\u011bru k povrchu. Kvalita nebo stupe\u0148 p\u0159ipevn\u011bn\u00ed mezi povlakem barvy a povrchem nebo barvou pod n\u00edm. Schopnost such\u00e9 barvy z\u016fstat na povrchu bez puch\u00fd\u0159\u016f, odlupov\u00e1n\u00ed nebo prask\u00e1n\u00ed. P\u0159ilnavost je pravd\u011bpodobn\u011b nejd\u016fle\u017eit\u011bj\u0161\u00ed&amp;hellip;\">p\u0159ilnavost<\/span>, <span class=\"show-tooltip\" title=\"Mechanika je v\u011bdn\u00ed obor, kter\u00fd se zab\u00fdv\u00e1 studiem pohybu a rovnov\u00e1hy t\u011bles, a to jak v klidu, tak v pohybu. Tento obor se rozd\u011bluje do n\u011bkolika hlavn\u00edch oblast\u00ed, kter\u00e9 se li\u0161\u00ed podle typ\u016f sil, pohybov\u00fdch vzorc\u016f a aplikac\u00ed.&amp;nbsp;Mechanika je&amp;hellip;\">mechanickou<\/span> odolnost a ochranu p\u0159ed nep\u0159\u00edzniv\u00fdmi pov\u011btrnostn\u00edmi vlivy. Tento lak je ide\u00e1ln\u00ed pro venkovn\u00ed i vnit\u0159n\u00ed pou\u017eit\u00ed na beton, <span class=\"show-tooltip\" title=\"D\u0159evo&amp;nbsp;je tvrd\u00e9 a p\u00f3rovit\u00e9&amp;nbsp;rostlinn\u00e9 pletivo&amp;nbsp;(tk\u00e1\u0148), je\u017e tvo\u0159\u00ed kmeny, ko\u0159eny a v\u011btve strom\u016f, ke\u0159\u016f a dal\u0161\u00edch&amp;nbsp;d\u0159evin. Skl\u00e1d\u00e1 se z&amp;nbsp;celul\u00f3zov\u00fdch&amp;nbsp;vl\u00e1ken s vysokou pevnost\u00ed v tahu a&amp;nbsp;ligninov\u00e9&amp;nbsp;v\u00fdpln\u011b, kter\u00e1&amp;hellip;\">d\u0159evo<\/span>, <span class=\"show-tooltip\" title=\"Zdivo je stavebn\u00ed materi\u00e1l tvo\u0159en\u00fd uspo\u0159\u00e1dan\u00fdmi vrstvami cihel, blok\u016f nebo kamen\u016f, kter\u00e9 jsou spojeny maltou.&amp;nbsp;Tento materi\u00e1l se b\u011b\u017en\u011b pou\u017e\u00edv\u00e1 pro konstrukci st\u011bn budov a m\u016f\u017ee m\u00edt r\u016fzn\u00e9 formy, v\u010detn\u011b zd\u00ed z cihel, betonov\u00fdch blok\u016f nebo&amp;hellip;\">zdivo<\/span>, k\u00e1men a um\u011bl\u00fd p\u00edskovec.<\/strong><\/span><\/div>\n<div>&nbsp;<\/div>\n<div><strong>Penetrace a zpevn\u011bn\u00ed:<\/strong> Hloubkov\u011b penetruje a zpev\u0148uje podklad.<\/div>\n<div><strong>Ochrana:<\/strong> Zvy\u0161uje mechanickou odolnost a chr\u00e1n\u00ed povrch p\u0159ed nep\u0159\u00edzniv\u00fdmi vlivy.<\/div>\n<div><strong>Transparentnost:<\/strong> Po zaschnut\u00ed je lak dokonale transparentn\u00ed a ne\u017eloutne.<\/div>\n<div><strong>Snadn\u00e1 \u00fadr\u017eba:<\/strong> Zlep\u0161uje omyvatelnost a \u00fadr\u017ebu nat\u0159en\u00e9ho povrchu.<\/div>\n<div><strong>Rychl\u00e9 zasych\u00e1n\u00ed:<\/strong> Dotykov\u011b such\u00fd do 2 hodin, dal\u0161\u00ed vrstvu lze nan\u00e9st po 4-6 hodin\u00e1ch.<\/div>\n<div><strong>Ekonomick\u00fd:<\/strong> V\u00fdborn\u00fd pom\u011br kvality a ceny.<\/div>\n<h4><strong>Pou\u017eit\u00ed<\/strong><\/h4>\n<div><strong>Venkovn\u00ed a vnit\u0159n\u00ed pou\u017eit\u00ed:<\/strong> Vhodn\u00e9 pro betonov\u00e9 podlahy, d\u0159evo, zdivo, k\u00e1men, um\u011bl\u00fd p\u00edskovec a dal\u0161\u00ed sav\u00e9 podklady.<\/div>\n<div><strong>Ochrann\u00fd lak:<\/strong> Lze pou\u017e\u00edt jako vrchn\u00ed ochrann\u00fd lak na plochy nat\u0159en\u00e9 <span class=\"show-tooltip\" title=\"Disperze je pojem, kter\u00fd m\u016f\u017ee m\u00edt r\u016fzn\u00e9 v\u00fdznamy v z\u00e1vislosti na kontextu, ve kter\u00e9m je pou\u017e\u00edv\u00e1n:V chemii a fyzice:Disperze jako rozpt\u00fdlen\u00ed \u010d\u00e1stic: Tento term\u00edn se pou\u017e\u00edv\u00e1 k popisu stavu, kdy jsou \u010d\u00e1stice jedn\u00e9 l\u00e1tky rozpt\u00fdleny v jin\u00e9 l\u00e1tce. M\u016f\u017ee&amp;hellip;\">disperzn\u00edmi<\/span> barvami (EKOBAN, EKOBAN FORTE) pro zv\u00fd\u0161en\u00ed mechanick\u00e9 odolnosti a zlep\u0161en\u00ed omyvatelnosti.<\/div>\n<h5><strong>Nevhodn\u00e9 pou\u017eit\u00ed<\/strong><\/h5>\n<div>Nen\u00ed ur\u010den pro n\u00e1t\u011bry p\u0159ich\u00e1zej\u00edc\u00ed do p\u0159\u00edm\u00e9ho styku s pitnou vodou.<\/div>\n<div>Nen\u00ed vhodn\u00fd pro n\u00e1t\u011bry d\u011btsk\u00e9ho n\u00e1bytku a hra\u010dek.<\/div>\n<div>Nedoporu\u010dujeme pro trvale <span class=\"show-tooltip\" title=\"Vlhkost je m\u00edra obsahu vodn\u00edch par ve vzduchu nebo v jin\u00e9m prost\u0159ed\u00ed. Je to d\u016fle\u017eit\u00fd prvek, kter\u00fd ovliv\u0148uje \u017eivotn\u00ed prost\u0159ed\u00ed, pohodu a zdrav\u00ed. Vlhkost se obvykle vyjad\u0159uje jako relativn\u00ed vlhkost, co\u017e je pom\u011br aktu\u00e1ln\u00edho obsahu vodn\u00edch par ve vzduchu&amp;hellip;\">vlhk\u00e9<\/span> nebo mokr\u00e9 prost\u0159ed\u00ed.<\/div>\n<h4><strong>N\u00e1vod k pou\u017eit\u00ed<\/strong><\/h4>\n<div><strong>P\u0159\u00edprava podkladu:<\/strong> Ujist\u011bte se, \u017ee podklad je such\u00fd, vyzr\u00e1l\u00fd, dokonale odma\u0161t\u011bn\u00fd a zbaven\u00fd v\u0161ech mechanick\u00fdch ne\u010distot (prach, p\u00edsek, saze, vegetativn\u00ed zbytky apod.) a star\u00fdch po\u0161kozen\u00fdch n\u00e1t\u011br\u016f.<\/div>\n<div><strong>Penetra\u010dn\u00ed n\u00e1t\u011br:<\/strong> Na dosud neo\u0161et\u0159en\u00e9 sav\u00e9 podklady prove\u010fte penetra\u010dn\u00ed n\u00e1t\u011br (EKOBAN LAK <span class=\"show-tooltip\" title=\"\u0158ed\u011bn\u00ed je proces, p\u0159i kter\u00e9m se jedna l\u00e1tka (obvykle tekutina) o ur\u010dit\u00e9 hustot\u011b nebo koncentraci \u0159ed\u00ed sm\u00edch\u00e1n\u00edm s jinou l\u00e1tkou ni\u017e\u0161\u00ed hustoty v takov\u00e9m mno\u017estv\u00ed, aby bylo dosa\u017eeno po\u017eadovan\u00e9 v\u00fdsledn\u00e9 sm\u011bsi - roztoku o ni\u017e\u0161\u00ed hustot\u011b.Tento term\u00edn se&amp;hellip;\">na\u0159ed\u011bn\u00fd<\/span> v pom\u011bru 1:5 vodou). V p\u0159\u00edpad\u011b vy\u0161\u0161\u00ed savosti podkladu opakujte penetra\u010dn\u00ed n\u00e1t\u011br, dokud p\u0159\u00edpravek vsakuje.<\/div>\n<div><strong>Nan\u00e1\u0161en\u00ed:<\/strong> Nan\u00e1\u0161ejte <span class=\"show-tooltip\" title=\"\u0160t\u011btec je n\u00e1stroj pou\u017e\u00edvan\u00fd pro malov\u00e1n\u00ed, nan\u00e1\u0161en\u00ed laku, barvy, lepidel nebo jin\u00fdch podobn\u00fdch l\u00e1tek na povrchy. Skl\u00e1d\u00e1 se z h\u0159betu (t\u011bla) a chlup\u016f (vl\u00e1ken), kter\u00e9 jsou p\u0159ipevn\u011bny k h\u0159betu. Chlupy mohou b\u00fdt vyrobeny z r\u016fzn\u00fdch materi\u00e1l\u016f, jako&amp;hellip;\">\u0161t\u011btcem<\/span>, v\u00e1le\u010dkem nebo st\u0159\u00edk\u00e1n\u00edm ve dvou a v\u00edce vrstv\u00e1ch p\u0159i teplot\u011b +10\u00b0C a\u017e +25\u00b0C. Dal\u0161\u00ed vrstvu naneste po dostate\u010dn\u00e9m zaschnut\u00ed p\u0159edchoz\u00ed vrstvy (cca 4-6 hodin p\u0159i 20\u00b0C a relativn\u00ed <span class=\"show-tooltip\" title=\"Vlhkost je m\u011brn\u00e1 fyzik\u00e1ln\u00ed veli\u010dina vyjad\u0159uj\u00edc\u00ed mno\u017estv\u00ed \u010d\u00e1stic vody p\u0159\u00edtomn\u00e9 v atmosf\u00e9\u0159e nebo v materi\u00e1lu. M\u016f\u017ee se jednat o d\u016fle\u017eit\u00fd faktor v mnoha r\u016fzn\u00fdch kontextech a ovliv\u0148ovat r\u016fzn\u00e9 aspekty prost\u0159ed\u00ed, kvality materi\u00e1l\u016f, a dokonce i lidsk\u00e9ho&amp;hellip;\">vlhkosti<\/span> vzduchu do 70 %).<\/div>\n<div><strong>Schnut\u00ed:<\/strong> Povrch je dotykov\u011b such\u00fd do 2 hodin. Kone\u010dn\u00fdch vlastnost\u00ed dosahuje n\u00e1t\u011br po 7 dnech zr\u00e1n\u00ed.<\/div>\n<h4><strong>Technick\u00e1 data<\/strong><\/h4>\n<div><strong>Vzhled:<\/strong> Ml\u00e9\u010dn\u011b zakalen\u00e1 <span class=\"show-tooltip\" title=\"Viskozita je m\u011b\u0159\u00edtko odporu kapaliny proti deformaci nebo pohybu.Je z\u00e1kladn\u00edm pojmem v oblasti reologie (v\u011bda o proud\u011bn\u00ed materi\u00e1l\u016f) a d\u016fle\u017eit\u00e1 pro charakterizaci tekutin a plast\u016f.M\u011b\u0159\u00ed, jak rychle nebo pomalu kapalina te\u010de nebo jak se tvaruje v&amp;hellip;\">visk\u00f3zn\u00ed<\/span> <span class=\"show-tooltip\" title=\"Kapalina je skupenstv\u00ed l\u00e1tky, kter\u00e9 se vyzna\u010duje t\u00edm, \u017ee m\u00e1 pevn\u00fd objem, ale nen\u00ed schopna udr\u017eet sv\u016fj tvar a p\u0159izp\u016fsobuje se tvaru n\u00e1doby, do kter\u00e9 je um\u00edst\u011bna. Kapaliny zahrnuj\u00ed \u0161irokou \u0161k\u00e1lu l\u00e1tek, od vody a oleje po alkoholy a benz\u00edn.Kapaliny&amp;hellip;\">kapalina<\/span> bez mechanick\u00fdch ne\u010distot a usazenin.<\/div>\n<div><strong>Viskozita:<\/strong> Min. 400 mPa.s.<\/div>\n<div><strong>Su\u0161ina:<\/strong> Min. 27 %.<\/div>\n<div><strong>Odst\u00edny:<\/strong> Bezbarv\u00fd <span class=\"show-tooltip\" title=\"Lesk povrchu barvy je srovn\u00e1v\u00e1n s mno\u017estv\u00edm sv\u011btla odrazen\u00e9ho \u010dernou le\u0161t\u011bnou sklen\u011bnou deskou s ozna\u010den\u00edm 100, tedy s maxim\u00e1ln\u00edm leskem. Barvy a laky jsou rozd\u011bleny do skupin podle lesku m\u011b\u0159en\u00e9ho v \u00fahlu odrazu 60 stup\u0148\u016f podle n\u00ed\u017ee uveden\u00e9&amp;hellip;\">pololesk<\/span>.<\/div>\n<div><strong><span class=\"show-tooltip\" title=\"\u010cas&amp;nbsp;(zna\u010dka&amp;nbsp;t) je jednou ze z\u00e1kladn\u00edch&amp;nbsp;fyzik\u00e1ln\u00edch veli\u010din&amp;nbsp;soustavy SI, kter\u00e1 se m\u011b\u0159\u00ed v&amp;nbsp;sekund\u00e1ch&amp;nbsp;(s) pomoc\u00ed&amp;nbsp;hodin. \u010cas ozna\u010duje&amp;nbsp;dobu, kter\u00e1 uplyne mezi dv\u011bma okam\u017eiky. V&amp;nbsp;jin\u00e9m ch\u00e1p\u00e1n\u00ed je \u010das poj\u00edm\u00e1n&amp;hellip;\">Doba<\/span> schnut\u00ed:<\/strong> P\u0159i 22 \u00b1 2\u00b0C max. 2 hodiny.<\/div>\n<div><strong><span class=\"show-tooltip\" title=\"\u0158edidlo&amp;nbsp;neboli&amp;nbsp;rozpou\u0161t\u011bdlo&amp;nbsp;se pou\u017e\u00edv\u00e1 ke zlep\u0161en\u00ed rozt\u00edratelnosti lak\u016f, k \u010di\u0161t\u011bn\u00ed \u0161t\u011btc\u016f a k odstran\u011bn\u00ed star\u00fdch n\u00e1t\u011br\u016f.&amp;nbsp;Technick\u00e1 \u0159edidlaC 6000 - speci\u00e1ln\u00ed&amp;hellip;\">\u0158edidlo<\/span>:<\/strong> Voda.<\/div>\n<div><strong><span class=\"show-tooltip\" title=\"Spot\u0159eba materi\u00e1lu je m\u011b\u0159en\u00ed mno\u017estv\u00ed surovin, komponent\u016f nebo materi\u00e1l\u016f, kter\u00e9 jsou pou\u017eity p\u0159i v\u00fdrob\u011b, konstrukci, instalaci, aplikaci nebo provozu n\u011bjak\u00e9ho v\u00fdrobku, za\u0159\u00edzen\u00ed nebo syst\u00e9mu.Spot\u0159eba materi\u00e1lu m\u016f\u017ee b\u00fdt vyj\u00e1d\u0159ena v r\u016fzn\u00fdch&amp;hellip;\">Spot\u0159eba<\/span>:<\/strong> 110 ml\/m\u00b2.<\/div>\n<div><strong>Teoretick\u00e1 vydatnost:<\/strong> 9 m\u00b2 z 1 kg na jednu vrstvu p\u0159i doporu\u010den\u00e9 tlou\u0161\u0165ce such\u00e9ho filmu 30 \u03bcm (odpov\u00eddaj\u00edc\u00ed mokr\u00e1 tlou\u0161\u0165ka 107 \u03bcm). V\u00fdsledek z\u00e1vis\u00ed na savosti podkladu a zp\u016fsobu nan\u00e1\u0161en\u00ed.<\/div>\n<div>&nbsp;<\/div>\n<div><strong>Velikosti balen\u00ed:<\/strong>&nbsp;2,5 kg, 5 kg<\/div>\n<\/td>\n<\/tr>\n<\/tbody>\n<\/table><\/div>\n","protected":false},"excerpt":{"rendered":"<p>Detailn\u00ed popis produktu EKOBAN\u00ae LAK vodou \u0159editeln\u00fd na beton a sav\u00e9 podklady &nbsp; EKOBAN\u00ae Lak je vodou \u0159editeln\u00fd n\u00e1t\u011br ur\u010den\u00fd pro ochranu a zpevn\u011bn\u00ed betonov\u00fdch a sav\u00fdch podklad\u016f. Poskytuje vynikaj\u00edc\u00ed p\u0159ilnavost, mechanickou odolnost a ochranu p\u0159ed nep\u0159\u00edzniv\u00fdmi pov\u011btrnostn\u00edmi vlivy. Tento lak je ide\u00e1ln\u00ed pro venkovn\u00ed i vnit\u0159n\u00ed pou\u017eit\u00ed na beton, d\u0159evo, zdivo, k\u00e1men a um\u011bl\u00fd [&hellip;]<\/p>\n","protected":false},"featured_media":15638,"comment_status":"open","ping_status":"open","template":"","meta":[],"product_brand":[],"product_cat":[62],"product_tag":[],"class_list":{"0":"post-15538","1":"product","2":"type-product","3":"status-publish","4":"has-post-thumbnail","6":"product_cat-barvy-amp-laky","8":"first","9":"instock","10":"sale","11":"shipping-taxable","12":"purchasable","13":"product-type-simple"},"yoast_head":"<!-- This site is optimized with the Yoast SEO plugin v26.8 - https:\/\/yoast.com\/product\/yoast-seo-wordpress\/ -->\n<title>EKOBAN\u00ae LAK vodou \u0159editeln\u00fd na beton a sav\u00e9 podklady Super Cena -<\/title>\n<meta name=\"robots\" content=\"index, follow, max-snippet:-1, max-image-preview:large, max-video-preview:-1\" \/>\n<link rel=\"canonical\" href=\"https:\/\/www.domkraftpro.com\/index.php\/produkt\/ekoban-r-lak-vodou-reditelny-na-beton-a-save-podklady-super-cena-15538\/\" \/>\n<meta property=\"og:locale\" content=\"cs_CZ\" \/>\n<meta property=\"og:type\" content=\"article\" \/>\n<meta property=\"og:title\" content=\"EKOBAN\u00ae LAK vodou \u0159editeln\u00fd na beton a sav\u00e9 podklady Super Cena -\" \/>\n<meta property=\"og:description\" content=\"Detailn\u00ed popis produktu EKOBAN\u00ae LAK vodou \u0159editeln\u00fd na beton a sav\u00e9 podklady &nbsp; EKOBAN\u00ae Lak je vodou \u0159editeln\u00fd n\u00e1t\u011br ur\u010den\u00fd pro ochranu a zpevn\u011bn\u00ed betonov\u00fdch a sav\u00fdch podklad\u016f. Poskytuje vynikaj\u00edc\u00ed p\u0159ilnavost, mechanickou odolnost a ochranu p\u0159ed nep\u0159\u00edzniv\u00fdmi pov\u011btrnostn\u00edmi vlivy. Tento lak je ide\u00e1ln\u00ed pro venkovn\u00ed i vnit\u0159n\u00ed pou\u017eit\u00ed na beton, d\u0159evo, zdivo, k\u00e1men a um\u011bl\u00fd [&hellip;]\" \/>\n<meta property=\"og:url\" content=\"https:\/\/www.domkraftpro.com\/index.php\/produkt\/ekoban-r-lak-vodou-reditelny-na-beton-a-save-podklady-super-cena-15538\/\" \/>\n<meta property=\"og:image\" content=\"https:\/\/www.domkraftpro.com\/wp-content\/uploads\/2026\/SK0007243-CZ20260425-092522-0-1777080324-116799-1_ekoban-lak-2-5.webp\" \/>\n\t<meta property=\"og:image:width\" content=\"1000\" \/>\n\t<meta property=\"og:image:height\" content=\"750\" \/>\n\t<meta property=\"og:image:type\" content=\"image\/webp\" \/>\n<meta name=\"twitter:card\" content=\"summary_large_image\" \/>\n<meta name=\"twitter:label1\" content=\"Odhadovan\u00e1 doba \u010dten\u00ed\" \/>\n\t<meta name=\"twitter:data1\" content=\"2 minuty\" \/>\n<script type=\"application\/ld+json\" class=\"yoast-schema-graph\">{\"@context\":\"https:\/\/schema.org\",\"@graph\":[{\"@type\":\"WebPage\",\"@id\":\"https:\/\/www.domkraftpro.com\/index.php\/produkt\/ekoban-r-lak-vodou-reditelny-na-beton-a-save-podklady-super-cena-15538\/\",\"url\":\"https:\/\/www.domkraftpro.com\/index.php\/produkt\/ekoban-r-lak-vodou-reditelny-na-beton-a-save-podklady-super-cena-15538\/\",\"name\":\"EKOBAN\u00ae LAK vodou \u0159editeln\u00fd na beton a sav\u00e9 podklady Super Cena -\",\"isPartOf\":{\"@id\":\"https:\/\/www.domkraftpro.com\/#website\"},\"primaryImageOfPage\":{\"@id\":\"https:\/\/www.domkraftpro.com\/index.php\/produkt\/ekoban-r-lak-vodou-reditelny-na-beton-a-save-podklady-super-cena-15538\/#primaryimage\"},\"image\":{\"@id\":\"https:\/\/www.domkraftpro.com\/index.php\/produkt\/ekoban-r-lak-vodou-reditelny-na-beton-a-save-podklady-super-cena-15538\/#primaryimage\"},\"thumbnailUrl\":\"https:\/\/www.domkraftpro.com\/wp-content\/uploads\/2026\/SK0007243-CZ20260425-092522-0-1777080324-116799-1_ekoban-lak-2-5.webp\",\"datePublished\":\"2026-04-27T04:41:01+00:00\",\"breadcrumb\":{\"@id\":\"https:\/\/www.domkraftpro.com\/index.php\/produkt\/ekoban-r-lak-vodou-reditelny-na-beton-a-save-podklady-super-cena-15538\/#breadcrumb\"},\"inLanguage\":\"cs\",\"potentialAction\":[{\"@type\":\"ReadAction\",\"target\":[\"https:\/\/www.domkraftpro.com\/index.php\/produkt\/ekoban-r-lak-vodou-reditelny-na-beton-a-save-podklady-super-cena-15538\/\"]}]},{\"@type\":\"ImageObject\",\"inLanguage\":\"cs\",\"@id\":\"https:\/\/www.domkraftpro.com\/index.php\/produkt\/ekoban-r-lak-vodou-reditelny-na-beton-a-save-podklady-super-cena-15538\/#primaryimage\",\"url\":\"https:\/\/www.domkraftpro.com\/wp-content\/uploads\/2026\/SK0007243-CZ20260425-092522-0-1777080324-116799-1_ekoban-lak-2-5.webp\",\"contentUrl\":\"https:\/\/www.domkraftpro.com\/wp-content\/uploads\/2026\/SK0007243-CZ20260425-092522-0-1777080324-116799-1_ekoban-lak-2-5.webp\",\"width\":1000,\"height\":750},{\"@type\":\"BreadcrumbList\",\"@id\":\"https:\/\/www.domkraftpro.com\/index.php\/produkt\/ekoban-r-lak-vodou-reditelny-na-beton-a-save-podklady-super-cena-15538\/#breadcrumb\",\"itemListElement\":[{\"@type\":\"ListItem\",\"position\":1,\"name\":\"Home\",\"item\":\"https:\/\/www.domkraftpro.com\/\"},{\"@type\":\"ListItem\",\"position\":2,\"name\":\"Products\",\"item\":\"https:\/\/www.domkraftpro.com\/index.php\/products\/\"},{\"@type\":\"ListItem\",\"position\":3,\"name\":\"EKOBAN\u00ae LAK vodou \u0159editeln\u00fd na beton a sav\u00e9 podklady Super Cena\"}]},{\"@type\":\"WebSite\",\"@id\":\"https:\/\/www.domkraftpro.com\/#website\",\"url\":\"https:\/\/www.domkraftpro.com\/\",\"name\":\"\",\"description\":\"\",\"potentialAction\":[{\"@type\":\"SearchAction\",\"target\":{\"@type\":\"EntryPoint\",\"urlTemplate\":\"https:\/\/www.domkraftpro.com\/?s={search_term_string}\"},\"query-input\":{\"@type\":\"PropertyValueSpecification\",\"valueRequired\":true,\"valueName\":\"search_term_string\"}}],\"inLanguage\":\"cs\"}]}<\/script>\n<!-- \/ Yoast SEO plugin. -->","yoast_head_json":{"title":"EKOBAN\u00ae LAK vodou \u0159editeln\u00fd na beton a sav\u00e9 podklady Super Cena -","robots":{"index":"index","follow":"follow","max-snippet":"max-snippet:-1","max-image-preview":"max-image-preview:large","max-video-preview":"max-video-preview:-1"},"canonical":"https:\/\/www.domkraftpro.com\/index.php\/produkt\/ekoban-r-lak-vodou-reditelny-na-beton-a-save-podklady-super-cena-15538\/","og_locale":"cs_CZ","og_type":"article","og_title":"EKOBAN\u00ae LAK vodou \u0159editeln\u00fd na beton a sav\u00e9 podklady Super Cena -","og_description":"Detailn\u00ed popis produktu EKOBAN\u00ae LAK vodou \u0159editeln\u00fd na beton a sav\u00e9 podklady &nbsp; EKOBAN\u00ae Lak je vodou \u0159editeln\u00fd n\u00e1t\u011br ur\u010den\u00fd pro ochranu a zpevn\u011bn\u00ed betonov\u00fdch a sav\u00fdch podklad\u016f. Poskytuje vynikaj\u00edc\u00ed p\u0159ilnavost, mechanickou odolnost a ochranu p\u0159ed nep\u0159\u00edzniv\u00fdmi pov\u011btrnostn\u00edmi vlivy. Tento lak je ide\u00e1ln\u00ed pro venkovn\u00ed i vnit\u0159n\u00ed pou\u017eit\u00ed na beton, d\u0159evo, zdivo, k\u00e1men a um\u011bl\u00fd [&hellip;]","og_url":"https:\/\/www.domkraftpro.com\/index.php\/produkt\/ekoban-r-lak-vodou-reditelny-na-beton-a-save-podklady-super-cena-15538\/","og_image":[{"width":1000,"height":750,"url":"https:\/\/www.domkraftpro.com\/wp-content\/uploads\/2026\/SK0007243-CZ20260425-092522-0-1777080324-116799-1_ekoban-lak-2-5.webp","type":"image\/webp"}],"twitter_card":"summary_large_image","twitter_misc":{"Odhadovan\u00e1 doba \u010dten\u00ed":"2 minuty"},"schema":{"@context":"https:\/\/schema.org","@graph":[{"@type":"WebPage","@id":"https:\/\/www.domkraftpro.com\/index.php\/produkt\/ekoban-r-lak-vodou-reditelny-na-beton-a-save-podklady-super-cena-15538\/","url":"https:\/\/www.domkraftpro.com\/index.php\/produkt\/ekoban-r-lak-vodou-reditelny-na-beton-a-save-podklady-super-cena-15538\/","name":"EKOBAN\u00ae LAK vodou \u0159editeln\u00fd na beton a sav\u00e9 podklady Super Cena -","isPartOf":{"@id":"https:\/\/www.domkraftpro.com\/#website"},"primaryImageOfPage":{"@id":"https:\/\/www.domkraftpro.com\/index.php\/produkt\/ekoban-r-lak-vodou-reditelny-na-beton-a-save-podklady-super-cena-15538\/#primaryimage"},"image":{"@id":"https:\/\/www.domkraftpro.com\/index.php\/produkt\/ekoban-r-lak-vodou-reditelny-na-beton-a-save-podklady-super-cena-15538\/#primaryimage"},"thumbnailUrl":"https:\/\/www.domkraftpro.com\/wp-content\/uploads\/2026\/SK0007243-CZ20260425-092522-0-1777080324-116799-1_ekoban-lak-2-5.webp","datePublished":"2026-04-27T04:41:01+00:00","breadcrumb":{"@id":"https:\/\/www.domkraftpro.com\/index.php\/produkt\/ekoban-r-lak-vodou-reditelny-na-beton-a-save-podklady-super-cena-15538\/#breadcrumb"},"inLanguage":"cs","potentialAction":[{"@type":"ReadAction","target":["https:\/\/www.domkraftpro.com\/index.php\/produkt\/ekoban-r-lak-vodou-reditelny-na-beton-a-save-podklady-super-cena-15538\/"]}]},{"@type":"ImageObject","inLanguage":"cs","@id":"https:\/\/www.domkraftpro.com\/index.php\/produkt\/ekoban-r-lak-vodou-reditelny-na-beton-a-save-podklady-super-cena-15538\/#primaryimage","url":"https:\/\/www.domkraftpro.com\/wp-content\/uploads\/2026\/SK0007243-CZ20260425-092522-0-1777080324-116799-1_ekoban-lak-2-5.webp","contentUrl":"https:\/\/www.domkraftpro.com\/wp-content\/uploads\/2026\/SK0007243-CZ20260425-092522-0-1777080324-116799-1_ekoban-lak-2-5.webp","width":1000,"height":750},{"@type":"BreadcrumbList","@id":"https:\/\/www.domkraftpro.com\/index.php\/produkt\/ekoban-r-lak-vodou-reditelny-na-beton-a-save-podklady-super-cena-15538\/#breadcrumb","itemListElement":[{"@type":"ListItem","position":1,"name":"Home","item":"https:\/\/www.domkraftpro.com\/"},{"@type":"ListItem","position":2,"name":"Products","item":"https:\/\/www.domkraftpro.com\/index.php\/products\/"},{"@type":"ListItem","position":3,"name":"EKOBAN\u00ae LAK vodou \u0159editeln\u00fd na beton a sav\u00e9 podklady Super Cena"}]},{"@type":"WebSite","@id":"https:\/\/www.domkraftpro.com\/#website","url":"https:\/\/www.domkraftpro.com\/","name":"","description":"","potentialAction":[{"@type":"SearchAction","target":{"@type":"EntryPoint","urlTemplate":"https:\/\/www.domkraftpro.com\/?s={search_term_string}"},"query-input":{"@type":"PropertyValueSpecification","valueRequired":true,"valueName":"search_term_string"}}],"inLanguage":"cs"}]}},"_links":{"self":[{"href":"https:\/\/www.domkraftpro.com\/index.php\/wp-json\/wp\/v2\/product\/15538","targetHints":{"allow":["GET"]}}],"collection":[{"href":"https:\/\/www.domkraftpro.com\/index.php\/wp-json\/wp\/v2\/product"}],"about":[{"href":"https:\/\/www.domkraftpro.com\/index.php\/wp-json\/wp\/v2\/types\/product"}],"replies":[{"embeddable":true,"href":"https:\/\/www.domkraftpro.com\/index.php\/wp-json\/wp\/v2\/comments?post=15538"}],"wp:featuredmedia":[{"embeddable":true,"href":"https:\/\/www.domkraftpro.com\/index.php\/wp-json\/wp\/v2\/media\/15638"}],"wp:attachment":[{"href":"https:\/\/www.domkraftpro.com\/index.php\/wp-json\/wp\/v2\/media?parent=15538"}],"wp:term":[{"taxonomy":"product_brand","embeddable":true,"href":"https:\/\/www.domkraftpro.com\/index.php\/wp-json\/wp\/v2\/product_brand?post=15538"},{"taxonomy":"product_cat","embeddable":true,"href":"https:\/\/www.domkraftpro.com\/index.php\/wp-json\/wp\/v2\/product_cat?post=15538"},{"taxonomy":"product_tag","embeddable":true,"href":"https:\/\/www.domkraftpro.com\/index.php\/wp-json\/wp\/v2\/product_tag?post=15538"}],"curies":[{"name":"wp","href":"https:\/\/api.w.org\/{rel}","templated":true}]}}