{"id":15530,"date":"2026-04-27T04:41:01","date_gmt":"2026-04-27T04:41:01","guid":{"rendered":""},"modified":"2026-04-27T04:41:01","modified_gmt":"2026-04-27T04:41:01","slug":"kittfort-r-terpentynovy-olej-450-g-kup-ted-15530","status":"publish","type":"product","link":"https:\/\/www.domkraftpro.com\/index.php\/produkt\/kittfort-r-terpentynovy-olej-450-g-kup-ted-15530\/","title":{"rendered":"KITTFORT\u00ae Terpent\u00fdnov\u00fd olej\u00a0\u00b7\u00a0450 g Kup Te\u010f"},"content":{"rendered":"<div class=\"basic-description\">\n<h3>Detailn\u00ed popis produktu<\/h3>\n<table height=\"41\" style=\"width: 850px;\">\n<tbody>\n<tr>\n<td style=\"width: 711.531px;\">\n<h1><span style=\"font-size: 26pt;\"><strong><span style=\"color: #059826;\">KITTFORT<span style=\"font-size: 20pt;\"><sup>\u00ae<\/sup><\/span><\/span> <span style=\"color: #059826;\"><span class=\"show-tooltip\" title=\"Terpent\u00fdn&amp;nbsp;(t\u00e9\u017e&amp;nbsp;terpentin&amp;nbsp;nebo&amp;nbsp;terpent\u00fdnov\u00fd olej) je&amp;nbsp;tekutina&amp;nbsp;z\u00edsk\u00e1van\u00e1&amp;nbsp;destilac\u00ed&amp;nbsp;prysky\u0159ice&amp;nbsp;ze d\u0159eva&amp;nbsp;strom\u016f, zejm\u00e9na z&amp;nbsp;borovic. Skl\u00e1d\u00e1 se z&amp;nbsp;terpen\u016f, hlavn\u011b&amp;hellip;\">Terpent\u00fdnov\u00fd<\/span> <span class=\"show-tooltip\" title=\"Oleje jsou obvykle visk\u00f3zn\u00ed tekutiny, kter\u00e9 jsou tvo\u0159eny hlavn\u011b tuky, a jsou vyu\u017e\u00edv\u00e1ny v r\u016fzn\u00fdch oblastech lidsk\u00e9 \u010dinnosti.&amp;nbsp;N\u011bkter\u00e9 druhy olej\u016f a jejich vyu\u017eit\u00ed:&amp;nbsp;Rostlinn\u00e9 oleje:&amp;nbsp;Rostlinn\u00e9 oleje, jako je \u0159epkov\u00fd,&amp;hellip;\">olej<\/span>&nbsp;<\/span><\/strong><\/span><\/h1>\n<p><span style=\"font-size: 14pt; color: #059826;\"><strong>P\u0159\u00edrodn\u00ed <span class=\"show-tooltip\" title=\"Rozpou\u0161t\u011bdlo je l\u00e1tka, obvykle kapalina, schopn\u00e1 rozpou\u0161t\u011bt nebo dispergovat jinou l\u00e1tku, kter\u00e1 se naz\u00fdv\u00e1 rozpou\u0161t\u011bn\u00e1 l\u00e1tka. Tento proces je zn\u00e1m\u00fd jako rozpou\u0161t\u011bn\u00ed. Rozpou\u0161t\u011bdla jsou \u010dasto pou\u017e\u00edv\u00e1na v chemii, pr\u016fmyslu, lakovn\u00e1ch, farmacii a dal\u0161\u00edch&amp;hellip;\">rozpou\u0161t\u011bdlo<\/span> a vylep\u0161ova\u010d barev<\/strong><\/span><\/p>\n<\/td>\n<td style=\"width: 136.469px;\"><span style=\"color: #059826;\"><\/span><\/td>\n<\/tr>\n<\/tbody>\n<\/table>\n<table width=\"850\" height=\"20\">\n<tbody>\n<tr>\n<td style=\"width: 849px;\">\n<div>\n<hr \/>\n<p><span style=\"font-size: 12pt;\"><strong>Terpent\u00fdnov\u00fd olej je <span class=\"show-tooltip\" title=\"Tekutina je obecn\u00fd term\u00edn pro l\u00e1tky ve skupenstv\u00ed kapalin a plyn\u016f (pravd\u011bpodobn\u011b i pro plazma a kvark-gluonov\u00e9 plazma), jejich\u017e v\u00fdznamnou spole\u010dnou charakteristikou je tekutost, neboli neschopnost udr\u017eet sv\u016fj st\u00e1l\u00fd tvar d\u00edky snadn\u00e9mu vz\u00e1jemn\u00e9mu&amp;hellip;\">tekutina<\/span> z\u00edsk\u00e1van\u00e1 <span class=\"show-tooltip\" title=\"&amp;nbsp;Destilace je chemick\u00fd a fyzik\u00e1ln\u00ed proces, kter\u00fd se pou\u017e\u00edv\u00e1 k odd\u011blen\u00ed sm\u011bsi kapaln\u00fdch l\u00e1tek na z\u00e1klad\u011b jejich r\u016fzn\u00fdch teplot varu. Tento proces je zalo\u017een na skute\u010dnosti, \u017ee l\u00e1tky maj\u00ed r\u016fzn\u00e9 teploty varu, a t\u00edm se daj\u00ed odd\u011blit od&amp;hellip;\">destilac\u00ed<\/span> <span class=\"show-tooltip\" title=\"Prysky\u0159ice&amp;nbsp;(lidov\u011b&amp;nbsp;sm\u016fla, smola) je v\u00fdm\u011b\u0161ek, kter\u00fd produkuje \u0159ada&amp;nbsp;rostlin, zejm\u00e9na&amp;nbsp;jehli\u010dnat\u00fdch strom\u016f&amp;nbsp;a obsahuj\u00edc\u00ed zejm\u00e9na&amp;nbsp;uhlovod\u00edky. Pou\u017e\u00edv\u00e1 se nap\u0159. pro&amp;hellip;\">prysky\u0159ice<\/span> ze <span class=\"show-tooltip\" title=\"Strom je vy\u0161\u0161\u00ed rostlina se vzp\u0159\u00edmen\u00fdm d\u0159evnat\u00fdm kmenem, kter\u00fd se v\u011btv\u00ed a m\u00e1 korunu tvo\u0159enou v\u011btvemi a listy.&amp;nbsp;&amp;nbsp;Botanick\u00fd popis:&amp;nbsp;Strom je vy\u0161\u0161\u00ed rostlina, kter\u00e1 m\u00e1 jednu hlavn\u00ed, vzp\u0159\u00edmenou \u010d\u00e1st zvanou kmen.&amp;nbsp;Z kmene vyr\u016fstaj\u00ed&amp;hellip;\">strom\u016f<\/span>, p\u0159edev\u0161\u00edm z borovic. Skl\u00e1d\u00e1 se p\u0159ev\u00e1\u017en\u011b z terpen\u016f, jako jsou alfa-pin\u00e9n a beta-pin\u00e9n.<\/strong><\/span><\/p>\n<hr \/>\n<p><span style=\"font-size: 16pt; color: #059826;\"><strong><\/strong><\/span><\/div>\n<h3><span style=\"font-size: 16pt; color: #059826;\"><strong>Kl\u00ed\u010dov\u00e9 vlastnosti&nbsp;<\/strong><\/span><\/h3>\n<div><strong>Vylep\u0161en\u00ed barev:<\/strong> P\u0159id\u00e1n\u00edm terpent\u00fdnov\u00e9ho oleje do barev dos\u00e1hnete hladk\u00e9ho, t\u00e9m\u011b\u0159 emailov\u00e9ho povrchu bez viditeln\u00fdch stop po \u0161t\u011btci.<\/div>\n<div><strong>Antiseptick\u00e9 vlastnosti:<\/strong> Terpent\u00fdnov\u00fd olej m\u00e1 antiseptick\u00e9 vlastnosti a je p\u0159id\u00e1v\u00e1n do r\u016fzn\u00fdch \u010distic\u00edch a sanit\u00e1rn\u00edch produkt\u016f kv\u016fli sv\u00e9 \u010dist\u00e9 v\u016fni a dezinfek\u010dn\u00edm \u00fa\u010dink\u016fm.<\/div>\n<div><strong>Pr\u016fmyslov\u00e9 vyu\u017eit\u00ed:<\/strong> Terpent\u00fdnov\u00fd olej m\u00e1 dv\u011b hlavn\u00ed oblasti pou\u017eit\u00ed v pr\u016fmyslu. Pou\u017e\u00edv\u00e1 se jako <span class=\"show-tooltip\" title=\"\u0158edidlo&amp;nbsp;neboli&amp;nbsp;rozpou\u0161t\u011bdlo&amp;nbsp;se pou\u017e\u00edv\u00e1 ke zlep\u0161en\u00ed rozt\u00edratelnosti lak\u016f, k \u010di\u0161t\u011bn\u00ed \u0161t\u011btc\u016f a k odstran\u011bn\u00ed star\u00fdch n\u00e1t\u011br\u016f.&amp;nbsp;Technick\u00e1 \u0159edidlaC 6000 - speci\u00e1ln\u00ed&amp;hellip;\">rozpou\u0161t\u011bdlo<\/span> a jako zdroj materi\u00e1lu pro organickou synt\u00e9zu.<\/div>\n<div><strong>Ochrana n\u00e1bytku:<\/strong> Tradi\u010dn\u011b se sm\u00edch\u00e1 s <span class=\"show-tooltip\" title=\"V\u010dela medonosn\u00e1 (Apis mellifera) je blanok\u0159\u00eddl\u00fd hmyz pat\u0159\u00edc\u00ed do rodu Apis a \u010deledi v\u010delovit\u00ed (Apidae).Popis t\u011bla: T\u011blo v\u010dely medonosn\u00e9 je pokryto hust\u00fdmi chloupky a m\u00e1 zpravidla \u010dern\u00e9 nebo tmav\u011b hn\u011bd\u00e9 zbarven\u00ed. Jej\u00ed t\u011blo je rozd\u011bleno na t\u0159i \u010d\u00e1sti:&amp;hellip;\">v\u010del\u00edm<\/span> nebo karnaubsk\u00fdm voskem a pou\u017e\u00edv\u00e1 jako vosk k ochran\u011b n\u00e1bytku, zejm\u00e9na n\u00e1bytku napu\u0161t\u011bn\u00e9ho olejov\u00fdm mo\u0159idlem.<\/p>\n<hr \/>\n<p><span style=\"font-size: 16pt; color: #059826;\"><strong><\/strong><\/span><\/div>\n<h3><span style=\"font-size: 16pt; color: #059826;\"><strong>Pou\u017eit\u00ed<\/strong><\/span><\/h3>\n<div>\u2022 Terpent\u00fdnov\u00fd olej nach\u00e1z\u00ed uplatn\u011bn\u00ed v um\u011bleck\u00fdch a pr\u016fmyslov\u00fdch aplikac\u00edch.<\/div>\n<div>\u2022 M\u016f\u017ee b\u00fdt pou\u017eit k vylep\u0161en\u00ed barev, <span class=\"show-tooltip\" title=\"\u0158ed\u011bn\u00ed je proces, p\u0159i kter\u00e9m se jedna l\u00e1tka (obvykle tekutina) o ur\u010dit\u00e9 hustot\u011b nebo koncentraci \u0159ed\u00ed sm\u00edch\u00e1n\u00edm s jinou l\u00e1tkou ni\u017e\u0161\u00ed hustoty v takov\u00e9m mno\u017estv\u00ed, aby bylo dosa\u017eeno po\u017eadovan\u00e9 v\u00fdsledn\u00e9 sm\u011bsi - roztoku o ni\u017e\u0161\u00ed hustot\u011b.Tento term\u00edn se&amp;hellip;\">\u0159ed\u011bn\u00ed<\/span> n\u00e1t\u011br\u016f, \u010di jako rozpou\u0161t\u011bdlo.<\/div>\n<div>\u2022 Tato v\u0161estrannost ho \u010din\u00ed u\u017eite\u010dn\u00fdm produktem v r\u016fzn\u00fdch oblastech.<\/div>\n<div>&nbsp;<\/div>\n<p><strong>Velikosti balen\u00ed:&nbsp;<\/strong><span>450 g<\/span><\/p>\n<hr \/>\n<h3><span style=\"color: #059826; font-size: 16pt;\"><strong>\u26a0\ufe0f Bezpe\u010dnostn\u00ed pokyny<\/strong><\/span><\/h3>\n<div>\u2022 Je d\u016fle\u017eit\u00e9 br\u00e1t v \u00favahu, \u017ee terpent\u00fdnov\u00fd olej je organick\u00e9 rozpou\u0161t\u011bdlo s ur\u010dit\u00fdmi bezpe\u010dnostn\u00edmi riziky.<\/div>\n<div>\u2022 M\u016f\u017ee dr\u00e1\u017edit k\u016f\u017ei a o\u010di a jeho v\u00fdpary mohou po\u0161kodit pl\u00edce, d\u00fdchac\u00ed cesty a centr\u00e1ln\u00ed nervov\u00fd syst\u00e9m p\u0159i vdechov\u00e1n\u00ed.<\/div>\n<div>\u2022 D\u016frazn\u011b se nedoporu\u010duje po\u017eit\u00ed, proto\u017ee to m\u016f\u017ee v\u00e9st k v\u00e1\u017en\u00e9mu po\u0161kozen\u00ed ledvin.<\/div>\n<div>\u2022 Je tak\u00e9 d\u016fle\u017eit\u00e9 m\u00edt na pam\u011bti, \u017ee terpent\u00fdnov\u00fd olej je extr\u00e9mn\u011b ho\u0159lav\u00fd. Pou\u017e\u00edvejte ho s opatrnost\u00ed a v dob\u0159e v\u011btran\u00fdch prostorech.<\/div>\n<div>\n<hr \/>\n<\/div>\n<\/td>\n<\/tr>\n<\/tbody>\n<\/table>\n<\/p><\/div>\n","protected":false},"excerpt":{"rendered":"<p>Detailn\u00ed popis produktu KITTFORT\u00ae Terpent\u00fdnov\u00fd olej&nbsp; P\u0159\u00edrodn\u00ed rozpou\u0161t\u011bdlo a vylep\u0161ova\u010d barev Terpent\u00fdnov\u00fd olej je tekutina z\u00edsk\u00e1van\u00e1 destilac\u00ed prysky\u0159ice ze strom\u016f, p\u0159edev\u0161\u00edm z borovic. Skl\u00e1d\u00e1 se p\u0159ev\u00e1\u017en\u011b z terpen\u016f, jako jsou alfa-pin\u00e9n a beta-pin\u00e9n. Kl\u00ed\u010dov\u00e9 vlastnosti&nbsp; Vylep\u0161en\u00ed barev: P\u0159id\u00e1n\u00edm terpent\u00fdnov\u00e9ho oleje do barev dos\u00e1hnete hladk\u00e9ho, t\u00e9m\u011b\u0159 emailov\u00e9ho povrchu bez viditeln\u00fdch stop po \u0161t\u011btci. Antiseptick\u00e9 vlastnosti: Terpent\u00fdnov\u00fd [&hellip;]<\/p>\n","protected":false},"featured_media":15630,"comment_status":"open","ping_status":"open","template":"","meta":[],"product_brand":[],"product_cat":[62],"product_tag":[],"class_list":{"0":"post-15530","1":"product","2":"type-product","3":"status-publish","4":"has-post-thumbnail","6":"product_cat-barvy-amp-laky","8":"first","9":"instock","10":"sale","11":"shipping-taxable","12":"purchasable","13":"product-type-simple"},"yoast_head":"<!-- This site is optimized with the Yoast SEO plugin v26.8 - https:\/\/yoast.com\/product\/yoast-seo-wordpress\/ -->\n<title>KITTFORT\u00ae Terpent\u00fdnov\u00fd olej\u00a0\u00b7\u00a0450 g Kup Te\u010f -<\/title>\n<meta name=\"robots\" content=\"index, follow, max-snippet:-1, max-image-preview:large, max-video-preview:-1\" \/>\n<link rel=\"canonical\" href=\"https:\/\/www.domkraftpro.com\/index.php\/produkt\/kittfort-r-terpentynovy-olej-450-g-kup-ted-15530\/\" \/>\n<meta property=\"og:locale\" content=\"cs_CZ\" \/>\n<meta property=\"og:type\" content=\"article\" \/>\n<meta property=\"og:title\" content=\"KITTFORT\u00ae Terpent\u00fdnov\u00fd olej\u00a0\u00b7\u00a0450 g Kup Te\u010f -\" \/>\n<meta property=\"og:description\" content=\"Detailn\u00ed popis produktu KITTFORT\u00ae Terpent\u00fdnov\u00fd olej&nbsp; P\u0159\u00edrodn\u00ed rozpou\u0161t\u011bdlo a vylep\u0161ova\u010d barev Terpent\u00fdnov\u00fd olej je tekutina z\u00edsk\u00e1van\u00e1 destilac\u00ed prysky\u0159ice ze strom\u016f, p\u0159edev\u0161\u00edm z borovic. Skl\u00e1d\u00e1 se p\u0159ev\u00e1\u017en\u011b z terpen\u016f, jako jsou alfa-pin\u00e9n a beta-pin\u00e9n. Kl\u00ed\u010dov\u00e9 vlastnosti&nbsp; Vylep\u0161en\u00ed barev: P\u0159id\u00e1n\u00edm terpent\u00fdnov\u00e9ho oleje do barev dos\u00e1hnete hladk\u00e9ho, t\u00e9m\u011b\u0159 emailov\u00e9ho povrchu bez viditeln\u00fdch stop po \u0161t\u011btci. Antiseptick\u00e9 vlastnosti: Terpent\u00fdnov\u00fd [&hellip;]\" \/>\n<meta property=\"og:url\" content=\"https:\/\/www.domkraftpro.com\/index.php\/produkt\/kittfort-r-terpentynovy-olej-450-g-kup-ted-15530\/\" \/>\n<meta property=\"og:image\" content=\"https:\/\/www.domkraftpro.com\/wp-content\/uploads\/2026\/SK0007235-CZ20260425-092522-0-1777080324-116757_terpentynovy-olej-kittfort.webp\" \/>\n\t<meta property=\"og:image:width\" content=\"1000\" \/>\n\t<meta property=\"og:image:height\" content=\"750\" \/>\n\t<meta property=\"og:image:type\" content=\"image\/webp\" \/>\n<meta name=\"twitter:card\" content=\"summary_large_image\" \/>\n<meta name=\"twitter:label1\" content=\"Odhadovan\u00e1 doba \u010dten\u00ed\" \/>\n\t<meta name=\"twitter:data1\" content=\"2 minuty\" \/>\n<script type=\"application\/ld+json\" class=\"yoast-schema-graph\">{\"@context\":\"https:\/\/schema.org\",\"@graph\":[{\"@type\":\"WebPage\",\"@id\":\"https:\/\/www.domkraftpro.com\/index.php\/produkt\/kittfort-r-terpentynovy-olej-450-g-kup-ted-15530\/\",\"url\":\"https:\/\/www.domkraftpro.com\/index.php\/produkt\/kittfort-r-terpentynovy-olej-450-g-kup-ted-15530\/\",\"name\":\"KITTFORT\u00ae Terpent\u00fdnov\u00fd olej\u00a0\u00b7\u00a0450 g Kup Te\u010f -\",\"isPartOf\":{\"@id\":\"https:\/\/www.domkraftpro.com\/#website\"},\"primaryImageOfPage\":{\"@id\":\"https:\/\/www.domkraftpro.com\/index.php\/produkt\/kittfort-r-terpentynovy-olej-450-g-kup-ted-15530\/#primaryimage\"},\"image\":{\"@id\":\"https:\/\/www.domkraftpro.com\/index.php\/produkt\/kittfort-r-terpentynovy-olej-450-g-kup-ted-15530\/#primaryimage\"},\"thumbnailUrl\":\"https:\/\/www.domkraftpro.com\/wp-content\/uploads\/2026\/SK0007235-CZ20260425-092522-0-1777080324-116757_terpentynovy-olej-kittfort.webp\",\"datePublished\":\"2026-04-27T04:41:01+00:00\",\"breadcrumb\":{\"@id\":\"https:\/\/www.domkraftpro.com\/index.php\/produkt\/kittfort-r-terpentynovy-olej-450-g-kup-ted-15530\/#breadcrumb\"},\"inLanguage\":\"cs\",\"potentialAction\":[{\"@type\":\"ReadAction\",\"target\":[\"https:\/\/www.domkraftpro.com\/index.php\/produkt\/kittfort-r-terpentynovy-olej-450-g-kup-ted-15530\/\"]}]},{\"@type\":\"ImageObject\",\"inLanguage\":\"cs\",\"@id\":\"https:\/\/www.domkraftpro.com\/index.php\/produkt\/kittfort-r-terpentynovy-olej-450-g-kup-ted-15530\/#primaryimage\",\"url\":\"https:\/\/www.domkraftpro.com\/wp-content\/uploads\/2026\/SK0007235-CZ20260425-092522-0-1777080324-116757_terpentynovy-olej-kittfort.webp\",\"contentUrl\":\"https:\/\/www.domkraftpro.com\/wp-content\/uploads\/2026\/SK0007235-CZ20260425-092522-0-1777080324-116757_terpentynovy-olej-kittfort.webp\",\"width\":1000,\"height\":750},{\"@type\":\"BreadcrumbList\",\"@id\":\"https:\/\/www.domkraftpro.com\/index.php\/produkt\/kittfort-r-terpentynovy-olej-450-g-kup-ted-15530\/#breadcrumb\",\"itemListElement\":[{\"@type\":\"ListItem\",\"position\":1,\"name\":\"Home\",\"item\":\"https:\/\/www.domkraftpro.com\/\"},{\"@type\":\"ListItem\",\"position\":2,\"name\":\"Products\",\"item\":\"https:\/\/www.domkraftpro.com\/index.php\/products\/\"},{\"@type\":\"ListItem\",\"position\":3,\"name\":\"KITTFORT\u00ae Terpent\u00fdnov\u00fd olej\u00a0\u00b7\u00a0450 g Kup Te\u010f\"}]},{\"@type\":\"WebSite\",\"@id\":\"https:\/\/www.domkraftpro.com\/#website\",\"url\":\"https:\/\/www.domkraftpro.com\/\",\"name\":\"\",\"description\":\"\",\"potentialAction\":[{\"@type\":\"SearchAction\",\"target\":{\"@type\":\"EntryPoint\",\"urlTemplate\":\"https:\/\/www.domkraftpro.com\/?s={search_term_string}\"},\"query-input\":{\"@type\":\"PropertyValueSpecification\",\"valueRequired\":true,\"valueName\":\"search_term_string\"}}],\"inLanguage\":\"cs\"}]}<\/script>\n<!-- \/ Yoast SEO plugin. -->","yoast_head_json":{"title":"KITTFORT\u00ae Terpent\u00fdnov\u00fd olej\u00a0\u00b7\u00a0450 g Kup Te\u010f -","robots":{"index":"index","follow":"follow","max-snippet":"max-snippet:-1","max-image-preview":"max-image-preview:large","max-video-preview":"max-video-preview:-1"},"canonical":"https:\/\/www.domkraftpro.com\/index.php\/produkt\/kittfort-r-terpentynovy-olej-450-g-kup-ted-15530\/","og_locale":"cs_CZ","og_type":"article","og_title":"KITTFORT\u00ae Terpent\u00fdnov\u00fd olej\u00a0\u00b7\u00a0450 g Kup Te\u010f -","og_description":"Detailn\u00ed popis produktu KITTFORT\u00ae Terpent\u00fdnov\u00fd olej&nbsp; P\u0159\u00edrodn\u00ed rozpou\u0161t\u011bdlo a vylep\u0161ova\u010d barev Terpent\u00fdnov\u00fd olej je tekutina z\u00edsk\u00e1van\u00e1 destilac\u00ed prysky\u0159ice ze strom\u016f, p\u0159edev\u0161\u00edm z borovic. Skl\u00e1d\u00e1 se p\u0159ev\u00e1\u017en\u011b z terpen\u016f, jako jsou alfa-pin\u00e9n a beta-pin\u00e9n. Kl\u00ed\u010dov\u00e9 vlastnosti&nbsp; Vylep\u0161en\u00ed barev: P\u0159id\u00e1n\u00edm terpent\u00fdnov\u00e9ho oleje do barev dos\u00e1hnete hladk\u00e9ho, t\u00e9m\u011b\u0159 emailov\u00e9ho povrchu bez viditeln\u00fdch stop po \u0161t\u011btci. Antiseptick\u00e9 vlastnosti: Terpent\u00fdnov\u00fd [&hellip;]","og_url":"https:\/\/www.domkraftpro.com\/index.php\/produkt\/kittfort-r-terpentynovy-olej-450-g-kup-ted-15530\/","og_image":[{"width":1000,"height":750,"url":"https:\/\/www.domkraftpro.com\/wp-content\/uploads\/2026\/SK0007235-CZ20260425-092522-0-1777080324-116757_terpentynovy-olej-kittfort.webp","type":"image\/webp"}],"twitter_card":"summary_large_image","twitter_misc":{"Odhadovan\u00e1 doba \u010dten\u00ed":"2 minuty"},"schema":{"@context":"https:\/\/schema.org","@graph":[{"@type":"WebPage","@id":"https:\/\/www.domkraftpro.com\/index.php\/produkt\/kittfort-r-terpentynovy-olej-450-g-kup-ted-15530\/","url":"https:\/\/www.domkraftpro.com\/index.php\/produkt\/kittfort-r-terpentynovy-olej-450-g-kup-ted-15530\/","name":"KITTFORT\u00ae Terpent\u00fdnov\u00fd olej\u00a0\u00b7\u00a0450 g Kup Te\u010f -","isPartOf":{"@id":"https:\/\/www.domkraftpro.com\/#website"},"primaryImageOfPage":{"@id":"https:\/\/www.domkraftpro.com\/index.php\/produkt\/kittfort-r-terpentynovy-olej-450-g-kup-ted-15530\/#primaryimage"},"image":{"@id":"https:\/\/www.domkraftpro.com\/index.php\/produkt\/kittfort-r-terpentynovy-olej-450-g-kup-ted-15530\/#primaryimage"},"thumbnailUrl":"https:\/\/www.domkraftpro.com\/wp-content\/uploads\/2026\/SK0007235-CZ20260425-092522-0-1777080324-116757_terpentynovy-olej-kittfort.webp","datePublished":"2026-04-27T04:41:01+00:00","breadcrumb":{"@id":"https:\/\/www.domkraftpro.com\/index.php\/produkt\/kittfort-r-terpentynovy-olej-450-g-kup-ted-15530\/#breadcrumb"},"inLanguage":"cs","potentialAction":[{"@type":"ReadAction","target":["https:\/\/www.domkraftpro.com\/index.php\/produkt\/kittfort-r-terpentynovy-olej-450-g-kup-ted-15530\/"]}]},{"@type":"ImageObject","inLanguage":"cs","@id":"https:\/\/www.domkraftpro.com\/index.php\/produkt\/kittfort-r-terpentynovy-olej-450-g-kup-ted-15530\/#primaryimage","url":"https:\/\/www.domkraftpro.com\/wp-content\/uploads\/2026\/SK0007235-CZ20260425-092522-0-1777080324-116757_terpentynovy-olej-kittfort.webp","contentUrl":"https:\/\/www.domkraftpro.com\/wp-content\/uploads\/2026\/SK0007235-CZ20260425-092522-0-1777080324-116757_terpentynovy-olej-kittfort.webp","width":1000,"height":750},{"@type":"BreadcrumbList","@id":"https:\/\/www.domkraftpro.com\/index.php\/produkt\/kittfort-r-terpentynovy-olej-450-g-kup-ted-15530\/#breadcrumb","itemListElement":[{"@type":"ListItem","position":1,"name":"Home","item":"https:\/\/www.domkraftpro.com\/"},{"@type":"ListItem","position":2,"name":"Products","item":"https:\/\/www.domkraftpro.com\/index.php\/products\/"},{"@type":"ListItem","position":3,"name":"KITTFORT\u00ae Terpent\u00fdnov\u00fd olej\u00a0\u00b7\u00a0450 g Kup Te\u010f"}]},{"@type":"WebSite","@id":"https:\/\/www.domkraftpro.com\/#website","url":"https:\/\/www.domkraftpro.com\/","name":"","description":"","potentialAction":[{"@type":"SearchAction","target":{"@type":"EntryPoint","urlTemplate":"https:\/\/www.domkraftpro.com\/?s={search_term_string}"},"query-input":{"@type":"PropertyValueSpecification","valueRequired":true,"valueName":"search_term_string"}}],"inLanguage":"cs"}]}},"_links":{"self":[{"href":"https:\/\/www.domkraftpro.com\/index.php\/wp-json\/wp\/v2\/product\/15530","targetHints":{"allow":["GET"]}}],"collection":[{"href":"https:\/\/www.domkraftpro.com\/index.php\/wp-json\/wp\/v2\/product"}],"about":[{"href":"https:\/\/www.domkraftpro.com\/index.php\/wp-json\/wp\/v2\/types\/product"}],"replies":[{"embeddable":true,"href":"https:\/\/www.domkraftpro.com\/index.php\/wp-json\/wp\/v2\/comments?post=15530"}],"wp:featuredmedia":[{"embeddable":true,"href":"https:\/\/www.domkraftpro.com\/index.php\/wp-json\/wp\/v2\/media\/15630"}],"wp:attachment":[{"href":"https:\/\/www.domkraftpro.com\/index.php\/wp-json\/wp\/v2\/media?parent=15530"}],"wp:term":[{"taxonomy":"product_brand","embeddable":true,"href":"https:\/\/www.domkraftpro.com\/index.php\/wp-json\/wp\/v2\/product_brand?post=15530"},{"taxonomy":"product_cat","embeddable":true,"href":"https:\/\/www.domkraftpro.com\/index.php\/wp-json\/wp\/v2\/product_cat?post=15530"},{"taxonomy":"product_tag","embeddable":true,"href":"https:\/\/www.domkraftpro.com\/index.php\/wp-json\/wp\/v2\/product_tag?post=15530"}],"curies":[{"name":"wp","href":"https:\/\/api.w.org\/{rel}","templated":true}]}}