{"id":15500,"date":"2026-04-27T04:41:01","date_gmt":"2026-04-27T04:41:01","guid":{"rendered":""},"modified":"2026-04-27T04:41:01","modified_gmt":"2026-04-27T04:41:01","slug":"akce-cattara-r-kamen-na-cisteni-grilovaci-mrizky-4-ks-15500","status":"publish","type":"product","link":"https:\/\/www.domkraftpro.com\/index.php\/produkt\/akce-cattara-r-kamen-na-cisteni-grilovaci-mrizky-4-ks-15500\/","title":{"rendered":"Akce CATTARA\u00ae K\u00e1men na \u010di\u0161t\u011bn\u00ed grilovac\u00ed m\u0159\u00ed\u017eky, 4 ks"},"content":{"rendered":"<div class=\"basic-description\">\n<h3>Detailn\u00ed popis produktu<\/h3>\n<table height=\"10\" style=\"width: 850px;\">\n<tbody>\n<tr>\n<td style=\"width: 707.156px;\">\n<h1><strong>CATTARA\u00ae K\u00e1men na \u010di\u0161t\u011bn\u00ed grilovac\u00ed m\u0159\u00ed\u017eky, 4 ks<\/strong><\/h1>\n<\/td>\n<td style=\"width: 138.844px;\"><\/td>\n<\/tr>\n<\/tbody>\n<\/table>\n<table width=\"850\" height=\"46\">\n<tbody>\n<tr>\n<td style=\"width: 849px;\">\n<div>&nbsp;<\/div>\n<div><span style=\"font-size: 12pt;\"><strong>Praktick\u00e1 sada <span class=\"show-tooltip\" title=\"P\u0159\u00edrodn\u00ed k\u00e1men je geologick\u00fd materi\u00e1l tvo\u0159en\u00fd miner\u00e1ly, kter\u00e9 vytv\u00e1\u0159ej\u00ed kompaktn\u00ed hmotu p\u0159\u00edrodn\u00edho p\u016fvodu.&amp;nbsp;Je to jedine\u010dn\u00fd stavebn\u00ed materi\u00e1l, kter\u00fd se vyzna\u010duje kr\u00e1sou, odolnost\u00ed a trvanlivost\u00ed.P\u0159\u00edrodn\u00ed k\u00e1men se b\u011b\u017en\u011b pou\u017e\u00edv\u00e1 v&amp;hellip;\">p\u0159\u00edrodn\u00edch kamen\u016f<\/span><\/strong> <strong>ur\u010den\u00fdch pro \u010di\u0161t\u011bn\u00ed grilovac\u00edch ro\u0161t\u016f z <span class=\"show-tooltip\" title=\"Ocel je slitina \u017eeleza s mal\u00fdm obsahem uhl\u00edku a dal\u0161\u00edmi p\u0159\u00edm\u011bsemi. Je to jeden z nejb\u011b\u017en\u011bji pou\u017e\u00edvan\u00fdch materi\u00e1l\u016f v pr\u016fmyslu a&amp;nbsp;stavebnictv\u00ed d\u00edky sv\u00fdm vlastnostem, kter\u00e9 zahrnuj\u00ed pevnost, tv\u00e1rnost a odolnost.&amp;nbsp;Z\u00e1kladn\u00ed slo\u017ekou&amp;hellip;\">oceli<\/span> i litiny.<\/strong><\/span><\/div>\n<div>&nbsp;<\/div>\n<div><strong>P\u0159\u00edrodn\u00ed materi\u00e1l<\/strong>: Kameny jsou vyrobeny z pemzy, 100% p\u0159\u00edrodn\u00ed vyv\u0159el\u00e9 horniny sope\u010dn\u00e9ho p\u016fvodu, kter\u00e1 zaru\u010duje efektivn\u00ed a \u0161etrn\u00e9 \u010di\u0161t\u011bn\u00ed.<\/div>\n<div><strong>Univerz\u00e1ln\u00ed pou\u017eit\u00ed<\/strong>: Vhodn\u00e9 pro \u010di\u0161t\u011bn\u00ed ocelov\u00fdch i litinov\u00fdch ro\u0161t\u016f a m\u0159\u00ed\u017eek.<\/div>\n<div><strong>Efektivn\u00ed \u010di\u0161t\u011bn\u00ed<\/strong>: Pemzov\u00fd k\u00e1men se p\u0159i pou\u017e\u00edv\u00e1n\u00ed p\u0159esn\u011b tvaruje podle \u010di\u0161t\u011bn\u00e9ho povrchu, co\u017e umo\u017e\u0148uje d\u016fkladn\u00e9 odstran\u011bn\u00ed n\u00e1pek\u016f a mastnoty.<\/div>\n<div><strong>Jednoduch\u00e9 pou\u017eit\u00ed<\/strong>: Rychl\u00e9 a snadn\u00e9 pou\u017eit\u00ed bez pot\u0159eby chemik\u00e1li\u00ed.<\/div>\n<h4><strong>Pou\u017eit\u00ed<\/strong><\/h4>\n<div><strong>Grilovac\u00ed ro\u0161ty a m\u0159\u00ed\u017eky<\/strong>: Ide\u00e1ln\u00ed pro \u010di\u0161t\u011bn\u00ed siln\u011b zne\u010dist\u011bn\u00fdch <span class=\"show-tooltip\" title=\"Kovy&amp;nbsp;tvo\u0159\u00ed spole\u010dn\u011b s&amp;nbsp;polokovy&amp;nbsp;a&amp;nbsp;nekovy&amp;nbsp;t\u0159i hlavn\u00ed skupiny&amp;nbsp;chemick\u00fdch prvk\u016f. Rozd\u011blen\u00ed je prov\u00e1d\u011bno s ohledem na&amp;nbsp;vazebn\u00e9&amp;nbsp;a&amp;nbsp;ioniza\u010dn\u00ed&amp;nbsp;vlastnosti prvk\u016f. Kovy jsou charakterizovan\u00e9&amp;hellip;\">kovov\u00fdch<\/span> ro\u0161t\u016f a m\u0159\u00ed\u017eek gril\u016f.<\/div>\n<div><strong>Ocelov\u00e9 a litinov\u00e9 povrchy<\/strong>: Univerz\u00e1ln\u00ed pou\u017eit\u00ed na r\u016fzn\u00e9 typy grilovac\u00edch povrch\u016f.<\/div>\n<h4><strong>N\u00e1vod k pou\u017eit\u00ed<\/strong><\/h4>\n<div><strong>P\u0159\u00edprava<\/strong>: Ujist\u011bte se, \u017ee je gril vypnut\u00fd a ro\u0161t je vychladl\u00fd.<\/div>\n<div><strong>\u010ci\u0161t\u011bn\u00ed<\/strong>: Jemn\u011b t\u0159ete pemzov\u00fdm kamenem po povrchu ro\u0161tu. K\u00e1men se p\u0159izp\u016fsob\u00ed tvaru ro\u0161tu a \u00fa\u010dinn\u011b odstran\u00ed v\u0161echny ne\u010distoty.<\/div>\n<div><strong>Dokon\u010den\u00ed<\/strong>: Po vy\u010di\u0161t\u011bn\u00ed odstra\u0148te zbytky ne\u010distot a opl\u00e1chn\u011bte ro\u0161t \u010distou <span class=\"show-tooltip\" title=\"Voda,&amp;nbsp;chemick\u00fdm vzorcem&amp;nbsp;H2O,&amp;nbsp;systematick\u00fd n\u00e1zev&amp;nbsp;oxidan, je&amp;nbsp;chemick\u00e1 slou\u010denina&amp;nbsp;vod\u00edku&amp;nbsp;a&amp;nbsp;kysl\u00edku. Spolu se&amp;nbsp;vzduchem, resp.&amp;nbsp;zemskou atmosf\u00e9rou, tvo\u0159\u00ed z\u00e1kladn\u00ed podm\u00ednky pro&amp;hellip;\">vodou<\/span>.<\/div>\n<h4><strong>Tipy pro aplikaci<\/strong><\/h4>\n<div><strong>Pravideln\u00e9 \u010di\u0161t\u011bn\u00ed<\/strong>: Pro dosa\u017een\u00ed nejlep\u0161\u00edch v\u00fdsledk\u016f \u010dist\u011bte ro\u0161t po ka\u017ed\u00e9m pou\u017eit\u00ed.<\/div>\n<div><strong>Bez chemik\u00e1li\u00ed<\/strong>: Pou\u017eit\u00ed pemzov\u00e9ho kamene eliminuje pot\u0159ebu agresivn\u00edch \u010distic\u00edch prost\u0159edk\u016f.<\/div>\n<div><strong>Such\u00e9 skladov\u00e1n\u00ed<\/strong>: Po pou\u017eit\u00ed skladujte kameny na such\u00e9m m\u00edst\u011b.<\/div>\n<h4><strong>Technick\u00e1 data<\/strong><\/h4>\n<div><strong>Sada<\/strong>: 4 ks<\/div>\n<div><strong>Rozm\u011bry kamene<\/strong>: 10 x 7 x 4 cm<\/div>\n<div><strong>Materi\u00e1l<\/strong>: Pemza<\/div>\n<div><strong>Vhodn\u00e9 pro<\/strong>: Ocelov\u00e9 a litinov\u00e9 ro\u0161ty<\/div>\n<div><strong><span class=\"show-tooltip\" title=\"Hmotnost&amp;nbsp;je d\u016fle\u017eit\u00e1 fyzik\u00e1ln\u00ed veli\u010dina, aditivn\u00ed vlastnost&amp;nbsp;hmoty&amp;nbsp;(tedy vlastnost jednotliv\u00fdch hmotn\u00fdch&amp;nbsp;t\u011bles), kter\u00e1 vyjad\u0159uje m\u00edru&amp;nbsp;setrva\u010dn\u00fdch&amp;nbsp;\u00fa\u010dink\u016f \u010di m\u00edru&amp;nbsp;gravita\u010dn\u00edch&amp;nbsp;\u00fa\u010dink\u016f hmoty. Ekvivalence setrva\u010dn\u00fdch&amp;hellip;\">Hmotnost<\/span> balen\u00ed:<\/strong> 310 g<\/div>\n<h4><strong>Bezpe\u010dnost p\u0159i pr\u00e1ci<\/strong><\/h4>\n<div><strong>Ochrann\u00e9 rukavice<\/strong>: Pou\u017e\u00edvejte ochrann\u00e9 rukavice, aby nedo\u0161lo k po\u0161kozen\u00ed poko\u017eky rukou.<\/div>\n<div><strong>Uchov\u00e1n\u00ed mimo dosah d\u011bt\u00ed<\/strong>: Skladujte kameny mimo dosah d\u011bt\u00ed, aby se p\u0159ede\u0161lo nehod\u00e1m.<\/div>\n<div><strong>Opatrn\u00e1 manipulace<\/strong>: P\u0159i \u010di\u0161t\u011bn\u00ed bu\u010fte opatrn\u00ed, aby nedo\u0161lo k po\u0161kozen\u00ed ro\u0161tu nebo m\u0159\u00ed\u017eky.<\/div>\n<\/td>\n<\/tr>\n<\/tbody>\n<\/table>\n<p>&nbsp;<\/p>\n<\/p>\n<p>&nbsp;<\/p>\n<p style=\"padding-left: 30px;\">&nbsp;<\/p>\n<p style=\"padding-left: 30px;\">&nbsp;<\/p>\n<p style=\"padding-left: 30px;\">&nbsp;<\/p>\n<p style=\"padding-left: 30px;\">&nbsp;<\/p>\n<p style=\"padding-left: 30px;\">&nbsp;<\/p>\n<p style=\"padding-left: 30px;\">&nbsp;<\/p>\n<p style=\"padding-left: 30px;\">&nbsp;<\/p>\n<p style=\"padding-left: 30px;\">&nbsp;<\/p>\n<p style=\"padding-left: 30px;\">&nbsp;<\/p>\n<p style=\"padding-left: 30px;\">&nbsp;<\/p>\n<p style=\"padding-left: 30px;\">&nbsp;<\/p>\n<p style=\"padding-left: 30px;\">&nbsp;<\/p>\n<p style=\"padding-left: 30px;\">&nbsp;<\/p>\n<p style=\"padding-left: 30px;\">&nbsp;<\/p>\n<p style=\"padding-left: 30px;\">&nbsp;<\/p>\n<p style=\"padding-left: 30px;\">&nbsp;<\/p>\n<p style=\"padding-left: 30px;\">&nbsp;<\/p>\n<p style=\"padding-left: 30px;\">&nbsp;<\/p>\n<p style=\"padding-left: 30px;\">&nbsp;<\/p>\n<p style=\"padding-left: 30px;\">&nbsp;<\/p>\n<p style=\"padding-left: 30px;\">&nbsp;<\/p>\n<p style=\"padding-left: 30px;\">&nbsp;<\/p>\n<p style=\"padding-left: 30px;\">&nbsp;<\/p>\n<\/p>\n<p style=\"padding-left: 30px;\">&nbsp;<\/p>\n<p style=\"padding-left: 30px;\">&nbsp;<\/p>\n<p>&nbsp;<\/p>\n<p>&nbsp;<\/p>\n<p>&nbsp;<\/p>\n<p>&nbsp;<\/p>\n<\/p><\/div>\n","protected":false},"excerpt":{"rendered":"<p>Detailn\u00ed popis produktu CATTARA\u00ae K\u00e1men na \u010di\u0161t\u011bn\u00ed grilovac\u00ed m\u0159\u00ed\u017eky, 4 ks &nbsp; Praktick\u00e1 sada p\u0159\u00edrodn\u00edch kamen\u016f ur\u010den\u00fdch pro \u010di\u0161t\u011bn\u00ed grilovac\u00edch ro\u0161t\u016f z oceli i litiny. &nbsp; P\u0159\u00edrodn\u00ed materi\u00e1l: Kameny jsou vyrobeny z pemzy, 100% p\u0159\u00edrodn\u00ed vyv\u0159el\u00e9 horniny sope\u010dn\u00e9ho p\u016fvodu, kter\u00e1 zaru\u010duje efektivn\u00ed a \u0161etrn\u00e9 \u010di\u0161t\u011bn\u00ed. Univerz\u00e1ln\u00ed pou\u017eit\u00ed: Vhodn\u00e9 pro \u010di\u0161t\u011bn\u00ed ocelov\u00fdch i litinov\u00fdch ro\u0161t\u016f a [&hellip;]<\/p>\n","protected":false},"featured_media":15600,"comment_status":"open","ping_status":"open","template":"","meta":[],"product_brand":[],"product_cat":[58],"product_tag":[],"class_list":{"0":"post-15500","1":"product","2":"type-product","3":"status-publish","4":"has-post-thumbnail","6":"product_cat-dum-a-zahrada","8":"first","9":"instock","10":"sale","11":"shipping-taxable","12":"purchasable","13":"product-type-simple"},"yoast_head":"<!-- This site is optimized with the Yoast SEO plugin v26.8 - https:\/\/yoast.com\/product\/yoast-seo-wordpress\/ -->\n<title>Akce CATTARA\u00ae K\u00e1men na \u010di\u0161t\u011bn\u00ed grilovac\u00ed m\u0159\u00ed\u017eky, 4 ks -<\/title>\n<meta name=\"robots\" content=\"index, follow, max-snippet:-1, max-image-preview:large, max-video-preview:-1\" \/>\n<link rel=\"canonical\" href=\"https:\/\/www.domkraftpro.com\/index.php\/produkt\/akce-cattara-r-kamen-na-cisteni-grilovaci-mrizky-4-ks-15500\/\" \/>\n<meta property=\"og:locale\" content=\"cs_CZ\" \/>\n<meta property=\"og:type\" content=\"article\" \/>\n<meta property=\"og:title\" content=\"Akce CATTARA\u00ae K\u00e1men na \u010di\u0161t\u011bn\u00ed grilovac\u00ed m\u0159\u00ed\u017eky, 4 ks -\" \/>\n<meta property=\"og:description\" content=\"Detailn\u00ed popis produktu CATTARA\u00ae K\u00e1men na \u010di\u0161t\u011bn\u00ed grilovac\u00ed m\u0159\u00ed\u017eky, 4 ks &nbsp; Praktick\u00e1 sada p\u0159\u00edrodn\u00edch kamen\u016f ur\u010den\u00fdch pro \u010di\u0161t\u011bn\u00ed grilovac\u00edch ro\u0161t\u016f z oceli i litiny. &nbsp; P\u0159\u00edrodn\u00ed materi\u00e1l: Kameny jsou vyrobeny z pemzy, 100% p\u0159\u00edrodn\u00ed vyv\u0159el\u00e9 horniny sope\u010dn\u00e9ho p\u016fvodu, kter\u00e1 zaru\u010duje efektivn\u00ed a \u0161etrn\u00e9 \u010di\u0161t\u011bn\u00ed. Univerz\u00e1ln\u00ed pou\u017eit\u00ed: Vhodn\u00e9 pro \u010di\u0161t\u011bn\u00ed ocelov\u00fdch i litinov\u00fdch ro\u0161t\u016f a [&hellip;]\" \/>\n<meta property=\"og:url\" content=\"https:\/\/www.domkraftpro.com\/index.php\/produkt\/akce-cattara-r-kamen-na-cisteni-grilovaci-mrizky-4-ks-15500\/\" \/>\n<meta property=\"og:image\" content=\"https:\/\/www.domkraftpro.com\/wp-content\/uploads\/2026\/SK0007205-CZ20260425-092522-0-1777080324-116643-3_kamen-na-cisteni-grilovaci-mrizky-4ks.webp\" \/>\n\t<meta property=\"og:image:width\" content=\"1000\" \/>\n\t<meta property=\"og:image:height\" content=\"750\" \/>\n\t<meta property=\"og:image:type\" content=\"image\/webp\" \/>\n<meta name=\"twitter:card\" content=\"summary_large_image\" \/>\n<meta name=\"twitter:label1\" content=\"Odhadovan\u00e1 doba \u010dten\u00ed\" \/>\n\t<meta name=\"twitter:data1\" content=\"2 minuty\" \/>\n<script type=\"application\/ld+json\" class=\"yoast-schema-graph\">{\"@context\":\"https:\/\/schema.org\",\"@graph\":[{\"@type\":\"WebPage\",\"@id\":\"https:\/\/www.domkraftpro.com\/index.php\/produkt\/akce-cattara-r-kamen-na-cisteni-grilovaci-mrizky-4-ks-15500\/\",\"url\":\"https:\/\/www.domkraftpro.com\/index.php\/produkt\/akce-cattara-r-kamen-na-cisteni-grilovaci-mrizky-4-ks-15500\/\",\"name\":\"Akce CATTARA\u00ae K\u00e1men na \u010di\u0161t\u011bn\u00ed grilovac\u00ed m\u0159\u00ed\u017eky, 4 ks -\",\"isPartOf\":{\"@id\":\"https:\/\/www.domkraftpro.com\/#website\"},\"primaryImageOfPage\":{\"@id\":\"https:\/\/www.domkraftpro.com\/index.php\/produkt\/akce-cattara-r-kamen-na-cisteni-grilovaci-mrizky-4-ks-15500\/#primaryimage\"},\"image\":{\"@id\":\"https:\/\/www.domkraftpro.com\/index.php\/produkt\/akce-cattara-r-kamen-na-cisteni-grilovaci-mrizky-4-ks-15500\/#primaryimage\"},\"thumbnailUrl\":\"https:\/\/www.domkraftpro.com\/wp-content\/uploads\/2026\/SK0007205-CZ20260425-092522-0-1777080324-116643-3_kamen-na-cisteni-grilovaci-mrizky-4ks.webp\",\"datePublished\":\"2026-04-27T04:41:01+00:00\",\"breadcrumb\":{\"@id\":\"https:\/\/www.domkraftpro.com\/index.php\/produkt\/akce-cattara-r-kamen-na-cisteni-grilovaci-mrizky-4-ks-15500\/#breadcrumb\"},\"inLanguage\":\"cs\",\"potentialAction\":[{\"@type\":\"ReadAction\",\"target\":[\"https:\/\/www.domkraftpro.com\/index.php\/produkt\/akce-cattara-r-kamen-na-cisteni-grilovaci-mrizky-4-ks-15500\/\"]}]},{\"@type\":\"ImageObject\",\"inLanguage\":\"cs\",\"@id\":\"https:\/\/www.domkraftpro.com\/index.php\/produkt\/akce-cattara-r-kamen-na-cisteni-grilovaci-mrizky-4-ks-15500\/#primaryimage\",\"url\":\"https:\/\/www.domkraftpro.com\/wp-content\/uploads\/2026\/SK0007205-CZ20260425-092522-0-1777080324-116643-3_kamen-na-cisteni-grilovaci-mrizky-4ks.webp\",\"contentUrl\":\"https:\/\/www.domkraftpro.com\/wp-content\/uploads\/2026\/SK0007205-CZ20260425-092522-0-1777080324-116643-3_kamen-na-cisteni-grilovaci-mrizky-4ks.webp\",\"width\":1000,\"height\":750},{\"@type\":\"BreadcrumbList\",\"@id\":\"https:\/\/www.domkraftpro.com\/index.php\/produkt\/akce-cattara-r-kamen-na-cisteni-grilovaci-mrizky-4-ks-15500\/#breadcrumb\",\"itemListElement\":[{\"@type\":\"ListItem\",\"position\":1,\"name\":\"Home\",\"item\":\"https:\/\/www.domkraftpro.com\/\"},{\"@type\":\"ListItem\",\"position\":2,\"name\":\"Products\",\"item\":\"https:\/\/www.domkraftpro.com\/index.php\/products\/\"},{\"@type\":\"ListItem\",\"position\":3,\"name\":\"Akce CATTARA\u00ae K\u00e1men na \u010di\u0161t\u011bn\u00ed grilovac\u00ed m\u0159\u00ed\u017eky, 4 ks\"}]},{\"@type\":\"WebSite\",\"@id\":\"https:\/\/www.domkraftpro.com\/#website\",\"url\":\"https:\/\/www.domkraftpro.com\/\",\"name\":\"\",\"description\":\"\",\"potentialAction\":[{\"@type\":\"SearchAction\",\"target\":{\"@type\":\"EntryPoint\",\"urlTemplate\":\"https:\/\/www.domkraftpro.com\/?s={search_term_string}\"},\"query-input\":{\"@type\":\"PropertyValueSpecification\",\"valueRequired\":true,\"valueName\":\"search_term_string\"}}],\"inLanguage\":\"cs\"}]}<\/script>\n<!-- \/ Yoast SEO plugin. -->","yoast_head_json":{"title":"Akce CATTARA\u00ae K\u00e1men na \u010di\u0161t\u011bn\u00ed grilovac\u00ed m\u0159\u00ed\u017eky, 4 ks -","robots":{"index":"index","follow":"follow","max-snippet":"max-snippet:-1","max-image-preview":"max-image-preview:large","max-video-preview":"max-video-preview:-1"},"canonical":"https:\/\/www.domkraftpro.com\/index.php\/produkt\/akce-cattara-r-kamen-na-cisteni-grilovaci-mrizky-4-ks-15500\/","og_locale":"cs_CZ","og_type":"article","og_title":"Akce CATTARA\u00ae K\u00e1men na \u010di\u0161t\u011bn\u00ed grilovac\u00ed m\u0159\u00ed\u017eky, 4 ks -","og_description":"Detailn\u00ed popis produktu CATTARA\u00ae K\u00e1men na \u010di\u0161t\u011bn\u00ed grilovac\u00ed m\u0159\u00ed\u017eky, 4 ks &nbsp; Praktick\u00e1 sada p\u0159\u00edrodn\u00edch kamen\u016f ur\u010den\u00fdch pro \u010di\u0161t\u011bn\u00ed grilovac\u00edch ro\u0161t\u016f z oceli i litiny. &nbsp; P\u0159\u00edrodn\u00ed materi\u00e1l: Kameny jsou vyrobeny z pemzy, 100% p\u0159\u00edrodn\u00ed vyv\u0159el\u00e9 horniny sope\u010dn\u00e9ho p\u016fvodu, kter\u00e1 zaru\u010duje efektivn\u00ed a \u0161etrn\u00e9 \u010di\u0161t\u011bn\u00ed. Univerz\u00e1ln\u00ed pou\u017eit\u00ed: Vhodn\u00e9 pro \u010di\u0161t\u011bn\u00ed ocelov\u00fdch i litinov\u00fdch ro\u0161t\u016f a [&hellip;]","og_url":"https:\/\/www.domkraftpro.com\/index.php\/produkt\/akce-cattara-r-kamen-na-cisteni-grilovaci-mrizky-4-ks-15500\/","og_image":[{"width":1000,"height":750,"url":"https:\/\/www.domkraftpro.com\/wp-content\/uploads\/2026\/SK0007205-CZ20260425-092522-0-1777080324-116643-3_kamen-na-cisteni-grilovaci-mrizky-4ks.webp","type":"image\/webp"}],"twitter_card":"summary_large_image","twitter_misc":{"Odhadovan\u00e1 doba \u010dten\u00ed":"2 minuty"},"schema":{"@context":"https:\/\/schema.org","@graph":[{"@type":"WebPage","@id":"https:\/\/www.domkraftpro.com\/index.php\/produkt\/akce-cattara-r-kamen-na-cisteni-grilovaci-mrizky-4-ks-15500\/","url":"https:\/\/www.domkraftpro.com\/index.php\/produkt\/akce-cattara-r-kamen-na-cisteni-grilovaci-mrizky-4-ks-15500\/","name":"Akce CATTARA\u00ae K\u00e1men na \u010di\u0161t\u011bn\u00ed grilovac\u00ed m\u0159\u00ed\u017eky, 4 ks -","isPartOf":{"@id":"https:\/\/www.domkraftpro.com\/#website"},"primaryImageOfPage":{"@id":"https:\/\/www.domkraftpro.com\/index.php\/produkt\/akce-cattara-r-kamen-na-cisteni-grilovaci-mrizky-4-ks-15500\/#primaryimage"},"image":{"@id":"https:\/\/www.domkraftpro.com\/index.php\/produkt\/akce-cattara-r-kamen-na-cisteni-grilovaci-mrizky-4-ks-15500\/#primaryimage"},"thumbnailUrl":"https:\/\/www.domkraftpro.com\/wp-content\/uploads\/2026\/SK0007205-CZ20260425-092522-0-1777080324-116643-3_kamen-na-cisteni-grilovaci-mrizky-4ks.webp","datePublished":"2026-04-27T04:41:01+00:00","breadcrumb":{"@id":"https:\/\/www.domkraftpro.com\/index.php\/produkt\/akce-cattara-r-kamen-na-cisteni-grilovaci-mrizky-4-ks-15500\/#breadcrumb"},"inLanguage":"cs","potentialAction":[{"@type":"ReadAction","target":["https:\/\/www.domkraftpro.com\/index.php\/produkt\/akce-cattara-r-kamen-na-cisteni-grilovaci-mrizky-4-ks-15500\/"]}]},{"@type":"ImageObject","inLanguage":"cs","@id":"https:\/\/www.domkraftpro.com\/index.php\/produkt\/akce-cattara-r-kamen-na-cisteni-grilovaci-mrizky-4-ks-15500\/#primaryimage","url":"https:\/\/www.domkraftpro.com\/wp-content\/uploads\/2026\/SK0007205-CZ20260425-092522-0-1777080324-116643-3_kamen-na-cisteni-grilovaci-mrizky-4ks.webp","contentUrl":"https:\/\/www.domkraftpro.com\/wp-content\/uploads\/2026\/SK0007205-CZ20260425-092522-0-1777080324-116643-3_kamen-na-cisteni-grilovaci-mrizky-4ks.webp","width":1000,"height":750},{"@type":"BreadcrumbList","@id":"https:\/\/www.domkraftpro.com\/index.php\/produkt\/akce-cattara-r-kamen-na-cisteni-grilovaci-mrizky-4-ks-15500\/#breadcrumb","itemListElement":[{"@type":"ListItem","position":1,"name":"Home","item":"https:\/\/www.domkraftpro.com\/"},{"@type":"ListItem","position":2,"name":"Products","item":"https:\/\/www.domkraftpro.com\/index.php\/products\/"},{"@type":"ListItem","position":3,"name":"Akce CATTARA\u00ae K\u00e1men na \u010di\u0161t\u011bn\u00ed grilovac\u00ed m\u0159\u00ed\u017eky, 4 ks"}]},{"@type":"WebSite","@id":"https:\/\/www.domkraftpro.com\/#website","url":"https:\/\/www.domkraftpro.com\/","name":"","description":"","potentialAction":[{"@type":"SearchAction","target":{"@type":"EntryPoint","urlTemplate":"https:\/\/www.domkraftpro.com\/?s={search_term_string}"},"query-input":{"@type":"PropertyValueSpecification","valueRequired":true,"valueName":"search_term_string"}}],"inLanguage":"cs"}]}},"_links":{"self":[{"href":"https:\/\/www.domkraftpro.com\/index.php\/wp-json\/wp\/v2\/product\/15500","targetHints":{"allow":["GET"]}}],"collection":[{"href":"https:\/\/www.domkraftpro.com\/index.php\/wp-json\/wp\/v2\/product"}],"about":[{"href":"https:\/\/www.domkraftpro.com\/index.php\/wp-json\/wp\/v2\/types\/product"}],"replies":[{"embeddable":true,"href":"https:\/\/www.domkraftpro.com\/index.php\/wp-json\/wp\/v2\/comments?post=15500"}],"wp:featuredmedia":[{"embeddable":true,"href":"https:\/\/www.domkraftpro.com\/index.php\/wp-json\/wp\/v2\/media\/15600"}],"wp:attachment":[{"href":"https:\/\/www.domkraftpro.com\/index.php\/wp-json\/wp\/v2\/media?parent=15500"}],"wp:term":[{"taxonomy":"product_brand","embeddable":true,"href":"https:\/\/www.domkraftpro.com\/index.php\/wp-json\/wp\/v2\/product_brand?post=15500"},{"taxonomy":"product_cat","embeddable":true,"href":"https:\/\/www.domkraftpro.com\/index.php\/wp-json\/wp\/v2\/product_cat?post=15500"},{"taxonomy":"product_tag","embeddable":true,"href":"https:\/\/www.domkraftpro.com\/index.php\/wp-json\/wp\/v2\/product_tag?post=15500"}],"curies":[{"name":"wp","href":"https:\/\/api.w.org\/{rel}","templated":true}]}}