{"id":15383,"date":"2026-04-27T04:41:00","date_gmt":"2026-04-27T04:41:00","guid":{"rendered":""},"modified":"2026-04-27T04:41:00","modified_gmt":"2026-04-27T04:41:00","slug":"znackovy-cattara-r-box-pro-neprime-grilovani-2-ks-15383","status":"publish","type":"product","link":"https:\/\/www.domkraftpro.com\/produkt\/znackovy-cattara-r-box-pro-neprime-grilovani-2-ks-15383\/","title":{"rendered":"Zna\u010dkov\u00fd CATTARA\u00ae Box pro nep\u0159\u00edm\u00e9 grilov\u00e1n\u00ed, 2 ks"},"content":{"rendered":"<div class=\"basic-description\">\n<h3>Detailn\u00ed popis produktu<\/h3>\n<table height=\"10\" style=\"width: 850px;\">\n<tbody>\n<tr>\n<td style=\"width: 707.156px;\">\n<h1><span style=\"color: #9e1e1e;\"><strong>CATTARA\u00ae Box pro nep\u0159\u00edm\u00e9 grilov\u00e1n\u00ed, 2 ks<\/strong><\/span><\/h1>\n<\/td>\n<td style=\"width: 138.844px;\"><\/td>\n<\/tr>\n<\/tbody>\n<\/table>\n<table width=\"850\" height=\"46\">\n<tbody>\n<tr>\n<td style=\"width: 849px;\">\n<div>\n<hr \/>\n<\/div>\n<div><span style=\"font-size: 12pt;\"><strong>S touto sadou box\u016f bude va\u0161e grilov\u00e1n\u00ed jednodu\u0161\u0161\u00ed, bezpe\u010dn\u011bj\u0161\u00ed a hlavn\u011b chutn\u011bj\u0161\u00ed. <\/strong><\/span><\/div>\n<div><span style=\"font-size: 12pt;\"><strong>Dop\u0159ejte si pohodl\u00ed a skv\u011bl\u00e9 v\u00fdsledky p\u0159i ka\u017ed\u00e9 zahradn\u00ed party!<\/strong><\/span><\/div>\n<div>\n<hr \/>\n<\/div>\n<div>&nbsp;&nbsp;<\/div>\n<div><strong>Nep\u0159\u00edm\u00e9 grilov\u00e1n\u00ed<\/strong>: Ide\u00e1ln\u00ed pro v\u011bt\u0161\u00ed pokrmy jako cel\u00e9 ku\u0159e nebo \u017eebra \u2013 bez rizika sp\u00e1len\u00ed.<\/div>\n<div><strong>Rovnom\u011brn\u00e9 rozlo\u017een\u00ed \u017e\u00e1ru<\/strong>: Boxy zajist\u00ed, \u017ee <span class=\"show-tooltip\" title=\"Teplota&amp;nbsp;je charakteristika tepeln\u00e9ho&amp;nbsp;stavu&amp;nbsp;hmoty. Je to jedna z nejd\u016fle\u017eit\u011bj\u0161\u00edch fyzik\u00e1ln\u00edch veli\u010din. Teplota ovliv\u0148uje aktivitu (energii) ve\u0161ker\u00fdch \u010d\u00e1stic ve vesm\u00edru a zp\u016fsobuje zm\u011bnu rozm\u011br\u016f, tvaru&amp;hellip;\">teplo<\/span> se rozprost\u0159e rovnom\u011brn\u011b, co\u017e vede k perfektn\u00edm v\u00fdsledk\u016fm.<\/div>\n<div><strong>Kvalitn\u00ed materi\u00e1l<\/strong>: Nerezov\u00e1 <span class=\"show-tooltip\" title=\"Ocel je slitina \u017eeleza s mal\u00fdm obsahem uhl\u00edku a dal\u0161\u00edmi p\u0159\u00edm\u011bsemi. Je to jeden z nejb\u011b\u017en\u011bji pou\u017e\u00edvan\u00fdch materi\u00e1l\u016f v pr\u016fmyslu a&amp;nbsp;stavebnictv\u00ed d\u00edky sv\u00fdm vlastnostem, kter\u00e9 zahrnuj\u00ed pevnost, tv\u00e1rnost a odolnost.&amp;nbsp;Z\u00e1kladn\u00ed slo\u017ekou&amp;hellip;\">ocel<\/span> zaji\u0161\u0165uje odolnost, dlouhou \u017eivotnost a zvl\u00e1dne vysok\u00e9 teploty.<\/div>\n<div><strong>Univerz\u00e1ln\u00ed pou\u017eit\u00ed<\/strong>: Hod\u00ed se do hranat\u00fdch i kulat\u00fdch gril\u016f odpov\u00eddaj\u00edc\u00edch rozm\u011br\u016f.<\/div>\n<div><strong>Snadn\u00e1 manipulace<\/strong>: Sta\u010d\u00ed je vlo\u017eit do grilu a naplnit roz\u017ehaven\u00fdm uhl\u00edm.<\/div>\n<div>\n<table width=\"847\" height=\"179\">\n<tbody>\n<tr>\n<td style=\"width: 423px;\">\n<h3><span style=\"color: #9e1e1e;\"><strong>Jak na to<\/strong><\/span><\/h3>\n<div><strong>P\u0159\u00edprava uhl\u00ed<\/strong>: Roz\u017ehavte uhl\u00ed a p\u0159ipravte gril.<\/div>\n<div><strong>Um\u00edst\u011bn\u00ed box\u016f<\/strong>: Polo\u017ete boxy do grilu tak, aby uhl\u00ed p\u0159\u00edmo ne\u017ehnulo na pokrm.<\/div>\n<div><strong>Napln\u011bn\u00ed<\/strong>: Do box\u016f vlo\u017ete roz\u017ehaven\u00e9 uhl\u00ed.<\/div>\n<div><strong>Grilov\u00e1n\u00ed<\/strong>: J\u00eddlo um\u00edst\u011bte na ro\u0161t nad boxy, zav\u0159ete v\u00edko a nechte pracovat.<\/div>\n<div><strong>\u00daklid<\/strong>: Po grilov\u00e1n\u00ed nechte boxy vychladnout a pot\u00e9 je o\u010dist\u011bte.<\/div>\n<h3><span style=\"color: #9e1e1e;\"><strong><\/strong><\/span><\/h3>\n<\/td>\n<td style=\"width: 423px; padding-left: 30px;\"><\/td>\n<\/tr>\n<tr>\n<td style=\"width: 423px;\">\n<div>\n<hr \/>\n<p><span style=\"font-size: 12pt;\"><strong><\/strong><\/span><\/div>\n<div><span style=\"font-size: 12pt;\"><strong>Posu\u0148te uhl\u00edky na stranu a t\u00edm tak\u00e9 grilov\u00e1n\u00ed na vy\u0161\u0161\u00ed \u00farove\u0148. Boxy se perfektn\u011b hod\u00ed p\u0159i pe\u010den\u00ed v\u011bt\u0161\u00edch kus\u016f masa nebo pokrm\u016f, kter\u00e9 vy\u017eaduj\u00ed del\u0161\u00ed dobu p\u0159\u00edpravy. D<\/strong><\/span><span style=\"font-size: 12pt;\"><strong>okonale prope\u010den\u00e9 j\u00eddlo, vynikaj\u00edc\u00ed chu\u0165 &#8211; a nav\u00edc bez starost\u00ed.<\/strong><\/span><\/div>\n<div>\n<hr \/>\n<p><span style=\"font-size: 12pt;\"><strong><\/strong><\/span><\/div>\n<h3><span style=\"color: #a82c2c;\"><strong>Tipy pro dokonal\u00e9 grilov\u00e1n\u00ed<\/strong><\/span><\/h3>\n<div><strong>Teplota pod kontrolou<\/strong>: Pravideln\u011b ji kontrolujte, aby gril nep\u0159eh\u0159\u00e1l.<\/div>\n<div><strong>\u00dadr\u017eba<\/strong>: Po ka\u017ed\u00e9m pou\u017eit\u00ed boxy pe\u010dliv\u011b o\u010dist\u011bte, aby dlouho slou\u017eily.<\/div>\n<div><strong>Marinov\u00e1n\u00ed<\/strong>: Pro lep\u0161\u00ed chu\u0165 marinujte maso p\u0159ed grilov\u00e1n\u00edm.<\/div>\n<h3><span style=\"color: #9e1e1e;\"><strong>Technick\u00e9 \u00fadaje<\/strong><\/span><\/h3>\n<div><strong>Rozm\u011bry boxu<\/strong>: 36 \u00d7 11,5 \u00d7 7,5 cm<\/div>\n<div><strong>Po\u010det kus\u016f<\/strong>: 2<\/div>\n<div><strong>Materi\u00e1l<\/strong>: Nerezov\u00e1 ocel<\/div>\n<h3><span style=\"color: #9e1e1e;\"><strong>Bezpe\u010dnost<\/strong><\/span><\/h3>\n<div>\u272a P\u0159i manipulaci s hork\u00fdmi boxy pou\u017e\u00edvejte \u017e\u00e1ruvzdorn\u00e9 rukavice.<\/div>\n<div>\u272a Bu\u010fte opatrn\u00ed p\u0159i pln\u011bn\u00ed box\u016f roz\u017ehaven\u00fdm uhl\u00edm.<\/div>\n<div>\u272a P\u0159ed \u010di\u0161t\u011bn\u00edm nechte boxy d\u016fkladn\u011b vychladnout.<\/div>\n<\/td>\n<td style=\"width: 423px; padding-left: 30px;\"><\/td>\n<\/tr>\n<\/tbody>\n<\/table>\n<p><span style=\"color: #9e1e1e;\"><strong><\/strong><\/span><span style=\"color: #9e1e1e;\"><strong><\/strong><\/span><\/div>\n<\/td>\n<\/tr>\n<\/tbody>\n<\/table>\n<p>&nbsp;<\/p>\n<p>&nbsp;<\/p>\n<p>&nbsp;<\/p>\n<p>&nbsp;<\/p>\n<p>&nbsp;<\/p>\n<\/p><\/div>\n","protected":false},"excerpt":{"rendered":"<p>Detailn\u00ed popis produktu CATTARA\u00ae Box pro nep\u0159\u00edm\u00e9 grilov\u00e1n\u00ed, 2 ks S touto sadou box\u016f bude va\u0161e grilov\u00e1n\u00ed jednodu\u0161\u0161\u00ed, bezpe\u010dn\u011bj\u0161\u00ed a hlavn\u011b chutn\u011bj\u0161\u00ed. Dop\u0159ejte si pohodl\u00ed a skv\u011bl\u00e9 v\u00fdsledky p\u0159i ka\u017ed\u00e9 zahradn\u00ed party! &nbsp;&nbsp; Nep\u0159\u00edm\u00e9 grilov\u00e1n\u00ed: Ide\u00e1ln\u00ed pro v\u011bt\u0161\u00ed pokrmy jako cel\u00e9 ku\u0159e nebo \u017eebra \u2013 bez rizika sp\u00e1len\u00ed. Rovnom\u011brn\u00e9 rozlo\u017een\u00ed \u017e\u00e1ru: Boxy zajist\u00ed, \u017ee teplo [&hellip;]<\/p>\n","protected":false},"featured_media":15483,"comment_status":"open","ping_status":"open","template":"","meta":[],"product_brand":[],"product_cat":[58],"product_tag":[],"class_list":{"0":"post-15383","1":"product","2":"type-product","3":"status-publish","4":"has-post-thumbnail","6":"product_cat-dum-a-zahrada","8":"first","9":"instock","10":"sale","11":"shipping-taxable","12":"purchasable","13":"product-type-simple"},"yoast_head":"<!-- This site is optimized with the Yoast SEO plugin v26.8 - https:\/\/yoast.com\/product\/yoast-seo-wordpress\/ -->\n<title>Zna\u010dkov\u00fd CATTARA\u00ae Box pro nep\u0159\u00edm\u00e9 grilov\u00e1n\u00ed, 2 ks -<\/title>\n<meta name=\"robots\" content=\"index, follow, max-snippet:-1, max-image-preview:large, max-video-preview:-1\" \/>\n<link rel=\"canonical\" href=\"https:\/\/www.domkraftpro.com\/index.php\/produkt\/znackovy-cattara-r-box-pro-neprime-grilovani-2-ks-15383\/\" \/>\n<meta property=\"og:locale\" content=\"cs_CZ\" \/>\n<meta property=\"og:type\" content=\"article\" \/>\n<meta property=\"og:title\" content=\"Zna\u010dkov\u00fd CATTARA\u00ae Box pro nep\u0159\u00edm\u00e9 grilov\u00e1n\u00ed, 2 ks -\" \/>\n<meta property=\"og:description\" content=\"Detailn\u00ed popis produktu CATTARA\u00ae Box pro nep\u0159\u00edm\u00e9 grilov\u00e1n\u00ed, 2 ks S touto sadou box\u016f bude va\u0161e grilov\u00e1n\u00ed jednodu\u0161\u0161\u00ed, bezpe\u010dn\u011bj\u0161\u00ed a hlavn\u011b chutn\u011bj\u0161\u00ed. Dop\u0159ejte si pohodl\u00ed a skv\u011bl\u00e9 v\u00fdsledky p\u0159i ka\u017ed\u00e9 zahradn\u00ed party! &nbsp;&nbsp; Nep\u0159\u00edm\u00e9 grilov\u00e1n\u00ed: Ide\u00e1ln\u00ed pro v\u011bt\u0161\u00ed pokrmy jako cel\u00e9 ku\u0159e nebo \u017eebra \u2013 bez rizika sp\u00e1len\u00ed. Rovnom\u011brn\u00e9 rozlo\u017een\u00ed \u017e\u00e1ru: Boxy zajist\u00ed, \u017ee teplo [&hellip;]\" \/>\n<meta property=\"og:url\" content=\"https:\/\/www.domkraftpro.com\/index.php\/produkt\/znackovy-cattara-r-box-pro-neprime-grilovani-2-ks-15383\/\" \/>\n<meta property=\"og:image\" content=\"https:\/\/www.domkraftpro.com\/wp-content\/uploads\/2026\/SK0007188-CZ20260425-092522-0-1777080324-116589-4_box-pro-neprime-grilovani-2ks.webp\" \/>\n\t<meta property=\"og:image:width\" content=\"1000\" \/>\n\t<meta property=\"og:image:height\" content=\"750\" \/>\n\t<meta property=\"og:image:type\" content=\"image\/webp\" \/>\n<meta name=\"twitter:card\" content=\"summary_large_image\" \/>\n<meta name=\"twitter:label1\" content=\"Odhadovan\u00e1 doba \u010dten\u00ed\" \/>\n\t<meta name=\"twitter:data1\" content=\"2 minuty\" \/>\n<script type=\"application\/ld+json\" class=\"yoast-schema-graph\">{\"@context\":\"https:\/\/schema.org\",\"@graph\":[{\"@type\":\"WebPage\",\"@id\":\"https:\/\/www.domkraftpro.com\/index.php\/produkt\/znackovy-cattara-r-box-pro-neprime-grilovani-2-ks-15383\/\",\"url\":\"https:\/\/www.domkraftpro.com\/index.php\/produkt\/znackovy-cattara-r-box-pro-neprime-grilovani-2-ks-15383\/\",\"name\":\"Zna\u010dkov\u00fd CATTARA\u00ae Box pro nep\u0159\u00edm\u00e9 grilov\u00e1n\u00ed, 2 ks -\",\"isPartOf\":{\"@id\":\"https:\/\/www.domkraftpro.com\/#website\"},\"primaryImageOfPage\":{\"@id\":\"https:\/\/www.domkraftpro.com\/index.php\/produkt\/znackovy-cattara-r-box-pro-neprime-grilovani-2-ks-15383\/#primaryimage\"},\"image\":{\"@id\":\"https:\/\/www.domkraftpro.com\/index.php\/produkt\/znackovy-cattara-r-box-pro-neprime-grilovani-2-ks-15383\/#primaryimage\"},\"thumbnailUrl\":\"https:\/\/www.domkraftpro.com\/wp-content\/uploads\/2026\/SK0007188-CZ20260425-092522-0-1777080324-116589-4_box-pro-neprime-grilovani-2ks.webp\",\"datePublished\":\"2026-04-27T04:41:00+00:00\",\"breadcrumb\":{\"@id\":\"https:\/\/www.domkraftpro.com\/index.php\/produkt\/znackovy-cattara-r-box-pro-neprime-grilovani-2-ks-15383\/#breadcrumb\"},\"inLanguage\":\"cs\",\"potentialAction\":[{\"@type\":\"ReadAction\",\"target\":[\"https:\/\/www.domkraftpro.com\/index.php\/produkt\/znackovy-cattara-r-box-pro-neprime-grilovani-2-ks-15383\/\"]}]},{\"@type\":\"ImageObject\",\"inLanguage\":\"cs\",\"@id\":\"https:\/\/www.domkraftpro.com\/index.php\/produkt\/znackovy-cattara-r-box-pro-neprime-grilovani-2-ks-15383\/#primaryimage\",\"url\":\"https:\/\/www.domkraftpro.com\/wp-content\/uploads\/2026\/SK0007188-CZ20260425-092522-0-1777080324-116589-4_box-pro-neprime-grilovani-2ks.webp\",\"contentUrl\":\"https:\/\/www.domkraftpro.com\/wp-content\/uploads\/2026\/SK0007188-CZ20260425-092522-0-1777080324-116589-4_box-pro-neprime-grilovani-2ks.webp\",\"width\":1000,\"height\":750},{\"@type\":\"BreadcrumbList\",\"@id\":\"https:\/\/www.domkraftpro.com\/index.php\/produkt\/znackovy-cattara-r-box-pro-neprime-grilovani-2-ks-15383\/#breadcrumb\",\"itemListElement\":[{\"@type\":\"ListItem\",\"position\":1,\"name\":\"Home\",\"item\":\"https:\/\/www.domkraftpro.com\/\"},{\"@type\":\"ListItem\",\"position\":2,\"name\":\"Products\",\"item\":\"https:\/\/www.domkraftpro.com\/products\/\"},{\"@type\":\"ListItem\",\"position\":3,\"name\":\"Zna\u010dkov\u00fd CATTARA\u00ae Box pro nep\u0159\u00edm\u00e9 grilov\u00e1n\u00ed, 2 ks\"}]},{\"@type\":\"WebSite\",\"@id\":\"https:\/\/www.domkraftpro.com\/#website\",\"url\":\"https:\/\/www.domkraftpro.com\/\",\"name\":\"\",\"description\":\"\",\"potentialAction\":[{\"@type\":\"SearchAction\",\"target\":{\"@type\":\"EntryPoint\",\"urlTemplate\":\"https:\/\/www.domkraftpro.com\/?s={search_term_string}\"},\"query-input\":{\"@type\":\"PropertyValueSpecification\",\"valueRequired\":true,\"valueName\":\"search_term_string\"}}],\"inLanguage\":\"cs\"}]}<\/script>\n<!-- \/ Yoast SEO plugin. -->","yoast_head_json":{"title":"Zna\u010dkov\u00fd CATTARA\u00ae Box pro nep\u0159\u00edm\u00e9 grilov\u00e1n\u00ed, 2 ks -","robots":{"index":"index","follow":"follow","max-snippet":"max-snippet:-1","max-image-preview":"max-image-preview:large","max-video-preview":"max-video-preview:-1"},"canonical":"https:\/\/www.domkraftpro.com\/index.php\/produkt\/znackovy-cattara-r-box-pro-neprime-grilovani-2-ks-15383\/","og_locale":"cs_CZ","og_type":"article","og_title":"Zna\u010dkov\u00fd CATTARA\u00ae Box pro nep\u0159\u00edm\u00e9 grilov\u00e1n\u00ed, 2 ks -","og_description":"Detailn\u00ed popis produktu CATTARA\u00ae Box pro nep\u0159\u00edm\u00e9 grilov\u00e1n\u00ed, 2 ks S touto sadou box\u016f bude va\u0161e grilov\u00e1n\u00ed jednodu\u0161\u0161\u00ed, bezpe\u010dn\u011bj\u0161\u00ed a hlavn\u011b chutn\u011bj\u0161\u00ed. Dop\u0159ejte si pohodl\u00ed a skv\u011bl\u00e9 v\u00fdsledky p\u0159i ka\u017ed\u00e9 zahradn\u00ed party! &nbsp;&nbsp; Nep\u0159\u00edm\u00e9 grilov\u00e1n\u00ed: Ide\u00e1ln\u00ed pro v\u011bt\u0161\u00ed pokrmy jako cel\u00e9 ku\u0159e nebo \u017eebra \u2013 bez rizika sp\u00e1len\u00ed. Rovnom\u011brn\u00e9 rozlo\u017een\u00ed \u017e\u00e1ru: Boxy zajist\u00ed, \u017ee teplo [&hellip;]","og_url":"https:\/\/www.domkraftpro.com\/index.php\/produkt\/znackovy-cattara-r-box-pro-neprime-grilovani-2-ks-15383\/","og_image":[{"width":1000,"height":750,"url":"https:\/\/www.domkraftpro.com\/wp-content\/uploads\/2026\/SK0007188-CZ20260425-092522-0-1777080324-116589-4_box-pro-neprime-grilovani-2ks.webp","type":"image\/webp"}],"twitter_card":"summary_large_image","twitter_misc":{"Odhadovan\u00e1 doba \u010dten\u00ed":"2 minuty"},"schema":{"@context":"https:\/\/schema.org","@graph":[{"@type":"WebPage","@id":"https:\/\/www.domkraftpro.com\/index.php\/produkt\/znackovy-cattara-r-box-pro-neprime-grilovani-2-ks-15383\/","url":"https:\/\/www.domkraftpro.com\/index.php\/produkt\/znackovy-cattara-r-box-pro-neprime-grilovani-2-ks-15383\/","name":"Zna\u010dkov\u00fd CATTARA\u00ae Box pro nep\u0159\u00edm\u00e9 grilov\u00e1n\u00ed, 2 ks -","isPartOf":{"@id":"https:\/\/www.domkraftpro.com\/#website"},"primaryImageOfPage":{"@id":"https:\/\/www.domkraftpro.com\/index.php\/produkt\/znackovy-cattara-r-box-pro-neprime-grilovani-2-ks-15383\/#primaryimage"},"image":{"@id":"https:\/\/www.domkraftpro.com\/index.php\/produkt\/znackovy-cattara-r-box-pro-neprime-grilovani-2-ks-15383\/#primaryimage"},"thumbnailUrl":"https:\/\/www.domkraftpro.com\/wp-content\/uploads\/2026\/SK0007188-CZ20260425-092522-0-1777080324-116589-4_box-pro-neprime-grilovani-2ks.webp","datePublished":"2026-04-27T04:41:00+00:00","breadcrumb":{"@id":"https:\/\/www.domkraftpro.com\/index.php\/produkt\/znackovy-cattara-r-box-pro-neprime-grilovani-2-ks-15383\/#breadcrumb"},"inLanguage":"cs","potentialAction":[{"@type":"ReadAction","target":["https:\/\/www.domkraftpro.com\/index.php\/produkt\/znackovy-cattara-r-box-pro-neprime-grilovani-2-ks-15383\/"]}]},{"@type":"ImageObject","inLanguage":"cs","@id":"https:\/\/www.domkraftpro.com\/index.php\/produkt\/znackovy-cattara-r-box-pro-neprime-grilovani-2-ks-15383\/#primaryimage","url":"https:\/\/www.domkraftpro.com\/wp-content\/uploads\/2026\/SK0007188-CZ20260425-092522-0-1777080324-116589-4_box-pro-neprime-grilovani-2ks.webp","contentUrl":"https:\/\/www.domkraftpro.com\/wp-content\/uploads\/2026\/SK0007188-CZ20260425-092522-0-1777080324-116589-4_box-pro-neprime-grilovani-2ks.webp","width":1000,"height":750},{"@type":"BreadcrumbList","@id":"https:\/\/www.domkraftpro.com\/index.php\/produkt\/znackovy-cattara-r-box-pro-neprime-grilovani-2-ks-15383\/#breadcrumb","itemListElement":[{"@type":"ListItem","position":1,"name":"Home","item":"https:\/\/www.domkraftpro.com\/"},{"@type":"ListItem","position":2,"name":"Products","item":"https:\/\/www.domkraftpro.com\/products\/"},{"@type":"ListItem","position":3,"name":"Zna\u010dkov\u00fd CATTARA\u00ae Box pro nep\u0159\u00edm\u00e9 grilov\u00e1n\u00ed, 2 ks"}]},{"@type":"WebSite","@id":"https:\/\/www.domkraftpro.com\/#website","url":"https:\/\/www.domkraftpro.com\/","name":"","description":"","potentialAction":[{"@type":"SearchAction","target":{"@type":"EntryPoint","urlTemplate":"https:\/\/www.domkraftpro.com\/?s={search_term_string}"},"query-input":{"@type":"PropertyValueSpecification","valueRequired":true,"valueName":"search_term_string"}}],"inLanguage":"cs"}]}},"_links":{"self":[{"href":"https:\/\/www.domkraftpro.com\/wp-json\/wp\/v2\/product\/15383","targetHints":{"allow":["GET"]}}],"collection":[{"href":"https:\/\/www.domkraftpro.com\/wp-json\/wp\/v2\/product"}],"about":[{"href":"https:\/\/www.domkraftpro.com\/wp-json\/wp\/v2\/types\/product"}],"replies":[{"embeddable":true,"href":"https:\/\/www.domkraftpro.com\/wp-json\/wp\/v2\/comments?post=15383"}],"wp:featuredmedia":[{"embeddable":true,"href":"https:\/\/www.domkraftpro.com\/wp-json\/wp\/v2\/media\/15483"}],"wp:attachment":[{"href":"https:\/\/www.domkraftpro.com\/wp-json\/wp\/v2\/media?parent=15383"}],"wp:term":[{"taxonomy":"product_brand","embeddable":true,"href":"https:\/\/www.domkraftpro.com\/wp-json\/wp\/v2\/product_brand?post=15383"},{"taxonomy":"product_cat","embeddable":true,"href":"https:\/\/www.domkraftpro.com\/wp-json\/wp\/v2\/product_cat?post=15383"},{"taxonomy":"product_tag","embeddable":true,"href":"https:\/\/www.domkraftpro.com\/wp-json\/wp\/v2\/product_tag?post=15383"}],"curies":[{"name":"wp","href":"https:\/\/api.w.org\/{rel}","templated":true}]}}