{"id":15348,"date":"2026-04-27T04:41:00","date_gmt":"2026-04-27T04:41:00","guid":{"rendered":""},"modified":"2026-04-27T04:41:00","modified_gmt":"2026-04-27T04:41:00","slug":"znackovy-cattara-r-grilovaci-naradi-sada-30-ks-alu-kufrik-15348","status":"publish","type":"product","link":"https:\/\/www.domkraftpro.com\/produkt\/znackovy-cattara-r-grilovaci-naradi-sada-30-ks-alu-kufrik-15348\/","title":{"rendered":"Zna\u010dkov\u00fd CATTARA\u00ae Grilovac\u00ed n\u00e1\u0159ad\u00ed sada 30 ks ALU kuf\u0159\u00edk"},"content":{"rendered":"<div class=\"basic-description\">\n<h3>Detailn\u00ed popis produktu<\/h3>\n<table height=\"10\" style=\"width: 850px;\">\n<tbody>\n<tr>\n<td style=\"width: 707.156px;\">\n<h1><strong>CATTARA\u00ae Grilovac\u00ed <span class=\"show-tooltip\" title=\"N\u00e1stroj&amp;nbsp;je pracovn\u00ed prost\u0159edek, pom\u016fcka k zpracov\u00e1n\u00ed n\u011b\u010deho (pracovn\u00ed n\u00e1stroj, \u0159emeslnick\u00fd n\u00e1stroj, chirurgick\u00fd n\u00e1stroj aj.), p\u0159\u00edp. v\u00fdrobn\u00ed pom\u016fcka slou\u017e\u00edc\u00ed p\u0159i ru\u010dn\u00edm nebo strojn\u00edm obr\u00e1b\u011bn\u00ed ke zm\u011bn\u011b velikosti nebo tvaru opracov\u00e1van\u00e9ho&amp;hellip;\">n\u00e1\u0159ad\u00ed<\/span> sada 30 ks <span class=\"show-tooltip\" title=\"Hlin\u00edk&amp;nbsp;(lat. aluminium) je chemick\u00fd prvek s atomov\u00fdm \u010d\u00edslem 13 a chemick\u00fdm symbolem Al.Pat\u0159\u00ed mezi kovy a je lehk\u00fd, st\u0159\u00edbrn\u00fd a v\u00fdborn\u00fd vodi\u010d tepla i elektrick\u00e9ho proudu.Hlin\u00edk je t\u0159et\u00edm nej\u010dast\u011bji se vyskytuj\u00edc\u00edm prvkem v zemsk\u00e9 k\u016f\u0159e, a\u010dkoliv&amp;hellip;\">ALU<\/span> kuf\u0159\u00edk<\/strong><\/h1>\n<\/td>\n<td style=\"width: 138.844px;\"><\/td>\n<\/tr>\n<\/tbody>\n<\/table>\n<table width=\"850\" height=\"46\">\n<tbody>\n<tr>\n<td style=\"width: 849px;\">\n<div>&nbsp;<\/div>\n<div><span style=\"font-size: 12pt;\"><strong>Tato profesion\u00e1ln\u00ed sada grilovac\u00edho n\u00e1\u0159ad\u00ed je perfektn\u00ed volbou pro v\u0161echny, kdo cht\u011bj\u00ed m\u00edt p\u0159i grilov\u00e1n\u00ed v\u0161e po ruce. Obsahuje kompletn\u00ed vybaven\u00ed pot\u0159ebn\u00e9 pro p\u0159\u00edpravu, konzumaci a \u00fadr\u017ebu grilovan\u00fdch pokrm\u016f.<\/strong><\/span><\/div>\n<div>&nbsp;<\/div>\n<div><strong>Kompletn\u00ed sada<\/strong>: 30 kus\u016f n\u00e1\u0159ad\u00ed pro v\u0161echny grilovac\u00ed pot\u0159eby.<\/div>\n<div><strong>Kvalitn\u00ed materi\u00e1l<\/strong>: N\u00e1stroje vyroben\u00e9 z nerezov\u00e9 <span class=\"show-tooltip\" title=\"Ocel je slitina \u017eeleza s mal\u00fdm obsahem uhl\u00edku a dal\u0161\u00edmi p\u0159\u00edm\u011bsemi. Je to jeden z nejb\u011b\u017en\u011bji pou\u017e\u00edvan\u00fdch materi\u00e1l\u016f v pr\u016fmyslu a&amp;nbsp;stavebnictv\u00ed d\u00edky sv\u00fdm vlastnostem, kter\u00e9 zahrnuj\u00ed pevnost, tv\u00e1rnost a odolnost.&amp;nbsp;Z\u00e1kladn\u00ed slo\u017ekou&amp;hellip;\">oceli<\/span> zaru\u010duj\u00ed dlouhou \u017eivotnost a odolnost proti korozi.<\/div>\n<div><strong>Transportn\u00ed kuf\u0159\u00edk<\/strong>: Elegantn\u00ed hlin\u00edkov\u00fd kuf\u0159\u00edk pro snadn\u00e9 p\u0159en\u00e1\u0161en\u00ed a skladov\u00e1n\u00ed n\u00e1\u0159ad\u00ed.<\/div>\n<div><strong>Univerz\u00e1ln\u00ed pou\u017eit\u00ed<\/strong>: Ide\u00e1ln\u00ed pro grilov\u00e1n\u00ed doma na zahrad\u011b, ale tak\u00e9 skv\u011bl\u00fd spole\u010dn\u00edk na cest\u00e1ch.<\/div>\n<h4><strong>Pou\u017eit\u00ed<\/strong><\/h4>\n<div>Sada grilovac\u00edho n\u00e1\u0159ad\u00ed je ur\u010dena k:<\/div>\n<div><strong>P\u0159\u00edprav\u011b j\u00eddla<\/strong>: Kompletn\u00ed vybaven\u00ed od obrace\u010dky po ma\u0161lovac\u00ed <span class=\"show-tooltip\" title=\"\u0160t\u011btec je n\u00e1stroj pou\u017e\u00edvan\u00fd pro malov\u00e1n\u00ed, nan\u00e1\u0161en\u00ed laku, barvy, lepidel nebo jin\u00fdch podobn\u00fdch l\u00e1tek na povrchy. Skl\u00e1d\u00e1 se z h\u0159betu (t\u011bla) a chlup\u016f (vl\u00e1ken), kter\u00e9 jsou p\u0159ipevn\u011bny k h\u0159betu. Chlupy mohou b\u00fdt vyrobeny z r\u016fzn\u00fdch materi\u00e1l\u016f, jako&amp;hellip;\">\u0161t\u011btec<\/span>.<\/div>\n<div><strong>Serv\u00edrov\u00e1n\u00ed<\/strong>: Obsahuje p\u0159\u00edborov\u00e9 no\u017ee a vidli\u010dky pro pohodln\u00e9 serv\u00edrov\u00e1n\u00ed.<\/div>\n<div><strong>\u00dadr\u017eb\u011b grilu<\/strong>: Dr\u00e1t\u011bnn\u00fd kart\u00e1\u010d pro snadn\u00e9 \u010di\u0161t\u011bn\u00ed grilu po pou\u017eit\u00ed.<\/div>\n<h4><strong>N\u00e1vod k pou\u017eit\u00ed<\/strong><\/h4>\n<div><strong>P\u0159\u00edprava grilu<\/strong>: Pou\u017eijte dr\u00e1t\u011bnn\u00fd kart\u00e1\u010d k o\u010di\u0161t\u011bn\u00ed grilu p\u0159ed za\u010d\u00e1tkem grilov\u00e1n\u00ed.<\/div>\n<div><strong>P\u0159\u00edprava j\u00eddla<\/strong>: Obrace\u010dkou, kle\u0161t\u011bmi a dvouzubou vidlic\u00ed p\u0159ipravujte a obracejte pokrmy na grilu.<\/div>\n<div><strong>Serv\u00edrov\u00e1n\u00ed<\/strong>: Pou\u017eijte p\u0159\u00edborov\u00e9 no\u017ee a vidli\u010dky k serv\u00edrov\u00e1n\u00ed hotov\u00fdch pokrm\u016f.<\/div>\n<div><strong>\u00dadr\u017eba<\/strong>: Po grilov\u00e1n\u00ed znovu pou\u017eijte dr\u00e1t\u011bnn\u00fd kart\u00e1\u010d k odstran\u011bn\u00ed zbytk\u016f j\u00eddla z grilu.<\/div>\n<h4><strong><span class=\"show-tooltip\" title=\"&amp;nbsp;Obsah je fyzik\u00e1ln\u00ed veli\u010dina, kter\u00e1 vyjad\u0159uje plochu n\u011bjak\u00e9ho geometrick\u00e9ho tvaru. Obsah se zpravidla m\u011b\u0159\u00ed v \u010dtvere\u010dn\u00fdch jednotk\u00e1ch, nap\u0159\u00edklad \u010dtvere\u010dn\u00fdch metrech (m\u00b2) nebo \u010dtvere\u010dn\u00fdch centimetrech (cm\u00b2).Zde jsou vzorce pro v\u00fdpo\u010det&amp;hellip;\">Obsah<\/span> sady<\/strong><\/h4>\n<div><strong>Obrace\u010dka<\/strong><\/div>\n<div><strong><span class=\"show-tooltip\" title=\"Kle\u0161t\u011b&amp;nbsp;jsou&amp;nbsp;n\u00e1stroj&amp;nbsp;k uchopov\u00e1n\u00ed a stla\u010dov\u00e1n\u00ed p\u0159edm\u011bt\u016f, zalo\u017een\u00fd na principu oboustrann\u00e9&amp;nbsp;p\u00e1ky. P\u0159\u00edbuzn\u00fdm n\u00e1strojem kle\u0161t\u00ed jsou&amp;nbsp;n\u016f\u017eky.&amp;nbsp;Z\u00e1kladn\u00ed, nejpou\u017e\u00edvan\u011bj\u0161\u00ed druhy kle\u0161t\u00ed jsou \u0161t\u00edpac\u00ed, ur\u010den\u00e9 ke \u0161t\u00edp\u00e1n\u00ed&amp;hellip;\">Kle\u0161t\u011b<\/span><\/strong><\/div>\n<div><strong>Dvouzub\u00e1 vidlice<\/strong><\/div>\n<div><strong>Ma\u0161lovac\u00ed \u0161t\u011btec<\/strong><\/div>\n<div><strong>Porcovac\u00ed n\u016f\u017e<\/strong><\/div>\n<div><strong>Dr\u00e1t\u011bnn\u00fd kart\u00e1\u010d<\/strong><\/div>\n<div><strong>4x Grilovac\u00ed jehlice<\/strong><\/div>\n<div><strong>10x Dr\u017e\u00e1k kuku\u0159ice<\/strong><\/div>\n<div><strong>4x P\u0159\u00edborov\u00fd n\u016f\u017e<\/strong><\/div>\n<div><strong>4x P\u0159\u00edborov\u00e1 vidli\u010dka<\/strong><\/div>\n<div><strong>Sl\u00e1nka<\/strong><\/div>\n<div><strong>Pep\u0159enka<\/strong><\/div>\n<h4><strong>Technick\u00e1 data<\/strong><\/h4>\n<div><strong>Sada<\/strong>: 30 kus\u016f<\/div>\n<div><strong>Pouzdro<\/strong>: Hlin\u00edkov\u00fd kufr<\/div>\n<div><strong>Materi\u00e1l n\u00e1stroj\u016f<\/strong>: Nerezov\u00e1 ocel<\/div>\n<div><strong>Rozm\u011br sady<\/strong>: 47 x 28 x 8,5 cm<\/div>\n<h4><strong>Bezpe\u010dnost p\u0159i pr\u00e1ci<\/strong><\/h4>\n<div><strong>Upozorn\u011bn\u00ed<\/strong>: P\u0159i manipulaci s hork\u00fdm n\u00e1\u0159ad\u00edm pou\u017e\u00edvejte ochrann\u00e9 rukavice.<\/div>\n<div><strong>\u00dadr\u017eba<\/strong>: Po ka\u017ed\u00e9m pou\u017eit\u00ed n\u00e1\u0159ad\u00ed d\u016fkladn\u011b o\u010dist\u011bte a osu\u0161te, aby byla zaji\u0161t\u011bna dlouh\u00e1 \u017eivotnost.<\/div>\n<div><strong>Skladov\u00e1n\u00ed<\/strong>: Uchov\u00e1vejte n\u00e1\u0159ad\u00ed v hlin\u00edkov\u00e9m kufru mimo dosah d\u011bt\u00ed.<\/div>\n<\/td>\n<\/tr>\n<\/tbody>\n<\/table>\n<p>&nbsp;<\/p>\n<\/p>\n<p>&nbsp;<\/p>\n<\/p><\/div>\n","protected":false},"excerpt":{"rendered":"<p>Detailn\u00ed popis produktu CATTARA\u00ae Grilovac\u00ed n\u00e1\u0159ad\u00ed sada 30 ks ALU kuf\u0159\u00edk &nbsp; Tato profesion\u00e1ln\u00ed sada grilovac\u00edho n\u00e1\u0159ad\u00ed je perfektn\u00ed volbou pro v\u0161echny, kdo cht\u011bj\u00ed m\u00edt p\u0159i grilov\u00e1n\u00ed v\u0161e po ruce. Obsahuje kompletn\u00ed vybaven\u00ed pot\u0159ebn\u00e9 pro p\u0159\u00edpravu, konzumaci a \u00fadr\u017ebu grilovan\u00fdch pokrm\u016f. &nbsp; Kompletn\u00ed sada: 30 kus\u016f n\u00e1\u0159ad\u00ed pro v\u0161echny grilovac\u00ed pot\u0159eby. Kvalitn\u00ed materi\u00e1l: N\u00e1stroje vyroben\u00e9 [&hellip;]<\/p>\n","protected":false},"featured_media":15448,"template":"","meta":[],"product_brand":[],"product_cat":[58],"product_tag":[],"class_list":{"0":"post-15348","1":"product","2":"type-product","3":"status-publish","4":"has-post-thumbnail","6":"product_cat-dum-a-zahrada","8":"first","9":"instock","10":"sale","11":"shipping-taxable","12":"purchasable","13":"product-type-simple"},"yoast_head":"<!-- This site is optimized with the Yoast SEO plugin v26.8 - https:\/\/yoast.com\/product\/yoast-seo-wordpress\/ -->\n<title>Zna\u010dkov\u00fd CATTARA\u00ae Grilovac\u00ed n\u00e1\u0159ad\u00ed sada 30 ks ALU kuf\u0159\u00edk - Koupelna &amp; N\u00e1\u0159ad\u00ed &amp; Osv\u011btlen\u00ed a Stavebn\u00ed pot\u0159by<\/title>\n<meta name=\"robots\" content=\"index, follow, max-snippet:-1, max-image-preview:large, max-video-preview:-1\" \/>\n<link rel=\"canonical\" href=\"https:\/\/www.domkraftpro.com\/index.php\/produkt\/znackovy-cattara-r-grilovaci-naradi-sada-30-ks-alu-kufrik-15348\/\" \/>\n<meta property=\"og:locale\" content=\"cs_CZ\" \/>\n<meta property=\"og:type\" content=\"article\" \/>\n<meta property=\"og:title\" content=\"Zna\u010dkov\u00fd CATTARA\u00ae Grilovac\u00ed n\u00e1\u0159ad\u00ed sada 30 ks ALU kuf\u0159\u00edk - Koupelna &amp; N\u00e1\u0159ad\u00ed &amp; Osv\u011btlen\u00ed a Stavebn\u00ed pot\u0159by\" \/>\n<meta property=\"og:description\" content=\"Detailn\u00ed popis produktu CATTARA\u00ae Grilovac\u00ed n\u00e1\u0159ad\u00ed sada 30 ks ALU kuf\u0159\u00edk &nbsp; Tato profesion\u00e1ln\u00ed sada grilovac\u00edho n\u00e1\u0159ad\u00ed je perfektn\u00ed volbou pro v\u0161echny, kdo cht\u011bj\u00ed m\u00edt p\u0159i grilov\u00e1n\u00ed v\u0161e po ruce. Obsahuje kompletn\u00ed vybaven\u00ed pot\u0159ebn\u00e9 pro p\u0159\u00edpravu, konzumaci a \u00fadr\u017ebu grilovan\u00fdch pokrm\u016f. &nbsp; Kompletn\u00ed sada: 30 kus\u016f n\u00e1\u0159ad\u00ed pro v\u0161echny grilovac\u00ed pot\u0159eby. Kvalitn\u00ed materi\u00e1l: N\u00e1stroje vyroben\u00e9 [&hellip;]\" \/>\n<meta property=\"og:url\" content=\"https:\/\/www.domkraftpro.com\/index.php\/produkt\/znackovy-cattara-r-grilovaci-naradi-sada-30-ks-alu-kufrik-15348\/\" \/>\n<meta property=\"og:site_name\" content=\"Koupelna &amp; N\u00e1\u0159ad\u00ed &amp; Osv\u011btlen\u00ed a Stavebn\u00ed pot\u0159by\" \/>\n<meta property=\"og:image\" content=\"https:\/\/www.domkraftpro.com\/wp-content\/uploads\/2026\/SK0007153-CZ20260425-092522-0-1777080324-116484-5_grilovaci-naradi-sada-30ks-alu-kufrik.webp\" \/>\n\t<meta property=\"og:image:width\" content=\"1000\" \/>\n\t<meta property=\"og:image:height\" content=\"750\" \/>\n\t<meta property=\"og:image:type\" content=\"image\/webp\" \/>\n<meta name=\"twitter:card\" content=\"summary_large_image\" \/>\n<meta name=\"twitter:label1\" content=\"Odhadovan\u00e1 doba \u010dten\u00ed\" \/>\n\t<meta name=\"twitter:data1\" content=\"2 minuty\" \/>\n<script type=\"application\/ld+json\" class=\"yoast-schema-graph\">{\"@context\":\"https:\/\/schema.org\",\"@graph\":[{\"@type\":\"WebPage\",\"@id\":\"https:\/\/www.domkraftpro.com\/index.php\/produkt\/znackovy-cattara-r-grilovaci-naradi-sada-30-ks-alu-kufrik-15348\/\",\"url\":\"https:\/\/www.domkraftpro.com\/index.php\/produkt\/znackovy-cattara-r-grilovaci-naradi-sada-30-ks-alu-kufrik-15348\/\",\"name\":\"Zna\u010dkov\u00fd CATTARA\u00ae Grilovac\u00ed n\u00e1\u0159ad\u00ed sada 30 ks ALU kuf\u0159\u00edk - Koupelna &amp; N\u00e1\u0159ad\u00ed &amp; Osv\u011btlen\u00ed a Stavebn\u00ed pot\u0159by\",\"isPartOf\":{\"@id\":\"https:\/\/www.domkraftpro.com\/#website\"},\"primaryImageOfPage\":{\"@id\":\"https:\/\/www.domkraftpro.com\/index.php\/produkt\/znackovy-cattara-r-grilovaci-naradi-sada-30-ks-alu-kufrik-15348\/#primaryimage\"},\"image\":{\"@id\":\"https:\/\/www.domkraftpro.com\/index.php\/produkt\/znackovy-cattara-r-grilovaci-naradi-sada-30-ks-alu-kufrik-15348\/#primaryimage\"},\"thumbnailUrl\":\"https:\/\/www.domkraftpro.com\/wp-content\/uploads\/2026\/SK0007153-CZ20260425-092522-0-1777080324-116484-5_grilovaci-naradi-sada-30ks-alu-kufrik.webp\",\"datePublished\":\"2026-04-27T04:41:00+00:00\",\"breadcrumb\":{\"@id\":\"https:\/\/www.domkraftpro.com\/index.php\/produkt\/znackovy-cattara-r-grilovaci-naradi-sada-30-ks-alu-kufrik-15348\/#breadcrumb\"},\"inLanguage\":\"cs\",\"potentialAction\":[{\"@type\":\"ReadAction\",\"target\":[\"https:\/\/www.domkraftpro.com\/index.php\/produkt\/znackovy-cattara-r-grilovaci-naradi-sada-30-ks-alu-kufrik-15348\/\"]}]},{\"@type\":\"ImageObject\",\"inLanguage\":\"cs\",\"@id\":\"https:\/\/www.domkraftpro.com\/index.php\/produkt\/znackovy-cattara-r-grilovaci-naradi-sada-30-ks-alu-kufrik-15348\/#primaryimage\",\"url\":\"https:\/\/www.domkraftpro.com\/wp-content\/uploads\/2026\/SK0007153-CZ20260425-092522-0-1777080324-116484-5_grilovaci-naradi-sada-30ks-alu-kufrik.webp\",\"contentUrl\":\"https:\/\/www.domkraftpro.com\/wp-content\/uploads\/2026\/SK0007153-CZ20260425-092522-0-1777080324-116484-5_grilovaci-naradi-sada-30ks-alu-kufrik.webp\",\"width\":1000,\"height\":750},{\"@type\":\"BreadcrumbList\",\"@id\":\"https:\/\/www.domkraftpro.com\/index.php\/produkt\/znackovy-cattara-r-grilovaci-naradi-sada-30-ks-alu-kufrik-15348\/#breadcrumb\",\"itemListElement\":[{\"@type\":\"ListItem\",\"position\":1,\"name\":\"Home\",\"item\":\"https:\/\/www.domkraftpro.com\/\"},{\"@type\":\"ListItem\",\"position\":2,\"name\":\"Products\",\"item\":\"https:\/\/www.domkraftpro.com\/products\/\"},{\"@type\":\"ListItem\",\"position\":3,\"name\":\"Zna\u010dkov\u00fd CATTARA\u00ae Grilovac\u00ed n\u00e1\u0159ad\u00ed sada 30 ks ALU kuf\u0159\u00edk\"}]},{\"@type\":\"WebSite\",\"@id\":\"https:\/\/www.domkraftpro.com\/#website\",\"url\":\"https:\/\/www.domkraftpro.com\/\",\"name\":\"Koupelna &amp; N\u00e1\u0159ad\u00ed &amp; Osv\u011btlen\u00ed a Stavebn\u00ed pot\u0159by\",\"description\":\"Koupelna &amp; N\u00e1\u0159ad\u00ed &amp; Osv\u011btlen\u00ed a Stavebn\u00ed pot\u0159by\",\"publisher\":{\"@id\":\"https:\/\/www.domkraftpro.com\/#organization\"},\"potentialAction\":[{\"@type\":\"SearchAction\",\"target\":{\"@type\":\"EntryPoint\",\"urlTemplate\":\"https:\/\/www.domkraftpro.com\/?s={search_term_string}\"},\"query-input\":{\"@type\":\"PropertyValueSpecification\",\"valueRequired\":true,\"valueName\":\"search_term_string\"}}],\"inLanguage\":\"cs\"},{\"@type\":\"Organization\",\"@id\":\"https:\/\/www.domkraftpro.com\/#organization\",\"name\":\"Koupelna &amp; N\u00e1\u0159ad\u00ed &amp; Osv\u011btlen\u00ed a Stavebn\u00ed pot\u0159by\",\"url\":\"https:\/\/www.domkraftpro.com\/\",\"logo\":{\"@type\":\"ImageObject\",\"inLanguage\":\"cs\",\"@id\":\"https:\/\/www.domkraftpro.com\/#\/schema\/logo\/image\/\",\"url\":\"https:\/\/www.domkraftpro.com\/wp-content\/uploads\/2026\/04\/domkraftpro_logo.svg\",\"contentUrl\":\"https:\/\/www.domkraftpro.com\/wp-content\/uploads\/2026\/04\/domkraftpro_logo.svg\",\"width\":760,\"height\":180,\"caption\":\"Koupelna &amp; N\u00e1\u0159ad\u00ed &amp; Osv\u011btlen\u00ed a Stavebn\u00ed pot\u0159by\"},\"image\":{\"@id\":\"https:\/\/www.domkraftpro.com\/#\/schema\/logo\/image\/\"}}]}<\/script>\n<!-- \/ Yoast SEO plugin. -->","yoast_head_json":{"title":"Zna\u010dkov\u00fd CATTARA\u00ae Grilovac\u00ed n\u00e1\u0159ad\u00ed sada 30 ks ALU kuf\u0159\u00edk - Koupelna &amp; N\u00e1\u0159ad\u00ed &amp; Osv\u011btlen\u00ed a Stavebn\u00ed pot\u0159by","robots":{"index":"index","follow":"follow","max-snippet":"max-snippet:-1","max-image-preview":"max-image-preview:large","max-video-preview":"max-video-preview:-1"},"canonical":"https:\/\/www.domkraftpro.com\/index.php\/produkt\/znackovy-cattara-r-grilovaci-naradi-sada-30-ks-alu-kufrik-15348\/","og_locale":"cs_CZ","og_type":"article","og_title":"Zna\u010dkov\u00fd CATTARA\u00ae Grilovac\u00ed n\u00e1\u0159ad\u00ed sada 30 ks ALU kuf\u0159\u00edk - Koupelna &amp; N\u00e1\u0159ad\u00ed &amp; Osv\u011btlen\u00ed a Stavebn\u00ed pot\u0159by","og_description":"Detailn\u00ed popis produktu CATTARA\u00ae Grilovac\u00ed n\u00e1\u0159ad\u00ed sada 30 ks ALU kuf\u0159\u00edk &nbsp; Tato profesion\u00e1ln\u00ed sada grilovac\u00edho n\u00e1\u0159ad\u00ed je perfektn\u00ed volbou pro v\u0161echny, kdo cht\u011bj\u00ed m\u00edt p\u0159i grilov\u00e1n\u00ed v\u0161e po ruce. Obsahuje kompletn\u00ed vybaven\u00ed pot\u0159ebn\u00e9 pro p\u0159\u00edpravu, konzumaci a \u00fadr\u017ebu grilovan\u00fdch pokrm\u016f. &nbsp; Kompletn\u00ed sada: 30 kus\u016f n\u00e1\u0159ad\u00ed pro v\u0161echny grilovac\u00ed pot\u0159eby. Kvalitn\u00ed materi\u00e1l: N\u00e1stroje vyroben\u00e9 [&hellip;]","og_url":"https:\/\/www.domkraftpro.com\/index.php\/produkt\/znackovy-cattara-r-grilovaci-naradi-sada-30-ks-alu-kufrik-15348\/","og_site_name":"Koupelna &amp; N\u00e1\u0159ad\u00ed &amp; Osv\u011btlen\u00ed a Stavebn\u00ed pot\u0159by","og_image":[{"width":1000,"height":750,"url":"https:\/\/www.domkraftpro.com\/wp-content\/uploads\/2026\/SK0007153-CZ20260425-092522-0-1777080324-116484-5_grilovaci-naradi-sada-30ks-alu-kufrik.webp","type":"image\/webp"}],"twitter_card":"summary_large_image","twitter_misc":{"Odhadovan\u00e1 doba \u010dten\u00ed":"2 minuty"},"schema":{"@context":"https:\/\/schema.org","@graph":[{"@type":"WebPage","@id":"https:\/\/www.domkraftpro.com\/index.php\/produkt\/znackovy-cattara-r-grilovaci-naradi-sada-30-ks-alu-kufrik-15348\/","url":"https:\/\/www.domkraftpro.com\/index.php\/produkt\/znackovy-cattara-r-grilovaci-naradi-sada-30-ks-alu-kufrik-15348\/","name":"Zna\u010dkov\u00fd CATTARA\u00ae Grilovac\u00ed n\u00e1\u0159ad\u00ed sada 30 ks ALU kuf\u0159\u00edk - Koupelna &amp; N\u00e1\u0159ad\u00ed &amp; Osv\u011btlen\u00ed a Stavebn\u00ed pot\u0159by","isPartOf":{"@id":"https:\/\/www.domkraftpro.com\/#website"},"primaryImageOfPage":{"@id":"https:\/\/www.domkraftpro.com\/index.php\/produkt\/znackovy-cattara-r-grilovaci-naradi-sada-30-ks-alu-kufrik-15348\/#primaryimage"},"image":{"@id":"https:\/\/www.domkraftpro.com\/index.php\/produkt\/znackovy-cattara-r-grilovaci-naradi-sada-30-ks-alu-kufrik-15348\/#primaryimage"},"thumbnailUrl":"https:\/\/www.domkraftpro.com\/wp-content\/uploads\/2026\/SK0007153-CZ20260425-092522-0-1777080324-116484-5_grilovaci-naradi-sada-30ks-alu-kufrik.webp","datePublished":"2026-04-27T04:41:00+00:00","breadcrumb":{"@id":"https:\/\/www.domkraftpro.com\/index.php\/produkt\/znackovy-cattara-r-grilovaci-naradi-sada-30-ks-alu-kufrik-15348\/#breadcrumb"},"inLanguage":"cs","potentialAction":[{"@type":"ReadAction","target":["https:\/\/www.domkraftpro.com\/index.php\/produkt\/znackovy-cattara-r-grilovaci-naradi-sada-30-ks-alu-kufrik-15348\/"]}]},{"@type":"ImageObject","inLanguage":"cs","@id":"https:\/\/www.domkraftpro.com\/index.php\/produkt\/znackovy-cattara-r-grilovaci-naradi-sada-30-ks-alu-kufrik-15348\/#primaryimage","url":"https:\/\/www.domkraftpro.com\/wp-content\/uploads\/2026\/SK0007153-CZ20260425-092522-0-1777080324-116484-5_grilovaci-naradi-sada-30ks-alu-kufrik.webp","contentUrl":"https:\/\/www.domkraftpro.com\/wp-content\/uploads\/2026\/SK0007153-CZ20260425-092522-0-1777080324-116484-5_grilovaci-naradi-sada-30ks-alu-kufrik.webp","width":1000,"height":750},{"@type":"BreadcrumbList","@id":"https:\/\/www.domkraftpro.com\/index.php\/produkt\/znackovy-cattara-r-grilovaci-naradi-sada-30-ks-alu-kufrik-15348\/#breadcrumb","itemListElement":[{"@type":"ListItem","position":1,"name":"Home","item":"https:\/\/www.domkraftpro.com\/"},{"@type":"ListItem","position":2,"name":"Products","item":"https:\/\/www.domkraftpro.com\/products\/"},{"@type":"ListItem","position":3,"name":"Zna\u010dkov\u00fd CATTARA\u00ae Grilovac\u00ed n\u00e1\u0159ad\u00ed sada 30 ks ALU kuf\u0159\u00edk"}]},{"@type":"WebSite","@id":"https:\/\/www.domkraftpro.com\/#website","url":"https:\/\/www.domkraftpro.com\/","name":"Koupelna &amp; N\u00e1\u0159ad\u00ed &amp; Osv\u011btlen\u00ed a Stavebn\u00ed pot\u0159by","description":"Koupelna &amp; N\u00e1\u0159ad\u00ed &amp; Osv\u011btlen\u00ed a Stavebn\u00ed pot\u0159by","publisher":{"@id":"https:\/\/www.domkraftpro.com\/#organization"},"potentialAction":[{"@type":"SearchAction","target":{"@type":"EntryPoint","urlTemplate":"https:\/\/www.domkraftpro.com\/?s={search_term_string}"},"query-input":{"@type":"PropertyValueSpecification","valueRequired":true,"valueName":"search_term_string"}}],"inLanguage":"cs"},{"@type":"Organization","@id":"https:\/\/www.domkraftpro.com\/#organization","name":"Koupelna &amp; N\u00e1\u0159ad\u00ed &amp; Osv\u011btlen\u00ed a Stavebn\u00ed pot\u0159by","url":"https:\/\/www.domkraftpro.com\/","logo":{"@type":"ImageObject","inLanguage":"cs","@id":"https:\/\/www.domkraftpro.com\/#\/schema\/logo\/image\/","url":"https:\/\/www.domkraftpro.com\/wp-content\/uploads\/2026\/04\/domkraftpro_logo.svg","contentUrl":"https:\/\/www.domkraftpro.com\/wp-content\/uploads\/2026\/04\/domkraftpro_logo.svg","width":760,"height":180,"caption":"Koupelna &amp; N\u00e1\u0159ad\u00ed &amp; Osv\u011btlen\u00ed a Stavebn\u00ed pot\u0159by"},"image":{"@id":"https:\/\/www.domkraftpro.com\/#\/schema\/logo\/image\/"}}]}},"_links":{"self":[{"href":"https:\/\/www.domkraftpro.com\/wp-json\/wp\/v2\/product\/15348","targetHints":{"allow":["GET"]}}],"collection":[{"href":"https:\/\/www.domkraftpro.com\/wp-json\/wp\/v2\/product"}],"about":[{"href":"https:\/\/www.domkraftpro.com\/wp-json\/wp\/v2\/types\/product"}],"wp:featuredmedia":[{"embeddable":true,"href":"https:\/\/www.domkraftpro.com\/wp-json\/wp\/v2\/media\/15448"}],"wp:attachment":[{"href":"https:\/\/www.domkraftpro.com\/wp-json\/wp\/v2\/media?parent=15348"}],"wp:term":[{"taxonomy":"product_brand","embeddable":true,"href":"https:\/\/www.domkraftpro.com\/wp-json\/wp\/v2\/product_brand?post=15348"},{"taxonomy":"product_cat","embeddable":true,"href":"https:\/\/www.domkraftpro.com\/wp-json\/wp\/v2\/product_cat?post=15348"},{"taxonomy":"product_tag","embeddable":true,"href":"https:\/\/www.domkraftpro.com\/wp-json\/wp\/v2\/product_tag?post=15348"}],"curies":[{"name":"wp","href":"https:\/\/api.w.org\/{rel}","templated":true}]}}