{"id":15320,"date":"2026-04-27T04:41:00","date_gmt":"2026-04-27T04:41:00","guid":{"rendered":""},"modified":"2026-04-27T04:41:00","modified_gmt":"2026-04-27T04:41:00","slug":"mistral-r-fasade-praktik-akrylatova-fasadni-barva-bila-znackovy-15320","status":"publish","type":"product","link":"https:\/\/www.domkraftpro.com\/index.php\/produkt\/mistral-r-fasade-praktik-akrylatova-fasadni-barva-bila-znackovy-15320\/","title":{"rendered":"MISTRAL\u00ae FASADE PRAKTIK Akryl\u00e1tov\u00e1 fas\u00e1dn\u00ed barva, b\u00edl\u00e1 Zna\u010dkov\u00fd"},"content":{"rendered":"<div class=\"basic-description\">\n<h3>Detailn\u00ed popis produktu<\/h3>\n<div>\n<table height=\"5\" style=\"width: 850px;\">\n<tbody>\n<tr>\n<td style=\"width: 709.531px;\">\n<h1><strong>MISTRAL\u00ae FASADE PRAKTIK<\/strong><\/h1>\n<h1><strong><span class=\"show-tooltip\" title=\"Akryl\u00e1ty jsou polymern\u00ed materi\u00e1ly, kter\u00e9 pat\u0159\u00ed do skupiny plast\u016f. Jsou odvozeny z akrylov\u00e9 kyseliny nebo jej\u00edch deriv\u00e1t\u016f. Tyto polymery jsou zn\u00e1m\u00e9 pro svou pru\u017enost, odolnost a schopnost odol\u00e1vat po\u0161kozen\u00ed vlivem UV z\u00e1\u0159en\u00ed a po\u010das\u00ed. Akryl\u00e1ty se \u010dasto&amp;hellip;\">Akryl\u00e1tov\u00e1<\/span> <span class=\"show-tooltip\" title=\"Fas\u00e1da je vn\u011bj\u0161\u00ed ob\u00e1lka budovy, tedy obvodov\u00fd pl\u00e1\u0161\u0165, kter\u00fd chr\u00e1n\u00ed stavbu p\u0159ed vlivy po\u010das\u00ed a slou\u017e\u00ed k estetick\u00e9mu a funk\u010dn\u00edmu \u00fa\u010delu. Fas\u00e1da hraje d\u016fle\u017eitou roli v celkov\u00e9m vzhledu budovy a m\u016f\u017ee m\u00edt vliv na tepelnou izolaci, ochranu proti vlhkosti a&amp;hellip;\">fas\u00e1dn\u00ed<\/span> barva, <span class=\"show-tooltip\" title=\"B\u00edl\u00e1 je barva, kter\u00e1 vznik\u00e1 odrazem v\u0161ech viditeln\u00fdch vlnov\u00fdch d\u00e9lek sv\u011btla v p\u0159ibli\u017en\u011b stejn\u00e9m pom\u011bru. V d\u016fsledku tohoto odrazu se jev\u00ed lidsk\u00e9mu oku jako nejjasn\u011bj\u0161\u00ed barva a p\u0159edstavuje naprostou neutralitu. Na barevn\u00e9m spektru b\u00edl\u00e1 barva&amp;hellip;\">b\u00edl\u00e1<\/span><\/strong><\/h1>\n<\/td>\n<td style=\"width: 138.469px;\"><\/td>\n<\/tr>\n<\/tbody>\n<\/table>\n<\/div>\n<div>&nbsp;<\/div>\n<div><span style=\"font-size: 12pt;\"><strong>Ide\u00e1ln\u00ed \u0159e\u0161en\u00ed pro <span class=\"show-tooltip\" title=\"Trvanlivost je schopnost materi\u00e1lu, v\u00fdrobku nebo syst\u00e9mu zachovat sv\u00e9 fyzik\u00e1ln\u00ed, chemick\u00e9 nebo mechanick\u00e9 vlastnosti a plnit svou funkci po ur\u010ditou dobu nebo za ur\u010dit\u00fdch podm\u00ednek. Tento term\u00edn se \u010dasto pou\u017e\u00edv\u00e1 v r\u016fzn\u00fdch odv\u011btv\u00edch a kontextech k&amp;hellip;\">trvanliv\u00e9<\/span> a esteticky p\u0159\u00edjemn\u00e9 fas\u00e1dn\u00ed n\u00e1t\u011bry, poskytuj\u00edc\u00ed vysokou kryvost, prody\u0161nost a ochranu proti <span class=\"show-tooltip\" title=\"Vlhkost je m\u011brn\u00e1 fyzik\u00e1ln\u00ed veli\u010dina vyjad\u0159uj\u00edc\u00ed mno\u017estv\u00ed \u010d\u00e1stic vody p\u0159\u00edtomn\u00e9 v atmosf\u00e9\u0159e nebo v materi\u00e1lu. M\u016f\u017ee se jednat o d\u016fle\u017eit\u00fd faktor v mnoha r\u016fzn\u00fdch kontextech a ovliv\u0148ovat r\u016fzn\u00e9 aspekty prost\u0159ed\u00ed, kvality materi\u00e1l\u016f, a dokonce i lidsk\u00e9ho&amp;hellip;\">vlhkosti<\/span>.<\/strong><\/span><\/div>\n<div>&nbsp;<\/div>\n<div><strong>Vysoce kvalitn\u00ed jemnozrnn\u00e1 akryl\u00e1tov\u00e1 fas\u00e1dn\u00ed barva, kter\u00e1 nab\u00edz\u00ed:<\/strong><\/div>\n<div>&nbsp;<\/div>\n<div><strong>Vysok\u00e1 kryvost:<\/strong> Zaji\u0161\u0165uje pln\u011b omyvateln\u00fd a ot\u011bruvzdorn\u00fd povrch.<\/div>\n<div><strong>Prody\u0161nost pro <span class=\"show-tooltip\" title=\"Voda,&amp;nbsp;chemick\u00fdm vzorcem&amp;nbsp;H2O,&amp;nbsp;systematick\u00fd n\u00e1zev&amp;nbsp;oxidan, je&amp;nbsp;chemick\u00e1 slou\u010denina&amp;nbsp;vod\u00edku&amp;nbsp;a&amp;nbsp;kysl\u00edku. Spolu se&amp;nbsp;vzduchem, resp.&amp;nbsp;zemskou atmosf\u00e9rou, tvo\u0159\u00ed z\u00e1kladn\u00ed podm\u00ednky pro&amp;hellip;\">vodn\u00ed<\/span> p\u00e1ry:<\/strong> Umo\u017e\u0148uje podkladu d\u00fdchat, co\u017e je d\u016fle\u017eit\u00e9 pro dlouhodobou \u017eivotnost.<\/div>\n<div><strong>Vodoodpudivost:<\/strong> Hydrofobn\u00ed vlastnosti poskytuj\u00ed ochranu proti vlhkosti a de\u0161ti.<\/div>\n<div><strong>Dlouhodob\u00e1 \u017eivotnost:<\/strong> Ide\u00e1ln\u00ed pro obnovu i prvotn\u00ed n\u00e1t\u011bry.<\/div>\n<div><strong>Snadn\u00e1 aplikace:<\/strong> Matn\u00fd hladk\u00fd vzhled, kter\u00fd se snadno aplikuje.<\/div>\n<h4><strong>Pou\u017eit\u00ed<\/strong><\/h4>\n<div><strong>MISTRAL\u00ae FASADE PRAKTIK je vhodn\u00fd pro r\u016fzn\u00e9 typy podklad\u016f, v\u010detn\u011b:<\/strong><\/div>\n<div>\u058d Venkovn\u00ed a vnit\u0159n\u00ed <span class=\"show-tooltip\" title=\"Om\u00edtka je vrstva materi\u00e1lu, kter\u00e1 se nan\u00e1\u0161\u00ed na povrch st\u011bn nebo strop\u016f budov a slou\u017e\u00ed k vytvo\u0159en\u00ed hladk\u00e9, rovnom\u011brn\u00e9 a dekorativn\u00ed povrchov\u00e9 \u00fapravy. Om\u00edtka m\u016f\u017ee plnit r\u016fzn\u00e9 funkce, v\u010detn\u011b estetick\u00fdch, ochrann\u00fdch a tepeln\u011b izola\u010dn\u00edch.&amp;nbsp;Zakr\u00fdv\u00e1&amp;hellip;\">om\u00edtky<\/span><\/div>\n<div>\u058d <span class=\"show-tooltip\" title=\"Zdivo je stavebn\u00ed materi\u00e1l tvo\u0159en\u00fd uspo\u0159\u00e1dan\u00fdmi vrstvami cihel, blok\u016f nebo kamen\u016f, kter\u00e9 jsou spojeny maltou.&amp;nbsp;Tento materi\u00e1l se b\u011b\u017en\u011b pou\u017e\u00edv\u00e1 pro konstrukci st\u011bn budov a m\u016f\u017ee m\u00edt r\u016fzn\u00e9 formy, v\u010detn\u011b zd\u00ed z cihel, betonov\u00fdch blok\u016f nebo&amp;hellip;\">Zdivo<\/span><\/div>\n<div>\u058d B\u0159\u00edzolit<\/div>\n<div>\u058d <span class=\"show-tooltip\" title=\"S\u00e1drokarton je stavebn\u00ed materi\u00e1l slo\u017een\u00fd z vrstev s\u00e1dry (gipsu) spojen\u00fdch mezi dv\u011bma vrstvami pevn\u00e9ho pap\u00edru.&amp;nbsp;Tento materi\u00e1l kombinuje lehkost, pevnost a snadnou manipulaci, co\u017e ho \u010din\u00ed popul\u00e1rn\u00edm pro vnit\u0159n\u00ed stavebn\u00ed \u00fapravy.S\u00e1drokarton se&amp;hellip;\">S\u00e1drokarton<\/span><\/div>\n<div>\u058d <span class=\"show-tooltip\" title=\"D\u0159evot\u0159\u00edska je materi\u00e1l, kter\u00fd vznik\u00e1 rozemlet\u00edm nebo nakr\u00e1jen\u00edm d\u0159eva na mal\u00e9 t\u0159\u00edsky nebo \u010d\u00e1stice.&amp;nbsp;Tento proces se obvykle prov\u00e1d\u00ed za pou\u017eit\u00ed speci\u00e1ln\u00edho za\u0159\u00edzen\u00ed, zn\u00e1m\u00e9ho jako t\u0159\u00edskoml\u00fdnek nebo d\u0159ev\u011bn\u00fd drti\u010d. D\u0159evot\u0159\u00edska je v\u00fdsledn\u00fdm produktem&amp;hellip;\">D\u0159evot\u0159\u00edska<\/span><\/div>\n<div>\u058d Je ide\u00e1ln\u00ed pro standardn\u00ed fas\u00e1dy dom\u016f, v\u010detn\u011b bytov\u00fdch dom\u016f, rodinn\u00fdch dom\u016f a pr\u016fmyslov\u00fdch hal, kde je po\u017eadov\u00e1na dlouh\u00e1 \u017eivotnost, spolehlivost a snadn\u00e1 \u00fadr\u017eba.<\/div>\n<h4><strong>Technick\u00e1 data<\/strong><\/h4>\n<div><strong>Teoretick\u00e1 vydatnost:<\/strong> 6-8 m\u00b2\/l v jedn\u00e9 vrstv\u011b (z\u00e1vis\u00ed na typu a savosti podkladu)<\/div>\n<div><strong><span class=\"show-tooltip\" title=\"Lesk povrchu barvy je srovn\u00e1v\u00e1n s mno\u017estv\u00edm sv\u011btla odrazen\u00e9ho \u010dernou le\u0161t\u011bnou sklen\u011bnou deskou s ozna\u010den\u00edm 100, tedy s maxim\u00e1ln\u00edm leskem. Barvy a laky jsou rozd\u011bleny do skupin podle lesku m\u011b\u0159en\u00e9ho v \u00fahlu odrazu 60 stup\u0148\u016f podle n\u00ed\u017ee uveden\u00e9&amp;hellip;\">Stupe\u0148 lesku<\/span>:<\/strong> Matn\u00fd (DIN 67 530)<\/div>\n<div><strong>Specifick\u00e1 <span class=\"show-tooltip\" title=\"Hmotnost&amp;nbsp;je d\u016fle\u017eit\u00e1 fyzik\u00e1ln\u00ed veli\u010dina, aditivn\u00ed vlastnost&amp;nbsp;hmoty&amp;nbsp;(tedy vlastnost jednotliv\u00fdch hmotn\u00fdch&amp;nbsp;t\u011bles), kter\u00e1 vyjad\u0159uje m\u00edru&amp;nbsp;setrva\u010dn\u00fdch&amp;nbsp;\u00fa\u010dink\u016f \u010di m\u00edru&amp;nbsp;gravita\u010dn\u00edch&amp;nbsp;\u00fa\u010dink\u016f hmoty. Ekvivalence setrva\u010dn\u00fdch&amp;hellip;\">hmotnost<\/span>:<\/strong> 1,6 g\/cm\u00b3 (DIN 51 757)<\/div>\n<div><strong><span class=\"show-tooltip\" title=\"Viskozita je m\u011b\u0159\u00edtko odporu kapaliny proti deformaci nebo pohybu.Je z\u00e1kladn\u00edm pojmem v oblasti reologie (v\u011bda o proud\u011bn\u00ed materi\u00e1l\u016f) a d\u016fle\u017eit\u00e1 pro charakterizaci tekutin a plast\u016f.M\u011b\u0159\u00ed, jak rychle nebo pomalu kapalina te\u010de nebo jak se tvaruje v&amp;hellip;\">Viskozita<\/span>:<\/strong> 90 dPas (DIN 53 019)<\/div>\n<div><strong>pH faktor:<\/strong> 8,5 (DIN 53 785)<\/div>\n<div><strong><span class=\"show-tooltip\" title=\"\u010cas&amp;nbsp;(zna\u010dka&amp;nbsp;t) je jednou ze z\u00e1kladn\u00edch&amp;nbsp;fyzik\u00e1ln\u00edch veli\u010din&amp;nbsp;soustavy SI, kter\u00e1 se m\u011b\u0159\u00ed v&amp;nbsp;sekund\u00e1ch&amp;nbsp;(s) pomoc\u00ed&amp;nbsp;hodin. \u010cas ozna\u010duje&amp;nbsp;dobu, kter\u00e1 uplyne mezi dv\u011bma okam\u017eiky. V&amp;nbsp;jin\u00e9m ch\u00e1p\u00e1n\u00ed je \u010das poj\u00edm\u00e1n&amp;hellip;\">Doba<\/span> schnut\u00ed:<\/strong> Such\u00e9 na dotek a proti p\u0159ichyt\u00e1v\u00e1n\u00ed prachu za cca 30 minut, kompletn\u011b such\u00e9 za cca 4 hodiny (p\u0159i 20\u00b0C a 60% relativn\u00ed vlhkosti). Se sni\u017euj\u00edc\u00ed se teplotou se doba schnut\u00ed prodlu\u017euje.<\/div>\n<div><strong>Z\u00e1kladn\u00ed slo\u017een\u00ed:<\/strong> TiO\u2082, akryl\u00e1tov\u00e1 <span class=\"show-tooltip\" title=\"Emulze je typ disperzn\u00edho syst\u00e9mu, ve kter\u00e9m se dv\u011b nem\u00edsiteln\u00e9 kapaliny, obvykle olej a voda, sm\u00edchaj\u00ed tak, aby vytvo\u0159ily stabiln\u00ed a homogenn\u00ed sm\u011bs.Tato stabiln\u00ed sm\u011bs obsahuje jednu kapalinu rozpt\u00fdlenou ve form\u011b drobn\u00fdch kapek v druh\u00e9&amp;hellip;\">emulze<\/span> dispergovan\u00e1 ve vod\u011b, miner\u00e1ln\u00ed plniva<\/div>\n<h4><strong>Aplikace<\/strong><\/h4>\n<div><strong>P\u0159\u00edprava podkladu:<\/strong> Ujist\u011bte se, \u017ee podklad je such\u00fd (<span class=\"show-tooltip\" title=\"Vlhkost je m\u00edra obsahu vodn\u00edch par ve vzduchu nebo v jin\u00e9m prost\u0159ed\u00ed. Je to d\u016fle\u017eit\u00fd prvek, kter\u00fd ovliv\u0148uje \u017eivotn\u00ed prost\u0159ed\u00ed, pohodu a zdrav\u00ed. Vlhkost se obvykle vyjad\u0159uje jako relativn\u00ed vlhkost, co\u017e je pom\u011br aktu\u00e1ln\u00edho obsahu vodn\u00edch par ve vzduchu&amp;hellip;\">vlhkost<\/span> &lt; 7%), vyzr\u00e1l\u00fd (nejm\u00e9n\u011b 1 m\u011bs\u00edc po dokon\u010den\u00ed om\u00edtek, pH &lt; 9), \u010dist\u00fd a zbaven\u00fd ne\u010distot a mastnoty. Odstra\u0148te star\u00e9 nesoudr\u017en\u00e9 n\u00e1t\u011bry.<\/div>\n<div><strong>M\u00edch\u00e1n\u00ed:<\/strong> P\u0159ed pou\u017eit\u00edm barvu dob\u0159e prom\u00edchejte.<\/div>\n<div><strong>Nan\u00e1\u0161en\u00ed:<\/strong> Prvn\u00ed vrstvu na sav\u00e9 podklady na\u0159e\u010fte 10-15% vody, druhou vrstvu 5-10% vody. Na podklady o\u0161et\u0159en\u00e9 penetrac\u00ed Mistral PRIMER ELITE nan\u00e1\u0161ejte prvn\u00ed a druhou vrstvu ne\u0159ed\u011bnou. Pou\u017eijte <span class=\"show-tooltip\" title=\"V\u00e1lec je dal\u0161\u00edm geometrick\u00fdm \u00fatvarem ve t\u0159\u00edrozm\u011brn\u00e9m prostoru. Je to t\u011bleso, kter\u00e9 m\u00e1 dv\u011b kruhov\u00e9 podstavy, kter\u00e9 jsou rovnob\u011b\u017en\u00e9 a stejn\u011b velk\u00e9, a mezi nimi je pl\u00e1\u0161\u0165, kter\u00fd je tvo\u0159en rovinn\u00fdmi plochami (obvykle obd\u00e9ln\u00edky nebo \u010dtverce).&amp;hellip;\">v\u00e1le\u010dek<\/span>, <span class=\"show-tooltip\" title=\"\u0160t\u011btec je n\u00e1stroj pou\u017e\u00edvan\u00fd pro malov\u00e1n\u00ed, nan\u00e1\u0161en\u00ed laku, barvy, lepidel nebo jin\u00fdch podobn\u00fdch l\u00e1tek na povrchy. Skl\u00e1d\u00e1 se z h\u0159betu (t\u011bla) a chlup\u016f (vl\u00e1ken), kter\u00e9 jsou p\u0159ipevn\u011bny k h\u0159betu. Chlupy mohou b\u00fdt vyrobeny z r\u016fzn\u00fdch materi\u00e1l\u016f, jako&amp;hellip;\">\u0161t\u011btec<\/span> nebo <span class=\"show-tooltip\" title=\"Airless st\u0159\u00edk\u00e1n\u00ed je metoda n\u00e1t\u011brov\u00e9 aplikace, kter\u00e1 funguje bez pou\u017eit\u00ed vzduchu pro rozpra\u0161ov\u00e1n\u00ed barvy nebo n\u00e1t\u011brov\u00e9ho materi\u00e1lu. Tato technika se li\u0161\u00ed od tradi\u010dn\u00edho st\u0159\u00edk\u00e1n\u00ed, kde je barva sm\u00edch\u00e1na s komprimovan\u00fdm vzduchem a rozst\u0159ikov\u00e1na na povrch.&amp;hellip;\">airless<\/span> techniku.<\/div>\n<div><strong>\u010ci\u0161t\u011bn\u00ed <span class=\"show-tooltip\" title=\"N\u00e1stroj&amp;nbsp;je pracovn\u00ed prost\u0159edek, pom\u016fcka k zpracov\u00e1n\u00ed n\u011b\u010deho (pracovn\u00ed n\u00e1stroj, \u0159emeslnick\u00fd n\u00e1stroj, chirurgick\u00fd n\u00e1stroj aj.), p\u0159\u00edp. v\u00fdrobn\u00ed pom\u016fcka slou\u017e\u00edc\u00ed p\u0159i ru\u010dn\u00edm nebo strojn\u00edm obr\u00e1b\u011bn\u00ed ke zm\u011bn\u011b velikosti nebo tvaru opracov\u00e1van\u00e9ho&amp;hellip;\">n\u00e1stroj\u016f<\/span>:<\/strong> Ihned po ukon\u010den\u00ed aplikace n\u00e1stroje omyjte vodou.<\/div>\n<div><strong>Podm\u00ednky aplikace:<\/strong> Fas\u00e1dn\u00ed n\u00e1t\u011br aplikujte na m\u00edstech chr\u00e1n\u011bn\u00fdch p\u0159ed p\u0159\u00edm\u00fdm <span class=\"show-tooltip\" title=\"Slunce je centr\u00e1ln\u00ed hv\u011bzda slune\u010dn\u00ed soustavy, kter\u00e1 poskytuje energii prost\u0159ednictv\u00edm jadern\u00fdch reakc\u00ed termojadern\u00e9 f\u00faze. Jeho vlastnosti, velikost, st\u00e1\u0159\u00ed a v\u00fdznam jsou kl\u00ed\u010dov\u00e9 pro ch\u00e1p\u00e1n\u00ed \u017eivota na Zemi a v na\u0161\u00ed slune\u010dn\u00ed soustav\u011b.&amp;nbsp;Slunce je&amp;hellip;\">slune\u010dn\u00edm<\/span> z\u00e1\u0159en\u00edm, siln\u00fdm v\u011btrem a de\u0161t\u011bm. <span class=\"show-tooltip\" title=\"Teplota&amp;nbsp;je charakteristika tepeln\u00e9ho&amp;nbsp;stavu&amp;nbsp;hmoty. Je to jedna z nejd\u016fle\u017eit\u011bj\u0161\u00edch fyzik\u00e1ln\u00edch veli\u010din. Teplota ovliv\u0148uje aktivitu (energii) ve\u0161ker\u00fdch \u010d\u00e1stic ve vesm\u00edru a zp\u016fsobuje zm\u011bnu rozm\u011br\u016f, tvaru&amp;hellip;\">Teplota<\/span> podkladu a okol\u00ed p\u0159i aplikaci by m\u011bla b\u00fdt od +5\u00b0C do +30\u00b0C.<\/div>\n<div>&nbsp;<\/div>\n<div><strong>Odst\u00edn:<\/strong> b\u00edl\u00e1<\/div>\n<div><strong>Velikosti balen\u00ed:<\/strong> 7 kg, 15 kg<\/div>\n<div>&nbsp;<\/div>\n<\/p><\/div>\n","protected":false},"excerpt":{"rendered":"<p>Detailn\u00ed popis produktu MISTRAL\u00ae FASADE PRAKTIK Akryl\u00e1tov\u00e1 fas\u00e1dn\u00ed barva, b\u00edl\u00e1 &nbsp; Ide\u00e1ln\u00ed \u0159e\u0161en\u00ed pro trvanliv\u00e9 a esteticky p\u0159\u00edjemn\u00e9 fas\u00e1dn\u00ed n\u00e1t\u011bry, poskytuj\u00edc\u00ed vysokou kryvost, prody\u0161nost a ochranu proti vlhkosti. &nbsp; Vysoce kvalitn\u00ed jemnozrnn\u00e1 akryl\u00e1tov\u00e1 fas\u00e1dn\u00ed barva, kter\u00e1 nab\u00edz\u00ed: &nbsp; Vysok\u00e1 kryvost: Zaji\u0161\u0165uje pln\u011b omyvateln\u00fd a ot\u011bruvzdorn\u00fd povrch. Prody\u0161nost pro vodn\u00ed p\u00e1ry: Umo\u017e\u0148uje podkladu d\u00fdchat, co\u017e je [&hellip;]<\/p>\n","protected":false},"featured_media":15420,"comment_status":"open","ping_status":"open","template":"","meta":[],"product_brand":[],"product_cat":[62],"product_tag":[],"class_list":{"0":"post-15320","1":"product","2":"type-product","3":"status-publish","4":"has-post-thumbnail","6":"product_cat-barvy-amp-laky","8":"first","9":"instock","10":"sale","11":"shipping-taxable","12":"purchasable","13":"product-type-simple"},"yoast_head":"<!-- This site is optimized with the Yoast SEO plugin v26.8 - https:\/\/yoast.com\/product\/yoast-seo-wordpress\/ -->\n<title>MISTRAL\u00ae FASADE PRAKTIK Akryl\u00e1tov\u00e1 fas\u00e1dn\u00ed barva, b\u00edl\u00e1 Zna\u010dkov\u00fd -<\/title>\n<meta name=\"robots\" content=\"index, follow, max-snippet:-1, max-image-preview:large, max-video-preview:-1\" \/>\n<link rel=\"canonical\" href=\"https:\/\/www.domkraftpro.com\/index.php\/produkt\/mistral-r-fasade-praktik-akrylatova-fasadni-barva-bila-znackovy-15320\/\" \/>\n<meta property=\"og:locale\" content=\"cs_CZ\" \/>\n<meta property=\"og:type\" content=\"article\" \/>\n<meta property=\"og:title\" content=\"MISTRAL\u00ae FASADE PRAKTIK Akryl\u00e1tov\u00e1 fas\u00e1dn\u00ed barva, b\u00edl\u00e1 Zna\u010dkov\u00fd -\" \/>\n<meta property=\"og:description\" content=\"Detailn\u00ed popis produktu MISTRAL\u00ae FASADE PRAKTIK Akryl\u00e1tov\u00e1 fas\u00e1dn\u00ed barva, b\u00edl\u00e1 &nbsp; Ide\u00e1ln\u00ed \u0159e\u0161en\u00ed pro trvanliv\u00e9 a esteticky p\u0159\u00edjemn\u00e9 fas\u00e1dn\u00ed n\u00e1t\u011bry, poskytuj\u00edc\u00ed vysokou kryvost, prody\u0161nost a ochranu proti vlhkosti. &nbsp; Vysoce kvalitn\u00ed jemnozrnn\u00e1 akryl\u00e1tov\u00e1 fas\u00e1dn\u00ed barva, kter\u00e1 nab\u00edz\u00ed: &nbsp; Vysok\u00e1 kryvost: Zaji\u0161\u0165uje pln\u011b omyvateln\u00fd a ot\u011bruvzdorn\u00fd povrch. Prody\u0161nost pro vodn\u00ed p\u00e1ry: Umo\u017e\u0148uje podkladu d\u00fdchat, co\u017e je [&hellip;]\" \/>\n<meta property=\"og:url\" content=\"https:\/\/www.domkraftpro.com\/index.php\/produkt\/mistral-r-fasade-praktik-akrylatova-fasadni-barva-bila-znackovy-15320\/\" \/>\n<meta property=\"og:image\" content=\"https:\/\/www.domkraftpro.com\/wp-content\/uploads\/2026\/SK0007125-CZ20260425-092522-0-1777080324-116334_mistral-fasade-praktik-7.webp\" \/>\n\t<meta property=\"og:image:width\" content=\"1000\" \/>\n\t<meta property=\"og:image:height\" content=\"750\" \/>\n\t<meta property=\"og:image:type\" content=\"image\/webp\" \/>\n<meta name=\"twitter:card\" content=\"summary_large_image\" \/>\n<meta name=\"twitter:label1\" content=\"Odhadovan\u00e1 doba \u010dten\u00ed\" \/>\n\t<meta name=\"twitter:data1\" content=\"2 minuty\" \/>\n<script type=\"application\/ld+json\" class=\"yoast-schema-graph\">{\"@context\":\"https:\/\/schema.org\",\"@graph\":[{\"@type\":\"WebPage\",\"@id\":\"https:\/\/www.domkraftpro.com\/index.php\/produkt\/mistral-r-fasade-praktik-akrylatova-fasadni-barva-bila-znackovy-15320\/\",\"url\":\"https:\/\/www.domkraftpro.com\/index.php\/produkt\/mistral-r-fasade-praktik-akrylatova-fasadni-barva-bila-znackovy-15320\/\",\"name\":\"MISTRAL\u00ae FASADE PRAKTIK Akryl\u00e1tov\u00e1 fas\u00e1dn\u00ed barva, b\u00edl\u00e1 Zna\u010dkov\u00fd -\",\"isPartOf\":{\"@id\":\"https:\/\/www.domkraftpro.com\/#website\"},\"primaryImageOfPage\":{\"@id\":\"https:\/\/www.domkraftpro.com\/index.php\/produkt\/mistral-r-fasade-praktik-akrylatova-fasadni-barva-bila-znackovy-15320\/#primaryimage\"},\"image\":{\"@id\":\"https:\/\/www.domkraftpro.com\/index.php\/produkt\/mistral-r-fasade-praktik-akrylatova-fasadni-barva-bila-znackovy-15320\/#primaryimage\"},\"thumbnailUrl\":\"https:\/\/www.domkraftpro.com\/wp-content\/uploads\/2026\/SK0007125-CZ20260425-092522-0-1777080324-116334_mistral-fasade-praktik-7.webp\",\"datePublished\":\"2026-04-27T04:41:00+00:00\",\"breadcrumb\":{\"@id\":\"https:\/\/www.domkraftpro.com\/index.php\/produkt\/mistral-r-fasade-praktik-akrylatova-fasadni-barva-bila-znackovy-15320\/#breadcrumb\"},\"inLanguage\":\"cs\",\"potentialAction\":[{\"@type\":\"ReadAction\",\"target\":[\"https:\/\/www.domkraftpro.com\/index.php\/produkt\/mistral-r-fasade-praktik-akrylatova-fasadni-barva-bila-znackovy-15320\/\"]}]},{\"@type\":\"ImageObject\",\"inLanguage\":\"cs\",\"@id\":\"https:\/\/www.domkraftpro.com\/index.php\/produkt\/mistral-r-fasade-praktik-akrylatova-fasadni-barva-bila-znackovy-15320\/#primaryimage\",\"url\":\"https:\/\/www.domkraftpro.com\/wp-content\/uploads\/2026\/SK0007125-CZ20260425-092522-0-1777080324-116334_mistral-fasade-praktik-7.webp\",\"contentUrl\":\"https:\/\/www.domkraftpro.com\/wp-content\/uploads\/2026\/SK0007125-CZ20260425-092522-0-1777080324-116334_mistral-fasade-praktik-7.webp\",\"width\":1000,\"height\":750},{\"@type\":\"BreadcrumbList\",\"@id\":\"https:\/\/www.domkraftpro.com\/index.php\/produkt\/mistral-r-fasade-praktik-akrylatova-fasadni-barva-bila-znackovy-15320\/#breadcrumb\",\"itemListElement\":[{\"@type\":\"ListItem\",\"position\":1,\"name\":\"Home\",\"item\":\"https:\/\/www.domkraftpro.com\/\"},{\"@type\":\"ListItem\",\"position\":2,\"name\":\"Products\",\"item\":\"https:\/\/www.domkraftpro.com\/index.php\/products\/\"},{\"@type\":\"ListItem\",\"position\":3,\"name\":\"MISTRAL\u00ae FASADE PRAKTIK Akryl\u00e1tov\u00e1 fas\u00e1dn\u00ed barva, b\u00edl\u00e1 Zna\u010dkov\u00fd\"}]},{\"@type\":\"WebSite\",\"@id\":\"https:\/\/www.domkraftpro.com\/#website\",\"url\":\"https:\/\/www.domkraftpro.com\/\",\"name\":\"\",\"description\":\"\",\"potentialAction\":[{\"@type\":\"SearchAction\",\"target\":{\"@type\":\"EntryPoint\",\"urlTemplate\":\"https:\/\/www.domkraftpro.com\/?s={search_term_string}\"},\"query-input\":{\"@type\":\"PropertyValueSpecification\",\"valueRequired\":true,\"valueName\":\"search_term_string\"}}],\"inLanguage\":\"cs\"}]}<\/script>\n<!-- \/ Yoast SEO plugin. -->","yoast_head_json":{"title":"MISTRAL\u00ae FASADE PRAKTIK Akryl\u00e1tov\u00e1 fas\u00e1dn\u00ed barva, b\u00edl\u00e1 Zna\u010dkov\u00fd -","robots":{"index":"index","follow":"follow","max-snippet":"max-snippet:-1","max-image-preview":"max-image-preview:large","max-video-preview":"max-video-preview:-1"},"canonical":"https:\/\/www.domkraftpro.com\/index.php\/produkt\/mistral-r-fasade-praktik-akrylatova-fasadni-barva-bila-znackovy-15320\/","og_locale":"cs_CZ","og_type":"article","og_title":"MISTRAL\u00ae FASADE PRAKTIK Akryl\u00e1tov\u00e1 fas\u00e1dn\u00ed barva, b\u00edl\u00e1 Zna\u010dkov\u00fd -","og_description":"Detailn\u00ed popis produktu MISTRAL\u00ae FASADE PRAKTIK Akryl\u00e1tov\u00e1 fas\u00e1dn\u00ed barva, b\u00edl\u00e1 &nbsp; Ide\u00e1ln\u00ed \u0159e\u0161en\u00ed pro trvanliv\u00e9 a esteticky p\u0159\u00edjemn\u00e9 fas\u00e1dn\u00ed n\u00e1t\u011bry, poskytuj\u00edc\u00ed vysokou kryvost, prody\u0161nost a ochranu proti vlhkosti. &nbsp; Vysoce kvalitn\u00ed jemnozrnn\u00e1 akryl\u00e1tov\u00e1 fas\u00e1dn\u00ed barva, kter\u00e1 nab\u00edz\u00ed: &nbsp; Vysok\u00e1 kryvost: Zaji\u0161\u0165uje pln\u011b omyvateln\u00fd a ot\u011bruvzdorn\u00fd povrch. Prody\u0161nost pro vodn\u00ed p\u00e1ry: Umo\u017e\u0148uje podkladu d\u00fdchat, co\u017e je [&hellip;]","og_url":"https:\/\/www.domkraftpro.com\/index.php\/produkt\/mistral-r-fasade-praktik-akrylatova-fasadni-barva-bila-znackovy-15320\/","og_image":[{"width":1000,"height":750,"url":"https:\/\/www.domkraftpro.com\/wp-content\/uploads\/2026\/SK0007125-CZ20260425-092522-0-1777080324-116334_mistral-fasade-praktik-7.webp","type":"image\/webp"}],"twitter_card":"summary_large_image","twitter_misc":{"Odhadovan\u00e1 doba \u010dten\u00ed":"2 minuty"},"schema":{"@context":"https:\/\/schema.org","@graph":[{"@type":"WebPage","@id":"https:\/\/www.domkraftpro.com\/index.php\/produkt\/mistral-r-fasade-praktik-akrylatova-fasadni-barva-bila-znackovy-15320\/","url":"https:\/\/www.domkraftpro.com\/index.php\/produkt\/mistral-r-fasade-praktik-akrylatova-fasadni-barva-bila-znackovy-15320\/","name":"MISTRAL\u00ae FASADE PRAKTIK Akryl\u00e1tov\u00e1 fas\u00e1dn\u00ed barva, b\u00edl\u00e1 Zna\u010dkov\u00fd -","isPartOf":{"@id":"https:\/\/www.domkraftpro.com\/#website"},"primaryImageOfPage":{"@id":"https:\/\/www.domkraftpro.com\/index.php\/produkt\/mistral-r-fasade-praktik-akrylatova-fasadni-barva-bila-znackovy-15320\/#primaryimage"},"image":{"@id":"https:\/\/www.domkraftpro.com\/index.php\/produkt\/mistral-r-fasade-praktik-akrylatova-fasadni-barva-bila-znackovy-15320\/#primaryimage"},"thumbnailUrl":"https:\/\/www.domkraftpro.com\/wp-content\/uploads\/2026\/SK0007125-CZ20260425-092522-0-1777080324-116334_mistral-fasade-praktik-7.webp","datePublished":"2026-04-27T04:41:00+00:00","breadcrumb":{"@id":"https:\/\/www.domkraftpro.com\/index.php\/produkt\/mistral-r-fasade-praktik-akrylatova-fasadni-barva-bila-znackovy-15320\/#breadcrumb"},"inLanguage":"cs","potentialAction":[{"@type":"ReadAction","target":["https:\/\/www.domkraftpro.com\/index.php\/produkt\/mistral-r-fasade-praktik-akrylatova-fasadni-barva-bila-znackovy-15320\/"]}]},{"@type":"ImageObject","inLanguage":"cs","@id":"https:\/\/www.domkraftpro.com\/index.php\/produkt\/mistral-r-fasade-praktik-akrylatova-fasadni-barva-bila-znackovy-15320\/#primaryimage","url":"https:\/\/www.domkraftpro.com\/wp-content\/uploads\/2026\/SK0007125-CZ20260425-092522-0-1777080324-116334_mistral-fasade-praktik-7.webp","contentUrl":"https:\/\/www.domkraftpro.com\/wp-content\/uploads\/2026\/SK0007125-CZ20260425-092522-0-1777080324-116334_mistral-fasade-praktik-7.webp","width":1000,"height":750},{"@type":"BreadcrumbList","@id":"https:\/\/www.domkraftpro.com\/index.php\/produkt\/mistral-r-fasade-praktik-akrylatova-fasadni-barva-bila-znackovy-15320\/#breadcrumb","itemListElement":[{"@type":"ListItem","position":1,"name":"Home","item":"https:\/\/www.domkraftpro.com\/"},{"@type":"ListItem","position":2,"name":"Products","item":"https:\/\/www.domkraftpro.com\/index.php\/products\/"},{"@type":"ListItem","position":3,"name":"MISTRAL\u00ae FASADE PRAKTIK Akryl\u00e1tov\u00e1 fas\u00e1dn\u00ed barva, b\u00edl\u00e1 Zna\u010dkov\u00fd"}]},{"@type":"WebSite","@id":"https:\/\/www.domkraftpro.com\/#website","url":"https:\/\/www.domkraftpro.com\/","name":"","description":"","potentialAction":[{"@type":"SearchAction","target":{"@type":"EntryPoint","urlTemplate":"https:\/\/www.domkraftpro.com\/?s={search_term_string}"},"query-input":{"@type":"PropertyValueSpecification","valueRequired":true,"valueName":"search_term_string"}}],"inLanguage":"cs"}]}},"_links":{"self":[{"href":"https:\/\/www.domkraftpro.com\/index.php\/wp-json\/wp\/v2\/product\/15320","targetHints":{"allow":["GET"]}}],"collection":[{"href":"https:\/\/www.domkraftpro.com\/index.php\/wp-json\/wp\/v2\/product"}],"about":[{"href":"https:\/\/www.domkraftpro.com\/index.php\/wp-json\/wp\/v2\/types\/product"}],"replies":[{"embeddable":true,"href":"https:\/\/www.domkraftpro.com\/index.php\/wp-json\/wp\/v2\/comments?post=15320"}],"wp:featuredmedia":[{"embeddable":true,"href":"https:\/\/www.domkraftpro.com\/index.php\/wp-json\/wp\/v2\/media\/15420"}],"wp:attachment":[{"href":"https:\/\/www.domkraftpro.com\/index.php\/wp-json\/wp\/v2\/media?parent=15320"}],"wp:term":[{"taxonomy":"product_brand","embeddable":true,"href":"https:\/\/www.domkraftpro.com\/index.php\/wp-json\/wp\/v2\/product_brand?post=15320"},{"taxonomy":"product_cat","embeddable":true,"href":"https:\/\/www.domkraftpro.com\/index.php\/wp-json\/wp\/v2\/product_cat?post=15320"},{"taxonomy":"product_tag","embeddable":true,"href":"https:\/\/www.domkraftpro.com\/index.php\/wp-json\/wp\/v2\/product_tag?post=15320"}],"curies":[{"name":"wp","href":"https:\/\/api.w.org\/{rel}","templated":true}]}}