{"id":15319,"date":"2026-04-27T04:41:00","date_gmt":"2026-04-27T04:41:00","guid":{"rendered":""},"modified":"2026-04-27T04:41:00","modified_gmt":"2026-04-27T04:41:00","slug":"mistral-r-primer-elite-hloubkova-penetrace-cenove-vyhodny-15319","status":"publish","type":"product","link":"https:\/\/www.domkraftpro.com\/index.php\/produkt\/mistral-r-primer-elite-hloubkova-penetrace-cenove-vyhodny-15319\/","title":{"rendered":"MISTRAL\u00ae PRIMER ELITE Hloubkov\u00e1 penetrace Cenov\u011b V\u00fdhodn\u00fd"},"content":{"rendered":"<div class=\"basic-description\">\n<h3>Detailn\u00ed popis produktu<\/h3>\n<table height=\"5\" style=\"width: 850px;\">\n<tbody>\n<tr>\n<td style=\"width: 709.875px;\">\n<h1><strong>MISTRAL\u00ae PRIMER ELITE<\/strong><\/h1>\n<h1><strong>Hloubkov\u00e1 penetrace<\/strong><\/h1>\n<\/td>\n<td style=\"width: 138.125px;\"><\/td>\n<\/tr>\n<\/tbody>\n<\/table>\n<div>&nbsp;<\/div>\n<div><span style=\"font-size: 12pt;\"><strong><span>MISTRAL\u00ae PRIMER ELITE je perfektn\u00ed volbou pro zaji\u0161t\u011bn\u00ed kvalitn\u00ed p\u0159ilnavosti a dlouhodob\u00e9 <span class=\"show-tooltip\" title=\"Trvanlivost je schopnost materi\u00e1lu, v\u00fdrobku nebo syst\u00e9mu zachovat sv\u00e9 fyzik\u00e1ln\u00ed, chemick\u00e9 nebo mechanick\u00e9 vlastnosti a plnit svou funkci po ur\u010ditou dobu nebo za ur\u010dit\u00fdch podm\u00ednek. Tento term\u00edn se \u010dasto pou\u017e\u00edv\u00e1 v r\u016fzn\u00fdch odv\u011btv\u00edch a kontextech k&amp;hellip;\">trvanlivosti<\/span> va\u0161ich n\u00e1t\u011br\u016f. Jeho hloubkov\u00fd pr\u016fnik a schopnost sjednotit <span class=\"show-tooltip\" title=\"Nas\u00e1kavost je m\u011b\u0159en\u00e1 schopnost\u00ed materi\u00e1lu absorbovat \u010di vst\u0159ebat a uchovat ur\u010dit\u00e9 mno\u017estv\u00ed tekutiny.M\u011b\u0159en\u00ed a kontrola nas\u00e1kavosti jsou d\u016fle\u017eit\u00e9 pro zaji\u0161t\u011bn\u00ed spr\u00e1vn\u00e9ho chov\u00e1n\u00ed materi\u00e1lu v dan\u00e9m prost\u0159ed\u00ed a aplikaci.&amp;nbsp;Zde jsou n\u011bkter\u00e9&amp;hellip;\">nas\u00e1kavost<\/span> povrchu zaji\u0161\u0165uj\u00ed optim\u00e1ln\u00ed p\u0159\u00edpravu podkladu pro n\u00e1sledn\u00e9 n\u00e1t\u011bry, co\u017e vede k vynikaj\u00edc\u00edmu v\u00fdsledku a dlouhodob\u00e9 ochran\u011b povrchu.<\/span><\/strong><\/span>&nbsp;<\/div>\n<div>&nbsp;<\/div>\n<div><strong>Vysok\u00e1 <span class=\"show-tooltip\" title=\"Stupe\u0148 p\u0159ipevn\u011bn\u00ed n\u00e1t\u011bru k povrchu. Kvalita nebo stupe\u0148 p\u0159ipevn\u011bn\u00ed mezi povlakem barvy a povrchem nebo barvou pod n\u00edm. Schopnost such\u00e9 barvy z\u016fstat na povrchu bez puch\u00fd\u0159\u016f, odlupov\u00e1n\u00ed nebo prask\u00e1n\u00ed. P\u0159ilnavost je pravd\u011bpodobn\u011b nejd\u016fle\u017eit\u011bj\u0161\u00ed&amp;hellip;\">p\u0159ilnavost<\/span>:<\/strong> Zaji\u0161\u0165uje vynikaj\u00edc\u00ed p\u0159\u00eddr\u017enost dal\u0161\u00edch n\u00e1t\u011br\u016f.<\/div>\n<div><strong>Hloubkov\u00fd pr\u016fnik:<\/strong> D\u00edky sv\u00e9mu speci\u00e1ln\u00edmu slo\u017een\u00ed pronik\u00e1 hluboko do podkladu a zpev\u0148uje jej.<\/div>\n<div><strong>Sjednocen\u00ed nas\u00e1kavosti:<\/strong> Vyrovn\u00e1v\u00e1 nas\u00e1kavost povrchu, co\u017e optimalizuje spot\u0159ebu a kvalitu n\u00e1sledn\u00fdch n\u00e1t\u011br\u016f.<\/div>\n<div><strong>Prody\u0161nost:<\/strong> Umo\u017e\u0148uje podkladu d\u00fdchat, co\u017e je kl\u00ed\u010dov\u00e9 pro dlouhodobou \u017eivotnost n\u00e1t\u011bru.<\/div>\n<h4><strong>Pou\u017eit\u00ed<\/strong><\/h4>\n<div>MISTRAL\u00ae PRIMER ELITE je vhodn\u00fd pro \u0161irok\u00e9 spektrum podklad\u016f, v\u010detn\u011b:<\/div>\n<div>\u058d Venkovn\u00ed a vnit\u0159n\u00ed <span class=\"show-tooltip\" title=\"Om\u00edtka je vrstva materi\u00e1lu, kter\u00e1 se nan\u00e1\u0161\u00ed na povrch st\u011bn nebo strop\u016f budov a slou\u017e\u00ed k vytvo\u0159en\u00ed hladk\u00e9, rovnom\u011brn\u00e9 a dekorativn\u00ed povrchov\u00e9 \u00fapravy. Om\u00edtka m\u016f\u017ee plnit r\u016fzn\u00e9 funkce, v\u010detn\u011b estetick\u00fdch, ochrann\u00fdch a tepeln\u011b izola\u010dn\u00edch.&amp;nbsp;Zakr\u00fdv\u00e1&amp;hellip;\">om\u00edtky<\/span><\/div>\n<div>\u058d <span class=\"show-tooltip\" title=\"Zdivo je stavebn\u00ed materi\u00e1l tvo\u0159en\u00fd uspo\u0159\u00e1dan\u00fdmi vrstvami cihel, blok\u016f nebo kamen\u016f, kter\u00e9 jsou spojeny maltou.&amp;nbsp;Tento materi\u00e1l se b\u011b\u017en\u011b pou\u017e\u00edv\u00e1 pro konstrukci st\u011bn budov a m\u016f\u017ee m\u00edt r\u016fzn\u00e9 formy, v\u010detn\u011b zd\u00ed z cihel, betonov\u00fdch blok\u016f nebo&amp;hellip;\">Zdivo<\/span><\/div>\n<div>\u058d B\u0159\u00edzolit<\/div>\n<div>\u058d <span class=\"show-tooltip\" title=\"S\u00e1dra - Hemihydr\u00e1t&amp;nbsp;s\u00edranu v\u00e1penat\u00e9ho&amp;nbsp;CaSO4&amp;nbsp;\u00b7 \u00bd H2O&amp;nbsp;je za b\u011b\u017en\u00fdch podm\u00ednek pevn\u00e1 mikrokrystalick\u00e1 l\u00e1tka b\u00edl\u00e9 barvy, um\u011ble vyr\u00e1b\u011bn\u00fd materi\u00e1l \u0161irok\u00e9ho pou\u017eit\u00ed&amp;nbsp;ve stavebnictv\u00ed, p\u0159i drobn\u00fdch oprav\u00e1ch v&amp;nbsp;dom\u00e1cnosti, na&amp;hellip;\">S\u00e1drov\u00e9<\/span> st\u011brky<\/div>\n<div>\u058d Je ide\u00e1ln\u00ed jako hloubkov\u00fd penetra\u010dn\u00ed nebo z\u00e1kladn\u00ed n\u00e1t\u011br p\u0159ed aplikac\u00ed r\u016fzn\u00fdch typ\u016f barev a tmel\u016f, v\u010detn\u011b <span class=\"show-tooltip\" title=\"Akryl\u00e1ty jsou polymern\u00ed materi\u00e1ly, kter\u00e9 pat\u0159\u00ed do skupiny plast\u016f. Jsou odvozeny z akrylov\u00e9 kyseliny nebo jej\u00edch deriv\u00e1t\u016f. Tyto polymery jsou zn\u00e1m\u00e9 pro svou pru\u017enost, odolnost a schopnost odol\u00e1vat po\u0161kozen\u00ed vlivem UV z\u00e1\u0159en\u00ed a po\u010das\u00ed. Akryl\u00e1ty se \u010dasto&amp;hellip;\">akryl\u00e1tov\u00fdch<\/span>, <span class=\"show-tooltip\" title=\"Silikon je polymern\u00ed materi\u00e1l, kter\u00fd je zn\u00e1m\u00fd svou \u0161irokou \u0161k\u00e1lou vlastnost\u00ed a pou\u017eit\u00ed. Jedn\u00e1 se o syntetick\u00fd materi\u00e1l, kter\u00fd obsahuje opakuj\u00edc\u00ed se jednotky k\u0159em\u00edku a kysl\u00edku spojen\u00e9 organick\u00fdmi skupinami. Silikon m\u00e1 mnoho v\u00fdhod,&amp;hellip;\">silikonov\u00fdch<\/span>, siloxanov\u00fdch a <span class=\"show-tooltip\" title=\"Latex p\u0159edstavuje b\u011blou\u010dkou tekutinu, kter\u00e1 se tvo\u0159\u00ed v ml\u00e9\u010dnic\u00edch n\u011bkter\u00fdch rostlin, v\u010detn\u011b kau\u010dukovn\u00edk\u016f.&amp;nbsp;\u058d Latex je produkov\u00e1n v\u00edce ne\u017e 20 000 rostlinn\u00fdmi druhy z v\u00edce ne\u017e 40 \u010deled\u00ed, v\u010detn\u011b jehli\u010dnan\u016f a kapradin. \u058d Na vzduchu doch\u00e1z\u00ed k&amp;hellip;\">latexov\u00fdch<\/span> n\u00e1t\u011br\u016f, a akryl\u00e1tov\u00fdch lepidel na miner\u00e1ln\u00ed podklady.<\/div>\n<h4><strong>Technick\u00e1 data<\/strong><\/h4>\n<div><strong>Teoretick\u00e1 vydatnost:<\/strong> cca 10 m\u00b2\/l (v z\u00e1vislosti na typu a savosti podkladu)<\/div>\n<div><strong>Specifick\u00e1 <span class=\"show-tooltip\" title=\"Hmotnost&amp;nbsp;je d\u016fle\u017eit\u00e1 fyzik\u00e1ln\u00ed veli\u010dina, aditivn\u00ed vlastnost&amp;nbsp;hmoty&amp;nbsp;(tedy vlastnost jednotliv\u00fdch hmotn\u00fdch&amp;nbsp;t\u011bles), kter\u00e1 vyjad\u0159uje m\u00edru&amp;nbsp;setrva\u010dn\u00fdch&amp;nbsp;\u00fa\u010dink\u016f \u010di m\u00edru&amp;nbsp;gravita\u010dn\u00edch&amp;nbsp;\u00fa\u010dink\u016f hmoty. Ekvivalence setrva\u010dn\u00fdch&amp;hellip;\">hmotnost<\/span>:<\/strong> 1,025 kg\/dm\u00b3<\/div>\n<div><strong>pH faktor:<\/strong> 8 \u00b1 0.5%<\/div>\n<div><strong><span class=\"show-tooltip\" title=\"&amp;nbsp;Obsah je fyzik\u00e1ln\u00ed veli\u010dina, kter\u00e1 vyjad\u0159uje plochu n\u011bjak\u00e9ho geometrick\u00e9ho tvaru. Obsah se zpravidla m\u011b\u0159\u00ed v \u010dtvere\u010dn\u00fdch jednotk\u00e1ch, nap\u0159\u00edklad \u010dtvere\u010dn\u00fdch metrech (m\u00b2) nebo \u010dtvere\u010dn\u00fdch centimetrech (cm\u00b2).Zde jsou vzorce pro v\u00fdpo\u010det&amp;hellip;\">Obsah<\/span> pevn\u00fdch l\u00e1tek v objemu:<\/strong> ~ 1 %<\/div>\n<div><strong><span class=\"show-tooltip\" title=\"\u010cas&amp;nbsp;(zna\u010dka&amp;nbsp;t) je jednou ze z\u00e1kladn\u00edch&amp;nbsp;fyzik\u00e1ln\u00edch veli\u010din&amp;nbsp;soustavy SI, kter\u00e1 se m\u011b\u0159\u00ed v&amp;nbsp;sekund\u00e1ch&amp;nbsp;(s) pomoc\u00ed&amp;nbsp;hodin. \u010cas ozna\u010duje&amp;nbsp;dobu, kter\u00e1 uplyne mezi dv\u011bma okam\u017eiky. V&amp;nbsp;jin\u00e9m ch\u00e1p\u00e1n\u00ed je \u010das poj\u00edm\u00e1n&amp;hellip;\">Doba<\/span> schnut\u00ed:<\/strong> Such\u00e9 na dotek a proti prachu za 30 minut (p\u0159i 20\u00b0C a 60% relativn\u00ed <span class=\"show-tooltip\" title=\"Vlhkost je m\u011brn\u00e1 fyzik\u00e1ln\u00ed veli\u010dina vyjad\u0159uj\u00edc\u00ed mno\u017estv\u00ed \u010d\u00e1stic vody p\u0159\u00edtomn\u00e9 v atmosf\u00e9\u0159e nebo v materi\u00e1lu. M\u016f\u017ee se jednat o d\u016fle\u017eit\u00fd faktor v mnoha r\u016fzn\u00fdch kontextech a ovliv\u0148ovat r\u016fzn\u00e9 aspekty prost\u0159ed\u00ed, kvality materi\u00e1l\u016f, a dokonce i lidsk\u00e9ho&amp;hellip;\">vlhkosti<\/span>). Se sni\u017euj\u00edc\u00ed se teplotou se doba schnut\u00ed prodlu\u017euje.<\/div>\n<div><strong>Z\u00e1kladn\u00ed slo\u017een\u00ed:<\/strong> Akryl\u00e1tov\u00e1 <span class=\"show-tooltip\" title=\"Emulze je typ disperzn\u00edho syst\u00e9mu, ve kter\u00e9m se dv\u011b nem\u00edsiteln\u00e9 kapaliny, obvykle olej a voda, sm\u00edchaj\u00ed tak, aby vytvo\u0159ily stabiln\u00ed a homogenn\u00ed sm\u011bs.Tato stabiln\u00ed sm\u011bs obsahuje jednu kapalinu rozpt\u00fdlenou ve form\u011b drobn\u00fdch kapek v druh\u00e9&amp;hellip;\">emulze<\/span> dispergovan\u00e1 ve vod\u011b<\/div>\n<h4><strong>Aplikace<\/strong><\/h4>\n<div><strong>P\u0159\u00edprava podkladu:<\/strong> Zajist\u011bte, aby byl podklad such\u00fd, vyzr\u00e1l\u00fd (minim\u00e1ln\u011b 1 m\u011bs\u00edc po dokon\u010den\u00ed om\u00edtek, tj. alkalicita podkladu pH&lt;9), \u010dist\u00fd a zbaven\u00fd ne\u010distot, mastnoty a star\u00fdch nesoudr\u017en\u00fdch n\u00e1t\u011br\u016f. Star\u00e9 om\u00edtky se silnou vrstvou hlinky nebo <span class=\"show-tooltip\" title=\"V\u00e1pn\u00edk&amp;nbsp;(lat. calcium) je chemick\u00fd prvek s&amp;nbsp;atomov\u00fdm \u010d\u00edslem 20 a&amp;nbsp;symbolem Ca. Je to \u0161edob\u00edl\u00fd kov, nejv\u00fdznamn\u011bj\u0161\u00ed ze skupiny kov\u016f alkalick\u00fdch zemin, kter\u00fd se v&amp;nbsp;p\u0159\u00edrod\u011b b\u011b\u017en\u011b vyskytuje ve form\u011b r\u016fzn\u00fdch slou\u010denin, p\u0159ev\u00e1\u017en\u011b ve v\u00e1penci&amp;hellip;\">v\u00e1penn\u00fdch<\/span> n\u00e1t\u011br\u016f je nutn\u00e9 p\u0159ed aplikac\u00ed o\u0161kr\u00e1bat.<\/div>\n<div><strong>M\u00edch\u00e1n\u00ed:<\/strong> P\u0159ed pou\u017eit\u00edm dob\u0159e prom\u00edchejte.<\/div>\n<div><strong>Nan\u00e1\u0161en\u00ed:<\/strong> Aplikujte n\u00e1t\u011br \u0161t\u011btkou pro lep\u0161\u00ed \u00fa\u010dinek nebo v\u00e1le\u010dkem se st\u0159edn\u011b dlouh\u00fdm vlasem. Nenan\u00e1\u0161ejte na star\u00e9 <span class=\"show-tooltip\" title=\"Oleje jsou obvykle visk\u00f3zn\u00ed tekutiny, kter\u00e9 jsou tvo\u0159eny hlavn\u011b tuky, a jsou vyu\u017e\u00edv\u00e1ny v r\u016fzn\u00fdch oblastech lidsk\u00e9 \u010dinnosti.&amp;nbsp;N\u011bkter\u00e9 druhy olej\u016f a jejich vyu\u017eit\u00ed:&amp;nbsp;Rostlinn\u00e9 oleje:&amp;nbsp;Rostlinn\u00e9 oleje, jako je \u0159epkov\u00fd,&amp;hellip;\">olejov\u00e9<\/span> n\u00e1t\u011bry nebo na rozpou\u0161t\u011bdlov\u00e9 <span class=\"show-tooltip\" title=\"Email je odoln\u00fd povlak pou\u017e\u00edvan\u00fd pro ochranu a dekoraci povrch\u016f v interi\u00e9ru i exteri\u00e9ru.&amp;nbsp;\u058d Podklad, nap\u0159\u00edklad kovov\u00fd nebo z m\u011bkk\u00e9ho d\u0159eva, je obvykle pokryt vrstvou z\u00e1kladn\u00ed barvy, na kterou je n\u00e1sledn\u011b aplikov\u00e1na vrchn\u00ed lakovan\u00e1 vrstva -&amp;hellip;\">emaily<\/span>.<\/div>\n<div><strong>\u010ci\u0161t\u011bn\u00ed <span class=\"show-tooltip\" title=\"N\u00e1stroj&amp;nbsp;je pracovn\u00ed prost\u0159edek, pom\u016fcka k zpracov\u00e1n\u00ed n\u011b\u010deho (pracovn\u00ed n\u00e1stroj, \u0159emeslnick\u00fd n\u00e1stroj, chirurgick\u00fd n\u00e1stroj aj.), p\u0159\u00edp. v\u00fdrobn\u00ed pom\u016fcka slou\u017e\u00edc\u00ed p\u0159i ru\u010dn\u00edm nebo strojn\u00edm obr\u00e1b\u011bn\u00ed ke zm\u011bn\u011b velikosti nebo tvaru opracov\u00e1van\u00e9ho&amp;hellip;\">n\u00e1stroj\u016f<\/span>:<\/strong> Ihned po ukon\u010den\u00ed aplikace n\u00e1stroje omyjte <span class=\"show-tooltip\" title=\"Voda,&amp;nbsp;chemick\u00fdm vzorcem&amp;nbsp;H2O,&amp;nbsp;systematick\u00fd n\u00e1zev&amp;nbsp;oxidan, je&amp;nbsp;chemick\u00e1 slou\u010denina&amp;nbsp;vod\u00edku&amp;nbsp;a&amp;nbsp;kysl\u00edku. Spolu se&amp;nbsp;vzduchem, resp.&amp;nbsp;zemskou atmosf\u00e9rou, tvo\u0159\u00ed z\u00e1kladn\u00ed podm\u00ednky pro&amp;hellip;\">vodou<\/span>.<\/div>\n<div>&nbsp;<\/div>\n<div><strong>Velikosti balen\u00ed:<\/strong> 1 L, 5 L, 10 L<\/div>\n<\/p><\/div>\n","protected":false},"excerpt":{"rendered":"<p>Detailn\u00ed popis produktu MISTRAL\u00ae PRIMER ELITE Hloubkov\u00e1 penetrace &nbsp; MISTRAL\u00ae PRIMER ELITE je perfektn\u00ed volbou pro zaji\u0161t\u011bn\u00ed kvalitn\u00ed p\u0159ilnavosti a dlouhodob\u00e9 trvanlivosti va\u0161ich n\u00e1t\u011br\u016f. Jeho hloubkov\u00fd pr\u016fnik a schopnost sjednotit nas\u00e1kavost povrchu zaji\u0161\u0165uj\u00ed optim\u00e1ln\u00ed p\u0159\u00edpravu podkladu pro n\u00e1sledn\u00e9 n\u00e1t\u011bry, co\u017e vede k vynikaj\u00edc\u00edmu v\u00fdsledku a dlouhodob\u00e9 ochran\u011b povrchu.&nbsp; &nbsp; Vysok\u00e1 p\u0159ilnavost: Zaji\u0161\u0165uje vynikaj\u00edc\u00ed p\u0159\u00eddr\u017enost dal\u0161\u00edch [&hellip;]<\/p>\n","protected":false},"featured_media":15419,"comment_status":"open","ping_status":"open","template":"","meta":[],"product_brand":[],"product_cat":[62],"product_tag":[],"class_list":{"0":"post-15319","1":"product","2":"type-product","3":"status-publish","4":"has-post-thumbnail","6":"product_cat-barvy-amp-laky","8":"first","9":"instock","10":"sale","11":"shipping-taxable","12":"purchasable","13":"product-type-simple"},"yoast_head":"<!-- This site is optimized with the Yoast SEO plugin v26.8 - https:\/\/yoast.com\/product\/yoast-seo-wordpress\/ -->\n<title>MISTRAL\u00ae PRIMER ELITE Hloubkov\u00e1 penetrace Cenov\u011b V\u00fdhodn\u00fd -<\/title>\n<meta name=\"robots\" content=\"index, follow, max-snippet:-1, max-image-preview:large, max-video-preview:-1\" \/>\n<link rel=\"canonical\" href=\"https:\/\/www.domkraftpro.com\/index.php\/produkt\/mistral-r-primer-elite-hloubkova-penetrace-cenove-vyhodny-15319\/\" \/>\n<meta property=\"og:locale\" content=\"cs_CZ\" \/>\n<meta property=\"og:type\" content=\"article\" \/>\n<meta property=\"og:title\" content=\"MISTRAL\u00ae PRIMER ELITE Hloubkov\u00e1 penetrace Cenov\u011b V\u00fdhodn\u00fd -\" \/>\n<meta property=\"og:description\" content=\"Detailn\u00ed popis produktu MISTRAL\u00ae PRIMER ELITE Hloubkov\u00e1 penetrace &nbsp; MISTRAL\u00ae PRIMER ELITE je perfektn\u00ed volbou pro zaji\u0161t\u011bn\u00ed kvalitn\u00ed p\u0159ilnavosti a dlouhodob\u00e9 trvanlivosti va\u0161ich n\u00e1t\u011br\u016f. Jeho hloubkov\u00fd pr\u016fnik a schopnost sjednotit nas\u00e1kavost povrchu zaji\u0161\u0165uj\u00ed optim\u00e1ln\u00ed p\u0159\u00edpravu podkladu pro n\u00e1sledn\u00e9 n\u00e1t\u011bry, co\u017e vede k vynikaj\u00edc\u00edmu v\u00fdsledku a dlouhodob\u00e9 ochran\u011b povrchu.&nbsp; &nbsp; Vysok\u00e1 p\u0159ilnavost: Zaji\u0161\u0165uje vynikaj\u00edc\u00ed p\u0159\u00eddr\u017enost dal\u0161\u00edch [&hellip;]\" \/>\n<meta property=\"og:url\" content=\"https:\/\/www.domkraftpro.com\/index.php\/produkt\/mistral-r-primer-elite-hloubkova-penetrace-cenove-vyhodny-15319\/\" \/>\n<meta property=\"og:image\" content=\"https:\/\/www.domkraftpro.com\/wp-content\/uploads\/2026\/SK0007124-CZ20260425-092522-0-1777080324-116331-1_mistral-primer-elite-10.webp\" \/>\n\t<meta property=\"og:image:width\" content=\"1000\" \/>\n\t<meta property=\"og:image:height\" content=\"750\" \/>\n\t<meta property=\"og:image:type\" content=\"image\/webp\" \/>\n<meta name=\"twitter:card\" content=\"summary_large_image\" \/>\n<meta name=\"twitter:label1\" content=\"Odhadovan\u00e1 doba \u010dten\u00ed\" \/>\n\t<meta name=\"twitter:data1\" content=\"2 minuty\" \/>\n<script type=\"application\/ld+json\" class=\"yoast-schema-graph\">{\"@context\":\"https:\/\/schema.org\",\"@graph\":[{\"@type\":\"WebPage\",\"@id\":\"https:\/\/www.domkraftpro.com\/index.php\/produkt\/mistral-r-primer-elite-hloubkova-penetrace-cenove-vyhodny-15319\/\",\"url\":\"https:\/\/www.domkraftpro.com\/index.php\/produkt\/mistral-r-primer-elite-hloubkova-penetrace-cenove-vyhodny-15319\/\",\"name\":\"MISTRAL\u00ae PRIMER ELITE Hloubkov\u00e1 penetrace Cenov\u011b V\u00fdhodn\u00fd -\",\"isPartOf\":{\"@id\":\"https:\/\/www.domkraftpro.com\/#website\"},\"primaryImageOfPage\":{\"@id\":\"https:\/\/www.domkraftpro.com\/index.php\/produkt\/mistral-r-primer-elite-hloubkova-penetrace-cenove-vyhodny-15319\/#primaryimage\"},\"image\":{\"@id\":\"https:\/\/www.domkraftpro.com\/index.php\/produkt\/mistral-r-primer-elite-hloubkova-penetrace-cenove-vyhodny-15319\/#primaryimage\"},\"thumbnailUrl\":\"https:\/\/www.domkraftpro.com\/wp-content\/uploads\/2026\/SK0007124-CZ20260425-092522-0-1777080324-116331-1_mistral-primer-elite-10.webp\",\"datePublished\":\"2026-04-27T04:41:00+00:00\",\"breadcrumb\":{\"@id\":\"https:\/\/www.domkraftpro.com\/index.php\/produkt\/mistral-r-primer-elite-hloubkova-penetrace-cenove-vyhodny-15319\/#breadcrumb\"},\"inLanguage\":\"cs\",\"potentialAction\":[{\"@type\":\"ReadAction\",\"target\":[\"https:\/\/www.domkraftpro.com\/index.php\/produkt\/mistral-r-primer-elite-hloubkova-penetrace-cenove-vyhodny-15319\/\"]}]},{\"@type\":\"ImageObject\",\"inLanguage\":\"cs\",\"@id\":\"https:\/\/www.domkraftpro.com\/index.php\/produkt\/mistral-r-primer-elite-hloubkova-penetrace-cenove-vyhodny-15319\/#primaryimage\",\"url\":\"https:\/\/www.domkraftpro.com\/wp-content\/uploads\/2026\/SK0007124-CZ20260425-092522-0-1777080324-116331-1_mistral-primer-elite-10.webp\",\"contentUrl\":\"https:\/\/www.domkraftpro.com\/wp-content\/uploads\/2026\/SK0007124-CZ20260425-092522-0-1777080324-116331-1_mistral-primer-elite-10.webp\",\"width\":1000,\"height\":750},{\"@type\":\"BreadcrumbList\",\"@id\":\"https:\/\/www.domkraftpro.com\/index.php\/produkt\/mistral-r-primer-elite-hloubkova-penetrace-cenove-vyhodny-15319\/#breadcrumb\",\"itemListElement\":[{\"@type\":\"ListItem\",\"position\":1,\"name\":\"Home\",\"item\":\"https:\/\/www.domkraftpro.com\/\"},{\"@type\":\"ListItem\",\"position\":2,\"name\":\"Products\",\"item\":\"https:\/\/www.domkraftpro.com\/index.php\/products\/\"},{\"@type\":\"ListItem\",\"position\":3,\"name\":\"MISTRAL\u00ae PRIMER ELITE Hloubkov\u00e1 penetrace Cenov\u011b V\u00fdhodn\u00fd\"}]},{\"@type\":\"WebSite\",\"@id\":\"https:\/\/www.domkraftpro.com\/#website\",\"url\":\"https:\/\/www.domkraftpro.com\/\",\"name\":\"\",\"description\":\"\",\"potentialAction\":[{\"@type\":\"SearchAction\",\"target\":{\"@type\":\"EntryPoint\",\"urlTemplate\":\"https:\/\/www.domkraftpro.com\/?s={search_term_string}\"},\"query-input\":{\"@type\":\"PropertyValueSpecification\",\"valueRequired\":true,\"valueName\":\"search_term_string\"}}],\"inLanguage\":\"cs\"}]}<\/script>\n<!-- \/ Yoast SEO plugin. -->","yoast_head_json":{"title":"MISTRAL\u00ae PRIMER ELITE Hloubkov\u00e1 penetrace Cenov\u011b V\u00fdhodn\u00fd -","robots":{"index":"index","follow":"follow","max-snippet":"max-snippet:-1","max-image-preview":"max-image-preview:large","max-video-preview":"max-video-preview:-1"},"canonical":"https:\/\/www.domkraftpro.com\/index.php\/produkt\/mistral-r-primer-elite-hloubkova-penetrace-cenove-vyhodny-15319\/","og_locale":"cs_CZ","og_type":"article","og_title":"MISTRAL\u00ae PRIMER ELITE Hloubkov\u00e1 penetrace Cenov\u011b V\u00fdhodn\u00fd -","og_description":"Detailn\u00ed popis produktu MISTRAL\u00ae PRIMER ELITE Hloubkov\u00e1 penetrace &nbsp; MISTRAL\u00ae PRIMER ELITE je perfektn\u00ed volbou pro zaji\u0161t\u011bn\u00ed kvalitn\u00ed p\u0159ilnavosti a dlouhodob\u00e9 trvanlivosti va\u0161ich n\u00e1t\u011br\u016f. Jeho hloubkov\u00fd pr\u016fnik a schopnost sjednotit nas\u00e1kavost povrchu zaji\u0161\u0165uj\u00ed optim\u00e1ln\u00ed p\u0159\u00edpravu podkladu pro n\u00e1sledn\u00e9 n\u00e1t\u011bry, co\u017e vede k vynikaj\u00edc\u00edmu v\u00fdsledku a dlouhodob\u00e9 ochran\u011b povrchu.&nbsp; &nbsp; Vysok\u00e1 p\u0159ilnavost: Zaji\u0161\u0165uje vynikaj\u00edc\u00ed p\u0159\u00eddr\u017enost dal\u0161\u00edch [&hellip;]","og_url":"https:\/\/www.domkraftpro.com\/index.php\/produkt\/mistral-r-primer-elite-hloubkova-penetrace-cenove-vyhodny-15319\/","og_image":[{"width":1000,"height":750,"url":"https:\/\/www.domkraftpro.com\/wp-content\/uploads\/2026\/SK0007124-CZ20260425-092522-0-1777080324-116331-1_mistral-primer-elite-10.webp","type":"image\/webp"}],"twitter_card":"summary_large_image","twitter_misc":{"Odhadovan\u00e1 doba \u010dten\u00ed":"2 minuty"},"schema":{"@context":"https:\/\/schema.org","@graph":[{"@type":"WebPage","@id":"https:\/\/www.domkraftpro.com\/index.php\/produkt\/mistral-r-primer-elite-hloubkova-penetrace-cenove-vyhodny-15319\/","url":"https:\/\/www.domkraftpro.com\/index.php\/produkt\/mistral-r-primer-elite-hloubkova-penetrace-cenove-vyhodny-15319\/","name":"MISTRAL\u00ae PRIMER ELITE Hloubkov\u00e1 penetrace Cenov\u011b V\u00fdhodn\u00fd -","isPartOf":{"@id":"https:\/\/www.domkraftpro.com\/#website"},"primaryImageOfPage":{"@id":"https:\/\/www.domkraftpro.com\/index.php\/produkt\/mistral-r-primer-elite-hloubkova-penetrace-cenove-vyhodny-15319\/#primaryimage"},"image":{"@id":"https:\/\/www.domkraftpro.com\/index.php\/produkt\/mistral-r-primer-elite-hloubkova-penetrace-cenove-vyhodny-15319\/#primaryimage"},"thumbnailUrl":"https:\/\/www.domkraftpro.com\/wp-content\/uploads\/2026\/SK0007124-CZ20260425-092522-0-1777080324-116331-1_mistral-primer-elite-10.webp","datePublished":"2026-04-27T04:41:00+00:00","breadcrumb":{"@id":"https:\/\/www.domkraftpro.com\/index.php\/produkt\/mistral-r-primer-elite-hloubkova-penetrace-cenove-vyhodny-15319\/#breadcrumb"},"inLanguage":"cs","potentialAction":[{"@type":"ReadAction","target":["https:\/\/www.domkraftpro.com\/index.php\/produkt\/mistral-r-primer-elite-hloubkova-penetrace-cenove-vyhodny-15319\/"]}]},{"@type":"ImageObject","inLanguage":"cs","@id":"https:\/\/www.domkraftpro.com\/index.php\/produkt\/mistral-r-primer-elite-hloubkova-penetrace-cenove-vyhodny-15319\/#primaryimage","url":"https:\/\/www.domkraftpro.com\/wp-content\/uploads\/2026\/SK0007124-CZ20260425-092522-0-1777080324-116331-1_mistral-primer-elite-10.webp","contentUrl":"https:\/\/www.domkraftpro.com\/wp-content\/uploads\/2026\/SK0007124-CZ20260425-092522-0-1777080324-116331-1_mistral-primer-elite-10.webp","width":1000,"height":750},{"@type":"BreadcrumbList","@id":"https:\/\/www.domkraftpro.com\/index.php\/produkt\/mistral-r-primer-elite-hloubkova-penetrace-cenove-vyhodny-15319\/#breadcrumb","itemListElement":[{"@type":"ListItem","position":1,"name":"Home","item":"https:\/\/www.domkraftpro.com\/"},{"@type":"ListItem","position":2,"name":"Products","item":"https:\/\/www.domkraftpro.com\/index.php\/products\/"},{"@type":"ListItem","position":3,"name":"MISTRAL\u00ae PRIMER ELITE Hloubkov\u00e1 penetrace Cenov\u011b V\u00fdhodn\u00fd"}]},{"@type":"WebSite","@id":"https:\/\/www.domkraftpro.com\/#website","url":"https:\/\/www.domkraftpro.com\/","name":"","description":"","potentialAction":[{"@type":"SearchAction","target":{"@type":"EntryPoint","urlTemplate":"https:\/\/www.domkraftpro.com\/?s={search_term_string}"},"query-input":{"@type":"PropertyValueSpecification","valueRequired":true,"valueName":"search_term_string"}}],"inLanguage":"cs"}]}},"_links":{"self":[{"href":"https:\/\/www.domkraftpro.com\/index.php\/wp-json\/wp\/v2\/product\/15319","targetHints":{"allow":["GET"]}}],"collection":[{"href":"https:\/\/www.domkraftpro.com\/index.php\/wp-json\/wp\/v2\/product"}],"about":[{"href":"https:\/\/www.domkraftpro.com\/index.php\/wp-json\/wp\/v2\/types\/product"}],"replies":[{"embeddable":true,"href":"https:\/\/www.domkraftpro.com\/index.php\/wp-json\/wp\/v2\/comments?post=15319"}],"wp:featuredmedia":[{"embeddable":true,"href":"https:\/\/www.domkraftpro.com\/index.php\/wp-json\/wp\/v2\/media\/15419"}],"wp:attachment":[{"href":"https:\/\/www.domkraftpro.com\/index.php\/wp-json\/wp\/v2\/media?parent=15319"}],"wp:term":[{"taxonomy":"product_brand","embeddable":true,"href":"https:\/\/www.domkraftpro.com\/index.php\/wp-json\/wp\/v2\/product_brand?post=15319"},{"taxonomy":"product_cat","embeddable":true,"href":"https:\/\/www.domkraftpro.com\/index.php\/wp-json\/wp\/v2\/product_cat?post=15319"},{"taxonomy":"product_tag","embeddable":true,"href":"https:\/\/www.domkraftpro.com\/index.php\/wp-json\/wp\/v2\/product_tag?post=15319"}],"curies":[{"name":"wp","href":"https:\/\/api.w.org\/{rel}","templated":true}]}}