{"id":15299,"date":"2026-04-27T04:41:00","date_gmt":"2026-04-27T04:41:00","guid":{"rendered":""},"modified":"2026-04-27T04:41:00","modified_gmt":"2026-04-27T04:41:00","slug":"nejlepsi-volba-skelna-paska-diagonalni-397-g-m2-s-10-mm-15299","status":"publish","type":"product","link":"https:\/\/www.domkraftpro.com\/produkt\/nejlepsi-volba-skelna-paska-diagonalni-397-g-m2-s-10-mm-15299\/","title":{"rendered":"Nejlep\u0161\u00ed Volba Skeln\u00e1 p\u00e1ska diagon\u00e1ln\u00ed \u00b7 397 g\/m\u00b2 \u00b7 \u0161. 10 mm"},"content":{"rendered":"<div class=\"basic-description\">\n<h3>Detailn\u00ed popis produktu<\/h3>\n<table style=\"width: 850px; height: 15px;\">\n<tbody>\n<tr style=\"height: 100.656px;\">\n<td style=\"width: 868.031px; height: 100.656px;\">\n<h1><strong>Skeln\u00e1 p\u00e1ska diagon\u00e1ln\u00ed<\/strong><\/h1>\n<h1><span style=\"font-size: 16pt;\"><strong>397 g\/m\u00b2, \u0161. 10 mm<\/strong><\/span><\/h1>\n<\/td>\n<td style=\"width: 129.969px; height: 100.656px;\"><\/td>\n<\/tr>\n<tr style=\"height: 67px;\">\n<td style=\"width: 868.031px; height: 67px;\" colspan=\"2\">\n<div>\n<hr \/>\n<p><span><strong><\/strong><\/span><\/div>\n<div><span style=\"font-size: 12pt;\"><strong>Ide\u00e1ln\u00ed pro \u0161irokou \u0161k\u00e1lu aplikac\u00ed, nap\u0159. na \u0161vy lamin\u00e1tov\u00fdch d\u00edl\u016f, na \u0161vy trupu, trubek n\u00e1dr\u017e\u00ed, lodn\u00edch <span class=\"show-tooltip\" title=\"Konstrukce je proces tvorby a sestaven\u00ed r\u016fzn\u00fdch prvk\u016f nebo sou\u010d\u00e1st\u00ed do funk\u010dn\u00edho celku, kter\u00fd m\u016f\u017ee slou\u017eit k ur\u010dit\u00e9mu \u00fa\u010delu. V kontextu stavebnictv\u00ed a in\u017een\u00fdrstv\u00ed zahrnuje konstrukce tvorbu budov, most\u016f, silnic, pr\u016fmyslov\u00fdch za\u0159\u00edzen\u00ed,&amp;hellip;\">konstrukc\u00ed<\/span>, sportovn\u00edho <span class=\"show-tooltip\" title=\"N\u00e1stroj&amp;nbsp;je pracovn\u00ed prost\u0159edek, pom\u016fcka k zpracov\u00e1n\u00ed n\u011b\u010deho (pracovn\u00ed n\u00e1stroj, \u0159emeslnick\u00fd n\u00e1stroj, chirurgick\u00fd n\u00e1stroj aj.), p\u0159\u00edp. v\u00fdrobn\u00ed pom\u016fcka slou\u017e\u00edc\u00ed p\u0159i ru\u010dn\u00edm nebo strojn\u00edm obr\u00e1b\u011bn\u00ed ke zm\u011bn\u011b velikosti nebo tvaru opracov\u00e1van\u00e9ho&amp;hellip;\">vybaven\u00ed<\/span> a oprav.<\/strong>&nbsp;<\/span><\/div>\n<div>\n<hr \/>\n<p>&nbsp;<\/p><\/div>\n<div><strong>Dobr\u00e9 tvarov\u00e1n\u00ed:<\/strong> Materi\u00e1l se dob\u0159e tvaruje podle tvaru podkladu, co\u017e usnad\u0148uje aplikaci.<\/div>\n<div><strong>Diagon\u00e1ln\u00ed zp\u016fsob tkan\u00ed:<\/strong> D\u00edky diagon\u00e1ln\u00edmu tkan\u00ed je vhodn\u00fd i pro velmi slo\u017eit\u00e9 tvary.<\/div>\n<div><strong>Zatkan\u00e9 kraje:<\/strong> Zatkan\u00e9 kraje zvy\u0161uj\u00ed odolnost a <span class=\"show-tooltip\" title=\"Pevnost je materi\u00e1lov\u00e1 vlastnost charakterizuj\u00edc\u00ed schopnost materi\u00e1lu odol\u00e1vat vn\u011bj\u0161\u00edm sil\u00e1m, kter\u00e9 by mohly zp\u016fsobit jeho deformaci, roztr\u017een\u00ed nebo jin\u00e9 formy selh\u00e1n\u00ed.Pevnost je z\u00e1kladn\u00edm parametrem pro posouzen\u00ed odolnosti materi\u00e1l\u016f v konstrukci a&amp;hellip;\">pevnost<\/span> materi\u00e1lu.<\/div>\n<div>&nbsp;<\/div>\n<div><strong>\u0160\u00ed\u0159ka p\u0159i 45\u00b0:<\/strong> 10 mm<\/div>\n<div><strong>\u0160\u00ed\u0159ka nata\u017een\u00e9 p\u00e1sky:<\/strong> 8 mm<\/div>\n<div><strong><span class=\"show-tooltip\" title=\"Plocha je geometrick\u00fd term\u00edn, kter\u00fd ozna\u010duje dvourozm\u011brn\u00fd prostor nebo rozlohu. Jedn\u00e1 se o rozsah plochy, kter\u00fd je vyj\u00e1d\u0159en v jednotk\u00e1ch plochy, jako jsou \u010dtvere\u010dn\u00e9 metry (m\u00b2), \u010dtvere\u010dn\u00e9 centimetry (cm\u00b2), \u010dtvere\u010dn\u00e9 m\u00edle (mi\u00b2), a dal\u0161\u00ed.Plocha je&amp;hellip;\">Plo\u0161n\u00e1<\/span> <span class=\"show-tooltip\" title=\"Hmotnost&amp;nbsp;je d\u016fle\u017eit\u00e1 fyzik\u00e1ln\u00ed veli\u010dina, aditivn\u00ed vlastnost&amp;nbsp;hmoty&amp;nbsp;(tedy vlastnost jednotliv\u00fdch hmotn\u00fdch&amp;nbsp;t\u011bles), kter\u00e1 vyjad\u0159uje m\u00edru&amp;nbsp;setrva\u010dn\u00fdch&amp;nbsp;\u00fa\u010dink\u016f \u010di m\u00edru&amp;nbsp;gravita\u010dn\u00edch&amp;nbsp;\u00fa\u010dink\u016f hmoty. Ekvivalence setrva\u010dn\u00fdch&amp;hellip;\">hmotnost<\/span>:<\/strong> 397 g\/m\u00b2<\/div>\n<div><strong>Hmotnost p\u00e1sky:<\/strong> 544 g\/ 100 m<\/div>\n<div><strong>Tlou\u0161\u0165ka:<\/strong> 0,25 mm<\/div>\n<div>&nbsp;<\/div>\n<div><span style=\"color: #ff6600; font-size: 12pt;\"><strong>Tuto p\u00e1sku prod\u00e1v\u00e1me po b\u011b\u017en\u00fdch metrech.<\/strong><\/span><\/div>\n<\/td>\n<\/tr>\n<\/tbody>\n<\/table>\n<div>&nbsp;<\/div>\n<div>&nbsp;<\/div>\n<\/p><\/div>\n","protected":false},"excerpt":{"rendered":"<p>Detailn\u00ed popis produktu Skeln\u00e1 p\u00e1ska diagon\u00e1ln\u00ed 397 g\/m\u00b2, \u0161. 10 mm Ide\u00e1ln\u00ed pro \u0161irokou \u0161k\u00e1lu aplikac\u00ed, nap\u0159. na \u0161vy lamin\u00e1tov\u00fdch d\u00edl\u016f, na \u0161vy trupu, trubek n\u00e1dr\u017e\u00ed, lodn\u00edch konstrukc\u00ed, sportovn\u00edho vybaven\u00ed a oprav.&nbsp; &nbsp; Dobr\u00e9 tvarov\u00e1n\u00ed: Materi\u00e1l se dob\u0159e tvaruje podle tvaru podkladu, co\u017e usnad\u0148uje aplikaci. Diagon\u00e1ln\u00ed zp\u016fsob tkan\u00ed: D\u00edky diagon\u00e1ln\u00edmu tkan\u00ed je vhodn\u00fd i pro [&hellip;]<\/p>\n","protected":false},"featured_media":15399,"comment_status":"open","ping_status":"open","template":"","meta":[],"product_brand":[],"product_cat":[61],"product_tag":[],"class_list":{"0":"post-15299","1":"product","2":"type-product","3":"status-publish","4":"has-post-thumbnail","6":"product_cat-kompozitni-materialy","8":"first","9":"instock","10":"sale","11":"shipping-taxable","12":"purchasable","13":"product-type-simple"},"yoast_head":"<!-- This site is optimized with the Yoast SEO plugin v26.8 - https:\/\/yoast.com\/product\/yoast-seo-wordpress\/ -->\n<title>Nejlep\u0161\u00ed Volba Skeln\u00e1 p\u00e1ska diagon\u00e1ln\u00ed \u00b7 397 g\/m\u00b2 \u00b7 \u0161. 10 mm -<\/title>\n<meta name=\"robots\" content=\"index, follow, max-snippet:-1, max-image-preview:large, max-video-preview:-1\" \/>\n<link rel=\"canonical\" href=\"https:\/\/www.domkraftpro.com\/index.php\/produkt\/nejlepsi-volba-skelna-paska-diagonalni-397-g-m2-s-10-mm-15299\/\" \/>\n<meta property=\"og:locale\" content=\"cs_CZ\" \/>\n<meta property=\"og:type\" content=\"article\" \/>\n<meta property=\"og:title\" content=\"Nejlep\u0161\u00ed Volba Skeln\u00e1 p\u00e1ska diagon\u00e1ln\u00ed \u00b7 397 g\/m\u00b2 \u00b7 \u0161. 10 mm -\" \/>\n<meta property=\"og:description\" content=\"Detailn\u00ed popis produktu Skeln\u00e1 p\u00e1ska diagon\u00e1ln\u00ed 397 g\/m\u00b2, \u0161. 10 mm Ide\u00e1ln\u00ed pro \u0161irokou \u0161k\u00e1lu aplikac\u00ed, nap\u0159. na \u0161vy lamin\u00e1tov\u00fdch d\u00edl\u016f, na \u0161vy trupu, trubek n\u00e1dr\u017e\u00ed, lodn\u00edch konstrukc\u00ed, sportovn\u00edho vybaven\u00ed a oprav.&nbsp; &nbsp; Dobr\u00e9 tvarov\u00e1n\u00ed: Materi\u00e1l se dob\u0159e tvaruje podle tvaru podkladu, co\u017e usnad\u0148uje aplikaci. Diagon\u00e1ln\u00ed zp\u016fsob tkan\u00ed: D\u00edky diagon\u00e1ln\u00edmu tkan\u00ed je vhodn\u00fd i pro [&hellip;]\" \/>\n<meta property=\"og:url\" content=\"https:\/\/www.domkraftpro.com\/index.php\/produkt\/nejlepsi-volba-skelna-paska-diagonalni-397-g-m2-s-10-mm-15299\/\" \/>\n<meta property=\"og:image\" content=\"https:\/\/www.domkraftpro.com\/wp-content\/uploads\/2026\/SK0007104-CZ20260425-092522-0-1777080324-116232_skelna-paska-20-mm.webp\" \/>\n\t<meta property=\"og:image:width\" content=\"1000\" \/>\n\t<meta property=\"og:image:height\" content=\"750\" \/>\n\t<meta property=\"og:image:type\" content=\"image\/webp\" \/>\n<meta name=\"twitter:card\" content=\"summary_large_image\" \/>\n<meta name=\"twitter:label1\" content=\"Odhadovan\u00e1 doba \u010dten\u00ed\" \/>\n\t<meta name=\"twitter:data1\" content=\"1 minuta\" \/>\n<script type=\"application\/ld+json\" class=\"yoast-schema-graph\">{\"@context\":\"https:\/\/schema.org\",\"@graph\":[{\"@type\":\"WebPage\",\"@id\":\"https:\/\/www.domkraftpro.com\/index.php\/produkt\/nejlepsi-volba-skelna-paska-diagonalni-397-g-m2-s-10-mm-15299\/\",\"url\":\"https:\/\/www.domkraftpro.com\/index.php\/produkt\/nejlepsi-volba-skelna-paska-diagonalni-397-g-m2-s-10-mm-15299\/\",\"name\":\"Nejlep\u0161\u00ed Volba Skeln\u00e1 p\u00e1ska diagon\u00e1ln\u00ed \u00b7 397 g\/m\u00b2 \u00b7 \u0161. 10 mm -\",\"isPartOf\":{\"@id\":\"https:\/\/www.domkraftpro.com\/#website\"},\"primaryImageOfPage\":{\"@id\":\"https:\/\/www.domkraftpro.com\/index.php\/produkt\/nejlepsi-volba-skelna-paska-diagonalni-397-g-m2-s-10-mm-15299\/#primaryimage\"},\"image\":{\"@id\":\"https:\/\/www.domkraftpro.com\/index.php\/produkt\/nejlepsi-volba-skelna-paska-diagonalni-397-g-m2-s-10-mm-15299\/#primaryimage\"},\"thumbnailUrl\":\"https:\/\/www.domkraftpro.com\/wp-content\/uploads\/2026\/SK0007104-CZ20260425-092522-0-1777080324-116232_skelna-paska-20-mm.webp\",\"datePublished\":\"2026-04-27T04:41:00+00:00\",\"breadcrumb\":{\"@id\":\"https:\/\/www.domkraftpro.com\/index.php\/produkt\/nejlepsi-volba-skelna-paska-diagonalni-397-g-m2-s-10-mm-15299\/#breadcrumb\"},\"inLanguage\":\"cs\",\"potentialAction\":[{\"@type\":\"ReadAction\",\"target\":[\"https:\/\/www.domkraftpro.com\/index.php\/produkt\/nejlepsi-volba-skelna-paska-diagonalni-397-g-m2-s-10-mm-15299\/\"]}]},{\"@type\":\"ImageObject\",\"inLanguage\":\"cs\",\"@id\":\"https:\/\/www.domkraftpro.com\/index.php\/produkt\/nejlepsi-volba-skelna-paska-diagonalni-397-g-m2-s-10-mm-15299\/#primaryimage\",\"url\":\"https:\/\/www.domkraftpro.com\/wp-content\/uploads\/2026\/SK0007104-CZ20260425-092522-0-1777080324-116232_skelna-paska-20-mm.webp\",\"contentUrl\":\"https:\/\/www.domkraftpro.com\/wp-content\/uploads\/2026\/SK0007104-CZ20260425-092522-0-1777080324-116232_skelna-paska-20-mm.webp\",\"width\":1000,\"height\":750},{\"@type\":\"BreadcrumbList\",\"@id\":\"https:\/\/www.domkraftpro.com\/index.php\/produkt\/nejlepsi-volba-skelna-paska-diagonalni-397-g-m2-s-10-mm-15299\/#breadcrumb\",\"itemListElement\":[{\"@type\":\"ListItem\",\"position\":1,\"name\":\"Home\",\"item\":\"https:\/\/www.domkraftpro.com\/\"},{\"@type\":\"ListItem\",\"position\":2,\"name\":\"Products\",\"item\":\"https:\/\/www.domkraftpro.com\/products\/\"},{\"@type\":\"ListItem\",\"position\":3,\"name\":\"Nejlep\u0161\u00ed Volba Skeln\u00e1 p\u00e1ska diagon\u00e1ln\u00ed \u00b7 397 g\/m\u00b2 \u00b7 \u0161. 10 mm\"}]},{\"@type\":\"WebSite\",\"@id\":\"https:\/\/www.domkraftpro.com\/#website\",\"url\":\"https:\/\/www.domkraftpro.com\/\",\"name\":\"\",\"description\":\"\",\"potentialAction\":[{\"@type\":\"SearchAction\",\"target\":{\"@type\":\"EntryPoint\",\"urlTemplate\":\"https:\/\/www.domkraftpro.com\/?s={search_term_string}\"},\"query-input\":{\"@type\":\"PropertyValueSpecification\",\"valueRequired\":true,\"valueName\":\"search_term_string\"}}],\"inLanguage\":\"cs\"}]}<\/script>\n<!-- \/ Yoast SEO plugin. -->","yoast_head_json":{"title":"Nejlep\u0161\u00ed Volba Skeln\u00e1 p\u00e1ska diagon\u00e1ln\u00ed \u00b7 397 g\/m\u00b2 \u00b7 \u0161. 10 mm -","robots":{"index":"index","follow":"follow","max-snippet":"max-snippet:-1","max-image-preview":"max-image-preview:large","max-video-preview":"max-video-preview:-1"},"canonical":"https:\/\/www.domkraftpro.com\/index.php\/produkt\/nejlepsi-volba-skelna-paska-diagonalni-397-g-m2-s-10-mm-15299\/","og_locale":"cs_CZ","og_type":"article","og_title":"Nejlep\u0161\u00ed Volba Skeln\u00e1 p\u00e1ska diagon\u00e1ln\u00ed \u00b7 397 g\/m\u00b2 \u00b7 \u0161. 10 mm -","og_description":"Detailn\u00ed popis produktu Skeln\u00e1 p\u00e1ska diagon\u00e1ln\u00ed 397 g\/m\u00b2, \u0161. 10 mm Ide\u00e1ln\u00ed pro \u0161irokou \u0161k\u00e1lu aplikac\u00ed, nap\u0159. na \u0161vy lamin\u00e1tov\u00fdch d\u00edl\u016f, na \u0161vy trupu, trubek n\u00e1dr\u017e\u00ed, lodn\u00edch konstrukc\u00ed, sportovn\u00edho vybaven\u00ed a oprav.&nbsp; &nbsp; Dobr\u00e9 tvarov\u00e1n\u00ed: Materi\u00e1l se dob\u0159e tvaruje podle tvaru podkladu, co\u017e usnad\u0148uje aplikaci. Diagon\u00e1ln\u00ed zp\u016fsob tkan\u00ed: D\u00edky diagon\u00e1ln\u00edmu tkan\u00ed je vhodn\u00fd i pro [&hellip;]","og_url":"https:\/\/www.domkraftpro.com\/index.php\/produkt\/nejlepsi-volba-skelna-paska-diagonalni-397-g-m2-s-10-mm-15299\/","og_image":[{"width":1000,"height":750,"url":"https:\/\/www.domkraftpro.com\/wp-content\/uploads\/2026\/SK0007104-CZ20260425-092522-0-1777080324-116232_skelna-paska-20-mm.webp","type":"image\/webp"}],"twitter_card":"summary_large_image","twitter_misc":{"Odhadovan\u00e1 doba \u010dten\u00ed":"1 minuta"},"schema":{"@context":"https:\/\/schema.org","@graph":[{"@type":"WebPage","@id":"https:\/\/www.domkraftpro.com\/index.php\/produkt\/nejlepsi-volba-skelna-paska-diagonalni-397-g-m2-s-10-mm-15299\/","url":"https:\/\/www.domkraftpro.com\/index.php\/produkt\/nejlepsi-volba-skelna-paska-diagonalni-397-g-m2-s-10-mm-15299\/","name":"Nejlep\u0161\u00ed Volba Skeln\u00e1 p\u00e1ska diagon\u00e1ln\u00ed \u00b7 397 g\/m\u00b2 \u00b7 \u0161. 10 mm -","isPartOf":{"@id":"https:\/\/www.domkraftpro.com\/#website"},"primaryImageOfPage":{"@id":"https:\/\/www.domkraftpro.com\/index.php\/produkt\/nejlepsi-volba-skelna-paska-diagonalni-397-g-m2-s-10-mm-15299\/#primaryimage"},"image":{"@id":"https:\/\/www.domkraftpro.com\/index.php\/produkt\/nejlepsi-volba-skelna-paska-diagonalni-397-g-m2-s-10-mm-15299\/#primaryimage"},"thumbnailUrl":"https:\/\/www.domkraftpro.com\/wp-content\/uploads\/2026\/SK0007104-CZ20260425-092522-0-1777080324-116232_skelna-paska-20-mm.webp","datePublished":"2026-04-27T04:41:00+00:00","breadcrumb":{"@id":"https:\/\/www.domkraftpro.com\/index.php\/produkt\/nejlepsi-volba-skelna-paska-diagonalni-397-g-m2-s-10-mm-15299\/#breadcrumb"},"inLanguage":"cs","potentialAction":[{"@type":"ReadAction","target":["https:\/\/www.domkraftpro.com\/index.php\/produkt\/nejlepsi-volba-skelna-paska-diagonalni-397-g-m2-s-10-mm-15299\/"]}]},{"@type":"ImageObject","inLanguage":"cs","@id":"https:\/\/www.domkraftpro.com\/index.php\/produkt\/nejlepsi-volba-skelna-paska-diagonalni-397-g-m2-s-10-mm-15299\/#primaryimage","url":"https:\/\/www.domkraftpro.com\/wp-content\/uploads\/2026\/SK0007104-CZ20260425-092522-0-1777080324-116232_skelna-paska-20-mm.webp","contentUrl":"https:\/\/www.domkraftpro.com\/wp-content\/uploads\/2026\/SK0007104-CZ20260425-092522-0-1777080324-116232_skelna-paska-20-mm.webp","width":1000,"height":750},{"@type":"BreadcrumbList","@id":"https:\/\/www.domkraftpro.com\/index.php\/produkt\/nejlepsi-volba-skelna-paska-diagonalni-397-g-m2-s-10-mm-15299\/#breadcrumb","itemListElement":[{"@type":"ListItem","position":1,"name":"Home","item":"https:\/\/www.domkraftpro.com\/"},{"@type":"ListItem","position":2,"name":"Products","item":"https:\/\/www.domkraftpro.com\/products\/"},{"@type":"ListItem","position":3,"name":"Nejlep\u0161\u00ed Volba Skeln\u00e1 p\u00e1ska diagon\u00e1ln\u00ed \u00b7 397 g\/m\u00b2 \u00b7 \u0161. 10 mm"}]},{"@type":"WebSite","@id":"https:\/\/www.domkraftpro.com\/#website","url":"https:\/\/www.domkraftpro.com\/","name":"","description":"","potentialAction":[{"@type":"SearchAction","target":{"@type":"EntryPoint","urlTemplate":"https:\/\/www.domkraftpro.com\/?s={search_term_string}"},"query-input":{"@type":"PropertyValueSpecification","valueRequired":true,"valueName":"search_term_string"}}],"inLanguage":"cs"}]}},"_links":{"self":[{"href":"https:\/\/www.domkraftpro.com\/wp-json\/wp\/v2\/product\/15299","targetHints":{"allow":["GET"]}}],"collection":[{"href":"https:\/\/www.domkraftpro.com\/wp-json\/wp\/v2\/product"}],"about":[{"href":"https:\/\/www.domkraftpro.com\/wp-json\/wp\/v2\/types\/product"}],"replies":[{"embeddable":true,"href":"https:\/\/www.domkraftpro.com\/wp-json\/wp\/v2\/comments?post=15299"}],"wp:featuredmedia":[{"embeddable":true,"href":"https:\/\/www.domkraftpro.com\/wp-json\/wp\/v2\/media\/15399"}],"wp:attachment":[{"href":"https:\/\/www.domkraftpro.com\/wp-json\/wp\/v2\/media?parent=15299"}],"wp:term":[{"taxonomy":"product_brand","embeddable":true,"href":"https:\/\/www.domkraftpro.com\/wp-json\/wp\/v2\/product_brand?post=15299"},{"taxonomy":"product_cat","embeddable":true,"href":"https:\/\/www.domkraftpro.com\/wp-json\/wp\/v2\/product_cat?post=15299"},{"taxonomy":"product_tag","embeddable":true,"href":"https:\/\/www.domkraftpro.com\/wp-json\/wp\/v2\/product_tag?post=15299"}],"curies":[{"name":"wp","href":"https:\/\/api.w.org\/{rel}","templated":true}]}}