{"id":15189,"date":"2026-04-27T04:41:00","date_gmt":"2026-04-27T04:41:00","guid":{"rendered":""},"modified":"2026-04-27T04:41:00","modified_gmt":"2026-04-27T04:41:00","slug":"akce-skelna-paska-tkana-110-g-m2-s-20-mm-15189","status":"publish","type":"product","link":"https:\/\/www.domkraftpro.com\/index.php\/produkt\/akce-skelna-paska-tkana-110-g-m2-s-20-mm-15189\/","title":{"rendered":"Akce Skeln\u00e1 p\u00e1ska tkan\u00e1 \u00b7 110 g\/m\u00b2 \u00b7 \u0161. 20 mm"},"content":{"rendered":"<div class=\"basic-description\">\n<h3>Detailn\u00ed popis produktu<\/h3>\n<table height=\"15\">\n<tbody>\n<tr>\n<td>\n<h1><strong>Skeln\u00e1 p\u00e1ska tkan\u00e1<\/strong><\/h1>\n<h1><span><strong>110 g\/m\u00b2, \u0161. 20 mm<\/strong><\/span><\/h1>\n<\/td>\n<td><\/td>\n<\/tr>\n<tr>\n<td colspan=\"2\" style=\"width: 425px;\">\n<div>\n<hr \/>\n<p><span><strong><\/strong><\/span><\/div>\n<div><span style=\"font-size: 12pt;\"><strong>Skeln\u00e1 p\u00e1ska s barevnou nit\u00ed uprost\u0159ed je vynikaj\u00edc\u00edm materi\u00e1lem pro r\u016fzn\u00e9 aplikace ve stavebnictv\u00ed, model\u00e1\u0159stv\u00ed, um\u011bleck\u00e9m \u0159emesle a oprav\u00e1ch.&nbsp;<\/strong><\/span><\/div>\n<div>\n<hr \/>\n<p>&nbsp;<\/p><\/div>\n<div><strong>Kvalitn\u00ed skeln\u00fd materi\u00e1l:<\/strong><span>&nbsp;<\/span>Vyroben z odoln\u00e9ho a pevn\u00e9ho skeln\u00e9ho vl\u00e1kna pro zaji\u0161t\u011bn\u00ed vysok\u00e9 odolnosti.<\/div>\n<div><strong>Barevn\u00e1 nit uprost\u0159ed:<\/strong><span>&nbsp;<\/span><span class=\"show-tooltip\" title=\"\" data-original-title=\"Design je proces tvorby a uspo\u0159\u00e1d\u00e1n\u00ed prvk\u016f tak, aby vytvo\u0159ily n\u011bco s ur\u010dit\u00fdm \u00fa\u010delem nebo estetick\u00fdm dojmem. Term\u00edn &quot;design&quot; se pou\u017e\u00edv\u00e1 v r\u016fzn\u00fdch kontextech a odv\u011btv\u00edch, a m\u016f\u017ee se t\u00fdkat n\u00e1vrhu v\u00fdrobk\u016f, grafick\u00e9ho designu, interi\u00e9rov\u00e9ho designu,&amp;hellip;\">Design<\/span><span>&nbsp;<\/span>s barevnou nit\u00ed uprost\u0159ed poskytuje estetick\u00fd prvek a umo\u017e\u0148uje snadnou identifikaci materi\u00e1lu.&nbsp;<\/div>\n<div>\n<table height=\"124\" style=\"width: 850px; height: 124px;\">\n<tbody>\n<tr>\n<td style=\"width: 425px;\">\n<h3><strong>Pou\u017eit\u00ed<\/strong><\/h3>\n<div><strong>Stavebnictv\u00ed:<\/strong><span>&nbsp;<\/span>Skeln\u00fd p\u00e1sek je vhodn\u00fd pro armov\u00e1n\u00ed a vyztu\u017eov\u00e1n\u00ed <span class=\"show-tooltip\" title=\"&amp;nbsp;Kompozitn\u00ed materi\u00e1ly dnes najdeme v letectv\u00ed, lodn\u00ed v\u00fdrob\u011b, automobilov\u00e9m pr\u016fmyslu, stavebnictv\u00ed i ve sportovn\u00edm vybaven\u00ed. D\u00edky kombinaci r\u016fzn\u00fdch slo\u017eek dok\u00e1\u017eou nab\u00eddnout vlastnosti, kter\u00e9 b\u011b\u017en\u00e9 materi\u00e1ly nemaj\u00ed \u2013 n\u00edzkou hmotnost,&amp;hellip;\">kompozitn\u00edch materi\u00e1l\u016f<\/span>.<\/div>\n<div><strong>Model\u00e1\u0159stv\u00ed:<\/strong><span>&nbsp;<\/span>Ide\u00e1ln\u00ed pro konstrukci model\u016f a miniatur d\u00edky sv\u00e9<span>&nbsp;<\/span><span class=\"show-tooltip\" title=\"\" data-original-title=\"Pevnost je materi\u00e1lov\u00e1 vlastnost charakterizuj\u00edc\u00ed schopnost materi\u00e1lu odol\u00e1vat vn\u011bj\u0161\u00edm sil\u00e1m, kter\u00e9 by mohly zp\u016fsobit jeho deformaci, roztr\u017een\u00ed nebo jin\u00e9 formy selh\u00e1n\u00ed.Pevnost je z\u00e1kladn\u00edm parametrem pro posouzen\u00ed odolnosti materi\u00e1l\u016f v konstrukci a&amp;hellip;\">pevnosti<\/span><span>&nbsp;<\/span>a snadn\u00e9 manipulaci.<\/div>\n<div><strong>Um\u011bleck\u00e9 \u0159emeslo:<\/strong><span>&nbsp;<\/span>Pou\u017e\u00edv\u00e1 se pro vytv\u00e1\u0159en\u00ed um\u011bleck\u00fdch d\u011bl a reli\u00e9f\u016f d\u00edky sv\u00e9 flexibilit\u011b a mo\u017enosti tvarov\u00e1n\u00ed.<\/div>\n<div><strong>Opravy a renovace:<\/strong><span>&nbsp;<\/span>Skeln\u00fd p\u00e1sek je u\u017eite\u010dn\u00fd pro opravy a renovace r\u016fzn\u00fdch povrch\u016f a<span>&nbsp;<\/span><span class=\"show-tooltip\" title=\"\" data-original-title=\"Konstrukce je proces tvorby a sestaven\u00ed r\u016fzn\u00fdch prvk\u016f nebo sou\u010d\u00e1st\u00ed do funk\u010dn\u00edho celku, kter\u00fd m\u016f\u017ee slou\u017eit k ur\u010dit\u00e9mu \u00fa\u010delu. V kontextu stavebnictv\u00ed a in\u017een\u00fdrstv\u00ed zahrnuje konstrukce tvorbu budov, most\u016f, silnic, pr\u016fmyslov\u00fdch za\u0159\u00edzen\u00ed,&amp;hellip;\">konstrukc\u00ed<\/span>.<\/div>\n<h3><strong>Technick\u00e1 data<\/strong><\/h3>\n<div><strong>Tlou\u0161\u0165ka:<\/strong><span>&nbsp;<\/span>0,08 \u00b10,01 mm<br \/><strong><span class=\"show-tooltip\" title=\"\" data-original-title=\"Hmotnost&amp;nbsp;je d\u016fle\u017eit\u00e1 fyzik\u00e1ln\u00ed veli\u010dina, aditivn\u00ed vlastnost&amp;nbsp;hmoty&amp;nbsp;(tedy vlastnost jednotliv\u00fdch hmotn\u00fdch&amp;nbsp;t\u011bles), kter\u00e1 vyjad\u0159uje m\u00edru&amp;nbsp;setrva\u010dn\u00fdch&amp;nbsp;\u00fa\u010dink\u016f \u010di m\u00edru&amp;nbsp;gravita\u010dn\u00edch&amp;nbsp;\u00fa\u010dink\u016f hmoty. Ekvivalence setrva\u010dn\u00fdch&amp;hellip;\">Hmotnost<\/span>:<\/strong><span>&nbsp;<\/span>110 \u00b110 g\/m\u00b2<br \/><strong>\u0160\u00ed\u0159e:<\/strong><span>&nbsp;20<\/span>&nbsp;mm<br \/><strong><span class=\"show-tooltip\" title=\"Pevnost je materi\u00e1lov\u00e1 vlastnost charakterizuj\u00edc\u00ed schopnost materi\u00e1lu odol\u00e1vat vn\u011bj\u0161\u00edm sil\u00e1m, kter\u00e9 by mohly zp\u016fsobit jeho deformaci, roztr\u017een\u00ed nebo jin\u00e9 formy selh\u00e1n\u00ed.Pevnost je z\u00e1kladn\u00edm parametrem pro posouzen\u00ed odolnosti materi\u00e1l\u016f v konstrukci a&amp;hellip;\">Pevnost<\/span> p\u0159i p\u0159etr\u017een\u00ed):<\/strong><span>&nbsp;<\/span>33 \u00b15 N\/mm<br \/><strong>Pod\u00edl sklen\u011bn\u00fdch vl\u00e1ken:<\/strong><span>&nbsp;<\/span>\u2265 99 %<br \/><strong>Pod\u00edl z\u00e1chytu:<\/strong><span>&nbsp;<\/span>\u2264 1 %<br \/><strong><span class=\"show-tooltip\" title=\"\" data-original-title=\"Textiln\u00ed vazba se t\u00fdk\u00e1 zp\u016fsobu, jak\u00fdm jsou textiln\u00ed vl\u00e1kna nebo niti spojeny do tkaniny. Tkaniny jsou vyrobeny kombinac\u00ed propleten\u00fdch vertik\u00e1ln\u00edch (osnovn\u00edch) nit\u00ed a horizont\u00e1ln\u00edch (z\u00e1ta\u017en\u00fdch) nit\u00ed. Vazba ur\u010duje vzor, kter\u00fd vytv\u00e1\u0159\u00ed osnovn\u00ed a z\u00e1ta\u017en\u00e9&amp;hellip;\">Vazba<\/span>:<\/strong><span>&nbsp;<\/span><span class=\"show-tooltip\" title=\"Textiln\u00ed vazba se t\u00fdk\u00e1 zp\u016fsobu, jak\u00fdm jsou textiln\u00ed vl\u00e1kna nebo niti spojeny do tkaniny. Tkaniny jsou vyrobeny kombinac\u00ed propleten\u00fdch vertik\u00e1ln\u00edch (osnovn\u00edch) nit\u00ed a horizont\u00e1ln\u00edch (z\u00e1ta\u017en\u00fdch) nit\u00ed. Vazba ur\u010duje vzor, kter\u00fd vytv\u00e1\u0159\u00ed osnovn\u00ed a z\u00e1ta\u017en\u00e9&amp;hellip;\">pl\u00e1tno<\/span><br \/><strong>Dostava osnovy:<\/strong><span>&nbsp;<\/span>30 \u00b1 2 nit\u00ed\/cm<br \/><strong>Dostava \u00fatku:<\/strong><span>&nbsp;<\/span>15 \u00b1 1&nbsp;nit\u00ed\/cm<br \/><strong>Materi\u00e1l v osnov\u011b:<\/strong><span>&nbsp;<\/span>22<span>&nbsp;<\/span><span class=\"show-tooltip\" title=\"\" data-original-title=\"Tex je jednotka, kter\u00e1 ud\u00e1v\u00e1 hmotnost (hmotnostn\u00ed s\u00edlu) jednoho kilometru vl\u00e1kna (nebo p\u0159\u00edze).Form\u00e1ln\u011b lze tex definovat jako hmotnost jednoho kilometru vl\u00e1kna (nebo p\u0159\u00edze) v gramech. Nap\u0159\u00edklad, pokud m\u00e1 vl\u00e1kno hodnotu &quot;100 tex&quot;, znamen\u00e1 to, \u017ee&amp;hellip;\">tex<\/span><br \/><strong>Materi\u00e1l ve st\u0159edov\u00e9 niti:<\/strong><span>&nbsp;<\/span>22 <span class=\"show-tooltip\" title=\"Tex je jednotka, kter\u00e1 ud\u00e1v\u00e1 hmotnost (hmotnostn\u00ed s\u00edlu) jednoho kilometru vl\u00e1kna (nebo p\u0159\u00edze) v gramech.&amp;nbsp;Nap\u0159\u00edklad, pokud m\u00e1 vl\u00e1kno hodnotu &quot;100 tex&quot;, znamen\u00e1 to, \u017ee hmotnost 1 km tohoto vl\u00e1kna je 100 g.Tex se \u010dasto pou\u017e\u00edv\u00e1 jako zp\u016fsob&amp;hellip;\">tex<\/span><br \/><strong>Materi\u00e1l v \u00fatku:<\/strong><span>&nbsp;<\/span>5,5 x 2 tex<br \/><strong>Materi\u00e1l v z\u00e1chytu \u2013 PAD:<\/strong><span>&nbsp;<\/span>22 dtex<br \/><strong>Barva st\u0159edov\u00e9 nit\u011b:<\/strong><span>&nbsp;<\/span><span class=\"show-tooltip\" title=\"\" data-original-title=\"Modr\u00e1 je barva s vlnovou d\u00e9lkou v rozmez\u00ed p\u0159ibli\u017en\u011b 450\u2013495 nm. V barevn\u00e9m spektru se nach\u00e1z\u00ed mezi zelenou a fialovou. Modr\u00e1 je chladn\u00e1 a uklid\u0148uj\u00edc\u00ed barva, kter\u00e1 symbolizuje oblohu, vodu a nekone\u010dnost. Pat\u0159\u00ed mezi z\u00e1kladn\u00ed barvy a je \u0161iroce pou\u017e\u00edv\u00e1na&amp;hellip;\">modr\u00e1<\/span><br \/><strong>Po\u010det st\u0159edov\u00fdch nit\u00ed:<\/strong><span>&nbsp;<\/span>2<br \/><strong><span class=\"show-tooltip\" title=\"\" data-original-title=\"&amp;nbsp;Obsah je fyzik\u00e1ln\u00ed veli\u010dina, kter\u00e1 vyjad\u0159uje plochu n\u011bjak\u00e9ho geometrick\u00e9ho tvaru. Obsah se zpravidla m\u011b\u0159\u00ed v \u010dtvere\u010dn\u00fdch jednotk\u00e1ch, nap\u0159\u00edklad \u010dtvere\u010dn\u00fdch metrech (m\u00b2) nebo \u010dtvere\u010dn\u00fdch centimetrech (cm\u00b2).Zde jsou vzorce pro v\u00fdpo\u010det&amp;hellip;\">Obsah<\/span><span>&nbsp;<\/span>lubrikace:<\/strong><span>&nbsp;<\/span>\u2264 1,5 %<br \/><strong>\u00dabytek <span class=\"show-tooltip\" title=\"Hmotnost&amp;nbsp;je d\u016fle\u017eit\u00e1 fyzik\u00e1ln\u00ed veli\u010dina, aditivn\u00ed vlastnost&amp;nbsp;hmoty&amp;nbsp;(tedy vlastnost jednotliv\u00fdch hmotn\u00fdch&amp;nbsp;t\u011bles), kter\u00e1 vyjad\u0159uje m\u00edru&amp;nbsp;setrva\u010dn\u00fdch&amp;nbsp;\u00fa\u010dink\u016f \u010di m\u00edru&amp;nbsp;gravita\u010dn\u00edch&amp;nbsp;\u00fa\u010dink\u016f hmoty. Ekvivalence setrva\u010dn\u00fdch&amp;hellip;\">hmotnosti<\/span> (po \u017e\u00edh\u00e1n\u00ed 1 hod. 600\u00b0 C):<\/strong><span>&nbsp;<\/span>\u2264 2,5 %<\/div>\n<\/td>\n<td style=\"padding-left: 30px;\"><\/td>\n<\/tr>\n<\/tbody>\n<\/table>\n<p><strong><\/strong><\/div>\n<div>&nbsp;<\/div>\n<div><span><strong>Tento materi\u00e1l prod\u00e1v\u00e1me po b\u011b\u017en\u00fdch metrech.<\/strong><\/span><\/div>\n<\/td>\n<\/tr>\n<\/tbody>\n<\/table><\/div>\n","protected":false},"excerpt":{"rendered":"<p>Detailn\u00ed popis produktu Skeln\u00e1 p\u00e1ska tkan\u00e1 110 g\/m\u00b2, \u0161. 20 mm Skeln\u00e1 p\u00e1ska s barevnou nit\u00ed uprost\u0159ed je vynikaj\u00edc\u00edm materi\u00e1lem pro r\u016fzn\u00e9 aplikace ve stavebnictv\u00ed, model\u00e1\u0159stv\u00ed, um\u011bleck\u00e9m \u0159emesle a oprav\u00e1ch.&nbsp; &nbsp; Kvalitn\u00ed skeln\u00fd materi\u00e1l:&nbsp;Vyroben z odoln\u00e9ho a pevn\u00e9ho skeln\u00e9ho vl\u00e1kna pro zaji\u0161t\u011bn\u00ed vysok\u00e9 odolnosti. Barevn\u00e1 nit uprost\u0159ed:&nbsp;Design&nbsp;s barevnou nit\u00ed uprost\u0159ed poskytuje estetick\u00fd prvek a umo\u017e\u0148uje [&hellip;]<\/p>\n","protected":false},"featured_media":15289,"comment_status":"open","ping_status":"open","template":"","meta":[],"product_brand":[],"product_cat":[61],"product_tag":[],"class_list":{"0":"post-15189","1":"product","2":"type-product","3":"status-publish","4":"has-post-thumbnail","6":"product_cat-kompozitni-materialy","8":"first","9":"instock","10":"sale","11":"shipping-taxable","12":"purchasable","13":"product-type-simple"},"yoast_head":"<!-- This site is optimized with the Yoast SEO plugin v26.8 - https:\/\/yoast.com\/product\/yoast-seo-wordpress\/ -->\n<title>Akce Skeln\u00e1 p\u00e1ska tkan\u00e1 \u00b7 110 g\/m\u00b2 \u00b7 \u0161. 20 mm -<\/title>\n<meta name=\"robots\" content=\"index, follow, max-snippet:-1, max-image-preview:large, max-video-preview:-1\" \/>\n<link rel=\"canonical\" href=\"https:\/\/www.domkraftpro.com\/index.php\/produkt\/akce-skelna-paska-tkana-110-g-m2-s-20-mm-15189\/\" \/>\n<meta property=\"og:locale\" content=\"cs_CZ\" \/>\n<meta property=\"og:type\" content=\"article\" \/>\n<meta property=\"og:title\" content=\"Akce Skeln\u00e1 p\u00e1ska tkan\u00e1 \u00b7 110 g\/m\u00b2 \u00b7 \u0161. 20 mm -\" \/>\n<meta property=\"og:description\" content=\"Detailn\u00ed popis produktu Skeln\u00e1 p\u00e1ska tkan\u00e1 110 g\/m\u00b2, \u0161. 20 mm Skeln\u00e1 p\u00e1ska s barevnou nit\u00ed uprost\u0159ed je vynikaj\u00edc\u00edm materi\u00e1lem pro r\u016fzn\u00e9 aplikace ve stavebnictv\u00ed, model\u00e1\u0159stv\u00ed, um\u011bleck\u00e9m \u0159emesle a oprav\u00e1ch.&nbsp; &nbsp; Kvalitn\u00ed skeln\u00fd materi\u00e1l:&nbsp;Vyroben z odoln\u00e9ho a pevn\u00e9ho skeln\u00e9ho vl\u00e1kna pro zaji\u0161t\u011bn\u00ed vysok\u00e9 odolnosti. Barevn\u00e1 nit uprost\u0159ed:&nbsp;Design&nbsp;s barevnou nit\u00ed uprost\u0159ed poskytuje estetick\u00fd prvek a umo\u017e\u0148uje [&hellip;]\" \/>\n<meta property=\"og:url\" content=\"https:\/\/www.domkraftpro.com\/index.php\/produkt\/akce-skelna-paska-tkana-110-g-m2-s-20-mm-15189\/\" \/>\n<meta property=\"og:image\" content=\"https:\/\/www.domkraftpro.com\/wp-content\/uploads\/2026\/SK0007094-CZ20260425-092522-0-1777080324-116196-1_skelna-paska-119840.webp\" \/>\n\t<meta property=\"og:image:width\" content=\"1000\" \/>\n\t<meta property=\"og:image:height\" content=\"750\" \/>\n\t<meta property=\"og:image:type\" content=\"image\/webp\" \/>\n<meta name=\"twitter:card\" content=\"summary_large_image\" \/>\n<meta name=\"twitter:label1\" content=\"Odhadovan\u00e1 doba \u010dten\u00ed\" \/>\n\t<meta name=\"twitter:data1\" content=\"1 minuta\" \/>\n<script type=\"application\/ld+json\" class=\"yoast-schema-graph\">{\"@context\":\"https:\/\/schema.org\",\"@graph\":[{\"@type\":\"WebPage\",\"@id\":\"https:\/\/www.domkraftpro.com\/index.php\/produkt\/akce-skelna-paska-tkana-110-g-m2-s-20-mm-15189\/\",\"url\":\"https:\/\/www.domkraftpro.com\/index.php\/produkt\/akce-skelna-paska-tkana-110-g-m2-s-20-mm-15189\/\",\"name\":\"Akce Skeln\u00e1 p\u00e1ska tkan\u00e1 \u00b7 110 g\/m\u00b2 \u00b7 \u0161. 20 mm -\",\"isPartOf\":{\"@id\":\"https:\/\/www.domkraftpro.com\/#website\"},\"primaryImageOfPage\":{\"@id\":\"https:\/\/www.domkraftpro.com\/index.php\/produkt\/akce-skelna-paska-tkana-110-g-m2-s-20-mm-15189\/#primaryimage\"},\"image\":{\"@id\":\"https:\/\/www.domkraftpro.com\/index.php\/produkt\/akce-skelna-paska-tkana-110-g-m2-s-20-mm-15189\/#primaryimage\"},\"thumbnailUrl\":\"https:\/\/www.domkraftpro.com\/wp-content\/uploads\/2026\/SK0007094-CZ20260425-092522-0-1777080324-116196-1_skelna-paska-119840.webp\",\"datePublished\":\"2026-04-27T04:41:00+00:00\",\"breadcrumb\":{\"@id\":\"https:\/\/www.domkraftpro.com\/index.php\/produkt\/akce-skelna-paska-tkana-110-g-m2-s-20-mm-15189\/#breadcrumb\"},\"inLanguage\":\"cs\",\"potentialAction\":[{\"@type\":\"ReadAction\",\"target\":[\"https:\/\/www.domkraftpro.com\/index.php\/produkt\/akce-skelna-paska-tkana-110-g-m2-s-20-mm-15189\/\"]}]},{\"@type\":\"ImageObject\",\"inLanguage\":\"cs\",\"@id\":\"https:\/\/www.domkraftpro.com\/index.php\/produkt\/akce-skelna-paska-tkana-110-g-m2-s-20-mm-15189\/#primaryimage\",\"url\":\"https:\/\/www.domkraftpro.com\/wp-content\/uploads\/2026\/SK0007094-CZ20260425-092522-0-1777080324-116196-1_skelna-paska-119840.webp\",\"contentUrl\":\"https:\/\/www.domkraftpro.com\/wp-content\/uploads\/2026\/SK0007094-CZ20260425-092522-0-1777080324-116196-1_skelna-paska-119840.webp\",\"width\":1000,\"height\":750},{\"@type\":\"BreadcrumbList\",\"@id\":\"https:\/\/www.domkraftpro.com\/index.php\/produkt\/akce-skelna-paska-tkana-110-g-m2-s-20-mm-15189\/#breadcrumb\",\"itemListElement\":[{\"@type\":\"ListItem\",\"position\":1,\"name\":\"Home\",\"item\":\"https:\/\/www.domkraftpro.com\/\"},{\"@type\":\"ListItem\",\"position\":2,\"name\":\"Products\",\"item\":\"https:\/\/www.domkraftpro.com\/index.php\/products\/\"},{\"@type\":\"ListItem\",\"position\":3,\"name\":\"Akce Skeln\u00e1 p\u00e1ska tkan\u00e1 \u00b7 110 g\/m\u00b2 \u00b7 \u0161. 20 mm\"}]},{\"@type\":\"WebSite\",\"@id\":\"https:\/\/www.domkraftpro.com\/#website\",\"url\":\"https:\/\/www.domkraftpro.com\/\",\"name\":\"\",\"description\":\"\",\"potentialAction\":[{\"@type\":\"SearchAction\",\"target\":{\"@type\":\"EntryPoint\",\"urlTemplate\":\"https:\/\/www.domkraftpro.com\/?s={search_term_string}\"},\"query-input\":{\"@type\":\"PropertyValueSpecification\",\"valueRequired\":true,\"valueName\":\"search_term_string\"}}],\"inLanguage\":\"cs\"}]}<\/script>\n<!-- \/ Yoast SEO plugin. -->","yoast_head_json":{"title":"Akce Skeln\u00e1 p\u00e1ska tkan\u00e1 \u00b7 110 g\/m\u00b2 \u00b7 \u0161. 20 mm -","robots":{"index":"index","follow":"follow","max-snippet":"max-snippet:-1","max-image-preview":"max-image-preview:large","max-video-preview":"max-video-preview:-1"},"canonical":"https:\/\/www.domkraftpro.com\/index.php\/produkt\/akce-skelna-paska-tkana-110-g-m2-s-20-mm-15189\/","og_locale":"cs_CZ","og_type":"article","og_title":"Akce Skeln\u00e1 p\u00e1ska tkan\u00e1 \u00b7 110 g\/m\u00b2 \u00b7 \u0161. 20 mm -","og_description":"Detailn\u00ed popis produktu Skeln\u00e1 p\u00e1ska tkan\u00e1 110 g\/m\u00b2, \u0161. 20 mm Skeln\u00e1 p\u00e1ska s barevnou nit\u00ed uprost\u0159ed je vynikaj\u00edc\u00edm materi\u00e1lem pro r\u016fzn\u00e9 aplikace ve stavebnictv\u00ed, model\u00e1\u0159stv\u00ed, um\u011bleck\u00e9m \u0159emesle a oprav\u00e1ch.&nbsp; &nbsp; Kvalitn\u00ed skeln\u00fd materi\u00e1l:&nbsp;Vyroben z odoln\u00e9ho a pevn\u00e9ho skeln\u00e9ho vl\u00e1kna pro zaji\u0161t\u011bn\u00ed vysok\u00e9 odolnosti. Barevn\u00e1 nit uprost\u0159ed:&nbsp;Design&nbsp;s barevnou nit\u00ed uprost\u0159ed poskytuje estetick\u00fd prvek a umo\u017e\u0148uje [&hellip;]","og_url":"https:\/\/www.domkraftpro.com\/index.php\/produkt\/akce-skelna-paska-tkana-110-g-m2-s-20-mm-15189\/","og_image":[{"width":1000,"height":750,"url":"https:\/\/www.domkraftpro.com\/wp-content\/uploads\/2026\/SK0007094-CZ20260425-092522-0-1777080324-116196-1_skelna-paska-119840.webp","type":"image\/webp"}],"twitter_card":"summary_large_image","twitter_misc":{"Odhadovan\u00e1 doba \u010dten\u00ed":"1 minuta"},"schema":{"@context":"https:\/\/schema.org","@graph":[{"@type":"WebPage","@id":"https:\/\/www.domkraftpro.com\/index.php\/produkt\/akce-skelna-paska-tkana-110-g-m2-s-20-mm-15189\/","url":"https:\/\/www.domkraftpro.com\/index.php\/produkt\/akce-skelna-paska-tkana-110-g-m2-s-20-mm-15189\/","name":"Akce Skeln\u00e1 p\u00e1ska tkan\u00e1 \u00b7 110 g\/m\u00b2 \u00b7 \u0161. 20 mm -","isPartOf":{"@id":"https:\/\/www.domkraftpro.com\/#website"},"primaryImageOfPage":{"@id":"https:\/\/www.domkraftpro.com\/index.php\/produkt\/akce-skelna-paska-tkana-110-g-m2-s-20-mm-15189\/#primaryimage"},"image":{"@id":"https:\/\/www.domkraftpro.com\/index.php\/produkt\/akce-skelna-paska-tkana-110-g-m2-s-20-mm-15189\/#primaryimage"},"thumbnailUrl":"https:\/\/www.domkraftpro.com\/wp-content\/uploads\/2026\/SK0007094-CZ20260425-092522-0-1777080324-116196-1_skelna-paska-119840.webp","datePublished":"2026-04-27T04:41:00+00:00","breadcrumb":{"@id":"https:\/\/www.domkraftpro.com\/index.php\/produkt\/akce-skelna-paska-tkana-110-g-m2-s-20-mm-15189\/#breadcrumb"},"inLanguage":"cs","potentialAction":[{"@type":"ReadAction","target":["https:\/\/www.domkraftpro.com\/index.php\/produkt\/akce-skelna-paska-tkana-110-g-m2-s-20-mm-15189\/"]}]},{"@type":"ImageObject","inLanguage":"cs","@id":"https:\/\/www.domkraftpro.com\/index.php\/produkt\/akce-skelna-paska-tkana-110-g-m2-s-20-mm-15189\/#primaryimage","url":"https:\/\/www.domkraftpro.com\/wp-content\/uploads\/2026\/SK0007094-CZ20260425-092522-0-1777080324-116196-1_skelna-paska-119840.webp","contentUrl":"https:\/\/www.domkraftpro.com\/wp-content\/uploads\/2026\/SK0007094-CZ20260425-092522-0-1777080324-116196-1_skelna-paska-119840.webp","width":1000,"height":750},{"@type":"BreadcrumbList","@id":"https:\/\/www.domkraftpro.com\/index.php\/produkt\/akce-skelna-paska-tkana-110-g-m2-s-20-mm-15189\/#breadcrumb","itemListElement":[{"@type":"ListItem","position":1,"name":"Home","item":"https:\/\/www.domkraftpro.com\/"},{"@type":"ListItem","position":2,"name":"Products","item":"https:\/\/www.domkraftpro.com\/index.php\/products\/"},{"@type":"ListItem","position":3,"name":"Akce Skeln\u00e1 p\u00e1ska tkan\u00e1 \u00b7 110 g\/m\u00b2 \u00b7 \u0161. 20 mm"}]},{"@type":"WebSite","@id":"https:\/\/www.domkraftpro.com\/#website","url":"https:\/\/www.domkraftpro.com\/","name":"","description":"","potentialAction":[{"@type":"SearchAction","target":{"@type":"EntryPoint","urlTemplate":"https:\/\/www.domkraftpro.com\/?s={search_term_string}"},"query-input":{"@type":"PropertyValueSpecification","valueRequired":true,"valueName":"search_term_string"}}],"inLanguage":"cs"}]}},"_links":{"self":[{"href":"https:\/\/www.domkraftpro.com\/index.php\/wp-json\/wp\/v2\/product\/15189","targetHints":{"allow":["GET"]}}],"collection":[{"href":"https:\/\/www.domkraftpro.com\/index.php\/wp-json\/wp\/v2\/product"}],"about":[{"href":"https:\/\/www.domkraftpro.com\/index.php\/wp-json\/wp\/v2\/types\/product"}],"replies":[{"embeddable":true,"href":"https:\/\/www.domkraftpro.com\/index.php\/wp-json\/wp\/v2\/comments?post=15189"}],"wp:featuredmedia":[{"embeddable":true,"href":"https:\/\/www.domkraftpro.com\/index.php\/wp-json\/wp\/v2\/media\/15289"}],"wp:attachment":[{"href":"https:\/\/www.domkraftpro.com\/index.php\/wp-json\/wp\/v2\/media?parent=15189"}],"wp:term":[{"taxonomy":"product_brand","embeddable":true,"href":"https:\/\/www.domkraftpro.com\/index.php\/wp-json\/wp\/v2\/product_brand?post=15189"},{"taxonomy":"product_cat","embeddable":true,"href":"https:\/\/www.domkraftpro.com\/index.php\/wp-json\/wp\/v2\/product_cat?post=15189"},{"taxonomy":"product_tag","embeddable":true,"href":"https:\/\/www.domkraftpro.com\/index.php\/wp-json\/wp\/v2\/product_tag?post=15189"}],"curies":[{"name":"wp","href":"https:\/\/api.w.org\/{rel}","templated":true}]}}