{"id":15110,"date":"2026-04-27T04:41:00","date_gmt":"2026-04-27T04:41:00","guid":{"rendered":""},"modified":"2026-04-27T04:41:00","modified_gmt":"2026-04-27T04:41:00","slug":"pouze-dnes-dupli-color-r-aerosol-art-chrome-copper-barva-ve-spreji-medena-400-ml-15110","status":"publish","type":"product","link":"https:\/\/www.domkraftpro.com\/index.php\/produkt\/pouze-dnes-dupli-color-r-aerosol-art-chrome-copper-barva-ve-spreji-medena-400-ml-15110\/","title":{"rendered":"Pouze Dnes DUPLI-COLOR\u00ae AEROSOL ART CHROME COPPER Barva ve spreji, m\u011bd\u011bn\u00e1, 400 ml"},"content":{"rendered":"<div class=\"basic-description\">\n<h3>Detailn\u00ed popis produktu<\/h3>\n<h1><strong>DUPLI-COLOR\u00ae <span class=\"show-tooltip\" title=\"Aerosol je jemn\u00e1 disperze kapaliny nebo pevn\u00fdch \u010d\u00e1stic ve vzduchu nebo jin\u00e9m plynu.Tato disperze vytv\u00e1\u0159\u00ed stabiln\u00ed \u010d\u00e1sticov\u00fd oblak nebo mlhu.Aerosoly mohou b\u00fdt slo\u017eeny z tekutin, jako jsou barvy, laky, \u010di\u0161t\u011bn\u00ed nebo dezinfek\u010dn\u00ed prost\u0159edky, a tak\u00e9 z&amp;hellip;\">AEROSOL<\/span> ART CHROME COPPER <\/strong><\/h1>\n<h1><span style=\"font-size: 14pt;\"><strong>Barva ve <span class=\"show-tooltip\" title=\"Sprej je za\u0159\u00edzen\u00ed nebo produkt, kter\u00fd umo\u017e\u0148uje rozpra\u0161ov\u00e1n\u00ed kapaliny nebo suspenze do vzduchu ve form\u011b jemn\u00e9 mlhy.Spreje jsou praktick\u00fdm a efektivn\u00edm zp\u016fsobem, jak aplikovat r\u016fzn\u00e9 l\u00e1tky v mnoha odv\u011btv\u00edch, a jejich design a technologie se neust\u00e1le&amp;hellip;\">spreji<\/span> chromov\u00e1 s efektem <span class=\"show-tooltip\" title=\"M\u011b\u010f je kovov\u00fd prvek s chemick\u00fdm symbolem Cu a atomov\u00fdm \u010d\u00edslem 29.&amp;nbsp;\u058d Pat\u0159\u00ed mezi p\u0159echodn\u00e9 kovy a je zn\u00e1m\u00e1 svou vysokou elektrickou a tepelnou vodivost\u00ed.\u058d M\u011b\u010f je m\u011bkk\u00fd, leskl\u00fd kov, kter\u00fd m\u00e1 v\u00fdrazn\u011b \u010dervenohn\u011bdou barvu.&amp;nbsp;\u058d Na vzduchu&amp;hellip;\">m\u011bdi<\/span><\/strong><\/span>&nbsp;<\/h1>\n<div><strong><span class=\"show-tooltip\" title=\"Lesk povrchu barvy je srovn\u00e1v\u00e1n s mno\u017estv\u00edm sv\u011btla odrazen\u00e9ho \u010dernou le\u0161t\u011bnou sklen\u011bnou deskou s ozna\u010den\u00edm 100, tedy s maxim\u00e1ln\u00edm leskem. Barvy a laky jsou rozd\u011bleny do skupin podle lesku m\u011b\u0159en\u00e9ho v \u00fahlu odrazu 60 stup\u0148\u016f podle n\u00ed\u017ee uveden\u00e9&amp;hellip;\">Vysoce leskl\u00fd<\/span> efektn\u00ed sprej, kter\u00fd dod\u00e1v\u00e1 hladk\u00fdm povrch\u016fm <span class=\"show-tooltip\" title=\"Trvanlivost je schopnost materi\u00e1lu, v\u00fdrobku nebo syst\u00e9mu zachovat sv\u00e9 fyzik\u00e1ln\u00ed, chemick\u00e9 nebo mechanick\u00e9 vlastnosti a plnit svou funkci po ur\u010ditou dobu nebo za ur\u010dit\u00fdch podm\u00ednek. Tento term\u00edn se \u010dasto pou\u017e\u00edv\u00e1 v r\u016fzn\u00fdch odv\u011btv\u00edch a kontextech k&amp;hellip;\">trvanliv\u00fd<\/span> vzhled podobn\u00fd <span class=\"show-tooltip\" title=\"Le\u0161t\u011bn\u00ed je proces nebo \u010dinnost, p\u0159i kter\u00e9 se povrchov\u00fd materi\u00e1l nebo p\u0159edm\u011bt zjem\u0148uje a z\u00edsk\u00e1v\u00e1 hladk\u00fd, leskl\u00fd nebo hladk\u00fd vzhled. Tento postup m\u016f\u017ee b\u00fdt pou\u017eit na r\u016fzn\u00e9 materi\u00e1ly, v\u010detn\u011b kov\u016f, skla, d\u0159eva, plast\u016f a dal\u0161\u00edch. C\u00edlem le\u0161t\u011bn\u00ed je odstranit&amp;hellip;\">le\u0161t\u011bn\u00e9<\/span> m\u011bdi.&nbsp;<\/strong><\/div>\n<div>&nbsp;<\/div>\n<div>\u058d Vysoce kvalitn\u00ed akrylov\u00fd <span class=\"show-tooltip\" title=\"Lak je povlak nebo n\u00e1t\u011br, kter\u00fd se nan\u00e1\u0161\u00ed na povrchy s c\u00edlem zv\u00fd\u0161it jejich odolnost, estetick\u00fd vzhled nebo ochranu. Existuje mnoho r\u016fzn\u00fdch typ\u016f lak\u016f, z nich\u017e ka\u017ed\u00fd je ur\u010den pro specifick\u00e9 pou\u017eit\u00ed a materi\u00e1ly:Vodou \u0159editeln\u00fd lak: Typ&amp;hellip;\">lak<\/span><\/div>\n<div>\u058d Odoln\u00fd v\u016f\u010di vod\u011b a b\u011b\u017en\u00fdm dom\u00e1c\u00edm prost\u0159edk\u016fm<\/div>\n<div>\u058d Velmi dobr\u00e9 <span class=\"show-tooltip\" title=\"Zna\u010den\u00ed IP (Ingress Protection)&amp;nbsp;- Stupe\u0148 kryt\u00ed, t\u0159\u00edda ochrany, nebo tak\u00e9 Kryt\u00ed IP - ud\u00e1v\u00e1 \u00farove\u0148 ochrany elektrick\u00fdch za\u0159\u00edzen\u00ed p\u0159ed vniknut\u00edm ciz\u00edch p\u0159edm\u011bt\u016f, vodou a nebezpe\u010dn\u00fdm dotykem.&amp;nbsp;\u2743 Toto kryt\u00ed je standardizov\u00e1no podle&amp;hellip;\">kryt\u00ed<\/span> a vysok\u00fd lesk<\/div>\n<div>\u058d Vynikaj\u00edc\u00ed <span class=\"show-tooltip\" title=\"Stupe\u0148 p\u0159ipevn\u011bn\u00ed n\u00e1t\u011bru k povrchu. Kvalita nebo stupe\u0148 p\u0159ipevn\u011bn\u00ed mezi povlakem barvy a povrchem nebo barvou pod n\u00edm. Schopnost such\u00e9 barvy z\u016fstat na povrchu bez puch\u00fd\u0159\u016f, odlupov\u00e1n\u00ed nebo prask\u00e1n\u00ed. P\u0159ilnavost je pravd\u011bpodobn\u011b nejd\u016fle\u017eit\u011bj\u0161\u00ed&amp;hellip;\">p\u0159ilnavost<\/span> a rychleschnouc\u00ed<\/div>\n<div>\u058d Dobr\u00fd <span class=\"show-tooltip\" title=\"Pr\u016ftok je fyzik\u00e1ln\u00ed veli\u010dina popisuj\u00edc\u00ed mno\u017estv\u00ed l\u00e1tky nebo energie, kter\u00e9 proch\u00e1z\u00ed ur\u010dit\u00fdm bodem v prostoru za jednotku \u010dasu. Jedn\u00e1 se tedy o m\u011b\u0159en\u00ed toku nebo pohybu n\u011b\u010deho skrz dan\u00fd prostor v pr\u016fb\u011bhu \u010dasu.V kontextu tekutin nebo kapalin, pr\u016ftok&amp;hellip;\">pr\u016ftok<\/span> a hladk\u00fd povrch<\/div>\n<div>&nbsp;<\/div>\n<div><strong>Z\u00e1klad pojiva:<\/strong> Akrylov\u00e9 kopolymery<\/div>\n<div><strong>Z\u00e1pach:<\/strong> <span class=\"show-tooltip\" title=\"Rozpou\u0161t\u011bdlo je l\u00e1tka, obvykle kapalina, schopn\u00e1 rozpou\u0161t\u011bt nebo dispergovat jinou l\u00e1tku, kter\u00e1 se naz\u00fdv\u00e1 rozpou\u0161t\u011bn\u00e1 l\u00e1tka. Tento proces je zn\u00e1m\u00fd jako rozpou\u0161t\u011bn\u00ed. Rozpou\u0161t\u011bdla jsou \u010dasto pou\u017e\u00edv\u00e1na v chemii, pr\u016fmyslu, lakovn\u00e1ch, farmacii a dal\u0161\u00edch&amp;hellip;\">Rozpou\u0161t\u011bdlo<\/span><\/div>\n<div><strong>Stupe\u0148 lesku:<\/strong> Nem\u011b\u0159iteln\u00fd, &gt;100 (p\u0159i \u00fahlu m\u011b\u0159en\u00ed 60\u00b0 podle DIN 67530)<\/div>\n<div><strong>\u00da\u010dinnost:<\/strong> 400 ml dosta\u010duje p\u0159ibli\u017en\u011b pro 1.2 m\u00b2<\/div>\n<div><strong><span class=\"show-tooltip\" title=\"Teplota&amp;nbsp;je charakteristika tepeln\u00e9ho&amp;nbsp;stavu&amp;nbsp;hmoty. Je to jedna z nejd\u016fle\u017eit\u011bj\u0161\u00edch fyzik\u00e1ln\u00edch veli\u010din. Teplota ovliv\u0148uje aktivitu (energii) ve\u0161ker\u00fdch \u010d\u00e1stic ve vesm\u00edru a zp\u016fsobuje zm\u011bnu rozm\u011br\u016f, tvaru&amp;hellip;\">Teplotn\u00ed<\/span> odolnost:<\/strong> a\u017e 80\u00b0C<\/div>\n<div>&nbsp;<\/div>\n<div><strong>Pou\u017eit\u00ed<\/strong><\/div>\n<div>&nbsp;<\/div>\n<div><strong>\u058d Ide\u00e1ln\u00ed pro aplikaci na v\u0161echny hladk\u00e9 povrchy, v\u010detn\u011b kovu, <span class=\"show-tooltip\" title=\"D\u0159evo&amp;nbsp;je tvrd\u00e9 a p\u00f3rovit\u00e9&amp;nbsp;rostlinn\u00e9 pletivo&amp;nbsp;(tk\u00e1\u0148), je\u017e tvo\u0159\u00ed kmeny, ko\u0159eny a v\u011btve strom\u016f, ke\u0159\u016f a dal\u0161\u00edch&amp;nbsp;d\u0159evin. Skl\u00e1d\u00e1 se z&amp;nbsp;celul\u00f3zov\u00fdch&amp;nbsp;vl\u00e1ken s vysokou pevnost\u00ed v tahu a&amp;nbsp;ligninov\u00e9&amp;nbsp;v\u00fdpln\u011b, kter\u00e1&amp;hellip;\">d\u0159eva<\/span>, <span class=\"show-tooltip\" title=\"Sklo&amp;nbsp;je homogenn\u00ed,&amp;nbsp;amorfn\u00ed&amp;nbsp;(tj. nekrystalick\u00e1) pevn\u00e1 l\u00e1tka, kter\u00e1 se vyzna\u010duje tvrdost\u00ed, k\u0159ehkost\u00ed a pr\u016fhlednost\u00ed. Hlavn\u00ed slo\u017ekou skla je&amp;nbsp;oxid k\u0159emi\u010dit\u00fd&amp;nbsp;(SiO2) a vyr\u00e1b\u00ed se taven\u00edm k\u0159emi\u010dit\u00e9ho&amp;nbsp;skl\u00e1\u0159sk\u00e9ho&amp;hellip;\">skla<\/span> a <span class=\"show-tooltip\" title=\"Plastyn\u011bkdy tak\u00e9 naz\u00fdvan\u00e9 plastick\u00e9 \u010di um\u011bl\u00e9 hmoty, p\u0159edstavuj\u00ed \u0161irokou \u0161k\u00e1lu syntetick\u00fdch nebo \u010d\u00e1ste\u010dn\u011b syntetick\u00fdch organick\u00fdch slou\u010denin a polymern\u00edch materi\u00e1l\u016f. \u010casto obsahuj\u00ed p\u0159\u00edsady zlep\u0161uj\u00edc\u00ed jejich funk\u010dn\u00ed vlastnosti, nap\u0159\u00edklad&amp;hellip;\">plast\u016f<\/span>.<\/strong><\/div>\n<div>&nbsp;<\/div>\n<div><strong>Pokyny pro pou\u017eit\u00ed<\/strong><\/div>\n<div>&nbsp;<\/div>\n<div>\u058d P\u0159ipravte povrch \u010dist\u00fdm, such\u00fdm, bez rzi a mastnoty.<\/div>\n<div>\u058d Pokud je povrch sav\u00fd, o\u0161et\u0159ete ho DUPLI-COLOR z\u00e1kladov\u00fdm lakem.<\/div>\n<div>\u058d Zakryjte p\u00e1skou plochy, kter\u00e9 nechcete nat\u0159\u00edt.<\/div>\n<div>\u058d D\u016fkladn\u011b prot\u0159epejte n\u00e1dobku po dobu 3 minut.<\/div>\n<div>\u058d Otestujte sprej na nen\u00e1padn\u00e9m m\u00edst\u011b.<\/div>\n<div>\u058d Nan\u00e1\u0161ejte ze vzd\u00e1lenosti 20 &#8211; 30 cm n\u011bkolik tenk\u00fdch vrstev ve 2 minutov\u00fdch intervalech.<\/div>\n<div>&nbsp;<\/div>\n<div><strong>D\u016fle\u017eit\u00e9:<\/strong><\/div>\n<div>&nbsp;<\/div>\n<div>\u058d Technicky nen\u00ed mo\u017en\u00e9 zachovat vynikaj\u00edc\u00ed vysok\u00fd lesk nav\u017edy. Aplikace bezbarv\u00e9ho laku vyzdvihne efekt n\u00e1t\u011bru. Jedinou mo\u017enost\u00ed obnovit lesk je nan\u00e9st novou vrstvu efektn\u00edho spreje.<\/div>\n<div>\u058d Nepou\u017e\u00edvejte na povrchy, kter\u00e9 jsou nat\u0159eny laky se syntetickou prysky\u0159ic\u00ed.&nbsp;<\/div>\n<div>&nbsp;<\/div>\n<div><strong>Velikosti balen\u00ed:<\/strong> Aerosolov\u00e1 d\u00f3za (spray) 400 ml<\/div>\n<div><strong>Dostupn\u00e9 varianty:<\/strong> Transparentn\u00ed, lesk, mat<\/div>\n<div><strong>V\u00fdrobce:<\/strong> Motip-Dupli, Nizozem\u00ed<\/div>\n<div>&nbsp;<\/div>\n<div><\/div>\n<div>&nbsp;<\/div>\n<div><\/div>\n<div><\/div>\n<\/p><\/div>\n","protected":false},"excerpt":{"rendered":"<p>Detailn\u00ed popis produktu DUPLI-COLOR\u00ae AEROSOL ART CHROME COPPER Barva ve spreji chromov\u00e1 s efektem m\u011bdi&nbsp; Vysoce leskl\u00fd efektn\u00ed sprej, kter\u00fd dod\u00e1v\u00e1 hladk\u00fdm povrch\u016fm trvanliv\u00fd vzhled podobn\u00fd le\u0161t\u011bn\u00e9 m\u011bdi.&nbsp; &nbsp; \u058d Vysoce kvalitn\u00ed akrylov\u00fd lak \u058d Odoln\u00fd v\u016f\u010di vod\u011b a b\u011b\u017en\u00fdm dom\u00e1c\u00edm prost\u0159edk\u016fm \u058d Velmi dobr\u00e9 kryt\u00ed a vysok\u00fd lesk \u058d Vynikaj\u00edc\u00ed p\u0159ilnavost a rychleschnouc\u00ed \u058d [&hellip;]<\/p>\n","protected":false},"featured_media":15210,"comment_status":"open","ping_status":"open","template":"","meta":[],"product_brand":[],"product_cat":[62],"product_tag":[],"class_list":{"0":"post-15110","1":"product","2":"type-product","3":"status-publish","4":"has-post-thumbnail","6":"product_cat-barvy-amp-laky","8":"first","9":"instock","10":"sale","11":"shipping-taxable","12":"purchasable","13":"product-type-simple"},"yoast_head":"<!-- This site is optimized with the Yoast SEO plugin v26.8 - https:\/\/yoast.com\/product\/yoast-seo-wordpress\/ -->\n<title>Pouze Dnes DUPLI-COLOR\u00ae AEROSOL ART CHROME COPPER Barva ve spreji, m\u011bd\u011bn\u00e1, 400 ml -<\/title>\n<meta name=\"robots\" content=\"index, follow, max-snippet:-1, max-image-preview:large, max-video-preview:-1\" \/>\n<link rel=\"canonical\" href=\"https:\/\/www.domkraftpro.com\/index.php\/produkt\/pouze-dnes-dupli-color-r-aerosol-art-chrome-copper-barva-ve-spreji-medena-400-ml-15110\/\" \/>\n<meta property=\"og:locale\" content=\"cs_CZ\" \/>\n<meta property=\"og:type\" content=\"article\" \/>\n<meta property=\"og:title\" content=\"Pouze Dnes DUPLI-COLOR\u00ae AEROSOL ART CHROME COPPER Barva ve spreji, m\u011bd\u011bn\u00e1, 400 ml -\" \/>\n<meta property=\"og:description\" content=\"Detailn\u00ed popis produktu DUPLI-COLOR\u00ae AEROSOL ART CHROME COPPER Barva ve spreji chromov\u00e1 s efektem m\u011bdi&nbsp; Vysoce leskl\u00fd efektn\u00ed sprej, kter\u00fd dod\u00e1v\u00e1 hladk\u00fdm povrch\u016fm trvanliv\u00fd vzhled podobn\u00fd le\u0161t\u011bn\u00e9 m\u011bdi.&nbsp; &nbsp; \u058d Vysoce kvalitn\u00ed akrylov\u00fd lak \u058d Odoln\u00fd v\u016f\u010di vod\u011b a b\u011b\u017en\u00fdm dom\u00e1c\u00edm prost\u0159edk\u016fm \u058d Velmi dobr\u00e9 kryt\u00ed a vysok\u00fd lesk \u058d Vynikaj\u00edc\u00ed p\u0159ilnavost a rychleschnouc\u00ed \u058d [&hellip;]\" \/>\n<meta property=\"og:url\" content=\"https:\/\/www.domkraftpro.com\/index.php\/produkt\/pouze-dnes-dupli-color-r-aerosol-art-chrome-copper-barva-ve-spreji-medena-400-ml-15110\/\" \/>\n<meta property=\"og:image\" content=\"https:\/\/www.domkraftpro.com\/wp-content\/uploads\/2026\/SK0007015-CZ20260425-092522-0-1777080324-115890_dupli-art-chrome-copper.webp\" \/>\n\t<meta property=\"og:image:width\" content=\"1000\" \/>\n\t<meta property=\"og:image:height\" content=\"750\" \/>\n\t<meta property=\"og:image:type\" content=\"image\/webp\" \/>\n<meta name=\"twitter:card\" content=\"summary_large_image\" \/>\n<meta name=\"twitter:label1\" content=\"Odhadovan\u00e1 doba \u010dten\u00ed\" \/>\n\t<meta name=\"twitter:data1\" content=\"1 minuta\" \/>\n<script type=\"application\/ld+json\" class=\"yoast-schema-graph\">{\"@context\":\"https:\/\/schema.org\",\"@graph\":[{\"@type\":\"WebPage\",\"@id\":\"https:\/\/www.domkraftpro.com\/index.php\/produkt\/pouze-dnes-dupli-color-r-aerosol-art-chrome-copper-barva-ve-spreji-medena-400-ml-15110\/\",\"url\":\"https:\/\/www.domkraftpro.com\/index.php\/produkt\/pouze-dnes-dupli-color-r-aerosol-art-chrome-copper-barva-ve-spreji-medena-400-ml-15110\/\",\"name\":\"Pouze Dnes DUPLI-COLOR\u00ae AEROSOL ART CHROME COPPER Barva ve spreji, m\u011bd\u011bn\u00e1, 400 ml -\",\"isPartOf\":{\"@id\":\"https:\/\/www.domkraftpro.com\/#website\"},\"primaryImageOfPage\":{\"@id\":\"https:\/\/www.domkraftpro.com\/index.php\/produkt\/pouze-dnes-dupli-color-r-aerosol-art-chrome-copper-barva-ve-spreji-medena-400-ml-15110\/#primaryimage\"},\"image\":{\"@id\":\"https:\/\/www.domkraftpro.com\/index.php\/produkt\/pouze-dnes-dupli-color-r-aerosol-art-chrome-copper-barva-ve-spreji-medena-400-ml-15110\/#primaryimage\"},\"thumbnailUrl\":\"https:\/\/www.domkraftpro.com\/wp-content\/uploads\/2026\/SK0007015-CZ20260425-092522-0-1777080324-115890_dupli-art-chrome-copper.webp\",\"datePublished\":\"2026-04-27T04:41:00+00:00\",\"breadcrumb\":{\"@id\":\"https:\/\/www.domkraftpro.com\/index.php\/produkt\/pouze-dnes-dupli-color-r-aerosol-art-chrome-copper-barva-ve-spreji-medena-400-ml-15110\/#breadcrumb\"},\"inLanguage\":\"cs\",\"potentialAction\":[{\"@type\":\"ReadAction\",\"target\":[\"https:\/\/www.domkraftpro.com\/index.php\/produkt\/pouze-dnes-dupli-color-r-aerosol-art-chrome-copper-barva-ve-spreji-medena-400-ml-15110\/\"]}]},{\"@type\":\"ImageObject\",\"inLanguage\":\"cs\",\"@id\":\"https:\/\/www.domkraftpro.com\/index.php\/produkt\/pouze-dnes-dupli-color-r-aerosol-art-chrome-copper-barva-ve-spreji-medena-400-ml-15110\/#primaryimage\",\"url\":\"https:\/\/www.domkraftpro.com\/wp-content\/uploads\/2026\/SK0007015-CZ20260425-092522-0-1777080324-115890_dupli-art-chrome-copper.webp\",\"contentUrl\":\"https:\/\/www.domkraftpro.com\/wp-content\/uploads\/2026\/SK0007015-CZ20260425-092522-0-1777080324-115890_dupli-art-chrome-copper.webp\",\"width\":1000,\"height\":750},{\"@type\":\"BreadcrumbList\",\"@id\":\"https:\/\/www.domkraftpro.com\/index.php\/produkt\/pouze-dnes-dupli-color-r-aerosol-art-chrome-copper-barva-ve-spreji-medena-400-ml-15110\/#breadcrumb\",\"itemListElement\":[{\"@type\":\"ListItem\",\"position\":1,\"name\":\"Home\",\"item\":\"https:\/\/www.domkraftpro.com\/\"},{\"@type\":\"ListItem\",\"position\":2,\"name\":\"Products\",\"item\":\"https:\/\/www.domkraftpro.com\/index.php\/products\/\"},{\"@type\":\"ListItem\",\"position\":3,\"name\":\"Pouze Dnes DUPLI-COLOR\u00ae AEROSOL ART CHROME COPPER Barva ve spreji, m\u011bd\u011bn\u00e1, 400 ml\"}]},{\"@type\":\"WebSite\",\"@id\":\"https:\/\/www.domkraftpro.com\/#website\",\"url\":\"https:\/\/www.domkraftpro.com\/\",\"name\":\"\",\"description\":\"\",\"potentialAction\":[{\"@type\":\"SearchAction\",\"target\":{\"@type\":\"EntryPoint\",\"urlTemplate\":\"https:\/\/www.domkraftpro.com\/?s={search_term_string}\"},\"query-input\":{\"@type\":\"PropertyValueSpecification\",\"valueRequired\":true,\"valueName\":\"search_term_string\"}}],\"inLanguage\":\"cs\"}]}<\/script>\n<!-- \/ Yoast SEO plugin. -->","yoast_head_json":{"title":"Pouze Dnes DUPLI-COLOR\u00ae AEROSOL ART CHROME COPPER Barva ve spreji, m\u011bd\u011bn\u00e1, 400 ml -","robots":{"index":"index","follow":"follow","max-snippet":"max-snippet:-1","max-image-preview":"max-image-preview:large","max-video-preview":"max-video-preview:-1"},"canonical":"https:\/\/www.domkraftpro.com\/index.php\/produkt\/pouze-dnes-dupli-color-r-aerosol-art-chrome-copper-barva-ve-spreji-medena-400-ml-15110\/","og_locale":"cs_CZ","og_type":"article","og_title":"Pouze Dnes DUPLI-COLOR\u00ae AEROSOL ART CHROME COPPER Barva ve spreji, m\u011bd\u011bn\u00e1, 400 ml -","og_description":"Detailn\u00ed popis produktu DUPLI-COLOR\u00ae AEROSOL ART CHROME COPPER Barva ve spreji chromov\u00e1 s efektem m\u011bdi&nbsp; Vysoce leskl\u00fd efektn\u00ed sprej, kter\u00fd dod\u00e1v\u00e1 hladk\u00fdm povrch\u016fm trvanliv\u00fd vzhled podobn\u00fd le\u0161t\u011bn\u00e9 m\u011bdi.&nbsp; &nbsp; \u058d Vysoce kvalitn\u00ed akrylov\u00fd lak \u058d Odoln\u00fd v\u016f\u010di vod\u011b a b\u011b\u017en\u00fdm dom\u00e1c\u00edm prost\u0159edk\u016fm \u058d Velmi dobr\u00e9 kryt\u00ed a vysok\u00fd lesk \u058d Vynikaj\u00edc\u00ed p\u0159ilnavost a rychleschnouc\u00ed \u058d [&hellip;]","og_url":"https:\/\/www.domkraftpro.com\/index.php\/produkt\/pouze-dnes-dupli-color-r-aerosol-art-chrome-copper-barva-ve-spreji-medena-400-ml-15110\/","og_image":[{"width":1000,"height":750,"url":"https:\/\/www.domkraftpro.com\/wp-content\/uploads\/2026\/SK0007015-CZ20260425-092522-0-1777080324-115890_dupli-art-chrome-copper.webp","type":"image\/webp"}],"twitter_card":"summary_large_image","twitter_misc":{"Odhadovan\u00e1 doba \u010dten\u00ed":"1 minuta"},"schema":{"@context":"https:\/\/schema.org","@graph":[{"@type":"WebPage","@id":"https:\/\/www.domkraftpro.com\/index.php\/produkt\/pouze-dnes-dupli-color-r-aerosol-art-chrome-copper-barva-ve-spreji-medena-400-ml-15110\/","url":"https:\/\/www.domkraftpro.com\/index.php\/produkt\/pouze-dnes-dupli-color-r-aerosol-art-chrome-copper-barva-ve-spreji-medena-400-ml-15110\/","name":"Pouze Dnes DUPLI-COLOR\u00ae AEROSOL ART CHROME COPPER Barva ve spreji, m\u011bd\u011bn\u00e1, 400 ml -","isPartOf":{"@id":"https:\/\/www.domkraftpro.com\/#website"},"primaryImageOfPage":{"@id":"https:\/\/www.domkraftpro.com\/index.php\/produkt\/pouze-dnes-dupli-color-r-aerosol-art-chrome-copper-barva-ve-spreji-medena-400-ml-15110\/#primaryimage"},"image":{"@id":"https:\/\/www.domkraftpro.com\/index.php\/produkt\/pouze-dnes-dupli-color-r-aerosol-art-chrome-copper-barva-ve-spreji-medena-400-ml-15110\/#primaryimage"},"thumbnailUrl":"https:\/\/www.domkraftpro.com\/wp-content\/uploads\/2026\/SK0007015-CZ20260425-092522-0-1777080324-115890_dupli-art-chrome-copper.webp","datePublished":"2026-04-27T04:41:00+00:00","breadcrumb":{"@id":"https:\/\/www.domkraftpro.com\/index.php\/produkt\/pouze-dnes-dupli-color-r-aerosol-art-chrome-copper-barva-ve-spreji-medena-400-ml-15110\/#breadcrumb"},"inLanguage":"cs","potentialAction":[{"@type":"ReadAction","target":["https:\/\/www.domkraftpro.com\/index.php\/produkt\/pouze-dnes-dupli-color-r-aerosol-art-chrome-copper-barva-ve-spreji-medena-400-ml-15110\/"]}]},{"@type":"ImageObject","inLanguage":"cs","@id":"https:\/\/www.domkraftpro.com\/index.php\/produkt\/pouze-dnes-dupli-color-r-aerosol-art-chrome-copper-barva-ve-spreji-medena-400-ml-15110\/#primaryimage","url":"https:\/\/www.domkraftpro.com\/wp-content\/uploads\/2026\/SK0007015-CZ20260425-092522-0-1777080324-115890_dupli-art-chrome-copper.webp","contentUrl":"https:\/\/www.domkraftpro.com\/wp-content\/uploads\/2026\/SK0007015-CZ20260425-092522-0-1777080324-115890_dupli-art-chrome-copper.webp","width":1000,"height":750},{"@type":"BreadcrumbList","@id":"https:\/\/www.domkraftpro.com\/index.php\/produkt\/pouze-dnes-dupli-color-r-aerosol-art-chrome-copper-barva-ve-spreji-medena-400-ml-15110\/#breadcrumb","itemListElement":[{"@type":"ListItem","position":1,"name":"Home","item":"https:\/\/www.domkraftpro.com\/"},{"@type":"ListItem","position":2,"name":"Products","item":"https:\/\/www.domkraftpro.com\/index.php\/products\/"},{"@type":"ListItem","position":3,"name":"Pouze Dnes DUPLI-COLOR\u00ae AEROSOL ART CHROME COPPER Barva ve spreji, m\u011bd\u011bn\u00e1, 400 ml"}]},{"@type":"WebSite","@id":"https:\/\/www.domkraftpro.com\/#website","url":"https:\/\/www.domkraftpro.com\/","name":"","description":"","potentialAction":[{"@type":"SearchAction","target":{"@type":"EntryPoint","urlTemplate":"https:\/\/www.domkraftpro.com\/?s={search_term_string}"},"query-input":{"@type":"PropertyValueSpecification","valueRequired":true,"valueName":"search_term_string"}}],"inLanguage":"cs"}]}},"_links":{"self":[{"href":"https:\/\/www.domkraftpro.com\/index.php\/wp-json\/wp\/v2\/product\/15110","targetHints":{"allow":["GET"]}}],"collection":[{"href":"https:\/\/www.domkraftpro.com\/index.php\/wp-json\/wp\/v2\/product"}],"about":[{"href":"https:\/\/www.domkraftpro.com\/index.php\/wp-json\/wp\/v2\/types\/product"}],"replies":[{"embeddable":true,"href":"https:\/\/www.domkraftpro.com\/index.php\/wp-json\/wp\/v2\/comments?post=15110"}],"wp:featuredmedia":[{"embeddable":true,"href":"https:\/\/www.domkraftpro.com\/index.php\/wp-json\/wp\/v2\/media\/15210"}],"wp:attachment":[{"href":"https:\/\/www.domkraftpro.com\/index.php\/wp-json\/wp\/v2\/media?parent=15110"}],"wp:term":[{"taxonomy":"product_brand","embeddable":true,"href":"https:\/\/www.domkraftpro.com\/index.php\/wp-json\/wp\/v2\/product_brand?post=15110"},{"taxonomy":"product_cat","embeddable":true,"href":"https:\/\/www.domkraftpro.com\/index.php\/wp-json\/wp\/v2\/product_cat?post=15110"},{"taxonomy":"product_tag","embeddable":true,"href":"https:\/\/www.domkraftpro.com\/index.php\/wp-json\/wp\/v2\/product_tag?post=15110"}],"curies":[{"name":"wp","href":"https:\/\/api.w.org\/{rel}","templated":true}]}}