{"id":15109,"date":"2026-04-27T04:41:00","date_gmt":"2026-04-27T04:41:00","guid":{"rendered":""},"modified":"2026-04-27T04:41:00","modified_gmt":"2026-04-27T04:41:00","slug":"motip-r-bumperspray-barva-ve-spreji-na-narazniky-bezpecna-platba-15109","status":"publish","type":"product","link":"https:\/\/www.domkraftpro.com\/index.php\/produkt\/motip-r-bumperspray-barva-ve-spreji-na-narazniky-bezpecna-platba-15109\/","title":{"rendered":"MOTIP\u00ae BUMPERSPRAY Barva ve spreji na n\u00e1razn\u00edky Bezpe\u010dn\u00e1 Platba"},"content":{"rendered":"<div class=\"basic-description\">\n<h3>Detailn\u00ed popis produktu<\/h3>\n<h1><strong>MOTIP\u00ae BUMPERSPRAY&nbsp;Barva na n\u00e1razn\u00edky<\/strong><\/h1>\n<div><span style=\"font-size: 12pt;\"><strong><span><span class=\"show-tooltip\" title=\"Sprej je za\u0159\u00edzen\u00ed nebo produkt, kter\u00fd umo\u017e\u0148uje rozpra\u0161ov\u00e1n\u00ed kapaliny nebo suspenze do vzduchu ve form\u011b jemn\u00e9 mlhy.Spreje jsou praktick\u00fdm a efektivn\u00edm zp\u016fsobem, jak aplikovat r\u016fzn\u00e9 l\u00e1tky v mnoha odv\u011btv\u00edch, a jejich design a technologie se neust\u00e1le&amp;hellip;\">Sprej<\/span> ur\u010den\u00fd pro opravu a vylep\u0161en\u00ed <span class=\"show-tooltip\" title=\"Plastyn\u011bkdy tak\u00e9 naz\u00fdvan\u00e9 plastick\u00e9 \u010di um\u011bl\u00e9 hmoty, p\u0159edstavuj\u00ed \u0161irokou \u0161k\u00e1lu syntetick\u00fdch nebo \u010d\u00e1ste\u010dn\u011b syntetick\u00fdch organick\u00fdch slou\u010denin a polymern\u00edch materi\u00e1l\u016f. \u010casto obsahuj\u00ed p\u0159\u00edsady zlep\u0161uj\u00edc\u00ed jejich funk\u010dn\u00ed vlastnosti, nap\u0159\u00edklad&amp;hellip;\">plastov\u00fdch<\/span> n\u00e1razn\u00edk\u016f.&nbsp;<\/span><\/strong><\/span><\/div>\n<div>&nbsp;<\/div>\n<div><span style=\"font-size: 11pt;\"><strong>\u058d S t\u00edmto produktem jsou \u0161kr\u00e1bance a zv\u011btral\u00e9 n\u00e1razn\u00edky minulost\u00ed, p\u0159i\u010dem\u017e je zachov\u00e1na p\u016fvodn\u00ed struktura plastu. <\/strong><\/span><\/div>\n<div><span style=\"font-size: 11pt;\"><strong>\u058d Syntetick\u00fdm povrch\u016fm poskytuje hedv\u00e1bn\u00fd <span class=\"show-tooltip\" title=\"Lesk povrchu barvy je srovn\u00e1v\u00e1n s mno\u017estv\u00edm sv\u011btla odrazen\u00e9ho \u010dernou le\u0161t\u011bnou sklen\u011bnou deskou s ozna\u010den\u00edm 100, tedy s maxim\u00e1ln\u00edm leskem. Barvy a laky jsou rozd\u011bleny do skupin podle lesku m\u011b\u0159en\u00e9ho v \u00fahlu odrazu 60 stup\u0148\u016f podle n\u00ed\u017ee uveden\u00e9&amp;hellip;\">lesk<\/span> a dlouhotrvaj\u00edc\u00ed ochranu. <\/strong><\/span><\/div>\n<div><span style=\"font-size: 11pt;\"><strong>\u058d Tento sprej lze pou\u017e\u00edt p\u0159\u00edmo na plastov\u00e9 povrchy bez nutnosti z\u00e1kladov\u00e9ho podkladu.<\/strong><\/span><\/div>\n<div>&nbsp;<\/div>\n<div><strong>Zachov\u00e1n\u00ed struktury:<\/strong> Udr\u017euje origin\u00e1ln\u00ed strukturu n\u00e1razn\u00edku.<\/div>\n<div><strong>Odolnost:<\/strong> Odoln\u00fd proti po\u0161kr\u00e1b\u00e1n\u00ed a n\u00e1razu.<\/div>\n<div><strong>Snadn\u00e1 aplikace:<\/strong> Rychleschnouc\u00ed sprej s vynikaj\u00edc\u00edm kryt\u00edm.<\/div>\n<div><strong><span class=\"show-tooltip\" title=\"Stupe\u0148 p\u0159ipevn\u011bn\u00ed n\u00e1t\u011bru k povrchu. Kvalita nebo stupe\u0148 p\u0159ipevn\u011bn\u00ed mezi povlakem barvy a povrchem nebo barvou pod n\u00edm. Schopnost such\u00e9 barvy z\u016fstat na povrchu bez puch\u00fd\u0159\u016f, odlupov\u00e1n\u00ed nebo prask\u00e1n\u00ed. P\u0159ilnavost je pravd\u011bpodobn\u011b nejd\u016fle\u017eit\u011bj\u0161\u00ed&amp;hellip;\">P\u0159ilnavost<\/span>:<\/strong> Vynikaj\u00edc\u00ed p\u0159ilnavost na povrch.<\/div>\n<div><strong>V\u0161estrannost:<\/strong> Vhodn\u00fd pro mnoho dal\u0161\u00edch syntetick\u00fdch materi\u00e1l\u016f.<\/div>\n<div>&nbsp;<\/div>\n<div><strong>Z\u00e1klad pojiva:<\/strong> Alkydov\u00e1 <span class=\"show-tooltip\" title=\"Prysky\u0159ice&amp;nbsp;(lidov\u011b&amp;nbsp;sm\u016fla, smola) je v\u00fdm\u011b\u0161ek, kter\u00fd produkuje \u0159ada&amp;nbsp;rostlin, zejm\u00e9na&amp;nbsp;jehli\u010dnat\u00fdch strom\u016f&amp;nbsp;a obsahuj\u00edc\u00ed zejm\u00e9na&amp;nbsp;uhlovod\u00edky. Pou\u017e\u00edv\u00e1 se nap\u0159. pro&amp;hellip;\">prysky\u0159ice<\/span><\/div>\n<div><strong>Z\u00e1pach:<\/strong> <span class=\"show-tooltip\" title=\"Rozpou\u0161t\u011bdlo je l\u00e1tka, obvykle kapalina, schopn\u00e1 rozpou\u0161t\u011bt nebo dispergovat jinou l\u00e1tku, kter\u00e1 se naz\u00fdv\u00e1 rozpou\u0161t\u011bn\u00e1 l\u00e1tka. Tento proces je zn\u00e1m\u00fd jako rozpou\u0161t\u011bn\u00ed. Rozpou\u0161t\u011bdla jsou \u010dasto pou\u017e\u00edv\u00e1na v chemii, pr\u016fmyslu, lakovn\u00e1ch, farmacii a dal\u0161\u00edch&amp;hellip;\">Rozpou\u0161t\u011bdlo<\/span><\/div>\n<div><strong>Stupe\u0148 lesku:<\/strong> Sat\u00e9nov\u00fd leskl\u00fd (30-35 jednotek lesku p\u0159i \u00fahlu m\u011b\u0159en\u00ed 60\u00b0 podle DIN 67530)<\/div>\n<div><strong>Vydatnost:<\/strong> 400 ml je dosta\u010duj\u00edc\u00ed p\u0159ibli\u017en\u011b pro 2 n\u00e1razn\u00edky<\/div>\n<div><strong><span class=\"show-tooltip\" title=\"Teplota&amp;nbsp;je charakteristika tepeln\u00e9ho&amp;nbsp;stavu&amp;nbsp;hmoty. Je to jedna z nejd\u016fle\u017eit\u011bj\u0161\u00edch fyzik\u00e1ln\u00edch veli\u010din. Teplota ovliv\u0148uje aktivitu (energii) ve\u0161ker\u00fdch \u010d\u00e1stic ve vesm\u00edru a zp\u016fsobuje zm\u011bnu rozm\u011br\u016f, tvaru&amp;hellip;\">Teplotn\u00ed<\/span> odolnost:<\/strong> a\u017e do 110 \u00b0C<\/div>\n<div>&nbsp;<\/div>\n<div><strong>Aplikace<\/strong><\/div>\n<div>&nbsp;<\/div>\n<div>\u058d Povrch mus\u00ed b\u00fdt \u010dist\u00fd, such\u00fd a bez mastnoty.<\/div>\n<div>\u058d D\u016fkladn\u011b prot\u0159epejte n\u00e1dobku po dobu 2 minut.<\/div>\n<div>\u058d Otestujte <span class=\"show-tooltip\" title=\"Kompatibilita ozna\u010duje schopnost dvou nebo v\u00edce prvk\u016f, syst\u00e9m\u016f nebo za\u0159\u00edzen\u00ed pracovat spolu bezkonfliktn\u011b nebo vz\u00e1jemn\u011b se dopl\u0148ovat. V kontextu technologi\u00ed nebo za\u0159\u00edzen\u00ed to znamen\u00e1, \u017ee jsou schopny spolupracovat a vz\u00e1jemn\u011b&amp;hellip;\">kompatibilitu<\/span> spreje na nen\u00e1padn\u00e9m m\u00edst\u011b.<\/div>\n<div>\u058d Dr\u017ete nan\u00e1\u0161ec\u00ed vzd\u00e1lenost p\u0159ibli\u017en\u011b 25-30 cm.<\/div>\n<div>\u058d Naneste n\u011bkolik tenk\u00fdch vrstev, dokud nen\u00ed dosa\u017eeno po\u017eadovan\u00fdch v\u00fdsledk\u016f.<\/div>\n<div>&nbsp;<\/div>\n<div><strong><span class=\"show-tooltip\" title=\"\u010cas&amp;nbsp;(zna\u010dka&amp;nbsp;t) je jednou ze z\u00e1kladn\u00edch&amp;nbsp;fyzik\u00e1ln\u00edch veli\u010din&amp;nbsp;soustavy SI, kter\u00e1 se m\u011b\u0159\u00ed v&amp;nbsp;sekund\u00e1ch&amp;nbsp;(s) pomoc\u00ed&amp;nbsp;hodin. \u010cas ozna\u010duje&amp;nbsp;dobu, kter\u00e1 uplyne mezi dv\u011bma okam\u017eiky. V&amp;nbsp;jin\u00e9m ch\u00e1p\u00e1n\u00ed je \u010das poj\u00edm\u00e1n&amp;hellip;\">Doba<\/span> schnut\u00ed<\/strong><\/div>\n<div>&nbsp;<\/div>\n<div><strong>Such\u00e9 proti prachu:<\/strong> 20 &#8211; 30 minut<\/div>\n<div><strong>Such\u00e9 na dotek:<\/strong> cca 1 hodina<br \/><strong>\u00dapln\u011b such\u00e9:<\/strong> 24 hodin<br \/><strong>P\u0159et\u00edratelnost:<\/strong> 24 hodin<\/div>\n<div>z\u00e1vis\u00ed na okoln\u00ed teplot\u011b, <span class=\"show-tooltip\" title=\"Vlhkost je m\u011brn\u00e1 fyzik\u00e1ln\u00ed veli\u010dina vyjad\u0159uj\u00edc\u00ed mno\u017estv\u00ed \u010d\u00e1stic vody p\u0159\u00edtomn\u00e9 v atmosf\u00e9\u0159e nebo v materi\u00e1lu. M\u016f\u017ee se jednat o d\u016fle\u017eit\u00fd faktor v mnoha r\u016fzn\u00fdch kontextech a ovliv\u0148ovat r\u016fzn\u00e9 aspekty prost\u0159ed\u00ed, kvality materi\u00e1l\u016f, a dokonce i lidsk\u00e9ho&amp;hellip;\">vlhkosti<\/span> vzduchu a tlou\u0161\u0165ce aplikovan\u00e9ho <span class=\"show-tooltip\" title=\"Lak je povlak nebo n\u00e1t\u011br, kter\u00fd se nan\u00e1\u0161\u00ed na povrchy s c\u00edlem zv\u00fd\u0161it jejich odolnost, estetick\u00fd vzhled nebo ochranu. Existuje mnoho r\u016fzn\u00fdch typ\u016f lak\u016f, z nich\u017e ka\u017ed\u00fd je ur\u010den pro specifick\u00e9 pou\u017eit\u00ed a materi\u00e1ly:Vodou \u0159editeln\u00fd lak: Typ&amp;hellip;\">laku<\/span>.<\/div>\n<div>&nbsp;<\/div>\n<div><b>Dostupn\u00e9 odst\u00edny:<\/b><\/div>\n<div>&nbsp;<\/div>\n<div><b>04073 <span class=\"show-tooltip\" title=\"\u010cern\u00e1 je barva, kter\u00e1 vznik\u00e1 t\u00e9m\u011b\u0159 \u00fapln\u00fdm pohlcen\u00edm viditeln\u00fdch vlnov\u00fdch d\u00e9lek sv\u011btla, co\u017e zp\u016fsobuje, \u017ee lidsk\u00e9 oko nevn\u00edm\u00e1 \u017e\u00e1dn\u00fd odraz sv\u011btla. Je pova\u017eov\u00e1na za nejtmav\u0161\u00ed barvu a \u010dasto b\u00fdv\u00e1 ozna\u010dov\u00e1na jako absence sv\u011btla. Na barevn\u00e9m spektru \u010dern\u00e1&amp;hellip;\">\u010dern\u00e1<\/span><\/b><\/div>\n<div><b>04074 <span class=\"show-tooltip\" title=\"\u0160ed\u00e1 je neutr\u00e1ln\u00ed barva, kter\u00e1 vznik\u00e1 kombinac\u00ed \u010dern\u00e9 a b\u00edl\u00e9. Je to barva, kter\u00e1 se nach\u00e1z\u00ed mezi \u010dernou a b\u00edlou na spektru viditeln\u00e9ho sv\u011btla, co\u017e j\u00ed d\u00e1v\u00e1 vlastnost tlumenosti a vyv\u00e1\u017eenosti. \u0160ed\u00e1 je zn\u00e1m\u00e1 svou eleganc\u00ed, neutr\u00e1lnost\u00ed a schopnost\u00ed&amp;hellip;\">\u0161ed\u00e1<\/span><\/b><\/div>\n<div>&nbsp;<\/div>\n<div><strong>Velikost balen\u00ed:<\/strong> 400 ml sprej<\/div>\n<div>&nbsp;<\/div>\n<div><\/div>\n<div id=\"hzViewer\" style=\"background: none; line-height: 0px; overflow: hidden; padding: 10px 5px; position: absolute; z-index: 2147483647; visibility: visible; opacity: 1; top: 14px; left: 600px; width: auto; height: auto; cursor: pointer; pointer-events: none; display: none;\">&nbsp;<\/div>\n<\/p><\/div>\n","protected":false},"excerpt":{"rendered":"<p>Detailn\u00ed popis produktu MOTIP\u00ae BUMPERSPRAY&nbsp;Barva na n\u00e1razn\u00edky Sprej ur\u010den\u00fd pro opravu a vylep\u0161en\u00ed plastov\u00fdch n\u00e1razn\u00edk\u016f.&nbsp; &nbsp; \u058d S t\u00edmto produktem jsou \u0161kr\u00e1bance a zv\u011btral\u00e9 n\u00e1razn\u00edky minulost\u00ed, p\u0159i\u010dem\u017e je zachov\u00e1na p\u016fvodn\u00ed struktura plastu. \u058d Syntetick\u00fdm povrch\u016fm poskytuje hedv\u00e1bn\u00fd lesk a dlouhotrvaj\u00edc\u00ed ochranu. \u058d Tento sprej lze pou\u017e\u00edt p\u0159\u00edmo na plastov\u00e9 povrchy bez nutnosti z\u00e1kladov\u00e9ho podkladu. &nbsp; [&hellip;]<\/p>\n","protected":false},"featured_media":15209,"comment_status":"open","ping_status":"open","template":"","meta":[],"product_brand":[],"product_cat":[62],"product_tag":[],"class_list":{"0":"post-15109","1":"product","2":"type-product","3":"status-publish","4":"has-post-thumbnail","6":"product_cat-barvy-amp-laky","8":"first","9":"instock","10":"sale","11":"shipping-taxable","12":"purchasable","13":"product-type-simple"},"yoast_head":"<!-- This site is optimized with the Yoast SEO plugin v26.8 - https:\/\/yoast.com\/product\/yoast-seo-wordpress\/ -->\n<title>MOTIP\u00ae BUMPERSPRAY Barva ve spreji na n\u00e1razn\u00edky Bezpe\u010dn\u00e1 Platba -<\/title>\n<meta name=\"robots\" content=\"index, follow, max-snippet:-1, max-image-preview:large, max-video-preview:-1\" \/>\n<link rel=\"canonical\" href=\"https:\/\/www.domkraftpro.com\/index.php\/produkt\/motip-r-bumperspray-barva-ve-spreji-na-narazniky-bezpecna-platba-15109\/\" \/>\n<meta property=\"og:locale\" content=\"cs_CZ\" \/>\n<meta property=\"og:type\" content=\"article\" \/>\n<meta property=\"og:title\" content=\"MOTIP\u00ae BUMPERSPRAY Barva ve spreji na n\u00e1razn\u00edky Bezpe\u010dn\u00e1 Platba -\" \/>\n<meta property=\"og:description\" content=\"Detailn\u00ed popis produktu MOTIP\u00ae BUMPERSPRAY&nbsp;Barva na n\u00e1razn\u00edky Sprej ur\u010den\u00fd pro opravu a vylep\u0161en\u00ed plastov\u00fdch n\u00e1razn\u00edk\u016f.&nbsp; &nbsp; \u058d S t\u00edmto produktem jsou \u0161kr\u00e1bance a zv\u011btral\u00e9 n\u00e1razn\u00edky minulost\u00ed, p\u0159i\u010dem\u017e je zachov\u00e1na p\u016fvodn\u00ed struktura plastu. \u058d Syntetick\u00fdm povrch\u016fm poskytuje hedv\u00e1bn\u00fd lesk a dlouhotrvaj\u00edc\u00ed ochranu. \u058d Tento sprej lze pou\u017e\u00edt p\u0159\u00edmo na plastov\u00e9 povrchy bez nutnosti z\u00e1kladov\u00e9ho podkladu. &nbsp; [&hellip;]\" \/>\n<meta property=\"og:url\" content=\"https:\/\/www.domkraftpro.com\/index.php\/produkt\/motip-r-bumperspray-barva-ve-spreji-na-narazniky-bezpecna-platba-15109\/\" \/>\n<meta property=\"og:image\" content=\"https:\/\/www.domkraftpro.com\/wp-content\/uploads\/2026\/SK0007014-CZ20260425-092522-0-1777080324-115887-1_motip-bumperspray-black.webp\" \/>\n\t<meta property=\"og:image:width\" content=\"1000\" \/>\n\t<meta property=\"og:image:height\" content=\"750\" \/>\n\t<meta property=\"og:image:type\" content=\"image\/webp\" \/>\n<meta name=\"twitter:card\" content=\"summary_large_image\" \/>\n<meta name=\"twitter:label1\" content=\"Odhadovan\u00e1 doba \u010dten\u00ed\" \/>\n\t<meta name=\"twitter:data1\" content=\"1 minuta\" \/>\n<script type=\"application\/ld+json\" class=\"yoast-schema-graph\">{\"@context\":\"https:\/\/schema.org\",\"@graph\":[{\"@type\":\"WebPage\",\"@id\":\"https:\/\/www.domkraftpro.com\/index.php\/produkt\/motip-r-bumperspray-barva-ve-spreji-na-narazniky-bezpecna-platba-15109\/\",\"url\":\"https:\/\/www.domkraftpro.com\/index.php\/produkt\/motip-r-bumperspray-barva-ve-spreji-na-narazniky-bezpecna-platba-15109\/\",\"name\":\"MOTIP\u00ae BUMPERSPRAY Barva ve spreji na n\u00e1razn\u00edky Bezpe\u010dn\u00e1 Platba -\",\"isPartOf\":{\"@id\":\"https:\/\/www.domkraftpro.com\/#website\"},\"primaryImageOfPage\":{\"@id\":\"https:\/\/www.domkraftpro.com\/index.php\/produkt\/motip-r-bumperspray-barva-ve-spreji-na-narazniky-bezpecna-platba-15109\/#primaryimage\"},\"image\":{\"@id\":\"https:\/\/www.domkraftpro.com\/index.php\/produkt\/motip-r-bumperspray-barva-ve-spreji-na-narazniky-bezpecna-platba-15109\/#primaryimage\"},\"thumbnailUrl\":\"https:\/\/www.domkraftpro.com\/wp-content\/uploads\/2026\/SK0007014-CZ20260425-092522-0-1777080324-115887-1_motip-bumperspray-black.webp\",\"datePublished\":\"2026-04-27T04:41:00+00:00\",\"breadcrumb\":{\"@id\":\"https:\/\/www.domkraftpro.com\/index.php\/produkt\/motip-r-bumperspray-barva-ve-spreji-na-narazniky-bezpecna-platba-15109\/#breadcrumb\"},\"inLanguage\":\"cs\",\"potentialAction\":[{\"@type\":\"ReadAction\",\"target\":[\"https:\/\/www.domkraftpro.com\/index.php\/produkt\/motip-r-bumperspray-barva-ve-spreji-na-narazniky-bezpecna-platba-15109\/\"]}]},{\"@type\":\"ImageObject\",\"inLanguage\":\"cs\",\"@id\":\"https:\/\/www.domkraftpro.com\/index.php\/produkt\/motip-r-bumperspray-barva-ve-spreji-na-narazniky-bezpecna-platba-15109\/#primaryimage\",\"url\":\"https:\/\/www.domkraftpro.com\/wp-content\/uploads\/2026\/SK0007014-CZ20260425-092522-0-1777080324-115887-1_motip-bumperspray-black.webp\",\"contentUrl\":\"https:\/\/www.domkraftpro.com\/wp-content\/uploads\/2026\/SK0007014-CZ20260425-092522-0-1777080324-115887-1_motip-bumperspray-black.webp\",\"width\":1000,\"height\":750},{\"@type\":\"BreadcrumbList\",\"@id\":\"https:\/\/www.domkraftpro.com\/index.php\/produkt\/motip-r-bumperspray-barva-ve-spreji-na-narazniky-bezpecna-platba-15109\/#breadcrumb\",\"itemListElement\":[{\"@type\":\"ListItem\",\"position\":1,\"name\":\"Home\",\"item\":\"https:\/\/www.domkraftpro.com\/\"},{\"@type\":\"ListItem\",\"position\":2,\"name\":\"Products\",\"item\":\"https:\/\/www.domkraftpro.com\/index.php\/products\/\"},{\"@type\":\"ListItem\",\"position\":3,\"name\":\"MOTIP\u00ae BUMPERSPRAY Barva ve spreji na n\u00e1razn\u00edky Bezpe\u010dn\u00e1 Platba\"}]},{\"@type\":\"WebSite\",\"@id\":\"https:\/\/www.domkraftpro.com\/#website\",\"url\":\"https:\/\/www.domkraftpro.com\/\",\"name\":\"\",\"description\":\"\",\"potentialAction\":[{\"@type\":\"SearchAction\",\"target\":{\"@type\":\"EntryPoint\",\"urlTemplate\":\"https:\/\/www.domkraftpro.com\/?s={search_term_string}\"},\"query-input\":{\"@type\":\"PropertyValueSpecification\",\"valueRequired\":true,\"valueName\":\"search_term_string\"}}],\"inLanguage\":\"cs\"}]}<\/script>\n<!-- \/ Yoast SEO plugin. -->","yoast_head_json":{"title":"MOTIP\u00ae BUMPERSPRAY Barva ve spreji na n\u00e1razn\u00edky Bezpe\u010dn\u00e1 Platba -","robots":{"index":"index","follow":"follow","max-snippet":"max-snippet:-1","max-image-preview":"max-image-preview:large","max-video-preview":"max-video-preview:-1"},"canonical":"https:\/\/www.domkraftpro.com\/index.php\/produkt\/motip-r-bumperspray-barva-ve-spreji-na-narazniky-bezpecna-platba-15109\/","og_locale":"cs_CZ","og_type":"article","og_title":"MOTIP\u00ae BUMPERSPRAY Barva ve spreji na n\u00e1razn\u00edky Bezpe\u010dn\u00e1 Platba -","og_description":"Detailn\u00ed popis produktu MOTIP\u00ae BUMPERSPRAY&nbsp;Barva na n\u00e1razn\u00edky Sprej ur\u010den\u00fd pro opravu a vylep\u0161en\u00ed plastov\u00fdch n\u00e1razn\u00edk\u016f.&nbsp; &nbsp; \u058d S t\u00edmto produktem jsou \u0161kr\u00e1bance a zv\u011btral\u00e9 n\u00e1razn\u00edky minulost\u00ed, p\u0159i\u010dem\u017e je zachov\u00e1na p\u016fvodn\u00ed struktura plastu. \u058d Syntetick\u00fdm povrch\u016fm poskytuje hedv\u00e1bn\u00fd lesk a dlouhotrvaj\u00edc\u00ed ochranu. \u058d Tento sprej lze pou\u017e\u00edt p\u0159\u00edmo na plastov\u00e9 povrchy bez nutnosti z\u00e1kladov\u00e9ho podkladu. &nbsp; [&hellip;]","og_url":"https:\/\/www.domkraftpro.com\/index.php\/produkt\/motip-r-bumperspray-barva-ve-spreji-na-narazniky-bezpecna-platba-15109\/","og_image":[{"width":1000,"height":750,"url":"https:\/\/www.domkraftpro.com\/wp-content\/uploads\/2026\/SK0007014-CZ20260425-092522-0-1777080324-115887-1_motip-bumperspray-black.webp","type":"image\/webp"}],"twitter_card":"summary_large_image","twitter_misc":{"Odhadovan\u00e1 doba \u010dten\u00ed":"1 minuta"},"schema":{"@context":"https:\/\/schema.org","@graph":[{"@type":"WebPage","@id":"https:\/\/www.domkraftpro.com\/index.php\/produkt\/motip-r-bumperspray-barva-ve-spreji-na-narazniky-bezpecna-platba-15109\/","url":"https:\/\/www.domkraftpro.com\/index.php\/produkt\/motip-r-bumperspray-barva-ve-spreji-na-narazniky-bezpecna-platba-15109\/","name":"MOTIP\u00ae BUMPERSPRAY Barva ve spreji na n\u00e1razn\u00edky Bezpe\u010dn\u00e1 Platba -","isPartOf":{"@id":"https:\/\/www.domkraftpro.com\/#website"},"primaryImageOfPage":{"@id":"https:\/\/www.domkraftpro.com\/index.php\/produkt\/motip-r-bumperspray-barva-ve-spreji-na-narazniky-bezpecna-platba-15109\/#primaryimage"},"image":{"@id":"https:\/\/www.domkraftpro.com\/index.php\/produkt\/motip-r-bumperspray-barva-ve-spreji-na-narazniky-bezpecna-platba-15109\/#primaryimage"},"thumbnailUrl":"https:\/\/www.domkraftpro.com\/wp-content\/uploads\/2026\/SK0007014-CZ20260425-092522-0-1777080324-115887-1_motip-bumperspray-black.webp","datePublished":"2026-04-27T04:41:00+00:00","breadcrumb":{"@id":"https:\/\/www.domkraftpro.com\/index.php\/produkt\/motip-r-bumperspray-barva-ve-spreji-na-narazniky-bezpecna-platba-15109\/#breadcrumb"},"inLanguage":"cs","potentialAction":[{"@type":"ReadAction","target":["https:\/\/www.domkraftpro.com\/index.php\/produkt\/motip-r-bumperspray-barva-ve-spreji-na-narazniky-bezpecna-platba-15109\/"]}]},{"@type":"ImageObject","inLanguage":"cs","@id":"https:\/\/www.domkraftpro.com\/index.php\/produkt\/motip-r-bumperspray-barva-ve-spreji-na-narazniky-bezpecna-platba-15109\/#primaryimage","url":"https:\/\/www.domkraftpro.com\/wp-content\/uploads\/2026\/SK0007014-CZ20260425-092522-0-1777080324-115887-1_motip-bumperspray-black.webp","contentUrl":"https:\/\/www.domkraftpro.com\/wp-content\/uploads\/2026\/SK0007014-CZ20260425-092522-0-1777080324-115887-1_motip-bumperspray-black.webp","width":1000,"height":750},{"@type":"BreadcrumbList","@id":"https:\/\/www.domkraftpro.com\/index.php\/produkt\/motip-r-bumperspray-barva-ve-spreji-na-narazniky-bezpecna-platba-15109\/#breadcrumb","itemListElement":[{"@type":"ListItem","position":1,"name":"Home","item":"https:\/\/www.domkraftpro.com\/"},{"@type":"ListItem","position":2,"name":"Products","item":"https:\/\/www.domkraftpro.com\/index.php\/products\/"},{"@type":"ListItem","position":3,"name":"MOTIP\u00ae BUMPERSPRAY Barva ve spreji na n\u00e1razn\u00edky Bezpe\u010dn\u00e1 Platba"}]},{"@type":"WebSite","@id":"https:\/\/www.domkraftpro.com\/#website","url":"https:\/\/www.domkraftpro.com\/","name":"","description":"","potentialAction":[{"@type":"SearchAction","target":{"@type":"EntryPoint","urlTemplate":"https:\/\/www.domkraftpro.com\/?s={search_term_string}"},"query-input":{"@type":"PropertyValueSpecification","valueRequired":true,"valueName":"search_term_string"}}],"inLanguage":"cs"}]}},"_links":{"self":[{"href":"https:\/\/www.domkraftpro.com\/index.php\/wp-json\/wp\/v2\/product\/15109","targetHints":{"allow":["GET"]}}],"collection":[{"href":"https:\/\/www.domkraftpro.com\/index.php\/wp-json\/wp\/v2\/product"}],"about":[{"href":"https:\/\/www.domkraftpro.com\/index.php\/wp-json\/wp\/v2\/types\/product"}],"replies":[{"embeddable":true,"href":"https:\/\/www.domkraftpro.com\/index.php\/wp-json\/wp\/v2\/comments?post=15109"}],"wp:featuredmedia":[{"embeddable":true,"href":"https:\/\/www.domkraftpro.com\/index.php\/wp-json\/wp\/v2\/media\/15209"}],"wp:attachment":[{"href":"https:\/\/www.domkraftpro.com\/index.php\/wp-json\/wp\/v2\/media?parent=15109"}],"wp:term":[{"taxonomy":"product_brand","embeddable":true,"href":"https:\/\/www.domkraftpro.com\/index.php\/wp-json\/wp\/v2\/product_brand?post=15109"},{"taxonomy":"product_cat","embeddable":true,"href":"https:\/\/www.domkraftpro.com\/index.php\/wp-json\/wp\/v2\/product_cat?post=15109"},{"taxonomy":"product_tag","embeddable":true,"href":"https:\/\/www.domkraftpro.com\/index.php\/wp-json\/wp\/v2\/product_tag?post=15109"}],"curies":[{"name":"wp","href":"https:\/\/api.w.org\/{rel}","templated":true}]}}