{"id":15101,"date":"2026-04-27T04:41:00","date_gmt":"2026-04-27T04:41:00","guid":{"rendered":""},"modified":"2026-04-27T04:41:00","modified_gmt":"2026-04-27T04:41:00","slug":"motip-r-chromespray-barva-ve-spreji-chromova-400-ml-akcni-cena-15101","status":"publish","type":"product","link":"https:\/\/www.domkraftpro.com\/index.php\/produkt\/motip-r-chromespray-barva-ve-spreji-chromova-400-ml-akcni-cena-15101\/","title":{"rendered":"MOTIP\u00ae CHROMESPRAY Barva ve spreji, chromov\u00e1, 400 ml Ak\u010dn\u00ed Cena"},"content":{"rendered":"<div class=\"basic-description\">\n<h3>Detailn\u00ed popis produktu<\/h3>\n<h1><strong>MOTIP\u00ae CHROMESPRAY<\/strong><\/h1>\n<div><span style=\"font-size: 12pt;\"><b>D<\/b><strong>ekorativn\u00ed chromov\u00e1 barva ve <span class=\"show-tooltip\" title=\"Sprej je za\u0159\u00edzen\u00ed nebo produkt, kter\u00fd umo\u017e\u0148uje rozpra\u0161ov\u00e1n\u00ed kapaliny nebo suspenze do vzduchu ve form\u011b jemn\u00e9 mlhy.Spreje jsou praktick\u00fdm a efektivn\u00edm zp\u016fsobem, jak aplikovat r\u016fzn\u00e9 l\u00e1tky v mnoha odv\u011btv\u00edch, a jejich design a technologie se neust\u00e1le&amp;hellip;\">spreji<\/span> s kovov\u00fdm leskem, ur\u010den\u00e1 pro o\u0161et\u0159en\u00e9 i neo\u0161et\u0159en\u00e9 povrchy, v\u010detn\u011b <span class=\"show-tooltip\" title=\"D\u0159evo&amp;nbsp;je tvrd\u00e9 a p\u00f3rovit\u00e9&amp;nbsp;rostlinn\u00e9 pletivo&amp;nbsp;(tk\u00e1\u0148), je\u017e tvo\u0159\u00ed kmeny, ko\u0159eny a v\u011btve strom\u016f, ke\u0159\u016f a dal\u0161\u00edch&amp;nbsp;d\u0159evin. Skl\u00e1d\u00e1 se z&amp;nbsp;celul\u00f3zov\u00fdch&amp;nbsp;vl\u00e1ken s vysokou pevnost\u00ed v tahu a&amp;nbsp;ligninov\u00e9&amp;nbsp;v\u00fdpln\u011b, kter\u00e1&amp;hellip;\">d\u0159eva<\/span>, kovu, <span class=\"show-tooltip\" title=\"Hlin\u00edk&amp;nbsp;(lat. aluminium) je chemick\u00fd prvek s atomov\u00fdm \u010d\u00edslem 13 a chemick\u00fdm symbolem Al.Pat\u0159\u00ed mezi kovy a je lehk\u00fd, st\u0159\u00edbrn\u00fd a v\u00fdborn\u00fd vodi\u010d tepla i elektrick\u00e9ho proudu.Hlin\u00edk je t\u0159et\u00edm nej\u010dast\u011bji se vyskytuj\u00edc\u00edm prvkem v zemsk\u00e9 k\u016f\u0159e, a\u010dkoliv&amp;hellip;\">hlin\u00edku<\/span>, <span class=\"show-tooltip\" title=\"Sklo&amp;nbsp;je homogenn\u00ed,&amp;nbsp;amorfn\u00ed&amp;nbsp;(tj. nekrystalick\u00e1) pevn\u00e1 l\u00e1tka, kter\u00e1 se vyzna\u010duje tvrdost\u00ed, k\u0159ehkost\u00ed a pr\u016fhlednost\u00ed. Hlavn\u00ed slo\u017ekou skla je&amp;nbsp;oxid k\u0159emi\u010dit\u00fd&amp;nbsp;(SiO2) a vyr\u00e1b\u00ed se taven\u00edm k\u0159emi\u010dit\u00e9ho&amp;nbsp;skl\u00e1\u0159sk\u00e9ho&amp;hellip;\">skla<\/span>, kamene a <span class=\"show-tooltip\" title=\"Plastyn\u011bkdy tak\u00e9 naz\u00fdvan\u00e9 plastick\u00e9 \u010di um\u011bl\u00e9 hmoty, p\u0159edstavuj\u00ed \u0161irokou \u0161k\u00e1lu syntetick\u00fdch nebo \u010d\u00e1ste\u010dn\u011b syntetick\u00fdch organick\u00fdch slou\u010denin a polymern\u00edch materi\u00e1l\u016f. \u010casto obsahuj\u00ed p\u0159\u00edsady zlep\u0161uj\u00edc\u00ed jejich funk\u010dn\u00ed vlastnosti, nap\u0159\u00edklad&amp;hellip;\">plastu<\/span>. Tato chromov\u00e1 barva nab\u00edz\u00ed dobr\u00e9 <span class=\"show-tooltip\" title=\"Zna\u010den\u00ed IP (Ingress Protection)&amp;nbsp;- Stupe\u0148 kryt\u00ed, t\u0159\u00edda ochrany, nebo tak\u00e9 Kryt\u00ed IP - ud\u00e1v\u00e1 \u00farove\u0148 ochrany elektrick\u00fdch za\u0159\u00edzen\u00ed p\u0159ed vniknut\u00edm ciz\u00edch p\u0159edm\u011bt\u016f, vodou a nebezpe\u010dn\u00fdm dotykem.&amp;nbsp;\u2743 Toto kryt\u00ed je standardizov\u00e1no podle&amp;hellip;\">kryt\u00ed<\/span> a vynikaj\u00edc\u00ed <span class=\"show-tooltip\" title=\"Stupe\u0148 p\u0159ipevn\u011bn\u00ed n\u00e1t\u011bru k povrchu. Kvalita nebo stupe\u0148 p\u0159ipevn\u011bn\u00ed mezi povlakem barvy a povrchem nebo barvou pod n\u00edm. Schopnost such\u00e9 barvy z\u016fstat na povrchu bez puch\u00fd\u0159\u016f, odlupov\u00e1n\u00ed nebo prask\u00e1n\u00ed. P\u0159ilnavost je pravd\u011bpodobn\u011b nejd\u016fle\u017eit\u011bj\u0161\u00ed&amp;hellip;\">p\u0159ilnavost<\/span>, co\u017e ji \u010din\u00ed vhodnou i pro vnit\u0159n\u00ed dekorativn\u00ed \u00fa\u010dely.<\/strong><\/span><\/div>\n<div>&nbsp;<\/div>\n<div><strong>Dekorativn\u00ed chromov\u00e1 barva:<\/strong> Poskytuje realistick\u00fd chromov\u00fd efekt s kovov\u00fdm leskem.<\/div>\n<div><strong>Univerz\u00e1ln\u00ed pou\u017eit\u00ed:<\/strong> Lze pou\u017e\u00edt na r\u016fzn\u00e9 povrchy, v\u010detn\u011b d\u0159eva, kovu, hlin\u00edku, skla, kamene a plastu.<\/div>\n<div><strong>Dobr\u00e9 kryt\u00ed a p\u0159ilnavost:<\/strong> Zaji\u0161\u0165uje spolehliv\u00e9 pokryt\u00ed povrchu a v\u00fdbornou p\u0159ilnavost.<\/div>\n<div><strong>Vhodn\u00e9 pro vnit\u0159n\u00ed dekorativn\u00ed \u00fa\u010dely:<\/strong> Ide\u00e1ln\u00ed pro vnit\u0159n\u00ed aplikace, jako jsou dekorativn\u00ed prvky a detaily.<\/div>\n<div><strong>Snadn\u00e1 aplikace:<\/strong> <span class=\"show-tooltip\" title=\"Aerosol je jemn\u00e1 disperze kapaliny nebo pevn\u00fdch \u010d\u00e1stic ve vzduchu nebo jin\u00e9m plynu.Tato disperze vytv\u00e1\u0159\u00ed stabiln\u00ed \u010d\u00e1sticov\u00fd oblak nebo mlhu.Aerosoly mohou b\u00fdt slo\u017eeny z tekutin, jako jsou barvy, laky, \u010di\u0161t\u011bn\u00ed nebo dezinfek\u010dn\u00ed prost\u0159edky, a tak\u00e9 z&amp;hellip;\">Aerosolov\u00e1<\/span> forma umo\u017e\u0148uje snadnou a rovnom\u011brnou aplikaci.<\/div>\n<div>&nbsp;<\/div>\n<div><strong>Z\u00e1klad:<\/strong> Alkydov\u00e1 <span class=\"show-tooltip\" title=\"Prysky\u0159ice&amp;nbsp;(lidov\u011b&amp;nbsp;sm\u016fla, smola) je v\u00fdm\u011b\u0161ek, kter\u00fd produkuje \u0159ada&amp;nbsp;rostlin, zejm\u00e9na&amp;nbsp;jehli\u010dnat\u00fdch strom\u016f&amp;nbsp;a obsahuj\u00edc\u00ed zejm\u00e9na&amp;nbsp;uhlovod\u00edky. Pou\u017e\u00edv\u00e1 se nap\u0159. pro&amp;hellip;\">prysky\u0159ice<\/span><br \/><strong><span class=\"show-tooltip\" title=\"Lesk povrchu barvy je srovn\u00e1v\u00e1n s mno\u017estv\u00edm sv\u011btla odrazen\u00e9ho \u010dernou le\u0161t\u011bnou sklen\u011bnou deskou s ozna\u010den\u00edm 100, tedy s maxim\u00e1ln\u00edm leskem. Barvy a laky jsou rozd\u011bleny do skupin podle lesku m\u011b\u0159en\u00e9ho v \u00fahlu odrazu 60 stup\u0148\u016f podle n\u00ed\u017ee uveden\u00e9&amp;hellip;\">Stupe\u0148 lesku<\/span>:<\/strong> lesk, &gt;75 GU<br \/><strong>Vydatnost:<\/strong> 400 ml \u2013 1,25 \u2013 1,75 m\u00b2<br \/><strong>Povrchy:<\/strong> d\u0159evo, <span class=\"show-tooltip\" title=\"Kovy&amp;nbsp;tvo\u0159\u00ed spole\u010dn\u011b s&amp;nbsp;polokovy&amp;nbsp;a&amp;nbsp;nekovy&amp;nbsp;t\u0159i hlavn\u00ed skupiny&amp;nbsp;chemick\u00fdch prvk\u016f. Rozd\u011blen\u00ed je prov\u00e1d\u011bno s ohledem na&amp;nbsp;vazebn\u00e9&amp;nbsp;a&amp;nbsp;ioniza\u010dn\u00ed&amp;nbsp;vlastnosti prvk\u016f. Kovy jsou charakterizovan\u00e9&amp;hellip;\">kov<\/span>, hlin\u00edk, sklo,&nbsp;k\u00e1men a r\u016fzn\u00e9 druhy plast\u016f.<br \/><strong>Minim\u00e1ln\u00ed pracovn\u00ed <span class=\"show-tooltip\" title=\"Teplota&amp;nbsp;je charakteristika tepeln\u00e9ho&amp;nbsp;stavu&amp;nbsp;hmoty. Je to jedna z nejd\u016fle\u017eit\u011bj\u0161\u00edch fyzik\u00e1ln\u00edch veli\u010din. Teplota ovliv\u0148uje aktivitu (energii) ve\u0161ker\u00fdch \u010d\u00e1stic ve vesm\u00edru a zp\u016fsobuje zm\u011bnu rozm\u011br\u016f, tvaru&amp;hellip;\">teplota<\/span>:<\/strong> 10 \u00b0C<br \/><strong>Maxim\u00e1ln\u00ed pracovn\u00ed teplota:<\/strong> 25 \u00b0C<br \/><strong><span class=\"show-tooltip\" title=\"Tlak je fyzik\u00e1ln\u00ed veli\u010dina, kter\u00e1 vyjad\u0159uje s\u00edlu p\u016fsob\u00edc\u00ed na ur\u010ditou plochu. Matematicky je tlak definov\u00e1n jako s\u00edla d\u011blen\u00e1 plochou, na kterou p\u016fsob\u00ed. Z\u00e1kladn\u00ed jednotkou tlaku v mezin\u00e1rodn\u00edm syst\u00e9mu jednotek (SI) je pascal (Pa), co\u017e je newton na metr&amp;hellip;\">Tlak<\/span> p\u00e1ry:<\/strong> 3500\/20 bar<\/div>\n<div>&nbsp;<\/div>\n<div><strong>Aplikace<\/strong><\/div>\n<div>&nbsp;<\/div>\n<div><strong>P\u0159\u00edprava povrchu:<\/strong> Povrch pe\u010dliv\u011b vy\u010dist\u011bte, usu\u0161te a zbavte se mastnoty. Odstra\u0148te star\u00fd <span class=\"show-tooltip\" title=\"Lak je povlak nebo n\u00e1t\u011br, kter\u00fd se nan\u00e1\u0161\u00ed na povrchy s c\u00edlem zv\u00fd\u0161it jejich odolnost, estetick\u00fd vzhled nebo ochranu. Existuje mnoho r\u016fzn\u00fdch typ\u016f lak\u016f, z nich\u017e ka\u017ed\u00fd je ur\u010den pro specifick\u00e9 pou\u017eit\u00ed a materi\u00e1ly:Vodou \u0159editeln\u00fd lak: Typ&amp;hellip;\">lak<\/span> a <span class=\"show-tooltip\" title=\"Koroze je proces po\u0161kozen\u00ed a degradace materi\u00e1l\u016f, kter\u00fd vznik\u00e1 v d\u016fsledku reakce mezi materi\u00e1lem a jeho okol\u00edm, obvykle s chemick\u00fdmi l\u00e1tkami, jako je voda, kyseliny nebo plyny. Koroze je \u010dasto spojov\u00e1na s kovov\u00fdmi materi\u00e1ly, ale m\u016f\u017ee&amp;hellip;\">rez<\/span> a povrch jemn\u011b zbrous\u00edte. Aplikujte vrstvu z\u00e1kladn\u00edho n\u00e1t\u011bru MOTIP vhodn\u00e9ho pro dan\u00fd povrch a po zaschnut\u00ed vrstvu obruste.<\/div>\n<div><strong>N\u00e1st\u0159ik:<\/strong> P\u0159ed pou\u017eit\u00edm prot\u0159epejte aerosol po dobu 2 minut. Aplikujte n\u011bkolik tenk\u00fdch vrstev chromov\u00e9 barvy ve spreji vzd\u00e1lenosti asi 25 a\u017e 30 centimetr\u016f od povrchu. P\u0159ed nanesen\u00edm ka\u017ed\u00e9 dal\u0161\u00ed vrstvy znovu prot\u0159epejte aerosol.<\/div>\n<div><strong>\u010ci\u0161t\u011bn\u00ed:<\/strong> Po pou\u017eit\u00ed vy\u010dist\u011bte ventil stisknut\u00edm trysky po dobu p\u0159ibli\u017en\u011b 5 sekund.<\/div>\n<div>&nbsp;<\/div>\n<div><strong><span class=\"show-tooltip\" title=\"\u010cas&amp;nbsp;(zna\u010dka&amp;nbsp;t) je jednou ze z\u00e1kladn\u00edch&amp;nbsp;fyzik\u00e1ln\u00edch veli\u010din&amp;nbsp;soustavy SI, kter\u00e1 se m\u011b\u0159\u00ed v&amp;nbsp;sekund\u00e1ch&amp;nbsp;(s) pomoc\u00ed&amp;nbsp;hodin. \u010cas ozna\u010duje&amp;nbsp;dobu, kter\u00e1 uplyne mezi dv\u011bma okam\u017eiky. V&amp;nbsp;jin\u00e9m ch\u00e1p\u00e1n\u00ed je \u010das poj\u00edm\u00e1n&amp;hellip;\">Doba<\/span> schnut\u00ed<\/strong><\/div>\n<div>&nbsp;<\/div>\n<div><strong>Such\u00e9 proti prachu:<\/strong> 5 &#8211; 10 min<br \/><strong>\u00dapln\u011b such\u00e9:<\/strong> 24 h<br \/><strong>P\u0159et\u00edratelnost:<\/strong> 24 h<\/div>\n<div>z\u00e1vis\u00ed na okoln\u00ed teplot\u011b, <span class=\"show-tooltip\" title=\"Vlhkost je m\u011brn\u00e1 fyzik\u00e1ln\u00ed veli\u010dina vyjad\u0159uj\u00edc\u00ed mno\u017estv\u00ed \u010d\u00e1stic vody p\u0159\u00edtomn\u00e9 v atmosf\u00e9\u0159e nebo v materi\u00e1lu. M\u016f\u017ee se jednat o d\u016fle\u017eit\u00fd faktor v mnoha r\u016fzn\u00fdch kontextech a ovliv\u0148ovat r\u016fzn\u00e9 aspekty prost\u0159ed\u00ed, kvality materi\u00e1l\u016f, a dokonce i lidsk\u00e9ho&amp;hellip;\">vlhkosti<\/span> vzduchu a tlou\u0161\u0165ce aplikovan\u00e9ho laku.<\/div>\n<div>&nbsp;<\/div>\n<div><strong>Velikost balen\u00ed:<\/strong> 400 ml sprej<\/div>\n<div>&nbsp;<\/div>\n<div><\/div>\n<\/p><\/div>\n","protected":false},"excerpt":{"rendered":"<p>Detailn\u00ed popis produktu MOTIP\u00ae CHROMESPRAY Dekorativn\u00ed chromov\u00e1 barva ve spreji s kovov\u00fdm leskem, ur\u010den\u00e1 pro o\u0161et\u0159en\u00e9 i neo\u0161et\u0159en\u00e9 povrchy, v\u010detn\u011b d\u0159eva, kovu, hlin\u00edku, skla, kamene a plastu. Tato chromov\u00e1 barva nab\u00edz\u00ed dobr\u00e9 kryt\u00ed a vynikaj\u00edc\u00ed p\u0159ilnavost, co\u017e ji \u010din\u00ed vhodnou i pro vnit\u0159n\u00ed dekorativn\u00ed \u00fa\u010dely. &nbsp; Dekorativn\u00ed chromov\u00e1 barva: Poskytuje realistick\u00fd chromov\u00fd efekt s kovov\u00fdm [&hellip;]<\/p>\n","protected":false},"featured_media":15201,"comment_status":"open","ping_status":"open","template":"","meta":[],"product_brand":[],"product_cat":[62],"product_tag":[],"class_list":{"0":"post-15101","1":"product","2":"type-product","3":"status-publish","4":"has-post-thumbnail","6":"product_cat-barvy-amp-laky","8":"first","9":"instock","10":"sale","11":"shipping-taxable","12":"purchasable","13":"product-type-simple"},"yoast_head":"<!-- This site is optimized with the Yoast SEO plugin v26.8 - https:\/\/yoast.com\/product\/yoast-seo-wordpress\/ -->\n<title>MOTIP\u00ae CHROMESPRAY Barva ve spreji, chromov\u00e1, 400 ml Ak\u010dn\u00ed Cena -<\/title>\n<meta name=\"robots\" content=\"index, follow, max-snippet:-1, max-image-preview:large, max-video-preview:-1\" \/>\n<link rel=\"canonical\" href=\"https:\/\/www.domkraftpro.com\/index.php\/produkt\/motip-r-chromespray-barva-ve-spreji-chromova-400-ml-akcni-cena-15101\/\" \/>\n<meta property=\"og:locale\" content=\"cs_CZ\" \/>\n<meta property=\"og:type\" content=\"article\" \/>\n<meta property=\"og:title\" content=\"MOTIP\u00ae CHROMESPRAY Barva ve spreji, chromov\u00e1, 400 ml Ak\u010dn\u00ed Cena -\" \/>\n<meta property=\"og:description\" content=\"Detailn\u00ed popis produktu MOTIP\u00ae CHROMESPRAY Dekorativn\u00ed chromov\u00e1 barva ve spreji s kovov\u00fdm leskem, ur\u010den\u00e1 pro o\u0161et\u0159en\u00e9 i neo\u0161et\u0159en\u00e9 povrchy, v\u010detn\u011b d\u0159eva, kovu, hlin\u00edku, skla, kamene a plastu. Tato chromov\u00e1 barva nab\u00edz\u00ed dobr\u00e9 kryt\u00ed a vynikaj\u00edc\u00ed p\u0159ilnavost, co\u017e ji \u010din\u00ed vhodnou i pro vnit\u0159n\u00ed dekorativn\u00ed \u00fa\u010dely. &nbsp; Dekorativn\u00ed chromov\u00e1 barva: Poskytuje realistick\u00fd chromov\u00fd efekt s kovov\u00fdm [&hellip;]\" \/>\n<meta property=\"og:url\" content=\"https:\/\/www.domkraftpro.com\/index.php\/produkt\/motip-r-chromespray-barva-ve-spreji-chromova-400-ml-akcni-cena-15101\/\" \/>\n<meta property=\"og:image\" content=\"https:\/\/www.domkraftpro.com\/wp-content\/uploads\/2026\/SK0007006-CZ20260425-092522-0-1777080324-115863_motip-chromespray.webp\" \/>\n\t<meta property=\"og:image:width\" content=\"1000\" \/>\n\t<meta property=\"og:image:height\" content=\"750\" \/>\n\t<meta property=\"og:image:type\" content=\"image\/webp\" \/>\n<meta name=\"twitter:card\" content=\"summary_large_image\" \/>\n<meta name=\"twitter:label1\" content=\"Odhadovan\u00e1 doba \u010dten\u00ed\" \/>\n\t<meta name=\"twitter:data1\" content=\"2 minuty\" \/>\n<script type=\"application\/ld+json\" class=\"yoast-schema-graph\">{\"@context\":\"https:\/\/schema.org\",\"@graph\":[{\"@type\":\"WebPage\",\"@id\":\"https:\/\/www.domkraftpro.com\/index.php\/produkt\/motip-r-chromespray-barva-ve-spreji-chromova-400-ml-akcni-cena-15101\/\",\"url\":\"https:\/\/www.domkraftpro.com\/index.php\/produkt\/motip-r-chromespray-barva-ve-spreji-chromova-400-ml-akcni-cena-15101\/\",\"name\":\"MOTIP\u00ae CHROMESPRAY Barva ve spreji, chromov\u00e1, 400 ml Ak\u010dn\u00ed Cena -\",\"isPartOf\":{\"@id\":\"https:\/\/www.domkraftpro.com\/#website\"},\"primaryImageOfPage\":{\"@id\":\"https:\/\/www.domkraftpro.com\/index.php\/produkt\/motip-r-chromespray-barva-ve-spreji-chromova-400-ml-akcni-cena-15101\/#primaryimage\"},\"image\":{\"@id\":\"https:\/\/www.domkraftpro.com\/index.php\/produkt\/motip-r-chromespray-barva-ve-spreji-chromova-400-ml-akcni-cena-15101\/#primaryimage\"},\"thumbnailUrl\":\"https:\/\/www.domkraftpro.com\/wp-content\/uploads\/2026\/SK0007006-CZ20260425-092522-0-1777080324-115863_motip-chromespray.webp\",\"datePublished\":\"2026-04-27T04:41:00+00:00\",\"breadcrumb\":{\"@id\":\"https:\/\/www.domkraftpro.com\/index.php\/produkt\/motip-r-chromespray-barva-ve-spreji-chromova-400-ml-akcni-cena-15101\/#breadcrumb\"},\"inLanguage\":\"cs\",\"potentialAction\":[{\"@type\":\"ReadAction\",\"target\":[\"https:\/\/www.domkraftpro.com\/index.php\/produkt\/motip-r-chromespray-barva-ve-spreji-chromova-400-ml-akcni-cena-15101\/\"]}]},{\"@type\":\"ImageObject\",\"inLanguage\":\"cs\",\"@id\":\"https:\/\/www.domkraftpro.com\/index.php\/produkt\/motip-r-chromespray-barva-ve-spreji-chromova-400-ml-akcni-cena-15101\/#primaryimage\",\"url\":\"https:\/\/www.domkraftpro.com\/wp-content\/uploads\/2026\/SK0007006-CZ20260425-092522-0-1777080324-115863_motip-chromespray.webp\",\"contentUrl\":\"https:\/\/www.domkraftpro.com\/wp-content\/uploads\/2026\/SK0007006-CZ20260425-092522-0-1777080324-115863_motip-chromespray.webp\",\"width\":1000,\"height\":750},{\"@type\":\"BreadcrumbList\",\"@id\":\"https:\/\/www.domkraftpro.com\/index.php\/produkt\/motip-r-chromespray-barva-ve-spreji-chromova-400-ml-akcni-cena-15101\/#breadcrumb\",\"itemListElement\":[{\"@type\":\"ListItem\",\"position\":1,\"name\":\"Home\",\"item\":\"https:\/\/www.domkraftpro.com\/\"},{\"@type\":\"ListItem\",\"position\":2,\"name\":\"Products\",\"item\":\"https:\/\/www.domkraftpro.com\/index.php\/products\/\"},{\"@type\":\"ListItem\",\"position\":3,\"name\":\"MOTIP\u00ae CHROMESPRAY Barva ve spreji, chromov\u00e1, 400 ml Ak\u010dn\u00ed Cena\"}]},{\"@type\":\"WebSite\",\"@id\":\"https:\/\/www.domkraftpro.com\/#website\",\"url\":\"https:\/\/www.domkraftpro.com\/\",\"name\":\"\",\"description\":\"\",\"potentialAction\":[{\"@type\":\"SearchAction\",\"target\":{\"@type\":\"EntryPoint\",\"urlTemplate\":\"https:\/\/www.domkraftpro.com\/?s={search_term_string}\"},\"query-input\":{\"@type\":\"PropertyValueSpecification\",\"valueRequired\":true,\"valueName\":\"search_term_string\"}}],\"inLanguage\":\"cs\"}]}<\/script>\n<!-- \/ Yoast SEO plugin. -->","yoast_head_json":{"title":"MOTIP\u00ae CHROMESPRAY Barva ve spreji, chromov\u00e1, 400 ml Ak\u010dn\u00ed Cena -","robots":{"index":"index","follow":"follow","max-snippet":"max-snippet:-1","max-image-preview":"max-image-preview:large","max-video-preview":"max-video-preview:-1"},"canonical":"https:\/\/www.domkraftpro.com\/index.php\/produkt\/motip-r-chromespray-barva-ve-spreji-chromova-400-ml-akcni-cena-15101\/","og_locale":"cs_CZ","og_type":"article","og_title":"MOTIP\u00ae CHROMESPRAY Barva ve spreji, chromov\u00e1, 400 ml Ak\u010dn\u00ed Cena -","og_description":"Detailn\u00ed popis produktu MOTIP\u00ae CHROMESPRAY Dekorativn\u00ed chromov\u00e1 barva ve spreji s kovov\u00fdm leskem, ur\u010den\u00e1 pro o\u0161et\u0159en\u00e9 i neo\u0161et\u0159en\u00e9 povrchy, v\u010detn\u011b d\u0159eva, kovu, hlin\u00edku, skla, kamene a plastu. Tato chromov\u00e1 barva nab\u00edz\u00ed dobr\u00e9 kryt\u00ed a vynikaj\u00edc\u00ed p\u0159ilnavost, co\u017e ji \u010din\u00ed vhodnou i pro vnit\u0159n\u00ed dekorativn\u00ed \u00fa\u010dely. &nbsp; Dekorativn\u00ed chromov\u00e1 barva: Poskytuje realistick\u00fd chromov\u00fd efekt s kovov\u00fdm [&hellip;]","og_url":"https:\/\/www.domkraftpro.com\/index.php\/produkt\/motip-r-chromespray-barva-ve-spreji-chromova-400-ml-akcni-cena-15101\/","og_image":[{"width":1000,"height":750,"url":"https:\/\/www.domkraftpro.com\/wp-content\/uploads\/2026\/SK0007006-CZ20260425-092522-0-1777080324-115863_motip-chromespray.webp","type":"image\/webp"}],"twitter_card":"summary_large_image","twitter_misc":{"Odhadovan\u00e1 doba \u010dten\u00ed":"2 minuty"},"schema":{"@context":"https:\/\/schema.org","@graph":[{"@type":"WebPage","@id":"https:\/\/www.domkraftpro.com\/index.php\/produkt\/motip-r-chromespray-barva-ve-spreji-chromova-400-ml-akcni-cena-15101\/","url":"https:\/\/www.domkraftpro.com\/index.php\/produkt\/motip-r-chromespray-barva-ve-spreji-chromova-400-ml-akcni-cena-15101\/","name":"MOTIP\u00ae CHROMESPRAY Barva ve spreji, chromov\u00e1, 400 ml Ak\u010dn\u00ed Cena -","isPartOf":{"@id":"https:\/\/www.domkraftpro.com\/#website"},"primaryImageOfPage":{"@id":"https:\/\/www.domkraftpro.com\/index.php\/produkt\/motip-r-chromespray-barva-ve-spreji-chromova-400-ml-akcni-cena-15101\/#primaryimage"},"image":{"@id":"https:\/\/www.domkraftpro.com\/index.php\/produkt\/motip-r-chromespray-barva-ve-spreji-chromova-400-ml-akcni-cena-15101\/#primaryimage"},"thumbnailUrl":"https:\/\/www.domkraftpro.com\/wp-content\/uploads\/2026\/SK0007006-CZ20260425-092522-0-1777080324-115863_motip-chromespray.webp","datePublished":"2026-04-27T04:41:00+00:00","breadcrumb":{"@id":"https:\/\/www.domkraftpro.com\/index.php\/produkt\/motip-r-chromespray-barva-ve-spreji-chromova-400-ml-akcni-cena-15101\/#breadcrumb"},"inLanguage":"cs","potentialAction":[{"@type":"ReadAction","target":["https:\/\/www.domkraftpro.com\/index.php\/produkt\/motip-r-chromespray-barva-ve-spreji-chromova-400-ml-akcni-cena-15101\/"]}]},{"@type":"ImageObject","inLanguage":"cs","@id":"https:\/\/www.domkraftpro.com\/index.php\/produkt\/motip-r-chromespray-barva-ve-spreji-chromova-400-ml-akcni-cena-15101\/#primaryimage","url":"https:\/\/www.domkraftpro.com\/wp-content\/uploads\/2026\/SK0007006-CZ20260425-092522-0-1777080324-115863_motip-chromespray.webp","contentUrl":"https:\/\/www.domkraftpro.com\/wp-content\/uploads\/2026\/SK0007006-CZ20260425-092522-0-1777080324-115863_motip-chromespray.webp","width":1000,"height":750},{"@type":"BreadcrumbList","@id":"https:\/\/www.domkraftpro.com\/index.php\/produkt\/motip-r-chromespray-barva-ve-spreji-chromova-400-ml-akcni-cena-15101\/#breadcrumb","itemListElement":[{"@type":"ListItem","position":1,"name":"Home","item":"https:\/\/www.domkraftpro.com\/"},{"@type":"ListItem","position":2,"name":"Products","item":"https:\/\/www.domkraftpro.com\/index.php\/products\/"},{"@type":"ListItem","position":3,"name":"MOTIP\u00ae CHROMESPRAY Barva ve spreji, chromov\u00e1, 400 ml Ak\u010dn\u00ed Cena"}]},{"@type":"WebSite","@id":"https:\/\/www.domkraftpro.com\/#website","url":"https:\/\/www.domkraftpro.com\/","name":"","description":"","potentialAction":[{"@type":"SearchAction","target":{"@type":"EntryPoint","urlTemplate":"https:\/\/www.domkraftpro.com\/?s={search_term_string}"},"query-input":{"@type":"PropertyValueSpecification","valueRequired":true,"valueName":"search_term_string"}}],"inLanguage":"cs"}]}},"_links":{"self":[{"href":"https:\/\/www.domkraftpro.com\/index.php\/wp-json\/wp\/v2\/product\/15101","targetHints":{"allow":["GET"]}}],"collection":[{"href":"https:\/\/www.domkraftpro.com\/index.php\/wp-json\/wp\/v2\/product"}],"about":[{"href":"https:\/\/www.domkraftpro.com\/index.php\/wp-json\/wp\/v2\/types\/product"}],"replies":[{"embeddable":true,"href":"https:\/\/www.domkraftpro.com\/index.php\/wp-json\/wp\/v2\/comments?post=15101"}],"wp:featuredmedia":[{"embeddable":true,"href":"https:\/\/www.domkraftpro.com\/index.php\/wp-json\/wp\/v2\/media\/15201"}],"wp:attachment":[{"href":"https:\/\/www.domkraftpro.com\/index.php\/wp-json\/wp\/v2\/media?parent=15101"}],"wp:term":[{"taxonomy":"product_brand","embeddable":true,"href":"https:\/\/www.domkraftpro.com\/index.php\/wp-json\/wp\/v2\/product_brand?post=15101"},{"taxonomy":"product_cat","embeddable":true,"href":"https:\/\/www.domkraftpro.com\/index.php\/wp-json\/wp\/v2\/product_cat?post=15101"},{"taxonomy":"product_tag","embeddable":true,"href":"https:\/\/www.domkraftpro.com\/index.php\/wp-json\/wp\/v2\/product_tag?post=15101"}],"curies":[{"name":"wp","href":"https:\/\/api.w.org\/{rel}","templated":true}]}}