{"id":15100,"date":"2026-04-27T04:41:00","date_gmt":"2026-04-27T04:41:00","guid":{"rendered":""},"modified":"2026-04-27T04:41:00","modified_gmt":"2026-04-27T04:41:00","slug":"motip-r-polyester-putty-polyesterovy-tmel-nakupujte-hned-15100","status":"publish","type":"product","link":"https:\/\/www.domkraftpro.com\/index.php\/produkt\/motip-r-polyester-putty-polyesterovy-tmel-nakupujte-hned-15100\/","title":{"rendered":"MOTIP\u00ae POLYESTER PUTTY polyesterov\u00fd tmel Nakupujte Hned"},"content":{"rendered":"<div class=\"basic-description\">\n<h3>Detailn\u00ed popis produktu<\/h3>\n<h1><strong>MOTIP\u00ae&nbsp;<span class=\"show-tooltip\" title=\"Polyestery jsou skupinou syntetick\u00fdch polymer\u016f, kter\u00e9 jsou vyrobeny z ester\u016f. Tyto polymery maj\u00ed \u0161irokou \u0161k\u00e1lu aplikac\u00ed a jsou zn\u00e1m\u00e9 pro svou pevnost, odolnost a odolnost v\u016f\u010di opot\u0159eben\u00ed. Polyesterov\u00e1 vl\u00e1kna a plastov\u00e9 materi\u00e1ly&amp;hellip;\">POLYESTER<\/span> PUTTY<\/strong><\/h1>\n<div><span style=\"font-size: 12pt;\"><b>U<\/b><strong>niverz\u00e1ln\u00ed <span class=\"show-tooltip\" title=\"Dvouslo\u017ekov\u00fd&amp;nbsp;je term\u00edn, kter\u00fd se pou\u017e\u00edv\u00e1 pro popis n\u011b\u010deho, co se skl\u00e1d\u00e1 ze dvou hlavn\u00edch slo\u017eek nebo prvk\u016f. Tento term\u00edn je \u010dasto pou\u017e\u00edv\u00e1n ve spojen\u00ed s r\u016fzn\u00fdmi materi\u00e1ly, chemick\u00fdmi sm\u011bsmi, p\u0159\u00edstroji nebo v\u00fdrobky, kter\u00e9 obsahuj\u00ed dv\u011b odli\u0161n\u00e9&amp;hellip;\">dvouslo\u017ekov\u00fd<\/span> polyesterov\u00fd <span class=\"show-tooltip\" title=\"Tmel je materi\u00e1l pou\u017e\u00edvan\u00fd k vypln\u011bn\u00ed a t\u011bsn\u011bn\u00ed mezer, sp\u00e1r nebo trhlin mezi r\u016fzn\u00fdmi materi\u00e1ly. Tmel m\u00e1 za \u00fakol zajistit, aby spoj mezi r\u016fzn\u00fdmi \u010d\u00e1stmi byl pevn\u00fd, vodot\u011bsn\u00fd, prachot\u011bsn\u00fd a odoln\u00fd proti vn\u011bj\u0161\u00edm vliv\u016fm. Tmel je b\u011b\u017en\u011b pou\u017e\u00edv\u00e1n v&amp;hellip;\">tmel<\/span> vyvinut\u00fd pro vypl\u0148ov\u00e1n\u00ed otvor\u016f na povrchu <span class=\"show-tooltip\" title=\"Ocel je slitina \u017eeleza s mal\u00fdm obsahem uhl\u00edku a dal\u0161\u00edmi p\u0159\u00edm\u011bsemi. Je to jeden z nejb\u011b\u017en\u011bji pou\u017e\u00edvan\u00fdch materi\u00e1l\u016f v pr\u016fmyslu a&amp;nbsp;stavebnictv\u00ed d\u00edky sv\u00fdm vlastnostem, kter\u00e9 zahrnuj\u00ed pevnost, tv\u00e1rnost a odolnost.&amp;nbsp;Z\u00e1kladn\u00ed slo\u017ekou&amp;hellip;\">oceli<\/span>, <span class=\"show-tooltip\" title=\"Hlin\u00edk&amp;nbsp;(lat. aluminium) je chemick\u00fd prvek s atomov\u00fdm \u010d\u00edslem 13 a chemick\u00fdm symbolem Al.Pat\u0159\u00ed mezi kovy a je lehk\u00fd, st\u0159\u00edbrn\u00fd a v\u00fdborn\u00fd vodi\u010d tepla i elektrick\u00e9ho proudu.Hlin\u00edk je t\u0159et\u00edm nej\u010dast\u011bji se vyskytuj\u00edc\u00edm prvkem v zemsk\u00e9 k\u016f\u0159e, a\u010dkoliv&amp;hellip;\">hlin\u00edku<\/span>, <span class=\"show-tooltip\" title=\"D\u0159evo&amp;nbsp;je tvrd\u00e9 a p\u00f3rovit\u00e9&amp;nbsp;rostlinn\u00e9 pletivo&amp;nbsp;(tk\u00e1\u0148), je\u017e tvo\u0159\u00ed kmeny, ko\u0159eny a v\u011btve strom\u016f, ke\u0159\u016f a dal\u0161\u00edch&amp;nbsp;d\u0159evin. Skl\u00e1d\u00e1 se z&amp;nbsp;celul\u00f3zov\u00fdch&amp;nbsp;vl\u00e1ken s vysokou pevnost\u00ed v tahu a&amp;nbsp;ligninov\u00e9&amp;nbsp;v\u00fdpln\u011b, kter\u00e1&amp;hellip;\">d\u0159eva<\/span>, <span class=\"show-tooltip\" title=\"Beton je stavebn\u00ed materi\u00e1l slo\u017een\u00fd z n\u011bkolika z\u00e1kladn\u00edch slo\u017eek, v\u010detn\u011b cementu, vody, p\u00edsku (nebo jemn\u00e9ho \u0161t\u011brku) a hrub\u00e9ho \u0161t\u011brku nebo kamene. Tato sm\u011bs se pe\u010dliv\u011b prom\u00edch\u00e1 a pot\u00e9 ztvrdne a z\u00edsk\u00e1 pevnou a odolnou strukturu. Beton je&amp;hellip;\">betonu<\/span> a polyesteru. <\/strong><\/span><\/div>\n<div><span style=\"font-size: 12pt;\"><strong>Jeho <span class=\"show-tooltip\" title=\"Pru\u017enost je vlastnost materi\u00e1l\u016f, kter\u00e1 se projevuje jejich schopnost\u00ed vracet se do p\u016fvodn\u00edho tvaru po odstran\u011bn\u00ed vn\u011bj\u0161\u00edch sil, kter\u00e9 na n\u011b p\u016fsobily. Pru\u017en\u00e9 materi\u00e1ly se deformuj\u00ed, kdy\u017e jsou vystaveny zat\u00ed\u017een\u00ed, a po odstran\u011bn\u00ed tohoto zat\u00ed\u017een\u00ed se op\u011bt&amp;hellip;\">pru\u017enost<\/span> a snadn\u00e1 brousitelnost zaji\u0161\u0165uj\u00ed dokonal\u00fd povrch pro dal\u0161\u00ed \u00fapravy.<\/strong><\/span><\/div>\n<div>&nbsp;<\/div>\n<div><strong>Univerz\u00e1ln\u00ed pou\u017eit\u00ed:<\/strong> Ide\u00e1ln\u00ed pro vypl\u0148ov\u00e1n\u00ed otvor\u016f na r\u016fzn\u00fdch typech povrch\u016f v\u010detn\u011b oceli, hlin\u00edku, d\u0159eva, betonu a polyesteru.<\/div>\n<div><strong>Pru\u017enost a snadn\u00e1 brousitelnost:<\/strong> Tmel je pru\u017en\u00fd a velmi snadno se p\u00edskuje, co\u017e umo\u017e\u0148uje snadnou \u00fapravu a dosa\u017een\u00ed hladk\u00e9ho povrchu.<\/div>\n<div><strong><span class=\"show-tooltip\" title=\"Kompatibilita ozna\u010duje schopnost dvou nebo v\u00edce prvk\u016f, syst\u00e9m\u016f nebo za\u0159\u00edzen\u00ed pracovat spolu bezkonfliktn\u011b nebo vz\u00e1jemn\u011b se dopl\u0148ovat. V kontextu technologi\u00ed nebo za\u0159\u00edzen\u00ed to znamen\u00e1, \u017ee jsou schopny spolupracovat a vz\u00e1jemn\u011b&amp;hellip;\">Kompatibilita<\/span> s <span class=\"show-tooltip\" title=\"Lak je povlak nebo n\u00e1t\u011br, kter\u00fd se nan\u00e1\u0161\u00ed na povrchy s c\u00edlem zv\u00fd\u0161it jejich odolnost, estetick\u00fd vzhled nebo ochranu. Existuje mnoho r\u016fzn\u00fdch typ\u016f lak\u016f, z nich\u017e ka\u017ed\u00fd je ur\u010den pro specifick\u00e9 pou\u017eit\u00ed a materi\u00e1ly:Vodou \u0159editeln\u00fd lak: Typ&amp;hellip;\">laky<\/span>:<\/strong> Lze p\u0159elakovat v\u0161emi b\u011b\u017en\u00fdmi lakovac\u00edmi syst\u00e9my, co\u017e umo\u017e\u0148uje dokonalou harmonii s va\u0161\u00edm dal\u0161\u00edm lakovan\u00fdm povrchem.<\/div>\n<div><strong>Odolnost v\u016f\u010di pov\u011btrnostn\u00edm vliv\u016fm:<\/strong> Tento tmel je odoln\u00fd v\u016f\u010di pov\u011btrnostn\u00edm vliv\u016fm, co\u017e zaji\u0161\u0165uje dlouhodobou ochranu va\u0161eho povrchu.<\/div>\n<div><strong>Mo\u017enost aplikace ve vrstv\u00e1ch:<\/strong> Lze aplikovat ve vrstv\u00e1ch siln\u00fdch a\u017e 2 cm, co\u017e umo\u017e\u0148uje \u00fa\u010dinnou opravu i ve slo\u017eit\u00fdch situac\u00edch.<\/div>\n<div>&nbsp;<\/div>\n<div><strong>Pou\u017eit\u00ed<\/strong><\/div>\n<div>&nbsp;<\/div>\n<div>\u058d O\u010dist\u011bte povrch a lehce zdrsn\u011bte.<\/div>\n<div>\u058d Sm\u00edchejte p\u0159\u00edslu\u0161n\u00e9 mno\u017estv\u00ed tmelu s p\u0159ibli\u017en\u011b 2-4% tvrdidla (sou\u010d\u00e1st\u00ed balen\u00ed)<\/div>\n<div>\u058d Naneste <span class=\"show-tooltip\" title=\"Sm\u011bs je forma hmoty, kter\u00e1 vznik\u00e1 kombinac\u00ed dvou nebo v\u00edce r\u016fzn\u00fdch \u010dist\u00fdch chemick\u00fdch l\u00e1tek. V sm\u011bsi z\u016fst\u00e1vaj\u00ed jednotliv\u00e9 slo\u017eky fyzik\u00e1ln\u011b odd\u011blen\u00e9 a jejich pom\u011bry mohou b\u00fdt variabiln\u00ed. Sm\u011bs m\u016f\u017ee b\u00fdt homogenn\u00ed nebo heterogenn\u00ed.&amp;nbsp;Homogenn\u00ed&amp;hellip;\">sm\u011bs<\/span> ve vhodn\u00e9 tlou\u0161\u0165ce.<\/div>\n<div>\u058d <span class=\"show-tooltip\" title=\"\u010cas&amp;nbsp;(zna\u010dka&amp;nbsp;t) je jednou ze z\u00e1kladn\u00edch&amp;nbsp;fyzik\u00e1ln\u00edch veli\u010din&amp;nbsp;soustavy SI, kter\u00e1 se m\u011b\u0159\u00ed v&amp;nbsp;sekund\u00e1ch&amp;nbsp;(s) pomoc\u00ed&amp;nbsp;hodin. \u010cas ozna\u010duje&amp;nbsp;dobu, kter\u00e1 uplyne mezi dv\u011bma okam\u017eiky. V&amp;nbsp;jin\u00e9m ch\u00e1p\u00e1n\u00ed je \u010das poj\u00edm\u00e1n&amp;hellip;\">Doba<\/span> zpracov\u00e1n\u00ed je 3-5 minut.<\/div>\n<div>\u058d Po zaschnut\u00ed <span class=\"show-tooltip\" title=\"Brou\u0161en\u00ed je technologick\u00fd proces, p\u0159i kter\u00e9m se odstra\u0148uj\u00ed ne\u017e\u00e1douc\u00ed materi\u00e1lov\u00e9 \u010d\u00e1stice nebo se dosahuje po\u017eadovan\u00fd tvar a povrchov\u00e1 kvalita na ur\u010dit\u00e9m materi\u00e1lu. Brou\u0161en\u00ed se \u010dasto pou\u017e\u00edv\u00e1 k dosa\u017een\u00ed hladk\u00e9ho a p\u0159esn\u00e9ho povrchu na kovech, skle,&amp;hellip;\">brousit<\/span> lze p\u0159ibli\u017en\u011b po 30 minut\u00e1ch.<\/div>\n<div>&nbsp;<\/div>\n<div><strong>Velikosti balen\u00ed:<\/strong> 250 g, 500 g<\/div>\n<\/p><\/div>\n","protected":false},"excerpt":{"rendered":"<p>Detailn\u00ed popis produktu MOTIP\u00ae&nbsp;POLYESTER PUTTY Univerz\u00e1ln\u00ed dvouslo\u017ekov\u00fd polyesterov\u00fd tmel vyvinut\u00fd pro vypl\u0148ov\u00e1n\u00ed otvor\u016f na povrchu oceli, hlin\u00edku, d\u0159eva, betonu a polyesteru. Jeho pru\u017enost a snadn\u00e1 brousitelnost zaji\u0161\u0165uj\u00ed dokonal\u00fd povrch pro dal\u0161\u00ed \u00fapravy. &nbsp; Univerz\u00e1ln\u00ed pou\u017eit\u00ed: Ide\u00e1ln\u00ed pro vypl\u0148ov\u00e1n\u00ed otvor\u016f na r\u016fzn\u00fdch typech povrch\u016f v\u010detn\u011b oceli, hlin\u00edku, d\u0159eva, betonu a polyesteru. Pru\u017enost a snadn\u00e1 brousitelnost: Tmel [&hellip;]<\/p>\n","protected":false},"featured_media":15200,"comment_status":"open","ping_status":"open","template":"","meta":[],"product_brand":[],"product_cat":[63],"product_tag":[],"class_list":{"0":"post-15100","1":"product","2":"type-product","3":"status-publish","4":"has-post-thumbnail","6":"product_cat-automotive","8":"first","9":"instock","10":"sale","11":"shipping-taxable","12":"purchasable","13":"product-type-simple"},"yoast_head":"<!-- This site is optimized with the Yoast SEO plugin v26.8 - https:\/\/yoast.com\/product\/yoast-seo-wordpress\/ -->\n<title>MOTIP\u00ae POLYESTER PUTTY polyesterov\u00fd tmel Nakupujte Hned -<\/title>\n<meta name=\"robots\" content=\"index, follow, max-snippet:-1, max-image-preview:large, max-video-preview:-1\" \/>\n<link rel=\"canonical\" href=\"https:\/\/www.domkraftpro.com\/index.php\/produkt\/motip-r-polyester-putty-polyesterovy-tmel-nakupujte-hned-15100\/\" \/>\n<meta property=\"og:locale\" content=\"cs_CZ\" \/>\n<meta property=\"og:type\" content=\"article\" \/>\n<meta property=\"og:title\" content=\"MOTIP\u00ae POLYESTER PUTTY polyesterov\u00fd tmel Nakupujte Hned -\" \/>\n<meta property=\"og:description\" content=\"Detailn\u00ed popis produktu MOTIP\u00ae&nbsp;POLYESTER PUTTY Univerz\u00e1ln\u00ed dvouslo\u017ekov\u00fd polyesterov\u00fd tmel vyvinut\u00fd pro vypl\u0148ov\u00e1n\u00ed otvor\u016f na povrchu oceli, hlin\u00edku, d\u0159eva, betonu a polyesteru. Jeho pru\u017enost a snadn\u00e1 brousitelnost zaji\u0161\u0165uj\u00ed dokonal\u00fd povrch pro dal\u0161\u00ed \u00fapravy. &nbsp; Univerz\u00e1ln\u00ed pou\u017eit\u00ed: Ide\u00e1ln\u00ed pro vypl\u0148ov\u00e1n\u00ed otvor\u016f na r\u016fzn\u00fdch typech povrch\u016f v\u010detn\u011b oceli, hlin\u00edku, d\u0159eva, betonu a polyesteru. Pru\u017enost a snadn\u00e1 brousitelnost: Tmel [&hellip;]\" \/>\n<meta property=\"og:url\" content=\"https:\/\/www.domkraftpro.com\/index.php\/produkt\/motip-r-polyester-putty-polyesterovy-tmel-nakupujte-hned-15100\/\" \/>\n<meta property=\"og:image\" content=\"https:\/\/www.domkraftpro.com\/wp-content\/uploads\/2026\/SK0007005-CZ20260425-092522-0-1777080324-115860_motip-polyester-putty-250.webp\" \/>\n\t<meta property=\"og:image:width\" content=\"1000\" \/>\n\t<meta property=\"og:image:height\" content=\"750\" \/>\n\t<meta property=\"og:image:type\" content=\"image\/webp\" \/>\n<meta name=\"twitter:card\" content=\"summary_large_image\" \/>\n<meta name=\"twitter:label1\" content=\"Odhadovan\u00e1 doba \u010dten\u00ed\" \/>\n\t<meta name=\"twitter:data1\" content=\"1 minuta\" \/>\n<script type=\"application\/ld+json\" class=\"yoast-schema-graph\">{\"@context\":\"https:\/\/schema.org\",\"@graph\":[{\"@type\":\"WebPage\",\"@id\":\"https:\/\/www.domkraftpro.com\/index.php\/produkt\/motip-r-polyester-putty-polyesterovy-tmel-nakupujte-hned-15100\/\",\"url\":\"https:\/\/www.domkraftpro.com\/index.php\/produkt\/motip-r-polyester-putty-polyesterovy-tmel-nakupujte-hned-15100\/\",\"name\":\"MOTIP\u00ae POLYESTER PUTTY polyesterov\u00fd tmel Nakupujte Hned -\",\"isPartOf\":{\"@id\":\"https:\/\/www.domkraftpro.com\/#website\"},\"primaryImageOfPage\":{\"@id\":\"https:\/\/www.domkraftpro.com\/index.php\/produkt\/motip-r-polyester-putty-polyesterovy-tmel-nakupujte-hned-15100\/#primaryimage\"},\"image\":{\"@id\":\"https:\/\/www.domkraftpro.com\/index.php\/produkt\/motip-r-polyester-putty-polyesterovy-tmel-nakupujte-hned-15100\/#primaryimage\"},\"thumbnailUrl\":\"https:\/\/www.domkraftpro.com\/wp-content\/uploads\/2026\/SK0007005-CZ20260425-092522-0-1777080324-115860_motip-polyester-putty-250.webp\",\"datePublished\":\"2026-04-27T04:41:00+00:00\",\"breadcrumb\":{\"@id\":\"https:\/\/www.domkraftpro.com\/index.php\/produkt\/motip-r-polyester-putty-polyesterovy-tmel-nakupujte-hned-15100\/#breadcrumb\"},\"inLanguage\":\"cs\",\"potentialAction\":[{\"@type\":\"ReadAction\",\"target\":[\"https:\/\/www.domkraftpro.com\/index.php\/produkt\/motip-r-polyester-putty-polyesterovy-tmel-nakupujte-hned-15100\/\"]}]},{\"@type\":\"ImageObject\",\"inLanguage\":\"cs\",\"@id\":\"https:\/\/www.domkraftpro.com\/index.php\/produkt\/motip-r-polyester-putty-polyesterovy-tmel-nakupujte-hned-15100\/#primaryimage\",\"url\":\"https:\/\/www.domkraftpro.com\/wp-content\/uploads\/2026\/SK0007005-CZ20260425-092522-0-1777080324-115860_motip-polyester-putty-250.webp\",\"contentUrl\":\"https:\/\/www.domkraftpro.com\/wp-content\/uploads\/2026\/SK0007005-CZ20260425-092522-0-1777080324-115860_motip-polyester-putty-250.webp\",\"width\":1000,\"height\":750},{\"@type\":\"BreadcrumbList\",\"@id\":\"https:\/\/www.domkraftpro.com\/index.php\/produkt\/motip-r-polyester-putty-polyesterovy-tmel-nakupujte-hned-15100\/#breadcrumb\",\"itemListElement\":[{\"@type\":\"ListItem\",\"position\":1,\"name\":\"Home\",\"item\":\"https:\/\/www.domkraftpro.com\/\"},{\"@type\":\"ListItem\",\"position\":2,\"name\":\"Products\",\"item\":\"https:\/\/www.domkraftpro.com\/index.php\/products\/\"},{\"@type\":\"ListItem\",\"position\":3,\"name\":\"MOTIP\u00ae POLYESTER PUTTY polyesterov\u00fd tmel Nakupujte Hned\"}]},{\"@type\":\"WebSite\",\"@id\":\"https:\/\/www.domkraftpro.com\/#website\",\"url\":\"https:\/\/www.domkraftpro.com\/\",\"name\":\"\",\"description\":\"\",\"potentialAction\":[{\"@type\":\"SearchAction\",\"target\":{\"@type\":\"EntryPoint\",\"urlTemplate\":\"https:\/\/www.domkraftpro.com\/?s={search_term_string}\"},\"query-input\":{\"@type\":\"PropertyValueSpecification\",\"valueRequired\":true,\"valueName\":\"search_term_string\"}}],\"inLanguage\":\"cs\"}]}<\/script>\n<!-- \/ Yoast SEO plugin. -->","yoast_head_json":{"title":"MOTIP\u00ae POLYESTER PUTTY polyesterov\u00fd tmel Nakupujte Hned -","robots":{"index":"index","follow":"follow","max-snippet":"max-snippet:-1","max-image-preview":"max-image-preview:large","max-video-preview":"max-video-preview:-1"},"canonical":"https:\/\/www.domkraftpro.com\/index.php\/produkt\/motip-r-polyester-putty-polyesterovy-tmel-nakupujte-hned-15100\/","og_locale":"cs_CZ","og_type":"article","og_title":"MOTIP\u00ae POLYESTER PUTTY polyesterov\u00fd tmel Nakupujte Hned -","og_description":"Detailn\u00ed popis produktu MOTIP\u00ae&nbsp;POLYESTER PUTTY Univerz\u00e1ln\u00ed dvouslo\u017ekov\u00fd polyesterov\u00fd tmel vyvinut\u00fd pro vypl\u0148ov\u00e1n\u00ed otvor\u016f na povrchu oceli, hlin\u00edku, d\u0159eva, betonu a polyesteru. Jeho pru\u017enost a snadn\u00e1 brousitelnost zaji\u0161\u0165uj\u00ed dokonal\u00fd povrch pro dal\u0161\u00ed \u00fapravy. &nbsp; Univerz\u00e1ln\u00ed pou\u017eit\u00ed: Ide\u00e1ln\u00ed pro vypl\u0148ov\u00e1n\u00ed otvor\u016f na r\u016fzn\u00fdch typech povrch\u016f v\u010detn\u011b oceli, hlin\u00edku, d\u0159eva, betonu a polyesteru. Pru\u017enost a snadn\u00e1 brousitelnost: Tmel [&hellip;]","og_url":"https:\/\/www.domkraftpro.com\/index.php\/produkt\/motip-r-polyester-putty-polyesterovy-tmel-nakupujte-hned-15100\/","og_image":[{"width":1000,"height":750,"url":"https:\/\/www.domkraftpro.com\/wp-content\/uploads\/2026\/SK0007005-CZ20260425-092522-0-1777080324-115860_motip-polyester-putty-250.webp","type":"image\/webp"}],"twitter_card":"summary_large_image","twitter_misc":{"Odhadovan\u00e1 doba \u010dten\u00ed":"1 minuta"},"schema":{"@context":"https:\/\/schema.org","@graph":[{"@type":"WebPage","@id":"https:\/\/www.domkraftpro.com\/index.php\/produkt\/motip-r-polyester-putty-polyesterovy-tmel-nakupujte-hned-15100\/","url":"https:\/\/www.domkraftpro.com\/index.php\/produkt\/motip-r-polyester-putty-polyesterovy-tmel-nakupujte-hned-15100\/","name":"MOTIP\u00ae POLYESTER PUTTY polyesterov\u00fd tmel Nakupujte Hned -","isPartOf":{"@id":"https:\/\/www.domkraftpro.com\/#website"},"primaryImageOfPage":{"@id":"https:\/\/www.domkraftpro.com\/index.php\/produkt\/motip-r-polyester-putty-polyesterovy-tmel-nakupujte-hned-15100\/#primaryimage"},"image":{"@id":"https:\/\/www.domkraftpro.com\/index.php\/produkt\/motip-r-polyester-putty-polyesterovy-tmel-nakupujte-hned-15100\/#primaryimage"},"thumbnailUrl":"https:\/\/www.domkraftpro.com\/wp-content\/uploads\/2026\/SK0007005-CZ20260425-092522-0-1777080324-115860_motip-polyester-putty-250.webp","datePublished":"2026-04-27T04:41:00+00:00","breadcrumb":{"@id":"https:\/\/www.domkraftpro.com\/index.php\/produkt\/motip-r-polyester-putty-polyesterovy-tmel-nakupujte-hned-15100\/#breadcrumb"},"inLanguage":"cs","potentialAction":[{"@type":"ReadAction","target":["https:\/\/www.domkraftpro.com\/index.php\/produkt\/motip-r-polyester-putty-polyesterovy-tmel-nakupujte-hned-15100\/"]}]},{"@type":"ImageObject","inLanguage":"cs","@id":"https:\/\/www.domkraftpro.com\/index.php\/produkt\/motip-r-polyester-putty-polyesterovy-tmel-nakupujte-hned-15100\/#primaryimage","url":"https:\/\/www.domkraftpro.com\/wp-content\/uploads\/2026\/SK0007005-CZ20260425-092522-0-1777080324-115860_motip-polyester-putty-250.webp","contentUrl":"https:\/\/www.domkraftpro.com\/wp-content\/uploads\/2026\/SK0007005-CZ20260425-092522-0-1777080324-115860_motip-polyester-putty-250.webp","width":1000,"height":750},{"@type":"BreadcrumbList","@id":"https:\/\/www.domkraftpro.com\/index.php\/produkt\/motip-r-polyester-putty-polyesterovy-tmel-nakupujte-hned-15100\/#breadcrumb","itemListElement":[{"@type":"ListItem","position":1,"name":"Home","item":"https:\/\/www.domkraftpro.com\/"},{"@type":"ListItem","position":2,"name":"Products","item":"https:\/\/www.domkraftpro.com\/index.php\/products\/"},{"@type":"ListItem","position":3,"name":"MOTIP\u00ae POLYESTER PUTTY polyesterov\u00fd tmel Nakupujte Hned"}]},{"@type":"WebSite","@id":"https:\/\/www.domkraftpro.com\/#website","url":"https:\/\/www.domkraftpro.com\/","name":"","description":"","potentialAction":[{"@type":"SearchAction","target":{"@type":"EntryPoint","urlTemplate":"https:\/\/www.domkraftpro.com\/?s={search_term_string}"},"query-input":{"@type":"PropertyValueSpecification","valueRequired":true,"valueName":"search_term_string"}}],"inLanguage":"cs"}]}},"_links":{"self":[{"href":"https:\/\/www.domkraftpro.com\/index.php\/wp-json\/wp\/v2\/product\/15100","targetHints":{"allow":["GET"]}}],"collection":[{"href":"https:\/\/www.domkraftpro.com\/index.php\/wp-json\/wp\/v2\/product"}],"about":[{"href":"https:\/\/www.domkraftpro.com\/index.php\/wp-json\/wp\/v2\/types\/product"}],"replies":[{"embeddable":true,"href":"https:\/\/www.domkraftpro.com\/index.php\/wp-json\/wp\/v2\/comments?post=15100"}],"wp:featuredmedia":[{"embeddable":true,"href":"https:\/\/www.domkraftpro.com\/index.php\/wp-json\/wp\/v2\/media\/15200"}],"wp:attachment":[{"href":"https:\/\/www.domkraftpro.com\/index.php\/wp-json\/wp\/v2\/media?parent=15100"}],"wp:term":[{"taxonomy":"product_brand","embeddable":true,"href":"https:\/\/www.domkraftpro.com\/index.php\/wp-json\/wp\/v2\/product_brand?post=15100"},{"taxonomy":"product_cat","embeddable":true,"href":"https:\/\/www.domkraftpro.com\/index.php\/wp-json\/wp\/v2\/product_cat?post=15100"},{"taxonomy":"product_tag","embeddable":true,"href":"https:\/\/www.domkraftpro.com\/index.php\/wp-json\/wp\/v2\/product_tag?post=15100"}],"curies":[{"name":"wp","href":"https:\/\/api.w.org\/{rel}","templated":true}]}}