{"id":15095,"date":"2026-04-27T04:41:00","date_gmt":"2026-04-27T04:41:00","guid":{"rendered":""},"modified":"2026-04-27T04:41:00","modified_gmt":"2026-04-27T04:41:00","slug":"overeny-motip-r-sealing-spray-tesnici-tmel-gumovy-15095","status":"publish","type":"product","link":"https:\/\/www.domkraftpro.com\/index.php\/produkt\/overeny-motip-r-sealing-spray-tesnici-tmel-gumovy-15095\/","title":{"rendered":"Ov\u011b\u0159en\u00fd MOTIP\u00ae SEALING SPRAY t\u011bsnic\u00ed tmel gumov\u00fd"},"content":{"rendered":"<div class=\"basic-description\">\n<h3>Detailn\u00ed popis produktu<\/h3>\n<h1><strong>MOTIP\u00ae SEALING <span class=\"show-tooltip\" title=\"Sprej je za\u0159\u00edzen\u00ed nebo produkt, kter\u00fd umo\u017e\u0148uje rozpra\u0161ov\u00e1n\u00ed kapaliny nebo suspenze do vzduchu ve form\u011b jemn\u00e9 mlhy.Spreje jsou praktick\u00fdm a efektivn\u00edm zp\u016fsobem, jak aplikovat r\u016fzn\u00e9 l\u00e1tky v mnoha odv\u011btv\u00edch, a jejich design a technologie se neust\u00e1le&amp;hellip;\">SPRAY<\/span><\/strong><\/h1>\n<h1><strong><span class=\"show-tooltip\" title=\"T\u011bsn\u011bn\u00ed je proces nebo sou\u010d\u00e1stka, kter\u00e1 m\u00e1 za c\u00edl uzav\u0159\u00edt nebo odd\u011blit dv\u011b \u010d\u00e1sti nebo prost\u0159ed\u00ed tak, aby nedoch\u00e1zelo k ne\u017e\u00e1douc\u00edmu pronik\u00e1n\u00ed tekutin, plyn\u016f, \u010d\u00e1stic nebo tepla.\u058d T\u011bsn\u011bn\u00ed m\u016f\u017ee b\u00fdt aplikov\u00e1no v r\u016fzn\u00fdch kontextech a oblastech.\u058d&amp;hellip;\">T\u011bsnic\u00ed<\/span> <span class=\"show-tooltip\" title=\"Tmel je materi\u00e1l pou\u017e\u00edvan\u00fd k vypln\u011bn\u00ed a t\u011bsn\u011bn\u00ed mezer, sp\u00e1r nebo trhlin mezi r\u016fzn\u00fdmi materi\u00e1ly. Tmel m\u00e1 za \u00fakol zajistit, aby spoj mezi r\u016fzn\u00fdmi \u010d\u00e1stmi byl pevn\u00fd, vodot\u011bsn\u00fd, prachot\u011bsn\u00fd a odoln\u00fd proti vn\u011bj\u0161\u00edm vliv\u016fm. Tmel je b\u011b\u017en\u011b pou\u017e\u00edv\u00e1n v&amp;hellip;\">tmel<\/span> <span class=\"show-tooltip\" title=\"Pry\u017e, zn\u00e1m\u00e1 t\u00e9\u017e jako guma, je elastick\u00fd polymern\u00ed materi\u00e1l, kter\u00fd se z\u00edsk\u00e1v\u00e1 z latexu n\u011bkter\u00fdch rostlin nebo synteticky vyr\u00e1b\u011bn\u00fd.&amp;nbsp;Latexov\u00e1 pry\u017e je p\u0159irozen\u00fd materi\u00e1l z\u00edsk\u00e1van\u00fd z latexu strom\u016f, zejm\u00e9na kau\u010dukovn\u00edk\u016f. Syntetick\u00e1 pry\u017e je vytv\u00e1\u0159ena&amp;hellip;\">gumov\u00fd<\/span><\/strong><\/h1>\n<div><span style=\"font-size: 12pt;\"><strong>Ide\u00e1ln\u00ed \u0159e\u0161en\u00ed pro ut\u011bsn\u011bn\u00ed a vypln\u011bn\u00ed prasklin.<\/strong><\/span><\/div>\n<div>&nbsp;<\/div>\n<div><strong>Pot\u0159ebujete rychl\u00e9 a efektivn\u00ed \u0159e\u0161en\u00ed pro ut\u011bsn\u011bn\u00ed nebo vypln\u011bn\u00ed prasklin? MOTIP sealing spray je pr\u00e1v\u011b t\u00edm, co hled\u00e1te. Tento <span class=\"show-tooltip\" title=\"Zna\u010den\u00ed IP (Ingress Protection)&amp;nbsp;- Stupe\u0148 kryt\u00ed, t\u0159\u00edda ochrany, nebo tak\u00e9 Kryt\u00ed IP - ud\u00e1v\u00e1 \u00farove\u0148 ochrany elektrick\u00fdch za\u0159\u00edzen\u00ed p\u0159ed vniknut\u00edm ciz\u00edch p\u0159edm\u011bt\u016f, vodou a nebezpe\u010dn\u00fdm dotykem.&amp;nbsp;\u2743 Toto kryt\u00ed je standardizov\u00e1no podle&amp;hellip;\">vod\u011bodoln\u00fd<\/span> a <span class=\"show-tooltip\" title=\"Pru\u017enost je vlastnost materi\u00e1l\u016f, kter\u00e1 se projevuje jejich schopnost\u00ed vracet se do p\u016fvodn\u00edho tvaru po odstran\u011bn\u00ed vn\u011bj\u0161\u00edch sil, kter\u00e9 na n\u011b p\u016fsobily. Pru\u017en\u00e9 materi\u00e1ly se deformuj\u00ed, kdy\u017e jsou vystaveny zat\u00ed\u017een\u00ed, a po odstran\u011bn\u00ed tohoto zat\u00ed\u017een\u00ed se op\u011bt&amp;hellip;\">flexibiln\u00ed<\/span> n\u00e1st\u0159ik je ide\u00e1ln\u00edm pomocn\u00edkem pro jak\u00e9koliv ut\u011bsn\u011bn\u00ed, kter\u00e9 pot\u0159ebujete prov\u00e9st.<\/strong><\/div>\n<div>&nbsp;<\/div>\n<div><strong>Vod\u011bodoln\u00fd a flexibiln\u00ed:<\/strong> Sealing spray si zachov\u00e1v\u00e1 pru\u017enost i p\u0159i zm\u011bn\u00e1ch teplot a je odoln\u00fd v\u016f\u010di pov\u011btrnostn\u00edm podm\u00ednk\u00e1m a UV z\u00e1\u0159en\u00ed.<\/div>\n<div><strong>Univerz\u00e1ln\u00ed pou\u017eit\u00ed:<\/strong> Vhodn\u00fd k pou\u017eit\u00ed jak v interi\u00e9ru, tak i exteri\u00e9ru. M\u016f\u017ee b\u00fdt aplikov\u00e1n na r\u016fzn\u00e9 povrchy, v\u010detn\u011b kovu, <span class=\"show-tooltip\" title=\"Plastyn\u011bkdy tak\u00e9 naz\u00fdvan\u00e9 plastick\u00e9 \u010di um\u011bl\u00e9 hmoty, p\u0159edstavuj\u00ed \u0161irokou \u0161k\u00e1lu syntetick\u00fdch nebo \u010d\u00e1ste\u010dn\u011b syntetick\u00fdch organick\u00fdch slou\u010denin a polymern\u00edch materi\u00e1l\u016f. \u010casto obsahuj\u00ed p\u0159\u00edsady zlep\u0161uj\u00edc\u00ed jejich funk\u010dn\u00ed vlastnosti, nap\u0159\u00edklad&amp;hellip;\">plastu<\/span>, PVC, <span class=\"show-tooltip\" title=\"Beton je stavebn\u00ed materi\u00e1l slo\u017een\u00fd z n\u011bkolika z\u00e1kladn\u00edch slo\u017eek, v\u010detn\u011b cementu, vody, p\u00edsku (nebo jemn\u00e9ho \u0161t\u011brku) a hrub\u00e9ho \u0161t\u011brku nebo kamene. Tato sm\u011bs se pe\u010dliv\u011b prom\u00edch\u00e1 a pot\u00e9 ztvrdne a z\u00edsk\u00e1 pevnou a odolnou strukturu. Beton je&amp;hellip;\">betonu<\/span> nebo vinylu.<\/div>\n<div><strong>Skv\u011bl\u00e9 pln\u00edc\u00ed vlastnosti:<\/strong> Ide\u00e1ln\u00ed k ut\u011bsn\u011bn\u00ed mal\u00fdch net\u011bsnost\u00ed a prasklin na okapov\u00fdch \u017elabech, ventilac\u00edch, odpadech a dal\u0161\u00edch m\u00edstech.<\/div>\n<div><strong>Nesmr\u0161\u0165uje se:<\/strong> Sealing spray nezm\u011bn\u00ed svou velikost p\u0159i schnut\u00ed, co\u017e zaji\u0161\u0165uje <span class=\"show-tooltip\" title=\"Trvanlivost je schopnost materi\u00e1lu, v\u00fdrobku nebo syst\u00e9mu zachovat sv\u00e9 fyzik\u00e1ln\u00ed, chemick\u00e9 nebo mechanick\u00e9 vlastnosti a plnit svou funkci po ur\u010ditou dobu nebo za ur\u010dit\u00fdch podm\u00ednek. Tento term\u00edn se \u010dasto pou\u017e\u00edv\u00e1 v r\u016fzn\u00fdch odv\u011btv\u00edch a kontextech k&amp;hellip;\">trvanliv\u00e9<\/span> a spolehliv\u00e9 ut\u011bsn\u011bn\u00ed.<\/div>\n<div><strong>P\u0159elakovateln\u00fd:<\/strong> M\u016f\u017ee b\u00fdt p\u0159elakov\u00e1n r\u016fzn\u00fdmi n\u00e1t\u011brov\u00fdmi syst\u00e9my, co\u017e umo\u017e\u0148uje dal\u0161\u00ed \u00fapravu povrchu.<\/div>\n<div>&nbsp;<\/div>\n<div><strong>Dostupn\u00e9 odst\u00edny:<\/strong><\/div>\n<div>&nbsp;<\/div>\n<div>07309 <span class=\"show-tooltip\" title=\"B\u00edl\u00e1 je barva, kter\u00e1 vznik\u00e1 odrazem v\u0161ech viditeln\u00fdch vlnov\u00fdch d\u00e9lek sv\u011btla v p\u0159ibli\u017en\u011b stejn\u00e9m pom\u011bru. V d\u016fsledku tohoto odrazu se jev\u00ed lidsk\u00e9mu oku jako nejjasn\u011bj\u0161\u00ed barva a p\u0159edstavuje naprostou neutralitu. Na barevn\u00e9m spektru b\u00edl\u00e1 barva&amp;hellip;\">b\u00edl\u00fd<\/span><\/div>\n<div>07308 <span class=\"show-tooltip\" title=\"\u0160ed\u00e1 je neutr\u00e1ln\u00ed barva, kter\u00e1 vznik\u00e1 kombinac\u00ed \u010dern\u00e9 a b\u00edl\u00e9. Je to barva, kter\u00e1 se nach\u00e1z\u00ed mezi \u010dernou a b\u00edlou na spektru viditeln\u00e9ho sv\u011btla, co\u017e j\u00ed d\u00e1v\u00e1 vlastnost tlumenosti a vyv\u00e1\u017eenosti. \u0160ed\u00e1 je zn\u00e1m\u00e1 svou eleganc\u00ed, neutr\u00e1lnost\u00ed a schopnost\u00ed&amp;hellip;\">\u0161ed\u00fd<\/span><\/div>\n<div>07307 <span class=\"show-tooltip\" title=\"\u010cern\u00e1 je barva, kter\u00e1 vznik\u00e1 t\u00e9m\u011b\u0159 \u00fapln\u00fdm pohlcen\u00edm viditeln\u00fdch vlnov\u00fdch d\u00e9lek sv\u011btla, co\u017e zp\u016fsobuje, \u017ee lidsk\u00e9 oko nevn\u00edm\u00e1 \u017e\u00e1dn\u00fd odraz sv\u011btla. Je pova\u017eov\u00e1na za nejtmav\u0161\u00ed barvu a \u010dasto b\u00fdv\u00e1 ozna\u010dov\u00e1na jako absence sv\u011btla. Na barevn\u00e9m spektru \u010dern\u00e1&amp;hellip;\">\u010dern\u00fd<\/span><\/div>\n<div>&nbsp;<\/div>\n<div><strong>Velikost balen\u00ed:<\/strong> 500 ml<\/div>\n<div>&nbsp;<\/div>\n<div><\/div>\n<\/p><\/div>\n","protected":false},"excerpt":{"rendered":"<p>Detailn\u00ed popis produktu MOTIP\u00ae SEALING SPRAY T\u011bsnic\u00ed tmel gumov\u00fd Ide\u00e1ln\u00ed \u0159e\u0161en\u00ed pro ut\u011bsn\u011bn\u00ed a vypln\u011bn\u00ed prasklin. &nbsp; Pot\u0159ebujete rychl\u00e9 a efektivn\u00ed \u0159e\u0161en\u00ed pro ut\u011bsn\u011bn\u00ed nebo vypln\u011bn\u00ed prasklin? MOTIP sealing spray je pr\u00e1v\u011b t\u00edm, co hled\u00e1te. Tento vod\u011bodoln\u00fd a flexibiln\u00ed n\u00e1st\u0159ik je ide\u00e1ln\u00edm pomocn\u00edkem pro jak\u00e9koliv ut\u011bsn\u011bn\u00ed, kter\u00e9 pot\u0159ebujete prov\u00e9st. &nbsp; Vod\u011bodoln\u00fd a flexibiln\u00ed: Sealing spray [&hellip;]<\/p>\n","protected":false},"featured_media":15195,"comment_status":"open","ping_status":"open","template":"","meta":[],"product_brand":[],"product_cat":[62],"product_tag":[],"class_list":{"0":"post-15095","1":"product","2":"type-product","3":"status-publish","4":"has-post-thumbnail","6":"product_cat-barvy-amp-laky","8":"first","9":"instock","10":"sale","11":"shipping-taxable","12":"purchasable","13":"product-type-simple"},"yoast_head":"<!-- This site is optimized with the Yoast SEO plugin v26.8 - https:\/\/yoast.com\/product\/yoast-seo-wordpress\/ -->\n<title>Ov\u011b\u0159en\u00fd MOTIP\u00ae SEALING SPRAY t\u011bsnic\u00ed tmel gumov\u00fd -<\/title>\n<meta name=\"robots\" content=\"index, follow, max-snippet:-1, max-image-preview:large, max-video-preview:-1\" \/>\n<link rel=\"canonical\" href=\"https:\/\/www.domkraftpro.com\/index.php\/produkt\/overeny-motip-r-sealing-spray-tesnici-tmel-gumovy-15095\/\" \/>\n<meta property=\"og:locale\" content=\"cs_CZ\" \/>\n<meta property=\"og:type\" content=\"article\" \/>\n<meta property=\"og:title\" content=\"Ov\u011b\u0159en\u00fd MOTIP\u00ae SEALING SPRAY t\u011bsnic\u00ed tmel gumov\u00fd -\" \/>\n<meta property=\"og:description\" content=\"Detailn\u00ed popis produktu MOTIP\u00ae SEALING SPRAY T\u011bsnic\u00ed tmel gumov\u00fd Ide\u00e1ln\u00ed \u0159e\u0161en\u00ed pro ut\u011bsn\u011bn\u00ed a vypln\u011bn\u00ed prasklin. &nbsp; Pot\u0159ebujete rychl\u00e9 a efektivn\u00ed \u0159e\u0161en\u00ed pro ut\u011bsn\u011bn\u00ed nebo vypln\u011bn\u00ed prasklin? MOTIP sealing spray je pr\u00e1v\u011b t\u00edm, co hled\u00e1te. Tento vod\u011bodoln\u00fd a flexibiln\u00ed n\u00e1st\u0159ik je ide\u00e1ln\u00edm pomocn\u00edkem pro jak\u00e9koliv ut\u011bsn\u011bn\u00ed, kter\u00e9 pot\u0159ebujete prov\u00e9st. &nbsp; Vod\u011bodoln\u00fd a flexibiln\u00ed: Sealing spray [&hellip;]\" \/>\n<meta property=\"og:url\" content=\"https:\/\/www.domkraftpro.com\/index.php\/produkt\/overeny-motip-r-sealing-spray-tesnici-tmel-gumovy-15095\/\" \/>\n<meta property=\"og:image\" content=\"https:\/\/www.domkraftpro.com\/wp-content\/uploads\/2026\/SK0007000-CZ20260425-092522-0-1777080324-115809_motip-sealing-spray-bily.webp\" \/>\n\t<meta property=\"og:image:width\" content=\"1000\" \/>\n\t<meta property=\"og:image:height\" content=\"750\" \/>\n\t<meta property=\"og:image:type\" content=\"image\/webp\" \/>\n<meta name=\"twitter:card\" content=\"summary_large_image\" \/>\n<meta name=\"twitter:label1\" content=\"Odhadovan\u00e1 doba \u010dten\u00ed\" \/>\n\t<meta name=\"twitter:data1\" content=\"1 minuta\" \/>\n<script type=\"application\/ld+json\" class=\"yoast-schema-graph\">{\"@context\":\"https:\/\/schema.org\",\"@graph\":[{\"@type\":\"WebPage\",\"@id\":\"https:\/\/www.domkraftpro.com\/index.php\/produkt\/overeny-motip-r-sealing-spray-tesnici-tmel-gumovy-15095\/\",\"url\":\"https:\/\/www.domkraftpro.com\/index.php\/produkt\/overeny-motip-r-sealing-spray-tesnici-tmel-gumovy-15095\/\",\"name\":\"Ov\u011b\u0159en\u00fd MOTIP\u00ae SEALING SPRAY t\u011bsnic\u00ed tmel gumov\u00fd -\",\"isPartOf\":{\"@id\":\"https:\/\/www.domkraftpro.com\/#website\"},\"primaryImageOfPage\":{\"@id\":\"https:\/\/www.domkraftpro.com\/index.php\/produkt\/overeny-motip-r-sealing-spray-tesnici-tmel-gumovy-15095\/#primaryimage\"},\"image\":{\"@id\":\"https:\/\/www.domkraftpro.com\/index.php\/produkt\/overeny-motip-r-sealing-spray-tesnici-tmel-gumovy-15095\/#primaryimage\"},\"thumbnailUrl\":\"https:\/\/www.domkraftpro.com\/wp-content\/uploads\/2026\/SK0007000-CZ20260425-092522-0-1777080324-115809_motip-sealing-spray-bily.webp\",\"datePublished\":\"2026-04-27T04:41:00+00:00\",\"breadcrumb\":{\"@id\":\"https:\/\/www.domkraftpro.com\/index.php\/produkt\/overeny-motip-r-sealing-spray-tesnici-tmel-gumovy-15095\/#breadcrumb\"},\"inLanguage\":\"cs\",\"potentialAction\":[{\"@type\":\"ReadAction\",\"target\":[\"https:\/\/www.domkraftpro.com\/index.php\/produkt\/overeny-motip-r-sealing-spray-tesnici-tmel-gumovy-15095\/\"]}]},{\"@type\":\"ImageObject\",\"inLanguage\":\"cs\",\"@id\":\"https:\/\/www.domkraftpro.com\/index.php\/produkt\/overeny-motip-r-sealing-spray-tesnici-tmel-gumovy-15095\/#primaryimage\",\"url\":\"https:\/\/www.domkraftpro.com\/wp-content\/uploads\/2026\/SK0007000-CZ20260425-092522-0-1777080324-115809_motip-sealing-spray-bily.webp\",\"contentUrl\":\"https:\/\/www.domkraftpro.com\/wp-content\/uploads\/2026\/SK0007000-CZ20260425-092522-0-1777080324-115809_motip-sealing-spray-bily.webp\",\"width\":1000,\"height\":750},{\"@type\":\"BreadcrumbList\",\"@id\":\"https:\/\/www.domkraftpro.com\/index.php\/produkt\/overeny-motip-r-sealing-spray-tesnici-tmel-gumovy-15095\/#breadcrumb\",\"itemListElement\":[{\"@type\":\"ListItem\",\"position\":1,\"name\":\"Home\",\"item\":\"https:\/\/www.domkraftpro.com\/\"},{\"@type\":\"ListItem\",\"position\":2,\"name\":\"Products\",\"item\":\"https:\/\/www.domkraftpro.com\/index.php\/products\/\"},{\"@type\":\"ListItem\",\"position\":3,\"name\":\"Ov\u011b\u0159en\u00fd MOTIP\u00ae SEALING SPRAY t\u011bsnic\u00ed tmel gumov\u00fd\"}]},{\"@type\":\"WebSite\",\"@id\":\"https:\/\/www.domkraftpro.com\/#website\",\"url\":\"https:\/\/www.domkraftpro.com\/\",\"name\":\"\",\"description\":\"\",\"potentialAction\":[{\"@type\":\"SearchAction\",\"target\":{\"@type\":\"EntryPoint\",\"urlTemplate\":\"https:\/\/www.domkraftpro.com\/?s={search_term_string}\"},\"query-input\":{\"@type\":\"PropertyValueSpecification\",\"valueRequired\":true,\"valueName\":\"search_term_string\"}}],\"inLanguage\":\"cs\"}]}<\/script>\n<!-- \/ Yoast SEO plugin. -->","yoast_head_json":{"title":"Ov\u011b\u0159en\u00fd MOTIP\u00ae SEALING SPRAY t\u011bsnic\u00ed tmel gumov\u00fd -","robots":{"index":"index","follow":"follow","max-snippet":"max-snippet:-1","max-image-preview":"max-image-preview:large","max-video-preview":"max-video-preview:-1"},"canonical":"https:\/\/www.domkraftpro.com\/index.php\/produkt\/overeny-motip-r-sealing-spray-tesnici-tmel-gumovy-15095\/","og_locale":"cs_CZ","og_type":"article","og_title":"Ov\u011b\u0159en\u00fd MOTIP\u00ae SEALING SPRAY t\u011bsnic\u00ed tmel gumov\u00fd -","og_description":"Detailn\u00ed popis produktu MOTIP\u00ae SEALING SPRAY T\u011bsnic\u00ed tmel gumov\u00fd Ide\u00e1ln\u00ed \u0159e\u0161en\u00ed pro ut\u011bsn\u011bn\u00ed a vypln\u011bn\u00ed prasklin. &nbsp; Pot\u0159ebujete rychl\u00e9 a efektivn\u00ed \u0159e\u0161en\u00ed pro ut\u011bsn\u011bn\u00ed nebo vypln\u011bn\u00ed prasklin? MOTIP sealing spray je pr\u00e1v\u011b t\u00edm, co hled\u00e1te. Tento vod\u011bodoln\u00fd a flexibiln\u00ed n\u00e1st\u0159ik je ide\u00e1ln\u00edm pomocn\u00edkem pro jak\u00e9koliv ut\u011bsn\u011bn\u00ed, kter\u00e9 pot\u0159ebujete prov\u00e9st. &nbsp; Vod\u011bodoln\u00fd a flexibiln\u00ed: Sealing spray [&hellip;]","og_url":"https:\/\/www.domkraftpro.com\/index.php\/produkt\/overeny-motip-r-sealing-spray-tesnici-tmel-gumovy-15095\/","og_image":[{"width":1000,"height":750,"url":"https:\/\/www.domkraftpro.com\/wp-content\/uploads\/2026\/SK0007000-CZ20260425-092522-0-1777080324-115809_motip-sealing-spray-bily.webp","type":"image\/webp"}],"twitter_card":"summary_large_image","twitter_misc":{"Odhadovan\u00e1 doba \u010dten\u00ed":"1 minuta"},"schema":{"@context":"https:\/\/schema.org","@graph":[{"@type":"WebPage","@id":"https:\/\/www.domkraftpro.com\/index.php\/produkt\/overeny-motip-r-sealing-spray-tesnici-tmel-gumovy-15095\/","url":"https:\/\/www.domkraftpro.com\/index.php\/produkt\/overeny-motip-r-sealing-spray-tesnici-tmel-gumovy-15095\/","name":"Ov\u011b\u0159en\u00fd MOTIP\u00ae SEALING SPRAY t\u011bsnic\u00ed tmel gumov\u00fd -","isPartOf":{"@id":"https:\/\/www.domkraftpro.com\/#website"},"primaryImageOfPage":{"@id":"https:\/\/www.domkraftpro.com\/index.php\/produkt\/overeny-motip-r-sealing-spray-tesnici-tmel-gumovy-15095\/#primaryimage"},"image":{"@id":"https:\/\/www.domkraftpro.com\/index.php\/produkt\/overeny-motip-r-sealing-spray-tesnici-tmel-gumovy-15095\/#primaryimage"},"thumbnailUrl":"https:\/\/www.domkraftpro.com\/wp-content\/uploads\/2026\/SK0007000-CZ20260425-092522-0-1777080324-115809_motip-sealing-spray-bily.webp","datePublished":"2026-04-27T04:41:00+00:00","breadcrumb":{"@id":"https:\/\/www.domkraftpro.com\/index.php\/produkt\/overeny-motip-r-sealing-spray-tesnici-tmel-gumovy-15095\/#breadcrumb"},"inLanguage":"cs","potentialAction":[{"@type":"ReadAction","target":["https:\/\/www.domkraftpro.com\/index.php\/produkt\/overeny-motip-r-sealing-spray-tesnici-tmel-gumovy-15095\/"]}]},{"@type":"ImageObject","inLanguage":"cs","@id":"https:\/\/www.domkraftpro.com\/index.php\/produkt\/overeny-motip-r-sealing-spray-tesnici-tmel-gumovy-15095\/#primaryimage","url":"https:\/\/www.domkraftpro.com\/wp-content\/uploads\/2026\/SK0007000-CZ20260425-092522-0-1777080324-115809_motip-sealing-spray-bily.webp","contentUrl":"https:\/\/www.domkraftpro.com\/wp-content\/uploads\/2026\/SK0007000-CZ20260425-092522-0-1777080324-115809_motip-sealing-spray-bily.webp","width":1000,"height":750},{"@type":"BreadcrumbList","@id":"https:\/\/www.domkraftpro.com\/index.php\/produkt\/overeny-motip-r-sealing-spray-tesnici-tmel-gumovy-15095\/#breadcrumb","itemListElement":[{"@type":"ListItem","position":1,"name":"Home","item":"https:\/\/www.domkraftpro.com\/"},{"@type":"ListItem","position":2,"name":"Products","item":"https:\/\/www.domkraftpro.com\/index.php\/products\/"},{"@type":"ListItem","position":3,"name":"Ov\u011b\u0159en\u00fd MOTIP\u00ae SEALING SPRAY t\u011bsnic\u00ed tmel gumov\u00fd"}]},{"@type":"WebSite","@id":"https:\/\/www.domkraftpro.com\/#website","url":"https:\/\/www.domkraftpro.com\/","name":"","description":"","potentialAction":[{"@type":"SearchAction","target":{"@type":"EntryPoint","urlTemplate":"https:\/\/www.domkraftpro.com\/?s={search_term_string}"},"query-input":{"@type":"PropertyValueSpecification","valueRequired":true,"valueName":"search_term_string"}}],"inLanguage":"cs"}]}},"_links":{"self":[{"href":"https:\/\/www.domkraftpro.com\/index.php\/wp-json\/wp\/v2\/product\/15095","targetHints":{"allow":["GET"]}}],"collection":[{"href":"https:\/\/www.domkraftpro.com\/index.php\/wp-json\/wp\/v2\/product"}],"about":[{"href":"https:\/\/www.domkraftpro.com\/index.php\/wp-json\/wp\/v2\/types\/product"}],"replies":[{"embeddable":true,"href":"https:\/\/www.domkraftpro.com\/index.php\/wp-json\/wp\/v2\/comments?post=15095"}],"wp:featuredmedia":[{"embeddable":true,"href":"https:\/\/www.domkraftpro.com\/index.php\/wp-json\/wp\/v2\/media\/15195"}],"wp:attachment":[{"href":"https:\/\/www.domkraftpro.com\/index.php\/wp-json\/wp\/v2\/media?parent=15095"}],"wp:term":[{"taxonomy":"product_brand","embeddable":true,"href":"https:\/\/www.domkraftpro.com\/index.php\/wp-json\/wp\/v2\/product_brand?post=15095"},{"taxonomy":"product_cat","embeddable":true,"href":"https:\/\/www.domkraftpro.com\/index.php\/wp-json\/wp\/v2\/product_cat?post=15095"},{"taxonomy":"product_tag","embeddable":true,"href":"https:\/\/www.domkraftpro.com\/index.php\/wp-json\/wp\/v2\/product_tag?post=15095"}],"curies":[{"name":"wp","href":"https:\/\/api.w.org\/{rel}","templated":true}]}}