{"id":14959,"date":"2026-04-27T04:40:59","date_gmt":"2026-04-27T04:40:59","guid":{"rendered":""},"modified":"2026-04-27T04:40:59","modified_gmt":"2026-04-27T04:40:59","slug":"tesneni-rychlospojek-geka-element-shop-cz-nizka-cena-14959","status":"publish","type":"product","link":"https:\/\/www.domkraftpro.com\/index.php\/produkt\/tesneni-rychlospojek-geka-element-shop-cz-nizka-cena-14959\/","title":{"rendered":"T\u011bsn\u011bn\u00ed rychlospojek GEKA | element-shop.cz N\u00edzk\u00e1 Cena"},"content":{"rendered":"<div class=\"basic-description\">\n<h3>Detailn\u00ed popis produktu<\/h3>\n<p>                                    N\u00e1hradn\u00ed <span class=\"show-tooltip\" title=\"Pry\u017e, zn\u00e1m\u00e1 t\u00e9\u017e jako guma, je elastick\u00fd polymern\u00ed materi\u00e1l, kter\u00fd se z\u00edsk\u00e1v\u00e1 z latexu n\u011bkter\u00fdch rostlin nebo synteticky vyr\u00e1b\u011bn\u00fd.&amp;nbsp;Latexov\u00e1 pry\u017e je p\u0159irozen\u00fd materi\u00e1l z\u00edsk\u00e1van\u00fd z latexu strom\u016f, zejm\u00e9na kau\u010dukovn\u00edk\u016f. Syntetick\u00e1 pry\u017e je vytv\u00e1\u0159ena&amp;hellip;\">gumov\u00e9<\/span> <span class=\"show-tooltip\" title=\"T\u011bsn\u011bn\u00ed je proces nebo sou\u010d\u00e1stka, kter\u00e1 m\u00e1 za c\u00edl uzav\u0159\u00edt nebo odd\u011blit dv\u011b \u010d\u00e1sti nebo prost\u0159ed\u00ed tak, aby nedoch\u00e1zelo k ne\u017e\u00e1douc\u00edmu pronik\u00e1n\u00ed tekutin, plyn\u016f, \u010d\u00e1stic nebo tepla.\u058d T\u011bsn\u011bn\u00ed m\u016f\u017ee b\u00fdt aplikov\u00e1no v r\u016fzn\u00fdch kontextech a oblastech.\u058d&amp;hellip;\">t\u011bsn\u011bn\u00ed<\/span> pro mosazn\u00e9 rychlospojky GEKA.                            <\/div>\n","protected":false},"excerpt":{"rendered":"<p>Detailn\u00ed popis produktu N\u00e1hradn\u00ed gumov\u00e9 t\u011bsn\u011bn\u00ed pro mosazn\u00e9 rychlospojky GEKA.<\/p>\n","protected":false},"featured_media":15059,"comment_status":"open","ping_status":"open","template":"","meta":[],"product_brand":[],"product_cat":[58],"product_tag":[],"class_list":{"0":"post-14959","1":"product","2":"type-product","3":"status-publish","4":"has-post-thumbnail","6":"product_cat-dum-a-zahrada","8":"first","9":"instock","10":"sale","11":"shipping-taxable","12":"purchasable","13":"product-type-simple"},"yoast_head":"<!-- This site is optimized with the Yoast SEO plugin v26.8 - https:\/\/yoast.com\/product\/yoast-seo-wordpress\/ -->\n<title>T\u011bsn\u011bn\u00ed rychlospojek GEKA | element-shop.cz N\u00edzk\u00e1 Cena -<\/title>\n<meta name=\"robots\" content=\"index, follow, max-snippet:-1, max-image-preview:large, max-video-preview:-1\" \/>\n<link rel=\"canonical\" href=\"https:\/\/www.domkraftpro.com\/index.php\/produkt\/tesneni-rychlospojek-geka-element-shop-cz-nizka-cena-14959\/\" \/>\n<meta property=\"og:locale\" content=\"cs_CZ\" \/>\n<meta property=\"og:type\" content=\"article\" \/>\n<meta property=\"og:title\" content=\"T\u011bsn\u011bn\u00ed rychlospojek GEKA | element-shop.cz N\u00edzk\u00e1 Cena -\" \/>\n<meta property=\"og:description\" content=\"Detailn\u00ed popis produktu N\u00e1hradn\u00ed gumov\u00e9 t\u011bsn\u011bn\u00ed pro mosazn\u00e9 rychlospojky GEKA.\" \/>\n<meta property=\"og:url\" content=\"https:\/\/www.domkraftpro.com\/index.php\/produkt\/tesneni-rychlospojek-geka-element-shop-cz-nizka-cena-14959\/\" \/>\n<meta property=\"og:image\" content=\"https:\/\/www.domkraftpro.com\/wp-content\/uploads\/2026\/SK0006964-CZ20260425-092522-0-1777080324-115493_rewrite-149657-900111.webp\" \/>\n\t<meta property=\"og:image:width\" content=\"1000\" \/>\n\t<meta property=\"og:image:height\" content=\"750\" \/>\n\t<meta property=\"og:image:type\" content=\"image\/webp\" \/>\n<meta name=\"twitter:card\" content=\"summary_large_image\" \/>\n<script type=\"application\/ld+json\" class=\"yoast-schema-graph\">{\"@context\":\"https:\/\/schema.org\",\"@graph\":[{\"@type\":\"WebPage\",\"@id\":\"https:\/\/www.domkraftpro.com\/index.php\/produkt\/tesneni-rychlospojek-geka-element-shop-cz-nizka-cena-14959\/\",\"url\":\"https:\/\/www.domkraftpro.com\/index.php\/produkt\/tesneni-rychlospojek-geka-element-shop-cz-nizka-cena-14959\/\",\"name\":\"T\u011bsn\u011bn\u00ed rychlospojek GEKA | element-shop.cz N\u00edzk\u00e1 Cena -\",\"isPartOf\":{\"@id\":\"https:\/\/www.domkraftpro.com\/#website\"},\"primaryImageOfPage\":{\"@id\":\"https:\/\/www.domkraftpro.com\/index.php\/produkt\/tesneni-rychlospojek-geka-element-shop-cz-nizka-cena-14959\/#primaryimage\"},\"image\":{\"@id\":\"https:\/\/www.domkraftpro.com\/index.php\/produkt\/tesneni-rychlospojek-geka-element-shop-cz-nizka-cena-14959\/#primaryimage\"},\"thumbnailUrl\":\"https:\/\/www.domkraftpro.com\/wp-content\/uploads\/2026\/SK0006964-CZ20260425-092522-0-1777080324-115493_rewrite-149657-900111.webp\",\"datePublished\":\"2026-04-27T04:40:59+00:00\",\"breadcrumb\":{\"@id\":\"https:\/\/www.domkraftpro.com\/index.php\/produkt\/tesneni-rychlospojek-geka-element-shop-cz-nizka-cena-14959\/#breadcrumb\"},\"inLanguage\":\"cs\",\"potentialAction\":[{\"@type\":\"ReadAction\",\"target\":[\"https:\/\/www.domkraftpro.com\/index.php\/produkt\/tesneni-rychlospojek-geka-element-shop-cz-nizka-cena-14959\/\"]}]},{\"@type\":\"ImageObject\",\"inLanguage\":\"cs\",\"@id\":\"https:\/\/www.domkraftpro.com\/index.php\/produkt\/tesneni-rychlospojek-geka-element-shop-cz-nizka-cena-14959\/#primaryimage\",\"url\":\"https:\/\/www.domkraftpro.com\/wp-content\/uploads\/2026\/SK0006964-CZ20260425-092522-0-1777080324-115493_rewrite-149657-900111.webp\",\"contentUrl\":\"https:\/\/www.domkraftpro.com\/wp-content\/uploads\/2026\/SK0006964-CZ20260425-092522-0-1777080324-115493_rewrite-149657-900111.webp\",\"width\":1000,\"height\":750},{\"@type\":\"BreadcrumbList\",\"@id\":\"https:\/\/www.domkraftpro.com\/index.php\/produkt\/tesneni-rychlospojek-geka-element-shop-cz-nizka-cena-14959\/#breadcrumb\",\"itemListElement\":[{\"@type\":\"ListItem\",\"position\":1,\"name\":\"Home\",\"item\":\"https:\/\/www.domkraftpro.com\/\"},{\"@type\":\"ListItem\",\"position\":2,\"name\":\"Products\",\"item\":\"https:\/\/www.domkraftpro.com\/index.php\/products\/\"},{\"@type\":\"ListItem\",\"position\":3,\"name\":\"T\u011bsn\u011bn\u00ed rychlospojek GEKA | element-shop.cz N\u00edzk\u00e1 Cena\"}]},{\"@type\":\"WebSite\",\"@id\":\"https:\/\/www.domkraftpro.com\/#website\",\"url\":\"https:\/\/www.domkraftpro.com\/\",\"name\":\"\",\"description\":\"\",\"potentialAction\":[{\"@type\":\"SearchAction\",\"target\":{\"@type\":\"EntryPoint\",\"urlTemplate\":\"https:\/\/www.domkraftpro.com\/?s={search_term_string}\"},\"query-input\":{\"@type\":\"PropertyValueSpecification\",\"valueRequired\":true,\"valueName\":\"search_term_string\"}}],\"inLanguage\":\"cs\"}]}<\/script>\n<!-- \/ Yoast SEO plugin. -->","yoast_head_json":{"title":"T\u011bsn\u011bn\u00ed rychlospojek GEKA | element-shop.cz N\u00edzk\u00e1 Cena -","robots":{"index":"index","follow":"follow","max-snippet":"max-snippet:-1","max-image-preview":"max-image-preview:large","max-video-preview":"max-video-preview:-1"},"canonical":"https:\/\/www.domkraftpro.com\/index.php\/produkt\/tesneni-rychlospojek-geka-element-shop-cz-nizka-cena-14959\/","og_locale":"cs_CZ","og_type":"article","og_title":"T\u011bsn\u011bn\u00ed rychlospojek GEKA | element-shop.cz N\u00edzk\u00e1 Cena -","og_description":"Detailn\u00ed popis produktu N\u00e1hradn\u00ed gumov\u00e9 t\u011bsn\u011bn\u00ed pro mosazn\u00e9 rychlospojky GEKA.","og_url":"https:\/\/www.domkraftpro.com\/index.php\/produkt\/tesneni-rychlospojek-geka-element-shop-cz-nizka-cena-14959\/","og_image":[{"width":1000,"height":750,"url":"https:\/\/www.domkraftpro.com\/wp-content\/uploads\/2026\/SK0006964-CZ20260425-092522-0-1777080324-115493_rewrite-149657-900111.webp","type":"image\/webp"}],"twitter_card":"summary_large_image","schema":{"@context":"https:\/\/schema.org","@graph":[{"@type":"WebPage","@id":"https:\/\/www.domkraftpro.com\/index.php\/produkt\/tesneni-rychlospojek-geka-element-shop-cz-nizka-cena-14959\/","url":"https:\/\/www.domkraftpro.com\/index.php\/produkt\/tesneni-rychlospojek-geka-element-shop-cz-nizka-cena-14959\/","name":"T\u011bsn\u011bn\u00ed rychlospojek GEKA | element-shop.cz N\u00edzk\u00e1 Cena -","isPartOf":{"@id":"https:\/\/www.domkraftpro.com\/#website"},"primaryImageOfPage":{"@id":"https:\/\/www.domkraftpro.com\/index.php\/produkt\/tesneni-rychlospojek-geka-element-shop-cz-nizka-cena-14959\/#primaryimage"},"image":{"@id":"https:\/\/www.domkraftpro.com\/index.php\/produkt\/tesneni-rychlospojek-geka-element-shop-cz-nizka-cena-14959\/#primaryimage"},"thumbnailUrl":"https:\/\/www.domkraftpro.com\/wp-content\/uploads\/2026\/SK0006964-CZ20260425-092522-0-1777080324-115493_rewrite-149657-900111.webp","datePublished":"2026-04-27T04:40:59+00:00","breadcrumb":{"@id":"https:\/\/www.domkraftpro.com\/index.php\/produkt\/tesneni-rychlospojek-geka-element-shop-cz-nizka-cena-14959\/#breadcrumb"},"inLanguage":"cs","potentialAction":[{"@type":"ReadAction","target":["https:\/\/www.domkraftpro.com\/index.php\/produkt\/tesneni-rychlospojek-geka-element-shop-cz-nizka-cena-14959\/"]}]},{"@type":"ImageObject","inLanguage":"cs","@id":"https:\/\/www.domkraftpro.com\/index.php\/produkt\/tesneni-rychlospojek-geka-element-shop-cz-nizka-cena-14959\/#primaryimage","url":"https:\/\/www.domkraftpro.com\/wp-content\/uploads\/2026\/SK0006964-CZ20260425-092522-0-1777080324-115493_rewrite-149657-900111.webp","contentUrl":"https:\/\/www.domkraftpro.com\/wp-content\/uploads\/2026\/SK0006964-CZ20260425-092522-0-1777080324-115493_rewrite-149657-900111.webp","width":1000,"height":750},{"@type":"BreadcrumbList","@id":"https:\/\/www.domkraftpro.com\/index.php\/produkt\/tesneni-rychlospojek-geka-element-shop-cz-nizka-cena-14959\/#breadcrumb","itemListElement":[{"@type":"ListItem","position":1,"name":"Home","item":"https:\/\/www.domkraftpro.com\/"},{"@type":"ListItem","position":2,"name":"Products","item":"https:\/\/www.domkraftpro.com\/index.php\/products\/"},{"@type":"ListItem","position":3,"name":"T\u011bsn\u011bn\u00ed rychlospojek GEKA | element-shop.cz N\u00edzk\u00e1 Cena"}]},{"@type":"WebSite","@id":"https:\/\/www.domkraftpro.com\/#website","url":"https:\/\/www.domkraftpro.com\/","name":"","description":"","potentialAction":[{"@type":"SearchAction","target":{"@type":"EntryPoint","urlTemplate":"https:\/\/www.domkraftpro.com\/?s={search_term_string}"},"query-input":{"@type":"PropertyValueSpecification","valueRequired":true,"valueName":"search_term_string"}}],"inLanguage":"cs"}]}},"_links":{"self":[{"href":"https:\/\/www.domkraftpro.com\/index.php\/wp-json\/wp\/v2\/product\/14959","targetHints":{"allow":["GET"]}}],"collection":[{"href":"https:\/\/www.domkraftpro.com\/index.php\/wp-json\/wp\/v2\/product"}],"about":[{"href":"https:\/\/www.domkraftpro.com\/index.php\/wp-json\/wp\/v2\/types\/product"}],"replies":[{"embeddable":true,"href":"https:\/\/www.domkraftpro.com\/index.php\/wp-json\/wp\/v2\/comments?post=14959"}],"wp:featuredmedia":[{"embeddable":true,"href":"https:\/\/www.domkraftpro.com\/index.php\/wp-json\/wp\/v2\/media\/15059"}],"wp:attachment":[{"href":"https:\/\/www.domkraftpro.com\/index.php\/wp-json\/wp\/v2\/media?parent=14959"}],"wp:term":[{"taxonomy":"product_brand","embeddable":true,"href":"https:\/\/www.domkraftpro.com\/index.php\/wp-json\/wp\/v2\/product_brand?post=14959"},{"taxonomy":"product_cat","embeddable":true,"href":"https:\/\/www.domkraftpro.com\/index.php\/wp-json\/wp\/v2\/product_cat?post=14959"},{"taxonomy":"product_tag","embeddable":true,"href":"https:\/\/www.domkraftpro.com\/index.php\/wp-json\/wp\/v2\/product_tag?post=14959"}],"curies":[{"name":"wp","href":"https:\/\/api.w.org\/{rel}","templated":true}]}}