{"id":14943,"date":"2026-04-27T04:40:59","date_gmt":"2026-04-27T04:40:59","guid":{"rendered":""},"modified":"2026-04-27T04:40:59","modified_gmt":"2026-04-27T04:40:59","slug":"pareniste-foliove-greenhouse-mini-tunel-300x55x40-cm-1-65-m2-element-shop-cz-pouze-dnes-14943","status":"publish","type":"product","link":"https:\/\/www.domkraftpro.com\/index.php\/produkt\/pareniste-foliove-greenhouse-mini-tunel-300x55x40-cm-1-65-m2-element-shop-cz-pouze-dnes-14943\/","title":{"rendered":"Pa\u0159eni\u0161t\u011b foliov\u00e9 GREENHOUSE MINI, tunel 300\u00d755\u00d740 cm, 1,65 m2 | element-shop.cz Pouze Dnes"},"content":{"rendered":"<div class=\"basic-description\">\n<h3>Detailn\u00ed popis produktu<\/h3>\n<table height=\"5\" style=\"width: 880px;\">\n<tbody>\n<tr>\n<td style=\"width: 736.031px;\">\n<h1><strong>STREND PRO\u00ae 2172892<\/strong><\/h1>\n<h1><strong>Pa\u0159eni\u0161t\u011b GREENHOUSE foliov\u00e9 mini, 300\u00d755\u00d740 cm<\/strong><\/h1>\n<\/td>\n<td style=\"width: 141.969px;\"><\/td>\n<\/tr>\n<\/tbody>\n<\/table>\n<div>&nbsp;<\/div>\n<div><span style=\"font-size: 12pt;\"><strong>Pa\u0159eni\u0161t\u011b foliov\u00e9 mini je skv\u011bl\u00fdm pomocn\u00edkem pro zahradn\u00edky, kte\u0159\u00ed cht\u011bj\u00ed chr\u00e1nit sv\u00e9 rostliny p\u0159ed nep\u0159\u00edzniv\u00fdmi pov\u011btrnostn\u00edmi podm\u00ednkami a zv\u00fd\u0161it \u00fasp\u011b\u0161nost jejich p\u011bstov\u00e1n\u00ed. <\/strong><\/span><\/div>\n<div>&nbsp;<\/div>\n<div>&nbsp;<\/div>\n<div><strong>Vynikaj\u00edc\u00ed <span class=\"show-tooltip\" title=\"Teplota&amp;nbsp;je charakteristika tepeln\u00e9ho&amp;nbsp;stavu&amp;nbsp;hmoty. Je to jedna z nejd\u016fle\u017eit\u011bj\u0161\u00edch fyzik\u00e1ln\u00edch veli\u010din. Teplota ovliv\u0148uje aktivitu (energii) ve\u0161ker\u00fdch \u010d\u00e1stic ve vesm\u00edru a zp\u016fsobuje zm\u011bnu rozm\u011br\u016f, tvaru&amp;hellip;\">tepeln\u00e1<\/span> <span class=\"show-tooltip\" title=\"Izolace je proces nebo stav, kdy jsou dva nebo v\u00edce objekty nebo syst\u00e9my odd\u011bleny nebo izolov\u00e1ny od sebe.V kontextu stavebnictv\u00ed a techniky se term\u00edn &quot;izolace&quot; \u010dasto vztahuje na snahu o omezen\u00ed nebo regulaci p\u0159enosu tepla, zvuku nebo elektrick\u00e9ho&amp;hellip;\">izolace<\/span>:<\/strong> Chr\u00e1n\u00ed rostliny p\u0159ed n\u00e1hl\u00fdmi teplotn\u00edmi v\u00fdkyvy a jarn\u00edmi mrazy, co\u017e podporuje jejich zdrav\u00fd r\u016fst.<\/div>\n<div><strong>Jednoduch\u00e1 mont\u00e1\u017e:<\/strong> Snadn\u00e1 a rychl\u00e1 instalace umo\u017e\u0148uje okam\u017eit\u00e9 vyu\u017eit\u00ed pa\u0159eni\u0161t\u011b bez zdlouhav\u00fdch p\u0159\u00edprav.<\/div>\n<div><strong>Odoln\u00e1 UV stabilizovan\u00e1 f\u00f3lie:<\/strong> Kryt pa\u0159eni\u0161t\u011b je vyroben z odoln\u00e9 folie, kter\u00e1 odol\u00e1v\u00e1 p\u016fsoben\u00ed <span class=\"show-tooltip\" title=\"Slunce je centr\u00e1ln\u00ed hv\u011bzda slune\u010dn\u00ed soustavy, kter\u00e1 poskytuje energii prost\u0159ednictv\u00edm jadern\u00fdch reakc\u00ed termojadern\u00e9 f\u00faze. Jeho vlastnosti, velikost, st\u00e1\u0159\u00ed a v\u00fdznam jsou kl\u00ed\u010dov\u00e9 pro ch\u00e1p\u00e1n\u00ed \u017eivota na Zemi a v na\u0161\u00ed slune\u010dn\u00ed soustav\u011b.&amp;nbsp;Slunce je&amp;hellip;\">slune\u010dn\u00edho<\/span> z\u00e1\u0159en\u00ed a zaji\u0161\u0165uje dlouhou \u017eivotnost.<\/div>\n<div>&nbsp;<\/div>\n<div><strong>Rozm\u011bry:<\/strong> \u0160\u00ed\u0159ka 300 cm x Hloubka 55 cm x V\u00fd\u0161ka 400 cm<\/div>\n<div><strong>Materi\u00e1l r\u00e1mu:<\/strong> <span class=\"show-tooltip\" title=\"Ocel je slitina \u017eeleza s mal\u00fdm obsahem uhl\u00edku a dal\u0161\u00edmi p\u0159\u00edm\u011bsemi. Je to jeden z nejb\u011b\u017en\u011bji pou\u017e\u00edvan\u00fdch materi\u00e1l\u016f v pr\u016fmyslu a&amp;nbsp;stavebnictv\u00ed d\u00edky sv\u00fdm vlastnostem, kter\u00e9 zahrnuj\u00ed pevnost, tv\u00e1rnost a odolnost.&amp;nbsp;Z\u00e1kladn\u00ed slo\u017ekou&amp;hellip;\">Ocelov\u00fd<\/span> <span class=\"show-tooltip\" title=\"Dr\u00e1t je dlouh\u00e9, tenk\u00e9, pru\u017en\u00e9 kovov\u00e9 vl\u00e1kno vyr\u00e1b\u011bn\u00e9 ta\u017een\u00edm nebo v\u00e1lcov\u00e1n\u00edm. Dr\u00e1t je univerz\u00e1ln\u00ed materi\u00e1l s \u0161irok\u00fdm vyu\u017eit\u00edm. Pou\u017e\u00edv\u00e1 se v pr\u016fmyslu, stavebnictv\u00ed, elektronice, um\u011bn\u00ed a dal\u0161\u00edch oborech. Jeho vlastnosti z\u00e1vis\u00ed na materi\u00e1lu,&amp;hellip;\">dr\u00e1t<\/span>&nbsp;<\/div>\n<div><strong>Materi\u00e1l folie:<\/strong> Polyethylenov\u00e1 folie s vysokou odolnost\u00ed v\u016f\u010di UV z\u00e1\u0159en\u00ed.<\/div>\n<div>&nbsp;<\/div>\n<div><\/div>\n<\/p><\/div>\n","protected":false},"excerpt":{"rendered":"<p>Detailn\u00ed popis produktu STREND PRO\u00ae 2172892 Pa\u0159eni\u0161t\u011b GREENHOUSE foliov\u00e9 mini, 300\u00d755\u00d740 cm &nbsp; Pa\u0159eni\u0161t\u011b foliov\u00e9 mini je skv\u011bl\u00fdm pomocn\u00edkem pro zahradn\u00edky, kte\u0159\u00ed cht\u011bj\u00ed chr\u00e1nit sv\u00e9 rostliny p\u0159ed nep\u0159\u00edzniv\u00fdmi pov\u011btrnostn\u00edmi podm\u00ednkami a zv\u00fd\u0161it \u00fasp\u011b\u0161nost jejich p\u011bstov\u00e1n\u00ed. &nbsp; &nbsp; Vynikaj\u00edc\u00ed tepeln\u00e1 izolace: Chr\u00e1n\u00ed rostliny p\u0159ed n\u00e1hl\u00fdmi teplotn\u00edmi v\u00fdkyvy a jarn\u00edmi mrazy, co\u017e podporuje jejich zdrav\u00fd r\u016fst. Jednoduch\u00e1 [&hellip;]<\/p>\n","protected":false},"featured_media":15043,"comment_status":"open","ping_status":"open","template":"","meta":[],"product_brand":[],"product_cat":[58],"product_tag":[],"class_list":{"0":"post-14943","1":"product","2":"type-product","3":"status-publish","4":"has-post-thumbnail","6":"product_cat-dum-a-zahrada","8":"first","9":"instock","10":"sale","11":"shipping-taxable","12":"purchasable","13":"product-type-simple"},"yoast_head":"<!-- This site is optimized with the Yoast SEO plugin v26.8 - https:\/\/yoast.com\/product\/yoast-seo-wordpress\/ -->\n<title>Pa\u0159eni\u0161t\u011b foliov\u00e9 GREENHOUSE MINI, tunel 300\u00d755\u00d740 cm, 1,65 m2 | element-shop.cz Pouze Dnes -<\/title>\n<meta name=\"robots\" content=\"index, follow, max-snippet:-1, max-image-preview:large, max-video-preview:-1\" \/>\n<link rel=\"canonical\" href=\"https:\/\/www.domkraftpro.com\/index.php\/produkt\/pareniste-foliove-greenhouse-mini-tunel-300x55x40-cm-1-65-m2-element-shop-cz-pouze-dnes-14943\/\" \/>\n<meta property=\"og:locale\" content=\"cs_CZ\" \/>\n<meta property=\"og:type\" content=\"article\" \/>\n<meta property=\"og:title\" content=\"Pa\u0159eni\u0161t\u011b foliov\u00e9 GREENHOUSE MINI, tunel 300\u00d755\u00d740 cm, 1,65 m2 | element-shop.cz Pouze Dnes -\" \/>\n<meta property=\"og:description\" content=\"Detailn\u00ed popis produktu STREND PRO\u00ae 2172892 Pa\u0159eni\u0161t\u011b GREENHOUSE foliov\u00e9 mini, 300\u00d755\u00d740 cm &nbsp; Pa\u0159eni\u0161t\u011b foliov\u00e9 mini je skv\u011bl\u00fdm pomocn\u00edkem pro zahradn\u00edky, kte\u0159\u00ed cht\u011bj\u00ed chr\u00e1nit sv\u00e9 rostliny p\u0159ed nep\u0159\u00edzniv\u00fdmi pov\u011btrnostn\u00edmi podm\u00ednkami a zv\u00fd\u0161it \u00fasp\u011b\u0161nost jejich p\u011bstov\u00e1n\u00ed. &nbsp; &nbsp; Vynikaj\u00edc\u00ed tepeln\u00e1 izolace: Chr\u00e1n\u00ed rostliny p\u0159ed n\u00e1hl\u00fdmi teplotn\u00edmi v\u00fdkyvy a jarn\u00edmi mrazy, co\u017e podporuje jejich zdrav\u00fd r\u016fst. Jednoduch\u00e1 [&hellip;]\" \/>\n<meta property=\"og:url\" content=\"https:\/\/www.domkraftpro.com\/index.php\/produkt\/pareniste-foliove-greenhouse-mini-tunel-300x55x40-cm-1-65-m2-element-shop-cz-pouze-dnes-14943\/\" \/>\n<meta property=\"og:image\" content=\"https:\/\/www.domkraftpro.com\/wp-content\/uploads\/2026\/SK0006948-CZ20260425-092522-0-1777080324-115408_rewrite-353187-2172892.webp\" \/>\n\t<meta property=\"og:image:width\" content=\"1000\" \/>\n\t<meta property=\"og:image:height\" content=\"750\" \/>\n\t<meta property=\"og:image:type\" content=\"image\/webp\" \/>\n<meta name=\"twitter:card\" content=\"summary_large_image\" \/>\n<meta name=\"twitter:label1\" content=\"Odhadovan\u00e1 doba \u010dten\u00ed\" \/>\n\t<meta name=\"twitter:data1\" content=\"1 minuta\" \/>\n<script type=\"application\/ld+json\" class=\"yoast-schema-graph\">{\"@context\":\"https:\/\/schema.org\",\"@graph\":[{\"@type\":\"WebPage\",\"@id\":\"https:\/\/www.domkraftpro.com\/index.php\/produkt\/pareniste-foliove-greenhouse-mini-tunel-300x55x40-cm-1-65-m2-element-shop-cz-pouze-dnes-14943\/\",\"url\":\"https:\/\/www.domkraftpro.com\/index.php\/produkt\/pareniste-foliove-greenhouse-mini-tunel-300x55x40-cm-1-65-m2-element-shop-cz-pouze-dnes-14943\/\",\"name\":\"Pa\u0159eni\u0161t\u011b foliov\u00e9 GREENHOUSE MINI, tunel 300\u00d755\u00d740 cm, 1,65 m2 | element-shop.cz Pouze Dnes -\",\"isPartOf\":{\"@id\":\"https:\/\/www.domkraftpro.com\/#website\"},\"primaryImageOfPage\":{\"@id\":\"https:\/\/www.domkraftpro.com\/index.php\/produkt\/pareniste-foliove-greenhouse-mini-tunel-300x55x40-cm-1-65-m2-element-shop-cz-pouze-dnes-14943\/#primaryimage\"},\"image\":{\"@id\":\"https:\/\/www.domkraftpro.com\/index.php\/produkt\/pareniste-foliove-greenhouse-mini-tunel-300x55x40-cm-1-65-m2-element-shop-cz-pouze-dnes-14943\/#primaryimage\"},\"thumbnailUrl\":\"https:\/\/www.domkraftpro.com\/wp-content\/uploads\/2026\/SK0006948-CZ20260425-092522-0-1777080324-115408_rewrite-353187-2172892.webp\",\"datePublished\":\"2026-04-27T04:40:59+00:00\",\"breadcrumb\":{\"@id\":\"https:\/\/www.domkraftpro.com\/index.php\/produkt\/pareniste-foliove-greenhouse-mini-tunel-300x55x40-cm-1-65-m2-element-shop-cz-pouze-dnes-14943\/#breadcrumb\"},\"inLanguage\":\"cs\",\"potentialAction\":[{\"@type\":\"ReadAction\",\"target\":[\"https:\/\/www.domkraftpro.com\/index.php\/produkt\/pareniste-foliove-greenhouse-mini-tunel-300x55x40-cm-1-65-m2-element-shop-cz-pouze-dnes-14943\/\"]}]},{\"@type\":\"ImageObject\",\"inLanguage\":\"cs\",\"@id\":\"https:\/\/www.domkraftpro.com\/index.php\/produkt\/pareniste-foliove-greenhouse-mini-tunel-300x55x40-cm-1-65-m2-element-shop-cz-pouze-dnes-14943\/#primaryimage\",\"url\":\"https:\/\/www.domkraftpro.com\/wp-content\/uploads\/2026\/SK0006948-CZ20260425-092522-0-1777080324-115408_rewrite-353187-2172892.webp\",\"contentUrl\":\"https:\/\/www.domkraftpro.com\/wp-content\/uploads\/2026\/SK0006948-CZ20260425-092522-0-1777080324-115408_rewrite-353187-2172892.webp\",\"width\":1000,\"height\":750},{\"@type\":\"BreadcrumbList\",\"@id\":\"https:\/\/www.domkraftpro.com\/index.php\/produkt\/pareniste-foliove-greenhouse-mini-tunel-300x55x40-cm-1-65-m2-element-shop-cz-pouze-dnes-14943\/#breadcrumb\",\"itemListElement\":[{\"@type\":\"ListItem\",\"position\":1,\"name\":\"Home\",\"item\":\"https:\/\/www.domkraftpro.com\/\"},{\"@type\":\"ListItem\",\"position\":2,\"name\":\"Products\",\"item\":\"https:\/\/www.domkraftpro.com\/index.php\/products\/\"},{\"@type\":\"ListItem\",\"position\":3,\"name\":\"Pa\u0159eni\u0161t\u011b foliov\u00e9 GREENHOUSE MINI, tunel 300\u00d755\u00d740 cm, 1,65 m2 | element-shop.cz Pouze Dnes\"}]},{\"@type\":\"WebSite\",\"@id\":\"https:\/\/www.domkraftpro.com\/#website\",\"url\":\"https:\/\/www.domkraftpro.com\/\",\"name\":\"\",\"description\":\"\",\"potentialAction\":[{\"@type\":\"SearchAction\",\"target\":{\"@type\":\"EntryPoint\",\"urlTemplate\":\"https:\/\/www.domkraftpro.com\/?s={search_term_string}\"},\"query-input\":{\"@type\":\"PropertyValueSpecification\",\"valueRequired\":true,\"valueName\":\"search_term_string\"}}],\"inLanguage\":\"cs\"}]}<\/script>\n<!-- \/ Yoast SEO plugin. -->","yoast_head_json":{"title":"Pa\u0159eni\u0161t\u011b foliov\u00e9 GREENHOUSE MINI, tunel 300\u00d755\u00d740 cm, 1,65 m2 | element-shop.cz Pouze Dnes -","robots":{"index":"index","follow":"follow","max-snippet":"max-snippet:-1","max-image-preview":"max-image-preview:large","max-video-preview":"max-video-preview:-1"},"canonical":"https:\/\/www.domkraftpro.com\/index.php\/produkt\/pareniste-foliove-greenhouse-mini-tunel-300x55x40-cm-1-65-m2-element-shop-cz-pouze-dnes-14943\/","og_locale":"cs_CZ","og_type":"article","og_title":"Pa\u0159eni\u0161t\u011b foliov\u00e9 GREENHOUSE MINI, tunel 300\u00d755\u00d740 cm, 1,65 m2 | element-shop.cz Pouze Dnes -","og_description":"Detailn\u00ed popis produktu STREND PRO\u00ae 2172892 Pa\u0159eni\u0161t\u011b GREENHOUSE foliov\u00e9 mini, 300\u00d755\u00d740 cm &nbsp; Pa\u0159eni\u0161t\u011b foliov\u00e9 mini je skv\u011bl\u00fdm pomocn\u00edkem pro zahradn\u00edky, kte\u0159\u00ed cht\u011bj\u00ed chr\u00e1nit sv\u00e9 rostliny p\u0159ed nep\u0159\u00edzniv\u00fdmi pov\u011btrnostn\u00edmi podm\u00ednkami a zv\u00fd\u0161it \u00fasp\u011b\u0161nost jejich p\u011bstov\u00e1n\u00ed. &nbsp; &nbsp; Vynikaj\u00edc\u00ed tepeln\u00e1 izolace: Chr\u00e1n\u00ed rostliny p\u0159ed n\u00e1hl\u00fdmi teplotn\u00edmi v\u00fdkyvy a jarn\u00edmi mrazy, co\u017e podporuje jejich zdrav\u00fd r\u016fst. Jednoduch\u00e1 [&hellip;]","og_url":"https:\/\/www.domkraftpro.com\/index.php\/produkt\/pareniste-foliove-greenhouse-mini-tunel-300x55x40-cm-1-65-m2-element-shop-cz-pouze-dnes-14943\/","og_image":[{"width":1000,"height":750,"url":"https:\/\/www.domkraftpro.com\/wp-content\/uploads\/2026\/SK0006948-CZ20260425-092522-0-1777080324-115408_rewrite-353187-2172892.webp","type":"image\/webp"}],"twitter_card":"summary_large_image","twitter_misc":{"Odhadovan\u00e1 doba \u010dten\u00ed":"1 minuta"},"schema":{"@context":"https:\/\/schema.org","@graph":[{"@type":"WebPage","@id":"https:\/\/www.domkraftpro.com\/index.php\/produkt\/pareniste-foliove-greenhouse-mini-tunel-300x55x40-cm-1-65-m2-element-shop-cz-pouze-dnes-14943\/","url":"https:\/\/www.domkraftpro.com\/index.php\/produkt\/pareniste-foliove-greenhouse-mini-tunel-300x55x40-cm-1-65-m2-element-shop-cz-pouze-dnes-14943\/","name":"Pa\u0159eni\u0161t\u011b foliov\u00e9 GREENHOUSE MINI, tunel 300\u00d755\u00d740 cm, 1,65 m2 | element-shop.cz Pouze Dnes -","isPartOf":{"@id":"https:\/\/www.domkraftpro.com\/#website"},"primaryImageOfPage":{"@id":"https:\/\/www.domkraftpro.com\/index.php\/produkt\/pareniste-foliove-greenhouse-mini-tunel-300x55x40-cm-1-65-m2-element-shop-cz-pouze-dnes-14943\/#primaryimage"},"image":{"@id":"https:\/\/www.domkraftpro.com\/index.php\/produkt\/pareniste-foliove-greenhouse-mini-tunel-300x55x40-cm-1-65-m2-element-shop-cz-pouze-dnes-14943\/#primaryimage"},"thumbnailUrl":"https:\/\/www.domkraftpro.com\/wp-content\/uploads\/2026\/SK0006948-CZ20260425-092522-0-1777080324-115408_rewrite-353187-2172892.webp","datePublished":"2026-04-27T04:40:59+00:00","breadcrumb":{"@id":"https:\/\/www.domkraftpro.com\/index.php\/produkt\/pareniste-foliove-greenhouse-mini-tunel-300x55x40-cm-1-65-m2-element-shop-cz-pouze-dnes-14943\/#breadcrumb"},"inLanguage":"cs","potentialAction":[{"@type":"ReadAction","target":["https:\/\/www.domkraftpro.com\/index.php\/produkt\/pareniste-foliove-greenhouse-mini-tunel-300x55x40-cm-1-65-m2-element-shop-cz-pouze-dnes-14943\/"]}]},{"@type":"ImageObject","inLanguage":"cs","@id":"https:\/\/www.domkraftpro.com\/index.php\/produkt\/pareniste-foliove-greenhouse-mini-tunel-300x55x40-cm-1-65-m2-element-shop-cz-pouze-dnes-14943\/#primaryimage","url":"https:\/\/www.domkraftpro.com\/wp-content\/uploads\/2026\/SK0006948-CZ20260425-092522-0-1777080324-115408_rewrite-353187-2172892.webp","contentUrl":"https:\/\/www.domkraftpro.com\/wp-content\/uploads\/2026\/SK0006948-CZ20260425-092522-0-1777080324-115408_rewrite-353187-2172892.webp","width":1000,"height":750},{"@type":"BreadcrumbList","@id":"https:\/\/www.domkraftpro.com\/index.php\/produkt\/pareniste-foliove-greenhouse-mini-tunel-300x55x40-cm-1-65-m2-element-shop-cz-pouze-dnes-14943\/#breadcrumb","itemListElement":[{"@type":"ListItem","position":1,"name":"Home","item":"https:\/\/www.domkraftpro.com\/"},{"@type":"ListItem","position":2,"name":"Products","item":"https:\/\/www.domkraftpro.com\/index.php\/products\/"},{"@type":"ListItem","position":3,"name":"Pa\u0159eni\u0161t\u011b foliov\u00e9 GREENHOUSE MINI, tunel 300\u00d755\u00d740 cm, 1,65 m2 | element-shop.cz Pouze Dnes"}]},{"@type":"WebSite","@id":"https:\/\/www.domkraftpro.com\/#website","url":"https:\/\/www.domkraftpro.com\/","name":"","description":"","potentialAction":[{"@type":"SearchAction","target":{"@type":"EntryPoint","urlTemplate":"https:\/\/www.domkraftpro.com\/?s={search_term_string}"},"query-input":{"@type":"PropertyValueSpecification","valueRequired":true,"valueName":"search_term_string"}}],"inLanguage":"cs"}]}},"_links":{"self":[{"href":"https:\/\/www.domkraftpro.com\/index.php\/wp-json\/wp\/v2\/product\/14943","targetHints":{"allow":["GET"]}}],"collection":[{"href":"https:\/\/www.domkraftpro.com\/index.php\/wp-json\/wp\/v2\/product"}],"about":[{"href":"https:\/\/www.domkraftpro.com\/index.php\/wp-json\/wp\/v2\/types\/product"}],"replies":[{"embeddable":true,"href":"https:\/\/www.domkraftpro.com\/index.php\/wp-json\/wp\/v2\/comments?post=14943"}],"wp:featuredmedia":[{"embeddable":true,"href":"https:\/\/www.domkraftpro.com\/index.php\/wp-json\/wp\/v2\/media\/15043"}],"wp:attachment":[{"href":"https:\/\/www.domkraftpro.com\/index.php\/wp-json\/wp\/v2\/media?parent=14943"}],"wp:term":[{"taxonomy":"product_brand","embeddable":true,"href":"https:\/\/www.domkraftpro.com\/index.php\/wp-json\/wp\/v2\/product_brand?post=14943"},{"taxonomy":"product_cat","embeddable":true,"href":"https:\/\/www.domkraftpro.com\/index.php\/wp-json\/wp\/v2\/product_cat?post=14943"},{"taxonomy":"product_tag","embeddable":true,"href":"https:\/\/www.domkraftpro.com\/index.php\/wp-json\/wp\/v2\/product_tag?post=14943"}],"curies":[{"name":"wp","href":"https:\/\/api.w.org\/{rel}","templated":true}]}}