{"id":14942,"date":"2026-04-27T04:40:59","date_gmt":"2026-04-27T04:40:59","guid":{"rendered":""},"modified":"2026-04-27T04:40:59","modified_gmt":"2026-04-27T04:40:59","slug":"strend-pro-r-pareniste-foliove-greenhouse-180x140x94-cm-zlevneny-14942","status":"publish","type":"product","link":"https:\/\/www.domkraftpro.com\/index.php\/produkt\/strend-pro-r-pareniste-foliove-greenhouse-180x140x94-cm-zlevneny-14942\/","title":{"rendered":"STREND PRO\u00ae  Pa\u0159eni\u0161t\u011b foliov\u00e9 Greenhouse, 180\u00d7140\u00d794 cm Zlevn\u011bn\u00fd"},"content":{"rendered":"<div class=\"basic-description\">\n<h3>Detailn\u00ed popis produktu<\/h3>\n<table height=\"9\" style=\"width: 879px;\">\n<tbody>\n<tr>\n<td style=\"width: 735.531px;\">\n<h1><strong>STREND PRO\u00ae 2172890<\/strong><\/h1>\n<h1><strong>Pa\u0159eni\u0161t\u011b foliov\u00e9 Greenhouse, 180\u00d7140\u00d794 cm<\/strong><\/h1>\n<\/td>\n<td style=\"width: 142.469px;\"><\/td>\n<\/tr>\n<\/tbody>\n<\/table>\n<div>&nbsp;<\/div>\n<div><span style=\"font-size: 12pt;\"><strong>Pa\u0159eni\u0161t\u011b Greenhouse p\u0159edstavuje ide\u00e1ln\u00ed \u0159e\u0161en\u00ed pro ochranu va\u0161ich rostlin p\u0159ed nep\u0159\u00edzniv\u00fdmi pov\u011btrnostn\u00edmi podm\u00ednkami a pro podporu jejich zdrav\u00e9ho r\u016fstu a kveten\u00ed. S prostorn\u00fdm <span class=\"show-tooltip\" title=\"Design je proces tvorby a uspo\u0159\u00e1d\u00e1n\u00ed prvk\u016f tak, aby vytvo\u0159ily n\u011bco s ur\u010dit\u00fdm \u00fa\u010delem nebo estetick\u00fdm dojmem. Term\u00edn &quot;design&quot; se pou\u017e\u00edv\u00e1 v r\u016fzn\u00fdch kontextech a odv\u011btv\u00edch, a m\u016f\u017ee se t\u00fdkat n\u00e1vrhu v\u00fdrobk\u016f, grafick\u00e9ho designu, interi\u00e9rov\u00e9ho designu,&amp;hellip;\">designem<\/span> a vynikaj\u00edc\u00edmi tepeln\u011b izola\u010dn\u00edmi vlastnostmi poskytuje toto pa\u0159eni\u0161t\u011b optim\u00e1ln\u00ed podm\u00ednky pro va\u0161e zahradnick\u00e9 \u00fasp\u011bchy.<\/strong><\/span><\/div>\n<div>&nbsp;<\/div>\n<div><strong>Prostorn\u00fd design:<\/strong> P\u0159\u00edzemn\u00ed <span class=\"show-tooltip\" title=\"Konstrukce je proces tvorby a sestaven\u00ed r\u016fzn\u00fdch prvk\u016f nebo sou\u010d\u00e1st\u00ed do funk\u010dn\u00edho celku, kter\u00fd m\u016f\u017ee slou\u017eit k ur\u010dit\u00e9mu \u00fa\u010delu. V kontextu stavebnictv\u00ed a in\u017een\u00fdrstv\u00ed zahrnuje konstrukce tvorbu budov, most\u016f, silnic, pr\u016fmyslov\u00fdch za\u0159\u00edzen\u00ed,&amp;hellip;\">konstrukce<\/span> s rozm\u011bry 180\u00d7140\u00d794 cm poskytuje dostatek prostoru pro r\u016fst a rozvoj va\u0161ich rostlin.<\/div>\n<div><strong>Tepeln\u011b izola\u010dn\u00ed vlastnosti:<\/strong> Vysoce kvalitn\u00ed materi\u00e1ly zaru\u010duj\u00ed \u00fa\u010dinnou ochranu p\u0159ed jarn\u00edmi mraz\u00edky a podporuj\u00ed optim\u00e1ln\u00ed teplotu uvnit\u0159 pa\u0159eni\u0161t\u011b pro zdrav\u00fd r\u016fst rostlin.<\/div>\n<div><strong>Centr\u00e1ln\u00ed otvor:<\/strong> Snadn\u00fd p\u0159\u00edstup k rostlin\u00e1m je zaji\u0161t\u011bn d\u00edky centr\u00e1ln\u00edmu otvoru, kter\u00fd lze pohodln\u011b otev\u0159\u00edt a uzav\u0159\u00edt podle pot\u0159eby.<\/div>\n<div><strong>V\u011btrac\u00ed okna:<\/strong> Dv\u011b mal\u00e1 v\u011btrac\u00ed okna umo\u017e\u0148uj\u00ed <span class=\"show-tooltip\" title=\"Regulace je proces nebo mechanismus, kter\u00fd slou\u017e\u00ed k udr\u017een\u00ed, \u0159\u00edzen\u00ed nebo stabilizaci ur\u010dit\u00e9ho parametru, stavu nebo syst\u00e9mu. C\u00edlem regulace je dos\u00e1hnout specifick\u00e9ho v\u00fdsledku nebo udr\u017eet dan\u00fd stav v souladu s ur\u010dit\u00fdmi normami, po\u017eadavky nebo&amp;hellip;\">regulaci<\/span> vzdu\u0161n\u00e9ho proud\u011bn\u00ed uvnit\u0159 pa\u0159eni\u0161t\u011b, co\u017e pom\u00e1h\u00e1 udr\u017eovat optim\u00e1ln\u00ed podm\u00ednky pro r\u016fst rostlin.<\/div>\n<div><strong>Jednoduch\u00e1 mont\u00e1\u017e:<\/strong> Z\u00e1kladn\u00ed r\u00e1m z <span class=\"show-tooltip\" title=\"Kovy&amp;nbsp;tvo\u0159\u00ed spole\u010dn\u011b s&amp;nbsp;polokovy&amp;nbsp;a&amp;nbsp;nekovy&amp;nbsp;t\u0159i hlavn\u00ed skupiny&amp;nbsp;chemick\u00fdch prvk\u016f. Rozd\u011blen\u00ed je prov\u00e1d\u011bno s ohledem na&amp;nbsp;vazebn\u00e9&amp;nbsp;a&amp;nbsp;ioniza\u010dn\u00ed&amp;nbsp;vlastnosti prvk\u016f. Kovy jsou charakterizovan\u00e9&amp;hellip;\">kovov\u00fdch<\/span> trubek a <span class=\"show-tooltip\" title=\"Plastyn\u011bkdy tak\u00e9 naz\u00fdvan\u00e9 plastick\u00e9 \u010di um\u011bl\u00e9 hmoty, p\u0159edstavuj\u00ed \u0161irokou \u0161k\u00e1lu syntetick\u00fdch nebo \u010d\u00e1ste\u010dn\u011b syntetick\u00fdch organick\u00fdch slou\u010denin a polymern\u00edch materi\u00e1l\u016f. \u010casto obsahuj\u00ed p\u0159\u00edsady zlep\u0161uj\u00edc\u00ed jejich funk\u010dn\u00ed vlastnosti, nap\u0159\u00edklad&amp;hellip;\">plastov\u00fdch<\/span> spojek umo\u017e\u0148uje snadnou a rychlou mont\u00e1\u017e pa\u0159eni\u0161t\u011b bez pot\u0159eby slo\u017eit\u00fdch <span class=\"show-tooltip\" title=\"N\u00e1stroj&amp;nbsp;je pracovn\u00ed prost\u0159edek, pom\u016fcka k zpracov\u00e1n\u00ed n\u011b\u010deho (pracovn\u00ed n\u00e1stroj, \u0159emeslnick\u00fd n\u00e1stroj, chirurgick\u00fd n\u00e1stroj aj.), p\u0159\u00edp. v\u00fdrobn\u00ed pom\u016fcka slou\u017e\u00edc\u00ed p\u0159i ru\u010dn\u00edm nebo strojn\u00edm obr\u00e1b\u011bn\u00ed ke zm\u011bn\u011b velikosti nebo tvaru opracov\u00e1van\u00e9ho&amp;hellip;\">n\u00e1stroj\u016f<\/span>.<\/div>\n<div><strong>Odoln\u00fd materi\u00e1l:<\/strong> Kryt vyroben\u00fd z vyztu\u017een\u00e9ho <span class=\"show-tooltip\" title=\"Polyethylen (PE) je termoplastick\u00fd polymer, kter\u00fd pat\u0159\u00ed mezi nej\u010dast\u011bji pou\u017e\u00edvan\u00e9 typy plast\u016f. Je zn\u00e1m\u00fd svou vysokou odolnost\u00ed, chemickou stabilitou a n\u00edzkou hmotnost\u00ed. Polyethylen je vyr\u00e1b\u011bn polymerac\u00ed etylenu, co\u017e je jednoduch\u00fd uhlovod\u00edk. Existuj\u00ed&amp;hellip;\">polyetylenu<\/span> odoln\u00e9ho v\u016f\u010di UV z\u00e1\u0159en\u00ed s pevnost\u00ed 140 g\/m<sup>2<\/sup> poskytuje spolehlivou ochranu va\u0161ich rostlin p\u0159ed nep\u0159\u00edzniv\u00fdmi pov\u011btrnostn\u00edmi podm\u00ednkami.<\/div>\n<div>&nbsp;<\/div>\n<div><strong>Rozm\u011bry:<\/strong> \u0160\u00ed\u0159ka 180 cm x Hloubka 140 cm x V\u00fd\u0161ka 94 cm<\/div>\n<div><strong>Materi\u00e1l r\u00e1mu:<\/strong> Kovov\u00e9 trubky pr\u016fm\u011bru 16 mm s pr\u00e1\u0161kov\u00fdm <span class=\"show-tooltip\" title=\"Lak je povlak nebo n\u00e1t\u011br, kter\u00fd se nan\u00e1\u0161\u00ed na povrchy s c\u00edlem zv\u00fd\u0161it jejich odolnost, estetick\u00fd vzhled nebo ochranu. Existuje mnoho r\u016fzn\u00fdch typ\u016f lak\u016f, z nich\u017e ka\u017ed\u00fd je ur\u010den pro specifick\u00e9 pou\u017eit\u00ed a materi\u00e1ly:Vodou \u0159editeln\u00fd lak: Typ&amp;hellip;\">lakem<\/span> a plastov\u00e9 spojky zaji\u0161\u0165uj\u00ed <span class=\"show-tooltip\" title=\"Pevnost je materi\u00e1lov\u00e1 vlastnost charakterizuj\u00edc\u00ed schopnost materi\u00e1lu odol\u00e1vat vn\u011bj\u0161\u00edm sil\u00e1m, kter\u00e9 by mohly zp\u016fsobit jeho deformaci, roztr\u017een\u00ed nebo jin\u00e9 formy selh\u00e1n\u00ed.Pevnost je z\u00e1kladn\u00edm parametrem pro posouzen\u00ed odolnosti materi\u00e1l\u016f v konstrukci a&amp;hellip;\">pevnou<\/span> konstrukci.<\/div>\n<div><strong>Materi\u00e1l folie:<\/strong> Vyztu\u017een\u00fd polyetyl\u00e9n s pevnost\u00ed 140 g\/m<sup>2<\/sup> poskytuje odolnost proti UV z\u00e1\u0159en\u00ed a dlouhou \u017eivotnost.<\/div>\n<div><strong>Extra:<\/strong> Dv\u011b v\u011btrac\u00ed okna umo\u017e\u0148uj\u00ed regulaci teploty a vzdu\u0161n\u00e9ho proud\u011bn\u00ed uvnit\u0159 pa\u0159eni\u0161t\u011b.<\/div>\n<div id=\"hzViewer\" style=\"background: none; line-height: 0px; overflow: hidden; padding: 10px 5px; position: absolute; z-index: 2147483647; visibility: visible; opacity: 1; top: 5px; left: 304px; width: auto; height: auto; cursor: pointer; pointer-events: none; display: none;\">&nbsp;<\/div>\n<\/p><\/div>\n","protected":false},"excerpt":{"rendered":"<p>Detailn\u00ed popis produktu STREND PRO\u00ae 2172890 Pa\u0159eni\u0161t\u011b foliov\u00e9 Greenhouse, 180\u00d7140\u00d794 cm &nbsp; Pa\u0159eni\u0161t\u011b Greenhouse p\u0159edstavuje ide\u00e1ln\u00ed \u0159e\u0161en\u00ed pro ochranu va\u0161ich rostlin p\u0159ed nep\u0159\u00edzniv\u00fdmi pov\u011btrnostn\u00edmi podm\u00ednkami a pro podporu jejich zdrav\u00e9ho r\u016fstu a kveten\u00ed. S prostorn\u00fdm designem a vynikaj\u00edc\u00edmi tepeln\u011b izola\u010dn\u00edmi vlastnostmi poskytuje toto pa\u0159eni\u0161t\u011b optim\u00e1ln\u00ed podm\u00ednky pro va\u0161e zahradnick\u00e9 \u00fasp\u011bchy. &nbsp; Prostorn\u00fd design: P\u0159\u00edzemn\u00ed konstrukce [&hellip;]<\/p>\n","protected":false},"featured_media":15042,"comment_status":"open","ping_status":"open","template":"","meta":[],"product_brand":[],"product_cat":[58],"product_tag":[],"class_list":{"0":"post-14942","1":"product","2":"type-product","3":"status-publish","4":"has-post-thumbnail","6":"product_cat-dum-a-zahrada","8":"first","9":"instock","10":"sale","11":"shipping-taxable","12":"purchasable","13":"product-type-simple"},"yoast_head":"<!-- This site is optimized with the Yoast SEO plugin v26.8 - https:\/\/yoast.com\/product\/yoast-seo-wordpress\/ -->\n<title>STREND PRO\u00ae Pa\u0159eni\u0161t\u011b foliov\u00e9 Greenhouse, 180\u00d7140\u00d794 cm Zlevn\u011bn\u00fd -<\/title>\n<meta name=\"robots\" content=\"index, follow, max-snippet:-1, max-image-preview:large, max-video-preview:-1\" \/>\n<link rel=\"canonical\" href=\"https:\/\/www.domkraftpro.com\/index.php\/produkt\/strend-pro-r-pareniste-foliove-greenhouse-180x140x94-cm-zlevneny-14942\/\" \/>\n<meta property=\"og:locale\" content=\"cs_CZ\" \/>\n<meta property=\"og:type\" content=\"article\" \/>\n<meta property=\"og:title\" content=\"STREND PRO\u00ae Pa\u0159eni\u0161t\u011b foliov\u00e9 Greenhouse, 180\u00d7140\u00d794 cm Zlevn\u011bn\u00fd -\" \/>\n<meta property=\"og:description\" content=\"Detailn\u00ed popis produktu STREND PRO\u00ae 2172890 Pa\u0159eni\u0161t\u011b foliov\u00e9 Greenhouse, 180\u00d7140\u00d794 cm &nbsp; Pa\u0159eni\u0161t\u011b Greenhouse p\u0159edstavuje ide\u00e1ln\u00ed \u0159e\u0161en\u00ed pro ochranu va\u0161ich rostlin p\u0159ed nep\u0159\u00edzniv\u00fdmi pov\u011btrnostn\u00edmi podm\u00ednkami a pro podporu jejich zdrav\u00e9ho r\u016fstu a kveten\u00ed. S prostorn\u00fdm designem a vynikaj\u00edc\u00edmi tepeln\u011b izola\u010dn\u00edmi vlastnostmi poskytuje toto pa\u0159eni\u0161t\u011b optim\u00e1ln\u00ed podm\u00ednky pro va\u0161e zahradnick\u00e9 \u00fasp\u011bchy. &nbsp; Prostorn\u00fd design: P\u0159\u00edzemn\u00ed konstrukce [&hellip;]\" \/>\n<meta property=\"og:url\" content=\"https:\/\/www.domkraftpro.com\/index.php\/produkt\/strend-pro-r-pareniste-foliove-greenhouse-180x140x94-cm-zlevneny-14942\/\" \/>\n<meta property=\"og:image\" content=\"https:\/\/www.domkraftpro.com\/wp-content\/uploads\/2026\/SK0006947-CZ20260425-092522-0-1777080324-115405_rewrite-635231-2172890.webp\" \/>\n\t<meta property=\"og:image:width\" content=\"1000\" \/>\n\t<meta property=\"og:image:height\" content=\"750\" \/>\n\t<meta property=\"og:image:type\" content=\"image\/webp\" \/>\n<meta name=\"twitter:card\" content=\"summary_large_image\" \/>\n<meta name=\"twitter:label1\" content=\"Odhadovan\u00e1 doba \u010dten\u00ed\" \/>\n\t<meta name=\"twitter:data1\" content=\"2 minuty\" \/>\n<script type=\"application\/ld+json\" class=\"yoast-schema-graph\">{\"@context\":\"https:\/\/schema.org\",\"@graph\":[{\"@type\":\"WebPage\",\"@id\":\"https:\/\/www.domkraftpro.com\/index.php\/produkt\/strend-pro-r-pareniste-foliove-greenhouse-180x140x94-cm-zlevneny-14942\/\",\"url\":\"https:\/\/www.domkraftpro.com\/index.php\/produkt\/strend-pro-r-pareniste-foliove-greenhouse-180x140x94-cm-zlevneny-14942\/\",\"name\":\"STREND PRO\u00ae Pa\u0159eni\u0161t\u011b foliov\u00e9 Greenhouse, 180\u00d7140\u00d794 cm Zlevn\u011bn\u00fd -\",\"isPartOf\":{\"@id\":\"https:\/\/www.domkraftpro.com\/#website\"},\"primaryImageOfPage\":{\"@id\":\"https:\/\/www.domkraftpro.com\/index.php\/produkt\/strend-pro-r-pareniste-foliove-greenhouse-180x140x94-cm-zlevneny-14942\/#primaryimage\"},\"image\":{\"@id\":\"https:\/\/www.domkraftpro.com\/index.php\/produkt\/strend-pro-r-pareniste-foliove-greenhouse-180x140x94-cm-zlevneny-14942\/#primaryimage\"},\"thumbnailUrl\":\"https:\/\/www.domkraftpro.com\/wp-content\/uploads\/2026\/SK0006947-CZ20260425-092522-0-1777080324-115405_rewrite-635231-2172890.webp\",\"datePublished\":\"2026-04-27T04:40:59+00:00\",\"breadcrumb\":{\"@id\":\"https:\/\/www.domkraftpro.com\/index.php\/produkt\/strend-pro-r-pareniste-foliove-greenhouse-180x140x94-cm-zlevneny-14942\/#breadcrumb\"},\"inLanguage\":\"cs\",\"potentialAction\":[{\"@type\":\"ReadAction\",\"target\":[\"https:\/\/www.domkraftpro.com\/index.php\/produkt\/strend-pro-r-pareniste-foliove-greenhouse-180x140x94-cm-zlevneny-14942\/\"]}]},{\"@type\":\"ImageObject\",\"inLanguage\":\"cs\",\"@id\":\"https:\/\/www.domkraftpro.com\/index.php\/produkt\/strend-pro-r-pareniste-foliove-greenhouse-180x140x94-cm-zlevneny-14942\/#primaryimage\",\"url\":\"https:\/\/www.domkraftpro.com\/wp-content\/uploads\/2026\/SK0006947-CZ20260425-092522-0-1777080324-115405_rewrite-635231-2172890.webp\",\"contentUrl\":\"https:\/\/www.domkraftpro.com\/wp-content\/uploads\/2026\/SK0006947-CZ20260425-092522-0-1777080324-115405_rewrite-635231-2172890.webp\",\"width\":1000,\"height\":750},{\"@type\":\"BreadcrumbList\",\"@id\":\"https:\/\/www.domkraftpro.com\/index.php\/produkt\/strend-pro-r-pareniste-foliove-greenhouse-180x140x94-cm-zlevneny-14942\/#breadcrumb\",\"itemListElement\":[{\"@type\":\"ListItem\",\"position\":1,\"name\":\"Home\",\"item\":\"https:\/\/www.domkraftpro.com\/\"},{\"@type\":\"ListItem\",\"position\":2,\"name\":\"Products\",\"item\":\"https:\/\/www.domkraftpro.com\/index.php\/products\/\"},{\"@type\":\"ListItem\",\"position\":3,\"name\":\"STREND PRO\u00ae Pa\u0159eni\u0161t\u011b foliov\u00e9 Greenhouse, 180\u00d7140\u00d794 cm Zlevn\u011bn\u00fd\"}]},{\"@type\":\"WebSite\",\"@id\":\"https:\/\/www.domkraftpro.com\/#website\",\"url\":\"https:\/\/www.domkraftpro.com\/\",\"name\":\"\",\"description\":\"\",\"potentialAction\":[{\"@type\":\"SearchAction\",\"target\":{\"@type\":\"EntryPoint\",\"urlTemplate\":\"https:\/\/www.domkraftpro.com\/?s={search_term_string}\"},\"query-input\":{\"@type\":\"PropertyValueSpecification\",\"valueRequired\":true,\"valueName\":\"search_term_string\"}}],\"inLanguage\":\"cs\"}]}<\/script>\n<!-- \/ Yoast SEO plugin. -->","yoast_head_json":{"title":"STREND PRO\u00ae Pa\u0159eni\u0161t\u011b foliov\u00e9 Greenhouse, 180\u00d7140\u00d794 cm Zlevn\u011bn\u00fd -","robots":{"index":"index","follow":"follow","max-snippet":"max-snippet:-1","max-image-preview":"max-image-preview:large","max-video-preview":"max-video-preview:-1"},"canonical":"https:\/\/www.domkraftpro.com\/index.php\/produkt\/strend-pro-r-pareniste-foliove-greenhouse-180x140x94-cm-zlevneny-14942\/","og_locale":"cs_CZ","og_type":"article","og_title":"STREND PRO\u00ae Pa\u0159eni\u0161t\u011b foliov\u00e9 Greenhouse, 180\u00d7140\u00d794 cm Zlevn\u011bn\u00fd -","og_description":"Detailn\u00ed popis produktu STREND PRO\u00ae 2172890 Pa\u0159eni\u0161t\u011b foliov\u00e9 Greenhouse, 180\u00d7140\u00d794 cm &nbsp; Pa\u0159eni\u0161t\u011b Greenhouse p\u0159edstavuje ide\u00e1ln\u00ed \u0159e\u0161en\u00ed pro ochranu va\u0161ich rostlin p\u0159ed nep\u0159\u00edzniv\u00fdmi pov\u011btrnostn\u00edmi podm\u00ednkami a pro podporu jejich zdrav\u00e9ho r\u016fstu a kveten\u00ed. S prostorn\u00fdm designem a vynikaj\u00edc\u00edmi tepeln\u011b izola\u010dn\u00edmi vlastnostmi poskytuje toto pa\u0159eni\u0161t\u011b optim\u00e1ln\u00ed podm\u00ednky pro va\u0161e zahradnick\u00e9 \u00fasp\u011bchy. &nbsp; Prostorn\u00fd design: P\u0159\u00edzemn\u00ed konstrukce [&hellip;]","og_url":"https:\/\/www.domkraftpro.com\/index.php\/produkt\/strend-pro-r-pareniste-foliove-greenhouse-180x140x94-cm-zlevneny-14942\/","og_image":[{"width":1000,"height":750,"url":"https:\/\/www.domkraftpro.com\/wp-content\/uploads\/2026\/SK0006947-CZ20260425-092522-0-1777080324-115405_rewrite-635231-2172890.webp","type":"image\/webp"}],"twitter_card":"summary_large_image","twitter_misc":{"Odhadovan\u00e1 doba \u010dten\u00ed":"2 minuty"},"schema":{"@context":"https:\/\/schema.org","@graph":[{"@type":"WebPage","@id":"https:\/\/www.domkraftpro.com\/index.php\/produkt\/strend-pro-r-pareniste-foliove-greenhouse-180x140x94-cm-zlevneny-14942\/","url":"https:\/\/www.domkraftpro.com\/index.php\/produkt\/strend-pro-r-pareniste-foliove-greenhouse-180x140x94-cm-zlevneny-14942\/","name":"STREND PRO\u00ae Pa\u0159eni\u0161t\u011b foliov\u00e9 Greenhouse, 180\u00d7140\u00d794 cm Zlevn\u011bn\u00fd -","isPartOf":{"@id":"https:\/\/www.domkraftpro.com\/#website"},"primaryImageOfPage":{"@id":"https:\/\/www.domkraftpro.com\/index.php\/produkt\/strend-pro-r-pareniste-foliove-greenhouse-180x140x94-cm-zlevneny-14942\/#primaryimage"},"image":{"@id":"https:\/\/www.domkraftpro.com\/index.php\/produkt\/strend-pro-r-pareniste-foliove-greenhouse-180x140x94-cm-zlevneny-14942\/#primaryimage"},"thumbnailUrl":"https:\/\/www.domkraftpro.com\/wp-content\/uploads\/2026\/SK0006947-CZ20260425-092522-0-1777080324-115405_rewrite-635231-2172890.webp","datePublished":"2026-04-27T04:40:59+00:00","breadcrumb":{"@id":"https:\/\/www.domkraftpro.com\/index.php\/produkt\/strend-pro-r-pareniste-foliove-greenhouse-180x140x94-cm-zlevneny-14942\/#breadcrumb"},"inLanguage":"cs","potentialAction":[{"@type":"ReadAction","target":["https:\/\/www.domkraftpro.com\/index.php\/produkt\/strend-pro-r-pareniste-foliove-greenhouse-180x140x94-cm-zlevneny-14942\/"]}]},{"@type":"ImageObject","inLanguage":"cs","@id":"https:\/\/www.domkraftpro.com\/index.php\/produkt\/strend-pro-r-pareniste-foliove-greenhouse-180x140x94-cm-zlevneny-14942\/#primaryimage","url":"https:\/\/www.domkraftpro.com\/wp-content\/uploads\/2026\/SK0006947-CZ20260425-092522-0-1777080324-115405_rewrite-635231-2172890.webp","contentUrl":"https:\/\/www.domkraftpro.com\/wp-content\/uploads\/2026\/SK0006947-CZ20260425-092522-0-1777080324-115405_rewrite-635231-2172890.webp","width":1000,"height":750},{"@type":"BreadcrumbList","@id":"https:\/\/www.domkraftpro.com\/index.php\/produkt\/strend-pro-r-pareniste-foliove-greenhouse-180x140x94-cm-zlevneny-14942\/#breadcrumb","itemListElement":[{"@type":"ListItem","position":1,"name":"Home","item":"https:\/\/www.domkraftpro.com\/"},{"@type":"ListItem","position":2,"name":"Products","item":"https:\/\/www.domkraftpro.com\/index.php\/products\/"},{"@type":"ListItem","position":3,"name":"STREND PRO\u00ae Pa\u0159eni\u0161t\u011b foliov\u00e9 Greenhouse, 180\u00d7140\u00d794 cm Zlevn\u011bn\u00fd"}]},{"@type":"WebSite","@id":"https:\/\/www.domkraftpro.com\/#website","url":"https:\/\/www.domkraftpro.com\/","name":"","description":"","potentialAction":[{"@type":"SearchAction","target":{"@type":"EntryPoint","urlTemplate":"https:\/\/www.domkraftpro.com\/?s={search_term_string}"},"query-input":{"@type":"PropertyValueSpecification","valueRequired":true,"valueName":"search_term_string"}}],"inLanguage":"cs"}]}},"_links":{"self":[{"href":"https:\/\/www.domkraftpro.com\/index.php\/wp-json\/wp\/v2\/product\/14942","targetHints":{"allow":["GET"]}}],"collection":[{"href":"https:\/\/www.domkraftpro.com\/index.php\/wp-json\/wp\/v2\/product"}],"about":[{"href":"https:\/\/www.domkraftpro.com\/index.php\/wp-json\/wp\/v2\/types\/product"}],"replies":[{"embeddable":true,"href":"https:\/\/www.domkraftpro.com\/index.php\/wp-json\/wp\/v2\/comments?post=14942"}],"wp:featuredmedia":[{"embeddable":true,"href":"https:\/\/www.domkraftpro.com\/index.php\/wp-json\/wp\/v2\/media\/15042"}],"wp:attachment":[{"href":"https:\/\/www.domkraftpro.com\/index.php\/wp-json\/wp\/v2\/media?parent=14942"}],"wp:term":[{"taxonomy":"product_brand","embeddable":true,"href":"https:\/\/www.domkraftpro.com\/index.php\/wp-json\/wp\/v2\/product_brand?post=14942"},{"taxonomy":"product_cat","embeddable":true,"href":"https:\/\/www.domkraftpro.com\/index.php\/wp-json\/wp\/v2\/product_cat?post=14942"},{"taxonomy":"product_tag","embeddable":true,"href":"https:\/\/www.domkraftpro.com\/index.php\/wp-json\/wp\/v2\/product_tag?post=14942"}],"curies":[{"name":"wp","href":"https:\/\/api.w.org\/{rel}","templated":true}]}}