{"id":14939,"date":"2026-04-27T04:40:59","date_gmt":"2026-04-27T04:40:59","guid":{"rendered":""},"modified":"2026-04-27T04:40:59","modified_gmt":"2026-04-27T04:40:59","slug":"levior-r-zvedak-hydraulicky-2-t-168-316-mm-expresni-doruceni-14939","status":"publish","type":"product","link":"https:\/\/www.domkraftpro.com\/index.php\/produkt\/levior-r-zvedak-hydraulicky-2-t-168-316-mm-expresni-doruceni-14939\/","title":{"rendered":"LEVIOR\u00ae Zved\u00e1k hydraulick\u00fd, 2 t, 168-316 mm Expresn\u00ed Doru\u010den\u00ed"},"content":{"rendered":"<div class=\"basic-description\">\n<h3>Detailn\u00ed popis produktu<\/h3>\n<p>                                    Hydraulick\u00fd sloupkov\u00fd zved\u00e1k vhodn\u00fd do auta, d\u00edlny, nebo gar\u00e1\u017ee. Zved\u00e1k je opat\u0159en tepeln\u011b zpracovan\u00fdm staviteln\u00fdm <span class=\"show-tooltip\" title=\"\u0160rouby jsou kovov\u00e9 prvky, kter\u00e9 maj\u00ed v podstat\u011b v\u00e1lcovit\u00fd tvar s dr\u00e1\u017ekou nebo \u017el\u00e1bkem na jejich povrchu a jsou ur\u010deny k upevn\u011bn\u00ed dvou nebo v\u00edce materi\u00e1l\u016f nebo sou\u010d\u00e1stek dohromady. Maj\u00ed hroty na jednom konci, kter\u00e9 umo\u017e\u0148uj\u00ed snadn\u00e9 zasunut\u00ed&amp;hellip;\">\u0161roubem<\/span>, kter\u00fd umo\u017e\u0148uje jemn\u00e9 nastaven\u00ed v\u00fd\u0161ky a maxim\u00e1ln\u00ed zdvih. Dvojit\u00fd bezpe\u010dnostn\u00ed p\u0159epou\u0161t\u011bc\u00ed ventil. Vroubkovan\u00e9, tepeln\u011b zpracovan\u00e9 sedlo poskytuje velkou op\u011brnou <span class=\"show-tooltip\" title=\"&amp;nbsp;Obsah je fyzik\u00e1ln\u00ed veli\u010dina, kter\u00e1 vyjad\u0159uje plochu n\u011bjak\u00e9ho geometrick\u00e9ho tvaru. Obsah se zpravidla m\u011b\u0159\u00ed v \u010dtvere\u010dn\u00fdch jednotk\u00e1ch, nap\u0159\u00edklad \u010dtvere\u010dn\u00fdch metrech (m\u00b2) nebo \u010dtvere\u010dn\u00fdch centimetrech (cm\u00b2).Zde jsou vzorce pro v\u00fdpo\u010det&amp;hellip;\">plochu<\/span> a bezpe\u010dn\u00e9 podep\u0159en\u00ed. \u0160irok\u00e1 robustn\u00ed z\u00e1kladna zaji\u0161\u0165uje stabilitu a odolnost. V\u0161echny siln\u011b nam\u00e1han\u00e9 body jsou zes\u00edlen\u00e9 pro zv\u00fd\u0161en\u00ed odolnosti a \u017eivotnosti.<span class=\"show-tooltip\" title=\"Nosnost&amp;nbsp;resp.&amp;nbsp;\u00fanosnost&amp;nbsp;je obecn\u00e1 charakteristika, kter\u00e1 vyjad\u0159uje vzdor (kapacitu) dan\u00e9ho&amp;nbsp;objektu&amp;nbsp;nebo&amp;nbsp;p\u0159edm\u011btu&amp;nbsp;(nap\u0159. stavebn\u00ed konstrukce, z\u00e1kladov\u00e9 p\u016fdy,&amp;nbsp;dopravn\u00edho prost\u0159edku, apod.) v\u016f\u010di p\u016fsoben\u00ed n\u011bjak\u00fdch&amp;hellip;\">Nosnost<\/span> zved\u00e1ku: 2000 kgMinim\u00e1ln\u00ed v\u00fd\u0161ka: 168 mmV\u00fd\u0161ka zdvihu: 112 mmMax. v\u00fd\u0161ka <span class=\"show-tooltip\" title=\"\u0160roub je v\u00e1lcovit\u00fd nebo ku\u017eelovit\u00fd kovov\u00fd prvek s r\u016fzn\u00fdmi z\u00e1vity po cel\u00e9 d\u00e9lce, kter\u00fd slou\u017e\u00ed k upevn\u011bn\u00ed dvou \u010di v\u00edce sou\u010d\u00e1st\u00ed spolu. Jedna strana \u0161roubu m\u00e1 z\u00e1vit, kter\u00fd se za\u0161roubuje do z\u00e1vitu v p\u0159\u00edslu\u0161n\u00e9 mati\u010dce nebo do z\u00e1vitu ve st\u011bn\u011b d\u00edry.\u0160rouby&amp;hellip;\">\u0161roubu<\/span>: 48 mmMaxim\u00e1ln\u00ed v\u00fd\u0161ka: 316 mm<span class=\"show-tooltip\" title=\"Hmotnost&amp;nbsp;je d\u016fle\u017eit\u00e1 fyzik\u00e1ln\u00ed veli\u010dina, aditivn\u00ed vlastnost&amp;nbsp;hmoty&amp;nbsp;(tedy vlastnost jednotliv\u00fdch hmotn\u00fdch&amp;nbsp;t\u011bles), kter\u00e1 vyjad\u0159uje m\u00edru&amp;nbsp;setrva\u010dn\u00fdch&amp;nbsp;\u00fa\u010dink\u016f \u010di m\u00edru&amp;nbsp;gravita\u010dn\u00edch&amp;nbsp;\u00fa\u010dink\u016f hmoty. Ekvivalence setrva\u010dn\u00fdch&amp;hellip;\">Hmotnost<\/span>: 2,4 kg                            <\/div>\n","protected":false},"excerpt":{"rendered":"<p>Detailn\u00ed popis produktu Hydraulick\u00fd sloupkov\u00fd zved\u00e1k vhodn\u00fd do auta, d\u00edlny, nebo gar\u00e1\u017ee. Zved\u00e1k je opat\u0159en tepeln\u011b zpracovan\u00fdm staviteln\u00fdm \u0161roubem, kter\u00fd umo\u017e\u0148uje jemn\u00e9 nastaven\u00ed v\u00fd\u0161ky a maxim\u00e1ln\u00ed zdvih. Dvojit\u00fd bezpe\u010dnostn\u00ed p\u0159epou\u0161t\u011bc\u00ed ventil. Vroubkovan\u00e9, tepeln\u011b zpracovan\u00e9 sedlo poskytuje velkou op\u011brnou plochu a bezpe\u010dn\u00e9 podep\u0159en\u00ed. \u0160irok\u00e1 robustn\u00ed z\u00e1kladna zaji\u0161\u0165uje stabilitu a odolnost. V\u0161echny siln\u011b nam\u00e1han\u00e9 body jsou zes\u00edlen\u00e9 [&hellip;]<\/p>\n","protected":false},"featured_media":15039,"comment_status":"open","ping_status":"open","template":"","meta":[],"product_brand":[],"product_cat":[63],"product_tag":[],"class_list":{"0":"post-14939","1":"product","2":"type-product","3":"status-publish","4":"has-post-thumbnail","6":"product_cat-automotive","8":"first","9":"instock","10":"sale","11":"shipping-taxable","12":"purchasable","13":"product-type-simple"},"yoast_head":"<!-- This site is optimized with the Yoast SEO plugin v26.8 - https:\/\/yoast.com\/product\/yoast-seo-wordpress\/ -->\n<title>LEVIOR\u00ae Zved\u00e1k hydraulick\u00fd, 2 t, 168-316 mm Expresn\u00ed Doru\u010den\u00ed -<\/title>\n<meta name=\"robots\" content=\"index, follow, max-snippet:-1, max-image-preview:large, max-video-preview:-1\" \/>\n<link rel=\"canonical\" href=\"https:\/\/www.domkraftpro.com\/index.php\/produkt\/levior-r-zvedak-hydraulicky-2-t-168-316-mm-expresni-doruceni-14939\/\" \/>\n<meta property=\"og:locale\" content=\"cs_CZ\" \/>\n<meta property=\"og:type\" content=\"article\" \/>\n<meta property=\"og:title\" content=\"LEVIOR\u00ae Zved\u00e1k hydraulick\u00fd, 2 t, 168-316 mm Expresn\u00ed Doru\u010den\u00ed -\" \/>\n<meta property=\"og:description\" content=\"Detailn\u00ed popis produktu Hydraulick\u00fd sloupkov\u00fd zved\u00e1k vhodn\u00fd do auta, d\u00edlny, nebo gar\u00e1\u017ee. Zved\u00e1k je opat\u0159en tepeln\u011b zpracovan\u00fdm staviteln\u00fdm \u0161roubem, kter\u00fd umo\u017e\u0148uje jemn\u00e9 nastaven\u00ed v\u00fd\u0161ky a maxim\u00e1ln\u00ed zdvih. Dvojit\u00fd bezpe\u010dnostn\u00ed p\u0159epou\u0161t\u011bc\u00ed ventil. Vroubkovan\u00e9, tepeln\u011b zpracovan\u00e9 sedlo poskytuje velkou op\u011brnou plochu a bezpe\u010dn\u00e9 podep\u0159en\u00ed. \u0160irok\u00e1 robustn\u00ed z\u00e1kladna zaji\u0161\u0165uje stabilitu a odolnost. V\u0161echny siln\u011b nam\u00e1han\u00e9 body jsou zes\u00edlen\u00e9 [&hellip;]\" \/>\n<meta property=\"og:url\" content=\"https:\/\/www.domkraftpro.com\/index.php\/produkt\/levior-r-zvedak-hydraulicky-2-t-168-316-mm-expresni-doruceni-14939\/\" \/>\n<meta property=\"og:image\" content=\"https:\/\/www.domkraftpro.com\/wp-content\/uploads\/2026\/SK0006944-CZ20260425-092522-0-1777080324-115358_rewrite-156718-26800.webp\" \/>\n\t<meta property=\"og:image:width\" content=\"1000\" \/>\n\t<meta property=\"og:image:height\" content=\"750\" \/>\n\t<meta property=\"og:image:type\" content=\"image\/webp\" \/>\n<meta name=\"twitter:card\" content=\"summary_large_image\" \/>\n<meta name=\"twitter:label1\" content=\"Odhadovan\u00e1 doba \u010dten\u00ed\" \/>\n\t<meta name=\"twitter:data1\" content=\"1 minuta\" \/>\n<script type=\"application\/ld+json\" class=\"yoast-schema-graph\">{\"@context\":\"https:\/\/schema.org\",\"@graph\":[{\"@type\":\"WebPage\",\"@id\":\"https:\/\/www.domkraftpro.com\/index.php\/produkt\/levior-r-zvedak-hydraulicky-2-t-168-316-mm-expresni-doruceni-14939\/\",\"url\":\"https:\/\/www.domkraftpro.com\/index.php\/produkt\/levior-r-zvedak-hydraulicky-2-t-168-316-mm-expresni-doruceni-14939\/\",\"name\":\"LEVIOR\u00ae Zved\u00e1k hydraulick\u00fd, 2 t, 168-316 mm Expresn\u00ed Doru\u010den\u00ed -\",\"isPartOf\":{\"@id\":\"https:\/\/www.domkraftpro.com\/#website\"},\"primaryImageOfPage\":{\"@id\":\"https:\/\/www.domkraftpro.com\/index.php\/produkt\/levior-r-zvedak-hydraulicky-2-t-168-316-mm-expresni-doruceni-14939\/#primaryimage\"},\"image\":{\"@id\":\"https:\/\/www.domkraftpro.com\/index.php\/produkt\/levior-r-zvedak-hydraulicky-2-t-168-316-mm-expresni-doruceni-14939\/#primaryimage\"},\"thumbnailUrl\":\"https:\/\/www.domkraftpro.com\/wp-content\/uploads\/2026\/SK0006944-CZ20260425-092522-0-1777080324-115358_rewrite-156718-26800.webp\",\"datePublished\":\"2026-04-27T04:40:59+00:00\",\"breadcrumb\":{\"@id\":\"https:\/\/www.domkraftpro.com\/index.php\/produkt\/levior-r-zvedak-hydraulicky-2-t-168-316-mm-expresni-doruceni-14939\/#breadcrumb\"},\"inLanguage\":\"cs\",\"potentialAction\":[{\"@type\":\"ReadAction\",\"target\":[\"https:\/\/www.domkraftpro.com\/index.php\/produkt\/levior-r-zvedak-hydraulicky-2-t-168-316-mm-expresni-doruceni-14939\/\"]}]},{\"@type\":\"ImageObject\",\"inLanguage\":\"cs\",\"@id\":\"https:\/\/www.domkraftpro.com\/index.php\/produkt\/levior-r-zvedak-hydraulicky-2-t-168-316-mm-expresni-doruceni-14939\/#primaryimage\",\"url\":\"https:\/\/www.domkraftpro.com\/wp-content\/uploads\/2026\/SK0006944-CZ20260425-092522-0-1777080324-115358_rewrite-156718-26800.webp\",\"contentUrl\":\"https:\/\/www.domkraftpro.com\/wp-content\/uploads\/2026\/SK0006944-CZ20260425-092522-0-1777080324-115358_rewrite-156718-26800.webp\",\"width\":1000,\"height\":750},{\"@type\":\"BreadcrumbList\",\"@id\":\"https:\/\/www.domkraftpro.com\/index.php\/produkt\/levior-r-zvedak-hydraulicky-2-t-168-316-mm-expresni-doruceni-14939\/#breadcrumb\",\"itemListElement\":[{\"@type\":\"ListItem\",\"position\":1,\"name\":\"Home\",\"item\":\"https:\/\/www.domkraftpro.com\/\"},{\"@type\":\"ListItem\",\"position\":2,\"name\":\"Products\",\"item\":\"https:\/\/www.domkraftpro.com\/index.php\/products\/\"},{\"@type\":\"ListItem\",\"position\":3,\"name\":\"LEVIOR\u00ae Zved\u00e1k hydraulick\u00fd, 2 t, 168-316 mm Expresn\u00ed Doru\u010den\u00ed\"}]},{\"@type\":\"WebSite\",\"@id\":\"https:\/\/www.domkraftpro.com\/#website\",\"url\":\"https:\/\/www.domkraftpro.com\/\",\"name\":\"\",\"description\":\"\",\"potentialAction\":[{\"@type\":\"SearchAction\",\"target\":{\"@type\":\"EntryPoint\",\"urlTemplate\":\"https:\/\/www.domkraftpro.com\/?s={search_term_string}\"},\"query-input\":{\"@type\":\"PropertyValueSpecification\",\"valueRequired\":true,\"valueName\":\"search_term_string\"}}],\"inLanguage\":\"cs\"}]}<\/script>\n<!-- \/ Yoast SEO plugin. -->","yoast_head_json":{"title":"LEVIOR\u00ae Zved\u00e1k hydraulick\u00fd, 2 t, 168-316 mm Expresn\u00ed Doru\u010den\u00ed -","robots":{"index":"index","follow":"follow","max-snippet":"max-snippet:-1","max-image-preview":"max-image-preview:large","max-video-preview":"max-video-preview:-1"},"canonical":"https:\/\/www.domkraftpro.com\/index.php\/produkt\/levior-r-zvedak-hydraulicky-2-t-168-316-mm-expresni-doruceni-14939\/","og_locale":"cs_CZ","og_type":"article","og_title":"LEVIOR\u00ae Zved\u00e1k hydraulick\u00fd, 2 t, 168-316 mm Expresn\u00ed Doru\u010den\u00ed -","og_description":"Detailn\u00ed popis produktu Hydraulick\u00fd sloupkov\u00fd zved\u00e1k vhodn\u00fd do auta, d\u00edlny, nebo gar\u00e1\u017ee. Zved\u00e1k je opat\u0159en tepeln\u011b zpracovan\u00fdm staviteln\u00fdm \u0161roubem, kter\u00fd umo\u017e\u0148uje jemn\u00e9 nastaven\u00ed v\u00fd\u0161ky a maxim\u00e1ln\u00ed zdvih. Dvojit\u00fd bezpe\u010dnostn\u00ed p\u0159epou\u0161t\u011bc\u00ed ventil. Vroubkovan\u00e9, tepeln\u011b zpracovan\u00e9 sedlo poskytuje velkou op\u011brnou plochu a bezpe\u010dn\u00e9 podep\u0159en\u00ed. \u0160irok\u00e1 robustn\u00ed z\u00e1kladna zaji\u0161\u0165uje stabilitu a odolnost. V\u0161echny siln\u011b nam\u00e1han\u00e9 body jsou zes\u00edlen\u00e9 [&hellip;]","og_url":"https:\/\/www.domkraftpro.com\/index.php\/produkt\/levior-r-zvedak-hydraulicky-2-t-168-316-mm-expresni-doruceni-14939\/","og_image":[{"width":1000,"height":750,"url":"https:\/\/www.domkraftpro.com\/wp-content\/uploads\/2026\/SK0006944-CZ20260425-092522-0-1777080324-115358_rewrite-156718-26800.webp","type":"image\/webp"}],"twitter_card":"summary_large_image","twitter_misc":{"Odhadovan\u00e1 doba \u010dten\u00ed":"1 minuta"},"schema":{"@context":"https:\/\/schema.org","@graph":[{"@type":"WebPage","@id":"https:\/\/www.domkraftpro.com\/index.php\/produkt\/levior-r-zvedak-hydraulicky-2-t-168-316-mm-expresni-doruceni-14939\/","url":"https:\/\/www.domkraftpro.com\/index.php\/produkt\/levior-r-zvedak-hydraulicky-2-t-168-316-mm-expresni-doruceni-14939\/","name":"LEVIOR\u00ae Zved\u00e1k hydraulick\u00fd, 2 t, 168-316 mm Expresn\u00ed Doru\u010den\u00ed -","isPartOf":{"@id":"https:\/\/www.domkraftpro.com\/#website"},"primaryImageOfPage":{"@id":"https:\/\/www.domkraftpro.com\/index.php\/produkt\/levior-r-zvedak-hydraulicky-2-t-168-316-mm-expresni-doruceni-14939\/#primaryimage"},"image":{"@id":"https:\/\/www.domkraftpro.com\/index.php\/produkt\/levior-r-zvedak-hydraulicky-2-t-168-316-mm-expresni-doruceni-14939\/#primaryimage"},"thumbnailUrl":"https:\/\/www.domkraftpro.com\/wp-content\/uploads\/2026\/SK0006944-CZ20260425-092522-0-1777080324-115358_rewrite-156718-26800.webp","datePublished":"2026-04-27T04:40:59+00:00","breadcrumb":{"@id":"https:\/\/www.domkraftpro.com\/index.php\/produkt\/levior-r-zvedak-hydraulicky-2-t-168-316-mm-expresni-doruceni-14939\/#breadcrumb"},"inLanguage":"cs","potentialAction":[{"@type":"ReadAction","target":["https:\/\/www.domkraftpro.com\/index.php\/produkt\/levior-r-zvedak-hydraulicky-2-t-168-316-mm-expresni-doruceni-14939\/"]}]},{"@type":"ImageObject","inLanguage":"cs","@id":"https:\/\/www.domkraftpro.com\/index.php\/produkt\/levior-r-zvedak-hydraulicky-2-t-168-316-mm-expresni-doruceni-14939\/#primaryimage","url":"https:\/\/www.domkraftpro.com\/wp-content\/uploads\/2026\/SK0006944-CZ20260425-092522-0-1777080324-115358_rewrite-156718-26800.webp","contentUrl":"https:\/\/www.domkraftpro.com\/wp-content\/uploads\/2026\/SK0006944-CZ20260425-092522-0-1777080324-115358_rewrite-156718-26800.webp","width":1000,"height":750},{"@type":"BreadcrumbList","@id":"https:\/\/www.domkraftpro.com\/index.php\/produkt\/levior-r-zvedak-hydraulicky-2-t-168-316-mm-expresni-doruceni-14939\/#breadcrumb","itemListElement":[{"@type":"ListItem","position":1,"name":"Home","item":"https:\/\/www.domkraftpro.com\/"},{"@type":"ListItem","position":2,"name":"Products","item":"https:\/\/www.domkraftpro.com\/index.php\/products\/"},{"@type":"ListItem","position":3,"name":"LEVIOR\u00ae Zved\u00e1k hydraulick\u00fd, 2 t, 168-316 mm Expresn\u00ed Doru\u010den\u00ed"}]},{"@type":"WebSite","@id":"https:\/\/www.domkraftpro.com\/#website","url":"https:\/\/www.domkraftpro.com\/","name":"","description":"","potentialAction":[{"@type":"SearchAction","target":{"@type":"EntryPoint","urlTemplate":"https:\/\/www.domkraftpro.com\/?s={search_term_string}"},"query-input":{"@type":"PropertyValueSpecification","valueRequired":true,"valueName":"search_term_string"}}],"inLanguage":"cs"}]}},"_links":{"self":[{"href":"https:\/\/www.domkraftpro.com\/index.php\/wp-json\/wp\/v2\/product\/14939","targetHints":{"allow":["GET"]}}],"collection":[{"href":"https:\/\/www.domkraftpro.com\/index.php\/wp-json\/wp\/v2\/product"}],"about":[{"href":"https:\/\/www.domkraftpro.com\/index.php\/wp-json\/wp\/v2\/types\/product"}],"replies":[{"embeddable":true,"href":"https:\/\/www.domkraftpro.com\/index.php\/wp-json\/wp\/v2\/comments?post=14939"}],"wp:featuredmedia":[{"embeddable":true,"href":"https:\/\/www.domkraftpro.com\/index.php\/wp-json\/wp\/v2\/media\/15039"}],"wp:attachment":[{"href":"https:\/\/www.domkraftpro.com\/index.php\/wp-json\/wp\/v2\/media?parent=14939"}],"wp:term":[{"taxonomy":"product_brand","embeddable":true,"href":"https:\/\/www.domkraftpro.com\/index.php\/wp-json\/wp\/v2\/product_brand?post=14939"},{"taxonomy":"product_cat","embeddable":true,"href":"https:\/\/www.domkraftpro.com\/index.php\/wp-json\/wp\/v2\/product_cat?post=14939"},{"taxonomy":"product_tag","embeddable":true,"href":"https:\/\/www.domkraftpro.com\/index.php\/wp-json\/wp\/v2\/product_tag?post=14939"}],"curies":[{"name":"wp","href":"https:\/\/api.w.org\/{rel}","templated":true}]}}