{"id":14920,"date":"2026-04-27T04:40:59","date_gmt":"2026-04-27T04:40:59","guid":{"rendered":""},"modified":"2026-04-27T04:40:59","modified_gmt":"2026-04-27T04:40:59","slug":"satos-r-past-na-mysi-plastova-105x50x60-mm-doprava-zdarma-14920","status":"publish","type":"product","link":"https:\/\/www.domkraftpro.com\/index.php\/produkt\/satos-r-past-na-mysi-plastova-105x50x60-mm-doprava-zdarma-14920\/","title":{"rendered":"SATOS\u00ae Past na my\u0161i plastov\u00e1 105\u00d750\u00d760 mm Doprava Zdarma"},"content":{"rendered":"<div class=\"basic-description\">\n<h3>Detailn\u00ed popis produktu<\/h3>\n<div><span class=\"show-tooltip\" title=\"Plastyn\u011bkdy tak\u00e9 naz\u00fdvan\u00e9 plastick\u00e9 \u010di um\u011bl\u00e9 hmoty, p\u0159edstavuj\u00ed \u0161irokou \u0161k\u00e1lu syntetick\u00fdch nebo \u010d\u00e1ste\u010dn\u011b syntetick\u00fdch organick\u00fdch slou\u010denin a polymern\u00edch materi\u00e1l\u016f. \u010casto obsahuj\u00ed p\u0159\u00edsady zlep\u0161uj\u00edc\u00ed jejich funk\u010dn\u00ed vlastnosti, nap\u0159\u00edklad&amp;hellip;\">Plastov\u00e1<\/span> pasti\u010dka <span class=\"show-tooltip\" title=\"P\u0159\u00edpravky k huben\u00ed hlodavc\u016f (my\u0161, potkan, krysa, hrabo\u0161, hryzec, ...)\">na my\u0161i<\/span> s kovov\u00fdm sklopcem a pru\u017einou je modern\u00edm pomocn\u00edkem pro huben\u00ed hlodavc\u016f.<\/div>\n<div>Past je opat\u0159ena silnou pru\u017einou a d\u00edky jednoduch\u00e9mu syst\u00e9mu spou\u0161t\u011bn\u00ed se snadno natahuje.<\/div>\n<div>Pasti\u010dka je opat\u0159ena oky pro p\u0159ipevn\u011bn\u00ed na prov\u00e1zek, nebo <span class=\"show-tooltip\" title=\"\u0160rouby jsou kovov\u00e9 prvky, kter\u00e9 maj\u00ed v podstat\u011b v\u00e1lcovit\u00fd tvar s dr\u00e1\u017ekou nebo \u017el\u00e1bkem na jejich povrchu a jsou ur\u010deny k upevn\u011bn\u00ed dvou nebo v\u00edce materi\u00e1l\u016f nebo sou\u010d\u00e1stek dohromady. Maj\u00ed hroty na jednom konci, kter\u00e9 umo\u017e\u0148uj\u00ed snadn\u00e9 zasunut\u00ed&amp;hellip;\">\u0161roubem<\/span> k podlo\u017ece &#8211; mrtv\u00fd hlodavec neute\u010de, ale m\u016f\u017ee ho odn\u00e9st jin\u00fd pred\u00e1tor bez pasti.<\/div>\n<div>&nbsp;<\/div>\n<div>Rozm\u011br: 10,5 x 5 x 6 cm<\/div>\n<div>Materi\u00e1l: plast + <span class=\"show-tooltip\" title=\"Kovy&amp;nbsp;tvo\u0159\u00ed spole\u010dn\u011b s&amp;nbsp;polokovy&amp;nbsp;a&amp;nbsp;nekovy&amp;nbsp;t\u0159i hlavn\u00ed skupiny&amp;nbsp;chemick\u00fdch prvk\u016f. Rozd\u011blen\u00ed je prov\u00e1d\u011bno s ohledem na&amp;nbsp;vazebn\u00e9&amp;nbsp;a&amp;nbsp;ioniza\u010dn\u00ed&amp;nbsp;vlastnosti prvk\u016f. Kovy jsou charakterizovan\u00e9&amp;hellip;\">kov<\/span><\/div>\n<\/p><\/div>\n","protected":false},"excerpt":{"rendered":"<p>Detailn\u00ed popis produktu Plastov\u00e1 pasti\u010dka na my\u0161i s kovov\u00fdm sklopcem a pru\u017einou je modern\u00edm pomocn\u00edkem pro huben\u00ed hlodavc\u016f. Past je opat\u0159ena silnou pru\u017einou a d\u00edky jednoduch\u00e9mu syst\u00e9mu spou\u0161t\u011bn\u00ed se snadno natahuje. Pasti\u010dka je opat\u0159ena oky pro p\u0159ipevn\u011bn\u00ed na prov\u00e1zek, nebo \u0161roubem k podlo\u017ece &#8211; mrtv\u00fd hlodavec neute\u010de, ale m\u016f\u017ee ho odn\u00e9st jin\u00fd pred\u00e1tor bez pasti. [&hellip;]<\/p>\n","protected":false},"featured_media":15020,"comment_status":"open","ping_status":"open","template":"","meta":[],"product_brand":[],"product_cat":[58],"product_tag":[],"class_list":{"0":"post-14920","1":"product","2":"type-product","3":"status-publish","4":"has-post-thumbnail","6":"product_cat-dum-a-zahrada","8":"first","9":"instock","10":"sale","11":"shipping-taxable","12":"purchasable","13":"product-type-simple"},"yoast_head":"<!-- This site is optimized with the Yoast SEO plugin v26.8 - https:\/\/yoast.com\/product\/yoast-seo-wordpress\/ -->\n<title>SATOS\u00ae Past na my\u0161i plastov\u00e1 105\u00d750\u00d760 mm Doprava Zdarma -<\/title>\n<meta name=\"robots\" content=\"index, follow, max-snippet:-1, max-image-preview:large, max-video-preview:-1\" \/>\n<link rel=\"canonical\" href=\"https:\/\/www.domkraftpro.com\/index.php\/produkt\/satos-r-past-na-mysi-plastova-105x50x60-mm-doprava-zdarma-14920\/\" \/>\n<meta property=\"og:locale\" content=\"cs_CZ\" \/>\n<meta property=\"og:type\" content=\"article\" \/>\n<meta property=\"og:title\" content=\"SATOS\u00ae Past na my\u0161i plastov\u00e1 105\u00d750\u00d760 mm Doprava Zdarma -\" \/>\n<meta property=\"og:description\" content=\"Detailn\u00ed popis produktu Plastov\u00e1 pasti\u010dka na my\u0161i s kovov\u00fdm sklopcem a pru\u017einou je modern\u00edm pomocn\u00edkem pro huben\u00ed hlodavc\u016f. Past je opat\u0159ena silnou pru\u017einou a d\u00edky jednoduch\u00e9mu syst\u00e9mu spou\u0161t\u011bn\u00ed se snadno natahuje. Pasti\u010dka je opat\u0159ena oky pro p\u0159ipevn\u011bn\u00ed na prov\u00e1zek, nebo \u0161roubem k podlo\u017ece &#8211; mrtv\u00fd hlodavec neute\u010de, ale m\u016f\u017ee ho odn\u00e9st jin\u00fd pred\u00e1tor bez pasti. [&hellip;]\" \/>\n<meta property=\"og:url\" content=\"https:\/\/www.domkraftpro.com\/index.php\/produkt\/satos-r-past-na-mysi-plastova-105x50x60-mm-doprava-zdarma-14920\/\" \/>\n<meta property=\"og:image\" content=\"https:\/\/www.domkraftpro.com\/wp-content\/uploads\/2026\/SK0006925-CZ20260425-092522-0-1777080324-115274_rewrite-161209-015022.webp\" \/>\n\t<meta property=\"og:image:width\" content=\"1000\" \/>\n\t<meta property=\"og:image:height\" content=\"750\" \/>\n\t<meta property=\"og:image:type\" content=\"image\/webp\" \/>\n<meta name=\"twitter:card\" content=\"summary_large_image\" \/>\n<script type=\"application\/ld+json\" class=\"yoast-schema-graph\">{\"@context\":\"https:\/\/schema.org\",\"@graph\":[{\"@type\":\"WebPage\",\"@id\":\"https:\/\/www.domkraftpro.com\/index.php\/produkt\/satos-r-past-na-mysi-plastova-105x50x60-mm-doprava-zdarma-14920\/\",\"url\":\"https:\/\/www.domkraftpro.com\/index.php\/produkt\/satos-r-past-na-mysi-plastova-105x50x60-mm-doprava-zdarma-14920\/\",\"name\":\"SATOS\u00ae Past na my\u0161i plastov\u00e1 105\u00d750\u00d760 mm Doprava Zdarma -\",\"isPartOf\":{\"@id\":\"https:\/\/www.domkraftpro.com\/#website\"},\"primaryImageOfPage\":{\"@id\":\"https:\/\/www.domkraftpro.com\/index.php\/produkt\/satos-r-past-na-mysi-plastova-105x50x60-mm-doprava-zdarma-14920\/#primaryimage\"},\"image\":{\"@id\":\"https:\/\/www.domkraftpro.com\/index.php\/produkt\/satos-r-past-na-mysi-plastova-105x50x60-mm-doprava-zdarma-14920\/#primaryimage\"},\"thumbnailUrl\":\"https:\/\/www.domkraftpro.com\/wp-content\/uploads\/2026\/SK0006925-CZ20260425-092522-0-1777080324-115274_rewrite-161209-015022.webp\",\"datePublished\":\"2026-04-27T04:40:59+00:00\",\"breadcrumb\":{\"@id\":\"https:\/\/www.domkraftpro.com\/index.php\/produkt\/satos-r-past-na-mysi-plastova-105x50x60-mm-doprava-zdarma-14920\/#breadcrumb\"},\"inLanguage\":\"cs\",\"potentialAction\":[{\"@type\":\"ReadAction\",\"target\":[\"https:\/\/www.domkraftpro.com\/index.php\/produkt\/satos-r-past-na-mysi-plastova-105x50x60-mm-doprava-zdarma-14920\/\"]}]},{\"@type\":\"ImageObject\",\"inLanguage\":\"cs\",\"@id\":\"https:\/\/www.domkraftpro.com\/index.php\/produkt\/satos-r-past-na-mysi-plastova-105x50x60-mm-doprava-zdarma-14920\/#primaryimage\",\"url\":\"https:\/\/www.domkraftpro.com\/wp-content\/uploads\/2026\/SK0006925-CZ20260425-092522-0-1777080324-115274_rewrite-161209-015022.webp\",\"contentUrl\":\"https:\/\/www.domkraftpro.com\/wp-content\/uploads\/2026\/SK0006925-CZ20260425-092522-0-1777080324-115274_rewrite-161209-015022.webp\",\"width\":1000,\"height\":750},{\"@type\":\"BreadcrumbList\",\"@id\":\"https:\/\/www.domkraftpro.com\/index.php\/produkt\/satos-r-past-na-mysi-plastova-105x50x60-mm-doprava-zdarma-14920\/#breadcrumb\",\"itemListElement\":[{\"@type\":\"ListItem\",\"position\":1,\"name\":\"Home\",\"item\":\"https:\/\/www.domkraftpro.com\/\"},{\"@type\":\"ListItem\",\"position\":2,\"name\":\"Products\",\"item\":\"https:\/\/www.domkraftpro.com\/index.php\/products\/\"},{\"@type\":\"ListItem\",\"position\":3,\"name\":\"SATOS\u00ae Past na my\u0161i plastov\u00e1 105\u00d750\u00d760 mm Doprava Zdarma\"}]},{\"@type\":\"WebSite\",\"@id\":\"https:\/\/www.domkraftpro.com\/#website\",\"url\":\"https:\/\/www.domkraftpro.com\/\",\"name\":\"\",\"description\":\"\",\"potentialAction\":[{\"@type\":\"SearchAction\",\"target\":{\"@type\":\"EntryPoint\",\"urlTemplate\":\"https:\/\/www.domkraftpro.com\/?s={search_term_string}\"},\"query-input\":{\"@type\":\"PropertyValueSpecification\",\"valueRequired\":true,\"valueName\":\"search_term_string\"}}],\"inLanguage\":\"cs\"}]}<\/script>\n<!-- \/ Yoast SEO plugin. -->","yoast_head_json":{"title":"SATOS\u00ae Past na my\u0161i plastov\u00e1 105\u00d750\u00d760 mm Doprava Zdarma -","robots":{"index":"index","follow":"follow","max-snippet":"max-snippet:-1","max-image-preview":"max-image-preview:large","max-video-preview":"max-video-preview:-1"},"canonical":"https:\/\/www.domkraftpro.com\/index.php\/produkt\/satos-r-past-na-mysi-plastova-105x50x60-mm-doprava-zdarma-14920\/","og_locale":"cs_CZ","og_type":"article","og_title":"SATOS\u00ae Past na my\u0161i plastov\u00e1 105\u00d750\u00d760 mm Doprava Zdarma -","og_description":"Detailn\u00ed popis produktu Plastov\u00e1 pasti\u010dka na my\u0161i s kovov\u00fdm sklopcem a pru\u017einou je modern\u00edm pomocn\u00edkem pro huben\u00ed hlodavc\u016f. Past je opat\u0159ena silnou pru\u017einou a d\u00edky jednoduch\u00e9mu syst\u00e9mu spou\u0161t\u011bn\u00ed se snadno natahuje. Pasti\u010dka je opat\u0159ena oky pro p\u0159ipevn\u011bn\u00ed na prov\u00e1zek, nebo \u0161roubem k podlo\u017ece &#8211; mrtv\u00fd hlodavec neute\u010de, ale m\u016f\u017ee ho odn\u00e9st jin\u00fd pred\u00e1tor bez pasti. [&hellip;]","og_url":"https:\/\/www.domkraftpro.com\/index.php\/produkt\/satos-r-past-na-mysi-plastova-105x50x60-mm-doprava-zdarma-14920\/","og_image":[{"width":1000,"height":750,"url":"https:\/\/www.domkraftpro.com\/wp-content\/uploads\/2026\/SK0006925-CZ20260425-092522-0-1777080324-115274_rewrite-161209-015022.webp","type":"image\/webp"}],"twitter_card":"summary_large_image","schema":{"@context":"https:\/\/schema.org","@graph":[{"@type":"WebPage","@id":"https:\/\/www.domkraftpro.com\/index.php\/produkt\/satos-r-past-na-mysi-plastova-105x50x60-mm-doprava-zdarma-14920\/","url":"https:\/\/www.domkraftpro.com\/index.php\/produkt\/satos-r-past-na-mysi-plastova-105x50x60-mm-doprava-zdarma-14920\/","name":"SATOS\u00ae Past na my\u0161i plastov\u00e1 105\u00d750\u00d760 mm Doprava Zdarma -","isPartOf":{"@id":"https:\/\/www.domkraftpro.com\/#website"},"primaryImageOfPage":{"@id":"https:\/\/www.domkraftpro.com\/index.php\/produkt\/satos-r-past-na-mysi-plastova-105x50x60-mm-doprava-zdarma-14920\/#primaryimage"},"image":{"@id":"https:\/\/www.domkraftpro.com\/index.php\/produkt\/satos-r-past-na-mysi-plastova-105x50x60-mm-doprava-zdarma-14920\/#primaryimage"},"thumbnailUrl":"https:\/\/www.domkraftpro.com\/wp-content\/uploads\/2026\/SK0006925-CZ20260425-092522-0-1777080324-115274_rewrite-161209-015022.webp","datePublished":"2026-04-27T04:40:59+00:00","breadcrumb":{"@id":"https:\/\/www.domkraftpro.com\/index.php\/produkt\/satos-r-past-na-mysi-plastova-105x50x60-mm-doprava-zdarma-14920\/#breadcrumb"},"inLanguage":"cs","potentialAction":[{"@type":"ReadAction","target":["https:\/\/www.domkraftpro.com\/index.php\/produkt\/satos-r-past-na-mysi-plastova-105x50x60-mm-doprava-zdarma-14920\/"]}]},{"@type":"ImageObject","inLanguage":"cs","@id":"https:\/\/www.domkraftpro.com\/index.php\/produkt\/satos-r-past-na-mysi-plastova-105x50x60-mm-doprava-zdarma-14920\/#primaryimage","url":"https:\/\/www.domkraftpro.com\/wp-content\/uploads\/2026\/SK0006925-CZ20260425-092522-0-1777080324-115274_rewrite-161209-015022.webp","contentUrl":"https:\/\/www.domkraftpro.com\/wp-content\/uploads\/2026\/SK0006925-CZ20260425-092522-0-1777080324-115274_rewrite-161209-015022.webp","width":1000,"height":750},{"@type":"BreadcrumbList","@id":"https:\/\/www.domkraftpro.com\/index.php\/produkt\/satos-r-past-na-mysi-plastova-105x50x60-mm-doprava-zdarma-14920\/#breadcrumb","itemListElement":[{"@type":"ListItem","position":1,"name":"Home","item":"https:\/\/www.domkraftpro.com\/"},{"@type":"ListItem","position":2,"name":"Products","item":"https:\/\/www.domkraftpro.com\/index.php\/products\/"},{"@type":"ListItem","position":3,"name":"SATOS\u00ae Past na my\u0161i plastov\u00e1 105\u00d750\u00d760 mm Doprava Zdarma"}]},{"@type":"WebSite","@id":"https:\/\/www.domkraftpro.com\/#website","url":"https:\/\/www.domkraftpro.com\/","name":"","description":"","potentialAction":[{"@type":"SearchAction","target":{"@type":"EntryPoint","urlTemplate":"https:\/\/www.domkraftpro.com\/?s={search_term_string}"},"query-input":{"@type":"PropertyValueSpecification","valueRequired":true,"valueName":"search_term_string"}}],"inLanguage":"cs"}]}},"_links":{"self":[{"href":"https:\/\/www.domkraftpro.com\/index.php\/wp-json\/wp\/v2\/product\/14920","targetHints":{"allow":["GET"]}}],"collection":[{"href":"https:\/\/www.domkraftpro.com\/index.php\/wp-json\/wp\/v2\/product"}],"about":[{"href":"https:\/\/www.domkraftpro.com\/index.php\/wp-json\/wp\/v2\/types\/product"}],"replies":[{"embeddable":true,"href":"https:\/\/www.domkraftpro.com\/index.php\/wp-json\/wp\/v2\/comments?post=14920"}],"wp:featuredmedia":[{"embeddable":true,"href":"https:\/\/www.domkraftpro.com\/index.php\/wp-json\/wp\/v2\/media\/15020"}],"wp:attachment":[{"href":"https:\/\/www.domkraftpro.com\/index.php\/wp-json\/wp\/v2\/media?parent=14920"}],"wp:term":[{"taxonomy":"product_brand","embeddable":true,"href":"https:\/\/www.domkraftpro.com\/index.php\/wp-json\/wp\/v2\/product_brand?post=14920"},{"taxonomy":"product_cat","embeddable":true,"href":"https:\/\/www.domkraftpro.com\/index.php\/wp-json\/wp\/v2\/product_cat?post=14920"},{"taxonomy":"product_tag","embeddable":true,"href":"https:\/\/www.domkraftpro.com\/index.php\/wp-json\/wp\/v2\/product_tag?post=14920"}],"curies":[{"name":"wp","href":"https:\/\/api.w.org\/{rel}","templated":true}]}}