{"id":14785,"date":"2026-04-27T04:40:59","date_gmt":"2026-04-27T04:40:59","guid":{"rendered":""},"modified":"2026-04-27T04:40:59","modified_gmt":"2026-04-27T04:40:59","slug":"znackovy-sroub-sestihranny-zn-m6x25-mm-tr-8-8-din-933-500-ks-element-shop-cz-14785","status":"publish","type":"product","link":"https:\/\/www.domkraftpro.com\/index.php\/produkt\/znackovy-sroub-sestihranny-zn-m6x25-mm-tr-8-8-din-933-500-ks-element-shop-cz-14785\/","title":{"rendered":"Zna\u010dkov\u00fd \u0160roub \u0161estihrann\u00fd Zn M6\u00d725 mm, t\u0159. 8.8, DIN 933, 500 ks | element-shop.cz"},"content":{"rendered":"<div class=\"basic-description\">\n<h3>Detailn\u00ed popis produktu<\/h3>\n<p>                                    Metrick\u00fd <span class=\"show-tooltip\" title=\"\u0160rouby jsou kovov\u00e9 prvky, kter\u00e9 maj\u00ed v podstat\u011b v\u00e1lcovit\u00fd tvar s dr\u00e1\u017ekou nebo \u017el\u00e1bkem na jejich povrchu a jsou ur\u010deny k upevn\u011bn\u00ed dvou nebo v\u00edce materi\u00e1l\u016f nebo sou\u010d\u00e1stek dohromady. Maj\u00ed hroty na jednom konci, kter\u00e9 umo\u017e\u0148uj\u00ed snadn\u00e9 zasunut\u00ed&amp;hellip;\">\u0161roub<\/span> se \u0161estihrannou hlavou a z\u00e1vitem k hlav\u011b. <span class=\"show-tooltip\" title=\"Ocel je slitina \u017eeleza s mal\u00fdm obsahem uhl\u00edku a dal\u0161\u00edmi p\u0159\u00edm\u011bsemi. Je to jeden z nejb\u011b\u017en\u011bji pou\u017e\u00edvan\u00fdch materi\u00e1l\u016f v pr\u016fmyslu a&amp;nbsp;stavebnictv\u00ed d\u00edky sv\u00fdm vlastnostem, kter\u00e9 zahrnuj\u00ed pevnost, tv\u00e1rnost a odolnost.&amp;nbsp;Z\u00e1kladn\u00ed slo\u017ekou&amp;hellip;\">Ocelov\u00fd<\/span> <span class=\"show-tooltip\" title=\"\u0160roub je v\u00e1lcovit\u00fd nebo ku\u017eelovit\u00fd kovov\u00fd prvek s r\u016fzn\u00fdmi z\u00e1vity po cel\u00e9 d\u00e9lce, kter\u00fd slou\u017e\u00ed k upevn\u011bn\u00ed dvou \u010di v\u00edce sou\u010d\u00e1st\u00ed spolu. Jedna strana \u0161roubu m\u00e1 z\u00e1vit, kter\u00fd se za\u0161roubuje do z\u00e1vitu v p\u0159\u00edslu\u0161n\u00e9 mati\u010dce nebo do z\u00e1vitu ve st\u011bn\u011b d\u00edry.\u0160rouby&amp;hellip;\">\u0161roub<\/span> je povrchov\u011b upraven <span class=\"show-tooltip\" title=\"B\u00edl\u00e1 je barva, kter\u00e1 vznik\u00e1 odrazem v\u0161ech viditeln\u00fdch vlnov\u00fdch d\u00e9lek sv\u011btla v p\u0159ibli\u017en\u011b stejn\u00e9m pom\u011bru. V d\u016fsledku tohoto odrazu se jev\u00ed lidsk\u00e9mu oku jako nejjasn\u011bj\u0161\u00ed barva a p\u0159edstavuje naprostou neutralitu. Na barevn\u00e9m spektru b\u00edl\u00e1 barva&amp;hellip;\">b\u00edl\u00fdm<\/span> zinkem.                            <\/div>\n","protected":false},"excerpt":{"rendered":"<p>Detailn\u00ed popis produktu Metrick\u00fd \u0161roub se \u0161estihrannou hlavou a z\u00e1vitem k hlav\u011b. Ocelov\u00fd \u0161roub je povrchov\u011b upraven b\u00edl\u00fdm zinkem.<\/p>\n","protected":false},"featured_media":14885,"comment_status":"open","ping_status":"open","template":"","meta":[],"product_brand":[],"product_cat":[44],"product_tag":[],"class_list":{"0":"post-14785","1":"product","2":"type-product","3":"status-publish","4":"has-post-thumbnail","6":"product_cat-stavba","8":"first","9":"instock","10":"sale","11":"shipping-taxable","12":"purchasable","13":"product-type-simple"},"yoast_head":"<!-- This site is optimized with the Yoast SEO plugin v26.8 - https:\/\/yoast.com\/product\/yoast-seo-wordpress\/ -->\n<title>Zna\u010dkov\u00fd \u0160roub \u0161estihrann\u00fd Zn M6\u00d725 mm, t\u0159. 8.8, DIN 933, 500 ks | element-shop.cz -<\/title>\n<meta name=\"robots\" content=\"index, follow, max-snippet:-1, max-image-preview:large, max-video-preview:-1\" \/>\n<link rel=\"canonical\" href=\"https:\/\/www.domkraftpro.com\/index.php\/produkt\/znackovy-sroub-sestihranny-zn-m6x25-mm-tr-8-8-din-933-500-ks-element-shop-cz-14785\/\" \/>\n<meta property=\"og:locale\" content=\"cs_CZ\" \/>\n<meta property=\"og:type\" content=\"article\" \/>\n<meta property=\"og:title\" content=\"Zna\u010dkov\u00fd \u0160roub \u0161estihrann\u00fd Zn M6\u00d725 mm, t\u0159. 8.8, DIN 933, 500 ks | element-shop.cz -\" \/>\n<meta property=\"og:description\" content=\"Detailn\u00ed popis produktu Metrick\u00fd \u0161roub se \u0161estihrannou hlavou a z\u00e1vitem k hlav\u011b. Ocelov\u00fd \u0161roub je povrchov\u011b upraven b\u00edl\u00fdm zinkem.\" \/>\n<meta property=\"og:url\" content=\"https:\/\/www.domkraftpro.com\/index.php\/produkt\/znackovy-sroub-sestihranny-zn-m6x25-mm-tr-8-8-din-933-500-ks-element-shop-cz-14785\/\" \/>\n<meta property=\"og:image\" content=\"https:\/\/www.domkraftpro.com\/wp-content\/uploads\/2026\/SK0006890-CZ20260425-092522-0-1777080324-115169_rewrite-50731-12751.webp\" \/>\n\t<meta property=\"og:image:width\" content=\"1000\" \/>\n\t<meta property=\"og:image:height\" content=\"750\" \/>\n\t<meta property=\"og:image:type\" content=\"image\/webp\" \/>\n<meta name=\"twitter:card\" content=\"summary_large_image\" \/>\n<script type=\"application\/ld+json\" class=\"yoast-schema-graph\">{\"@context\":\"https:\/\/schema.org\",\"@graph\":[{\"@type\":\"WebPage\",\"@id\":\"https:\/\/www.domkraftpro.com\/index.php\/produkt\/znackovy-sroub-sestihranny-zn-m6x25-mm-tr-8-8-din-933-500-ks-element-shop-cz-14785\/\",\"url\":\"https:\/\/www.domkraftpro.com\/index.php\/produkt\/znackovy-sroub-sestihranny-zn-m6x25-mm-tr-8-8-din-933-500-ks-element-shop-cz-14785\/\",\"name\":\"Zna\u010dkov\u00fd \u0160roub \u0161estihrann\u00fd Zn M6\u00d725 mm, t\u0159. 8.8, DIN 933, 500 ks | element-shop.cz -\",\"isPartOf\":{\"@id\":\"https:\/\/www.domkraftpro.com\/#website\"},\"primaryImageOfPage\":{\"@id\":\"https:\/\/www.domkraftpro.com\/index.php\/produkt\/znackovy-sroub-sestihranny-zn-m6x25-mm-tr-8-8-din-933-500-ks-element-shop-cz-14785\/#primaryimage\"},\"image\":{\"@id\":\"https:\/\/www.domkraftpro.com\/index.php\/produkt\/znackovy-sroub-sestihranny-zn-m6x25-mm-tr-8-8-din-933-500-ks-element-shop-cz-14785\/#primaryimage\"},\"thumbnailUrl\":\"https:\/\/www.domkraftpro.com\/wp-content\/uploads\/2026\/SK0006890-CZ20260425-092522-0-1777080324-115169_rewrite-50731-12751.webp\",\"datePublished\":\"2026-04-27T04:40:59+00:00\",\"breadcrumb\":{\"@id\":\"https:\/\/www.domkraftpro.com\/index.php\/produkt\/znackovy-sroub-sestihranny-zn-m6x25-mm-tr-8-8-din-933-500-ks-element-shop-cz-14785\/#breadcrumb\"},\"inLanguage\":\"cs\",\"potentialAction\":[{\"@type\":\"ReadAction\",\"target\":[\"https:\/\/www.domkraftpro.com\/index.php\/produkt\/znackovy-sroub-sestihranny-zn-m6x25-mm-tr-8-8-din-933-500-ks-element-shop-cz-14785\/\"]}]},{\"@type\":\"ImageObject\",\"inLanguage\":\"cs\",\"@id\":\"https:\/\/www.domkraftpro.com\/index.php\/produkt\/znackovy-sroub-sestihranny-zn-m6x25-mm-tr-8-8-din-933-500-ks-element-shop-cz-14785\/#primaryimage\",\"url\":\"https:\/\/www.domkraftpro.com\/wp-content\/uploads\/2026\/SK0006890-CZ20260425-092522-0-1777080324-115169_rewrite-50731-12751.webp\",\"contentUrl\":\"https:\/\/www.domkraftpro.com\/wp-content\/uploads\/2026\/SK0006890-CZ20260425-092522-0-1777080324-115169_rewrite-50731-12751.webp\",\"width\":1000,\"height\":750},{\"@type\":\"BreadcrumbList\",\"@id\":\"https:\/\/www.domkraftpro.com\/index.php\/produkt\/znackovy-sroub-sestihranny-zn-m6x25-mm-tr-8-8-din-933-500-ks-element-shop-cz-14785\/#breadcrumb\",\"itemListElement\":[{\"@type\":\"ListItem\",\"position\":1,\"name\":\"Home\",\"item\":\"https:\/\/www.domkraftpro.com\/\"},{\"@type\":\"ListItem\",\"position\":2,\"name\":\"Products\",\"item\":\"https:\/\/www.domkraftpro.com\/index.php\/products\/\"},{\"@type\":\"ListItem\",\"position\":3,\"name\":\"Zna\u010dkov\u00fd \u0160roub \u0161estihrann\u00fd Zn M6\u00d725 mm, t\u0159. 8.8, DIN 933, 500 ks | element-shop.cz\"}]},{\"@type\":\"WebSite\",\"@id\":\"https:\/\/www.domkraftpro.com\/#website\",\"url\":\"https:\/\/www.domkraftpro.com\/\",\"name\":\"\",\"description\":\"\",\"potentialAction\":[{\"@type\":\"SearchAction\",\"target\":{\"@type\":\"EntryPoint\",\"urlTemplate\":\"https:\/\/www.domkraftpro.com\/?s={search_term_string}\"},\"query-input\":{\"@type\":\"PropertyValueSpecification\",\"valueRequired\":true,\"valueName\":\"search_term_string\"}}],\"inLanguage\":\"cs\"}]}<\/script>\n<!-- \/ Yoast SEO plugin. -->","yoast_head_json":{"title":"Zna\u010dkov\u00fd \u0160roub \u0161estihrann\u00fd Zn M6\u00d725 mm, t\u0159. 8.8, DIN 933, 500 ks | element-shop.cz -","robots":{"index":"index","follow":"follow","max-snippet":"max-snippet:-1","max-image-preview":"max-image-preview:large","max-video-preview":"max-video-preview:-1"},"canonical":"https:\/\/www.domkraftpro.com\/index.php\/produkt\/znackovy-sroub-sestihranny-zn-m6x25-mm-tr-8-8-din-933-500-ks-element-shop-cz-14785\/","og_locale":"cs_CZ","og_type":"article","og_title":"Zna\u010dkov\u00fd \u0160roub \u0161estihrann\u00fd Zn M6\u00d725 mm, t\u0159. 8.8, DIN 933, 500 ks | element-shop.cz -","og_description":"Detailn\u00ed popis produktu Metrick\u00fd \u0161roub se \u0161estihrannou hlavou a z\u00e1vitem k hlav\u011b. Ocelov\u00fd \u0161roub je povrchov\u011b upraven b\u00edl\u00fdm zinkem.","og_url":"https:\/\/www.domkraftpro.com\/index.php\/produkt\/znackovy-sroub-sestihranny-zn-m6x25-mm-tr-8-8-din-933-500-ks-element-shop-cz-14785\/","og_image":[{"width":1000,"height":750,"url":"https:\/\/www.domkraftpro.com\/wp-content\/uploads\/2026\/SK0006890-CZ20260425-092522-0-1777080324-115169_rewrite-50731-12751.webp","type":"image\/webp"}],"twitter_card":"summary_large_image","schema":{"@context":"https:\/\/schema.org","@graph":[{"@type":"WebPage","@id":"https:\/\/www.domkraftpro.com\/index.php\/produkt\/znackovy-sroub-sestihranny-zn-m6x25-mm-tr-8-8-din-933-500-ks-element-shop-cz-14785\/","url":"https:\/\/www.domkraftpro.com\/index.php\/produkt\/znackovy-sroub-sestihranny-zn-m6x25-mm-tr-8-8-din-933-500-ks-element-shop-cz-14785\/","name":"Zna\u010dkov\u00fd \u0160roub \u0161estihrann\u00fd Zn M6\u00d725 mm, t\u0159. 8.8, DIN 933, 500 ks | element-shop.cz -","isPartOf":{"@id":"https:\/\/www.domkraftpro.com\/#website"},"primaryImageOfPage":{"@id":"https:\/\/www.domkraftpro.com\/index.php\/produkt\/znackovy-sroub-sestihranny-zn-m6x25-mm-tr-8-8-din-933-500-ks-element-shop-cz-14785\/#primaryimage"},"image":{"@id":"https:\/\/www.domkraftpro.com\/index.php\/produkt\/znackovy-sroub-sestihranny-zn-m6x25-mm-tr-8-8-din-933-500-ks-element-shop-cz-14785\/#primaryimage"},"thumbnailUrl":"https:\/\/www.domkraftpro.com\/wp-content\/uploads\/2026\/SK0006890-CZ20260425-092522-0-1777080324-115169_rewrite-50731-12751.webp","datePublished":"2026-04-27T04:40:59+00:00","breadcrumb":{"@id":"https:\/\/www.domkraftpro.com\/index.php\/produkt\/znackovy-sroub-sestihranny-zn-m6x25-mm-tr-8-8-din-933-500-ks-element-shop-cz-14785\/#breadcrumb"},"inLanguage":"cs","potentialAction":[{"@type":"ReadAction","target":["https:\/\/www.domkraftpro.com\/index.php\/produkt\/znackovy-sroub-sestihranny-zn-m6x25-mm-tr-8-8-din-933-500-ks-element-shop-cz-14785\/"]}]},{"@type":"ImageObject","inLanguage":"cs","@id":"https:\/\/www.domkraftpro.com\/index.php\/produkt\/znackovy-sroub-sestihranny-zn-m6x25-mm-tr-8-8-din-933-500-ks-element-shop-cz-14785\/#primaryimage","url":"https:\/\/www.domkraftpro.com\/wp-content\/uploads\/2026\/SK0006890-CZ20260425-092522-0-1777080324-115169_rewrite-50731-12751.webp","contentUrl":"https:\/\/www.domkraftpro.com\/wp-content\/uploads\/2026\/SK0006890-CZ20260425-092522-0-1777080324-115169_rewrite-50731-12751.webp","width":1000,"height":750},{"@type":"BreadcrumbList","@id":"https:\/\/www.domkraftpro.com\/index.php\/produkt\/znackovy-sroub-sestihranny-zn-m6x25-mm-tr-8-8-din-933-500-ks-element-shop-cz-14785\/#breadcrumb","itemListElement":[{"@type":"ListItem","position":1,"name":"Home","item":"https:\/\/www.domkraftpro.com\/"},{"@type":"ListItem","position":2,"name":"Products","item":"https:\/\/www.domkraftpro.com\/index.php\/products\/"},{"@type":"ListItem","position":3,"name":"Zna\u010dkov\u00fd \u0160roub \u0161estihrann\u00fd Zn M6\u00d725 mm, t\u0159. 8.8, DIN 933, 500 ks | element-shop.cz"}]},{"@type":"WebSite","@id":"https:\/\/www.domkraftpro.com\/#website","url":"https:\/\/www.domkraftpro.com\/","name":"","description":"","potentialAction":[{"@type":"SearchAction","target":{"@type":"EntryPoint","urlTemplate":"https:\/\/www.domkraftpro.com\/?s={search_term_string}"},"query-input":{"@type":"PropertyValueSpecification","valueRequired":true,"valueName":"search_term_string"}}],"inLanguage":"cs"}]}},"_links":{"self":[{"href":"https:\/\/www.domkraftpro.com\/index.php\/wp-json\/wp\/v2\/product\/14785","targetHints":{"allow":["GET"]}}],"collection":[{"href":"https:\/\/www.domkraftpro.com\/index.php\/wp-json\/wp\/v2\/product"}],"about":[{"href":"https:\/\/www.domkraftpro.com\/index.php\/wp-json\/wp\/v2\/types\/product"}],"replies":[{"embeddable":true,"href":"https:\/\/www.domkraftpro.com\/index.php\/wp-json\/wp\/v2\/comments?post=14785"}],"wp:featuredmedia":[{"embeddable":true,"href":"https:\/\/www.domkraftpro.com\/index.php\/wp-json\/wp\/v2\/media\/14885"}],"wp:attachment":[{"href":"https:\/\/www.domkraftpro.com\/index.php\/wp-json\/wp\/v2\/media?parent=14785"}],"wp:term":[{"taxonomy":"product_brand","embeddable":true,"href":"https:\/\/www.domkraftpro.com\/index.php\/wp-json\/wp\/v2\/product_brand?post=14785"},{"taxonomy":"product_cat","embeddable":true,"href":"https:\/\/www.domkraftpro.com\/index.php\/wp-json\/wp\/v2\/product_cat?post=14785"},{"taxonomy":"product_tag","embeddable":true,"href":"https:\/\/www.domkraftpro.com\/index.php\/wp-json\/wp\/v2\/product_tag?post=14785"}],"curies":[{"name":"wp","href":"https:\/\/api.w.org\/{rel}","templated":true}]}}