{"id":14751,"date":"2026-04-27T04:40:59","date_gmt":"2026-04-27T04:40:59","guid":{"rendered":""},"modified":"2026-04-27T04:40:59","modified_gmt":"2026-04-27T04:40:59","slug":"aku-kolecko-40-v-li-ion-6-ah-80-l-kovova-korba-max-150-kg-element-shop-cz-originalni-14751","status":"publish","type":"product","link":"https:\/\/www.domkraftpro.com\/index.php\/produkt\/aku-kolecko-40-v-li-ion-6-ah-80-l-kovova-korba-max-150-kg-element-shop-cz-originalni-14751\/","title":{"rendered":"AKU kole\u010dko 40 V Li-ion 6 Ah 80 l kovov\u00e1 korba max. 150 kg | element-shop.cz Origin\u00e1ln\u00ed"},"content":{"rendered":"<div class=\"basic-description\">\n<h3>Detailn\u00ed popis produktu<\/h3>\n<h1><strong>EXTOL\u00ae PREMIUM\u00a08891590<\/strong><\/h1>\n<h1><strong>AKU kole\u010dko 80 l<\/strong><\/h1>\n<div><strong>\u058d P\u0159epravn\u00ed aku kole\u010dko s pomocn\u00fdm elektrick\u00fdm pohonem je inovativn\u00edm \u0159e\u0161en\u00edm pro efektivn\u00ed a pohodlnou p\u0159epravu tuh\u00fdch, sypk\u00fdch nebo hust\u00fdch materi\u00e1l\u016f. <\/strong><\/div>\n<div><strong>\u058d N\u00ed\u017ee naleznete detailn\u00ed technick\u00fd popis tohoto produktu.<\/strong><\/div>\n<div>\u00a0<\/div>\n<div><strong>Elektrick\u00fd pohon:<\/strong><\/div>\n<div>\u058d Efektivn\u00ed elektrick\u00fd pohon zvy\u0161uje rychlost p\u0159epravy materi\u00e1lu a minimalizuje \u00fanavu obsluhy.<\/div>\n<div>\u058d Li-ion baterie sni\u017euje <span class=\"show-tooltip\" title=\"Hmotnost&amp;nbsp;je d\u016fle\u017eit\u00e1 fyzik\u00e1ln\u00ed veli\u010dina, aditivn\u00ed vlastnost&amp;nbsp;hmoty&amp;nbsp;(tedy vlastnost jednotliv\u00fdch hmotn\u00fdch&amp;nbsp;t\u011bles), kter\u00e1 vyjad\u0159uje m\u00edru&amp;nbsp;setrva\u010dn\u00fdch&amp;nbsp;\u00fa\u010dink\u016f \u010di m\u00edru&amp;nbsp;gravita\u010dn\u00edch&amp;nbsp;\u00fa\u010dink\u016f hmoty. Ekvivalence setrva\u010dn\u00fdch&amp;hellip;\">hmotnost<\/span> kole\u010dka ve srovn\u00e1n\u00ed s <span class=\"show-tooltip\" title=\"Olovo je chemick\u00fd prvek se symboly Pb (z latinsk\u00e9ho plumbum) a atomov\u00fdm \u010d\u00edslem 82.Je to t\u011b\u017ek\u00fd kov, kter\u00fd m\u00e1 m\u011bkkou a ohebnou texturu.&amp;nbsp;M\u00e1 relativn\u011b n\u00edzkou&amp;nbsp;teplotu t\u00e1n\u00ed,&amp;nbsp;je dob\u0159e kujn\u00fd i p\u0159i&amp;nbsp;pokojov\u00e9 teplot\u011b&amp;nbsp;a odoln\u00fd v\u016f\u010di&amp;hellip;\">olov\u011bn\u00fdmi<\/span> bateriemi.<\/div>\n<div>\u00a0<\/div>\n<div><strong>Ovl\u00e1dac\u00ed panel na rukojeti:<\/strong><\/div>\n<div>\u058d Ovl\u00e1dac\u00ed panel na prav\u00e9 rukojeti umo\u017e\u0148uje pohodln\u00e9 nastaven\u00ed okam\u017eit\u00e9 rychlosti vp\u0159ed i vzad.<\/div>\n<div>\u058d Funkce j\u00edzdy dop\u0159edu, dozadu, brzdy, norm\u00e1ln\u00ed a Turbo rychlosti.<\/div>\n<div>\u00a0<\/div>\n<div><strong><span class=\"show-tooltip\" title=\"EC Brushless motor (Electronically Commutated Brushless motor) je modern\u00ed typ elektromotoru, kter\u00fd kombinuje v\u00fdhody stejnosm\u011brn\u00fdch (DC) a st\u0159\u00eddav\u00fdch (AC) motor\u016f. Z\u00e1kladem je bezkart\u00e1\u010dov\u00fd design a elektronicky \u0159\u00edzen\u00e1 komutace, co\u017e znamen\u00e1, \u017ee motor&amp;hellip;\">Brushless<\/span> <span class=\"show-tooltip\" title=\"Motor je za\u0159\u00edzen\u00ed, kter\u00e9 p\u0159em\u011b\u0148uje r\u016fzn\u00e9 formy energie (nap\u0159. elektrickou, mechanickou, tepelnou) na mechanickou pr\u00e1ci. Motor se pou\u017e\u00edv\u00e1 v mnoha aplikac\u00edch, od automobil\u016f po dom\u00e1c\u00ed spot\u0159ebi\u010de, a jeho princip fungov\u00e1n\u00ed se li\u0161\u00ed podle typu&amp;hellip;\">motor<\/span>:<\/strong><\/div>\n<div>\u058d Poh\u00e1n\u00ed nejmodern\u011bj\u0161\u00ed bezkart\u00e1\u010dov\u00fd &#8222;brushless&#8220; motor pro vy\u0161\u0161\u00ed \u017eivotnost, v\u00fdkonnost a ni\u017e\u0161\u00ed spot\u0159ebu energie.<\/div>\n<div>\u058d Mo\u017enost kompletn\u00edho vypnut\u00ed motoru pro ru\u010dn\u00ed pohon.<\/div>\n<div>\u00a0<\/div>\n<div><strong>Elektrick\u00e1 brzda:<\/strong><\/div>\n<div>\u058d Elektrick\u00e1 brzda zabra\u0148uje necht\u011bn\u00e9mu pohybu na m\u00edst\u011b.<\/div>\n<div>\u00a0<\/div>\n<div><strong>Pneumatiky s hlubok\u00fdm vzorkem:<\/strong><\/div>\n<div>\u058d Hlubok\u00fd vzorek pneumatik zaji\u0161\u0165uje vynikaj\u00edc\u00ed trakci v r\u016fzn\u00e9m ter\u00e9nu.<\/div>\n<div>\u00a0<\/div>\n<div><strong>Korba a mo\u017enost n\u00e1kupu <span class=\"show-tooltip\" title=\"Plastyn\u011bkdy tak\u00e9 naz\u00fdvan\u00e9 plastick\u00e9 \u010di um\u011bl\u00e9 hmoty, p\u0159edstavuj\u00ed \u0161irokou \u0161k\u00e1lu syntetick\u00fdch nebo \u010d\u00e1ste\u010dn\u011b syntetick\u00fdch organick\u00fdch slou\u010denin a polymern\u00edch materi\u00e1l\u016f. \u010casto obsahuj\u00ed p\u0159\u00edsady zlep\u0161uj\u00edc\u00ed jejich funk\u010dn\u00ed vlastnosti, nap\u0159\u00edklad&amp;hellip;\">plastov\u00e9<\/span> korby:<\/strong><\/div>\n<div>\u058d Dod\u00e1v\u00e1no s kovovou korbou o objemu 80 litr\u016f.<\/div>\n<div>\u058d Plastov\u00e1 korba o objemu 100 litr\u016f je samostatn\u011b dostupn\u00e1 pro leh\u010d\u00ed a objemn\u011bj\u0161\u00ed n\u00e1klad.<\/div>\n<div>\u00a0<\/div>\n<div><strong><span class=\"show-tooltip\" title=\"Zna\u010den\u00ed IP (Ingress Protection)&amp;nbsp;- Stupe\u0148 kryt\u00ed, t\u0159\u00edda ochrany, nebo tak\u00e9 Kryt\u00ed IP - ud\u00e1v\u00e1 \u00farove\u0148 ochrany elektrick\u00fdch za\u0159\u00edzen\u00ed p\u0159ed vniknut\u00edm ciz\u00edch p\u0159edm\u011bt\u016f, vodou a nebezpe\u010dn\u00fdm dotykem.&amp;nbsp;\u2743 Toto kryt\u00ed je standardizov\u00e1no podle&amp;hellip;\">Kryt\u00ed<\/span> IP64 a mo\u017enost sklopen\u00ed ru\u010dek:<\/strong><\/div>\n<div>\u058d Kole\u010dko m\u00e1 kryt\u00ed IP64 pro do\u010dasnou pr\u00e1ci ve vlhk\u00e9m prost\u0159ed\u00ed a mo\u017enost um\u00fdv\u00e1n\u00ed wapkou.<\/div>\n<div>\u058d Sklopiteln\u00e9 ru\u010dky umo\u017e\u0148uj\u00ed snadn\u00e9 skladov\u00e1n\u00ed v aut\u011b.<\/div>\n<div>\u00a0<\/div>\n<div><strong><span class=\"show-tooltip\" title=\"S\u00edla je fyzik\u00e1ln\u00ed veli\u010dina, kter\u00e1 popisuje interakci mezi t\u011blesy nebo objekty. Je to vektorov\u00e1 veli\u010dina, co\u017e znamen\u00e1, \u017ee krom\u011b velikosti m\u00e1 tak\u00e9 sm\u011br a smysl (sm\u011br, kter\u00fdm s\u00edla p\u016fsob\u00ed). Jednotkou s\u00edly v mezin\u00e1rodn\u00edm syst\u00e9mu jednotek (SI) je newton&amp;hellip;\">Siln\u00e1<\/span> 40V\/6Ah Li-ion baterie:<\/strong><\/div>\n<div>\u058d Zdroj elektrick\u00e9 energie s LED displejem ukazuj\u00edc\u00edm \u00farove\u0148 nabit\u00ed a okam\u017eit\u00e9 <span class=\"show-tooltip\" title=\"Nap\u011bt\u00ed, tak\u00e9 naz\u00fdvan\u00e9 elektrick\u00e9 nap\u011bt\u00ed, je fyzik\u00e1ln\u00ed veli\u010dina, kter\u00e1 vyjad\u0159uje potenci\u00e1ln\u00ed rozd\u00edl mezi dv\u011bma body v elektrick\u00e9m obvodu. Jedn\u00e1 se o skal\u00e1rn\u00ed veli\u010dinu, co\u017e znamen\u00e1, \u017ee m\u00e1 pouze velikost a nem\u00e1 sm\u011br.Nap\u011bt\u00ed je zp\u016fsobeno rozd\u00edlem&amp;hellip;\">nap\u011bt\u00ed<\/span>.<\/div>\n<div>\u058d Vyj\u00edmateln\u00e1 baterie pro snadn\u00e9 nab\u00edjen\u00ed a skladov\u00e1n\u00ed.<\/div>\n<div>\u00a0<\/div>\n<div><strong>Ochrana baterie:<\/strong><\/div>\n<div>\u058d Baterie s ochranou proti vybit\u00ed, p\u0159et\u00ed\u017een\u00ed, p\u0159ebit\u00ed, zkratu a n\u00e1hl\u00e9mu zv\u00fd\u0161en\u00ed teploty.<\/div>\n<div>\u058d Jedna 6000 mAh baterie dosta\u010duje pro b\u011b\u017enou pr\u00e1ci, mo\u017enost pou\u017eit\u00ed dal\u0161\u00ed nabit\u00e9 baterie pro n\u00e1ro\u010dn\u011bj\u0161\u00ed \u00fakoly.<\/div>\n<div>\u00a0<\/div>\n<div><strong>Li-ion technologie:<\/strong><\/div>\n<div>\u058d Mo\u017enost kdykoliv dob\u00edjet bez sn\u00ed\u017een\u00ed kapacity, minim\u00e1ln\u00ed samovyb\u00edjen\u00ed a dlouh\u00e1 \u017eivotnost baterie.<\/div>\n<h3><strong>Pou\u017eit\u00ed<\/strong><\/h3>\n<div><strong>\u058d Ide\u00e1ln\u00ed pro profesion\u00e1ln\u00ed a dom\u00e1c\u00ed p\u0159epravu materi\u00e1l\u016f v r\u016fzn\u00fdch ter\u00e9nech.<\/strong><\/div>\n<div><strong>\u058d P\u0159izp\u016fsobitelnost d\u00edky r\u016fzn\u00fdm rychlostn\u00edm re\u017eim\u016fm a mo\u017enosti ru\u010dn\u00edho pohonu.<\/strong><\/div>\n<div>\u00a0<\/div>\n<div><strong>Upozorn\u011bn\u00ed:<\/strong><\/div>\n<div>\u058d Kole\u010dko nen\u00ed ur\u010deno k trval\u00e9mu provozu nebo skladov\u00e1n\u00ed ve vlhk\u00e9m prost\u0159ed\u00ed.<\/div>\n<div>\u00a0<\/div>\n<div><strong>\u058d Toto p\u0159epravn\u00ed aku kole\u010dko p\u0159in\u00e1\u0161\u00ed v\u00fdjime\u010dnou kombinaci <span class=\"show-tooltip\" title=\"V\u00fdkon je fyzik\u00e1ln\u00ed veli\u010dina, kter\u00e1 vyjad\u0159uje, jak rychle nebo efektivn\u011b se pr\u00e1ce prov\u00e1d\u00ed nebo jak rychle se p\u0159emis\u0165uje energie. Jedn\u00e1 se o skal\u00e1rn\u00ed veli\u010dinu, co\u017e znamen\u00e1, \u017ee m\u00e1 pouze velikost, nikoli sm\u011br. Z\u00e1kladn\u00ed jednotkou v\u00fdkonu v mezin\u00e1rodn\u00edm&amp;hellip;\">v\u00fdkonu<\/span>, pohodl\u00ed a efektivity do oblasti p\u0159epravy materi\u00e1l\u016f. <\/strong><\/div>\n<div><strong>\u058d S modern\u00edm <span class=\"show-tooltip\" title=\"Design je proces tvorby a uspo\u0159\u00e1d\u00e1n\u00ed prvk\u016f tak, aby vytvo\u0159ily n\u011bco s ur\u010dit\u00fdm \u00fa\u010delem nebo estetick\u00fdm dojmem. Term\u00edn &quot;design&quot; se pou\u017e\u00edv\u00e1 v r\u016fzn\u00fdch kontextech a odv\u011btv\u00edch, a m\u016f\u017ee se t\u00fdkat n\u00e1vrhu v\u00fdrobk\u016f, grafick\u00e9ho designu, interi\u00e9rov\u00e9ho designu,&amp;hellip;\">designem<\/span>, \u0161pi\u010dkov\u00fdmi technologiemi a bezkonkuren\u010dn\u00edm v\u00fdkonem je ide\u00e1ln\u00edm n\u00e1strojem pro \u0161irokou \u0161k\u00e1lu aplikac\u00ed.<\/strong><\/div>\n<div>\u00a0<\/div>\n<div><strong><span class=\"show-tooltip\" title=\"Objem je fyzik\u00e1ln\u00ed veli\u010dina, kter\u00e1 vyjad\u0159uje prostor obsazen\u00fd t\u011blesem. Objem se zpravidla m\u011b\u0159\u00ed v krychlov\u00fdch jednotk\u00e1ch, nap\u0159\u00edklad krychlov\u00e9 metry (m\u00b3) nebo krychlov\u00e9 centimetry (cm\u00b3). Objem lze vypo\u010d\u00edtat r\u016fzn\u00fdmi zp\u016fsoby, v z\u00e1vislosti na&amp;hellip;\">Objem<\/span> korby:<\/strong> 80 L<\/div>\n<div><strong><span class=\"show-tooltip\" title=\"Nosnost&amp;nbsp;resp.&amp;nbsp;\u00fanosnost&amp;nbsp;je obecn\u00e1 charakteristika, kter\u00e1 vyjad\u0159uje vzdor (kapacitu) dan\u00e9ho&amp;nbsp;objektu&amp;nbsp;nebo&amp;nbsp;p\u0159edm\u011btu&amp;nbsp;(nap\u0159. stavebn\u00ed konstrukce, z\u00e1kladov\u00e9 p\u016fdy,&amp;nbsp;dopravn\u00edho prost\u0159edku, apod.) v\u016f\u010di p\u016fsoben\u00ed n\u011bjak\u00fdch&amp;hellip;\">Nosnost<\/span>:<\/strong> 100 kg<\/div>\n<div><strong>Kolo:<\/strong> nafukovac\u00ed &#8211; hlubok\u00fd vzorek<\/div>\n<div><strong>V\u00fdkon motoru:<\/strong> 500 W<\/div>\n<div><strong>Baterie:<\/strong> 40V Li-ion<\/div>\n<div><strong>Kapacita baterie:<\/strong> 6000 mAh<\/div>\n<div><strong>Rychlost j\u00edzdy:<\/strong> 0 &#8211; 6 km\/h<\/div>\n<div><strong>Dojezd na aku:<\/strong> 3 &#8211; 20 km ( 1 &#8211; 5 h )<\/div>\n<div><strong>Kryt\u00ed:<\/strong> IP 64<\/div>\n<div><strong>Hmotnost:<\/strong> 24,7 kg<\/div>\n<\/p><\/div>\n","protected":false},"excerpt":{"rendered":"<p>Detailn\u00ed popis produktu EXTOL\u00ae PREMIUM\u00a08891590 AKU kole\u010dko 80 l \u058d P\u0159epravn\u00ed aku kole\u010dko s pomocn\u00fdm elektrick\u00fdm pohonem je inovativn\u00edm \u0159e\u0161en\u00edm pro efektivn\u00ed a pohodlnou p\u0159epravu tuh\u00fdch, sypk\u00fdch nebo hust\u00fdch materi\u00e1l\u016f. \u058d N\u00ed\u017ee naleznete detailn\u00ed technick\u00fd popis tohoto produktu. \u00a0 Elektrick\u00fd pohon: \u058d Efektivn\u00ed elektrick\u00fd pohon zvy\u0161uje rychlost p\u0159epravy materi\u00e1lu a minimalizuje \u00fanavu obsluhy. \u058d Li-ion [&hellip;]<\/p>\n","protected":false},"featured_media":14851,"comment_status":"open","ping_status":"open","template":"","meta":[],"product_brand":[],"product_cat":[58],"product_tag":[],"class_list":{"0":"post-14751","1":"product","2":"type-product","3":"status-publish","4":"has-post-thumbnail","6":"product_cat-dum-a-zahrada","8":"first","9":"instock","10":"sale","11":"shipping-taxable","12":"purchasable","13":"product-type-simple"},"yoast_head":"<!-- This site is optimized with the Yoast SEO plugin v26.8 - https:\/\/yoast.com\/product\/yoast-seo-wordpress\/ -->\n<title>AKU kole\u010dko 40 V Li-ion 6 Ah 80 l kovov\u00e1 korba max. 150 kg | element-shop.cz Origin\u00e1ln\u00ed -<\/title>\n<meta name=\"robots\" content=\"index, follow, max-snippet:-1, max-image-preview:large, max-video-preview:-1\" \/>\n<link rel=\"canonical\" href=\"https:\/\/www.domkraftpro.com\/index.php\/produkt\/aku-kolecko-40-v-li-ion-6-ah-80-l-kovova-korba-max-150-kg-element-shop-cz-originalni-14751\/\" \/>\n<meta property=\"og:locale\" content=\"cs_CZ\" \/>\n<meta property=\"og:type\" content=\"article\" \/>\n<meta property=\"og:title\" content=\"AKU kole\u010dko 40 V Li-ion 6 Ah 80 l kovov\u00e1 korba max. 150 kg | element-shop.cz Origin\u00e1ln\u00ed -\" \/>\n<meta property=\"og:description\" content=\"Detailn\u00ed popis produktu EXTOL\u00ae PREMIUM\u00a08891590 AKU kole\u010dko 80 l \u058d P\u0159epravn\u00ed aku kole\u010dko s pomocn\u00fdm elektrick\u00fdm pohonem je inovativn\u00edm \u0159e\u0161en\u00edm pro efektivn\u00ed a pohodlnou p\u0159epravu tuh\u00fdch, sypk\u00fdch nebo hust\u00fdch materi\u00e1l\u016f. \u058d N\u00ed\u017ee naleznete detailn\u00ed technick\u00fd popis tohoto produktu. \u00a0 Elektrick\u00fd pohon: \u058d Efektivn\u00ed elektrick\u00fd pohon zvy\u0161uje rychlost p\u0159epravy materi\u00e1lu a minimalizuje \u00fanavu obsluhy. \u058d Li-ion [&hellip;]\" \/>\n<meta property=\"og:url\" content=\"https:\/\/www.domkraftpro.com\/index.php\/produkt\/aku-kolecko-40-v-li-ion-6-ah-80-l-kovova-korba-max-150-kg-element-shop-cz-originalni-14751\/\" \/>\n<meta property=\"og:image\" content=\"https:\/\/www.domkraftpro.com\/wp-content\/uploads\/2026\/SK0006856-CZ20260425-092522-0-1777080324-115053_rewrite-182076-8891590.webp\" \/>\n\t<meta property=\"og:image:width\" content=\"1000\" \/>\n\t<meta property=\"og:image:height\" content=\"750\" \/>\n\t<meta property=\"og:image:type\" content=\"image\/webp\" \/>\n<meta name=\"twitter:card\" content=\"summary_large_image\" \/>\n<meta name=\"twitter:label1\" content=\"Odhadovan\u00e1 doba \u010dten\u00ed\" \/>\n\t<meta name=\"twitter:data1\" content=\"2 minuty\" \/>\n<script type=\"application\/ld+json\" class=\"yoast-schema-graph\">{\"@context\":\"https:\/\/schema.org\",\"@graph\":[{\"@type\":\"WebPage\",\"@id\":\"https:\/\/www.domkraftpro.com\/index.php\/produkt\/aku-kolecko-40-v-li-ion-6-ah-80-l-kovova-korba-max-150-kg-element-shop-cz-originalni-14751\/\",\"url\":\"https:\/\/www.domkraftpro.com\/index.php\/produkt\/aku-kolecko-40-v-li-ion-6-ah-80-l-kovova-korba-max-150-kg-element-shop-cz-originalni-14751\/\",\"name\":\"AKU kole\u010dko 40 V Li-ion 6 Ah 80 l kovov\u00e1 korba max. 150 kg | element-shop.cz Origin\u00e1ln\u00ed -\",\"isPartOf\":{\"@id\":\"https:\/\/www.domkraftpro.com\/#website\"},\"primaryImageOfPage\":{\"@id\":\"https:\/\/www.domkraftpro.com\/index.php\/produkt\/aku-kolecko-40-v-li-ion-6-ah-80-l-kovova-korba-max-150-kg-element-shop-cz-originalni-14751\/#primaryimage\"},\"image\":{\"@id\":\"https:\/\/www.domkraftpro.com\/index.php\/produkt\/aku-kolecko-40-v-li-ion-6-ah-80-l-kovova-korba-max-150-kg-element-shop-cz-originalni-14751\/#primaryimage\"},\"thumbnailUrl\":\"https:\/\/www.domkraftpro.com\/wp-content\/uploads\/2026\/SK0006856-CZ20260425-092522-0-1777080324-115053_rewrite-182076-8891590.webp\",\"datePublished\":\"2026-04-27T04:40:59+00:00\",\"breadcrumb\":{\"@id\":\"https:\/\/www.domkraftpro.com\/index.php\/produkt\/aku-kolecko-40-v-li-ion-6-ah-80-l-kovova-korba-max-150-kg-element-shop-cz-originalni-14751\/#breadcrumb\"},\"inLanguage\":\"cs\",\"potentialAction\":[{\"@type\":\"ReadAction\",\"target\":[\"https:\/\/www.domkraftpro.com\/index.php\/produkt\/aku-kolecko-40-v-li-ion-6-ah-80-l-kovova-korba-max-150-kg-element-shop-cz-originalni-14751\/\"]}]},{\"@type\":\"ImageObject\",\"inLanguage\":\"cs\",\"@id\":\"https:\/\/www.domkraftpro.com\/index.php\/produkt\/aku-kolecko-40-v-li-ion-6-ah-80-l-kovova-korba-max-150-kg-element-shop-cz-originalni-14751\/#primaryimage\",\"url\":\"https:\/\/www.domkraftpro.com\/wp-content\/uploads\/2026\/SK0006856-CZ20260425-092522-0-1777080324-115053_rewrite-182076-8891590.webp\",\"contentUrl\":\"https:\/\/www.domkraftpro.com\/wp-content\/uploads\/2026\/SK0006856-CZ20260425-092522-0-1777080324-115053_rewrite-182076-8891590.webp\",\"width\":1000,\"height\":750},{\"@type\":\"BreadcrumbList\",\"@id\":\"https:\/\/www.domkraftpro.com\/index.php\/produkt\/aku-kolecko-40-v-li-ion-6-ah-80-l-kovova-korba-max-150-kg-element-shop-cz-originalni-14751\/#breadcrumb\",\"itemListElement\":[{\"@type\":\"ListItem\",\"position\":1,\"name\":\"Home\",\"item\":\"https:\/\/www.domkraftpro.com\/\"},{\"@type\":\"ListItem\",\"position\":2,\"name\":\"Products\",\"item\":\"https:\/\/www.domkraftpro.com\/index.php\/products\/\"},{\"@type\":\"ListItem\",\"position\":3,\"name\":\"AKU kole\u010dko 40 V Li-ion 6 Ah 80 l kovov\u00e1 korba max. 150 kg | element-shop.cz Origin\u00e1ln\u00ed\"}]},{\"@type\":\"WebSite\",\"@id\":\"https:\/\/www.domkraftpro.com\/#website\",\"url\":\"https:\/\/www.domkraftpro.com\/\",\"name\":\"\",\"description\":\"\",\"potentialAction\":[{\"@type\":\"SearchAction\",\"target\":{\"@type\":\"EntryPoint\",\"urlTemplate\":\"https:\/\/www.domkraftpro.com\/?s={search_term_string}\"},\"query-input\":{\"@type\":\"PropertyValueSpecification\",\"valueRequired\":true,\"valueName\":\"search_term_string\"}}],\"inLanguage\":\"cs\"}]}<\/script>\n<!-- \/ Yoast SEO plugin. -->","yoast_head_json":{"title":"AKU kole\u010dko 40 V Li-ion 6 Ah 80 l kovov\u00e1 korba max. 150 kg | element-shop.cz Origin\u00e1ln\u00ed -","robots":{"index":"index","follow":"follow","max-snippet":"max-snippet:-1","max-image-preview":"max-image-preview:large","max-video-preview":"max-video-preview:-1"},"canonical":"https:\/\/www.domkraftpro.com\/index.php\/produkt\/aku-kolecko-40-v-li-ion-6-ah-80-l-kovova-korba-max-150-kg-element-shop-cz-originalni-14751\/","og_locale":"cs_CZ","og_type":"article","og_title":"AKU kole\u010dko 40 V Li-ion 6 Ah 80 l kovov\u00e1 korba max. 150 kg | element-shop.cz Origin\u00e1ln\u00ed -","og_description":"Detailn\u00ed popis produktu EXTOL\u00ae PREMIUM\u00a08891590 AKU kole\u010dko 80 l \u058d P\u0159epravn\u00ed aku kole\u010dko s pomocn\u00fdm elektrick\u00fdm pohonem je inovativn\u00edm \u0159e\u0161en\u00edm pro efektivn\u00ed a pohodlnou p\u0159epravu tuh\u00fdch, sypk\u00fdch nebo hust\u00fdch materi\u00e1l\u016f. \u058d N\u00ed\u017ee naleznete detailn\u00ed technick\u00fd popis tohoto produktu. \u00a0 Elektrick\u00fd pohon: \u058d Efektivn\u00ed elektrick\u00fd pohon zvy\u0161uje rychlost p\u0159epravy materi\u00e1lu a minimalizuje \u00fanavu obsluhy. \u058d Li-ion [&hellip;]","og_url":"https:\/\/www.domkraftpro.com\/index.php\/produkt\/aku-kolecko-40-v-li-ion-6-ah-80-l-kovova-korba-max-150-kg-element-shop-cz-originalni-14751\/","og_image":[{"width":1000,"height":750,"url":"https:\/\/www.domkraftpro.com\/wp-content\/uploads\/2026\/SK0006856-CZ20260425-092522-0-1777080324-115053_rewrite-182076-8891590.webp","type":"image\/webp"}],"twitter_card":"summary_large_image","twitter_misc":{"Odhadovan\u00e1 doba \u010dten\u00ed":"2 minuty"},"schema":{"@context":"https:\/\/schema.org","@graph":[{"@type":"WebPage","@id":"https:\/\/www.domkraftpro.com\/index.php\/produkt\/aku-kolecko-40-v-li-ion-6-ah-80-l-kovova-korba-max-150-kg-element-shop-cz-originalni-14751\/","url":"https:\/\/www.domkraftpro.com\/index.php\/produkt\/aku-kolecko-40-v-li-ion-6-ah-80-l-kovova-korba-max-150-kg-element-shop-cz-originalni-14751\/","name":"AKU kole\u010dko 40 V Li-ion 6 Ah 80 l kovov\u00e1 korba max. 150 kg | element-shop.cz Origin\u00e1ln\u00ed -","isPartOf":{"@id":"https:\/\/www.domkraftpro.com\/#website"},"primaryImageOfPage":{"@id":"https:\/\/www.domkraftpro.com\/index.php\/produkt\/aku-kolecko-40-v-li-ion-6-ah-80-l-kovova-korba-max-150-kg-element-shop-cz-originalni-14751\/#primaryimage"},"image":{"@id":"https:\/\/www.domkraftpro.com\/index.php\/produkt\/aku-kolecko-40-v-li-ion-6-ah-80-l-kovova-korba-max-150-kg-element-shop-cz-originalni-14751\/#primaryimage"},"thumbnailUrl":"https:\/\/www.domkraftpro.com\/wp-content\/uploads\/2026\/SK0006856-CZ20260425-092522-0-1777080324-115053_rewrite-182076-8891590.webp","datePublished":"2026-04-27T04:40:59+00:00","breadcrumb":{"@id":"https:\/\/www.domkraftpro.com\/index.php\/produkt\/aku-kolecko-40-v-li-ion-6-ah-80-l-kovova-korba-max-150-kg-element-shop-cz-originalni-14751\/#breadcrumb"},"inLanguage":"cs","potentialAction":[{"@type":"ReadAction","target":["https:\/\/www.domkraftpro.com\/index.php\/produkt\/aku-kolecko-40-v-li-ion-6-ah-80-l-kovova-korba-max-150-kg-element-shop-cz-originalni-14751\/"]}]},{"@type":"ImageObject","inLanguage":"cs","@id":"https:\/\/www.domkraftpro.com\/index.php\/produkt\/aku-kolecko-40-v-li-ion-6-ah-80-l-kovova-korba-max-150-kg-element-shop-cz-originalni-14751\/#primaryimage","url":"https:\/\/www.domkraftpro.com\/wp-content\/uploads\/2026\/SK0006856-CZ20260425-092522-0-1777080324-115053_rewrite-182076-8891590.webp","contentUrl":"https:\/\/www.domkraftpro.com\/wp-content\/uploads\/2026\/SK0006856-CZ20260425-092522-0-1777080324-115053_rewrite-182076-8891590.webp","width":1000,"height":750},{"@type":"BreadcrumbList","@id":"https:\/\/www.domkraftpro.com\/index.php\/produkt\/aku-kolecko-40-v-li-ion-6-ah-80-l-kovova-korba-max-150-kg-element-shop-cz-originalni-14751\/#breadcrumb","itemListElement":[{"@type":"ListItem","position":1,"name":"Home","item":"https:\/\/www.domkraftpro.com\/"},{"@type":"ListItem","position":2,"name":"Products","item":"https:\/\/www.domkraftpro.com\/index.php\/products\/"},{"@type":"ListItem","position":3,"name":"AKU kole\u010dko 40 V Li-ion 6 Ah 80 l kovov\u00e1 korba max. 150 kg | element-shop.cz Origin\u00e1ln\u00ed"}]},{"@type":"WebSite","@id":"https:\/\/www.domkraftpro.com\/#website","url":"https:\/\/www.domkraftpro.com\/","name":"","description":"","potentialAction":[{"@type":"SearchAction","target":{"@type":"EntryPoint","urlTemplate":"https:\/\/www.domkraftpro.com\/?s={search_term_string}"},"query-input":{"@type":"PropertyValueSpecification","valueRequired":true,"valueName":"search_term_string"}}],"inLanguage":"cs"}]}},"_links":{"self":[{"href":"https:\/\/www.domkraftpro.com\/index.php\/wp-json\/wp\/v2\/product\/14751","targetHints":{"allow":["GET"]}}],"collection":[{"href":"https:\/\/www.domkraftpro.com\/index.php\/wp-json\/wp\/v2\/product"}],"about":[{"href":"https:\/\/www.domkraftpro.com\/index.php\/wp-json\/wp\/v2\/types\/product"}],"replies":[{"embeddable":true,"href":"https:\/\/www.domkraftpro.com\/index.php\/wp-json\/wp\/v2\/comments?post=14751"}],"wp:featuredmedia":[{"embeddable":true,"href":"https:\/\/www.domkraftpro.com\/index.php\/wp-json\/wp\/v2\/media\/14851"}],"wp:attachment":[{"href":"https:\/\/www.domkraftpro.com\/index.php\/wp-json\/wp\/v2\/media?parent=14751"}],"wp:term":[{"taxonomy":"product_brand","embeddable":true,"href":"https:\/\/www.domkraftpro.com\/index.php\/wp-json\/wp\/v2\/product_brand?post=14751"},{"taxonomy":"product_cat","embeddable":true,"href":"https:\/\/www.domkraftpro.com\/index.php\/wp-json\/wp\/v2\/product_cat?post=14751"},{"taxonomy":"product_tag","embeddable":true,"href":"https:\/\/www.domkraftpro.com\/index.php\/wp-json\/wp\/v2\/product_tag?post=14751"}],"curies":[{"name":"wp","href":"https:\/\/api.w.org\/{rel}","templated":true}]}}