{"id":14744,"date":"2026-04-27T04:40:59","date_gmt":"2026-04-27T04:40:59","guid":{"rendered":""},"modified":"2026-04-27T04:40:59","modified_gmt":"2026-04-27T04:40:59","slug":"pracovni-rukavice-julius-protirezne-pes-pu-1-2-vel-xl-10-element-shop-cz-novinka-14744","status":"publish","type":"product","link":"https:\/\/www.domkraftpro.com\/index.php\/produkt\/pracovni-rukavice-julius-protirezne-pes-pu-1-2-vel-xl-10-element-shop-cz-novinka-14744\/","title":{"rendered":"Pracovn\u00ed rukavice JULIUS proti\u0159ezn\u00e9, PES \/ PU 1\/2, vel. XL\/10 | element-shop.cz Novinka"},"content":{"rendered":"<div class=\"basic-description\">\n<h3>Detailn\u00ed popis produktu<\/h3>\n<p>                                    Pracovn\u00ed rukavice vyroben\u00e9 z pevn\u00fdch a kvalitn\u00edch materi\u00e1l\u016f pro manipulaci v such\u00e9m prost\u0159ed\u00ed se st\u0159edn\u00ed proti\u0159eznou ochranou. \u010c\u00e1ste\u010dn\u00e9 m\u00e1\u010den\u00ed zaji\u0161\u0165uje dobrou prody\u0161nost h\u0159betu ruky a p\u0159itom odolnost na pracovn\u00edch \u010d\u00e1stech rukavic.                            <\/p><\/div>\n","protected":false},"excerpt":{"rendered":"<p>Detailn\u00ed popis produktu Pracovn\u00ed rukavice vyroben\u00e9 z pevn\u00fdch a kvalitn\u00edch materi\u00e1l\u016f pro manipulaci v such\u00e9m prost\u0159ed\u00ed se st\u0159edn\u00ed proti\u0159eznou ochranou. \u010c\u00e1ste\u010dn\u00e9 m\u00e1\u010den\u00ed zaji\u0161\u0165uje dobrou prody\u0161nost h\u0159betu ruky a p\u0159itom odolnost na pracovn\u00edch \u010d\u00e1stech rukavic.<\/p>\n","protected":false},"featured_media":14844,"comment_status":"open","ping_status":"open","template":"","meta":[],"product_brand":[],"product_cat":[59],"product_tag":[],"class_list":{"0":"post-14744","1":"product","2":"type-product","3":"status-publish","4":"has-post-thumbnail","6":"product_cat-ochranne-pomucky","8":"first","9":"instock","10":"sale","11":"shipping-taxable","12":"purchasable","13":"product-type-simple"},"yoast_head":"<!-- This site is optimized with the Yoast SEO plugin v26.8 - https:\/\/yoast.com\/product\/yoast-seo-wordpress\/ -->\n<title>Pracovn\u00ed rukavice JULIUS proti\u0159ezn\u00e9, PES \/ PU 1\/2, vel. XL\/10 | element-shop.cz Novinka -<\/title>\n<meta name=\"robots\" content=\"index, follow, max-snippet:-1, max-image-preview:large, max-video-preview:-1\" \/>\n<link rel=\"canonical\" href=\"https:\/\/www.domkraftpro.com\/index.php\/produkt\/pracovni-rukavice-julius-protirezne-pes-pu-1-2-vel-xl-10-element-shop-cz-novinka-14744\/\" \/>\n<meta property=\"og:locale\" content=\"cs_CZ\" \/>\n<meta property=\"og:type\" content=\"article\" \/>\n<meta property=\"og:title\" content=\"Pracovn\u00ed rukavice JULIUS proti\u0159ezn\u00e9, PES \/ PU 1\/2, vel. XL\/10 | element-shop.cz Novinka -\" \/>\n<meta property=\"og:description\" content=\"Detailn\u00ed popis produktu Pracovn\u00ed rukavice vyroben\u00e9 z pevn\u00fdch a kvalitn\u00edch materi\u00e1l\u016f pro manipulaci v such\u00e9m prost\u0159ed\u00ed se st\u0159edn\u00ed proti\u0159eznou ochranou. \u010c\u00e1ste\u010dn\u00e9 m\u00e1\u010den\u00ed zaji\u0161\u0165uje dobrou prody\u0161nost h\u0159betu ruky a p\u0159itom odolnost na pracovn\u00edch \u010d\u00e1stech rukavic.\" \/>\n<meta property=\"og:url\" content=\"https:\/\/www.domkraftpro.com\/index.php\/produkt\/pracovni-rukavice-julius-protirezne-pes-pu-1-2-vel-xl-10-element-shop-cz-novinka-14744\/\" \/>\n<meta property=\"og:image\" content=\"https:\/\/www.domkraftpro.com\/wp-content\/uploads\/2026\/SK0006849-CZ20260425-092522-0-1777080324-115032_rewrite-106095-a5009xl.webp\" \/>\n\t<meta property=\"og:image:width\" content=\"1000\" \/>\n\t<meta property=\"og:image:height\" content=\"750\" \/>\n\t<meta property=\"og:image:type\" content=\"image\/webp\" \/>\n<meta name=\"twitter:card\" content=\"summary_large_image\" \/>\n<script type=\"application\/ld+json\" class=\"yoast-schema-graph\">{\"@context\":\"https:\/\/schema.org\",\"@graph\":[{\"@type\":\"WebPage\",\"@id\":\"https:\/\/www.domkraftpro.com\/index.php\/produkt\/pracovni-rukavice-julius-protirezne-pes-pu-1-2-vel-xl-10-element-shop-cz-novinka-14744\/\",\"url\":\"https:\/\/www.domkraftpro.com\/index.php\/produkt\/pracovni-rukavice-julius-protirezne-pes-pu-1-2-vel-xl-10-element-shop-cz-novinka-14744\/\",\"name\":\"Pracovn\u00ed rukavice JULIUS proti\u0159ezn\u00e9, PES \/ PU 1\/2, vel. XL\/10 | element-shop.cz Novinka -\",\"isPartOf\":{\"@id\":\"https:\/\/www.domkraftpro.com\/#website\"},\"primaryImageOfPage\":{\"@id\":\"https:\/\/www.domkraftpro.com\/index.php\/produkt\/pracovni-rukavice-julius-protirezne-pes-pu-1-2-vel-xl-10-element-shop-cz-novinka-14744\/#primaryimage\"},\"image\":{\"@id\":\"https:\/\/www.domkraftpro.com\/index.php\/produkt\/pracovni-rukavice-julius-protirezne-pes-pu-1-2-vel-xl-10-element-shop-cz-novinka-14744\/#primaryimage\"},\"thumbnailUrl\":\"https:\/\/www.domkraftpro.com\/wp-content\/uploads\/2026\/SK0006849-CZ20260425-092522-0-1777080324-115032_rewrite-106095-a5009xl.webp\",\"datePublished\":\"2026-04-27T04:40:59+00:00\",\"breadcrumb\":{\"@id\":\"https:\/\/www.domkraftpro.com\/index.php\/produkt\/pracovni-rukavice-julius-protirezne-pes-pu-1-2-vel-xl-10-element-shop-cz-novinka-14744\/#breadcrumb\"},\"inLanguage\":\"cs\",\"potentialAction\":[{\"@type\":\"ReadAction\",\"target\":[\"https:\/\/www.domkraftpro.com\/index.php\/produkt\/pracovni-rukavice-julius-protirezne-pes-pu-1-2-vel-xl-10-element-shop-cz-novinka-14744\/\"]}]},{\"@type\":\"ImageObject\",\"inLanguage\":\"cs\",\"@id\":\"https:\/\/www.domkraftpro.com\/index.php\/produkt\/pracovni-rukavice-julius-protirezne-pes-pu-1-2-vel-xl-10-element-shop-cz-novinka-14744\/#primaryimage\",\"url\":\"https:\/\/www.domkraftpro.com\/wp-content\/uploads\/2026\/SK0006849-CZ20260425-092522-0-1777080324-115032_rewrite-106095-a5009xl.webp\",\"contentUrl\":\"https:\/\/www.domkraftpro.com\/wp-content\/uploads\/2026\/SK0006849-CZ20260425-092522-0-1777080324-115032_rewrite-106095-a5009xl.webp\",\"width\":1000,\"height\":750},{\"@type\":\"BreadcrumbList\",\"@id\":\"https:\/\/www.domkraftpro.com\/index.php\/produkt\/pracovni-rukavice-julius-protirezne-pes-pu-1-2-vel-xl-10-element-shop-cz-novinka-14744\/#breadcrumb\",\"itemListElement\":[{\"@type\":\"ListItem\",\"position\":1,\"name\":\"Home\",\"item\":\"https:\/\/www.domkraftpro.com\/\"},{\"@type\":\"ListItem\",\"position\":2,\"name\":\"Products\",\"item\":\"https:\/\/www.domkraftpro.com\/index.php\/products\/\"},{\"@type\":\"ListItem\",\"position\":3,\"name\":\"Pracovn\u00ed rukavice JULIUS proti\u0159ezn\u00e9, PES \/ PU 1\/2, vel. XL\/10 | element-shop.cz Novinka\"}]},{\"@type\":\"WebSite\",\"@id\":\"https:\/\/www.domkraftpro.com\/#website\",\"url\":\"https:\/\/www.domkraftpro.com\/\",\"name\":\"\",\"description\":\"\",\"potentialAction\":[{\"@type\":\"SearchAction\",\"target\":{\"@type\":\"EntryPoint\",\"urlTemplate\":\"https:\/\/www.domkraftpro.com\/?s={search_term_string}\"},\"query-input\":{\"@type\":\"PropertyValueSpecification\",\"valueRequired\":true,\"valueName\":\"search_term_string\"}}],\"inLanguage\":\"cs\"}]}<\/script>\n<!-- \/ Yoast SEO plugin. -->","yoast_head_json":{"title":"Pracovn\u00ed rukavice JULIUS proti\u0159ezn\u00e9, PES \/ PU 1\/2, vel. XL\/10 | element-shop.cz Novinka -","robots":{"index":"index","follow":"follow","max-snippet":"max-snippet:-1","max-image-preview":"max-image-preview:large","max-video-preview":"max-video-preview:-1"},"canonical":"https:\/\/www.domkraftpro.com\/index.php\/produkt\/pracovni-rukavice-julius-protirezne-pes-pu-1-2-vel-xl-10-element-shop-cz-novinka-14744\/","og_locale":"cs_CZ","og_type":"article","og_title":"Pracovn\u00ed rukavice JULIUS proti\u0159ezn\u00e9, PES \/ PU 1\/2, vel. XL\/10 | element-shop.cz Novinka -","og_description":"Detailn\u00ed popis produktu Pracovn\u00ed rukavice vyroben\u00e9 z pevn\u00fdch a kvalitn\u00edch materi\u00e1l\u016f pro manipulaci v such\u00e9m prost\u0159ed\u00ed se st\u0159edn\u00ed proti\u0159eznou ochranou. \u010c\u00e1ste\u010dn\u00e9 m\u00e1\u010den\u00ed zaji\u0161\u0165uje dobrou prody\u0161nost h\u0159betu ruky a p\u0159itom odolnost na pracovn\u00edch \u010d\u00e1stech rukavic.","og_url":"https:\/\/www.domkraftpro.com\/index.php\/produkt\/pracovni-rukavice-julius-protirezne-pes-pu-1-2-vel-xl-10-element-shop-cz-novinka-14744\/","og_image":[{"width":1000,"height":750,"url":"https:\/\/www.domkraftpro.com\/wp-content\/uploads\/2026\/SK0006849-CZ20260425-092522-0-1777080324-115032_rewrite-106095-a5009xl.webp","type":"image\/webp"}],"twitter_card":"summary_large_image","schema":{"@context":"https:\/\/schema.org","@graph":[{"@type":"WebPage","@id":"https:\/\/www.domkraftpro.com\/index.php\/produkt\/pracovni-rukavice-julius-protirezne-pes-pu-1-2-vel-xl-10-element-shop-cz-novinka-14744\/","url":"https:\/\/www.domkraftpro.com\/index.php\/produkt\/pracovni-rukavice-julius-protirezne-pes-pu-1-2-vel-xl-10-element-shop-cz-novinka-14744\/","name":"Pracovn\u00ed rukavice JULIUS proti\u0159ezn\u00e9, PES \/ PU 1\/2, vel. XL\/10 | element-shop.cz Novinka -","isPartOf":{"@id":"https:\/\/www.domkraftpro.com\/#website"},"primaryImageOfPage":{"@id":"https:\/\/www.domkraftpro.com\/index.php\/produkt\/pracovni-rukavice-julius-protirezne-pes-pu-1-2-vel-xl-10-element-shop-cz-novinka-14744\/#primaryimage"},"image":{"@id":"https:\/\/www.domkraftpro.com\/index.php\/produkt\/pracovni-rukavice-julius-protirezne-pes-pu-1-2-vel-xl-10-element-shop-cz-novinka-14744\/#primaryimage"},"thumbnailUrl":"https:\/\/www.domkraftpro.com\/wp-content\/uploads\/2026\/SK0006849-CZ20260425-092522-0-1777080324-115032_rewrite-106095-a5009xl.webp","datePublished":"2026-04-27T04:40:59+00:00","breadcrumb":{"@id":"https:\/\/www.domkraftpro.com\/index.php\/produkt\/pracovni-rukavice-julius-protirezne-pes-pu-1-2-vel-xl-10-element-shop-cz-novinka-14744\/#breadcrumb"},"inLanguage":"cs","potentialAction":[{"@type":"ReadAction","target":["https:\/\/www.domkraftpro.com\/index.php\/produkt\/pracovni-rukavice-julius-protirezne-pes-pu-1-2-vel-xl-10-element-shop-cz-novinka-14744\/"]}]},{"@type":"ImageObject","inLanguage":"cs","@id":"https:\/\/www.domkraftpro.com\/index.php\/produkt\/pracovni-rukavice-julius-protirezne-pes-pu-1-2-vel-xl-10-element-shop-cz-novinka-14744\/#primaryimage","url":"https:\/\/www.domkraftpro.com\/wp-content\/uploads\/2026\/SK0006849-CZ20260425-092522-0-1777080324-115032_rewrite-106095-a5009xl.webp","contentUrl":"https:\/\/www.domkraftpro.com\/wp-content\/uploads\/2026\/SK0006849-CZ20260425-092522-0-1777080324-115032_rewrite-106095-a5009xl.webp","width":1000,"height":750},{"@type":"BreadcrumbList","@id":"https:\/\/www.domkraftpro.com\/index.php\/produkt\/pracovni-rukavice-julius-protirezne-pes-pu-1-2-vel-xl-10-element-shop-cz-novinka-14744\/#breadcrumb","itemListElement":[{"@type":"ListItem","position":1,"name":"Home","item":"https:\/\/www.domkraftpro.com\/"},{"@type":"ListItem","position":2,"name":"Products","item":"https:\/\/www.domkraftpro.com\/index.php\/products\/"},{"@type":"ListItem","position":3,"name":"Pracovn\u00ed rukavice JULIUS proti\u0159ezn\u00e9, PES \/ PU 1\/2, vel. XL\/10 | element-shop.cz Novinka"}]},{"@type":"WebSite","@id":"https:\/\/www.domkraftpro.com\/#website","url":"https:\/\/www.domkraftpro.com\/","name":"","description":"","potentialAction":[{"@type":"SearchAction","target":{"@type":"EntryPoint","urlTemplate":"https:\/\/www.domkraftpro.com\/?s={search_term_string}"},"query-input":{"@type":"PropertyValueSpecification","valueRequired":true,"valueName":"search_term_string"}}],"inLanguage":"cs"}]}},"_links":{"self":[{"href":"https:\/\/www.domkraftpro.com\/index.php\/wp-json\/wp\/v2\/product\/14744","targetHints":{"allow":["GET"]}}],"collection":[{"href":"https:\/\/www.domkraftpro.com\/index.php\/wp-json\/wp\/v2\/product"}],"about":[{"href":"https:\/\/www.domkraftpro.com\/index.php\/wp-json\/wp\/v2\/types\/product"}],"replies":[{"embeddable":true,"href":"https:\/\/www.domkraftpro.com\/index.php\/wp-json\/wp\/v2\/comments?post=14744"}],"wp:featuredmedia":[{"embeddable":true,"href":"https:\/\/www.domkraftpro.com\/index.php\/wp-json\/wp\/v2\/media\/14844"}],"wp:attachment":[{"href":"https:\/\/www.domkraftpro.com\/index.php\/wp-json\/wp\/v2\/media?parent=14744"}],"wp:term":[{"taxonomy":"product_brand","embeddable":true,"href":"https:\/\/www.domkraftpro.com\/index.php\/wp-json\/wp\/v2\/product_brand?post=14744"},{"taxonomy":"product_cat","embeddable":true,"href":"https:\/\/www.domkraftpro.com\/index.php\/wp-json\/wp\/v2\/product_cat?post=14744"},{"taxonomy":"product_tag","embeddable":true,"href":"https:\/\/www.domkraftpro.com\/index.php\/wp-json\/wp\/v2\/product_tag?post=14744"}],"curies":[{"name":"wp","href":"https:\/\/api.w.org\/{rel}","templated":true}]}}