{"id":14734,"date":"2026-04-27T04:40:59","date_gmt":"2026-04-27T04:40:59","guid":{"rendered":""},"modified":"2026-04-27T04:40:59","modified_gmt":"2026-04-27T04:40:59","slug":"pouze-dnes-eternal-r-lak-na-beton-14734","status":"publish","type":"product","link":"https:\/\/www.domkraftpro.com\/index.php\/produkt\/pouze-dnes-eternal-r-lak-na-beton-14734\/","title":{"rendered":"Pouze Dnes ETERNAL\u00ae Lak na beton"},"content":{"rendered":"<div class=\"basic-description\">\n<h3>Detailn\u00ed popis produktu<\/h3>\n<h1><strong>ETERNAL\u00ae <span class=\"show-tooltip\" title=\"Lak je povlak nebo n\u00e1t\u011br, kter\u00fd se nan\u00e1\u0161\u00ed na povrchy s c\u00edlem zv\u00fd\u0161it jejich odolnost, estetick\u00fd vzhled nebo ochranu. Existuje mnoho r\u016fzn\u00fdch typ\u016f lak\u016f, z nich\u017e ka\u017ed\u00fd je ur\u010den pro specifick\u00e9 pou\u017eit\u00ed a materi\u00e1ly:Vodou \u0159editeln\u00fd lak: Typ&amp;hellip;\">Lak<\/span> na <span class=\"show-tooltip\" title=\"Beton je stavebn\u00ed materi\u00e1l slo\u017een\u00fd z n\u011bkolika z\u00e1kladn\u00edch slo\u017eek, v\u010detn\u011b cementu, vody, p\u00edsku (nebo jemn\u00e9ho \u0161t\u011brku) a hrub\u00e9ho \u0161t\u011brku nebo kamene. Tato sm\u011bs se pe\u010dliv\u011b prom\u00edch\u00e1 a pot\u00e9 ztvrdne a z\u00edsk\u00e1 pevnou a odolnou strukturu. Beton je&amp;hellip;\">beton<\/span><\/strong><\/h1>\n<div><strong>\u058d Bezrozpou\u0161t\u011bdlov\u00fd, vysokoz\u00e1t\u011b\u017eov\u00fd lak ur\u010den\u00fd pro <span class=\"show-tooltip\" title=\"Impregnace je obecn\u011b proces nebo postup aplikace l\u00e1tky na materi\u00e1l s c\u00edlem zlep\u0161it jeho vlastnosti nebo ochr\u00e1nit ho p\u0159ed vn\u011bj\u0161\u00edmi vlivy. Impregnace m\u016f\u017ee b\u00fdt pou\u017eita v r\u016fzn\u00fdch kontextech a na r\u016fzn\u00e9 materi\u00e1ly, a to s ohledem na po\u017eadovan\u00fd&amp;hellip;\">impregna\u010dn\u00ed<\/span> a tenkovrstv\u00e9 n\u00e1t\u011bry miner\u00e1ln\u00edch podklad\u016f jak v interi\u00e9ru, tak i v exteri\u00e9ru. <\/strong><\/div>\n<div><strong>\u058d S vynikaj\u00edc\u00edmi vlastnostmi je vhodn\u00fd zejm\u00e9na pro m\u00edsta pod vysokou z\u00e1t\u011b\u017e\u00ed, jako jsou skladi\u0161t\u011b, d\u00edlny, v\u00fdstavn\u00ed prostory a prodejny.<\/strong><\/div>\n<div>\u00a0<\/div>\n<div><strong>Univerz\u00e1ln\u00ed pou\u017eit\u00ed:<\/strong> Ur\u010den k povrchov\u00e9 \u00faprav\u011b betonu, <span class=\"show-tooltip\" title=\"&amp;nbsp;Mramor je metamorfovan\u00e1 hornina, kter\u00e1 vznikla p\u0159em\u011bnou v\u00e1pence nebo dolomitu vlivem vysok\u00e9ho tlaku a teploty. Je tvo\u0159en p\u0159ev\u00e1\u017en\u011b krystalick\u00fdm uhli\u010ditanem v\u00e1penat\u00fdm (CaCO\u2083) a je cen\u011bn pro sv\u016fj dekorativn\u00ed vzhled a mo\u017enost le\u0161t\u011bn\u00ed&amp;hellip;\">mramoru<\/span>, betonov\u00fdch a kamenn\u00fdch dla\u017edic, obklad\u016f z betonu, <span class=\"show-tooltip\" title=\"P\u0159\u00edrodn\u00ed k\u00e1men je geologick\u00fd materi\u00e1l tvo\u0159en\u00fd miner\u00e1ly, kter\u00e9 vytv\u00e1\u0159ej\u00ed kompaktn\u00ed hmotu p\u0159\u00edrodn\u00edho p\u016fvodu.&amp;nbsp;Je to jedine\u010dn\u00fd stavebn\u00ed materi\u00e1l, kter\u00fd se vyzna\u010duje kr\u00e1sou, odolnost\u00ed a trvanlivost\u00ed.P\u0159\u00edrodn\u00ed k\u00e1men se b\u011b\u017en\u011b pou\u017e\u00edv\u00e1 v&amp;hellip;\">p\u0159\u00edrodn\u00edho kamene<\/span> \u010di teraca.<\/div>\n<div><strong>Vysokoz\u00e1t\u011b\u017eov\u00fd a <span class=\"show-tooltip\" title=\"Trvanlivost je schopnost materi\u00e1lu, v\u00fdrobku nebo syst\u00e9mu zachovat sv\u00e9 fyzik\u00e1ln\u00ed, chemick\u00e9 nebo mechanick\u00e9 vlastnosti a plnit svou funkci po ur\u010ditou dobu nebo za ur\u010dit\u00fdch podm\u00ednek. Tento term\u00edn se \u010dasto pou\u017e\u00edv\u00e1 v r\u016fzn\u00fdch odv\u011btv\u00edch a kontextech k&amp;hellip;\">trvanliv\u00fd<\/span>:<\/strong> D\u00edky sv\u00fdm speci\u00e1ln\u00edm vlastnostem je ide\u00e1ln\u00ed pro plochy vystaven\u00e9 vysok\u00e9 z\u00e1t\u011b\u017ei, zaji\u0161\u0165uje extr\u00e9mn\u00ed chemickou a tepelnou odolnost.<\/div>\n<div><strong>Leskl\u00fd transparentn\u00ed film:<\/strong> Po zaschnut\u00ed vytv\u00e1\u0159\u00ed exklusivn\u011b leskl\u00fd, tvrd\u00fd, transparentn\u00ed film s protiskluzn\u00fdmi vlastnostmi.<\/div>\n<div><strong>Snadn\u00e1 \u00fadr\u017eba:<\/strong> O\u0161et\u0159en\u00fd povrch usnad\u0148uje \u00fadr\u017ebu betonov\u00fdch ploch, co\u017e je ide\u00e1ln\u00ed pro prost\u0159ed\u00ed s vysok\u00fdm provozem.<\/div>\n<div><strong>N\u00edzk\u00e1 <span class=\"show-tooltip\" title=\"Spot\u0159eba materi\u00e1lu je m\u011b\u0159en\u00ed mno\u017estv\u00ed surovin, komponent\u016f nebo materi\u00e1l\u016f, kter\u00e9 jsou pou\u017eity p\u0159i v\u00fdrob\u011b, konstrukci, instalaci, aplikaci nebo provozu n\u011bjak\u00e9ho v\u00fdrobku, za\u0159\u00edzen\u00ed nebo syst\u00e9mu.Spot\u0159eba materi\u00e1lu m\u016f\u017ee b\u00fdt vyj\u00e1d\u0159ena v r\u016fzn\u00fdch&amp;hellip;\">spot\u0159eba<\/span>:<\/strong> Vyzna\u010duje se velmi n\u00edzkou spot\u0159ebou, co\u017e zaji\u0161\u0165uje efektivn\u00ed pokryt\u00ed n\u00e1t\u011brem.<\/div>\n<div><strong>Aplikace <span class=\"show-tooltip\" title=\"\u0160t\u011btec je n\u00e1stroj pou\u017e\u00edvan\u00fd pro malov\u00e1n\u00ed, nan\u00e1\u0161en\u00ed laku, barvy, lepidel nebo jin\u00fdch podobn\u00fdch l\u00e1tek na povrchy. Skl\u00e1d\u00e1 se z h\u0159betu (t\u011bla) a chlup\u016f (vl\u00e1ken), kter\u00e9 jsou p\u0159ipevn\u011bny k h\u0159betu. Chlupy mohou b\u00fdt vyrobeny z r\u016fzn\u00fdch materi\u00e1l\u016f, jako&amp;hellip;\">\u0161t\u011btcem<\/span>, v\u00e1le\u010dkem, st\u0159\u00edk\u00e1n\u00edm:<\/strong> Snadn\u00e1 aplikace umo\u017e\u0148uje pou\u017eit\u00ed \u0161t\u011btce, v\u00e1le\u010dku nebo st\u0159\u00edk\u00e1n\u00edm dle preference.<\/div>\n<div>\u00a0<\/div>\n<div><span style=\"font-size: 12pt;\"><strong>Aplikace<\/strong><\/span><\/div>\n<div>\u00a0<\/div>\n<div><strong>Dvouvrstv\u00e1 aplikace:<\/strong> Nan\u00e1\u0161\u00ed se ve dvou vrstv\u00e1ch v dodan\u00e9 konzistenci. Nen\u00ed \u0159editeln\u00fd <span class=\"show-tooltip\" title=\"Voda,&amp;nbsp;chemick\u00fdm vzorcem&amp;nbsp;H2O,&amp;nbsp;systematick\u00fd n\u00e1zev&amp;nbsp;oxidan, je&amp;nbsp;chemick\u00e1 slou\u010denina&amp;nbsp;vod\u00edku&amp;nbsp;a&amp;nbsp;kysl\u00edku. Spolu se&amp;nbsp;vzduchem, resp.&amp;nbsp;zemskou atmosf\u00e9rou, tvo\u0159\u00ed z\u00e1kladn\u00ed podm\u00ednky pro&amp;hellip;\">vodou<\/span>.<\/div>\n<div><strong>Podklad:<\/strong> M\u016f\u017ee b\u00fdt pou\u017eit i na ne zcela vyzr\u00e1l\u00fd beton (cca 7 dn\u00ed zr\u00e1n\u00ed), ale podklad mus\u00ed b\u00fdt such\u00fd, <span class=\"show-tooltip\" title=\"Pevnost je materi\u00e1lov\u00e1 vlastnost charakterizuj\u00edc\u00ed schopnost materi\u00e1lu odol\u00e1vat vn\u011bj\u0161\u00edm sil\u00e1m, kter\u00e9 by mohly zp\u016fsobit jeho deformaci, roztr\u017een\u00ed nebo jin\u00e9 formy selh\u00e1n\u00ed.Pevnost je z\u00e1kladn\u00edm parametrem pro posouzen\u00ed odolnosti materi\u00e1l\u016f v konstrukci a&amp;hellip;\">pevn\u00fd<\/span>, soudr\u017en\u00fd, odma\u0161t\u011bn\u00fd a o\u010di\u0161t\u011bn\u00fd od voln\u00fdch <span class=\"show-tooltip\" title=\"Mechanika je v\u011bdn\u00ed obor, kter\u00fd se zab\u00fdv\u00e1 studiem pohybu a rovnov\u00e1hy t\u011bles, a to jak v klidu, tak v pohybu. Tento obor se rozd\u011bluje do n\u011bkolika hlavn\u00edch oblast\u00ed, kter\u00e9 se li\u0161\u00ed podle typ\u016f sil, pohybov\u00fdch vzorc\u016f a aplikac\u00ed.&amp;nbsp;Mechanika je&amp;hellip;\">mechanick\u00fdch<\/span> \u010d\u00e1stic a star\u00fdch n\u00e1t\u011br\u016f.<\/div>\n<div><strong>Nan\u00e1\u0161en\u00ed:<\/strong> D\u016fkladn\u011b prom\u00edchat a nan\u00e1\u0161et pomoc\u00ed \u0161t\u011btce \u010di v\u00e1le\u010dku s kr\u00e1tk\u00fdm chlupem (nap\u0159. Velur). Mo\u017en\u00e1 je i aplikace st\u0159\u00edk\u00e1n\u00edm.<\/div>\n<div><strong>Technologick\u00e1 p\u0159est\u00e1vka:<\/strong> Mezi n\u00e1t\u011bry je doporu\u010dena technologick\u00e1 p\u0159est\u00e1vka 2 hodiny. Film m\u016f\u017ee vykazovat nehomogenn\u00ed vzhled po prvn\u00ed vrstv\u011b, kter\u00fd se sjednot\u00ed po zaschnut\u00ed druh\u00e9 vrstvy.<\/div>\n<div><strong>Spot\u0159eba:<\/strong> 0,08 \u2013 0,12 kg\/m\u00b2 ve dvou vrstv\u00e1ch, v z\u00e1vislosti na savosti a struktu\u0159e podkladu.<\/div>\n<div><strong>V\u011btr\u00e1n\u00ed:<\/strong> Zajist\u011bte dostate\u010dn\u00e9 v\u011btr\u00e1n\u00ed b\u011bhem aplikace a minim\u00e1ln\u011b 2 hodiny po ukon\u010den\u00ed.<\/div>\n<div><strong>\u010ci\u0161t\u011bn\u00ed <span class=\"show-tooltip\" title=\"N\u00e1stroj&amp;nbsp;je pracovn\u00ed prost\u0159edek, pom\u016fcka k zpracov\u00e1n\u00ed n\u011b\u010deho (pracovn\u00ed n\u00e1stroj, \u0159emeslnick\u00fd n\u00e1stroj, chirurgick\u00fd n\u00e1stroj aj.), p\u0159\u00edp. v\u00fdrobn\u00ed pom\u016fcka slou\u017e\u00edc\u00ed p\u0159i ru\u010dn\u00edm nebo strojn\u00edm obr\u00e1b\u011bn\u00ed ke zm\u011bn\u011b velikosti nebo tvaru opracov\u00e1van\u00e9ho&amp;hellip;\">n\u00e1\u0159ad\u00ed<\/span>:<\/strong> N\u00e1\u0159ad\u00ed je nutn\u00e9 ihned po aplikaci um\u00fdt technick\u00fdm benz\u00ednem \u010di jin\u00fdmi <span class=\"show-tooltip\" title=\"Rozpou\u0161t\u011bdlo je l\u00e1tka, obvykle kapalina, schopn\u00e1 rozpou\u0161t\u011bt nebo dispergovat jinou l\u00e1tku, kter\u00e1 se naz\u00fdv\u00e1 rozpou\u0161t\u011bn\u00e1 l\u00e1tka. Tento proces je zn\u00e1m\u00fd jako rozpou\u0161t\u011bn\u00ed. Rozpou\u0161t\u011bdla jsou \u010dasto pou\u017e\u00edv\u00e1na v chemii, pr\u016fmyslu, lakovn\u00e1ch, farmacii a dal\u0161\u00edch&amp;hellip;\">rozpou\u0161t\u011bdly<\/span> na podobn\u00e9 b\u00e1zi.<\/div>\n<div><strong>Upozorn\u011bn\u00ed:<\/strong><\/div>\n<div>P\u0159i aplikaci se \u0159i\u010fte \u00fadaji v technick\u00e9m listu v\u00fdrobku.\u00a0<\/div>\n<div><strong>Velikosti balen\u00ed:<\/strong> 0,75 kg, 2,5 kg<\/div>\n<div><strong>V\u00fdrobce:<\/strong> AUSTIS a.s., \u010cesk\u00e1 republika<\/div>\n<div>\u00a0<\/div>\n<div><\/div>\n<\/p><\/div>\n","protected":false},"excerpt":{"rendered":"<p>Detailn\u00ed popis produktu ETERNAL\u00ae Lak na beton \u058d Bezrozpou\u0161t\u011bdlov\u00fd, vysokoz\u00e1t\u011b\u017eov\u00fd lak ur\u010den\u00fd pro impregna\u010dn\u00ed a tenkovrstv\u00e9 n\u00e1t\u011bry miner\u00e1ln\u00edch podklad\u016f jak v interi\u00e9ru, tak i v exteri\u00e9ru. \u058d S vynikaj\u00edc\u00edmi vlastnostmi je vhodn\u00fd zejm\u00e9na pro m\u00edsta pod vysokou z\u00e1t\u011b\u017e\u00ed, jako jsou skladi\u0161t\u011b, d\u00edlny, v\u00fdstavn\u00ed prostory a prodejny. \u00a0 Univerz\u00e1ln\u00ed pou\u017eit\u00ed: Ur\u010den k povrchov\u00e9 \u00faprav\u011b betonu, mramoru, [&hellip;]<\/p>\n","protected":false},"featured_media":14834,"comment_status":"open","ping_status":"open","template":"","meta":[],"product_brand":[],"product_cat":[62],"product_tag":[],"class_list":{"0":"post-14734","1":"product","2":"type-product","3":"status-publish","4":"has-post-thumbnail","6":"product_cat-barvy-amp-laky","8":"first","9":"instock","10":"sale","11":"shipping-taxable","12":"purchasable","13":"product-type-simple"},"yoast_head":"<!-- This site is optimized with the Yoast SEO plugin v26.8 - https:\/\/yoast.com\/product\/yoast-seo-wordpress\/ -->\n<title>Pouze Dnes ETERNAL\u00ae Lak na beton -<\/title>\n<meta name=\"robots\" content=\"index, follow, max-snippet:-1, max-image-preview:large, max-video-preview:-1\" \/>\n<link rel=\"canonical\" href=\"https:\/\/www.domkraftpro.com\/index.php\/produkt\/pouze-dnes-eternal-r-lak-na-beton-14734\/\" \/>\n<meta property=\"og:locale\" content=\"cs_CZ\" \/>\n<meta property=\"og:type\" content=\"article\" \/>\n<meta property=\"og:title\" content=\"Pouze Dnes ETERNAL\u00ae Lak na beton -\" \/>\n<meta property=\"og:description\" content=\"Detailn\u00ed popis produktu ETERNAL\u00ae Lak na beton \u058d Bezrozpou\u0161t\u011bdlov\u00fd, vysokoz\u00e1t\u011b\u017eov\u00fd lak ur\u010den\u00fd pro impregna\u010dn\u00ed a tenkovrstv\u00e9 n\u00e1t\u011bry miner\u00e1ln\u00edch podklad\u016f jak v interi\u00e9ru, tak i v exteri\u00e9ru. \u058d S vynikaj\u00edc\u00edmi vlastnostmi je vhodn\u00fd zejm\u00e9na pro m\u00edsta pod vysokou z\u00e1t\u011b\u017e\u00ed, jako jsou skladi\u0161t\u011b, d\u00edlny, v\u00fdstavn\u00ed prostory a prodejny. \u00a0 Univerz\u00e1ln\u00ed pou\u017eit\u00ed: Ur\u010den k povrchov\u00e9 \u00faprav\u011b betonu, mramoru, [&hellip;]\" \/>\n<meta property=\"og:url\" content=\"https:\/\/www.domkraftpro.com\/index.php\/produkt\/pouze-dnes-eternal-r-lak-na-beton-14734\/\" \/>\n<meta property=\"og:image\" content=\"https:\/\/www.domkraftpro.com\/wp-content\/uploads\/2026\/SK0006839-CZ20260425-092522-0-1777080324-115002-1_eternal-lak-na-beton.webp\" \/>\n\t<meta property=\"og:image:width\" content=\"1000\" \/>\n\t<meta property=\"og:image:height\" content=\"750\" \/>\n\t<meta property=\"og:image:type\" content=\"image\/webp\" \/>\n<meta name=\"twitter:card\" content=\"summary_large_image\" \/>\n<meta name=\"twitter:label1\" content=\"Odhadovan\u00e1 doba \u010dten\u00ed\" \/>\n\t<meta name=\"twitter:data1\" content=\"2 minuty\" \/>\n<script type=\"application\/ld+json\" class=\"yoast-schema-graph\">{\"@context\":\"https:\/\/schema.org\",\"@graph\":[{\"@type\":\"WebPage\",\"@id\":\"https:\/\/www.domkraftpro.com\/index.php\/produkt\/pouze-dnes-eternal-r-lak-na-beton-14734\/\",\"url\":\"https:\/\/www.domkraftpro.com\/index.php\/produkt\/pouze-dnes-eternal-r-lak-na-beton-14734\/\",\"name\":\"Pouze Dnes ETERNAL\u00ae Lak na beton -\",\"isPartOf\":{\"@id\":\"https:\/\/www.domkraftpro.com\/#website\"},\"primaryImageOfPage\":{\"@id\":\"https:\/\/www.domkraftpro.com\/index.php\/produkt\/pouze-dnes-eternal-r-lak-na-beton-14734\/#primaryimage\"},\"image\":{\"@id\":\"https:\/\/www.domkraftpro.com\/index.php\/produkt\/pouze-dnes-eternal-r-lak-na-beton-14734\/#primaryimage\"},\"thumbnailUrl\":\"https:\/\/www.domkraftpro.com\/wp-content\/uploads\/2026\/SK0006839-CZ20260425-092522-0-1777080324-115002-1_eternal-lak-na-beton.webp\",\"datePublished\":\"2026-04-27T04:40:59+00:00\",\"breadcrumb\":{\"@id\":\"https:\/\/www.domkraftpro.com\/index.php\/produkt\/pouze-dnes-eternal-r-lak-na-beton-14734\/#breadcrumb\"},\"inLanguage\":\"cs\",\"potentialAction\":[{\"@type\":\"ReadAction\",\"target\":[\"https:\/\/www.domkraftpro.com\/index.php\/produkt\/pouze-dnes-eternal-r-lak-na-beton-14734\/\"]}]},{\"@type\":\"ImageObject\",\"inLanguage\":\"cs\",\"@id\":\"https:\/\/www.domkraftpro.com\/index.php\/produkt\/pouze-dnes-eternal-r-lak-na-beton-14734\/#primaryimage\",\"url\":\"https:\/\/www.domkraftpro.com\/wp-content\/uploads\/2026\/SK0006839-CZ20260425-092522-0-1777080324-115002-1_eternal-lak-na-beton.webp\",\"contentUrl\":\"https:\/\/www.domkraftpro.com\/wp-content\/uploads\/2026\/SK0006839-CZ20260425-092522-0-1777080324-115002-1_eternal-lak-na-beton.webp\",\"width\":1000,\"height\":750},{\"@type\":\"BreadcrumbList\",\"@id\":\"https:\/\/www.domkraftpro.com\/index.php\/produkt\/pouze-dnes-eternal-r-lak-na-beton-14734\/#breadcrumb\",\"itemListElement\":[{\"@type\":\"ListItem\",\"position\":1,\"name\":\"Home\",\"item\":\"https:\/\/www.domkraftpro.com\/\"},{\"@type\":\"ListItem\",\"position\":2,\"name\":\"Products\",\"item\":\"https:\/\/www.domkraftpro.com\/index.php\/products\/\"},{\"@type\":\"ListItem\",\"position\":3,\"name\":\"Pouze Dnes ETERNAL\u00ae Lak na beton\"}]},{\"@type\":\"WebSite\",\"@id\":\"https:\/\/www.domkraftpro.com\/#website\",\"url\":\"https:\/\/www.domkraftpro.com\/\",\"name\":\"\",\"description\":\"\",\"potentialAction\":[{\"@type\":\"SearchAction\",\"target\":{\"@type\":\"EntryPoint\",\"urlTemplate\":\"https:\/\/www.domkraftpro.com\/?s={search_term_string}\"},\"query-input\":{\"@type\":\"PropertyValueSpecification\",\"valueRequired\":true,\"valueName\":\"search_term_string\"}}],\"inLanguage\":\"cs\"}]}<\/script>\n<!-- \/ Yoast SEO plugin. -->","yoast_head_json":{"title":"Pouze Dnes ETERNAL\u00ae Lak na beton -","robots":{"index":"index","follow":"follow","max-snippet":"max-snippet:-1","max-image-preview":"max-image-preview:large","max-video-preview":"max-video-preview:-1"},"canonical":"https:\/\/www.domkraftpro.com\/index.php\/produkt\/pouze-dnes-eternal-r-lak-na-beton-14734\/","og_locale":"cs_CZ","og_type":"article","og_title":"Pouze Dnes ETERNAL\u00ae Lak na beton -","og_description":"Detailn\u00ed popis produktu ETERNAL\u00ae Lak na beton \u058d Bezrozpou\u0161t\u011bdlov\u00fd, vysokoz\u00e1t\u011b\u017eov\u00fd lak ur\u010den\u00fd pro impregna\u010dn\u00ed a tenkovrstv\u00e9 n\u00e1t\u011bry miner\u00e1ln\u00edch podklad\u016f jak v interi\u00e9ru, tak i v exteri\u00e9ru. \u058d S vynikaj\u00edc\u00edmi vlastnostmi je vhodn\u00fd zejm\u00e9na pro m\u00edsta pod vysokou z\u00e1t\u011b\u017e\u00ed, jako jsou skladi\u0161t\u011b, d\u00edlny, v\u00fdstavn\u00ed prostory a prodejny. \u00a0 Univerz\u00e1ln\u00ed pou\u017eit\u00ed: Ur\u010den k povrchov\u00e9 \u00faprav\u011b betonu, mramoru, [&hellip;]","og_url":"https:\/\/www.domkraftpro.com\/index.php\/produkt\/pouze-dnes-eternal-r-lak-na-beton-14734\/","og_image":[{"width":1000,"height":750,"url":"https:\/\/www.domkraftpro.com\/wp-content\/uploads\/2026\/SK0006839-CZ20260425-092522-0-1777080324-115002-1_eternal-lak-na-beton.webp","type":"image\/webp"}],"twitter_card":"summary_large_image","twitter_misc":{"Odhadovan\u00e1 doba \u010dten\u00ed":"2 minuty"},"schema":{"@context":"https:\/\/schema.org","@graph":[{"@type":"WebPage","@id":"https:\/\/www.domkraftpro.com\/index.php\/produkt\/pouze-dnes-eternal-r-lak-na-beton-14734\/","url":"https:\/\/www.domkraftpro.com\/index.php\/produkt\/pouze-dnes-eternal-r-lak-na-beton-14734\/","name":"Pouze Dnes ETERNAL\u00ae Lak na beton -","isPartOf":{"@id":"https:\/\/www.domkraftpro.com\/#website"},"primaryImageOfPage":{"@id":"https:\/\/www.domkraftpro.com\/index.php\/produkt\/pouze-dnes-eternal-r-lak-na-beton-14734\/#primaryimage"},"image":{"@id":"https:\/\/www.domkraftpro.com\/index.php\/produkt\/pouze-dnes-eternal-r-lak-na-beton-14734\/#primaryimage"},"thumbnailUrl":"https:\/\/www.domkraftpro.com\/wp-content\/uploads\/2026\/SK0006839-CZ20260425-092522-0-1777080324-115002-1_eternal-lak-na-beton.webp","datePublished":"2026-04-27T04:40:59+00:00","breadcrumb":{"@id":"https:\/\/www.domkraftpro.com\/index.php\/produkt\/pouze-dnes-eternal-r-lak-na-beton-14734\/#breadcrumb"},"inLanguage":"cs","potentialAction":[{"@type":"ReadAction","target":["https:\/\/www.domkraftpro.com\/index.php\/produkt\/pouze-dnes-eternal-r-lak-na-beton-14734\/"]}]},{"@type":"ImageObject","inLanguage":"cs","@id":"https:\/\/www.domkraftpro.com\/index.php\/produkt\/pouze-dnes-eternal-r-lak-na-beton-14734\/#primaryimage","url":"https:\/\/www.domkraftpro.com\/wp-content\/uploads\/2026\/SK0006839-CZ20260425-092522-0-1777080324-115002-1_eternal-lak-na-beton.webp","contentUrl":"https:\/\/www.domkraftpro.com\/wp-content\/uploads\/2026\/SK0006839-CZ20260425-092522-0-1777080324-115002-1_eternal-lak-na-beton.webp","width":1000,"height":750},{"@type":"BreadcrumbList","@id":"https:\/\/www.domkraftpro.com\/index.php\/produkt\/pouze-dnes-eternal-r-lak-na-beton-14734\/#breadcrumb","itemListElement":[{"@type":"ListItem","position":1,"name":"Home","item":"https:\/\/www.domkraftpro.com\/"},{"@type":"ListItem","position":2,"name":"Products","item":"https:\/\/www.domkraftpro.com\/index.php\/products\/"},{"@type":"ListItem","position":3,"name":"Pouze Dnes ETERNAL\u00ae Lak na beton"}]},{"@type":"WebSite","@id":"https:\/\/www.domkraftpro.com\/#website","url":"https:\/\/www.domkraftpro.com\/","name":"","description":"","potentialAction":[{"@type":"SearchAction","target":{"@type":"EntryPoint","urlTemplate":"https:\/\/www.domkraftpro.com\/?s={search_term_string}"},"query-input":{"@type":"PropertyValueSpecification","valueRequired":true,"valueName":"search_term_string"}}],"inLanguage":"cs"}]}},"_links":{"self":[{"href":"https:\/\/www.domkraftpro.com\/index.php\/wp-json\/wp\/v2\/product\/14734","targetHints":{"allow":["GET"]}}],"collection":[{"href":"https:\/\/www.domkraftpro.com\/index.php\/wp-json\/wp\/v2\/product"}],"about":[{"href":"https:\/\/www.domkraftpro.com\/index.php\/wp-json\/wp\/v2\/types\/product"}],"replies":[{"embeddable":true,"href":"https:\/\/www.domkraftpro.com\/index.php\/wp-json\/wp\/v2\/comments?post=14734"}],"wp:featuredmedia":[{"embeddable":true,"href":"https:\/\/www.domkraftpro.com\/index.php\/wp-json\/wp\/v2\/media\/14834"}],"wp:attachment":[{"href":"https:\/\/www.domkraftpro.com\/index.php\/wp-json\/wp\/v2\/media?parent=14734"}],"wp:term":[{"taxonomy":"product_brand","embeddable":true,"href":"https:\/\/www.domkraftpro.com\/index.php\/wp-json\/wp\/v2\/product_brand?post=14734"},{"taxonomy":"product_cat","embeddable":true,"href":"https:\/\/www.domkraftpro.com\/index.php\/wp-json\/wp\/v2\/product_cat?post=14734"},{"taxonomy":"product_tag","embeddable":true,"href":"https:\/\/www.domkraftpro.com\/index.php\/wp-json\/wp\/v2\/product_tag?post=14734"}],"curies":[{"name":"wp","href":"https:\/\/api.w.org\/{rel}","templated":true}]}}