{"id":14731,"date":"2026-04-27T04:40:59","date_gmt":"2026-04-27T04:40:59","guid":{"rendered":""},"modified":"2026-04-27T04:40:59","modified_gmt":"2026-04-27T04:40:59","slug":"levny-vitex-r-gypsum-board-primer-penetrace-na-sadrokarton-10-l-14731","status":"publish","type":"product","link":"https:\/\/www.domkraftpro.com\/index.php\/produkt\/levny-vitex-r-gypsum-board-primer-penetrace-na-sadrokarton-10-l-14731\/","title":{"rendered":"Levn\u00fd VITEX\u00ae GYPSUM BOARD Primer Penetrace na s\u00e1drokarton, 10 l"},"content":{"rendered":"<div class=\"basic-description\">\n<h3>Detailn\u00ed popis produktu<\/h3>\n<h1><strong>Vitex\u00a0Gypsum Board Primer <\/strong><\/h1>\n<div><strong><span style=\"font-family: 'Exo 2', sans-serif; font-size: 11pt;\">\u058d Ide\u00e1ln\u00ed volba pro p\u0159\u00edpravu <span class=\"show-tooltip\" title=\"S\u00e1drokarton je stavebn\u00ed materi\u00e1l slo\u017een\u00fd z vrstev s\u00e1dry (gipsu) spojen\u00fdch mezi dv\u011bma vrstvami pevn\u00e9ho pap\u00edru.&amp;nbsp;Tento materi\u00e1l kombinuje lehkost, pevnost a snadnou manipulaci, co\u017e ho \u010din\u00ed popul\u00e1rn\u00edm pro vnit\u0159n\u00ed stavebn\u00ed \u00fapravy.S\u00e1drokarton se&amp;hellip;\">s\u00e1drokartonov\u00fdch<\/span> povrch\u016f p\u0159ed n\u00e1t\u011brem, p\u0159i\u010dem\u017e zaru\u010duje rovnom\u011brnou absorpci a v\u00fdbornou <span class=\"show-tooltip\" title=\"Stupe\u0148 p\u0159ipevn\u011bn\u00ed n\u00e1t\u011bru k povrchu. Kvalita nebo stupe\u0148 p\u0159ipevn\u011bn\u00ed mezi povlakem barvy a povrchem nebo barvou pod n\u00edm. Schopnost such\u00e9 barvy z\u016fstat na povrchu bez puch\u00fd\u0159\u016f, odlupov\u00e1n\u00ed nebo prask\u00e1n\u00ed. P\u0159ilnavost je pravd\u011bpodobn\u011b nejd\u016fle\u017eit\u011bj\u0161\u00ed&amp;hellip;\">p\u0159ilnavost<\/span>. <\/span><\/strong><\/div>\n<div><strong><span style=\"font-family: 'Exo 2', sans-serif; font-size: 11pt;\">\u058d N\u00edzk\u00fd z\u00e1pach a univerz\u00e1ln\u00ed pou\u017eit\u00ed p\u0159isp\u00edvaj\u00ed k pohodln\u00e9mu a profesion\u00e1ln\u00edmu n\u00e1t\u011bru ve vnit\u0159n\u00edm prost\u0159ed\u00ed.<\/span><\/strong><\/div>\n<div><strong><span style=\"font-family: 'Exo 2', sans-serif; font-size: 11pt;\">\u058d V<\/span><span style=\"font-family: var(--template-font),sans-serif; font-size: 14px;\">ysoce kryc\u00ed a dokonale <span class=\"show-tooltip\" title=\"B\u00edl\u00e1 je barva, kter\u00e1 vznik\u00e1 odrazem v\u0161ech viditeln\u00fdch vlnov\u00fdch d\u00e9lek sv\u011btla v p\u0159ibli\u017en\u011b stejn\u00e9m pom\u011bru. V d\u016fsledku tohoto odrazu se jev\u00ed lidsk\u00e9mu oku jako nejjasn\u011bj\u0161\u00ed barva a p\u0159edstavuje naprostou neutralitu. Na barevn\u00e9m spektru b\u00edl\u00e1 barva&amp;hellip;\">b\u00edl\u00e1<\/span> penetrace ur\u010den\u00e1 zejm\u00e9na pro s\u00e1drokartonov\u00e9 povrchy. <\/span><\/strong><\/div>\n<div><span style=\"font-size: 14px;\"><strong><span style=\"font-family: var(--template-font),sans-serif;\">\u058d Tato b\u00edle probarven\u00e1 penetrace na b\u00e1zi <span class=\"show-tooltip\" title=\"Voda,&amp;nbsp;chemick\u00fdm vzorcem&amp;nbsp;H2O,&amp;nbsp;systematick\u00fd n\u00e1zev&amp;nbsp;oxidan, je&amp;nbsp;chemick\u00e1 slou\u010denina&amp;nbsp;vod\u00edku&amp;nbsp;a&amp;nbsp;kysl\u00edku. Spolu se&amp;nbsp;vzduchem, resp.&amp;nbsp;zemskou atmosf\u00e9rou, tvo\u0159\u00ed z\u00e1kladn\u00ed podm\u00ednky pro&amp;hellip;\">vodou<\/span> \u0159editeln\u00fdch akrylov\u00fdch prysky\u0159ic je navr\u017eena k vyrovn\u00e1n\u00ed rozd\u00edl\u016f v savosti mezi <span class=\"show-tooltip\" title=\"Om\u00edtka je vrstva materi\u00e1lu, kter\u00e1 se nan\u00e1\u0161\u00ed na povrch st\u011bn nebo strop\u016f budov a slou\u017e\u00ed k vytvo\u0159en\u00ed hladk\u00e9, rovnom\u011brn\u00e9 a dekorativn\u00ed povrchov\u00e9 \u00fapravy. Om\u00edtka m\u016f\u017ee plnit r\u016fzn\u00e9 funkce, v\u010detn\u011b estetick\u00fdch, ochrann\u00fdch a tepeln\u011b izola\u010dn\u00edch.&amp;nbsp;Zakr\u00fdv\u00e1&amp;hellip;\">om\u00edtkou<\/span> a s\u00e1drokartonem a tak\u00e9 mezi r\u016fzn\u00fdmi povrchy, kter\u00e9 budou n\u00e1sledn\u011b nat\u0159eny.<\/span><\/strong><\/span><\/div>\n<div>\u00a0<\/div>\n<div><strong>Vysoce kryc\u00ed a dokonale b\u00edl\u00e1:<\/strong> Zaji\u0161\u0165uje vynikaj\u00edc\u00ed <span class=\"show-tooltip\" title=\"Zna\u010den\u00ed IP (Ingress Protection)&amp;nbsp;- Stupe\u0148 kryt\u00ed, t\u0159\u00edda ochrany, nebo tak\u00e9 Kryt\u00ed IP - ud\u00e1v\u00e1 \u00farove\u0148 ochrany elektrick\u00fdch za\u0159\u00edzen\u00ed p\u0159ed vniknut\u00edm ciz\u00edch p\u0159edm\u011bt\u016f, vodou a nebezpe\u010dn\u00fdm dotykem.&amp;nbsp;\u2743 Toto kryt\u00ed je standardizov\u00e1no podle&amp;hellip;\">kryt\u00ed<\/span> a b\u011blost s\u00e1drokartonov\u00fdch povrch\u016f, v\u010detn\u011b \u0161tukov\u00fdch om\u00edtek, <span class=\"show-tooltip\" title=\"Beton je stavebn\u00ed materi\u00e1l slo\u017een\u00fd z n\u011bkolika z\u00e1kladn\u00edch slo\u017eek, v\u010detn\u011b cementu, vody, p\u00edsku (nebo jemn\u00e9ho \u0161t\u011brku) a hrub\u00e9ho \u0161t\u011brku nebo kamene. Tato sm\u011bs se pe\u010dliv\u011b prom\u00edch\u00e1 a pot\u00e9 ztvrdne a z\u00edsk\u00e1 pevnou a odolnou strukturu. Beton je&amp;hellip;\">betonu<\/span> a dal\u0161\u00edch stavebn\u00edch materi\u00e1l\u016f.<\/div>\n<div><strong>Kompenzace rozd\u00edl\u016f v savosti:<\/strong> Penetrace je schopn\u00e1 kompenzovat rozd\u00edly v savosti mezi s\u00e1drokartonem, spojovac\u00edm materi\u00e1lem a okoln\u00edmi povrchy, co\u017e zaji\u0161\u0165uje rovnom\u011brnou absorpci n\u00e1t\u011bru.<\/div>\n<div><strong>Zlep\u0161en\u00ed p\u0159ilnavosti:<\/strong> Zvy\u0161uje p\u0159ilnavost mezi s\u00e1drokartonem a fin\u00e1ln\u00edm n\u00e1t\u011brem, co\u017e vede ke sn\u00ed\u017een\u00ed <span class=\"show-tooltip\" title=\"Spot\u0159eba materi\u00e1lu je m\u011b\u0159en\u00ed mno\u017estv\u00ed surovin, komponent\u016f nebo materi\u00e1l\u016f, kter\u00e9 jsou pou\u017eity p\u0159i v\u00fdrob\u011b, konstrukci, instalaci, aplikaci nebo provozu n\u011bjak\u00e9ho v\u00fdrobku, za\u0159\u00edzen\u00ed nebo syst\u00e9mu.Spot\u0159eba materi\u00e1lu m\u016f\u017ee b\u00fdt vyj\u00e1d\u0159ena v r\u016fzn\u00fdch&amp;hellip;\">spot\u0159eby<\/span> fin\u00e1ln\u00ed barvy.<\/div>\n<div><strong>N\u00edzk\u00fd z\u00e1pach:<\/strong> B\u011bhem aplikace je prakticky bez z\u00e1pachu, co\u017e zlep\u0161uje u\u017eivatelsk\u00fd komfort.<\/div>\n<div><strong>Univerz\u00e1ln\u00ed pou\u017eit\u00ed:<\/strong> Vhodn\u00e1 pro penetraci s\u00e1drokartonu, \u0161tukov\u00fdch om\u00edtek, betonu a podobn\u00fdch stavebn\u00edch materi\u00e1l\u016f ve vnit\u0159n\u00edm prost\u0159ed\u00ed.<\/div>\n<div><strong>Podpora vodou \u0159editeln\u00fdch barev:<\/strong> Lze pou\u017e\u00edt pod v\u0161echny vodou \u0159editeln\u00e9 barvy, co\u017e zvy\u0161uje flexibilitu p\u0159i v\u00fdb\u011bru fin\u00e1ln\u00edho n\u00e1t\u011bru.<\/div>\n<div>\u00a0<\/div>\n<div><strong>Spot\u0159eba:<\/strong> 12 m\u00b2\/l, co\u017e zaji\u0161\u0165uje efektivn\u00ed pokryt\u00ed velk\u00fdch ploch.<\/div>\n<div><strong><span class=\"show-tooltip\" title=\"\u0158ed\u011bn\u00ed je proces, p\u0159i kter\u00e9m se jedna l\u00e1tka (obvykle tekutina) o ur\u010dit\u00e9 hustot\u011b nebo koncentraci \u0159ed\u00ed sm\u00edch\u00e1n\u00edm s jinou l\u00e1tkou ni\u017e\u0161\u00ed hustoty v takov\u00e9m mno\u017estv\u00ed, aby bylo dosa\u017eeno po\u017eadovan\u00e9 v\u00fdsledn\u00e9 sm\u011bsi - roztoku o ni\u017e\u0161\u00ed hustot\u011b.Tento term\u00edn se&amp;hellip;\">\u0158ed\u011bn\u00ed<\/span>:\u00a0<\/strong>Doporu\u010duje se \u0159edit 5-10% pro lep\u0161\u00ed aplikaci, co\u017e umo\u017e\u0148uje snadn\u011bj\u0161\u00ed a rovnom\u011brn\u011bj\u0161\u00ed nanesen\u00ed.<\/div>\n<div>\u00a0<\/div>\n<div><strong>Balen\u00ed:<\/strong>\u00a010 l<\/div>\n<div><strong>V\u00fdrobce:<\/strong> Vitex, \u0158ecko<\/div>\n<\/p><\/div>\n","protected":false},"excerpt":{"rendered":"<p>Detailn\u00ed popis produktu Vitex\u00a0Gypsum Board Primer \u058d Ide\u00e1ln\u00ed volba pro p\u0159\u00edpravu s\u00e1drokartonov\u00fdch povrch\u016f p\u0159ed n\u00e1t\u011brem, p\u0159i\u010dem\u017e zaru\u010duje rovnom\u011brnou absorpci a v\u00fdbornou p\u0159ilnavost. \u058d N\u00edzk\u00fd z\u00e1pach a univerz\u00e1ln\u00ed pou\u017eit\u00ed p\u0159isp\u00edvaj\u00ed k pohodln\u00e9mu a profesion\u00e1ln\u00edmu n\u00e1t\u011bru ve vnit\u0159n\u00edm prost\u0159ed\u00ed. \u058d Vysoce kryc\u00ed a dokonale b\u00edl\u00e1 penetrace ur\u010den\u00e1 zejm\u00e9na pro s\u00e1drokartonov\u00e9 povrchy. \u058d Tato b\u00edle probarven\u00e1 penetrace na [&hellip;]<\/p>\n","protected":false},"featured_media":14831,"comment_status":"open","ping_status":"open","template":"","meta":[],"product_brand":[],"product_cat":[62],"product_tag":[],"class_list":{"0":"post-14731","1":"product","2":"type-product","3":"status-publish","4":"has-post-thumbnail","6":"product_cat-barvy-amp-laky","8":"first","9":"instock","10":"sale","11":"shipping-taxable","12":"purchasable","13":"product-type-simple"},"yoast_head":"<!-- This site is optimized with the Yoast SEO plugin v26.8 - https:\/\/yoast.com\/product\/yoast-seo-wordpress\/ -->\n<title>Levn\u00fd VITEX\u00ae GYPSUM BOARD Primer Penetrace na s\u00e1drokarton, 10 l -<\/title>\n<meta name=\"robots\" content=\"index, follow, max-snippet:-1, max-image-preview:large, max-video-preview:-1\" \/>\n<link rel=\"canonical\" href=\"https:\/\/www.domkraftpro.com\/index.php\/produkt\/levny-vitex-r-gypsum-board-primer-penetrace-na-sadrokarton-10-l-14731\/\" \/>\n<meta property=\"og:locale\" content=\"cs_CZ\" \/>\n<meta property=\"og:type\" content=\"article\" \/>\n<meta property=\"og:title\" content=\"Levn\u00fd VITEX\u00ae GYPSUM BOARD Primer Penetrace na s\u00e1drokarton, 10 l -\" \/>\n<meta property=\"og:description\" content=\"Detailn\u00ed popis produktu Vitex\u00a0Gypsum Board Primer \u058d Ide\u00e1ln\u00ed volba pro p\u0159\u00edpravu s\u00e1drokartonov\u00fdch povrch\u016f p\u0159ed n\u00e1t\u011brem, p\u0159i\u010dem\u017e zaru\u010duje rovnom\u011brnou absorpci a v\u00fdbornou p\u0159ilnavost. \u058d N\u00edzk\u00fd z\u00e1pach a univerz\u00e1ln\u00ed pou\u017eit\u00ed p\u0159isp\u00edvaj\u00ed k pohodln\u00e9mu a profesion\u00e1ln\u00edmu n\u00e1t\u011bru ve vnit\u0159n\u00edm prost\u0159ed\u00ed. \u058d Vysoce kryc\u00ed a dokonale b\u00edl\u00e1 penetrace ur\u010den\u00e1 zejm\u00e9na pro s\u00e1drokartonov\u00e9 povrchy. \u058d Tato b\u00edle probarven\u00e1 penetrace na [&hellip;]\" \/>\n<meta property=\"og:url\" content=\"https:\/\/www.domkraftpro.com\/index.php\/produkt\/levny-vitex-r-gypsum-board-primer-penetrace-na-sadrokarton-10-l-14731\/\" \/>\n<meta property=\"og:image\" content=\"https:\/\/www.domkraftpro.com\/wp-content\/uploads\/2026\/SK0006836-CZ20260425-092522-0-1777080324-114993_vitex-gypsum-board.webp\" \/>\n\t<meta property=\"og:image:width\" content=\"1000\" \/>\n\t<meta property=\"og:image:height\" content=\"750\" \/>\n\t<meta property=\"og:image:type\" content=\"image\/webp\" \/>\n<meta name=\"twitter:card\" content=\"summary_large_image\" \/>\n<meta name=\"twitter:label1\" content=\"Odhadovan\u00e1 doba \u010dten\u00ed\" \/>\n\t<meta name=\"twitter:data1\" content=\"2 minuty\" \/>\n<script type=\"application\/ld+json\" class=\"yoast-schema-graph\">{\"@context\":\"https:\/\/schema.org\",\"@graph\":[{\"@type\":\"WebPage\",\"@id\":\"https:\/\/www.domkraftpro.com\/index.php\/produkt\/levny-vitex-r-gypsum-board-primer-penetrace-na-sadrokarton-10-l-14731\/\",\"url\":\"https:\/\/www.domkraftpro.com\/index.php\/produkt\/levny-vitex-r-gypsum-board-primer-penetrace-na-sadrokarton-10-l-14731\/\",\"name\":\"Levn\u00fd VITEX\u00ae GYPSUM BOARD Primer Penetrace na s\u00e1drokarton, 10 l -\",\"isPartOf\":{\"@id\":\"https:\/\/www.domkraftpro.com\/#website\"},\"primaryImageOfPage\":{\"@id\":\"https:\/\/www.domkraftpro.com\/index.php\/produkt\/levny-vitex-r-gypsum-board-primer-penetrace-na-sadrokarton-10-l-14731\/#primaryimage\"},\"image\":{\"@id\":\"https:\/\/www.domkraftpro.com\/index.php\/produkt\/levny-vitex-r-gypsum-board-primer-penetrace-na-sadrokarton-10-l-14731\/#primaryimage\"},\"thumbnailUrl\":\"https:\/\/www.domkraftpro.com\/wp-content\/uploads\/2026\/SK0006836-CZ20260425-092522-0-1777080324-114993_vitex-gypsum-board.webp\",\"datePublished\":\"2026-04-27T04:40:59+00:00\",\"breadcrumb\":{\"@id\":\"https:\/\/www.domkraftpro.com\/index.php\/produkt\/levny-vitex-r-gypsum-board-primer-penetrace-na-sadrokarton-10-l-14731\/#breadcrumb\"},\"inLanguage\":\"cs\",\"potentialAction\":[{\"@type\":\"ReadAction\",\"target\":[\"https:\/\/www.domkraftpro.com\/index.php\/produkt\/levny-vitex-r-gypsum-board-primer-penetrace-na-sadrokarton-10-l-14731\/\"]}]},{\"@type\":\"ImageObject\",\"inLanguage\":\"cs\",\"@id\":\"https:\/\/www.domkraftpro.com\/index.php\/produkt\/levny-vitex-r-gypsum-board-primer-penetrace-na-sadrokarton-10-l-14731\/#primaryimage\",\"url\":\"https:\/\/www.domkraftpro.com\/wp-content\/uploads\/2026\/SK0006836-CZ20260425-092522-0-1777080324-114993_vitex-gypsum-board.webp\",\"contentUrl\":\"https:\/\/www.domkraftpro.com\/wp-content\/uploads\/2026\/SK0006836-CZ20260425-092522-0-1777080324-114993_vitex-gypsum-board.webp\",\"width\":1000,\"height\":750},{\"@type\":\"BreadcrumbList\",\"@id\":\"https:\/\/www.domkraftpro.com\/index.php\/produkt\/levny-vitex-r-gypsum-board-primer-penetrace-na-sadrokarton-10-l-14731\/#breadcrumb\",\"itemListElement\":[{\"@type\":\"ListItem\",\"position\":1,\"name\":\"Home\",\"item\":\"https:\/\/www.domkraftpro.com\/\"},{\"@type\":\"ListItem\",\"position\":2,\"name\":\"Products\",\"item\":\"https:\/\/www.domkraftpro.com\/index.php\/products\/\"},{\"@type\":\"ListItem\",\"position\":3,\"name\":\"Levn\u00fd VITEX\u00ae GYPSUM BOARD Primer Penetrace na s\u00e1drokarton, 10 l\"}]},{\"@type\":\"WebSite\",\"@id\":\"https:\/\/www.domkraftpro.com\/#website\",\"url\":\"https:\/\/www.domkraftpro.com\/\",\"name\":\"\",\"description\":\"\",\"potentialAction\":[{\"@type\":\"SearchAction\",\"target\":{\"@type\":\"EntryPoint\",\"urlTemplate\":\"https:\/\/www.domkraftpro.com\/?s={search_term_string}\"},\"query-input\":{\"@type\":\"PropertyValueSpecification\",\"valueRequired\":true,\"valueName\":\"search_term_string\"}}],\"inLanguage\":\"cs\"}]}<\/script>\n<!-- \/ Yoast SEO plugin. -->","yoast_head_json":{"title":"Levn\u00fd VITEX\u00ae GYPSUM BOARD Primer Penetrace na s\u00e1drokarton, 10 l -","robots":{"index":"index","follow":"follow","max-snippet":"max-snippet:-1","max-image-preview":"max-image-preview:large","max-video-preview":"max-video-preview:-1"},"canonical":"https:\/\/www.domkraftpro.com\/index.php\/produkt\/levny-vitex-r-gypsum-board-primer-penetrace-na-sadrokarton-10-l-14731\/","og_locale":"cs_CZ","og_type":"article","og_title":"Levn\u00fd VITEX\u00ae GYPSUM BOARD Primer Penetrace na s\u00e1drokarton, 10 l -","og_description":"Detailn\u00ed popis produktu Vitex\u00a0Gypsum Board Primer \u058d Ide\u00e1ln\u00ed volba pro p\u0159\u00edpravu s\u00e1drokartonov\u00fdch povrch\u016f p\u0159ed n\u00e1t\u011brem, p\u0159i\u010dem\u017e zaru\u010duje rovnom\u011brnou absorpci a v\u00fdbornou p\u0159ilnavost. \u058d N\u00edzk\u00fd z\u00e1pach a univerz\u00e1ln\u00ed pou\u017eit\u00ed p\u0159isp\u00edvaj\u00ed k pohodln\u00e9mu a profesion\u00e1ln\u00edmu n\u00e1t\u011bru ve vnit\u0159n\u00edm prost\u0159ed\u00ed. \u058d Vysoce kryc\u00ed a dokonale b\u00edl\u00e1 penetrace ur\u010den\u00e1 zejm\u00e9na pro s\u00e1drokartonov\u00e9 povrchy. \u058d Tato b\u00edle probarven\u00e1 penetrace na [&hellip;]","og_url":"https:\/\/www.domkraftpro.com\/index.php\/produkt\/levny-vitex-r-gypsum-board-primer-penetrace-na-sadrokarton-10-l-14731\/","og_image":[{"width":1000,"height":750,"url":"https:\/\/www.domkraftpro.com\/wp-content\/uploads\/2026\/SK0006836-CZ20260425-092522-0-1777080324-114993_vitex-gypsum-board.webp","type":"image\/webp"}],"twitter_card":"summary_large_image","twitter_misc":{"Odhadovan\u00e1 doba \u010dten\u00ed":"2 minuty"},"schema":{"@context":"https:\/\/schema.org","@graph":[{"@type":"WebPage","@id":"https:\/\/www.domkraftpro.com\/index.php\/produkt\/levny-vitex-r-gypsum-board-primer-penetrace-na-sadrokarton-10-l-14731\/","url":"https:\/\/www.domkraftpro.com\/index.php\/produkt\/levny-vitex-r-gypsum-board-primer-penetrace-na-sadrokarton-10-l-14731\/","name":"Levn\u00fd VITEX\u00ae GYPSUM BOARD Primer Penetrace na s\u00e1drokarton, 10 l -","isPartOf":{"@id":"https:\/\/www.domkraftpro.com\/#website"},"primaryImageOfPage":{"@id":"https:\/\/www.domkraftpro.com\/index.php\/produkt\/levny-vitex-r-gypsum-board-primer-penetrace-na-sadrokarton-10-l-14731\/#primaryimage"},"image":{"@id":"https:\/\/www.domkraftpro.com\/index.php\/produkt\/levny-vitex-r-gypsum-board-primer-penetrace-na-sadrokarton-10-l-14731\/#primaryimage"},"thumbnailUrl":"https:\/\/www.domkraftpro.com\/wp-content\/uploads\/2026\/SK0006836-CZ20260425-092522-0-1777080324-114993_vitex-gypsum-board.webp","datePublished":"2026-04-27T04:40:59+00:00","breadcrumb":{"@id":"https:\/\/www.domkraftpro.com\/index.php\/produkt\/levny-vitex-r-gypsum-board-primer-penetrace-na-sadrokarton-10-l-14731\/#breadcrumb"},"inLanguage":"cs","potentialAction":[{"@type":"ReadAction","target":["https:\/\/www.domkraftpro.com\/index.php\/produkt\/levny-vitex-r-gypsum-board-primer-penetrace-na-sadrokarton-10-l-14731\/"]}]},{"@type":"ImageObject","inLanguage":"cs","@id":"https:\/\/www.domkraftpro.com\/index.php\/produkt\/levny-vitex-r-gypsum-board-primer-penetrace-na-sadrokarton-10-l-14731\/#primaryimage","url":"https:\/\/www.domkraftpro.com\/wp-content\/uploads\/2026\/SK0006836-CZ20260425-092522-0-1777080324-114993_vitex-gypsum-board.webp","contentUrl":"https:\/\/www.domkraftpro.com\/wp-content\/uploads\/2026\/SK0006836-CZ20260425-092522-0-1777080324-114993_vitex-gypsum-board.webp","width":1000,"height":750},{"@type":"BreadcrumbList","@id":"https:\/\/www.domkraftpro.com\/index.php\/produkt\/levny-vitex-r-gypsum-board-primer-penetrace-na-sadrokarton-10-l-14731\/#breadcrumb","itemListElement":[{"@type":"ListItem","position":1,"name":"Home","item":"https:\/\/www.domkraftpro.com\/"},{"@type":"ListItem","position":2,"name":"Products","item":"https:\/\/www.domkraftpro.com\/index.php\/products\/"},{"@type":"ListItem","position":3,"name":"Levn\u00fd VITEX\u00ae GYPSUM BOARD Primer Penetrace na s\u00e1drokarton, 10 l"}]},{"@type":"WebSite","@id":"https:\/\/www.domkraftpro.com\/#website","url":"https:\/\/www.domkraftpro.com\/","name":"","description":"","potentialAction":[{"@type":"SearchAction","target":{"@type":"EntryPoint","urlTemplate":"https:\/\/www.domkraftpro.com\/?s={search_term_string}"},"query-input":{"@type":"PropertyValueSpecification","valueRequired":true,"valueName":"search_term_string"}}],"inLanguage":"cs"}]}},"_links":{"self":[{"href":"https:\/\/www.domkraftpro.com\/index.php\/wp-json\/wp\/v2\/product\/14731","targetHints":{"allow":["GET"]}}],"collection":[{"href":"https:\/\/www.domkraftpro.com\/index.php\/wp-json\/wp\/v2\/product"}],"about":[{"href":"https:\/\/www.domkraftpro.com\/index.php\/wp-json\/wp\/v2\/types\/product"}],"replies":[{"embeddable":true,"href":"https:\/\/www.domkraftpro.com\/index.php\/wp-json\/wp\/v2\/comments?post=14731"}],"wp:featuredmedia":[{"embeddable":true,"href":"https:\/\/www.domkraftpro.com\/index.php\/wp-json\/wp\/v2\/media\/14831"}],"wp:attachment":[{"href":"https:\/\/www.domkraftpro.com\/index.php\/wp-json\/wp\/v2\/media?parent=14731"}],"wp:term":[{"taxonomy":"product_brand","embeddable":true,"href":"https:\/\/www.domkraftpro.com\/index.php\/wp-json\/wp\/v2\/product_brand?post=14731"},{"taxonomy":"product_cat","embeddable":true,"href":"https:\/\/www.domkraftpro.com\/index.php\/wp-json\/wp\/v2\/product_cat?post=14731"},{"taxonomy":"product_tag","embeddable":true,"href":"https:\/\/www.domkraftpro.com\/index.php\/wp-json\/wp\/v2\/product_tag?post=14731"}],"curies":[{"name":"wp","href":"https:\/\/api.w.org\/{rel}","templated":true}]}}