{"id":14706,"date":"2026-04-27T04:40:59","date_gmt":"2026-04-27T04:40:59","guid":{"rendered":""},"modified":"2026-04-27T04:40:59","modified_gmt":"2026-04-27T04:40:59","slug":"cenove-vyhodny-hnojivo-profik-na-chilli-papricky-a-papriky-500ml-element-shop-cz-14706","status":"publish","type":"product","link":"https:\/\/www.domkraftpro.com\/index.php\/produkt\/cenove-vyhodny-hnojivo-profik-na-chilli-papricky-a-papriky-500ml-element-shop-cz-14706\/","title":{"rendered":"Cenov\u011b V\u00fdhodn\u00fd Hnojivo PROF\u00cdK na chilli papri\u010dky a papriky 500ml | element-shop.cz"},"content":{"rendered":"<div class=\"basic-description\">\n<h3>Detailn\u00ed popis produktu<\/h3>\n<h1 class=\"title-detail\"><strong><span class=\"show-tooltip\" title=\"Hnojivo je l\u00e1tka nebo sm\u011bs slou\u017e\u00edc\u00ed k dod\u00e1v\u00e1n\u00ed \u017eivin rostlin\u00e1m s c\u00edlem zlep\u0161it jejich r\u016fst a v\u00fdvoj.Rostliny pot\u0159ebuj\u00ed ur\u010dit\u00e9 \u017eiviny pro sv\u016fj norm\u00e1ln\u00ed metabolismus, a hnojiva jsou navr\u017eena tak, aby tuto pot\u0159ebu uspokojila.Existuj\u00ed r\u016fzn\u00e9 typy&amp;hellip;\">Hnojivo<\/span> PROF\u00cdK na chilli papri\u010dky a <span class=\"show-tooltip\" title=\"Paprika je ko\u0159en\u00ed z\u00edsk\u00e1van\u00e9 z mlet\u00fdch su\u0161en\u00fdch paprikov\u00fdch plod\u016f (Capsicum annuum), kter\u00e9 jsou obl\u00edben\u00e9 pro svou barvu, chu\u0165 a v\u016fni.&amp;nbsp;&amp;nbsp;Botanick\u00fd popis:&amp;nbsp;Paprika je plod paprikov\u00e9 rostliny (Capsicum annuum), kter\u00e1 pat\u0159\u00ed do \u010deledi&amp;hellip;\">papriky<\/span>, 500 ml<\/strong><\/h1>\n<div><strong>\u058d Prof\u00edk \u2013 \u010dist\u011b p\u0159\u00edrodn\u00ed hnojivo vhodn\u00e9 pro biop\u011bstov\u00e1n\u00ed.<\/strong><\/div>\n<div><strong>\u058d Kompletn\u00ed a p\u0159\u00edrodn\u00ed hnojivo, kter\u00e9 nejen poskytuje \u017eiviny, ale i podporuje celkov\u00fd zdrav\u00fd r\u016fst rostlin. <\/strong><\/div>\n<div><strong>\u058d Jeho slo\u017een\u00ed zaji\u0161\u0165uje optim\u00e1ln\u00ed podm\u00ednky pro robustn\u00ed a plodn\u00e9 rostliny.<\/strong><\/div>\n<div>&nbsp;<\/div>\n<div><strong>Slo\u017een\u00ed<\/strong><\/div>\n<div>&nbsp;<\/div>\n<div><strong>Rostlinn\u00e9 aminokyseliny:&nbsp;<\/strong>Podporuj\u00ed zako\u0159e\u0148ov\u00e1n\u00ed a celkov\u00fd r\u016fst rostlin.<\/div>\n<div><strong>Vin\u00e1zy:&nbsp;<\/strong>Z\u00edskan\u00e9 zpracov\u00e1n\u00edm melasy, poskytuj\u00ed organick\u00e9 l\u00e1tky.<\/div>\n<div><strong>Mo\u0159sk\u00e9 \u0159asy:&nbsp;<\/strong>Stimuluj\u00ed fotosynt\u00e9zu, obsahuje \u017eiviny a <span class=\"show-tooltip\" title=\"Stopov\u00e9 prvky jsou chemick\u00e9 prvky, kter\u00e9 jsou p\u0159\u00edtomny v mal\u00fdch mno\u017estv\u00edch v r\u016fzn\u00fdch materi\u00e1lech, l\u00e1tk\u00e1ch nebo prost\u0159ed\u00edch, jako jsou horniny, p\u016fdy, voda, potraviny, rostliny, lidsk\u00e9 t\u011blo atd. Tyto prvky jsou naz\u00fdv\u00e1ny &quot;stopov\u00fdmi&quot; kv\u016fli jejich n\u00edzk\u00e9&amp;hellip;\">stopov\u00e9 prvky<\/span>.<\/div>\n<div><strong>P\u0159\u00edrodn\u00ed fosf\u00e1t:&nbsp;<\/strong>Zaji\u0161\u0165uje z\u00e1kladn\u00ed \u017eiviny a podporuje r\u016fst rostlin.<\/div>\n<div>&nbsp;<\/div>\n<div><strong>Organick\u00e9 l\u00e1tky:&nbsp;<\/strong>Obsahuje \u0161irok\u00e9 spektrum organick\u00fdch l\u00e1tek pro podporu r\u016fstu.<\/div>\n<div><strong>\u017diviny a stopov\u00e9 prvky:&nbsp;<\/strong>Z\u00e1kladn\u00ed i stopov\u00e9 \u017eiviny pro celkovou v\u00fd\u017eivu rostlin.<\/div>\n<div><strong>Biologicky aktivn\u00ed l\u00e1tky:&nbsp;<\/strong>P\u0159irozen\u00e1 podpora pro zlep\u0161en\u00ed biologick\u00e9 aktivity p\u016fdy.<\/div>\n<div><strong>Stimulace zako\u0159e\u0148ov\u00e1n\u00ed:&nbsp;<\/strong>Podporuje robustn\u00ed zako\u0159e\u0148ov\u00e1n\u00ed rostlin.<\/div>\n<div><strong>Pozitivn\u00ed vliv na fotosynt\u00e9zu:&nbsp;<\/strong>Zvy\u0161uje efektivitu fotosynt\u00e9zy.<\/div>\n<div><strong>Aktivace pudn\u00ed mikrofl\u00f3ry:&nbsp;<\/strong>Zlep\u0161uje biologickou aktivitu p\u016fdy.<\/div>\n<div>&nbsp;<\/div>\n<div><strong>Pou\u017eit\u00ed<\/strong><\/div>\n<div>&nbsp;<\/div>\n<div><strong>\u058d Ur\u010deno pro hnojen\u00ed chilli papri\u010dek a paprik.<\/strong><\/div>\n<div><strong>\u058d Ide\u00e1ln\u00ed pro p\u011bstov\u00e1n\u00ed v r\u00e1mci biop\u011bstov\u00e1n\u00ed.<\/strong><\/div>\n<div>&nbsp;<\/div>\n<div><strong>D\u00e1vkov\u00e1n\u00ed<\/strong><\/div>\n<div>&nbsp;<\/div>\n<div>\u058d P\u0159esn\u00e9 d\u00e1vkov\u00e1n\u00ed z\u00e1vis\u00ed na specifick\u00fdch pot\u0159eb\u00e1ch rostlin a lze nal\u00e9zt na obalu.<\/div>\n<div>&nbsp;<\/div>\n<div><strong>Balen\u00ed:&nbsp;<\/strong>500 ml<\/div>\n<\/p><\/div>\n","protected":false},"excerpt":{"rendered":"<p>Detailn\u00ed popis produktu Hnojivo PROF\u00cdK na chilli papri\u010dky a papriky, 500 ml \u058d Prof\u00edk \u2013 \u010dist\u011b p\u0159\u00edrodn\u00ed hnojivo vhodn\u00e9 pro biop\u011bstov\u00e1n\u00ed. \u058d Kompletn\u00ed a p\u0159\u00edrodn\u00ed hnojivo, kter\u00e9 nejen poskytuje \u017eiviny, ale i podporuje celkov\u00fd zdrav\u00fd r\u016fst rostlin. \u058d Jeho slo\u017een\u00ed zaji\u0161\u0165uje optim\u00e1ln\u00ed podm\u00ednky pro robustn\u00ed a plodn\u00e9 rostliny. &nbsp; Slo\u017een\u00ed &nbsp; Rostlinn\u00e9 aminokyseliny:&nbsp;Podporuj\u00ed zako\u0159e\u0148ov\u00e1n\u00ed a [&hellip;]<\/p>\n","protected":false},"featured_media":14806,"comment_status":"open","ping_status":"open","template":"","meta":[],"product_brand":[],"product_cat":[58],"product_tag":[],"class_list":{"0":"post-14706","1":"product","2":"type-product","3":"status-publish","4":"has-post-thumbnail","6":"product_cat-dum-a-zahrada","8":"first","9":"instock","10":"sale","11":"shipping-taxable","12":"purchasable","13":"product-type-simple"},"yoast_head":"<!-- This site is optimized with the Yoast SEO plugin v26.8 - https:\/\/yoast.com\/product\/yoast-seo-wordpress\/ -->\n<title>Cenov\u011b V\u00fdhodn\u00fd Hnojivo PROF\u00cdK na chilli papri\u010dky a papriky 500ml | element-shop.cz -<\/title>\n<meta name=\"robots\" content=\"index, follow, max-snippet:-1, max-image-preview:large, max-video-preview:-1\" \/>\n<link rel=\"canonical\" href=\"https:\/\/www.domkraftpro.com\/index.php\/produkt\/cenove-vyhodny-hnojivo-profik-na-chilli-papricky-a-papriky-500ml-element-shop-cz-14706\/\" \/>\n<meta property=\"og:locale\" content=\"cs_CZ\" \/>\n<meta property=\"og:type\" content=\"article\" \/>\n<meta property=\"og:title\" content=\"Cenov\u011b V\u00fdhodn\u00fd Hnojivo PROF\u00cdK na chilli papri\u010dky a papriky 500ml | element-shop.cz -\" \/>\n<meta property=\"og:description\" content=\"Detailn\u00ed popis produktu Hnojivo PROF\u00cdK na chilli papri\u010dky a papriky, 500 ml \u058d Prof\u00edk \u2013 \u010dist\u011b p\u0159\u00edrodn\u00ed hnojivo vhodn\u00e9 pro biop\u011bstov\u00e1n\u00ed. \u058d Kompletn\u00ed a p\u0159\u00edrodn\u00ed hnojivo, kter\u00e9 nejen poskytuje \u017eiviny, ale i podporuje celkov\u00fd zdrav\u00fd r\u016fst rostlin. \u058d Jeho slo\u017een\u00ed zaji\u0161\u0165uje optim\u00e1ln\u00ed podm\u00ednky pro robustn\u00ed a plodn\u00e9 rostliny. &nbsp; Slo\u017een\u00ed &nbsp; Rostlinn\u00e9 aminokyseliny:&nbsp;Podporuj\u00ed zako\u0159e\u0148ov\u00e1n\u00ed a [&hellip;]\" \/>\n<meta property=\"og:url\" content=\"https:\/\/www.domkraftpro.com\/index.php\/produkt\/cenove-vyhodny-hnojivo-profik-na-chilli-papricky-a-papriky-500ml-element-shop-cz-14706\/\" \/>\n<meta property=\"og:image\" content=\"https:\/\/www.domkraftpro.com\/wp-content\/uploads\/2026\/SK0006811-CZ20260425-092522-0-1777080324-114879_hnojivo-chilli-500ml.webp\" \/>\n\t<meta property=\"og:image:width\" content=\"1000\" \/>\n\t<meta property=\"og:image:height\" content=\"750\" \/>\n\t<meta property=\"og:image:type\" content=\"image\/webp\" \/>\n<meta name=\"twitter:card\" content=\"summary_large_image\" \/>\n<meta name=\"twitter:label1\" content=\"Odhadovan\u00e1 doba \u010dten\u00ed\" \/>\n\t<meta name=\"twitter:data1\" content=\"1 minuta\" \/>\n<script type=\"application\/ld+json\" class=\"yoast-schema-graph\">{\"@context\":\"https:\/\/schema.org\",\"@graph\":[{\"@type\":\"WebPage\",\"@id\":\"https:\/\/www.domkraftpro.com\/index.php\/produkt\/cenove-vyhodny-hnojivo-profik-na-chilli-papricky-a-papriky-500ml-element-shop-cz-14706\/\",\"url\":\"https:\/\/www.domkraftpro.com\/index.php\/produkt\/cenove-vyhodny-hnojivo-profik-na-chilli-papricky-a-papriky-500ml-element-shop-cz-14706\/\",\"name\":\"Cenov\u011b V\u00fdhodn\u00fd Hnojivo PROF\u00cdK na chilli papri\u010dky a papriky 500ml | element-shop.cz -\",\"isPartOf\":{\"@id\":\"https:\/\/www.domkraftpro.com\/#website\"},\"primaryImageOfPage\":{\"@id\":\"https:\/\/www.domkraftpro.com\/index.php\/produkt\/cenove-vyhodny-hnojivo-profik-na-chilli-papricky-a-papriky-500ml-element-shop-cz-14706\/#primaryimage\"},\"image\":{\"@id\":\"https:\/\/www.domkraftpro.com\/index.php\/produkt\/cenove-vyhodny-hnojivo-profik-na-chilli-papricky-a-papriky-500ml-element-shop-cz-14706\/#primaryimage\"},\"thumbnailUrl\":\"https:\/\/www.domkraftpro.com\/wp-content\/uploads\/2026\/SK0006811-CZ20260425-092522-0-1777080324-114879_hnojivo-chilli-500ml.webp\",\"datePublished\":\"2026-04-27T04:40:59+00:00\",\"breadcrumb\":{\"@id\":\"https:\/\/www.domkraftpro.com\/index.php\/produkt\/cenove-vyhodny-hnojivo-profik-na-chilli-papricky-a-papriky-500ml-element-shop-cz-14706\/#breadcrumb\"},\"inLanguage\":\"cs\",\"potentialAction\":[{\"@type\":\"ReadAction\",\"target\":[\"https:\/\/www.domkraftpro.com\/index.php\/produkt\/cenove-vyhodny-hnojivo-profik-na-chilli-papricky-a-papriky-500ml-element-shop-cz-14706\/\"]}]},{\"@type\":\"ImageObject\",\"inLanguage\":\"cs\",\"@id\":\"https:\/\/www.domkraftpro.com\/index.php\/produkt\/cenove-vyhodny-hnojivo-profik-na-chilli-papricky-a-papriky-500ml-element-shop-cz-14706\/#primaryimage\",\"url\":\"https:\/\/www.domkraftpro.com\/wp-content\/uploads\/2026\/SK0006811-CZ20260425-092522-0-1777080324-114879_hnojivo-chilli-500ml.webp\",\"contentUrl\":\"https:\/\/www.domkraftpro.com\/wp-content\/uploads\/2026\/SK0006811-CZ20260425-092522-0-1777080324-114879_hnojivo-chilli-500ml.webp\",\"width\":1000,\"height\":750},{\"@type\":\"BreadcrumbList\",\"@id\":\"https:\/\/www.domkraftpro.com\/index.php\/produkt\/cenove-vyhodny-hnojivo-profik-na-chilli-papricky-a-papriky-500ml-element-shop-cz-14706\/#breadcrumb\",\"itemListElement\":[{\"@type\":\"ListItem\",\"position\":1,\"name\":\"Home\",\"item\":\"https:\/\/www.domkraftpro.com\/\"},{\"@type\":\"ListItem\",\"position\":2,\"name\":\"Products\",\"item\":\"https:\/\/www.domkraftpro.com\/index.php\/products\/\"},{\"@type\":\"ListItem\",\"position\":3,\"name\":\"Cenov\u011b V\u00fdhodn\u00fd Hnojivo PROF\u00cdK na chilli papri\u010dky a papriky 500ml | element-shop.cz\"}]},{\"@type\":\"WebSite\",\"@id\":\"https:\/\/www.domkraftpro.com\/#website\",\"url\":\"https:\/\/www.domkraftpro.com\/\",\"name\":\"\",\"description\":\"\",\"potentialAction\":[{\"@type\":\"SearchAction\",\"target\":{\"@type\":\"EntryPoint\",\"urlTemplate\":\"https:\/\/www.domkraftpro.com\/?s={search_term_string}\"},\"query-input\":{\"@type\":\"PropertyValueSpecification\",\"valueRequired\":true,\"valueName\":\"search_term_string\"}}],\"inLanguage\":\"cs\"}]}<\/script>\n<!-- \/ Yoast SEO plugin. -->","yoast_head_json":{"title":"Cenov\u011b V\u00fdhodn\u00fd Hnojivo PROF\u00cdK na chilli papri\u010dky a papriky 500ml | element-shop.cz -","robots":{"index":"index","follow":"follow","max-snippet":"max-snippet:-1","max-image-preview":"max-image-preview:large","max-video-preview":"max-video-preview:-1"},"canonical":"https:\/\/www.domkraftpro.com\/index.php\/produkt\/cenove-vyhodny-hnojivo-profik-na-chilli-papricky-a-papriky-500ml-element-shop-cz-14706\/","og_locale":"cs_CZ","og_type":"article","og_title":"Cenov\u011b V\u00fdhodn\u00fd Hnojivo PROF\u00cdK na chilli papri\u010dky a papriky 500ml | element-shop.cz -","og_description":"Detailn\u00ed popis produktu Hnojivo PROF\u00cdK na chilli papri\u010dky a papriky, 500 ml \u058d Prof\u00edk \u2013 \u010dist\u011b p\u0159\u00edrodn\u00ed hnojivo vhodn\u00e9 pro biop\u011bstov\u00e1n\u00ed. \u058d Kompletn\u00ed a p\u0159\u00edrodn\u00ed hnojivo, kter\u00e9 nejen poskytuje \u017eiviny, ale i podporuje celkov\u00fd zdrav\u00fd r\u016fst rostlin. \u058d Jeho slo\u017een\u00ed zaji\u0161\u0165uje optim\u00e1ln\u00ed podm\u00ednky pro robustn\u00ed a plodn\u00e9 rostliny. &nbsp; Slo\u017een\u00ed &nbsp; Rostlinn\u00e9 aminokyseliny:&nbsp;Podporuj\u00ed zako\u0159e\u0148ov\u00e1n\u00ed a [&hellip;]","og_url":"https:\/\/www.domkraftpro.com\/index.php\/produkt\/cenove-vyhodny-hnojivo-profik-na-chilli-papricky-a-papriky-500ml-element-shop-cz-14706\/","og_image":[{"width":1000,"height":750,"url":"https:\/\/www.domkraftpro.com\/wp-content\/uploads\/2026\/SK0006811-CZ20260425-092522-0-1777080324-114879_hnojivo-chilli-500ml.webp","type":"image\/webp"}],"twitter_card":"summary_large_image","twitter_misc":{"Odhadovan\u00e1 doba \u010dten\u00ed":"1 minuta"},"schema":{"@context":"https:\/\/schema.org","@graph":[{"@type":"WebPage","@id":"https:\/\/www.domkraftpro.com\/index.php\/produkt\/cenove-vyhodny-hnojivo-profik-na-chilli-papricky-a-papriky-500ml-element-shop-cz-14706\/","url":"https:\/\/www.domkraftpro.com\/index.php\/produkt\/cenove-vyhodny-hnojivo-profik-na-chilli-papricky-a-papriky-500ml-element-shop-cz-14706\/","name":"Cenov\u011b V\u00fdhodn\u00fd Hnojivo PROF\u00cdK na chilli papri\u010dky a papriky 500ml | element-shop.cz -","isPartOf":{"@id":"https:\/\/www.domkraftpro.com\/#website"},"primaryImageOfPage":{"@id":"https:\/\/www.domkraftpro.com\/index.php\/produkt\/cenove-vyhodny-hnojivo-profik-na-chilli-papricky-a-papriky-500ml-element-shop-cz-14706\/#primaryimage"},"image":{"@id":"https:\/\/www.domkraftpro.com\/index.php\/produkt\/cenove-vyhodny-hnojivo-profik-na-chilli-papricky-a-papriky-500ml-element-shop-cz-14706\/#primaryimage"},"thumbnailUrl":"https:\/\/www.domkraftpro.com\/wp-content\/uploads\/2026\/SK0006811-CZ20260425-092522-0-1777080324-114879_hnojivo-chilli-500ml.webp","datePublished":"2026-04-27T04:40:59+00:00","breadcrumb":{"@id":"https:\/\/www.domkraftpro.com\/index.php\/produkt\/cenove-vyhodny-hnojivo-profik-na-chilli-papricky-a-papriky-500ml-element-shop-cz-14706\/#breadcrumb"},"inLanguage":"cs","potentialAction":[{"@type":"ReadAction","target":["https:\/\/www.domkraftpro.com\/index.php\/produkt\/cenove-vyhodny-hnojivo-profik-na-chilli-papricky-a-papriky-500ml-element-shop-cz-14706\/"]}]},{"@type":"ImageObject","inLanguage":"cs","@id":"https:\/\/www.domkraftpro.com\/index.php\/produkt\/cenove-vyhodny-hnojivo-profik-na-chilli-papricky-a-papriky-500ml-element-shop-cz-14706\/#primaryimage","url":"https:\/\/www.domkraftpro.com\/wp-content\/uploads\/2026\/SK0006811-CZ20260425-092522-0-1777080324-114879_hnojivo-chilli-500ml.webp","contentUrl":"https:\/\/www.domkraftpro.com\/wp-content\/uploads\/2026\/SK0006811-CZ20260425-092522-0-1777080324-114879_hnojivo-chilli-500ml.webp","width":1000,"height":750},{"@type":"BreadcrumbList","@id":"https:\/\/www.domkraftpro.com\/index.php\/produkt\/cenove-vyhodny-hnojivo-profik-na-chilli-papricky-a-papriky-500ml-element-shop-cz-14706\/#breadcrumb","itemListElement":[{"@type":"ListItem","position":1,"name":"Home","item":"https:\/\/www.domkraftpro.com\/"},{"@type":"ListItem","position":2,"name":"Products","item":"https:\/\/www.domkraftpro.com\/index.php\/products\/"},{"@type":"ListItem","position":3,"name":"Cenov\u011b V\u00fdhodn\u00fd Hnojivo PROF\u00cdK na chilli papri\u010dky a papriky 500ml | element-shop.cz"}]},{"@type":"WebSite","@id":"https:\/\/www.domkraftpro.com\/#website","url":"https:\/\/www.domkraftpro.com\/","name":"","description":"","potentialAction":[{"@type":"SearchAction","target":{"@type":"EntryPoint","urlTemplate":"https:\/\/www.domkraftpro.com\/?s={search_term_string}"},"query-input":{"@type":"PropertyValueSpecification","valueRequired":true,"valueName":"search_term_string"}}],"inLanguage":"cs"}]}},"_links":{"self":[{"href":"https:\/\/www.domkraftpro.com\/index.php\/wp-json\/wp\/v2\/product\/14706","targetHints":{"allow":["GET"]}}],"collection":[{"href":"https:\/\/www.domkraftpro.com\/index.php\/wp-json\/wp\/v2\/product"}],"about":[{"href":"https:\/\/www.domkraftpro.com\/index.php\/wp-json\/wp\/v2\/types\/product"}],"replies":[{"embeddable":true,"href":"https:\/\/www.domkraftpro.com\/index.php\/wp-json\/wp\/v2\/comments?post=14706"}],"wp:featuredmedia":[{"embeddable":true,"href":"https:\/\/www.domkraftpro.com\/index.php\/wp-json\/wp\/v2\/media\/14806"}],"wp:attachment":[{"href":"https:\/\/www.domkraftpro.com\/index.php\/wp-json\/wp\/v2\/media?parent=14706"}],"wp:term":[{"taxonomy":"product_brand","embeddable":true,"href":"https:\/\/www.domkraftpro.com\/index.php\/wp-json\/wp\/v2\/product_brand?post=14706"},{"taxonomy":"product_cat","embeddable":true,"href":"https:\/\/www.domkraftpro.com\/index.php\/wp-json\/wp\/v2\/product_cat?post=14706"},{"taxonomy":"product_tag","embeddable":true,"href":"https:\/\/www.domkraftpro.com\/index.php\/wp-json\/wp\/v2\/product_tag?post=14706"}],"curies":[{"name":"wp","href":"https:\/\/api.w.org\/{rel}","templated":true}]}}