{"id":14702,"date":"2026-04-27T04:40:59","date_gmt":"2026-04-27T04:40:59","guid":{"rendered":""},"modified":"2026-04-27T04:40:59","modified_gmt":"2026-04-27T04:40:59","slug":"sezonni-sleva-casovy-spinac-digitalni-230-v-max-3680-w-element-shop-cz-14702","status":"publish","type":"product","link":"https:\/\/www.domkraftpro.com\/index.php\/produkt\/sezonni-sleva-casovy-spinac-digitalni-230-v-max-3680-w-element-shop-cz-14702\/","title":{"rendered":"Sez\u00f3nn\u00ed Sleva \u010casov\u00fd sp\u00edna\u010d digit\u00e1ln\u00ed 230 V, max. 3680 W | element-shop.cz"},"content":{"rendered":"<div class=\"basic-description\">\n<h3>Detailn\u00ed popis produktu<\/h3>\n<p>                                    Digit\u00e1ln\u00ed sp\u00ednac\u00ed z\u00e1suvka slou\u017e\u00edc\u00ed k automatick\u00e9mu sp\u00edn\u00e1n\u00ed a vyp\u00edn\u00e1n\u00ed dom\u00e1c\u00edch spot\u0159ebi\u010d\u016f. Kdykoli pot\u0159ebujete zapnout a nebo vypnout spot\u0159ebi\u010d v ur\u010dit\u00e9m <span class=\"show-tooltip\" title=\"\u010cas&amp;nbsp;(zna\u010dka&amp;nbsp;t) je jednou ze z\u00e1kladn\u00edch&amp;nbsp;fyzik\u00e1ln\u00edch veli\u010din&amp;nbsp;soustavy SI, kter\u00e1 se m\u011b\u0159\u00ed v&amp;nbsp;sekund\u00e1ch&amp;nbsp;(s) pomoc\u00ed&amp;nbsp;hodin. \u010cas ozna\u010duje&amp;nbsp;dobu, kter\u00e1 uplyne mezi dv\u011bma okam\u017eiky. V&amp;nbsp;jin\u00e9m ch\u00e1p\u00e1n\u00ed je \u010das poj\u00edm\u00e1n&amp;hellip;\">\u010dasov\u00e9m<\/span> rozmez\u00ed &#8211; sta\u010d\u00ed naprogramovat z\u00e1suvku podle a p\u0159ipojit spot\u0159ebi\u010d.Mo\u017enost automatick\u00e9ho, nebo manu\u00e1ln\u00edho re\u017eimu.<span class=\"show-tooltip\" title=\"Nap\u011bt\u00ed, tak\u00e9 naz\u00fdvan\u00e9 elektrick\u00e9 nap\u011bt\u00ed, je fyzik\u00e1ln\u00ed veli\u010dina, kter\u00e1 vyjad\u0159uje potenci\u00e1ln\u00ed rozd\u00edl mezi dv\u011bma body v elektrick\u00e9m obvodu. Jedn\u00e1 se o skal\u00e1rn\u00ed veli\u010dinu, co\u017e znamen\u00e1, \u017ee m\u00e1 pouze velikost a nem\u00e1 sm\u011br.Nap\u011bt\u00ed je zp\u016fsobeno rozd\u00edlem&amp;hellip;\">Nap\u011bt\u00ed<\/span>: 230 VMax. zat\u00ed\u017een\u00ed: 16 A, 3680 WMin. nastaviteln\u00fd \u010das: 1 minMax. nastaviteln\u00fd \u010das: 1 t\u00fddenPo\u010det program\u016f: 8Pracovn\u00ed <span class=\"show-tooltip\" title=\"Teplota&amp;nbsp;je charakteristika tepeln\u00e9ho&amp;nbsp;stavu&amp;nbsp;hmoty. Je to jedna z nejd\u016fle\u017eit\u011bj\u0161\u00edch fyzik\u00e1ln\u00edch veli\u010din. Teplota ovliv\u0148uje aktivitu (energii) ve\u0161ker\u00fdch \u010d\u00e1stic ve vesm\u00edru a zp\u016fsobuje zm\u011bnu rozm\u011br\u016f, tvaru&amp;hellip;\">teplota<\/span>: -10 a\u017e + 40 \u00b0CTolerance: +- 1 min za m\u011bs\u00edc                            <\/div>\n","protected":false},"excerpt":{"rendered":"<p>Detailn\u00ed popis produktu Digit\u00e1ln\u00ed sp\u00ednac\u00ed z\u00e1suvka slou\u017e\u00edc\u00ed k automatick\u00e9mu sp\u00edn\u00e1n\u00ed a vyp\u00edn\u00e1n\u00ed dom\u00e1c\u00edch spot\u0159ebi\u010d\u016f. Kdykoli pot\u0159ebujete zapnout a nebo vypnout spot\u0159ebi\u010d v ur\u010dit\u00e9m \u010dasov\u00e9m rozmez\u00ed &#8211; sta\u010d\u00ed naprogramovat z\u00e1suvku podle a p\u0159ipojit spot\u0159ebi\u010d.Mo\u017enost automatick\u00e9ho, nebo manu\u00e1ln\u00edho re\u017eimu.Nap\u011bt\u00ed: 230 VMax. zat\u00ed\u017een\u00ed: 16 A, 3680 WMin. nastaviteln\u00fd \u010das: 1 minMax. nastaviteln\u00fd \u010das: 1 t\u00fddenPo\u010det program\u016f: 8Pracovn\u00ed teplota: [&hellip;]<\/p>\n","protected":false},"featured_media":14802,"comment_status":"open","ping_status":"open","template":"","meta":[],"product_brand":[],"product_cat":[58],"product_tag":[],"class_list":{"0":"post-14702","1":"product","2":"type-product","3":"status-publish","4":"has-post-thumbnail","6":"product_cat-dum-a-zahrada","8":"first","9":"instock","10":"sale","11":"shipping-taxable","12":"purchasable","13":"product-type-simple"},"yoast_head":"<!-- This site is optimized with the Yoast SEO plugin v26.8 - https:\/\/yoast.com\/product\/yoast-seo-wordpress\/ -->\n<title>Sez\u00f3nn\u00ed Sleva \u010casov\u00fd sp\u00edna\u010d digit\u00e1ln\u00ed 230 V, max. 3680 W | element-shop.cz -<\/title>\n<meta name=\"robots\" content=\"index, follow, max-snippet:-1, max-image-preview:large, max-video-preview:-1\" \/>\n<link rel=\"canonical\" href=\"https:\/\/www.domkraftpro.com\/index.php\/produkt\/sezonni-sleva-casovy-spinac-digitalni-230-v-max-3680-w-element-shop-cz-14702\/\" \/>\n<meta property=\"og:locale\" content=\"cs_CZ\" \/>\n<meta property=\"og:type\" content=\"article\" \/>\n<meta property=\"og:title\" content=\"Sez\u00f3nn\u00ed Sleva \u010casov\u00fd sp\u00edna\u010d digit\u00e1ln\u00ed 230 V, max. 3680 W | element-shop.cz -\" \/>\n<meta property=\"og:description\" content=\"Detailn\u00ed popis produktu Digit\u00e1ln\u00ed sp\u00ednac\u00ed z\u00e1suvka slou\u017e\u00edc\u00ed k automatick\u00e9mu sp\u00edn\u00e1n\u00ed a vyp\u00edn\u00e1n\u00ed dom\u00e1c\u00edch spot\u0159ebi\u010d\u016f. Kdykoli pot\u0159ebujete zapnout a nebo vypnout spot\u0159ebi\u010d v ur\u010dit\u00e9m \u010dasov\u00e9m rozmez\u00ed &#8211; sta\u010d\u00ed naprogramovat z\u00e1suvku podle a p\u0159ipojit spot\u0159ebi\u010d.Mo\u017enost automatick\u00e9ho, nebo manu\u00e1ln\u00edho re\u017eimu.Nap\u011bt\u00ed: 230 VMax. zat\u00ed\u017een\u00ed: 16 A, 3680 WMin. nastaviteln\u00fd \u010das: 1 minMax. nastaviteln\u00fd \u010das: 1 t\u00fddenPo\u010det program\u016f: 8Pracovn\u00ed teplota: [&hellip;]\" \/>\n<meta property=\"og:url\" content=\"https:\/\/www.domkraftpro.com\/index.php\/produkt\/sezonni-sleva-casovy-spinac-digitalni-230-v-max-3680-w-element-shop-cz-14702\/\" \/>\n<meta property=\"og:image\" content=\"https:\/\/www.domkraftpro.com\/wp-content\/uploads\/2026\/SK0006807-CZ20260425-092522-0-1777080324-114816_rewrite-121711-213119.webp\" \/>\n\t<meta property=\"og:image:width\" content=\"1000\" \/>\n\t<meta property=\"og:image:height\" content=\"750\" \/>\n\t<meta property=\"og:image:type\" content=\"image\/webp\" \/>\n<meta name=\"twitter:card\" content=\"summary_large_image\" \/>\n<script type=\"application\/ld+json\" class=\"yoast-schema-graph\">{\"@context\":\"https:\/\/schema.org\",\"@graph\":[{\"@type\":\"WebPage\",\"@id\":\"https:\/\/www.domkraftpro.com\/index.php\/produkt\/sezonni-sleva-casovy-spinac-digitalni-230-v-max-3680-w-element-shop-cz-14702\/\",\"url\":\"https:\/\/www.domkraftpro.com\/index.php\/produkt\/sezonni-sleva-casovy-spinac-digitalni-230-v-max-3680-w-element-shop-cz-14702\/\",\"name\":\"Sez\u00f3nn\u00ed Sleva \u010casov\u00fd sp\u00edna\u010d digit\u00e1ln\u00ed 230 V, max. 3680 W | element-shop.cz -\",\"isPartOf\":{\"@id\":\"https:\/\/www.domkraftpro.com\/#website\"},\"primaryImageOfPage\":{\"@id\":\"https:\/\/www.domkraftpro.com\/index.php\/produkt\/sezonni-sleva-casovy-spinac-digitalni-230-v-max-3680-w-element-shop-cz-14702\/#primaryimage\"},\"image\":{\"@id\":\"https:\/\/www.domkraftpro.com\/index.php\/produkt\/sezonni-sleva-casovy-spinac-digitalni-230-v-max-3680-w-element-shop-cz-14702\/#primaryimage\"},\"thumbnailUrl\":\"https:\/\/www.domkraftpro.com\/wp-content\/uploads\/2026\/SK0006807-CZ20260425-092522-0-1777080324-114816_rewrite-121711-213119.webp\",\"datePublished\":\"2026-04-27T04:40:59+00:00\",\"breadcrumb\":{\"@id\":\"https:\/\/www.domkraftpro.com\/index.php\/produkt\/sezonni-sleva-casovy-spinac-digitalni-230-v-max-3680-w-element-shop-cz-14702\/#breadcrumb\"},\"inLanguage\":\"cs\",\"potentialAction\":[{\"@type\":\"ReadAction\",\"target\":[\"https:\/\/www.domkraftpro.com\/index.php\/produkt\/sezonni-sleva-casovy-spinac-digitalni-230-v-max-3680-w-element-shop-cz-14702\/\"]}]},{\"@type\":\"ImageObject\",\"inLanguage\":\"cs\",\"@id\":\"https:\/\/www.domkraftpro.com\/index.php\/produkt\/sezonni-sleva-casovy-spinac-digitalni-230-v-max-3680-w-element-shop-cz-14702\/#primaryimage\",\"url\":\"https:\/\/www.domkraftpro.com\/wp-content\/uploads\/2026\/SK0006807-CZ20260425-092522-0-1777080324-114816_rewrite-121711-213119.webp\",\"contentUrl\":\"https:\/\/www.domkraftpro.com\/wp-content\/uploads\/2026\/SK0006807-CZ20260425-092522-0-1777080324-114816_rewrite-121711-213119.webp\",\"width\":1000,\"height\":750},{\"@type\":\"BreadcrumbList\",\"@id\":\"https:\/\/www.domkraftpro.com\/index.php\/produkt\/sezonni-sleva-casovy-spinac-digitalni-230-v-max-3680-w-element-shop-cz-14702\/#breadcrumb\",\"itemListElement\":[{\"@type\":\"ListItem\",\"position\":1,\"name\":\"Home\",\"item\":\"https:\/\/www.domkraftpro.com\/\"},{\"@type\":\"ListItem\",\"position\":2,\"name\":\"Products\",\"item\":\"https:\/\/www.domkraftpro.com\/index.php\/products\/\"},{\"@type\":\"ListItem\",\"position\":3,\"name\":\"Sez\u00f3nn\u00ed Sleva \u010casov\u00fd sp\u00edna\u010d digit\u00e1ln\u00ed 230 V, max. 3680 W | element-shop.cz\"}]},{\"@type\":\"WebSite\",\"@id\":\"https:\/\/www.domkraftpro.com\/#website\",\"url\":\"https:\/\/www.domkraftpro.com\/\",\"name\":\"\",\"description\":\"\",\"potentialAction\":[{\"@type\":\"SearchAction\",\"target\":{\"@type\":\"EntryPoint\",\"urlTemplate\":\"https:\/\/www.domkraftpro.com\/?s={search_term_string}\"},\"query-input\":{\"@type\":\"PropertyValueSpecification\",\"valueRequired\":true,\"valueName\":\"search_term_string\"}}],\"inLanguage\":\"cs\"}]}<\/script>\n<!-- \/ Yoast SEO plugin. -->","yoast_head_json":{"title":"Sez\u00f3nn\u00ed Sleva \u010casov\u00fd sp\u00edna\u010d digit\u00e1ln\u00ed 230 V, max. 3680 W | element-shop.cz -","robots":{"index":"index","follow":"follow","max-snippet":"max-snippet:-1","max-image-preview":"max-image-preview:large","max-video-preview":"max-video-preview:-1"},"canonical":"https:\/\/www.domkraftpro.com\/index.php\/produkt\/sezonni-sleva-casovy-spinac-digitalni-230-v-max-3680-w-element-shop-cz-14702\/","og_locale":"cs_CZ","og_type":"article","og_title":"Sez\u00f3nn\u00ed Sleva \u010casov\u00fd sp\u00edna\u010d digit\u00e1ln\u00ed 230 V, max. 3680 W | element-shop.cz -","og_description":"Detailn\u00ed popis produktu Digit\u00e1ln\u00ed sp\u00ednac\u00ed z\u00e1suvka slou\u017e\u00edc\u00ed k automatick\u00e9mu sp\u00edn\u00e1n\u00ed a vyp\u00edn\u00e1n\u00ed dom\u00e1c\u00edch spot\u0159ebi\u010d\u016f. Kdykoli pot\u0159ebujete zapnout a nebo vypnout spot\u0159ebi\u010d v ur\u010dit\u00e9m \u010dasov\u00e9m rozmez\u00ed &#8211; sta\u010d\u00ed naprogramovat z\u00e1suvku podle a p\u0159ipojit spot\u0159ebi\u010d.Mo\u017enost automatick\u00e9ho, nebo manu\u00e1ln\u00edho re\u017eimu.Nap\u011bt\u00ed: 230 VMax. zat\u00ed\u017een\u00ed: 16 A, 3680 WMin. nastaviteln\u00fd \u010das: 1 minMax. nastaviteln\u00fd \u010das: 1 t\u00fddenPo\u010det program\u016f: 8Pracovn\u00ed teplota: [&hellip;]","og_url":"https:\/\/www.domkraftpro.com\/index.php\/produkt\/sezonni-sleva-casovy-spinac-digitalni-230-v-max-3680-w-element-shop-cz-14702\/","og_image":[{"width":1000,"height":750,"url":"https:\/\/www.domkraftpro.com\/wp-content\/uploads\/2026\/SK0006807-CZ20260425-092522-0-1777080324-114816_rewrite-121711-213119.webp","type":"image\/webp"}],"twitter_card":"summary_large_image","schema":{"@context":"https:\/\/schema.org","@graph":[{"@type":"WebPage","@id":"https:\/\/www.domkraftpro.com\/index.php\/produkt\/sezonni-sleva-casovy-spinac-digitalni-230-v-max-3680-w-element-shop-cz-14702\/","url":"https:\/\/www.domkraftpro.com\/index.php\/produkt\/sezonni-sleva-casovy-spinac-digitalni-230-v-max-3680-w-element-shop-cz-14702\/","name":"Sez\u00f3nn\u00ed Sleva \u010casov\u00fd sp\u00edna\u010d digit\u00e1ln\u00ed 230 V, max. 3680 W | element-shop.cz -","isPartOf":{"@id":"https:\/\/www.domkraftpro.com\/#website"},"primaryImageOfPage":{"@id":"https:\/\/www.domkraftpro.com\/index.php\/produkt\/sezonni-sleva-casovy-spinac-digitalni-230-v-max-3680-w-element-shop-cz-14702\/#primaryimage"},"image":{"@id":"https:\/\/www.domkraftpro.com\/index.php\/produkt\/sezonni-sleva-casovy-spinac-digitalni-230-v-max-3680-w-element-shop-cz-14702\/#primaryimage"},"thumbnailUrl":"https:\/\/www.domkraftpro.com\/wp-content\/uploads\/2026\/SK0006807-CZ20260425-092522-0-1777080324-114816_rewrite-121711-213119.webp","datePublished":"2026-04-27T04:40:59+00:00","breadcrumb":{"@id":"https:\/\/www.domkraftpro.com\/index.php\/produkt\/sezonni-sleva-casovy-spinac-digitalni-230-v-max-3680-w-element-shop-cz-14702\/#breadcrumb"},"inLanguage":"cs","potentialAction":[{"@type":"ReadAction","target":["https:\/\/www.domkraftpro.com\/index.php\/produkt\/sezonni-sleva-casovy-spinac-digitalni-230-v-max-3680-w-element-shop-cz-14702\/"]}]},{"@type":"ImageObject","inLanguage":"cs","@id":"https:\/\/www.domkraftpro.com\/index.php\/produkt\/sezonni-sleva-casovy-spinac-digitalni-230-v-max-3680-w-element-shop-cz-14702\/#primaryimage","url":"https:\/\/www.domkraftpro.com\/wp-content\/uploads\/2026\/SK0006807-CZ20260425-092522-0-1777080324-114816_rewrite-121711-213119.webp","contentUrl":"https:\/\/www.domkraftpro.com\/wp-content\/uploads\/2026\/SK0006807-CZ20260425-092522-0-1777080324-114816_rewrite-121711-213119.webp","width":1000,"height":750},{"@type":"BreadcrumbList","@id":"https:\/\/www.domkraftpro.com\/index.php\/produkt\/sezonni-sleva-casovy-spinac-digitalni-230-v-max-3680-w-element-shop-cz-14702\/#breadcrumb","itemListElement":[{"@type":"ListItem","position":1,"name":"Home","item":"https:\/\/www.domkraftpro.com\/"},{"@type":"ListItem","position":2,"name":"Products","item":"https:\/\/www.domkraftpro.com\/index.php\/products\/"},{"@type":"ListItem","position":3,"name":"Sez\u00f3nn\u00ed Sleva \u010casov\u00fd sp\u00edna\u010d digit\u00e1ln\u00ed 230 V, max. 3680 W | element-shop.cz"}]},{"@type":"WebSite","@id":"https:\/\/www.domkraftpro.com\/#website","url":"https:\/\/www.domkraftpro.com\/","name":"","description":"","potentialAction":[{"@type":"SearchAction","target":{"@type":"EntryPoint","urlTemplate":"https:\/\/www.domkraftpro.com\/?s={search_term_string}"},"query-input":{"@type":"PropertyValueSpecification","valueRequired":true,"valueName":"search_term_string"}}],"inLanguage":"cs"}]}},"_links":{"self":[{"href":"https:\/\/www.domkraftpro.com\/index.php\/wp-json\/wp\/v2\/product\/14702","targetHints":{"allow":["GET"]}}],"collection":[{"href":"https:\/\/www.domkraftpro.com\/index.php\/wp-json\/wp\/v2\/product"}],"about":[{"href":"https:\/\/www.domkraftpro.com\/index.php\/wp-json\/wp\/v2\/types\/product"}],"replies":[{"embeddable":true,"href":"https:\/\/www.domkraftpro.com\/index.php\/wp-json\/wp\/v2\/comments?post=14702"}],"wp:featuredmedia":[{"embeddable":true,"href":"https:\/\/www.domkraftpro.com\/index.php\/wp-json\/wp\/v2\/media\/14802"}],"wp:attachment":[{"href":"https:\/\/www.domkraftpro.com\/index.php\/wp-json\/wp\/v2\/media?parent=14702"}],"wp:term":[{"taxonomy":"product_brand","embeddable":true,"href":"https:\/\/www.domkraftpro.com\/index.php\/wp-json\/wp\/v2\/product_brand?post=14702"},{"taxonomy":"product_cat","embeddable":true,"href":"https:\/\/www.domkraftpro.com\/index.php\/wp-json\/wp\/v2\/product_cat?post=14702"},{"taxonomy":"product_tag","embeddable":true,"href":"https:\/\/www.domkraftpro.com\/index.php\/wp-json\/wp\/v2\/product_tag?post=14702"}],"curies":[{"name":"wp","href":"https:\/\/api.w.org\/{rel}","templated":true}]}}