{"id":14701,"date":"2026-04-27T04:40:59","date_gmt":"2026-04-27T04:40:59","guid":{"rendered":""},"modified":"2026-04-27T04:40:59","modified_gmt":"2026-04-27T04:40:59","slug":"jen-po-omezenou-doba-seci-strojek-jednoradkovy-na-nasadu-element-shop-cz-14701","status":"publish","type":"product","link":"https:\/\/www.domkraftpro.com\/index.php\/produkt\/jen-po-omezenou-doba-seci-strojek-jednoradkovy-na-nasadu-element-shop-cz-14701\/","title":{"rendered":"Jen Po Omezenou Doba Sec\u00ed strojek jedno\u0159\u00e1dkov\u00fd, na n\u00e1sadu | element-shop.cz"},"content":{"rendered":"<div class=\"basic-description\">\n<h3>Detailn\u00ed popis produktu<\/h3>\n<p>                                    Kvalitn\u00ed celokovov\u00fd sec\u00ed strojek na n\u00e1sadu. Jedno\u0159\u00e1dkov\u00e1 ru\u010dn\u00ed se\u010dka je ide\u00e1ln\u00ed na oset\u00ed men\u0161\u00edch ploch, pa\u0159eni\u0161\u0165 a sklen\u00edk\u016f. H\u0159\u00eddel je vybaven\u00e1 3 velikostmi otvor\u016f pro r\u016fzn\u00e9 velikosti semen (1,5; 3,5 a 5 mm). Rozm\u011br se nastavuje posunut\u00edm h\u0159\u00eddele a kol tak, aby zvolen\u00e1 velikost otvoru byla uprost\u0159ed n\u00e1sypky. <span class=\"show-tooltip\" title=\"Regulace je proces nebo mechanismus, kter\u00fd slou\u017e\u00ed k udr\u017een\u00ed, \u0159\u00edzen\u00ed nebo stabilizaci ur\u010dit\u00e9ho parametru, stavu nebo syst\u00e9mu. C\u00edlem regulace je dos\u00e1hnout specifick\u00e9ho v\u00fdsledku nebo udr\u017eet dan\u00fd stav v souladu s ur\u010dit\u00fdmi normami, po\u017eadavky nebo&amp;hellip;\">Regulace<\/span> vys\u00e9van\u00e9ho mno\u017estv\u00ed se vykon\u00e1v\u00e1 regula\u010dn\u00ed matic\u00ed zakon\u010denou kart\u00e1\u010dem.<span class=\"show-tooltip\" title=\"Objem je fyzik\u00e1ln\u00ed veli\u010dina, kter\u00e1 vyjad\u0159uje prostor obsazen\u00fd t\u011blesem. Objem se zpravidla m\u011b\u0159\u00ed v krychlov\u00fdch jednotk\u00e1ch, nap\u0159\u00edklad krychlov\u00e9 metry (m\u00b3) nebo krychlov\u00e9 centimetry (cm\u00b3). Objem lze vypo\u010d\u00edtat r\u016fzn\u00fdmi zp\u016fsoby, v z\u00e1vislosti na&amp;hellip;\">Objem<\/span> n\u00e1doby: 100 mlRozm\u011bry semen: 1,5; 3,5; 5 mmCelkov\u00fd rozm\u011br: 14 x 12 x 15 cm                            <\/div>\n","protected":false},"excerpt":{"rendered":"<p>Detailn\u00ed popis produktu Kvalitn\u00ed celokovov\u00fd sec\u00ed strojek na n\u00e1sadu. Jedno\u0159\u00e1dkov\u00e1 ru\u010dn\u00ed se\u010dka je ide\u00e1ln\u00ed na oset\u00ed men\u0161\u00edch ploch, pa\u0159eni\u0161\u0165 a sklen\u00edk\u016f. H\u0159\u00eddel je vybaven\u00e1 3 velikostmi otvor\u016f pro r\u016fzn\u00e9 velikosti semen (1,5; 3,5 a 5 mm). Rozm\u011br se nastavuje posunut\u00edm h\u0159\u00eddele a kol tak, aby zvolen\u00e1 velikost otvoru byla uprost\u0159ed n\u00e1sypky. Regulace vys\u00e9van\u00e9ho mno\u017estv\u00ed se [&hellip;]<\/p>\n","protected":false},"featured_media":14801,"comment_status":"open","ping_status":"open","template":"","meta":[],"product_brand":[],"product_cat":[58],"product_tag":[],"class_list":{"0":"post-14701","1":"product","2":"type-product","3":"status-publish","4":"has-post-thumbnail","6":"product_cat-dum-a-zahrada","8":"first","9":"instock","10":"sale","11":"shipping-taxable","12":"purchasable","13":"product-type-simple"},"yoast_head":"<!-- This site is optimized with the Yoast SEO plugin v26.8 - https:\/\/yoast.com\/product\/yoast-seo-wordpress\/ -->\n<title>Jen Po Omezenou Doba Sec\u00ed strojek jedno\u0159\u00e1dkov\u00fd, na n\u00e1sadu | element-shop.cz -<\/title>\n<meta name=\"robots\" content=\"index, follow, max-snippet:-1, max-image-preview:large, max-video-preview:-1\" \/>\n<link rel=\"canonical\" href=\"https:\/\/www.domkraftpro.com\/index.php\/produkt\/jen-po-omezenou-doba-seci-strojek-jednoradkovy-na-nasadu-element-shop-cz-14701\/\" \/>\n<meta property=\"og:locale\" content=\"cs_CZ\" \/>\n<meta property=\"og:type\" content=\"article\" \/>\n<meta property=\"og:title\" content=\"Jen Po Omezenou Doba Sec\u00ed strojek jedno\u0159\u00e1dkov\u00fd, na n\u00e1sadu | element-shop.cz -\" \/>\n<meta property=\"og:description\" content=\"Detailn\u00ed popis produktu Kvalitn\u00ed celokovov\u00fd sec\u00ed strojek na n\u00e1sadu. Jedno\u0159\u00e1dkov\u00e1 ru\u010dn\u00ed se\u010dka je ide\u00e1ln\u00ed na oset\u00ed men\u0161\u00edch ploch, pa\u0159eni\u0161\u0165 a sklen\u00edk\u016f. H\u0159\u00eddel je vybaven\u00e1 3 velikostmi otvor\u016f pro r\u016fzn\u00e9 velikosti semen (1,5; 3,5 a 5 mm). Rozm\u011br se nastavuje posunut\u00edm h\u0159\u00eddele a kol tak, aby zvolen\u00e1 velikost otvoru byla uprost\u0159ed n\u00e1sypky. Regulace vys\u00e9van\u00e9ho mno\u017estv\u00ed se [&hellip;]\" \/>\n<meta property=\"og:url\" content=\"https:\/\/www.domkraftpro.com\/index.php\/produkt\/jen-po-omezenou-doba-seci-strojek-jednoradkovy-na-nasadu-element-shop-cz-14701\/\" \/>\n<meta property=\"og:image\" content=\"https:\/\/www.domkraftpro.com\/wp-content\/uploads\/2026\/SK0006806-CZ20260425-092522-0-1777080324-114813_rewrite-66593-11169.webp\" \/>\n\t<meta property=\"og:image:width\" content=\"1000\" \/>\n\t<meta property=\"og:image:height\" content=\"750\" \/>\n\t<meta property=\"og:image:type\" content=\"image\/webp\" \/>\n<meta name=\"twitter:card\" content=\"summary_large_image\" \/>\n<script type=\"application\/ld+json\" class=\"yoast-schema-graph\">{\"@context\":\"https:\/\/schema.org\",\"@graph\":[{\"@type\":\"WebPage\",\"@id\":\"https:\/\/www.domkraftpro.com\/index.php\/produkt\/jen-po-omezenou-doba-seci-strojek-jednoradkovy-na-nasadu-element-shop-cz-14701\/\",\"url\":\"https:\/\/www.domkraftpro.com\/index.php\/produkt\/jen-po-omezenou-doba-seci-strojek-jednoradkovy-na-nasadu-element-shop-cz-14701\/\",\"name\":\"Jen Po Omezenou Doba Sec\u00ed strojek jedno\u0159\u00e1dkov\u00fd, na n\u00e1sadu | element-shop.cz -\",\"isPartOf\":{\"@id\":\"https:\/\/www.domkraftpro.com\/#website\"},\"primaryImageOfPage\":{\"@id\":\"https:\/\/www.domkraftpro.com\/index.php\/produkt\/jen-po-omezenou-doba-seci-strojek-jednoradkovy-na-nasadu-element-shop-cz-14701\/#primaryimage\"},\"image\":{\"@id\":\"https:\/\/www.domkraftpro.com\/index.php\/produkt\/jen-po-omezenou-doba-seci-strojek-jednoradkovy-na-nasadu-element-shop-cz-14701\/#primaryimage\"},\"thumbnailUrl\":\"https:\/\/www.domkraftpro.com\/wp-content\/uploads\/2026\/SK0006806-CZ20260425-092522-0-1777080324-114813_rewrite-66593-11169.webp\",\"datePublished\":\"2026-04-27T04:40:59+00:00\",\"breadcrumb\":{\"@id\":\"https:\/\/www.domkraftpro.com\/index.php\/produkt\/jen-po-omezenou-doba-seci-strojek-jednoradkovy-na-nasadu-element-shop-cz-14701\/#breadcrumb\"},\"inLanguage\":\"cs\",\"potentialAction\":[{\"@type\":\"ReadAction\",\"target\":[\"https:\/\/www.domkraftpro.com\/index.php\/produkt\/jen-po-omezenou-doba-seci-strojek-jednoradkovy-na-nasadu-element-shop-cz-14701\/\"]}]},{\"@type\":\"ImageObject\",\"inLanguage\":\"cs\",\"@id\":\"https:\/\/www.domkraftpro.com\/index.php\/produkt\/jen-po-omezenou-doba-seci-strojek-jednoradkovy-na-nasadu-element-shop-cz-14701\/#primaryimage\",\"url\":\"https:\/\/www.domkraftpro.com\/wp-content\/uploads\/2026\/SK0006806-CZ20260425-092522-0-1777080324-114813_rewrite-66593-11169.webp\",\"contentUrl\":\"https:\/\/www.domkraftpro.com\/wp-content\/uploads\/2026\/SK0006806-CZ20260425-092522-0-1777080324-114813_rewrite-66593-11169.webp\",\"width\":1000,\"height\":750},{\"@type\":\"BreadcrumbList\",\"@id\":\"https:\/\/www.domkraftpro.com\/index.php\/produkt\/jen-po-omezenou-doba-seci-strojek-jednoradkovy-na-nasadu-element-shop-cz-14701\/#breadcrumb\",\"itemListElement\":[{\"@type\":\"ListItem\",\"position\":1,\"name\":\"Home\",\"item\":\"https:\/\/www.domkraftpro.com\/\"},{\"@type\":\"ListItem\",\"position\":2,\"name\":\"Products\",\"item\":\"https:\/\/www.domkraftpro.com\/index.php\/products\/\"},{\"@type\":\"ListItem\",\"position\":3,\"name\":\"Jen Po Omezenou Doba Sec\u00ed strojek jedno\u0159\u00e1dkov\u00fd, na n\u00e1sadu | element-shop.cz\"}]},{\"@type\":\"WebSite\",\"@id\":\"https:\/\/www.domkraftpro.com\/#website\",\"url\":\"https:\/\/www.domkraftpro.com\/\",\"name\":\"\",\"description\":\"\",\"potentialAction\":[{\"@type\":\"SearchAction\",\"target\":{\"@type\":\"EntryPoint\",\"urlTemplate\":\"https:\/\/www.domkraftpro.com\/?s={search_term_string}\"},\"query-input\":{\"@type\":\"PropertyValueSpecification\",\"valueRequired\":true,\"valueName\":\"search_term_string\"}}],\"inLanguage\":\"cs\"}]}<\/script>\n<!-- \/ Yoast SEO plugin. -->","yoast_head_json":{"title":"Jen Po Omezenou Doba Sec\u00ed strojek jedno\u0159\u00e1dkov\u00fd, na n\u00e1sadu | element-shop.cz -","robots":{"index":"index","follow":"follow","max-snippet":"max-snippet:-1","max-image-preview":"max-image-preview:large","max-video-preview":"max-video-preview:-1"},"canonical":"https:\/\/www.domkraftpro.com\/index.php\/produkt\/jen-po-omezenou-doba-seci-strojek-jednoradkovy-na-nasadu-element-shop-cz-14701\/","og_locale":"cs_CZ","og_type":"article","og_title":"Jen Po Omezenou Doba Sec\u00ed strojek jedno\u0159\u00e1dkov\u00fd, na n\u00e1sadu | element-shop.cz -","og_description":"Detailn\u00ed popis produktu Kvalitn\u00ed celokovov\u00fd sec\u00ed strojek na n\u00e1sadu. Jedno\u0159\u00e1dkov\u00e1 ru\u010dn\u00ed se\u010dka je ide\u00e1ln\u00ed na oset\u00ed men\u0161\u00edch ploch, pa\u0159eni\u0161\u0165 a sklen\u00edk\u016f. H\u0159\u00eddel je vybaven\u00e1 3 velikostmi otvor\u016f pro r\u016fzn\u00e9 velikosti semen (1,5; 3,5 a 5 mm). Rozm\u011br se nastavuje posunut\u00edm h\u0159\u00eddele a kol tak, aby zvolen\u00e1 velikost otvoru byla uprost\u0159ed n\u00e1sypky. Regulace vys\u00e9van\u00e9ho mno\u017estv\u00ed se [&hellip;]","og_url":"https:\/\/www.domkraftpro.com\/index.php\/produkt\/jen-po-omezenou-doba-seci-strojek-jednoradkovy-na-nasadu-element-shop-cz-14701\/","og_image":[{"width":1000,"height":750,"url":"https:\/\/www.domkraftpro.com\/wp-content\/uploads\/2026\/SK0006806-CZ20260425-092522-0-1777080324-114813_rewrite-66593-11169.webp","type":"image\/webp"}],"twitter_card":"summary_large_image","schema":{"@context":"https:\/\/schema.org","@graph":[{"@type":"WebPage","@id":"https:\/\/www.domkraftpro.com\/index.php\/produkt\/jen-po-omezenou-doba-seci-strojek-jednoradkovy-na-nasadu-element-shop-cz-14701\/","url":"https:\/\/www.domkraftpro.com\/index.php\/produkt\/jen-po-omezenou-doba-seci-strojek-jednoradkovy-na-nasadu-element-shop-cz-14701\/","name":"Jen Po Omezenou Doba Sec\u00ed strojek jedno\u0159\u00e1dkov\u00fd, na n\u00e1sadu | element-shop.cz -","isPartOf":{"@id":"https:\/\/www.domkraftpro.com\/#website"},"primaryImageOfPage":{"@id":"https:\/\/www.domkraftpro.com\/index.php\/produkt\/jen-po-omezenou-doba-seci-strojek-jednoradkovy-na-nasadu-element-shop-cz-14701\/#primaryimage"},"image":{"@id":"https:\/\/www.domkraftpro.com\/index.php\/produkt\/jen-po-omezenou-doba-seci-strojek-jednoradkovy-na-nasadu-element-shop-cz-14701\/#primaryimage"},"thumbnailUrl":"https:\/\/www.domkraftpro.com\/wp-content\/uploads\/2026\/SK0006806-CZ20260425-092522-0-1777080324-114813_rewrite-66593-11169.webp","datePublished":"2026-04-27T04:40:59+00:00","breadcrumb":{"@id":"https:\/\/www.domkraftpro.com\/index.php\/produkt\/jen-po-omezenou-doba-seci-strojek-jednoradkovy-na-nasadu-element-shop-cz-14701\/#breadcrumb"},"inLanguage":"cs","potentialAction":[{"@type":"ReadAction","target":["https:\/\/www.domkraftpro.com\/index.php\/produkt\/jen-po-omezenou-doba-seci-strojek-jednoradkovy-na-nasadu-element-shop-cz-14701\/"]}]},{"@type":"ImageObject","inLanguage":"cs","@id":"https:\/\/www.domkraftpro.com\/index.php\/produkt\/jen-po-omezenou-doba-seci-strojek-jednoradkovy-na-nasadu-element-shop-cz-14701\/#primaryimage","url":"https:\/\/www.domkraftpro.com\/wp-content\/uploads\/2026\/SK0006806-CZ20260425-092522-0-1777080324-114813_rewrite-66593-11169.webp","contentUrl":"https:\/\/www.domkraftpro.com\/wp-content\/uploads\/2026\/SK0006806-CZ20260425-092522-0-1777080324-114813_rewrite-66593-11169.webp","width":1000,"height":750},{"@type":"BreadcrumbList","@id":"https:\/\/www.domkraftpro.com\/index.php\/produkt\/jen-po-omezenou-doba-seci-strojek-jednoradkovy-na-nasadu-element-shop-cz-14701\/#breadcrumb","itemListElement":[{"@type":"ListItem","position":1,"name":"Home","item":"https:\/\/www.domkraftpro.com\/"},{"@type":"ListItem","position":2,"name":"Products","item":"https:\/\/www.domkraftpro.com\/index.php\/products\/"},{"@type":"ListItem","position":3,"name":"Jen Po Omezenou Doba Sec\u00ed strojek jedno\u0159\u00e1dkov\u00fd, na n\u00e1sadu | element-shop.cz"}]},{"@type":"WebSite","@id":"https:\/\/www.domkraftpro.com\/#website","url":"https:\/\/www.domkraftpro.com\/","name":"","description":"","potentialAction":[{"@type":"SearchAction","target":{"@type":"EntryPoint","urlTemplate":"https:\/\/www.domkraftpro.com\/?s={search_term_string}"},"query-input":{"@type":"PropertyValueSpecification","valueRequired":true,"valueName":"search_term_string"}}],"inLanguage":"cs"}]}},"_links":{"self":[{"href":"https:\/\/www.domkraftpro.com\/index.php\/wp-json\/wp\/v2\/product\/14701","targetHints":{"allow":["GET"]}}],"collection":[{"href":"https:\/\/www.domkraftpro.com\/index.php\/wp-json\/wp\/v2\/product"}],"about":[{"href":"https:\/\/www.domkraftpro.com\/index.php\/wp-json\/wp\/v2\/types\/product"}],"replies":[{"embeddable":true,"href":"https:\/\/www.domkraftpro.com\/index.php\/wp-json\/wp\/v2\/comments?post=14701"}],"wp:featuredmedia":[{"embeddable":true,"href":"https:\/\/www.domkraftpro.com\/index.php\/wp-json\/wp\/v2\/media\/14801"}],"wp:attachment":[{"href":"https:\/\/www.domkraftpro.com\/index.php\/wp-json\/wp\/v2\/media?parent=14701"}],"wp:term":[{"taxonomy":"product_brand","embeddable":true,"href":"https:\/\/www.domkraftpro.com\/index.php\/wp-json\/wp\/v2\/product_brand?post=14701"},{"taxonomy":"product_cat","embeddable":true,"href":"https:\/\/www.domkraftpro.com\/index.php\/wp-json\/wp\/v2\/product_cat?post=14701"},{"taxonomy":"product_tag","embeddable":true,"href":"https:\/\/www.domkraftpro.com\/index.php\/wp-json\/wp\/v2\/product_tag?post=14701"}],"curies":[{"name":"wp","href":"https:\/\/api.w.org\/{rel}","templated":true}]}}