{"id":14695,"date":"2026-04-27T04:40:59","date_gmt":"2026-04-27T04:40:59","guid":{"rendered":""},"modified":"2026-04-27T04:40:59","modified_gmt":"2026-04-27T04:40:59","slug":"zlevneny-zavlazovaci-vak-na-strom-95-l-190-g-m2-element-shop-cz-14695","status":"publish","type":"product","link":"https:\/\/www.domkraftpro.com\/index.php\/produkt\/zlevneny-zavlazovaci-vak-na-strom-95-l-190-g-m2-element-shop-cz-14695\/","title":{"rendered":"Zlevn\u011bn\u00fd Zavla\u017eovac\u00ed vak na strom 95 l, 190 g\/m2 | element-shop.cz"},"content":{"rendered":"<div class=\"basic-description\">\n<h3>Detailn\u00ed popis produktu<\/h3>\n<p>                                    Speci\u00e1ln\u00ed zavla\u017eovac\u00ed vak uleh\u010duje pr\u00e1ci se zal\u00e9v\u00e1n\u00edm <span class=\"show-tooltip\" title=\"Strom je vy\u0161\u0161\u00ed rostlina se vzp\u0159\u00edmen\u00fdm d\u0159evnat\u00fdm kmenem, kter\u00fd se v\u011btv\u00ed a m\u00e1 korunu tvo\u0159enou v\u011btvemi a listy.&amp;nbsp;&amp;nbsp;Botanick\u00fd popis:&amp;nbsp;Strom je vy\u0161\u0161\u00ed rostlina, kter\u00e1 m\u00e1 jednu hlavn\u00ed, vzp\u0159\u00edmenou \u010d\u00e1st zvanou kmen.&amp;nbsp;Z kmene vyr\u016fstaj\u00ed&amp;hellip;\">strom\u016f<\/span>. Zavla\u017eovac\u00ed vaky ke strom\u016fm se velmi snadno montuj\u00ed a umo\u017e\u0148uj\u00ed tak rychl\u00e9 p\u0159esunut\u00ed na jin\u00e9 m\u00edsto. Zavla\u017eovac\u00ed pytle maxim\u00e1ln\u011b podporuj\u00ed r\u016fst a zdrav\u00ed nov\u011b vysazen\u00fdch strom\u016f a tak\u00e9 t\u011bch, kter\u00e9 jsou vystaveny velk\u00e9mu horku.Vak m\u00e1 speci\u00e1ln\u00ed dvojitou konstrukci do kter\u00e9 se <span class=\"show-tooltip\" title=\"Voda,&amp;nbsp;chemick\u00fdm vzorcem&amp;nbsp;H2O,&amp;nbsp;systematick\u00fd n\u00e1zev&amp;nbsp;oxidan, je&amp;nbsp;chemick\u00e1 slou\u010denina&amp;nbsp;vod\u00edku&amp;nbsp;a&amp;nbsp;kysl\u00edku. Spolu se&amp;nbsp;vzduchem, resp.&amp;nbsp;zemskou atmosf\u00e9rou, tvo\u0159\u00ed z\u00e1kladn\u00ed podm\u00ednky pro&amp;hellip;\">voda<\/span> pln\u00ed a ta pot\u00e9 pozvoln\u011b vyt\u00e9k\u00e1 otvory na dn\u011b.Velkou v\u00fdhodou je mo\u017enost spojen\u00ed dvou vak\u016f a pou\u017eit\u00ed pro stromy v\u011bt\u0161\u00edho pr\u016fm\u011bru.<span class=\"show-tooltip\" title=\"Objem je fyzik\u00e1ln\u00ed veli\u010dina, kter\u00e1 vyjad\u0159uje prostor obsazen\u00fd t\u011blesem. Objem se zpravidla m\u011b\u0159\u00ed v krychlov\u00fdch jednotk\u00e1ch, nap\u0159\u00edklad krychlov\u00e9 metry (m\u00b3) nebo krychlov\u00e9 centimetry (cm\u00b3). Objem lze vypo\u010d\u00edtat r\u016fzn\u00fdmi zp\u016fsoby, v z\u00e1vislosti na&amp;hellip;\">Objem<\/span>: 75 litr\u016fV\u00fd\u0161ka: 76 cmMax. <span class=\"show-tooltip\" title=\"Pr\u016fm\u011br kruhu a kru\u017enice je d\u00e9lka \u00fase\u010dky, kter\u00e1 proch\u00e1z\u00ed st\u0159edem kruhu a spojuje dva body na jeho obvodu. Zkr\u00e1cen\u011b se pr\u016fm\u011br kruhu ozna\u010duje symbolem &quot;d&quot;.Vztah mezi pr\u016fm\u011brem kruhu a jeho polom\u011brem &quot;r&quot; je n\u00e1sleduj\u00edc\u00ed: d = 2 * rKde &quot;d&quot; je&amp;hellip;\">pr\u016fm\u011br<\/span> stromu: 20 cm ( 1 vak )<span class=\"show-tooltip\" title=\"\u010cas&amp;nbsp;(zna\u010dka&amp;nbsp;t) je jednou ze z\u00e1kladn\u00edch&amp;nbsp;fyzik\u00e1ln\u00edch veli\u010din&amp;nbsp;soustavy SI, kter\u00e1 se m\u011b\u0159\u00ed v&amp;nbsp;sekund\u00e1ch&amp;nbsp;(s) pomoc\u00ed&amp;nbsp;hodin. \u010cas ozna\u010duje&amp;nbsp;dobu, kter\u00e1 uplyne mezi dv\u011bma okam\u017eiky. V&amp;nbsp;jin\u00e9m ch\u00e1p\u00e1n\u00ed je \u010das poj\u00edm\u00e1n&amp;hellip;\">Doba<\/span> vypr\u00e1zdn\u011bn\u00ed: 6 &#8211; 8 hMateri\u00e1l: PE &#8211; 190g\/m2                            <\/div>\n","protected":false},"excerpt":{"rendered":"<p>Detailn\u00ed popis produktu Speci\u00e1ln\u00ed zavla\u017eovac\u00ed vak uleh\u010duje pr\u00e1ci se zal\u00e9v\u00e1n\u00edm strom\u016f. Zavla\u017eovac\u00ed vaky ke strom\u016fm se velmi snadno montuj\u00ed a umo\u017e\u0148uj\u00ed tak rychl\u00e9 p\u0159esunut\u00ed na jin\u00e9 m\u00edsto. Zavla\u017eovac\u00ed pytle maxim\u00e1ln\u011b podporuj\u00ed r\u016fst a zdrav\u00ed nov\u011b vysazen\u00fdch strom\u016f a tak\u00e9 t\u011bch, kter\u00e9 jsou vystaveny velk\u00e9mu horku.Vak m\u00e1 speci\u00e1ln\u00ed dvojitou konstrukci do kter\u00e9 se voda pln\u00ed a [&hellip;]<\/p>\n","protected":false},"featured_media":14795,"comment_status":"open","ping_status":"open","template":"","meta":[],"product_brand":[],"product_cat":[58],"product_tag":[],"class_list":{"0":"post-14695","1":"product","2":"type-product","3":"status-publish","4":"has-post-thumbnail","6":"product_cat-dum-a-zahrada","8":"first","9":"instock","10":"sale","11":"shipping-taxable","12":"purchasable","13":"product-type-simple"},"yoast_head":"<!-- This site is optimized with the Yoast SEO plugin v26.8 - https:\/\/yoast.com\/product\/yoast-seo-wordpress\/ -->\n<title>Zlevn\u011bn\u00fd Zavla\u017eovac\u00ed vak na strom 95 l, 190 g\/m2 | element-shop.cz -<\/title>\n<meta name=\"robots\" content=\"index, follow, max-snippet:-1, max-image-preview:large, max-video-preview:-1\" \/>\n<link rel=\"canonical\" href=\"https:\/\/www.domkraftpro.com\/index.php\/produkt\/zlevneny-zavlazovaci-vak-na-strom-95-l-190-g-m2-element-shop-cz-14695\/\" \/>\n<meta property=\"og:locale\" content=\"cs_CZ\" \/>\n<meta property=\"og:type\" content=\"article\" \/>\n<meta property=\"og:title\" content=\"Zlevn\u011bn\u00fd Zavla\u017eovac\u00ed vak na strom 95 l, 190 g\/m2 | element-shop.cz -\" \/>\n<meta property=\"og:description\" content=\"Detailn\u00ed popis produktu Speci\u00e1ln\u00ed zavla\u017eovac\u00ed vak uleh\u010duje pr\u00e1ci se zal\u00e9v\u00e1n\u00edm strom\u016f. Zavla\u017eovac\u00ed vaky ke strom\u016fm se velmi snadno montuj\u00ed a umo\u017e\u0148uj\u00ed tak rychl\u00e9 p\u0159esunut\u00ed na jin\u00e9 m\u00edsto. Zavla\u017eovac\u00ed pytle maxim\u00e1ln\u011b podporuj\u00ed r\u016fst a zdrav\u00ed nov\u011b vysazen\u00fdch strom\u016f a tak\u00e9 t\u011bch, kter\u00e9 jsou vystaveny velk\u00e9mu horku.Vak m\u00e1 speci\u00e1ln\u00ed dvojitou konstrukci do kter\u00e9 se voda pln\u00ed a [&hellip;]\" \/>\n<meta property=\"og:url\" content=\"https:\/\/www.domkraftpro.com\/index.php\/produkt\/zlevneny-zavlazovaci-vak-na-strom-95-l-190-g-m2-element-shop-cz-14695\/\" \/>\n<meta property=\"og:image\" content=\"https:\/\/www.domkraftpro.com\/wp-content\/uploads\/2026\/SK0006800-CZ20260425-092522-0-1777080324-114756_rewrite-348327-2172864.webp\" \/>\n\t<meta property=\"og:image:width\" content=\"1000\" \/>\n\t<meta property=\"og:image:height\" content=\"750\" \/>\n\t<meta property=\"og:image:type\" content=\"image\/webp\" \/>\n<meta name=\"twitter:card\" content=\"summary_large_image\" \/>\n<meta name=\"twitter:label1\" content=\"Odhadovan\u00e1 doba \u010dten\u00ed\" \/>\n\t<meta name=\"twitter:data1\" content=\"1 minuta\" \/>\n<script type=\"application\/ld+json\" class=\"yoast-schema-graph\">{\"@context\":\"https:\/\/schema.org\",\"@graph\":[{\"@type\":\"WebPage\",\"@id\":\"https:\/\/www.domkraftpro.com\/index.php\/produkt\/zlevneny-zavlazovaci-vak-na-strom-95-l-190-g-m2-element-shop-cz-14695\/\",\"url\":\"https:\/\/www.domkraftpro.com\/index.php\/produkt\/zlevneny-zavlazovaci-vak-na-strom-95-l-190-g-m2-element-shop-cz-14695\/\",\"name\":\"Zlevn\u011bn\u00fd Zavla\u017eovac\u00ed vak na strom 95 l, 190 g\/m2 | element-shop.cz -\",\"isPartOf\":{\"@id\":\"https:\/\/www.domkraftpro.com\/#website\"},\"primaryImageOfPage\":{\"@id\":\"https:\/\/www.domkraftpro.com\/index.php\/produkt\/zlevneny-zavlazovaci-vak-na-strom-95-l-190-g-m2-element-shop-cz-14695\/#primaryimage\"},\"image\":{\"@id\":\"https:\/\/www.domkraftpro.com\/index.php\/produkt\/zlevneny-zavlazovaci-vak-na-strom-95-l-190-g-m2-element-shop-cz-14695\/#primaryimage\"},\"thumbnailUrl\":\"https:\/\/www.domkraftpro.com\/wp-content\/uploads\/2026\/SK0006800-CZ20260425-092522-0-1777080324-114756_rewrite-348327-2172864.webp\",\"datePublished\":\"2026-04-27T04:40:59+00:00\",\"breadcrumb\":{\"@id\":\"https:\/\/www.domkraftpro.com\/index.php\/produkt\/zlevneny-zavlazovaci-vak-na-strom-95-l-190-g-m2-element-shop-cz-14695\/#breadcrumb\"},\"inLanguage\":\"cs\",\"potentialAction\":[{\"@type\":\"ReadAction\",\"target\":[\"https:\/\/www.domkraftpro.com\/index.php\/produkt\/zlevneny-zavlazovaci-vak-na-strom-95-l-190-g-m2-element-shop-cz-14695\/\"]}]},{\"@type\":\"ImageObject\",\"inLanguage\":\"cs\",\"@id\":\"https:\/\/www.domkraftpro.com\/index.php\/produkt\/zlevneny-zavlazovaci-vak-na-strom-95-l-190-g-m2-element-shop-cz-14695\/#primaryimage\",\"url\":\"https:\/\/www.domkraftpro.com\/wp-content\/uploads\/2026\/SK0006800-CZ20260425-092522-0-1777080324-114756_rewrite-348327-2172864.webp\",\"contentUrl\":\"https:\/\/www.domkraftpro.com\/wp-content\/uploads\/2026\/SK0006800-CZ20260425-092522-0-1777080324-114756_rewrite-348327-2172864.webp\",\"width\":1000,\"height\":750},{\"@type\":\"BreadcrumbList\",\"@id\":\"https:\/\/www.domkraftpro.com\/index.php\/produkt\/zlevneny-zavlazovaci-vak-na-strom-95-l-190-g-m2-element-shop-cz-14695\/#breadcrumb\",\"itemListElement\":[{\"@type\":\"ListItem\",\"position\":1,\"name\":\"Home\",\"item\":\"https:\/\/www.domkraftpro.com\/\"},{\"@type\":\"ListItem\",\"position\":2,\"name\":\"Products\",\"item\":\"https:\/\/www.domkraftpro.com\/index.php\/products\/\"},{\"@type\":\"ListItem\",\"position\":3,\"name\":\"Zlevn\u011bn\u00fd Zavla\u017eovac\u00ed vak na strom 95 l, 190 g\/m2 | element-shop.cz\"}]},{\"@type\":\"WebSite\",\"@id\":\"https:\/\/www.domkraftpro.com\/#website\",\"url\":\"https:\/\/www.domkraftpro.com\/\",\"name\":\"\",\"description\":\"\",\"potentialAction\":[{\"@type\":\"SearchAction\",\"target\":{\"@type\":\"EntryPoint\",\"urlTemplate\":\"https:\/\/www.domkraftpro.com\/?s={search_term_string}\"},\"query-input\":{\"@type\":\"PropertyValueSpecification\",\"valueRequired\":true,\"valueName\":\"search_term_string\"}}],\"inLanguage\":\"cs\"}]}<\/script>\n<!-- \/ Yoast SEO plugin. -->","yoast_head_json":{"title":"Zlevn\u011bn\u00fd Zavla\u017eovac\u00ed vak na strom 95 l, 190 g\/m2 | element-shop.cz -","robots":{"index":"index","follow":"follow","max-snippet":"max-snippet:-1","max-image-preview":"max-image-preview:large","max-video-preview":"max-video-preview:-1"},"canonical":"https:\/\/www.domkraftpro.com\/index.php\/produkt\/zlevneny-zavlazovaci-vak-na-strom-95-l-190-g-m2-element-shop-cz-14695\/","og_locale":"cs_CZ","og_type":"article","og_title":"Zlevn\u011bn\u00fd Zavla\u017eovac\u00ed vak na strom 95 l, 190 g\/m2 | element-shop.cz -","og_description":"Detailn\u00ed popis produktu Speci\u00e1ln\u00ed zavla\u017eovac\u00ed vak uleh\u010duje pr\u00e1ci se zal\u00e9v\u00e1n\u00edm strom\u016f. Zavla\u017eovac\u00ed vaky ke strom\u016fm se velmi snadno montuj\u00ed a umo\u017e\u0148uj\u00ed tak rychl\u00e9 p\u0159esunut\u00ed na jin\u00e9 m\u00edsto. Zavla\u017eovac\u00ed pytle maxim\u00e1ln\u011b podporuj\u00ed r\u016fst a zdrav\u00ed nov\u011b vysazen\u00fdch strom\u016f a tak\u00e9 t\u011bch, kter\u00e9 jsou vystaveny velk\u00e9mu horku.Vak m\u00e1 speci\u00e1ln\u00ed dvojitou konstrukci do kter\u00e9 se voda pln\u00ed a [&hellip;]","og_url":"https:\/\/www.domkraftpro.com\/index.php\/produkt\/zlevneny-zavlazovaci-vak-na-strom-95-l-190-g-m2-element-shop-cz-14695\/","og_image":[{"width":1000,"height":750,"url":"https:\/\/www.domkraftpro.com\/wp-content\/uploads\/2026\/SK0006800-CZ20260425-092522-0-1777080324-114756_rewrite-348327-2172864.webp","type":"image\/webp"}],"twitter_card":"summary_large_image","twitter_misc":{"Odhadovan\u00e1 doba \u010dten\u00ed":"1 minuta"},"schema":{"@context":"https:\/\/schema.org","@graph":[{"@type":"WebPage","@id":"https:\/\/www.domkraftpro.com\/index.php\/produkt\/zlevneny-zavlazovaci-vak-na-strom-95-l-190-g-m2-element-shop-cz-14695\/","url":"https:\/\/www.domkraftpro.com\/index.php\/produkt\/zlevneny-zavlazovaci-vak-na-strom-95-l-190-g-m2-element-shop-cz-14695\/","name":"Zlevn\u011bn\u00fd Zavla\u017eovac\u00ed vak na strom 95 l, 190 g\/m2 | element-shop.cz -","isPartOf":{"@id":"https:\/\/www.domkraftpro.com\/#website"},"primaryImageOfPage":{"@id":"https:\/\/www.domkraftpro.com\/index.php\/produkt\/zlevneny-zavlazovaci-vak-na-strom-95-l-190-g-m2-element-shop-cz-14695\/#primaryimage"},"image":{"@id":"https:\/\/www.domkraftpro.com\/index.php\/produkt\/zlevneny-zavlazovaci-vak-na-strom-95-l-190-g-m2-element-shop-cz-14695\/#primaryimage"},"thumbnailUrl":"https:\/\/www.domkraftpro.com\/wp-content\/uploads\/2026\/SK0006800-CZ20260425-092522-0-1777080324-114756_rewrite-348327-2172864.webp","datePublished":"2026-04-27T04:40:59+00:00","breadcrumb":{"@id":"https:\/\/www.domkraftpro.com\/index.php\/produkt\/zlevneny-zavlazovaci-vak-na-strom-95-l-190-g-m2-element-shop-cz-14695\/#breadcrumb"},"inLanguage":"cs","potentialAction":[{"@type":"ReadAction","target":["https:\/\/www.domkraftpro.com\/index.php\/produkt\/zlevneny-zavlazovaci-vak-na-strom-95-l-190-g-m2-element-shop-cz-14695\/"]}]},{"@type":"ImageObject","inLanguage":"cs","@id":"https:\/\/www.domkraftpro.com\/index.php\/produkt\/zlevneny-zavlazovaci-vak-na-strom-95-l-190-g-m2-element-shop-cz-14695\/#primaryimage","url":"https:\/\/www.domkraftpro.com\/wp-content\/uploads\/2026\/SK0006800-CZ20260425-092522-0-1777080324-114756_rewrite-348327-2172864.webp","contentUrl":"https:\/\/www.domkraftpro.com\/wp-content\/uploads\/2026\/SK0006800-CZ20260425-092522-0-1777080324-114756_rewrite-348327-2172864.webp","width":1000,"height":750},{"@type":"BreadcrumbList","@id":"https:\/\/www.domkraftpro.com\/index.php\/produkt\/zlevneny-zavlazovaci-vak-na-strom-95-l-190-g-m2-element-shop-cz-14695\/#breadcrumb","itemListElement":[{"@type":"ListItem","position":1,"name":"Home","item":"https:\/\/www.domkraftpro.com\/"},{"@type":"ListItem","position":2,"name":"Products","item":"https:\/\/www.domkraftpro.com\/index.php\/products\/"},{"@type":"ListItem","position":3,"name":"Zlevn\u011bn\u00fd Zavla\u017eovac\u00ed vak na strom 95 l, 190 g\/m2 | element-shop.cz"}]},{"@type":"WebSite","@id":"https:\/\/www.domkraftpro.com\/#website","url":"https:\/\/www.domkraftpro.com\/","name":"","description":"","potentialAction":[{"@type":"SearchAction","target":{"@type":"EntryPoint","urlTemplate":"https:\/\/www.domkraftpro.com\/?s={search_term_string}"},"query-input":{"@type":"PropertyValueSpecification","valueRequired":true,"valueName":"search_term_string"}}],"inLanguage":"cs"}]}},"_links":{"self":[{"href":"https:\/\/www.domkraftpro.com\/index.php\/wp-json\/wp\/v2\/product\/14695","targetHints":{"allow":["GET"]}}],"collection":[{"href":"https:\/\/www.domkraftpro.com\/index.php\/wp-json\/wp\/v2\/product"}],"about":[{"href":"https:\/\/www.domkraftpro.com\/index.php\/wp-json\/wp\/v2\/types\/product"}],"replies":[{"embeddable":true,"href":"https:\/\/www.domkraftpro.com\/index.php\/wp-json\/wp\/v2\/comments?post=14695"}],"wp:featuredmedia":[{"embeddable":true,"href":"https:\/\/www.domkraftpro.com\/index.php\/wp-json\/wp\/v2\/media\/14795"}],"wp:attachment":[{"href":"https:\/\/www.domkraftpro.com\/index.php\/wp-json\/wp\/v2\/media?parent=14695"}],"wp:term":[{"taxonomy":"product_brand","embeddable":true,"href":"https:\/\/www.domkraftpro.com\/index.php\/wp-json\/wp\/v2\/product_brand?post=14695"},{"taxonomy":"product_cat","embeddable":true,"href":"https:\/\/www.domkraftpro.com\/index.php\/wp-json\/wp\/v2\/product_cat?post=14695"},{"taxonomy":"product_tag","embeddable":true,"href":"https:\/\/www.domkraftpro.com\/index.php\/wp-json\/wp\/v2\/product_tag?post=14695"}],"curies":[{"name":"wp","href":"https:\/\/api.w.org\/{rel}","templated":true}]}}