{"id":14573,"date":"2026-04-27T04:40:58","date_gmt":"2026-04-27T04:40:58","guid":{"rendered":""},"modified":"2026-04-27T04:40:58","modified_gmt":"2026-04-27T04:40:58","slug":"extol-r-premium-srp-na-travu-40-cm-rukojet-plast-zlevneny-14573","status":"publish","type":"product","link":"https:\/\/www.domkraftpro.com\/index.php\/produkt\/extol-r-premium-srp-na-travu-40-cm-rukojet-plast-zlevneny-14573\/","title":{"rendered":"EXTOL\u00ae PREMIUM Srp na tr\u00e1vu 40 cm rukoje\u0165 plast Zlevn\u011bn\u00fd"},"content":{"rendered":"<div class=\"basic-description\">\n<h3>Detailn\u00ed popis produktu<\/h3>\n<p>                                    Srp je jednoru\u010dn\u00ed <span class=\"show-tooltip\" title=\"N\u00e1stroj&amp;nbsp;je pracovn\u00ed prost\u0159edek, pom\u016fcka k zpracov\u00e1n\u00ed n\u011b\u010deho (pracovn\u00ed n\u00e1stroj, \u0159emeslnick\u00fd n\u00e1stroj, chirurgick\u00fd n\u00e1stroj aj.), p\u0159\u00edp. v\u00fdrobn\u00ed pom\u016fcka slou\u017e\u00edc\u00ed p\u0159i ru\u010dn\u00edm nebo strojn\u00edm obr\u00e1b\u011bn\u00ed ke zm\u011bn\u011b velikosti nebo tvaru opracov\u00e1van\u00e9ho&amp;hellip;\">n\u00e1stroj<\/span>, slou\u017e\u00edc\u00ed k odsek\u00e1v\u00e1n\u00ed stvol\u016f rostli p\u0159edev\u0161\u00edm p\u0159i sklizni obil\u00ed a \u017enut\u00ed tr\u00e1vy. Skl\u00e1d\u00e1 se z ploch\u00e9, do polokruhu zahnut\u00e9 kovov\u00e9 \u010d\u00e1sti s vnit\u0159n\u00edm ost\u0159\u00edm a z rukojeti. Srp se, podobn\u011b jako kosa, mus\u00ed pravideln\u011b <span class=\"show-tooltip\" title=\"Brou\u0161en\u00ed je technologick\u00fd proces, p\u0159i kter\u00e9m se odstra\u0148uj\u00ed ne\u017e\u00e1douc\u00ed materi\u00e1lov\u00e9 \u010d\u00e1stice nebo se dosahuje po\u017eadovan\u00fd tvar a povrchov\u00e1 kvalita na ur\u010dit\u00e9m materi\u00e1lu. Brou\u0161en\u00ed se \u010dasto pou\u017e\u00edv\u00e1 k dosa\u017een\u00ed hladk\u00e9ho a p\u0159esn\u00e9ho povrchu na kovech, skle,&amp;hellip;\">brousit<\/span> nejl\u00e9pe kamenn\u00fdm <span class=\"show-tooltip\" title=\"Brousek&amp;nbsp;je mal\u00fd ru\u010dn\u00ed pracovn\u00ed&amp;nbsp;n\u00e1stroj&amp;nbsp;ur\u010den\u00fd pro obrou\u0161en\u00ed&amp;nbsp;ost\u0159\u00ed&amp;nbsp;i&amp;nbsp;b\u0159it\u016f&amp;nbsp;r\u016fzn\u00fdch jin\u00fdch pracovn\u00edch n\u00e1stroj\u016f, pom\u016fcek a p\u0159edm\u011bt\u016f v\u0161edn\u00ed denn\u00ed pot\u0159eby. M\u016f\u017ee se jednat o zcela prost\u00fd brousek kamenn\u00fd, nebo o&amp;hellip;\">brouskem<\/span> a jeho ost\u0159\u00ed je nutno tak\u00e9 spr\u00e1vn\u011b naklep\u00e1vat.Sou\u010d\u00e1st\u00ed balen\u00ed je <span class=\"show-tooltip\" title=\"Plastyn\u011bkdy tak\u00e9 naz\u00fdvan\u00e9 plastick\u00e9 \u010di um\u011bl\u00e9 hmoty, p\u0159edstavuj\u00ed \u0161irokou \u0161k\u00e1lu syntetick\u00fdch nebo \u010d\u00e1ste\u010dn\u011b syntetick\u00fdch organick\u00fdch slou\u010denin a polymern\u00edch materi\u00e1l\u016f. \u010casto obsahuj\u00ed p\u0159\u00edsady zlep\u0161uj\u00edc\u00ed jejich funk\u010dn\u00ed vlastnosti, nap\u0159\u00edklad&amp;hellip;\">plastov\u00e9<\/span> pouzdro, ve kter\u00e9m je mo\u017en\u00e9 srp p\u0159en\u00e1\u0161et a skladovat &#8211; chr\u00e1n\u00ed ost\u0159\u00ed.Celkov\u00e1 <span class=\"show-tooltip\" title=\"D\u00e9lka&amp;nbsp;je jedna ze z\u00e1kladn\u00edch&amp;nbsp;fyzik\u00e1ln\u00edch veli\u010din. Pomoc\u00ed d\u00e9lky se vyjad\u0159uje vz\u00e1jemn\u00e1 poloha a rozprostran\u011bnost objekt\u016f v prostoru. D\u00e9lka jako fyzik\u00e1ln\u00ed veli\u010dina vych\u00e1z\u00ed z geometrick\u00e9ho pojmu&amp;nbsp;d\u00e9lky&amp;nbsp;jako&amp;nbsp;m\u00edry&amp;nbsp;ohrani\u010den\u00e9&amp;hellip;\">d\u00e9lka<\/span>: 40 cmCelkov\u00e1 d\u00e9lka ost\u0159\u00ed: 36 cmD\u00e9lka rukojeti: 15 cmMateri\u00e1l rukojeti: plast + TPR <span class=\"show-tooltip\" title=\"Kau\u010duk&amp;nbsp;je&amp;nbsp;polymern\u00ed materi\u00e1l&amp;nbsp;p\u0159\u00edrodn\u00edho nebo syntetick\u00e9ho p\u016fvodu, vyzna\u010duj\u00edc\u00ed se velkou&amp;nbsp;pru\u017enost\u00ed, tedy schopnost\u00ed se \u00fa\u010dinkem vn\u011bj\u0161\u00ed s\u00edly v\u00fdrazn\u011b deformovat a pot\u00e9 op\u011bt zaujmout p\u016fvodn\u00ed tvar. Je to tedy tzv.&amp;nbsp;elastomer.&amp;hellip;\">guma<\/span><span class=\"show-tooltip\" title=\"Hmotnost&amp;nbsp;je d\u016fle\u017eit\u00e1 fyzik\u00e1ln\u00ed veli\u010dina, aditivn\u00ed vlastnost&amp;nbsp;hmoty&amp;nbsp;(tedy vlastnost jednotliv\u00fdch hmotn\u00fdch&amp;nbsp;t\u011bles), kter\u00e1 vyjad\u0159uje m\u00edru&amp;nbsp;setrva\u010dn\u00fdch&amp;nbsp;\u00fa\u010dink\u016f \u010di m\u00edru&amp;nbsp;gravita\u010dn\u00edch&amp;nbsp;\u00fa\u010dink\u016f hmoty. Ekvivalence setrva\u010dn\u00fdch&amp;hellip;\">Hmotnost<\/span>: 375 g                            <\/div>\n","protected":false},"excerpt":{"rendered":"<p>Detailn\u00ed popis produktu Srp je jednoru\u010dn\u00ed n\u00e1stroj, slou\u017e\u00edc\u00ed k odsek\u00e1v\u00e1n\u00ed stvol\u016f rostli p\u0159edev\u0161\u00edm p\u0159i sklizni obil\u00ed a \u017enut\u00ed tr\u00e1vy. Skl\u00e1d\u00e1 se z ploch\u00e9, do polokruhu zahnut\u00e9 kovov\u00e9 \u010d\u00e1sti s vnit\u0159n\u00edm ost\u0159\u00edm a z rukojeti. Srp se, podobn\u011b jako kosa, mus\u00ed pravideln\u011b brousit nejl\u00e9pe kamenn\u00fdm brouskem a jeho ost\u0159\u00ed je nutno tak\u00e9 spr\u00e1vn\u011b naklep\u00e1vat.Sou\u010d\u00e1st\u00ed balen\u00ed je [&hellip;]<\/p>\n","protected":false},"featured_media":14673,"comment_status":"open","ping_status":"open","template":"","meta":[],"product_brand":[],"product_cat":[58],"product_tag":[],"class_list":{"0":"post-14573","1":"product","2":"type-product","3":"status-publish","4":"has-post-thumbnail","6":"product_cat-dum-a-zahrada","8":"first","9":"instock","10":"sale","11":"shipping-taxable","12":"purchasable","13":"product-type-simple"},"yoast_head":"<!-- This site is optimized with the Yoast SEO plugin v26.8 - https:\/\/yoast.com\/product\/yoast-seo-wordpress\/ -->\n<title>EXTOL\u00ae PREMIUM Srp na tr\u00e1vu 40 cm rukoje\u0165 plast Zlevn\u011bn\u00fd -<\/title>\n<meta name=\"robots\" content=\"index, follow, max-snippet:-1, max-image-preview:large, max-video-preview:-1\" \/>\n<link rel=\"canonical\" href=\"https:\/\/www.domkraftpro.com\/index.php\/produkt\/extol-r-premium-srp-na-travu-40-cm-rukojet-plast-zlevneny-14573\/\" \/>\n<meta property=\"og:locale\" content=\"cs_CZ\" \/>\n<meta property=\"og:type\" content=\"article\" \/>\n<meta property=\"og:title\" content=\"EXTOL\u00ae PREMIUM Srp na tr\u00e1vu 40 cm rukoje\u0165 plast Zlevn\u011bn\u00fd -\" \/>\n<meta property=\"og:description\" content=\"Detailn\u00ed popis produktu Srp je jednoru\u010dn\u00ed n\u00e1stroj, slou\u017e\u00edc\u00ed k odsek\u00e1v\u00e1n\u00ed stvol\u016f rostli p\u0159edev\u0161\u00edm p\u0159i sklizni obil\u00ed a \u017enut\u00ed tr\u00e1vy. Skl\u00e1d\u00e1 se z ploch\u00e9, do polokruhu zahnut\u00e9 kovov\u00e9 \u010d\u00e1sti s vnit\u0159n\u00edm ost\u0159\u00edm a z rukojeti. Srp se, podobn\u011b jako kosa, mus\u00ed pravideln\u011b brousit nejl\u00e9pe kamenn\u00fdm brouskem a jeho ost\u0159\u00ed je nutno tak\u00e9 spr\u00e1vn\u011b naklep\u00e1vat.Sou\u010d\u00e1st\u00ed balen\u00ed je [&hellip;]\" \/>\n<meta property=\"og:url\" content=\"https:\/\/www.domkraftpro.com\/index.php\/produkt\/extol-r-premium-srp-na-travu-40-cm-rukojet-plast-zlevneny-14573\/\" \/>\n<meta property=\"og:image\" content=\"https:\/\/www.domkraftpro.com\/wp-content\/uploads\/2026\/SK0006778-CZ20260425-092522-0-1777080324-114603_rewrite-87056-8877100.webp\" \/>\n\t<meta property=\"og:image:width\" content=\"1000\" \/>\n\t<meta property=\"og:image:height\" content=\"750\" \/>\n\t<meta property=\"og:image:type\" content=\"image\/webp\" \/>\n<meta name=\"twitter:card\" content=\"summary_large_image\" \/>\n<meta name=\"twitter:label1\" content=\"Odhadovan\u00e1 doba \u010dten\u00ed\" \/>\n\t<meta name=\"twitter:data1\" content=\"1 minuta\" \/>\n<script type=\"application\/ld+json\" class=\"yoast-schema-graph\">{\"@context\":\"https:\/\/schema.org\",\"@graph\":[{\"@type\":\"WebPage\",\"@id\":\"https:\/\/www.domkraftpro.com\/index.php\/produkt\/extol-r-premium-srp-na-travu-40-cm-rukojet-plast-zlevneny-14573\/\",\"url\":\"https:\/\/www.domkraftpro.com\/index.php\/produkt\/extol-r-premium-srp-na-travu-40-cm-rukojet-plast-zlevneny-14573\/\",\"name\":\"EXTOL\u00ae PREMIUM Srp na tr\u00e1vu 40 cm rukoje\u0165 plast Zlevn\u011bn\u00fd -\",\"isPartOf\":{\"@id\":\"https:\/\/www.domkraftpro.com\/#website\"},\"primaryImageOfPage\":{\"@id\":\"https:\/\/www.domkraftpro.com\/index.php\/produkt\/extol-r-premium-srp-na-travu-40-cm-rukojet-plast-zlevneny-14573\/#primaryimage\"},\"image\":{\"@id\":\"https:\/\/www.domkraftpro.com\/index.php\/produkt\/extol-r-premium-srp-na-travu-40-cm-rukojet-plast-zlevneny-14573\/#primaryimage\"},\"thumbnailUrl\":\"https:\/\/www.domkraftpro.com\/wp-content\/uploads\/2026\/SK0006778-CZ20260425-092522-0-1777080324-114603_rewrite-87056-8877100.webp\",\"datePublished\":\"2026-04-27T04:40:58+00:00\",\"breadcrumb\":{\"@id\":\"https:\/\/www.domkraftpro.com\/index.php\/produkt\/extol-r-premium-srp-na-travu-40-cm-rukojet-plast-zlevneny-14573\/#breadcrumb\"},\"inLanguage\":\"cs\",\"potentialAction\":[{\"@type\":\"ReadAction\",\"target\":[\"https:\/\/www.domkraftpro.com\/index.php\/produkt\/extol-r-premium-srp-na-travu-40-cm-rukojet-plast-zlevneny-14573\/\"]}]},{\"@type\":\"ImageObject\",\"inLanguage\":\"cs\",\"@id\":\"https:\/\/www.domkraftpro.com\/index.php\/produkt\/extol-r-premium-srp-na-travu-40-cm-rukojet-plast-zlevneny-14573\/#primaryimage\",\"url\":\"https:\/\/www.domkraftpro.com\/wp-content\/uploads\/2026\/SK0006778-CZ20260425-092522-0-1777080324-114603_rewrite-87056-8877100.webp\",\"contentUrl\":\"https:\/\/www.domkraftpro.com\/wp-content\/uploads\/2026\/SK0006778-CZ20260425-092522-0-1777080324-114603_rewrite-87056-8877100.webp\",\"width\":1000,\"height\":750},{\"@type\":\"BreadcrumbList\",\"@id\":\"https:\/\/www.domkraftpro.com\/index.php\/produkt\/extol-r-premium-srp-na-travu-40-cm-rukojet-plast-zlevneny-14573\/#breadcrumb\",\"itemListElement\":[{\"@type\":\"ListItem\",\"position\":1,\"name\":\"Home\",\"item\":\"https:\/\/www.domkraftpro.com\/\"},{\"@type\":\"ListItem\",\"position\":2,\"name\":\"Products\",\"item\":\"https:\/\/www.domkraftpro.com\/index.php\/products\/\"},{\"@type\":\"ListItem\",\"position\":3,\"name\":\"EXTOL\u00ae PREMIUM Srp na tr\u00e1vu 40 cm rukoje\u0165 plast Zlevn\u011bn\u00fd\"}]},{\"@type\":\"WebSite\",\"@id\":\"https:\/\/www.domkraftpro.com\/#website\",\"url\":\"https:\/\/www.domkraftpro.com\/\",\"name\":\"\",\"description\":\"\",\"potentialAction\":[{\"@type\":\"SearchAction\",\"target\":{\"@type\":\"EntryPoint\",\"urlTemplate\":\"https:\/\/www.domkraftpro.com\/?s={search_term_string}\"},\"query-input\":{\"@type\":\"PropertyValueSpecification\",\"valueRequired\":true,\"valueName\":\"search_term_string\"}}],\"inLanguage\":\"cs\"}]}<\/script>\n<!-- \/ Yoast SEO plugin. -->","yoast_head_json":{"title":"EXTOL\u00ae PREMIUM Srp na tr\u00e1vu 40 cm rukoje\u0165 plast Zlevn\u011bn\u00fd -","robots":{"index":"index","follow":"follow","max-snippet":"max-snippet:-1","max-image-preview":"max-image-preview:large","max-video-preview":"max-video-preview:-1"},"canonical":"https:\/\/www.domkraftpro.com\/index.php\/produkt\/extol-r-premium-srp-na-travu-40-cm-rukojet-plast-zlevneny-14573\/","og_locale":"cs_CZ","og_type":"article","og_title":"EXTOL\u00ae PREMIUM Srp na tr\u00e1vu 40 cm rukoje\u0165 plast Zlevn\u011bn\u00fd -","og_description":"Detailn\u00ed popis produktu Srp je jednoru\u010dn\u00ed n\u00e1stroj, slou\u017e\u00edc\u00ed k odsek\u00e1v\u00e1n\u00ed stvol\u016f rostli p\u0159edev\u0161\u00edm p\u0159i sklizni obil\u00ed a \u017enut\u00ed tr\u00e1vy. Skl\u00e1d\u00e1 se z ploch\u00e9, do polokruhu zahnut\u00e9 kovov\u00e9 \u010d\u00e1sti s vnit\u0159n\u00edm ost\u0159\u00edm a z rukojeti. Srp se, podobn\u011b jako kosa, mus\u00ed pravideln\u011b brousit nejl\u00e9pe kamenn\u00fdm brouskem a jeho ost\u0159\u00ed je nutno tak\u00e9 spr\u00e1vn\u011b naklep\u00e1vat.Sou\u010d\u00e1st\u00ed balen\u00ed je [&hellip;]","og_url":"https:\/\/www.domkraftpro.com\/index.php\/produkt\/extol-r-premium-srp-na-travu-40-cm-rukojet-plast-zlevneny-14573\/","og_image":[{"width":1000,"height":750,"url":"https:\/\/www.domkraftpro.com\/wp-content\/uploads\/2026\/SK0006778-CZ20260425-092522-0-1777080324-114603_rewrite-87056-8877100.webp","type":"image\/webp"}],"twitter_card":"summary_large_image","twitter_misc":{"Odhadovan\u00e1 doba \u010dten\u00ed":"1 minuta"},"schema":{"@context":"https:\/\/schema.org","@graph":[{"@type":"WebPage","@id":"https:\/\/www.domkraftpro.com\/index.php\/produkt\/extol-r-premium-srp-na-travu-40-cm-rukojet-plast-zlevneny-14573\/","url":"https:\/\/www.domkraftpro.com\/index.php\/produkt\/extol-r-premium-srp-na-travu-40-cm-rukojet-plast-zlevneny-14573\/","name":"EXTOL\u00ae PREMIUM Srp na tr\u00e1vu 40 cm rukoje\u0165 plast Zlevn\u011bn\u00fd -","isPartOf":{"@id":"https:\/\/www.domkraftpro.com\/#website"},"primaryImageOfPage":{"@id":"https:\/\/www.domkraftpro.com\/index.php\/produkt\/extol-r-premium-srp-na-travu-40-cm-rukojet-plast-zlevneny-14573\/#primaryimage"},"image":{"@id":"https:\/\/www.domkraftpro.com\/index.php\/produkt\/extol-r-premium-srp-na-travu-40-cm-rukojet-plast-zlevneny-14573\/#primaryimage"},"thumbnailUrl":"https:\/\/www.domkraftpro.com\/wp-content\/uploads\/2026\/SK0006778-CZ20260425-092522-0-1777080324-114603_rewrite-87056-8877100.webp","datePublished":"2026-04-27T04:40:58+00:00","breadcrumb":{"@id":"https:\/\/www.domkraftpro.com\/index.php\/produkt\/extol-r-premium-srp-na-travu-40-cm-rukojet-plast-zlevneny-14573\/#breadcrumb"},"inLanguage":"cs","potentialAction":[{"@type":"ReadAction","target":["https:\/\/www.domkraftpro.com\/index.php\/produkt\/extol-r-premium-srp-na-travu-40-cm-rukojet-plast-zlevneny-14573\/"]}]},{"@type":"ImageObject","inLanguage":"cs","@id":"https:\/\/www.domkraftpro.com\/index.php\/produkt\/extol-r-premium-srp-na-travu-40-cm-rukojet-plast-zlevneny-14573\/#primaryimage","url":"https:\/\/www.domkraftpro.com\/wp-content\/uploads\/2026\/SK0006778-CZ20260425-092522-0-1777080324-114603_rewrite-87056-8877100.webp","contentUrl":"https:\/\/www.domkraftpro.com\/wp-content\/uploads\/2026\/SK0006778-CZ20260425-092522-0-1777080324-114603_rewrite-87056-8877100.webp","width":1000,"height":750},{"@type":"BreadcrumbList","@id":"https:\/\/www.domkraftpro.com\/index.php\/produkt\/extol-r-premium-srp-na-travu-40-cm-rukojet-plast-zlevneny-14573\/#breadcrumb","itemListElement":[{"@type":"ListItem","position":1,"name":"Home","item":"https:\/\/www.domkraftpro.com\/"},{"@type":"ListItem","position":2,"name":"Products","item":"https:\/\/www.domkraftpro.com\/index.php\/products\/"},{"@type":"ListItem","position":3,"name":"EXTOL\u00ae PREMIUM Srp na tr\u00e1vu 40 cm rukoje\u0165 plast Zlevn\u011bn\u00fd"}]},{"@type":"WebSite","@id":"https:\/\/www.domkraftpro.com\/#website","url":"https:\/\/www.domkraftpro.com\/","name":"","description":"","potentialAction":[{"@type":"SearchAction","target":{"@type":"EntryPoint","urlTemplate":"https:\/\/www.domkraftpro.com\/?s={search_term_string}"},"query-input":{"@type":"PropertyValueSpecification","valueRequired":true,"valueName":"search_term_string"}}],"inLanguage":"cs"}]}},"_links":{"self":[{"href":"https:\/\/www.domkraftpro.com\/index.php\/wp-json\/wp\/v2\/product\/14573","targetHints":{"allow":["GET"]}}],"collection":[{"href":"https:\/\/www.domkraftpro.com\/index.php\/wp-json\/wp\/v2\/product"}],"about":[{"href":"https:\/\/www.domkraftpro.com\/index.php\/wp-json\/wp\/v2\/types\/product"}],"replies":[{"embeddable":true,"href":"https:\/\/www.domkraftpro.com\/index.php\/wp-json\/wp\/v2\/comments?post=14573"}],"wp:featuredmedia":[{"embeddable":true,"href":"https:\/\/www.domkraftpro.com\/index.php\/wp-json\/wp\/v2\/media\/14673"}],"wp:attachment":[{"href":"https:\/\/www.domkraftpro.com\/index.php\/wp-json\/wp\/v2\/media?parent=14573"}],"wp:term":[{"taxonomy":"product_brand","embeddable":true,"href":"https:\/\/www.domkraftpro.com\/index.php\/wp-json\/wp\/v2\/product_brand?post=14573"},{"taxonomy":"product_cat","embeddable":true,"href":"https:\/\/www.domkraftpro.com\/index.php\/wp-json\/wp\/v2\/product_cat?post=14573"},{"taxonomy":"product_tag","embeddable":true,"href":"https:\/\/www.domkraftpro.com\/index.php\/wp-json\/wp\/v2\/product_tag?post=14573"}],"curies":[{"name":"wp","href":"https:\/\/api.w.org\/{rel}","templated":true}]}}