{"id":14562,"date":"2026-04-27T04:40:58","date_gmt":"2026-04-27T04:40:58","guid":{"rendered":""},"modified":"2026-04-27T04:40:58","modified_gmt":"2026-04-27T04:40:58","slug":"vikendova-akce-past-na-mysi-blackiller-plastova-element-shop-cz-14562","status":"publish","type":"product","link":"https:\/\/www.domkraftpro.com\/index.php\/produkt\/vikendova-akce-past-na-mysi-blackiller-plastova-element-shop-cz-14562\/","title":{"rendered":"V\u00edkendov\u00e1 Akce Past na my\u0161i BLACKILLER plastov\u00e1 | element-shop.cz"},"content":{"rendered":"<div class=\"basic-description\">\n<h3>Detailn\u00ed popis produktu<\/h3>\n<p>                                    S past\u00ed <span class=\"show-tooltip\" title=\"P\u0159\u00edpravky k huben\u00ed hlodavc\u016f (my\u0161, potkan, krysa, hrabo\u0161, hryzec, ...)\">na my\u0161i<\/span> Blackiller nebilo chyt\u00e1n\u00ed my\u0161\u00ed nikdy takov\u00e9 jednoduch\u00e9! Pro pou\u017eit\u00ed stla\u010dte k sob\u011b vrchn\u00ed a spodn\u00ed \u010d\u00e1st v zadn\u00ed \u010d\u00e1sti pasti, vlo\u017ete n\u00e1vnadu a um\u00edst\u011bte na vhodn\u00e9 m\u00edsto. Past je v\u00edcen\u00e1sobn\u011b pou\u017eiteln\u00e1, v\u00fdhodou je tak\u00e9 to, \u017ee p\u0159i jej\u00ed pou\u017e\u00edvan\u00ed net\u0159eba pou\u017e\u00edvat \u017e\u00e1dn\u00e9 toxick\u00e9 l\u00e1tky a chemii.Rozm\u011br: 9 x 5 cmMateri\u00e1l: PVC                            <\/div>\n","protected":false},"excerpt":{"rendered":"<p>Detailn\u00ed popis produktu S past\u00ed na my\u0161i Blackiller nebilo chyt\u00e1n\u00ed my\u0161\u00ed nikdy takov\u00e9 jednoduch\u00e9! Pro pou\u017eit\u00ed stla\u010dte k sob\u011b vrchn\u00ed a spodn\u00ed \u010d\u00e1st v zadn\u00ed \u010d\u00e1sti pasti, vlo\u017ete n\u00e1vnadu a um\u00edst\u011bte na vhodn\u00e9 m\u00edsto. Past je v\u00edcen\u00e1sobn\u011b pou\u017eiteln\u00e1, v\u00fdhodou je tak\u00e9 to, \u017ee p\u0159i jej\u00ed pou\u017e\u00edvan\u00ed net\u0159eba pou\u017e\u00edvat \u017e\u00e1dn\u00e9 toxick\u00e9 l\u00e1tky a chemii.Rozm\u011br: 9 x [&hellip;]<\/p>\n","protected":false},"featured_media":14662,"comment_status":"open","ping_status":"open","template":"","meta":[],"product_brand":[],"product_cat":[58],"product_tag":[],"class_list":{"0":"post-14562","1":"product","2":"type-product","3":"status-publish","4":"has-post-thumbnail","6":"product_cat-dum-a-zahrada","8":"first","9":"instock","10":"sale","11":"shipping-taxable","12":"purchasable","13":"product-type-simple"},"yoast_head":"<!-- This site is optimized with the Yoast SEO plugin v26.8 - https:\/\/yoast.com\/product\/yoast-seo-wordpress\/ -->\n<title>V\u00edkendov\u00e1 Akce Past na my\u0161i BLACKILLER plastov\u00e1 | element-shop.cz -<\/title>\n<meta name=\"robots\" content=\"index, follow, max-snippet:-1, max-image-preview:large, max-video-preview:-1\" \/>\n<link rel=\"canonical\" href=\"https:\/\/www.domkraftpro.com\/index.php\/produkt\/vikendova-akce-past-na-mysi-blackiller-plastova-element-shop-cz-14562\/\" \/>\n<meta property=\"og:locale\" content=\"cs_CZ\" \/>\n<meta property=\"og:type\" content=\"article\" \/>\n<meta property=\"og:title\" content=\"V\u00edkendov\u00e1 Akce Past na my\u0161i BLACKILLER plastov\u00e1 | element-shop.cz -\" \/>\n<meta property=\"og:description\" content=\"Detailn\u00ed popis produktu S past\u00ed na my\u0161i Blackiller nebilo chyt\u00e1n\u00ed my\u0161\u00ed nikdy takov\u00e9 jednoduch\u00e9! Pro pou\u017eit\u00ed stla\u010dte k sob\u011b vrchn\u00ed a spodn\u00ed \u010d\u00e1st v zadn\u00ed \u010d\u00e1sti pasti, vlo\u017ete n\u00e1vnadu a um\u00edst\u011bte na vhodn\u00e9 m\u00edsto. Past je v\u00edcen\u00e1sobn\u011b pou\u017eiteln\u00e1, v\u00fdhodou je tak\u00e9 to, \u017ee p\u0159i jej\u00ed pou\u017e\u00edvan\u00ed net\u0159eba pou\u017e\u00edvat \u017e\u00e1dn\u00e9 toxick\u00e9 l\u00e1tky a chemii.Rozm\u011br: 9 x [&hellip;]\" \/>\n<meta property=\"og:url\" content=\"https:\/\/www.domkraftpro.com\/index.php\/produkt\/vikendova-akce-past-na-mysi-blackiller-plastova-element-shop-cz-14562\/\" \/>\n<meta property=\"og:image\" content=\"https:\/\/www.domkraftpro.com\/wp-content\/uploads\/2026\/SK0006767-CZ20260425-092522-0-1777080324-114570_rewrite-141593-221203.webp\" \/>\n\t<meta property=\"og:image:width\" content=\"1000\" \/>\n\t<meta property=\"og:image:height\" content=\"750\" \/>\n\t<meta property=\"og:image:type\" content=\"image\/webp\" \/>\n<meta name=\"twitter:card\" content=\"summary_large_image\" \/>\n<script type=\"application\/ld+json\" class=\"yoast-schema-graph\">{\"@context\":\"https:\/\/schema.org\",\"@graph\":[{\"@type\":\"WebPage\",\"@id\":\"https:\/\/www.domkraftpro.com\/index.php\/produkt\/vikendova-akce-past-na-mysi-blackiller-plastova-element-shop-cz-14562\/\",\"url\":\"https:\/\/www.domkraftpro.com\/index.php\/produkt\/vikendova-akce-past-na-mysi-blackiller-plastova-element-shop-cz-14562\/\",\"name\":\"V\u00edkendov\u00e1 Akce Past na my\u0161i BLACKILLER plastov\u00e1 | element-shop.cz -\",\"isPartOf\":{\"@id\":\"https:\/\/www.domkraftpro.com\/#website\"},\"primaryImageOfPage\":{\"@id\":\"https:\/\/www.domkraftpro.com\/index.php\/produkt\/vikendova-akce-past-na-mysi-blackiller-plastova-element-shop-cz-14562\/#primaryimage\"},\"image\":{\"@id\":\"https:\/\/www.domkraftpro.com\/index.php\/produkt\/vikendova-akce-past-na-mysi-blackiller-plastova-element-shop-cz-14562\/#primaryimage\"},\"thumbnailUrl\":\"https:\/\/www.domkraftpro.com\/wp-content\/uploads\/2026\/SK0006767-CZ20260425-092522-0-1777080324-114570_rewrite-141593-221203.webp\",\"datePublished\":\"2026-04-27T04:40:58+00:00\",\"breadcrumb\":{\"@id\":\"https:\/\/www.domkraftpro.com\/index.php\/produkt\/vikendova-akce-past-na-mysi-blackiller-plastova-element-shop-cz-14562\/#breadcrumb\"},\"inLanguage\":\"cs\",\"potentialAction\":[{\"@type\":\"ReadAction\",\"target\":[\"https:\/\/www.domkraftpro.com\/index.php\/produkt\/vikendova-akce-past-na-mysi-blackiller-plastova-element-shop-cz-14562\/\"]}]},{\"@type\":\"ImageObject\",\"inLanguage\":\"cs\",\"@id\":\"https:\/\/www.domkraftpro.com\/index.php\/produkt\/vikendova-akce-past-na-mysi-blackiller-plastova-element-shop-cz-14562\/#primaryimage\",\"url\":\"https:\/\/www.domkraftpro.com\/wp-content\/uploads\/2026\/SK0006767-CZ20260425-092522-0-1777080324-114570_rewrite-141593-221203.webp\",\"contentUrl\":\"https:\/\/www.domkraftpro.com\/wp-content\/uploads\/2026\/SK0006767-CZ20260425-092522-0-1777080324-114570_rewrite-141593-221203.webp\",\"width\":1000,\"height\":750},{\"@type\":\"BreadcrumbList\",\"@id\":\"https:\/\/www.domkraftpro.com\/index.php\/produkt\/vikendova-akce-past-na-mysi-blackiller-plastova-element-shop-cz-14562\/#breadcrumb\",\"itemListElement\":[{\"@type\":\"ListItem\",\"position\":1,\"name\":\"Home\",\"item\":\"https:\/\/www.domkraftpro.com\/\"},{\"@type\":\"ListItem\",\"position\":2,\"name\":\"Products\",\"item\":\"https:\/\/www.domkraftpro.com\/index.php\/products\/\"},{\"@type\":\"ListItem\",\"position\":3,\"name\":\"V\u00edkendov\u00e1 Akce Past na my\u0161i BLACKILLER plastov\u00e1 | element-shop.cz\"}]},{\"@type\":\"WebSite\",\"@id\":\"https:\/\/www.domkraftpro.com\/#website\",\"url\":\"https:\/\/www.domkraftpro.com\/\",\"name\":\"\",\"description\":\"\",\"potentialAction\":[{\"@type\":\"SearchAction\",\"target\":{\"@type\":\"EntryPoint\",\"urlTemplate\":\"https:\/\/www.domkraftpro.com\/?s={search_term_string}\"},\"query-input\":{\"@type\":\"PropertyValueSpecification\",\"valueRequired\":true,\"valueName\":\"search_term_string\"}}],\"inLanguage\":\"cs\"}]}<\/script>\n<!-- \/ Yoast SEO plugin. -->","yoast_head_json":{"title":"V\u00edkendov\u00e1 Akce Past na my\u0161i BLACKILLER plastov\u00e1 | element-shop.cz -","robots":{"index":"index","follow":"follow","max-snippet":"max-snippet:-1","max-image-preview":"max-image-preview:large","max-video-preview":"max-video-preview:-1"},"canonical":"https:\/\/www.domkraftpro.com\/index.php\/produkt\/vikendova-akce-past-na-mysi-blackiller-plastova-element-shop-cz-14562\/","og_locale":"cs_CZ","og_type":"article","og_title":"V\u00edkendov\u00e1 Akce Past na my\u0161i BLACKILLER plastov\u00e1 | element-shop.cz -","og_description":"Detailn\u00ed popis produktu S past\u00ed na my\u0161i Blackiller nebilo chyt\u00e1n\u00ed my\u0161\u00ed nikdy takov\u00e9 jednoduch\u00e9! Pro pou\u017eit\u00ed stla\u010dte k sob\u011b vrchn\u00ed a spodn\u00ed \u010d\u00e1st v zadn\u00ed \u010d\u00e1sti pasti, vlo\u017ete n\u00e1vnadu a um\u00edst\u011bte na vhodn\u00e9 m\u00edsto. Past je v\u00edcen\u00e1sobn\u011b pou\u017eiteln\u00e1, v\u00fdhodou je tak\u00e9 to, \u017ee p\u0159i jej\u00ed pou\u017e\u00edvan\u00ed net\u0159eba pou\u017e\u00edvat \u017e\u00e1dn\u00e9 toxick\u00e9 l\u00e1tky a chemii.Rozm\u011br: 9 x [&hellip;]","og_url":"https:\/\/www.domkraftpro.com\/index.php\/produkt\/vikendova-akce-past-na-mysi-blackiller-plastova-element-shop-cz-14562\/","og_image":[{"width":1000,"height":750,"url":"https:\/\/www.domkraftpro.com\/wp-content\/uploads\/2026\/SK0006767-CZ20260425-092522-0-1777080324-114570_rewrite-141593-221203.webp","type":"image\/webp"}],"twitter_card":"summary_large_image","schema":{"@context":"https:\/\/schema.org","@graph":[{"@type":"WebPage","@id":"https:\/\/www.domkraftpro.com\/index.php\/produkt\/vikendova-akce-past-na-mysi-blackiller-plastova-element-shop-cz-14562\/","url":"https:\/\/www.domkraftpro.com\/index.php\/produkt\/vikendova-akce-past-na-mysi-blackiller-plastova-element-shop-cz-14562\/","name":"V\u00edkendov\u00e1 Akce Past na my\u0161i BLACKILLER plastov\u00e1 | element-shop.cz -","isPartOf":{"@id":"https:\/\/www.domkraftpro.com\/#website"},"primaryImageOfPage":{"@id":"https:\/\/www.domkraftpro.com\/index.php\/produkt\/vikendova-akce-past-na-mysi-blackiller-plastova-element-shop-cz-14562\/#primaryimage"},"image":{"@id":"https:\/\/www.domkraftpro.com\/index.php\/produkt\/vikendova-akce-past-na-mysi-blackiller-plastova-element-shop-cz-14562\/#primaryimage"},"thumbnailUrl":"https:\/\/www.domkraftpro.com\/wp-content\/uploads\/2026\/SK0006767-CZ20260425-092522-0-1777080324-114570_rewrite-141593-221203.webp","datePublished":"2026-04-27T04:40:58+00:00","breadcrumb":{"@id":"https:\/\/www.domkraftpro.com\/index.php\/produkt\/vikendova-akce-past-na-mysi-blackiller-plastova-element-shop-cz-14562\/#breadcrumb"},"inLanguage":"cs","potentialAction":[{"@type":"ReadAction","target":["https:\/\/www.domkraftpro.com\/index.php\/produkt\/vikendova-akce-past-na-mysi-blackiller-plastova-element-shop-cz-14562\/"]}]},{"@type":"ImageObject","inLanguage":"cs","@id":"https:\/\/www.domkraftpro.com\/index.php\/produkt\/vikendova-akce-past-na-mysi-blackiller-plastova-element-shop-cz-14562\/#primaryimage","url":"https:\/\/www.domkraftpro.com\/wp-content\/uploads\/2026\/SK0006767-CZ20260425-092522-0-1777080324-114570_rewrite-141593-221203.webp","contentUrl":"https:\/\/www.domkraftpro.com\/wp-content\/uploads\/2026\/SK0006767-CZ20260425-092522-0-1777080324-114570_rewrite-141593-221203.webp","width":1000,"height":750},{"@type":"BreadcrumbList","@id":"https:\/\/www.domkraftpro.com\/index.php\/produkt\/vikendova-akce-past-na-mysi-blackiller-plastova-element-shop-cz-14562\/#breadcrumb","itemListElement":[{"@type":"ListItem","position":1,"name":"Home","item":"https:\/\/www.domkraftpro.com\/"},{"@type":"ListItem","position":2,"name":"Products","item":"https:\/\/www.domkraftpro.com\/index.php\/products\/"},{"@type":"ListItem","position":3,"name":"V\u00edkendov\u00e1 Akce Past na my\u0161i BLACKILLER plastov\u00e1 | element-shop.cz"}]},{"@type":"WebSite","@id":"https:\/\/www.domkraftpro.com\/#website","url":"https:\/\/www.domkraftpro.com\/","name":"","description":"","potentialAction":[{"@type":"SearchAction","target":{"@type":"EntryPoint","urlTemplate":"https:\/\/www.domkraftpro.com\/?s={search_term_string}"},"query-input":{"@type":"PropertyValueSpecification","valueRequired":true,"valueName":"search_term_string"}}],"inLanguage":"cs"}]}},"_links":{"self":[{"href":"https:\/\/www.domkraftpro.com\/index.php\/wp-json\/wp\/v2\/product\/14562","targetHints":{"allow":["GET"]}}],"collection":[{"href":"https:\/\/www.domkraftpro.com\/index.php\/wp-json\/wp\/v2\/product"}],"about":[{"href":"https:\/\/www.domkraftpro.com\/index.php\/wp-json\/wp\/v2\/types\/product"}],"replies":[{"embeddable":true,"href":"https:\/\/www.domkraftpro.com\/index.php\/wp-json\/wp\/v2\/comments?post=14562"}],"wp:featuredmedia":[{"embeddable":true,"href":"https:\/\/www.domkraftpro.com\/index.php\/wp-json\/wp\/v2\/media\/14662"}],"wp:attachment":[{"href":"https:\/\/www.domkraftpro.com\/index.php\/wp-json\/wp\/v2\/media?parent=14562"}],"wp:term":[{"taxonomy":"product_brand","embeddable":true,"href":"https:\/\/www.domkraftpro.com\/index.php\/wp-json\/wp\/v2\/product_brand?post=14562"},{"taxonomy":"product_cat","embeddable":true,"href":"https:\/\/www.domkraftpro.com\/index.php\/wp-json\/wp\/v2\/product_cat?post=14562"},{"taxonomy":"product_tag","embeddable":true,"href":"https:\/\/www.domkraftpro.com\/index.php\/wp-json\/wp\/v2\/product_tag?post=14562"}],"curies":[{"name":"wp","href":"https:\/\/api.w.org\/{rel}","templated":true}]}}