{"id":14556,"date":"2026-04-27T04:40:58","date_gmt":"2026-04-27T04:40:58","guid":{"rendered":""},"modified":"2026-04-27T04:40:58","modified_gmt":"2026-04-27T04:40:58","slug":"akce-friulsider-r-hmozdinka-x1-evo-nylon-12x60-mm-univerzalni-25-ks-element-shop-cz-14556","status":"publish","type":"product","link":"https:\/\/www.domkraftpro.com\/index.php\/produkt\/akce-friulsider-r-hmozdinka-x1-evo-nylon-12x60-mm-univerzalni-25-ks-element-shop-cz-14556\/","title":{"rendered":"Akce FRIULSIDER\u00ae Hmo\u017edinka X1 EVO nylon 12\u00d760 mm, univerz\u00e1ln\u00ed, 25 ks | element-shop.cz"},"content":{"rendered":"<div class=\"basic-description\">\n<h3>Detailn\u00ed popis produktu<\/h3>\n<p>                                    Univerz\u00e1ln\u00ed kotv\u00edc\u00ed <span class=\"show-tooltip\" title=\"Hmo\u017edinka je kotevn\u00ed prvek ur\u010den\u00fd k upevn\u011bn\u00ed \u0161roub\u016f, \u0161roubov\u00fdch ty\u010d\u00ed nebo jin\u00fdch p\u0159edm\u011bt\u016f na r\u016fzn\u00fdch typech materi\u00e1l\u016f. Hmo\u017edinky se obvykle vyr\u00e1b\u011bj\u00ed z kovu nebo plastu a maj\u00ed r\u016fzn\u00e9 tvary a velikosti, co\u017e umo\u017e\u0148uje jejich pou\u017eit\u00ed v \u0161irok\u00e9 \u0161k\u00e1le&amp;hellip;\">hmo\u017edinka<\/span> vyroben\u00e1 z vysoce kvalitn\u00edho <span class=\"show-tooltip\" title=\"Nylon je obchodn\u00ed n\u00e1zev pro skupinu polyamidov\u00fdch syntetick\u00fdch vl\u00e1ken, kter\u00e9 jsou zn\u00e1m\u00e9 pro svou pevnost, odolnost a \u0161irokou \u0161k\u00e1lu pou\u017eit\u00ed. Bylo vyvinuto v roce 1935 spole\u010dnost\u00ed DuPont a stalo se prvn\u00edm komer\u010dn\u011b \u00fasp\u011b\u0161n\u00fdm syntetick\u00fdm&amp;hellip;\">nylonu<\/span>. Hmo\u017edinka X1 evo je vhodn\u00e1 pro kotven\u00ed do velk\u00e9ho mno\u017estv\u00ed stavebn\u00edch materi\u00e1l\u016f a to za pou\u017eit\u00ed r\u016fzn\u00fdch typ\u016f <span class=\"show-tooltip\" title=\"\u0160roub je v\u00e1lcovit\u00fd nebo ku\u017eelovit\u00fd kovov\u00fd prvek s r\u016fzn\u00fdmi z\u00e1vity po cel\u00e9 d\u00e9lce, kter\u00fd slou\u017e\u00ed k upevn\u011bn\u00ed dvou \u010di v\u00edce sou\u010d\u00e1st\u00ed spolu. Jedna strana \u0161roubu m\u00e1 z\u00e1vit, kter\u00fd se za\u0161roubuje do z\u00e1vitu v p\u0159\u00edslu\u0161n\u00e9 mati\u010dce nebo do z\u00e1vitu ve st\u011bn\u011b d\u00edry.\u0160rouby&amp;hellip;\">\u0161roub\u016f<\/span> a vrut\u016f. Kotven\u00ed je mo\u017en\u00e9 do <span class=\"show-tooltip\" title=\"Beton je stavebn\u00ed materi\u00e1l slo\u017een\u00fd z n\u011bkolika z\u00e1kladn\u00edch slo\u017eek, v\u010detn\u011b cementu, vody, p\u00edsku (nebo jemn\u00e9ho \u0161t\u011brku) a hrub\u00e9ho \u0161t\u011brku nebo kamene. Tato sm\u011bs se pe\u010dliv\u011b prom\u00edch\u00e1 a pot\u00e9 ztvrdne a z\u00edsk\u00e1 pevnou a odolnou strukturu. Beton je&amp;hellip;\">betonu<\/span>, kamene, <span class=\"show-tooltip\" title=\"Cihla je stavebn\u00ed materi\u00e1l, obvykle obd\u00e9ln\u00edkov\u00fd \u010di kv\u00e1drov\u00fd tvar, vyr\u00e1b\u011bn\u00fd z p\u00e1len\u00e9 hl\u00edny nebo jin\u00fdch materi\u00e1l\u016f. Cihly jsou b\u011b\u017en\u011b pou\u017e\u00edv\u00e1ny p\u0159i stavb\u011b zd\u00ed a dal\u0161\u00edch konstrukc\u00ed. Existuj\u00ed r\u016fzn\u00e9 druhy cihel s r\u016fzn\u00fdmi vlastnostmi a ur\u010den\u00edm, v\u010detn\u011b cihel&amp;hellip;\">cihel<\/span>, dut\u00fdch a vo\u0161tinov\u00fdch cihel, p\u00f3robetonu, <span class=\"show-tooltip\" title=\"S\u00e1drokarton je stavebn\u00ed materi\u00e1l slo\u017een\u00fd z vrstev s\u00e1dry (gipsu) spojen\u00fdch mezi dv\u011bma vrstvami pevn\u00e9ho pap\u00edru.&amp;nbsp;Tento materi\u00e1l kombinuje lehkost, pevnost a snadnou manipulaci, co\u017e ho \u010din\u00ed popul\u00e1rn\u00edm pro vnit\u0159n\u00ed stavebn\u00ed \u00fapravy.S\u00e1drokarton se&amp;hellip;\">s\u00e1drokartonu<\/span> a stavebn\u00edch materi\u00e1l\u016f. Pro kotven\u00ed do hmo\u017edinky je mo\u017en\u00e9 pou\u017e\u00edt klasick\u00e9 vruty, r\u016fzn\u00e9 skoby se z\u00e1vitem, podstavcov\u00e9 <span class=\"show-tooltip\" title=\"\u0160rouby jsou kovov\u00e9 prvky, kter\u00e9 maj\u00ed v podstat\u011b v\u00e1lcovit\u00fd tvar s dr\u00e1\u017ekou nebo \u017el\u00e1bkem na jejich povrchu a jsou ur\u010deny k upevn\u011bn\u00ed dvou nebo v\u00edce materi\u00e1l\u016f nebo sou\u010d\u00e1stek dohromady. Maj\u00ed hroty na jednom konci, kter\u00e9 umo\u017e\u0148uj\u00ed snadn\u00e9 zasunut\u00ed&amp;hellip;\">\u0161rouby<\/span>, metrick\u00e9 \u0161rouby, kombi \u0161rouby, z\u00e1vitov\u00e9 ty\u010de a dal\u0161\u00ed.                            <\/div>\n","protected":false},"excerpt":{"rendered":"<p>Detailn\u00ed popis produktu Univerz\u00e1ln\u00ed kotv\u00edc\u00ed hmo\u017edinka vyroben\u00e1 z vysoce kvalitn\u00edho nylonu. Hmo\u017edinka X1 evo je vhodn\u00e1 pro kotven\u00ed do velk\u00e9ho mno\u017estv\u00ed stavebn\u00edch materi\u00e1l\u016f a to za pou\u017eit\u00ed r\u016fzn\u00fdch typ\u016f \u0161roub\u016f a vrut\u016f. Kotven\u00ed je mo\u017en\u00e9 do betonu, kamene, cihel, dut\u00fdch a vo\u0161tinov\u00fdch cihel, p\u00f3robetonu, s\u00e1drokartonu a stavebn\u00edch materi\u00e1l\u016f. Pro kotven\u00ed do hmo\u017edinky je mo\u017en\u00e9 pou\u017e\u00edt [&hellip;]<\/p>\n","protected":false},"featured_media":14656,"comment_status":"open","ping_status":"open","template":"","meta":[],"product_brand":[],"product_cat":[44],"product_tag":[],"class_list":{"0":"post-14556","1":"product","2":"type-product","3":"status-publish","4":"has-post-thumbnail","6":"product_cat-stavba","8":"first","9":"instock","10":"sale","11":"shipping-taxable","12":"purchasable","13":"product-type-simple"},"yoast_head":"<!-- This site is optimized with the Yoast SEO plugin v26.8 - https:\/\/yoast.com\/product\/yoast-seo-wordpress\/ -->\n<title>Akce FRIULSIDER\u00ae Hmo\u017edinka X1 EVO nylon 12\u00d760 mm, univerz\u00e1ln\u00ed, 25 ks | element-shop.cz -<\/title>\n<meta name=\"robots\" content=\"index, follow, max-snippet:-1, max-image-preview:large, max-video-preview:-1\" \/>\n<link rel=\"canonical\" href=\"https:\/\/www.domkraftpro.com\/index.php\/produkt\/akce-friulsider-r-hmozdinka-x1-evo-nylon-12x60-mm-univerzalni-25-ks-element-shop-cz-14556\/\" \/>\n<meta property=\"og:locale\" content=\"cs_CZ\" \/>\n<meta property=\"og:type\" content=\"article\" \/>\n<meta property=\"og:title\" content=\"Akce FRIULSIDER\u00ae Hmo\u017edinka X1 EVO nylon 12\u00d760 mm, univerz\u00e1ln\u00ed, 25 ks | element-shop.cz -\" \/>\n<meta property=\"og:description\" content=\"Detailn\u00ed popis produktu Univerz\u00e1ln\u00ed kotv\u00edc\u00ed hmo\u017edinka vyroben\u00e1 z vysoce kvalitn\u00edho nylonu. Hmo\u017edinka X1 evo je vhodn\u00e1 pro kotven\u00ed do velk\u00e9ho mno\u017estv\u00ed stavebn\u00edch materi\u00e1l\u016f a to za pou\u017eit\u00ed r\u016fzn\u00fdch typ\u016f \u0161roub\u016f a vrut\u016f. Kotven\u00ed je mo\u017en\u00e9 do betonu, kamene, cihel, dut\u00fdch a vo\u0161tinov\u00fdch cihel, p\u00f3robetonu, s\u00e1drokartonu a stavebn\u00edch materi\u00e1l\u016f. Pro kotven\u00ed do hmo\u017edinky je mo\u017en\u00e9 pou\u017e\u00edt [&hellip;]\" \/>\n<meta property=\"og:url\" content=\"https:\/\/www.domkraftpro.com\/index.php\/produkt\/akce-friulsider-r-hmozdinka-x1-evo-nylon-12x60-mm-univerzalni-25-ks-element-shop-cz-14556\/\" \/>\n<meta property=\"og:image\" content=\"https:\/\/www.domkraftpro.com\/wp-content\/uploads\/2026\/SK0006761-CZ20260425-092522-0-1777080324-114552_rewrite-25378-hm12060b.webp\" \/>\n\t<meta property=\"og:image:width\" content=\"1000\" \/>\n\t<meta property=\"og:image:height\" content=\"750\" \/>\n\t<meta property=\"og:image:type\" content=\"image\/webp\" \/>\n<meta name=\"twitter:card\" content=\"summary_large_image\" \/>\n<script type=\"application\/ld+json\" class=\"yoast-schema-graph\">{\"@context\":\"https:\/\/schema.org\",\"@graph\":[{\"@type\":\"WebPage\",\"@id\":\"https:\/\/www.domkraftpro.com\/index.php\/produkt\/akce-friulsider-r-hmozdinka-x1-evo-nylon-12x60-mm-univerzalni-25-ks-element-shop-cz-14556\/\",\"url\":\"https:\/\/www.domkraftpro.com\/index.php\/produkt\/akce-friulsider-r-hmozdinka-x1-evo-nylon-12x60-mm-univerzalni-25-ks-element-shop-cz-14556\/\",\"name\":\"Akce FRIULSIDER\u00ae Hmo\u017edinka X1 EVO nylon 12\u00d760 mm, univerz\u00e1ln\u00ed, 25 ks | element-shop.cz -\",\"isPartOf\":{\"@id\":\"https:\/\/www.domkraftpro.com\/#website\"},\"primaryImageOfPage\":{\"@id\":\"https:\/\/www.domkraftpro.com\/index.php\/produkt\/akce-friulsider-r-hmozdinka-x1-evo-nylon-12x60-mm-univerzalni-25-ks-element-shop-cz-14556\/#primaryimage\"},\"image\":{\"@id\":\"https:\/\/www.domkraftpro.com\/index.php\/produkt\/akce-friulsider-r-hmozdinka-x1-evo-nylon-12x60-mm-univerzalni-25-ks-element-shop-cz-14556\/#primaryimage\"},\"thumbnailUrl\":\"https:\/\/www.domkraftpro.com\/wp-content\/uploads\/2026\/SK0006761-CZ20260425-092522-0-1777080324-114552_rewrite-25378-hm12060b.webp\",\"datePublished\":\"2026-04-27T04:40:58+00:00\",\"breadcrumb\":{\"@id\":\"https:\/\/www.domkraftpro.com\/index.php\/produkt\/akce-friulsider-r-hmozdinka-x1-evo-nylon-12x60-mm-univerzalni-25-ks-element-shop-cz-14556\/#breadcrumb\"},\"inLanguage\":\"cs\",\"potentialAction\":[{\"@type\":\"ReadAction\",\"target\":[\"https:\/\/www.domkraftpro.com\/index.php\/produkt\/akce-friulsider-r-hmozdinka-x1-evo-nylon-12x60-mm-univerzalni-25-ks-element-shop-cz-14556\/\"]}]},{\"@type\":\"ImageObject\",\"inLanguage\":\"cs\",\"@id\":\"https:\/\/www.domkraftpro.com\/index.php\/produkt\/akce-friulsider-r-hmozdinka-x1-evo-nylon-12x60-mm-univerzalni-25-ks-element-shop-cz-14556\/#primaryimage\",\"url\":\"https:\/\/www.domkraftpro.com\/wp-content\/uploads\/2026\/SK0006761-CZ20260425-092522-0-1777080324-114552_rewrite-25378-hm12060b.webp\",\"contentUrl\":\"https:\/\/www.domkraftpro.com\/wp-content\/uploads\/2026\/SK0006761-CZ20260425-092522-0-1777080324-114552_rewrite-25378-hm12060b.webp\",\"width\":1000,\"height\":750},{\"@type\":\"BreadcrumbList\",\"@id\":\"https:\/\/www.domkraftpro.com\/index.php\/produkt\/akce-friulsider-r-hmozdinka-x1-evo-nylon-12x60-mm-univerzalni-25-ks-element-shop-cz-14556\/#breadcrumb\",\"itemListElement\":[{\"@type\":\"ListItem\",\"position\":1,\"name\":\"Home\",\"item\":\"https:\/\/www.domkraftpro.com\/\"},{\"@type\":\"ListItem\",\"position\":2,\"name\":\"Products\",\"item\":\"https:\/\/www.domkraftpro.com\/index.php\/products\/\"},{\"@type\":\"ListItem\",\"position\":3,\"name\":\"Akce FRIULSIDER\u00ae Hmo\u017edinka X1 EVO nylon 12\u00d760 mm, univerz\u00e1ln\u00ed, 25 ks | element-shop.cz\"}]},{\"@type\":\"WebSite\",\"@id\":\"https:\/\/www.domkraftpro.com\/#website\",\"url\":\"https:\/\/www.domkraftpro.com\/\",\"name\":\"\",\"description\":\"\",\"potentialAction\":[{\"@type\":\"SearchAction\",\"target\":{\"@type\":\"EntryPoint\",\"urlTemplate\":\"https:\/\/www.domkraftpro.com\/?s={search_term_string}\"},\"query-input\":{\"@type\":\"PropertyValueSpecification\",\"valueRequired\":true,\"valueName\":\"search_term_string\"}}],\"inLanguage\":\"cs\"}]}<\/script>\n<!-- \/ Yoast SEO plugin. -->","yoast_head_json":{"title":"Akce FRIULSIDER\u00ae Hmo\u017edinka X1 EVO nylon 12\u00d760 mm, univerz\u00e1ln\u00ed, 25 ks | element-shop.cz -","robots":{"index":"index","follow":"follow","max-snippet":"max-snippet:-1","max-image-preview":"max-image-preview:large","max-video-preview":"max-video-preview:-1"},"canonical":"https:\/\/www.domkraftpro.com\/index.php\/produkt\/akce-friulsider-r-hmozdinka-x1-evo-nylon-12x60-mm-univerzalni-25-ks-element-shop-cz-14556\/","og_locale":"cs_CZ","og_type":"article","og_title":"Akce FRIULSIDER\u00ae Hmo\u017edinka X1 EVO nylon 12\u00d760 mm, univerz\u00e1ln\u00ed, 25 ks | element-shop.cz -","og_description":"Detailn\u00ed popis produktu Univerz\u00e1ln\u00ed kotv\u00edc\u00ed hmo\u017edinka vyroben\u00e1 z vysoce kvalitn\u00edho nylonu. Hmo\u017edinka X1 evo je vhodn\u00e1 pro kotven\u00ed do velk\u00e9ho mno\u017estv\u00ed stavebn\u00edch materi\u00e1l\u016f a to za pou\u017eit\u00ed r\u016fzn\u00fdch typ\u016f \u0161roub\u016f a vrut\u016f. Kotven\u00ed je mo\u017en\u00e9 do betonu, kamene, cihel, dut\u00fdch a vo\u0161tinov\u00fdch cihel, p\u00f3robetonu, s\u00e1drokartonu a stavebn\u00edch materi\u00e1l\u016f. Pro kotven\u00ed do hmo\u017edinky je mo\u017en\u00e9 pou\u017e\u00edt [&hellip;]","og_url":"https:\/\/www.domkraftpro.com\/index.php\/produkt\/akce-friulsider-r-hmozdinka-x1-evo-nylon-12x60-mm-univerzalni-25-ks-element-shop-cz-14556\/","og_image":[{"width":1000,"height":750,"url":"https:\/\/www.domkraftpro.com\/wp-content\/uploads\/2026\/SK0006761-CZ20260425-092522-0-1777080324-114552_rewrite-25378-hm12060b.webp","type":"image\/webp"}],"twitter_card":"summary_large_image","schema":{"@context":"https:\/\/schema.org","@graph":[{"@type":"WebPage","@id":"https:\/\/www.domkraftpro.com\/index.php\/produkt\/akce-friulsider-r-hmozdinka-x1-evo-nylon-12x60-mm-univerzalni-25-ks-element-shop-cz-14556\/","url":"https:\/\/www.domkraftpro.com\/index.php\/produkt\/akce-friulsider-r-hmozdinka-x1-evo-nylon-12x60-mm-univerzalni-25-ks-element-shop-cz-14556\/","name":"Akce FRIULSIDER\u00ae Hmo\u017edinka X1 EVO nylon 12\u00d760 mm, univerz\u00e1ln\u00ed, 25 ks | element-shop.cz -","isPartOf":{"@id":"https:\/\/www.domkraftpro.com\/#website"},"primaryImageOfPage":{"@id":"https:\/\/www.domkraftpro.com\/index.php\/produkt\/akce-friulsider-r-hmozdinka-x1-evo-nylon-12x60-mm-univerzalni-25-ks-element-shop-cz-14556\/#primaryimage"},"image":{"@id":"https:\/\/www.domkraftpro.com\/index.php\/produkt\/akce-friulsider-r-hmozdinka-x1-evo-nylon-12x60-mm-univerzalni-25-ks-element-shop-cz-14556\/#primaryimage"},"thumbnailUrl":"https:\/\/www.domkraftpro.com\/wp-content\/uploads\/2026\/SK0006761-CZ20260425-092522-0-1777080324-114552_rewrite-25378-hm12060b.webp","datePublished":"2026-04-27T04:40:58+00:00","breadcrumb":{"@id":"https:\/\/www.domkraftpro.com\/index.php\/produkt\/akce-friulsider-r-hmozdinka-x1-evo-nylon-12x60-mm-univerzalni-25-ks-element-shop-cz-14556\/#breadcrumb"},"inLanguage":"cs","potentialAction":[{"@type":"ReadAction","target":["https:\/\/www.domkraftpro.com\/index.php\/produkt\/akce-friulsider-r-hmozdinka-x1-evo-nylon-12x60-mm-univerzalni-25-ks-element-shop-cz-14556\/"]}]},{"@type":"ImageObject","inLanguage":"cs","@id":"https:\/\/www.domkraftpro.com\/index.php\/produkt\/akce-friulsider-r-hmozdinka-x1-evo-nylon-12x60-mm-univerzalni-25-ks-element-shop-cz-14556\/#primaryimage","url":"https:\/\/www.domkraftpro.com\/wp-content\/uploads\/2026\/SK0006761-CZ20260425-092522-0-1777080324-114552_rewrite-25378-hm12060b.webp","contentUrl":"https:\/\/www.domkraftpro.com\/wp-content\/uploads\/2026\/SK0006761-CZ20260425-092522-0-1777080324-114552_rewrite-25378-hm12060b.webp","width":1000,"height":750},{"@type":"BreadcrumbList","@id":"https:\/\/www.domkraftpro.com\/index.php\/produkt\/akce-friulsider-r-hmozdinka-x1-evo-nylon-12x60-mm-univerzalni-25-ks-element-shop-cz-14556\/#breadcrumb","itemListElement":[{"@type":"ListItem","position":1,"name":"Home","item":"https:\/\/www.domkraftpro.com\/"},{"@type":"ListItem","position":2,"name":"Products","item":"https:\/\/www.domkraftpro.com\/index.php\/products\/"},{"@type":"ListItem","position":3,"name":"Akce FRIULSIDER\u00ae Hmo\u017edinka X1 EVO nylon 12\u00d760 mm, univerz\u00e1ln\u00ed, 25 ks | element-shop.cz"}]},{"@type":"WebSite","@id":"https:\/\/www.domkraftpro.com\/#website","url":"https:\/\/www.domkraftpro.com\/","name":"","description":"","potentialAction":[{"@type":"SearchAction","target":{"@type":"EntryPoint","urlTemplate":"https:\/\/www.domkraftpro.com\/?s={search_term_string}"},"query-input":{"@type":"PropertyValueSpecification","valueRequired":true,"valueName":"search_term_string"}}],"inLanguage":"cs"}]}},"_links":{"self":[{"href":"https:\/\/www.domkraftpro.com\/index.php\/wp-json\/wp\/v2\/product\/14556","targetHints":{"allow":["GET"]}}],"collection":[{"href":"https:\/\/www.domkraftpro.com\/index.php\/wp-json\/wp\/v2\/product"}],"about":[{"href":"https:\/\/www.domkraftpro.com\/index.php\/wp-json\/wp\/v2\/types\/product"}],"replies":[{"embeddable":true,"href":"https:\/\/www.domkraftpro.com\/index.php\/wp-json\/wp\/v2\/comments?post=14556"}],"wp:featuredmedia":[{"embeddable":true,"href":"https:\/\/www.domkraftpro.com\/index.php\/wp-json\/wp\/v2\/media\/14656"}],"wp:attachment":[{"href":"https:\/\/www.domkraftpro.com\/index.php\/wp-json\/wp\/v2\/media?parent=14556"}],"wp:term":[{"taxonomy":"product_brand","embeddable":true,"href":"https:\/\/www.domkraftpro.com\/index.php\/wp-json\/wp\/v2\/product_brand?post=14556"},{"taxonomy":"product_cat","embeddable":true,"href":"https:\/\/www.domkraftpro.com\/index.php\/wp-json\/wp\/v2\/product_cat?post=14556"},{"taxonomy":"product_tag","embeddable":true,"href":"https:\/\/www.domkraftpro.com\/index.php\/wp-json\/wp\/v2\/product_tag?post=14556"}],"curies":[{"name":"wp","href":"https:\/\/api.w.org\/{rel}","templated":true}]}}