{"id":14495,"date":"2026-04-27T04:40:58","date_gmt":"2026-04-27T04:40:58","guid":{"rendered":""},"modified":"2026-04-27T04:40:58","modified_gmt":"2026-04-27T04:40:58","slug":"pouze-dnes-vittoria-kartuse-nahradni-35-mm-element-shop-cz-14495","status":"publish","type":"product","link":"https:\/\/www.domkraftpro.com\/index.php\/produkt\/pouze-dnes-vittoria-kartuse-nahradni-35-mm-element-shop-cz-14495\/","title":{"rendered":"Pouze Dnes VITTORIA Kartu\u0161e n\u00e1hradn\u00ed, 35 mm | element-shop.cz"},"content":{"rendered":"<div class=\"basic-description\">\n<h3>Detailn\u00ed popis produktu<\/h3>\n<p>                                    N\u00e1hradn\u00ed sm\u011b\u0161ovac\u00ed kartu\u0161 pro <span class=\"show-tooltip\" title=\"Voda,&amp;nbsp;chemick\u00fdm vzorcem&amp;nbsp;H2O,&amp;nbsp;systematick\u00fd n\u00e1zev&amp;nbsp;oxidan, je&amp;nbsp;chemick\u00e1 slou\u010denina&amp;nbsp;vod\u00edku&amp;nbsp;a&amp;nbsp;kysl\u00edku. Spolu se&amp;nbsp;vzduchem, resp.&amp;nbsp;zemskou atmosf\u00e9rou, tvo\u0159\u00ed z\u00e1kladn\u00ed podm\u00ednky pro&amp;hellip;\">vodovodn\u00ed<\/span> baterie. Kartu\u0161 je opat\u0159ena 2 kol\u00edky. Je tedy vhodn\u00e1 pro baterie pouze s t\u00edmto syst\u00e9mem.<span class=\"show-tooltip\" title=\"Pr\u016fm\u011br kruhu a kru\u017enice je d\u00e9lka \u00fase\u010dky, kter\u00e1 proch\u00e1z\u00ed st\u0159edem kruhu a spojuje dva body na jeho obvodu. Zkr\u00e1cen\u011b se pr\u016fm\u011br kruhu ozna\u010duje symbolem &quot;d&quot;.Vztah mezi pr\u016fm\u011brem kruhu a jeho polom\u011brem &quot;r&quot; je n\u00e1sleduj\u00edc\u00ed: d = 2 * rKde &quot;d&quot; je&amp;hellip;\">Pr\u016fm\u011br<\/span> kartu\u0161e: 35 mm                            <\/div>\n","protected":false},"excerpt":{"rendered":"<p>Detailn\u00ed popis produktu N\u00e1hradn\u00ed sm\u011b\u0161ovac\u00ed kartu\u0161 pro vodovodn\u00ed baterie. Kartu\u0161 je opat\u0159ena 2 kol\u00edky. Je tedy vhodn\u00e1 pro baterie pouze s t\u00edmto syst\u00e9mem.Pr\u016fm\u011br kartu\u0161e: 35 mm<\/p>\n","protected":false},"featured_media":14595,"comment_status":"open","ping_status":"open","template":"","meta":[],"product_brand":[],"product_cat":[58],"product_tag":[],"class_list":{"0":"post-14495","1":"product","2":"type-product","3":"status-publish","4":"has-post-thumbnail","6":"product_cat-dum-a-zahrada","8":"first","9":"instock","10":"sale","11":"shipping-taxable","12":"purchasable","13":"product-type-simple"},"yoast_head":"<!-- This site is optimized with the Yoast SEO plugin v26.8 - https:\/\/yoast.com\/product\/yoast-seo-wordpress\/ -->\n<title>Pouze Dnes VITTORIA Kartu\u0161e n\u00e1hradn\u00ed, 35 mm | element-shop.cz -<\/title>\n<meta name=\"robots\" content=\"index, follow, max-snippet:-1, max-image-preview:large, max-video-preview:-1\" \/>\n<link rel=\"canonical\" href=\"https:\/\/www.domkraftpro.com\/index.php\/produkt\/pouze-dnes-vittoria-kartuse-nahradni-35-mm-element-shop-cz-14495\/\" \/>\n<meta property=\"og:locale\" content=\"cs_CZ\" \/>\n<meta property=\"og:type\" content=\"article\" \/>\n<meta property=\"og:title\" content=\"Pouze Dnes VITTORIA Kartu\u0161e n\u00e1hradn\u00ed, 35 mm | element-shop.cz -\" \/>\n<meta property=\"og:description\" content=\"Detailn\u00ed popis produktu N\u00e1hradn\u00ed sm\u011b\u0161ovac\u00ed kartu\u0161 pro vodovodn\u00ed baterie. Kartu\u0161 je opat\u0159ena 2 kol\u00edky. Je tedy vhodn\u00e1 pro baterie pouze s t\u00edmto syst\u00e9mem.Pr\u016fm\u011br kartu\u0161e: 35 mm\" \/>\n<meta property=\"og:url\" content=\"https:\/\/www.domkraftpro.com\/index.php\/produkt\/pouze-dnes-vittoria-kartuse-nahradni-35-mm-element-shop-cz-14495\/\" \/>\n<meta property=\"og:image\" content=\"https:\/\/www.domkraftpro.com\/wp-content\/uploads\/2026\/SK0006700-CZ20260425-092522-0-1777080324-114318_rewrite-128436-72050.webp\" \/>\n\t<meta property=\"og:image:width\" content=\"1000\" \/>\n\t<meta property=\"og:image:height\" content=\"750\" \/>\n\t<meta property=\"og:image:type\" content=\"image\/webp\" \/>\n<meta name=\"twitter:card\" content=\"summary_large_image\" \/>\n<script type=\"application\/ld+json\" class=\"yoast-schema-graph\">{\"@context\":\"https:\/\/schema.org\",\"@graph\":[{\"@type\":\"WebPage\",\"@id\":\"https:\/\/www.domkraftpro.com\/index.php\/produkt\/pouze-dnes-vittoria-kartuse-nahradni-35-mm-element-shop-cz-14495\/\",\"url\":\"https:\/\/www.domkraftpro.com\/index.php\/produkt\/pouze-dnes-vittoria-kartuse-nahradni-35-mm-element-shop-cz-14495\/\",\"name\":\"Pouze Dnes VITTORIA Kartu\u0161e n\u00e1hradn\u00ed, 35 mm | element-shop.cz -\",\"isPartOf\":{\"@id\":\"https:\/\/www.domkraftpro.com\/#website\"},\"primaryImageOfPage\":{\"@id\":\"https:\/\/www.domkraftpro.com\/index.php\/produkt\/pouze-dnes-vittoria-kartuse-nahradni-35-mm-element-shop-cz-14495\/#primaryimage\"},\"image\":{\"@id\":\"https:\/\/www.domkraftpro.com\/index.php\/produkt\/pouze-dnes-vittoria-kartuse-nahradni-35-mm-element-shop-cz-14495\/#primaryimage\"},\"thumbnailUrl\":\"https:\/\/www.domkraftpro.com\/wp-content\/uploads\/2026\/SK0006700-CZ20260425-092522-0-1777080324-114318_rewrite-128436-72050.webp\",\"datePublished\":\"2026-04-27T04:40:58+00:00\",\"breadcrumb\":{\"@id\":\"https:\/\/www.domkraftpro.com\/index.php\/produkt\/pouze-dnes-vittoria-kartuse-nahradni-35-mm-element-shop-cz-14495\/#breadcrumb\"},\"inLanguage\":\"cs\",\"potentialAction\":[{\"@type\":\"ReadAction\",\"target\":[\"https:\/\/www.domkraftpro.com\/index.php\/produkt\/pouze-dnes-vittoria-kartuse-nahradni-35-mm-element-shop-cz-14495\/\"]}]},{\"@type\":\"ImageObject\",\"inLanguage\":\"cs\",\"@id\":\"https:\/\/www.domkraftpro.com\/index.php\/produkt\/pouze-dnes-vittoria-kartuse-nahradni-35-mm-element-shop-cz-14495\/#primaryimage\",\"url\":\"https:\/\/www.domkraftpro.com\/wp-content\/uploads\/2026\/SK0006700-CZ20260425-092522-0-1777080324-114318_rewrite-128436-72050.webp\",\"contentUrl\":\"https:\/\/www.domkraftpro.com\/wp-content\/uploads\/2026\/SK0006700-CZ20260425-092522-0-1777080324-114318_rewrite-128436-72050.webp\",\"width\":1000,\"height\":750},{\"@type\":\"BreadcrumbList\",\"@id\":\"https:\/\/www.domkraftpro.com\/index.php\/produkt\/pouze-dnes-vittoria-kartuse-nahradni-35-mm-element-shop-cz-14495\/#breadcrumb\",\"itemListElement\":[{\"@type\":\"ListItem\",\"position\":1,\"name\":\"Home\",\"item\":\"https:\/\/www.domkraftpro.com\/\"},{\"@type\":\"ListItem\",\"position\":2,\"name\":\"Products\",\"item\":\"https:\/\/www.domkraftpro.com\/index.php\/products\/\"},{\"@type\":\"ListItem\",\"position\":3,\"name\":\"Pouze Dnes VITTORIA Kartu\u0161e n\u00e1hradn\u00ed, 35 mm | element-shop.cz\"}]},{\"@type\":\"WebSite\",\"@id\":\"https:\/\/www.domkraftpro.com\/#website\",\"url\":\"https:\/\/www.domkraftpro.com\/\",\"name\":\"\",\"description\":\"\",\"potentialAction\":[{\"@type\":\"SearchAction\",\"target\":{\"@type\":\"EntryPoint\",\"urlTemplate\":\"https:\/\/www.domkraftpro.com\/?s={search_term_string}\"},\"query-input\":{\"@type\":\"PropertyValueSpecification\",\"valueRequired\":true,\"valueName\":\"search_term_string\"}}],\"inLanguage\":\"cs\"}]}<\/script>\n<!-- \/ Yoast SEO plugin. -->","yoast_head_json":{"title":"Pouze Dnes VITTORIA Kartu\u0161e n\u00e1hradn\u00ed, 35 mm | element-shop.cz -","robots":{"index":"index","follow":"follow","max-snippet":"max-snippet:-1","max-image-preview":"max-image-preview:large","max-video-preview":"max-video-preview:-1"},"canonical":"https:\/\/www.domkraftpro.com\/index.php\/produkt\/pouze-dnes-vittoria-kartuse-nahradni-35-mm-element-shop-cz-14495\/","og_locale":"cs_CZ","og_type":"article","og_title":"Pouze Dnes VITTORIA Kartu\u0161e n\u00e1hradn\u00ed, 35 mm | element-shop.cz -","og_description":"Detailn\u00ed popis produktu N\u00e1hradn\u00ed sm\u011b\u0161ovac\u00ed kartu\u0161 pro vodovodn\u00ed baterie. Kartu\u0161 je opat\u0159ena 2 kol\u00edky. Je tedy vhodn\u00e1 pro baterie pouze s t\u00edmto syst\u00e9mem.Pr\u016fm\u011br kartu\u0161e: 35 mm","og_url":"https:\/\/www.domkraftpro.com\/index.php\/produkt\/pouze-dnes-vittoria-kartuse-nahradni-35-mm-element-shop-cz-14495\/","og_image":[{"width":1000,"height":750,"url":"https:\/\/www.domkraftpro.com\/wp-content\/uploads\/2026\/SK0006700-CZ20260425-092522-0-1777080324-114318_rewrite-128436-72050.webp","type":"image\/webp"}],"twitter_card":"summary_large_image","schema":{"@context":"https:\/\/schema.org","@graph":[{"@type":"WebPage","@id":"https:\/\/www.domkraftpro.com\/index.php\/produkt\/pouze-dnes-vittoria-kartuse-nahradni-35-mm-element-shop-cz-14495\/","url":"https:\/\/www.domkraftpro.com\/index.php\/produkt\/pouze-dnes-vittoria-kartuse-nahradni-35-mm-element-shop-cz-14495\/","name":"Pouze Dnes VITTORIA Kartu\u0161e n\u00e1hradn\u00ed, 35 mm | element-shop.cz -","isPartOf":{"@id":"https:\/\/www.domkraftpro.com\/#website"},"primaryImageOfPage":{"@id":"https:\/\/www.domkraftpro.com\/index.php\/produkt\/pouze-dnes-vittoria-kartuse-nahradni-35-mm-element-shop-cz-14495\/#primaryimage"},"image":{"@id":"https:\/\/www.domkraftpro.com\/index.php\/produkt\/pouze-dnes-vittoria-kartuse-nahradni-35-mm-element-shop-cz-14495\/#primaryimage"},"thumbnailUrl":"https:\/\/www.domkraftpro.com\/wp-content\/uploads\/2026\/SK0006700-CZ20260425-092522-0-1777080324-114318_rewrite-128436-72050.webp","datePublished":"2026-04-27T04:40:58+00:00","breadcrumb":{"@id":"https:\/\/www.domkraftpro.com\/index.php\/produkt\/pouze-dnes-vittoria-kartuse-nahradni-35-mm-element-shop-cz-14495\/#breadcrumb"},"inLanguage":"cs","potentialAction":[{"@type":"ReadAction","target":["https:\/\/www.domkraftpro.com\/index.php\/produkt\/pouze-dnes-vittoria-kartuse-nahradni-35-mm-element-shop-cz-14495\/"]}]},{"@type":"ImageObject","inLanguage":"cs","@id":"https:\/\/www.domkraftpro.com\/index.php\/produkt\/pouze-dnes-vittoria-kartuse-nahradni-35-mm-element-shop-cz-14495\/#primaryimage","url":"https:\/\/www.domkraftpro.com\/wp-content\/uploads\/2026\/SK0006700-CZ20260425-092522-0-1777080324-114318_rewrite-128436-72050.webp","contentUrl":"https:\/\/www.domkraftpro.com\/wp-content\/uploads\/2026\/SK0006700-CZ20260425-092522-0-1777080324-114318_rewrite-128436-72050.webp","width":1000,"height":750},{"@type":"BreadcrumbList","@id":"https:\/\/www.domkraftpro.com\/index.php\/produkt\/pouze-dnes-vittoria-kartuse-nahradni-35-mm-element-shop-cz-14495\/#breadcrumb","itemListElement":[{"@type":"ListItem","position":1,"name":"Home","item":"https:\/\/www.domkraftpro.com\/"},{"@type":"ListItem","position":2,"name":"Products","item":"https:\/\/www.domkraftpro.com\/index.php\/products\/"},{"@type":"ListItem","position":3,"name":"Pouze Dnes VITTORIA Kartu\u0161e n\u00e1hradn\u00ed, 35 mm | element-shop.cz"}]},{"@type":"WebSite","@id":"https:\/\/www.domkraftpro.com\/#website","url":"https:\/\/www.domkraftpro.com\/","name":"","description":"","potentialAction":[{"@type":"SearchAction","target":{"@type":"EntryPoint","urlTemplate":"https:\/\/www.domkraftpro.com\/?s={search_term_string}"},"query-input":{"@type":"PropertyValueSpecification","valueRequired":true,"valueName":"search_term_string"}}],"inLanguage":"cs"}]}},"_links":{"self":[{"href":"https:\/\/www.domkraftpro.com\/index.php\/wp-json\/wp\/v2\/product\/14495","targetHints":{"allow":["GET"]}}],"collection":[{"href":"https:\/\/www.domkraftpro.com\/index.php\/wp-json\/wp\/v2\/product"}],"about":[{"href":"https:\/\/www.domkraftpro.com\/index.php\/wp-json\/wp\/v2\/types\/product"}],"replies":[{"embeddable":true,"href":"https:\/\/www.domkraftpro.com\/index.php\/wp-json\/wp\/v2\/comments?post=14495"}],"wp:featuredmedia":[{"embeddable":true,"href":"https:\/\/www.domkraftpro.com\/index.php\/wp-json\/wp\/v2\/media\/14595"}],"wp:attachment":[{"href":"https:\/\/www.domkraftpro.com\/index.php\/wp-json\/wp\/v2\/media?parent=14495"}],"wp:term":[{"taxonomy":"product_brand","embeddable":true,"href":"https:\/\/www.domkraftpro.com\/index.php\/wp-json\/wp\/v2\/product_brand?post=14495"},{"taxonomy":"product_cat","embeddable":true,"href":"https:\/\/www.domkraftpro.com\/index.php\/wp-json\/wp\/v2\/product_cat?post=14495"},{"taxonomy":"product_tag","embeddable":true,"href":"https:\/\/www.domkraftpro.com\/index.php\/wp-json\/wp\/v2\/product_tag?post=14495"}],"curies":[{"name":"wp","href":"https:\/\/api.w.org\/{rel}","templated":true}]}}