{"id":14390,"date":"2026-04-27T04:40:58","date_gmt":"2026-04-27T04:40:58","guid":{"rendered":""},"modified":"2026-04-27T04:40:58","modified_gmt":"2026-04-27T04:40:58","slug":"doprava-zdarma-worcraft-r-aku-vysavac-rucni-cpvc-s20la-8-kpa-600-ml-20-v-sharesys-bez-baterie-a-nabijecky-element-shop-cz-14390","status":"publish","type":"product","link":"https:\/\/www.domkraftpro.com\/index.php\/produkt\/doprava-zdarma-worcraft-r-aku-vysavac-rucni-cpvc-s20la-8-kpa-600-ml-20-v-sharesys-bez-baterie-a-nabijecky-element-shop-cz-14390\/","title":{"rendered":"Doprava Zdarma WORCRAFT\u00ae AKU vysava\u010d ru\u010dn\u00ed CPVC-S20LA 8 kPa, 600 ml, 20 V ShareSYS (bez baterie a nab\u00edje\u010dky) | element-shop.cz"},"content":{"rendered":"<div class=\"basic-description\">\n<h3>Detailn\u00ed popis produktu<\/h3>\n<p>                                    Akumul\u00e1torov\u00fd ru\u010dn\u00ed vysava\u010d pro such\u00e9 s\u00e1n\u00ed. Vysava\u010d je ur\u010den pro pou\u017eit\u00ed v dom\u00e1cnostech, nebo p\u0159i lehk\u00e9m \u00faklidu vozidla. N\u00e1doba na odpad je vyrobena z kvalitn\u00edho pr\u016fhledn\u00e9ho <span class=\"show-tooltip\" title=\"Plastyn\u011bkdy tak\u00e9 naz\u00fdvan\u00e9 plastick\u00e9 \u010di um\u011bl\u00e9 hmoty, p\u0159edstavuj\u00ed \u0161irokou \u0161k\u00e1lu syntetick\u00fdch nebo \u010d\u00e1ste\u010dn\u011b syntetick\u00fdch organick\u00fdch slou\u010denin a polymern\u00edch materi\u00e1l\u016f. \u010casto obsahuj\u00ed p\u0159\u00edsady zlep\u0161uj\u00edc\u00ed jejich funk\u010dn\u00ed vlastnosti, nap\u0159\u00edklad&amp;hellip;\">plastu<\/span> pro kontrolu mno\u017estv\u00ed odpadu a zne\u010di\u0161t\u011bn\u00ed filtru.Kvalitn\u00ed textiln\u00ed <span class=\"show-tooltip\" title=\"Filtrace je proces, p\u0159i kter\u00e9m se odstra\u0148uj\u00ed ne\u010distoty, ne\u017e\u00e1douc\u00ed \u010d\u00e1stice nebo zne\u010di\u0161t\u011bn\u00ed z tekutin nebo plyn\u016f pomoc\u00ed filtru nebo jin\u00e9ho filtra\u010dn\u00edho m\u00e9dia. Filtrace se pou\u017e\u00edv\u00e1 v r\u016fzn\u00fdch pr\u016fmyslov\u00fdch procesech, v dom\u00e1cnostech, ve vodn\u00edm&amp;hellip;\">filtr<\/span> dob\u0159e zachyt\u00e1v\u00e1 ne\u010distoty a z\u00e1rove\u0148 se dob\u0159e \u010dist\u00ed.Sou\u010d\u00e1st\u00ed balen\u00ed jsou 3 druhy p\u0159\u00edslu\u0161enstv\u00ed (kart\u00e1\u010d, podlahov\u00e1 hlavice, \u0161t\u011brbinov\u00e1 hlavice) a nas\u00e1vac\u00ed trubice. V\u0161echny 3 druhy p\u0159\u00edslu\u0161enstv\u00ed je mo\u017en\u00e9 k akumul\u00e1torov\u00e9mu p\u0159enosn\u00e9mu vys\u00e1va\u010di namontovat p\u0159\u00edmo, nebo je mo\u017en\u00e9 nap\u0159ed namontovat nas\u00e1vac\u00ed trubici a n\u00e1sledn\u011b p\u0159\u00edslu\u0161enstv\u00ed.D\u00edky Li-ion <span class=\"show-tooltip\" title=\"Akumul\u00e1tor je za\u0159\u00edzen\u00ed slou\u017e\u00edc\u00ed k uchov\u00e1v\u00e1n\u00ed elektrick\u00e9 energie.&amp;nbsp;\u058d Jeho hlavn\u00ed funkc\u00ed je p\u0159em\u011bnit elektrickou energii do chemick\u00e9 energie b\u011bhem nab\u00edjen\u00ed a n\u00e1sledn\u011b zp\u011bt na elektrickou energii b\u011bhem vyb\u00edjen\u00ed.\u058d Akumul\u00e1tory jsou \u0161iroce&amp;hellip;\">akumul\u00e1toru<\/span> je mo\u017en\u00e9 vysava\u010d kdykoliv dob\u00edjet, ani\u017e by se t\u00edm sni\u017eovala <span class=\"show-tooltip\" title=\"Objem je fyzik\u00e1ln\u00ed veli\u010dina, kter\u00e1 vyjad\u0159uje prostor obsazen\u00fd t\u011blesem. Objem se zpravidla m\u011b\u0159\u00ed v krychlov\u00fdch jednotk\u00e1ch, nap\u0159\u00edklad krychlov\u00e9 metry (m\u00b3) nebo krychlov\u00e9 centimetry (cm\u00b3). Objem lze vypo\u010d\u00edtat r\u016fzn\u00fdmi zp\u016fsoby, v z\u00e1vislosti na&amp;hellip;\">kapacita<\/span> akumul\u00e1toru. Li-ion akumul\u00e1tor tak\u00e9 ztr\u00e1c\u00ed energii vlivem samovyb\u00edjen\u00ed velmi pomalu a vydr\u017e\u00ed dlouho nabit\u00fd.Tento vysava\u010d je dod\u00e1v\u00e1n bez akumul\u00e1toru a nab\u00edje\u010dky.Pro pohon je mo\u017en\u00e9 vyu\u017e\u00edvat <span class=\"show-tooltip\" title=\"Kompatibilita ozna\u010duje schopnost dvou nebo v\u00edce prvk\u016f, syst\u00e9m\u016f nebo za\u0159\u00edzen\u00ed pracovat spolu bezkonfliktn\u011b nebo vz\u00e1jemn\u011b se dopl\u0148ovat. V kontextu technologi\u00ed nebo za\u0159\u00edzen\u00ed to znamen\u00e1, \u017ee jsou schopny spolupracovat a vz\u00e1jemn\u011b&amp;hellip;\">kompatibiln\u00edch<\/span> akumul\u00e1tor\u016f \u0159ady S20Li zna\u010dky WORCRAFT.                            <\/div>\n","protected":false},"excerpt":{"rendered":"<p>Detailn\u00ed popis produktu Akumul\u00e1torov\u00fd ru\u010dn\u00ed vysava\u010d pro such\u00e9 s\u00e1n\u00ed. Vysava\u010d je ur\u010den pro pou\u017eit\u00ed v dom\u00e1cnostech, nebo p\u0159i lehk\u00e9m \u00faklidu vozidla. N\u00e1doba na odpad je vyrobena z kvalitn\u00edho pr\u016fhledn\u00e9ho plastu pro kontrolu mno\u017estv\u00ed odpadu a zne\u010di\u0161t\u011bn\u00ed filtru.Kvalitn\u00ed textiln\u00ed filtr dob\u0159e zachyt\u00e1v\u00e1 ne\u010distoty a z\u00e1rove\u0148 se dob\u0159e \u010dist\u00ed.Sou\u010d\u00e1st\u00ed balen\u00ed jsou 3 druhy p\u0159\u00edslu\u0161enstv\u00ed (kart\u00e1\u010d, podlahov\u00e1 hlavice, [&hellip;]<\/p>\n","protected":false},"featured_media":14490,"comment_status":"open","ping_status":"open","template":"","meta":[],"product_brand":[],"product_cat":[58],"product_tag":[],"class_list":{"0":"post-14390","1":"product","2":"type-product","3":"status-publish","4":"has-post-thumbnail","6":"product_cat-dum-a-zahrada","8":"first","9":"instock","10":"sale","11":"shipping-taxable","12":"purchasable","13":"product-type-simple"},"yoast_head":"<!-- This site is optimized with the Yoast SEO plugin v26.8 - https:\/\/yoast.com\/product\/yoast-seo-wordpress\/ -->\n<title>Doprava Zdarma WORCRAFT\u00ae AKU vysava\u010d ru\u010dn\u00ed CPVC-S20LA 8 kPa, 600 ml, 20 V ShareSYS (bez baterie a nab\u00edje\u010dky) | element-shop.cz -<\/title>\n<meta name=\"robots\" content=\"index, follow, max-snippet:-1, max-image-preview:large, max-video-preview:-1\" \/>\n<link rel=\"canonical\" href=\"https:\/\/www.domkraftpro.com\/index.php\/produkt\/doprava-zdarma-worcraft-r-aku-vysavac-rucni-cpvc-s20la-8-kpa-600-ml-20-v-sharesys-bez-baterie-a-nabijecky-element-shop-cz-14390\/\" \/>\n<meta property=\"og:locale\" content=\"cs_CZ\" \/>\n<meta property=\"og:type\" content=\"article\" \/>\n<meta property=\"og:title\" content=\"Doprava Zdarma WORCRAFT\u00ae AKU vysava\u010d ru\u010dn\u00ed CPVC-S20LA 8 kPa, 600 ml, 20 V ShareSYS (bez baterie a nab\u00edje\u010dky) | element-shop.cz -\" \/>\n<meta property=\"og:description\" content=\"Detailn\u00ed popis produktu Akumul\u00e1torov\u00fd ru\u010dn\u00ed vysava\u010d pro such\u00e9 s\u00e1n\u00ed. Vysava\u010d je ur\u010den pro pou\u017eit\u00ed v dom\u00e1cnostech, nebo p\u0159i lehk\u00e9m \u00faklidu vozidla. N\u00e1doba na odpad je vyrobena z kvalitn\u00edho pr\u016fhledn\u00e9ho plastu pro kontrolu mno\u017estv\u00ed odpadu a zne\u010di\u0161t\u011bn\u00ed filtru.Kvalitn\u00ed textiln\u00ed filtr dob\u0159e zachyt\u00e1v\u00e1 ne\u010distoty a z\u00e1rove\u0148 se dob\u0159e \u010dist\u00ed.Sou\u010d\u00e1st\u00ed balen\u00ed jsou 3 druhy p\u0159\u00edslu\u0161enstv\u00ed (kart\u00e1\u010d, podlahov\u00e1 hlavice, [&hellip;]\" \/>\n<meta property=\"og:url\" content=\"https:\/\/www.domkraftpro.com\/index.php\/produkt\/doprava-zdarma-worcraft-r-aku-vysavac-rucni-cpvc-s20la-8-kpa-600-ml-20-v-sharesys-bez-baterie-a-nabijecky-element-shop-cz-14390\/\" \/>\n<meta property=\"og:image\" content=\"https:\/\/www.domkraftpro.com\/wp-content\/uploads\/2026\/SK0006695-CZ20260425-092522-0-1777080324-114267_rewrite-142621-119708.webp\" \/>\n\t<meta property=\"og:image:width\" content=\"1000\" \/>\n\t<meta property=\"og:image:height\" content=\"750\" \/>\n\t<meta property=\"og:image:type\" content=\"image\/webp\" \/>\n<meta name=\"twitter:card\" content=\"summary_large_image\" \/>\n<meta name=\"twitter:label1\" content=\"Odhadovan\u00e1 doba \u010dten\u00ed\" \/>\n\t<meta name=\"twitter:data1\" content=\"1 minuta\" \/>\n<script type=\"application\/ld+json\" class=\"yoast-schema-graph\">{\"@context\":\"https:\/\/schema.org\",\"@graph\":[{\"@type\":\"WebPage\",\"@id\":\"https:\/\/www.domkraftpro.com\/index.php\/produkt\/doprava-zdarma-worcraft-r-aku-vysavac-rucni-cpvc-s20la-8-kpa-600-ml-20-v-sharesys-bez-baterie-a-nabijecky-element-shop-cz-14390\/\",\"url\":\"https:\/\/www.domkraftpro.com\/index.php\/produkt\/doprava-zdarma-worcraft-r-aku-vysavac-rucni-cpvc-s20la-8-kpa-600-ml-20-v-sharesys-bez-baterie-a-nabijecky-element-shop-cz-14390\/\",\"name\":\"Doprava Zdarma WORCRAFT\u00ae AKU vysava\u010d ru\u010dn\u00ed CPVC-S20LA 8 kPa, 600 ml, 20 V ShareSYS (bez baterie a nab\u00edje\u010dky) | element-shop.cz -\",\"isPartOf\":{\"@id\":\"https:\/\/www.domkraftpro.com\/#website\"},\"primaryImageOfPage\":{\"@id\":\"https:\/\/www.domkraftpro.com\/index.php\/produkt\/doprava-zdarma-worcraft-r-aku-vysavac-rucni-cpvc-s20la-8-kpa-600-ml-20-v-sharesys-bez-baterie-a-nabijecky-element-shop-cz-14390\/#primaryimage\"},\"image\":{\"@id\":\"https:\/\/www.domkraftpro.com\/index.php\/produkt\/doprava-zdarma-worcraft-r-aku-vysavac-rucni-cpvc-s20la-8-kpa-600-ml-20-v-sharesys-bez-baterie-a-nabijecky-element-shop-cz-14390\/#primaryimage\"},\"thumbnailUrl\":\"https:\/\/www.domkraftpro.com\/wp-content\/uploads\/2026\/SK0006695-CZ20260425-092522-0-1777080324-114267_rewrite-142621-119708.webp\",\"datePublished\":\"2026-04-27T04:40:58+00:00\",\"breadcrumb\":{\"@id\":\"https:\/\/www.domkraftpro.com\/index.php\/produkt\/doprava-zdarma-worcraft-r-aku-vysavac-rucni-cpvc-s20la-8-kpa-600-ml-20-v-sharesys-bez-baterie-a-nabijecky-element-shop-cz-14390\/#breadcrumb\"},\"inLanguage\":\"cs\",\"potentialAction\":[{\"@type\":\"ReadAction\",\"target\":[\"https:\/\/www.domkraftpro.com\/index.php\/produkt\/doprava-zdarma-worcraft-r-aku-vysavac-rucni-cpvc-s20la-8-kpa-600-ml-20-v-sharesys-bez-baterie-a-nabijecky-element-shop-cz-14390\/\"]}]},{\"@type\":\"ImageObject\",\"inLanguage\":\"cs\",\"@id\":\"https:\/\/www.domkraftpro.com\/index.php\/produkt\/doprava-zdarma-worcraft-r-aku-vysavac-rucni-cpvc-s20la-8-kpa-600-ml-20-v-sharesys-bez-baterie-a-nabijecky-element-shop-cz-14390\/#primaryimage\",\"url\":\"https:\/\/www.domkraftpro.com\/wp-content\/uploads\/2026\/SK0006695-CZ20260425-092522-0-1777080324-114267_rewrite-142621-119708.webp\",\"contentUrl\":\"https:\/\/www.domkraftpro.com\/wp-content\/uploads\/2026\/SK0006695-CZ20260425-092522-0-1777080324-114267_rewrite-142621-119708.webp\",\"width\":1000,\"height\":750},{\"@type\":\"BreadcrumbList\",\"@id\":\"https:\/\/www.domkraftpro.com\/index.php\/produkt\/doprava-zdarma-worcraft-r-aku-vysavac-rucni-cpvc-s20la-8-kpa-600-ml-20-v-sharesys-bez-baterie-a-nabijecky-element-shop-cz-14390\/#breadcrumb\",\"itemListElement\":[{\"@type\":\"ListItem\",\"position\":1,\"name\":\"Home\",\"item\":\"https:\/\/www.domkraftpro.com\/\"},{\"@type\":\"ListItem\",\"position\":2,\"name\":\"Products\",\"item\":\"https:\/\/www.domkraftpro.com\/index.php\/products\/\"},{\"@type\":\"ListItem\",\"position\":3,\"name\":\"Doprava Zdarma WORCRAFT\u00ae AKU vysava\u010d ru\u010dn\u00ed CPVC-S20LA 8 kPa, 600 ml, 20 V ShareSYS (bez baterie a nab\u00edje\u010dky) | element-shop.cz\"}]},{\"@type\":\"WebSite\",\"@id\":\"https:\/\/www.domkraftpro.com\/#website\",\"url\":\"https:\/\/www.domkraftpro.com\/\",\"name\":\"\",\"description\":\"\",\"potentialAction\":[{\"@type\":\"SearchAction\",\"target\":{\"@type\":\"EntryPoint\",\"urlTemplate\":\"https:\/\/www.domkraftpro.com\/?s={search_term_string}\"},\"query-input\":{\"@type\":\"PropertyValueSpecification\",\"valueRequired\":true,\"valueName\":\"search_term_string\"}}],\"inLanguage\":\"cs\"}]}<\/script>\n<!-- \/ Yoast SEO plugin. -->","yoast_head_json":{"title":"Doprava Zdarma WORCRAFT\u00ae AKU vysava\u010d ru\u010dn\u00ed CPVC-S20LA 8 kPa, 600 ml, 20 V ShareSYS (bez baterie a nab\u00edje\u010dky) | element-shop.cz -","robots":{"index":"index","follow":"follow","max-snippet":"max-snippet:-1","max-image-preview":"max-image-preview:large","max-video-preview":"max-video-preview:-1"},"canonical":"https:\/\/www.domkraftpro.com\/index.php\/produkt\/doprava-zdarma-worcraft-r-aku-vysavac-rucni-cpvc-s20la-8-kpa-600-ml-20-v-sharesys-bez-baterie-a-nabijecky-element-shop-cz-14390\/","og_locale":"cs_CZ","og_type":"article","og_title":"Doprava Zdarma WORCRAFT\u00ae AKU vysava\u010d ru\u010dn\u00ed CPVC-S20LA 8 kPa, 600 ml, 20 V ShareSYS (bez baterie a nab\u00edje\u010dky) | element-shop.cz -","og_description":"Detailn\u00ed popis produktu Akumul\u00e1torov\u00fd ru\u010dn\u00ed vysava\u010d pro such\u00e9 s\u00e1n\u00ed. Vysava\u010d je ur\u010den pro pou\u017eit\u00ed v dom\u00e1cnostech, nebo p\u0159i lehk\u00e9m \u00faklidu vozidla. N\u00e1doba na odpad je vyrobena z kvalitn\u00edho pr\u016fhledn\u00e9ho plastu pro kontrolu mno\u017estv\u00ed odpadu a zne\u010di\u0161t\u011bn\u00ed filtru.Kvalitn\u00ed textiln\u00ed filtr dob\u0159e zachyt\u00e1v\u00e1 ne\u010distoty a z\u00e1rove\u0148 se dob\u0159e \u010dist\u00ed.Sou\u010d\u00e1st\u00ed balen\u00ed jsou 3 druhy p\u0159\u00edslu\u0161enstv\u00ed (kart\u00e1\u010d, podlahov\u00e1 hlavice, [&hellip;]","og_url":"https:\/\/www.domkraftpro.com\/index.php\/produkt\/doprava-zdarma-worcraft-r-aku-vysavac-rucni-cpvc-s20la-8-kpa-600-ml-20-v-sharesys-bez-baterie-a-nabijecky-element-shop-cz-14390\/","og_image":[{"width":1000,"height":750,"url":"https:\/\/www.domkraftpro.com\/wp-content\/uploads\/2026\/SK0006695-CZ20260425-092522-0-1777080324-114267_rewrite-142621-119708.webp","type":"image\/webp"}],"twitter_card":"summary_large_image","twitter_misc":{"Odhadovan\u00e1 doba \u010dten\u00ed":"1 minuta"},"schema":{"@context":"https:\/\/schema.org","@graph":[{"@type":"WebPage","@id":"https:\/\/www.domkraftpro.com\/index.php\/produkt\/doprava-zdarma-worcraft-r-aku-vysavac-rucni-cpvc-s20la-8-kpa-600-ml-20-v-sharesys-bez-baterie-a-nabijecky-element-shop-cz-14390\/","url":"https:\/\/www.domkraftpro.com\/index.php\/produkt\/doprava-zdarma-worcraft-r-aku-vysavac-rucni-cpvc-s20la-8-kpa-600-ml-20-v-sharesys-bez-baterie-a-nabijecky-element-shop-cz-14390\/","name":"Doprava Zdarma WORCRAFT\u00ae AKU vysava\u010d ru\u010dn\u00ed CPVC-S20LA 8 kPa, 600 ml, 20 V ShareSYS (bez baterie a nab\u00edje\u010dky) | element-shop.cz -","isPartOf":{"@id":"https:\/\/www.domkraftpro.com\/#website"},"primaryImageOfPage":{"@id":"https:\/\/www.domkraftpro.com\/index.php\/produkt\/doprava-zdarma-worcraft-r-aku-vysavac-rucni-cpvc-s20la-8-kpa-600-ml-20-v-sharesys-bez-baterie-a-nabijecky-element-shop-cz-14390\/#primaryimage"},"image":{"@id":"https:\/\/www.domkraftpro.com\/index.php\/produkt\/doprava-zdarma-worcraft-r-aku-vysavac-rucni-cpvc-s20la-8-kpa-600-ml-20-v-sharesys-bez-baterie-a-nabijecky-element-shop-cz-14390\/#primaryimage"},"thumbnailUrl":"https:\/\/www.domkraftpro.com\/wp-content\/uploads\/2026\/SK0006695-CZ20260425-092522-0-1777080324-114267_rewrite-142621-119708.webp","datePublished":"2026-04-27T04:40:58+00:00","breadcrumb":{"@id":"https:\/\/www.domkraftpro.com\/index.php\/produkt\/doprava-zdarma-worcraft-r-aku-vysavac-rucni-cpvc-s20la-8-kpa-600-ml-20-v-sharesys-bez-baterie-a-nabijecky-element-shop-cz-14390\/#breadcrumb"},"inLanguage":"cs","potentialAction":[{"@type":"ReadAction","target":["https:\/\/www.domkraftpro.com\/index.php\/produkt\/doprava-zdarma-worcraft-r-aku-vysavac-rucni-cpvc-s20la-8-kpa-600-ml-20-v-sharesys-bez-baterie-a-nabijecky-element-shop-cz-14390\/"]}]},{"@type":"ImageObject","inLanguage":"cs","@id":"https:\/\/www.domkraftpro.com\/index.php\/produkt\/doprava-zdarma-worcraft-r-aku-vysavac-rucni-cpvc-s20la-8-kpa-600-ml-20-v-sharesys-bez-baterie-a-nabijecky-element-shop-cz-14390\/#primaryimage","url":"https:\/\/www.domkraftpro.com\/wp-content\/uploads\/2026\/SK0006695-CZ20260425-092522-0-1777080324-114267_rewrite-142621-119708.webp","contentUrl":"https:\/\/www.domkraftpro.com\/wp-content\/uploads\/2026\/SK0006695-CZ20260425-092522-0-1777080324-114267_rewrite-142621-119708.webp","width":1000,"height":750},{"@type":"BreadcrumbList","@id":"https:\/\/www.domkraftpro.com\/index.php\/produkt\/doprava-zdarma-worcraft-r-aku-vysavac-rucni-cpvc-s20la-8-kpa-600-ml-20-v-sharesys-bez-baterie-a-nabijecky-element-shop-cz-14390\/#breadcrumb","itemListElement":[{"@type":"ListItem","position":1,"name":"Home","item":"https:\/\/www.domkraftpro.com\/"},{"@type":"ListItem","position":2,"name":"Products","item":"https:\/\/www.domkraftpro.com\/index.php\/products\/"},{"@type":"ListItem","position":3,"name":"Doprava Zdarma WORCRAFT\u00ae AKU vysava\u010d ru\u010dn\u00ed CPVC-S20LA 8 kPa, 600 ml, 20 V ShareSYS (bez baterie a nab\u00edje\u010dky) | element-shop.cz"}]},{"@type":"WebSite","@id":"https:\/\/www.domkraftpro.com\/#website","url":"https:\/\/www.domkraftpro.com\/","name":"","description":"","potentialAction":[{"@type":"SearchAction","target":{"@type":"EntryPoint","urlTemplate":"https:\/\/www.domkraftpro.com\/?s={search_term_string}"},"query-input":{"@type":"PropertyValueSpecification","valueRequired":true,"valueName":"search_term_string"}}],"inLanguage":"cs"}]}},"_links":{"self":[{"href":"https:\/\/www.domkraftpro.com\/index.php\/wp-json\/wp\/v2\/product\/14390","targetHints":{"allow":["GET"]}}],"collection":[{"href":"https:\/\/www.domkraftpro.com\/index.php\/wp-json\/wp\/v2\/product"}],"about":[{"href":"https:\/\/www.domkraftpro.com\/index.php\/wp-json\/wp\/v2\/types\/product"}],"replies":[{"embeddable":true,"href":"https:\/\/www.domkraftpro.com\/index.php\/wp-json\/wp\/v2\/comments?post=14390"}],"wp:featuredmedia":[{"embeddable":true,"href":"https:\/\/www.domkraftpro.com\/index.php\/wp-json\/wp\/v2\/media\/14490"}],"wp:attachment":[{"href":"https:\/\/www.domkraftpro.com\/index.php\/wp-json\/wp\/v2\/media?parent=14390"}],"wp:term":[{"taxonomy":"product_brand","embeddable":true,"href":"https:\/\/www.domkraftpro.com\/index.php\/wp-json\/wp\/v2\/product_brand?post=14390"},{"taxonomy":"product_cat","embeddable":true,"href":"https:\/\/www.domkraftpro.com\/index.php\/wp-json\/wp\/v2\/product_cat?post=14390"},{"taxonomy":"product_tag","embeddable":true,"href":"https:\/\/www.domkraftpro.com\/index.php\/wp-json\/wp\/v2\/product_tag?post=14390"}],"curies":[{"name":"wp","href":"https:\/\/api.w.org\/{rel}","templated":true}]}}