{"id":14389,"date":"2026-04-27T04:40:58","date_gmt":"2026-04-27T04:40:58","guid":{"rendered":""},"modified":"2026-04-27T04:40:58","modified_gmt":"2026-04-27T04:40:58","slug":"mucholapka-ecostripe-attractive-4-ks-finalni-vyprodej-14389","status":"publish","type":"product","link":"https:\/\/www.domkraftpro.com\/index.php\/produkt\/mucholapka-ecostripe-attractive-4-ks-finalni-vyprodej-14389\/","title":{"rendered":"Mucholapka ECOSTRIPE Attractive, 4 ks Fin\u00e1ln\u00ed V\u00fdprodej"},"content":{"rendered":"<div class=\"basic-description\">\n<h3>Detailn\u00ed popis produktu<\/h3>\n<p>                                    Oboustrann\u011b lepic\u00ed p\u00e1s <span class=\"show-tooltip\" title=\"Pap\u00edr je tenk\u00fd, ploch\u00fd materi\u00e1l vytvo\u0159en\u00fd z vl\u00e1ken rostlin, zejm\u00e9na d\u0159eva, kter\u00e9 jsou rozdrceny, zbaveny vody a pot\u00e9 spojeny do pap\u00edrov\u00e9 hmoty.&amp;nbsp;N\u00e1sledn\u011b je zpracov\u00e1n na po\u017eadovan\u00e9 form\u00e1ty nebo v\u00fdrobky.\u058d Je to jeden z nejroz\u0161\u00ed\u0159en\u011bj\u0161\u00edch a&amp;hellip;\">pap\u00edru<\/span> opat\u0159eny\u00b4 l\u00e1kadly, ktery\u00b4 zaru\u010duje \u00fa\u010dinny\u00b4 odchyt mouchy dom\u00e1c\u00ed (Musca domestica).Kl\u00ed\u010dovy\u00b4m parametrem je kvalita lepu. Ten je nastaven tak, \u017ee lepiv\u00e1 <span class=\"show-tooltip\" title=\"S\u00edla je fyzik\u00e1ln\u00ed veli\u010dina, kter\u00e1 popisuje interakci mezi t\u011blesy nebo objekty. Je to vektorov\u00e1 veli\u010dina, co\u017e znamen\u00e1, \u017ee krom\u011b velikosti m\u00e1 tak\u00e9 sm\u011br a smysl (sm\u011br, kter\u00fdm s\u00edla p\u016fsob\u00ed). Jednotkou s\u00edly v mezin\u00e1rodn\u00edm syst\u00e9mu jednotek (SI) je newton&amp;hellip;\">s\u00edla<\/span> p\u00e1su nezabra\u0148uje snadn\u00e9mu vyta\u017een\u00ed dutinky a p\u0159esto jeho okam\u017eit\u00e1 lepivost a <span class=\"show-tooltip\" title=\"Stupe\u0148 p\u0159ipevn\u011bn\u00ed n\u00e1t\u011bru k povrchu. Kvalita nebo stupe\u0148 p\u0159ipevn\u011bn\u00ed mezi povlakem barvy a povrchem nebo barvou pod n\u00edm. Schopnost such\u00e9 barvy z\u016fstat na povrchu bez puch\u00fd\u0159\u016f, odlupov\u00e1n\u00ed nebo prask\u00e1n\u00ed. P\u0159ilnavost je pravd\u011bpodobn\u011b nejd\u016fle\u017eit\u011bj\u0161\u00ed&amp;hellip;\">p\u0159ilnavost<\/span> zaru\u010duj\u00ed zachycen\u00ed mouchy i p\u0159i slab\u00e9m kontaktu. <span class=\"show-tooltip\" title=\"Viskozita je m\u011b\u0159\u00edtko odporu kapaliny proti deformaci nebo pohybu.Je z\u00e1kladn\u00edm pojmem v oblasti reologie (v\u011bda o proud\u011bn\u00ed materi\u00e1l\u016f) a d\u016fle\u017eit\u00e1 pro charakterizaci tekutin a plast\u016f.M\u011b\u0159\u00ed, jak rychle nebo pomalu kapalina te\u010de nebo jak se tvaruje v&amp;hellip;\">Viskozita<\/span> lepu je nastavena tak, \u017ee <span class=\"show-tooltip\" title=\"Lepidlo&amp;nbsp;je l\u00e1tka, kter\u00e1 umo\u017e\u0148uje p\u0159ilnut\u00ed (adhezi) povrch\u016f pevn\u00fdch p\u0159edm\u011bt\u016f a t\u00edm jejich pevn\u00e9 spojen\u00ed. Lepidlo mohou tvo\u0159it p\u0159\u00edrodn\u00ed&amp;nbsp;sm\u011bsi&amp;nbsp;nebo syntetick\u00e9&amp;nbsp;materi\u00e1ly. Vyu\u017e\u00edv\u00e1 se v r\u016fzn\u00fdch d\u00edln\u00e1ch,&amp;nbsp;kancel\u00e1\u0159\u00edch, pr\u016fmyslu.&amp;hellip;\">lepidlo<\/span> nest\u00e9k\u00e1 z p\u00e1su p\u0159i \u0161irok\u00e9m rozmez\u00ed teplot. Nestane se tedy, \u017ee by lep odkap\u00e1val na podlahu.N\u00e1\u0161 atraktant, ktery\u00b4 je vyvinuty\u00b4 p\u0159\u00edmo na mouchu dom\u00e1c\u00ed (Musca domestica) m\u00e1 vysoky\u00b4 l\u00e1kavy\u00b4 \u00fa\u010dinek. Nejde o sexu\u00e1ln\u00ed l\u00e1kadlo, ale o potravinov\u00fd atraktant. Atraktant stejn\u011b jako lepidlo byly vyvinuty ve spolupr\u00e1ci se Slovenskou akademi\u00ed v\u011bd a jeho \u00fa\u010dinnost je pravideln\u011b laboratorn\u011b testovan\u00e1, a to i v porovn\u00e1n\u00ed s konkurenc\u00ed. Na\u0161e mucholapky vych\u00e1z\u00ed jako jedny z nej\u00fa\u010dinn\u011bj\u0161\u00edch.N\u00e1\u0161 lepovy\u00b4 p\u00e1s m\u00e1 d\u00edky sv\u00e9 <span class=\"show-tooltip\" title=\"D\u00e9lka&amp;nbsp;je jedna ze z\u00e1kladn\u00edch&amp;nbsp;fyzik\u00e1ln\u00edch veli\u010din. Pomoc\u00ed d\u00e9lky se vyjad\u0159uje vz\u00e1jemn\u00e1 poloha a rozprostran\u011bnost objekt\u016f v prostoru. D\u00e9lka jako fyzik\u00e1ln\u00ed veli\u010dina vych\u00e1z\u00ed z geometrick\u00e9ho pojmu&amp;nbsp;d\u00e9lky&amp;nbsp;jako&amp;nbsp;m\u00edry&amp;nbsp;ohrani\u010den\u00e9&amp;hellip;\">d\u00e9lce<\/span> a \u0161\u00ed\u0159ce nejv\u011bt\u0161\u00ed \u00fa\u010dinnou <span class=\"show-tooltip\" title=\"&amp;nbsp;Obsah je fyzik\u00e1ln\u00ed veli\u010dina, kter\u00e1 vyjad\u0159uje plochu n\u011bjak\u00e9ho geometrick\u00e9ho tvaru. Obsah se zpravidla m\u011b\u0159\u00ed v \u010dtvere\u010dn\u00fdch jednotk\u00e1ch, nap\u0159\u00edklad \u010dtvere\u010dn\u00fdch metrech (m\u00b2) nebo \u010dtvere\u010dn\u00fdch centimetrech (cm\u00b2).Zde jsou vzorce pro v\u00fdpo\u010det&amp;hellip;\">plochu<\/span> na sv\u011bt\u011b. D\u00e9lka je d\u016fle\u017eity\u00b4m parametrem \u00fa\u010dinnosti, proto\u017ee je zji\u0161t\u011bno, \u017ee mouchy nal\u00e9t\u00e1vaj\u00ed na mucholapku zespodu. Tento jev je mo\u017en\u00e9 pozorovat na pou\u017eity\u00b4ch mucholapk\u00e1ch, kde je p\u00e1s v\u017edy pln\u011bj\u0161\u00ed ve spodn\u00ed \u010d\u00e1sti.                            <\/div>\n","protected":false},"excerpt":{"rendered":"<p>Detailn\u00ed popis produktu Oboustrann\u011b lepic\u00ed p\u00e1s pap\u00edru opat\u0159eny\u00b4 l\u00e1kadly, ktery\u00b4 zaru\u010duje \u00fa\u010dinny\u00b4 odchyt mouchy dom\u00e1c\u00ed (Musca domestica).Kl\u00ed\u010dovy\u00b4m parametrem je kvalita lepu. Ten je nastaven tak, \u017ee lepiv\u00e1 s\u00edla p\u00e1su nezabra\u0148uje snadn\u00e9mu vyta\u017een\u00ed dutinky a p\u0159esto jeho okam\u017eit\u00e1 lepivost a p\u0159ilnavost zaru\u010duj\u00ed zachycen\u00ed mouchy i p\u0159i slab\u00e9m kontaktu. Viskozita lepu je nastavena tak, \u017ee lepidlo nest\u00e9k\u00e1 [&hellip;]<\/p>\n","protected":false},"featured_media":14489,"comment_status":"open","ping_status":"open","template":"","meta":[],"product_brand":[],"product_cat":[58],"product_tag":[],"class_list":{"0":"post-14389","1":"product","2":"type-product","3":"status-publish","4":"has-post-thumbnail","6":"product_cat-dum-a-zahrada","8":"first","9":"instock","10":"sale","11":"shipping-taxable","12":"purchasable","13":"product-type-simple"},"yoast_head":"<!-- This site is optimized with the Yoast SEO plugin v26.8 - https:\/\/yoast.com\/product\/yoast-seo-wordpress\/ -->\n<title>Mucholapka ECOSTRIPE Attractive, 4 ks Fin\u00e1ln\u00ed V\u00fdprodej -<\/title>\n<meta name=\"robots\" content=\"index, follow, max-snippet:-1, max-image-preview:large, max-video-preview:-1\" \/>\n<link rel=\"canonical\" href=\"https:\/\/www.domkraftpro.com\/index.php\/produkt\/mucholapka-ecostripe-attractive-4-ks-finalni-vyprodej-14389\/\" \/>\n<meta property=\"og:locale\" content=\"cs_CZ\" \/>\n<meta property=\"og:type\" content=\"article\" \/>\n<meta property=\"og:title\" content=\"Mucholapka ECOSTRIPE Attractive, 4 ks Fin\u00e1ln\u00ed V\u00fdprodej -\" \/>\n<meta property=\"og:description\" content=\"Detailn\u00ed popis produktu Oboustrann\u011b lepic\u00ed p\u00e1s pap\u00edru opat\u0159eny\u00b4 l\u00e1kadly, ktery\u00b4 zaru\u010duje \u00fa\u010dinny\u00b4 odchyt mouchy dom\u00e1c\u00ed (Musca domestica).Kl\u00ed\u010dovy\u00b4m parametrem je kvalita lepu. Ten je nastaven tak, \u017ee lepiv\u00e1 s\u00edla p\u00e1su nezabra\u0148uje snadn\u00e9mu vyta\u017een\u00ed dutinky a p\u0159esto jeho okam\u017eit\u00e1 lepivost a p\u0159ilnavost zaru\u010duj\u00ed zachycen\u00ed mouchy i p\u0159i slab\u00e9m kontaktu. Viskozita lepu je nastavena tak, \u017ee lepidlo nest\u00e9k\u00e1 [&hellip;]\" \/>\n<meta property=\"og:url\" content=\"https:\/\/www.domkraftpro.com\/index.php\/produkt\/mucholapka-ecostripe-attractive-4-ks-finalni-vyprodej-14389\/\" \/>\n<meta property=\"og:image\" content=\"https:\/\/www.domkraftpro.com\/wp-content\/uploads\/2026\/SK0006694-CZ20260425-092522-0-1777080324-114246_rewrite-330168-090073.webp\" \/>\n\t<meta property=\"og:image:width\" content=\"1000\" \/>\n\t<meta property=\"og:image:height\" content=\"750\" \/>\n\t<meta property=\"og:image:type\" content=\"image\/webp\" \/>\n<meta name=\"twitter:card\" content=\"summary_large_image\" \/>\n<meta name=\"twitter:label1\" content=\"Odhadovan\u00e1 doba \u010dten\u00ed\" \/>\n\t<meta name=\"twitter:data1\" content=\"1 minuta\" \/>\n<script type=\"application\/ld+json\" class=\"yoast-schema-graph\">{\"@context\":\"https:\/\/schema.org\",\"@graph\":[{\"@type\":\"WebPage\",\"@id\":\"https:\/\/www.domkraftpro.com\/index.php\/produkt\/mucholapka-ecostripe-attractive-4-ks-finalni-vyprodej-14389\/\",\"url\":\"https:\/\/www.domkraftpro.com\/index.php\/produkt\/mucholapka-ecostripe-attractive-4-ks-finalni-vyprodej-14389\/\",\"name\":\"Mucholapka ECOSTRIPE Attractive, 4 ks Fin\u00e1ln\u00ed V\u00fdprodej -\",\"isPartOf\":{\"@id\":\"https:\/\/www.domkraftpro.com\/#website\"},\"primaryImageOfPage\":{\"@id\":\"https:\/\/www.domkraftpro.com\/index.php\/produkt\/mucholapka-ecostripe-attractive-4-ks-finalni-vyprodej-14389\/#primaryimage\"},\"image\":{\"@id\":\"https:\/\/www.domkraftpro.com\/index.php\/produkt\/mucholapka-ecostripe-attractive-4-ks-finalni-vyprodej-14389\/#primaryimage\"},\"thumbnailUrl\":\"https:\/\/www.domkraftpro.com\/wp-content\/uploads\/2026\/SK0006694-CZ20260425-092522-0-1777080324-114246_rewrite-330168-090073.webp\",\"datePublished\":\"2026-04-27T04:40:58+00:00\",\"breadcrumb\":{\"@id\":\"https:\/\/www.domkraftpro.com\/index.php\/produkt\/mucholapka-ecostripe-attractive-4-ks-finalni-vyprodej-14389\/#breadcrumb\"},\"inLanguage\":\"cs\",\"potentialAction\":[{\"@type\":\"ReadAction\",\"target\":[\"https:\/\/www.domkraftpro.com\/index.php\/produkt\/mucholapka-ecostripe-attractive-4-ks-finalni-vyprodej-14389\/\"]}]},{\"@type\":\"ImageObject\",\"inLanguage\":\"cs\",\"@id\":\"https:\/\/www.domkraftpro.com\/index.php\/produkt\/mucholapka-ecostripe-attractive-4-ks-finalni-vyprodej-14389\/#primaryimage\",\"url\":\"https:\/\/www.domkraftpro.com\/wp-content\/uploads\/2026\/SK0006694-CZ20260425-092522-0-1777080324-114246_rewrite-330168-090073.webp\",\"contentUrl\":\"https:\/\/www.domkraftpro.com\/wp-content\/uploads\/2026\/SK0006694-CZ20260425-092522-0-1777080324-114246_rewrite-330168-090073.webp\",\"width\":1000,\"height\":750},{\"@type\":\"BreadcrumbList\",\"@id\":\"https:\/\/www.domkraftpro.com\/index.php\/produkt\/mucholapka-ecostripe-attractive-4-ks-finalni-vyprodej-14389\/#breadcrumb\",\"itemListElement\":[{\"@type\":\"ListItem\",\"position\":1,\"name\":\"Home\",\"item\":\"https:\/\/www.domkraftpro.com\/\"},{\"@type\":\"ListItem\",\"position\":2,\"name\":\"Products\",\"item\":\"https:\/\/www.domkraftpro.com\/index.php\/products\/\"},{\"@type\":\"ListItem\",\"position\":3,\"name\":\"Mucholapka ECOSTRIPE Attractive, 4 ks Fin\u00e1ln\u00ed V\u00fdprodej\"}]},{\"@type\":\"WebSite\",\"@id\":\"https:\/\/www.domkraftpro.com\/#website\",\"url\":\"https:\/\/www.domkraftpro.com\/\",\"name\":\"\",\"description\":\"\",\"potentialAction\":[{\"@type\":\"SearchAction\",\"target\":{\"@type\":\"EntryPoint\",\"urlTemplate\":\"https:\/\/www.domkraftpro.com\/?s={search_term_string}\"},\"query-input\":{\"@type\":\"PropertyValueSpecification\",\"valueRequired\":true,\"valueName\":\"search_term_string\"}}],\"inLanguage\":\"cs\"}]}<\/script>\n<!-- \/ Yoast SEO plugin. -->","yoast_head_json":{"title":"Mucholapka ECOSTRIPE Attractive, 4 ks Fin\u00e1ln\u00ed V\u00fdprodej -","robots":{"index":"index","follow":"follow","max-snippet":"max-snippet:-1","max-image-preview":"max-image-preview:large","max-video-preview":"max-video-preview:-1"},"canonical":"https:\/\/www.domkraftpro.com\/index.php\/produkt\/mucholapka-ecostripe-attractive-4-ks-finalni-vyprodej-14389\/","og_locale":"cs_CZ","og_type":"article","og_title":"Mucholapka ECOSTRIPE Attractive, 4 ks Fin\u00e1ln\u00ed V\u00fdprodej -","og_description":"Detailn\u00ed popis produktu Oboustrann\u011b lepic\u00ed p\u00e1s pap\u00edru opat\u0159eny\u00b4 l\u00e1kadly, ktery\u00b4 zaru\u010duje \u00fa\u010dinny\u00b4 odchyt mouchy dom\u00e1c\u00ed (Musca domestica).Kl\u00ed\u010dovy\u00b4m parametrem je kvalita lepu. Ten je nastaven tak, \u017ee lepiv\u00e1 s\u00edla p\u00e1su nezabra\u0148uje snadn\u00e9mu vyta\u017een\u00ed dutinky a p\u0159esto jeho okam\u017eit\u00e1 lepivost a p\u0159ilnavost zaru\u010duj\u00ed zachycen\u00ed mouchy i p\u0159i slab\u00e9m kontaktu. Viskozita lepu je nastavena tak, \u017ee lepidlo nest\u00e9k\u00e1 [&hellip;]","og_url":"https:\/\/www.domkraftpro.com\/index.php\/produkt\/mucholapka-ecostripe-attractive-4-ks-finalni-vyprodej-14389\/","og_image":[{"width":1000,"height":750,"url":"https:\/\/www.domkraftpro.com\/wp-content\/uploads\/2026\/SK0006694-CZ20260425-092522-0-1777080324-114246_rewrite-330168-090073.webp","type":"image\/webp"}],"twitter_card":"summary_large_image","twitter_misc":{"Odhadovan\u00e1 doba \u010dten\u00ed":"1 minuta"},"schema":{"@context":"https:\/\/schema.org","@graph":[{"@type":"WebPage","@id":"https:\/\/www.domkraftpro.com\/index.php\/produkt\/mucholapka-ecostripe-attractive-4-ks-finalni-vyprodej-14389\/","url":"https:\/\/www.domkraftpro.com\/index.php\/produkt\/mucholapka-ecostripe-attractive-4-ks-finalni-vyprodej-14389\/","name":"Mucholapka ECOSTRIPE Attractive, 4 ks Fin\u00e1ln\u00ed V\u00fdprodej -","isPartOf":{"@id":"https:\/\/www.domkraftpro.com\/#website"},"primaryImageOfPage":{"@id":"https:\/\/www.domkraftpro.com\/index.php\/produkt\/mucholapka-ecostripe-attractive-4-ks-finalni-vyprodej-14389\/#primaryimage"},"image":{"@id":"https:\/\/www.domkraftpro.com\/index.php\/produkt\/mucholapka-ecostripe-attractive-4-ks-finalni-vyprodej-14389\/#primaryimage"},"thumbnailUrl":"https:\/\/www.domkraftpro.com\/wp-content\/uploads\/2026\/SK0006694-CZ20260425-092522-0-1777080324-114246_rewrite-330168-090073.webp","datePublished":"2026-04-27T04:40:58+00:00","breadcrumb":{"@id":"https:\/\/www.domkraftpro.com\/index.php\/produkt\/mucholapka-ecostripe-attractive-4-ks-finalni-vyprodej-14389\/#breadcrumb"},"inLanguage":"cs","potentialAction":[{"@type":"ReadAction","target":["https:\/\/www.domkraftpro.com\/index.php\/produkt\/mucholapka-ecostripe-attractive-4-ks-finalni-vyprodej-14389\/"]}]},{"@type":"ImageObject","inLanguage":"cs","@id":"https:\/\/www.domkraftpro.com\/index.php\/produkt\/mucholapka-ecostripe-attractive-4-ks-finalni-vyprodej-14389\/#primaryimage","url":"https:\/\/www.domkraftpro.com\/wp-content\/uploads\/2026\/SK0006694-CZ20260425-092522-0-1777080324-114246_rewrite-330168-090073.webp","contentUrl":"https:\/\/www.domkraftpro.com\/wp-content\/uploads\/2026\/SK0006694-CZ20260425-092522-0-1777080324-114246_rewrite-330168-090073.webp","width":1000,"height":750},{"@type":"BreadcrumbList","@id":"https:\/\/www.domkraftpro.com\/index.php\/produkt\/mucholapka-ecostripe-attractive-4-ks-finalni-vyprodej-14389\/#breadcrumb","itemListElement":[{"@type":"ListItem","position":1,"name":"Home","item":"https:\/\/www.domkraftpro.com\/"},{"@type":"ListItem","position":2,"name":"Products","item":"https:\/\/www.domkraftpro.com\/index.php\/products\/"},{"@type":"ListItem","position":3,"name":"Mucholapka ECOSTRIPE Attractive, 4 ks Fin\u00e1ln\u00ed V\u00fdprodej"}]},{"@type":"WebSite","@id":"https:\/\/www.domkraftpro.com\/#website","url":"https:\/\/www.domkraftpro.com\/","name":"","description":"","potentialAction":[{"@type":"SearchAction","target":{"@type":"EntryPoint","urlTemplate":"https:\/\/www.domkraftpro.com\/?s={search_term_string}"},"query-input":{"@type":"PropertyValueSpecification","valueRequired":true,"valueName":"search_term_string"}}],"inLanguage":"cs"}]}},"_links":{"self":[{"href":"https:\/\/www.domkraftpro.com\/index.php\/wp-json\/wp\/v2\/product\/14389","targetHints":{"allow":["GET"]}}],"collection":[{"href":"https:\/\/www.domkraftpro.com\/index.php\/wp-json\/wp\/v2\/product"}],"about":[{"href":"https:\/\/www.domkraftpro.com\/index.php\/wp-json\/wp\/v2\/types\/product"}],"replies":[{"embeddable":true,"href":"https:\/\/www.domkraftpro.com\/index.php\/wp-json\/wp\/v2\/comments?post=14389"}],"wp:featuredmedia":[{"embeddable":true,"href":"https:\/\/www.domkraftpro.com\/index.php\/wp-json\/wp\/v2\/media\/14489"}],"wp:attachment":[{"href":"https:\/\/www.domkraftpro.com\/index.php\/wp-json\/wp\/v2\/media?parent=14389"}],"wp:term":[{"taxonomy":"product_brand","embeddable":true,"href":"https:\/\/www.domkraftpro.com\/index.php\/wp-json\/wp\/v2\/product_brand?post=14389"},{"taxonomy":"product_cat","embeddable":true,"href":"https:\/\/www.domkraftpro.com\/index.php\/wp-json\/wp\/v2\/product_cat?post=14389"},{"taxonomy":"product_tag","embeddable":true,"href":"https:\/\/www.domkraftpro.com\/index.php\/wp-json\/wp\/v2\/product_tag?post=14389"}],"curies":[{"name":"wp","href":"https:\/\/api.w.org\/{rel}","templated":true}]}}