{"id":14375,"date":"2026-04-27T04:40:58","date_gmt":"2026-04-27T04:40:58","guid":{"rendered":""},"modified":"2026-04-27T04:40:58","modified_gmt":"2026-04-27T04:40:58","slug":"primo-od-vyrobce-levior-r-hadice-precerpavaci-180-cm-se-samonasavacim-ventilem-14375","status":"publish","type":"product","link":"https:\/\/www.domkraftpro.com\/index.php\/produkt\/primo-od-vyrobce-levior-r-hadice-precerpavaci-180-cm-se-samonasavacim-ventilem-14375\/","title":{"rendered":"P\u0159\u00edmo Od V\u00fdrobce LEVIOR\u00ae Hadice p\u0159e\u010derp\u00e1vac\u00ed 180 cm se samonas\u00e1vac\u00edm ventilem"},"content":{"rendered":"<div class=\"basic-description\">\n<h3>Detailn\u00ed popis produktu<\/h3>\n<p>                                    Hadice s jednocestn\u00fdm samonas\u00e1vac\u00edm ventilem pro univerz\u00e1ln\u00ed pou\u017eit\u00ed.Kmitav\u00fdmi pohyby v <span class=\"show-tooltip\" title=\"Kapalina je skupenstv\u00ed l\u00e1tky, kter\u00e9 se vyzna\u010duje t\u00edm, \u017ee m\u00e1 pevn\u00fd objem, ale nen\u00ed schopna udr\u017eet sv\u016fj tvar a p\u0159izp\u016fsobuje se tvaru n\u00e1doby, do kter\u00e9 je um\u00edst\u011bna. Kapaliny zahrnuj\u00ed \u0161irokou \u0161k\u00e1lu l\u00e1tek, od vody a oleje po alkoholy a benz\u00edn.Kapaliny&amp;hellip;\">kapalin\u011b<\/span> &#8211; \u010d\u00e1st\u00ed hadice s ventilem doch\u00e1z\u00ed k nas\u00e1v\u00e1n\u00ed kapaliny, kter\u00e1 pak samovoln\u011b samosp\u00e1dem p\u0159et\u00e9k\u00e1 do dal\u0161\u00ed n\u00e1doby.<span class=\"show-tooltip\" title=\"D\u00e9lka&amp;nbsp;je jedna ze z\u00e1kladn\u00edch&amp;nbsp;fyzik\u00e1ln\u00edch veli\u010din. Pomoc\u00ed d\u00e9lky se vyjad\u0159uje vz\u00e1jemn\u00e1 poloha a rozprostran\u011bnost objekt\u016f v prostoru. D\u00e9lka jako fyzik\u00e1ln\u00ed veli\u010dina vych\u00e1z\u00ed z geometrick\u00e9ho pojmu&amp;nbsp;d\u00e9lky&amp;nbsp;jako&amp;nbsp;m\u00edry&amp;nbsp;ohrani\u010den\u00e9&amp;hellip;\">D\u00e9lka<\/span>: 180 cmVnit\u0159n\u00ed <span class=\"show-tooltip\" title=\"Pr\u016fm\u011br kruhu a kru\u017enice je d\u00e9lka \u00fase\u010dky, kter\u00e1 proch\u00e1z\u00ed st\u0159edem kruhu a spojuje dva body na jeho obvodu. Zkr\u00e1cen\u011b se pr\u016fm\u011br kruhu ozna\u010duje symbolem &quot;d&quot;.Vztah mezi pr\u016fm\u011brem kruhu a jeho polom\u011brem &quot;r&quot; je n\u00e1sleduj\u00edc\u00ed: d = 2 * rKde &quot;d&quot; je&amp;hellip;\">pr\u016fm\u011br<\/span>: 11 mm                            <\/div>\n","protected":false},"excerpt":{"rendered":"<p>Detailn\u00ed popis produktu Hadice s jednocestn\u00fdm samonas\u00e1vac\u00edm ventilem pro univerz\u00e1ln\u00ed pou\u017eit\u00ed.Kmitav\u00fdmi pohyby v kapalin\u011b &#8211; \u010d\u00e1st\u00ed hadice s ventilem doch\u00e1z\u00ed k nas\u00e1v\u00e1n\u00ed kapaliny, kter\u00e1 pak samovoln\u011b samosp\u00e1dem p\u0159et\u00e9k\u00e1 do dal\u0161\u00ed n\u00e1doby.D\u00e9lka: 180 cmVnit\u0159n\u00ed pr\u016fm\u011br: 11 mm<\/p>\n","protected":false},"featured_media":14475,"comment_status":"open","ping_status":"open","template":"","meta":[],"product_brand":[],"product_cat":[58],"product_tag":[],"class_list":{"0":"post-14375","1":"product","2":"type-product","3":"status-publish","4":"has-post-thumbnail","6":"product_cat-dum-a-zahrada","8":"first","9":"instock","10":"sale","11":"shipping-taxable","12":"purchasable","13":"product-type-simple"},"yoast_head":"<!-- This site is optimized with the Yoast SEO plugin v26.8 - https:\/\/yoast.com\/product\/yoast-seo-wordpress\/ -->\n<title>P\u0159\u00edmo Od V\u00fdrobce LEVIOR\u00ae Hadice p\u0159e\u010derp\u00e1vac\u00ed 180 cm se samonas\u00e1vac\u00edm ventilem -<\/title>\n<meta name=\"robots\" content=\"index, follow, max-snippet:-1, max-image-preview:large, max-video-preview:-1\" \/>\n<link rel=\"canonical\" href=\"https:\/\/www.domkraftpro.com\/index.php\/produkt\/primo-od-vyrobce-levior-r-hadice-precerpavaci-180-cm-se-samonasavacim-ventilem-14375\/\" \/>\n<meta property=\"og:locale\" content=\"cs_CZ\" \/>\n<meta property=\"og:type\" content=\"article\" \/>\n<meta property=\"og:title\" content=\"P\u0159\u00edmo Od V\u00fdrobce LEVIOR\u00ae Hadice p\u0159e\u010derp\u00e1vac\u00ed 180 cm se samonas\u00e1vac\u00edm ventilem -\" \/>\n<meta property=\"og:description\" content=\"Detailn\u00ed popis produktu Hadice s jednocestn\u00fdm samonas\u00e1vac\u00edm ventilem pro univerz\u00e1ln\u00ed pou\u017eit\u00ed.Kmitav\u00fdmi pohyby v kapalin\u011b &#8211; \u010d\u00e1st\u00ed hadice s ventilem doch\u00e1z\u00ed k nas\u00e1v\u00e1n\u00ed kapaliny, kter\u00e1 pak samovoln\u011b samosp\u00e1dem p\u0159et\u00e9k\u00e1 do dal\u0161\u00ed n\u00e1doby.D\u00e9lka: 180 cmVnit\u0159n\u00ed pr\u016fm\u011br: 11 mm\" \/>\n<meta property=\"og:url\" content=\"https:\/\/www.domkraftpro.com\/index.php\/produkt\/primo-od-vyrobce-levior-r-hadice-precerpavaci-180-cm-se-samonasavacim-ventilem-14375\/\" \/>\n<meta property=\"og:image\" content=\"https:\/\/www.domkraftpro.com\/wp-content\/uploads\/2026\/SK0006680-CZ20260425-092522-0-1777080324-114187_rewrite-81689-50026.webp\" \/>\n\t<meta property=\"og:image:width\" content=\"1000\" \/>\n\t<meta property=\"og:image:height\" content=\"750\" \/>\n\t<meta property=\"og:image:type\" content=\"image\/webp\" \/>\n<meta name=\"twitter:card\" content=\"summary_large_image\" \/>\n<script type=\"application\/ld+json\" class=\"yoast-schema-graph\">{\"@context\":\"https:\/\/schema.org\",\"@graph\":[{\"@type\":\"WebPage\",\"@id\":\"https:\/\/www.domkraftpro.com\/index.php\/produkt\/primo-od-vyrobce-levior-r-hadice-precerpavaci-180-cm-se-samonasavacim-ventilem-14375\/\",\"url\":\"https:\/\/www.domkraftpro.com\/index.php\/produkt\/primo-od-vyrobce-levior-r-hadice-precerpavaci-180-cm-se-samonasavacim-ventilem-14375\/\",\"name\":\"P\u0159\u00edmo Od V\u00fdrobce LEVIOR\u00ae Hadice p\u0159e\u010derp\u00e1vac\u00ed 180 cm se samonas\u00e1vac\u00edm ventilem -\",\"isPartOf\":{\"@id\":\"https:\/\/www.domkraftpro.com\/#website\"},\"primaryImageOfPage\":{\"@id\":\"https:\/\/www.domkraftpro.com\/index.php\/produkt\/primo-od-vyrobce-levior-r-hadice-precerpavaci-180-cm-se-samonasavacim-ventilem-14375\/#primaryimage\"},\"image\":{\"@id\":\"https:\/\/www.domkraftpro.com\/index.php\/produkt\/primo-od-vyrobce-levior-r-hadice-precerpavaci-180-cm-se-samonasavacim-ventilem-14375\/#primaryimage\"},\"thumbnailUrl\":\"https:\/\/www.domkraftpro.com\/wp-content\/uploads\/2026\/SK0006680-CZ20260425-092522-0-1777080324-114187_rewrite-81689-50026.webp\",\"datePublished\":\"2026-04-27T04:40:58+00:00\",\"breadcrumb\":{\"@id\":\"https:\/\/www.domkraftpro.com\/index.php\/produkt\/primo-od-vyrobce-levior-r-hadice-precerpavaci-180-cm-se-samonasavacim-ventilem-14375\/#breadcrumb\"},\"inLanguage\":\"cs\",\"potentialAction\":[{\"@type\":\"ReadAction\",\"target\":[\"https:\/\/www.domkraftpro.com\/index.php\/produkt\/primo-od-vyrobce-levior-r-hadice-precerpavaci-180-cm-se-samonasavacim-ventilem-14375\/\"]}]},{\"@type\":\"ImageObject\",\"inLanguage\":\"cs\",\"@id\":\"https:\/\/www.domkraftpro.com\/index.php\/produkt\/primo-od-vyrobce-levior-r-hadice-precerpavaci-180-cm-se-samonasavacim-ventilem-14375\/#primaryimage\",\"url\":\"https:\/\/www.domkraftpro.com\/wp-content\/uploads\/2026\/SK0006680-CZ20260425-092522-0-1777080324-114187_rewrite-81689-50026.webp\",\"contentUrl\":\"https:\/\/www.domkraftpro.com\/wp-content\/uploads\/2026\/SK0006680-CZ20260425-092522-0-1777080324-114187_rewrite-81689-50026.webp\",\"width\":1000,\"height\":750},{\"@type\":\"BreadcrumbList\",\"@id\":\"https:\/\/www.domkraftpro.com\/index.php\/produkt\/primo-od-vyrobce-levior-r-hadice-precerpavaci-180-cm-se-samonasavacim-ventilem-14375\/#breadcrumb\",\"itemListElement\":[{\"@type\":\"ListItem\",\"position\":1,\"name\":\"Home\",\"item\":\"https:\/\/www.domkraftpro.com\/\"},{\"@type\":\"ListItem\",\"position\":2,\"name\":\"Products\",\"item\":\"https:\/\/www.domkraftpro.com\/index.php\/products\/\"},{\"@type\":\"ListItem\",\"position\":3,\"name\":\"P\u0159\u00edmo Od V\u00fdrobce LEVIOR\u00ae Hadice p\u0159e\u010derp\u00e1vac\u00ed 180 cm se samonas\u00e1vac\u00edm ventilem\"}]},{\"@type\":\"WebSite\",\"@id\":\"https:\/\/www.domkraftpro.com\/#website\",\"url\":\"https:\/\/www.domkraftpro.com\/\",\"name\":\"\",\"description\":\"\",\"potentialAction\":[{\"@type\":\"SearchAction\",\"target\":{\"@type\":\"EntryPoint\",\"urlTemplate\":\"https:\/\/www.domkraftpro.com\/?s={search_term_string}\"},\"query-input\":{\"@type\":\"PropertyValueSpecification\",\"valueRequired\":true,\"valueName\":\"search_term_string\"}}],\"inLanguage\":\"cs\"}]}<\/script>\n<!-- \/ Yoast SEO plugin. -->","yoast_head_json":{"title":"P\u0159\u00edmo Od V\u00fdrobce LEVIOR\u00ae Hadice p\u0159e\u010derp\u00e1vac\u00ed 180 cm se samonas\u00e1vac\u00edm ventilem -","robots":{"index":"index","follow":"follow","max-snippet":"max-snippet:-1","max-image-preview":"max-image-preview:large","max-video-preview":"max-video-preview:-1"},"canonical":"https:\/\/www.domkraftpro.com\/index.php\/produkt\/primo-od-vyrobce-levior-r-hadice-precerpavaci-180-cm-se-samonasavacim-ventilem-14375\/","og_locale":"cs_CZ","og_type":"article","og_title":"P\u0159\u00edmo Od V\u00fdrobce LEVIOR\u00ae Hadice p\u0159e\u010derp\u00e1vac\u00ed 180 cm se samonas\u00e1vac\u00edm ventilem -","og_description":"Detailn\u00ed popis produktu Hadice s jednocestn\u00fdm samonas\u00e1vac\u00edm ventilem pro univerz\u00e1ln\u00ed pou\u017eit\u00ed.Kmitav\u00fdmi pohyby v kapalin\u011b &#8211; \u010d\u00e1st\u00ed hadice s ventilem doch\u00e1z\u00ed k nas\u00e1v\u00e1n\u00ed kapaliny, kter\u00e1 pak samovoln\u011b samosp\u00e1dem p\u0159et\u00e9k\u00e1 do dal\u0161\u00ed n\u00e1doby.D\u00e9lka: 180 cmVnit\u0159n\u00ed pr\u016fm\u011br: 11 mm","og_url":"https:\/\/www.domkraftpro.com\/index.php\/produkt\/primo-od-vyrobce-levior-r-hadice-precerpavaci-180-cm-se-samonasavacim-ventilem-14375\/","og_image":[{"width":1000,"height":750,"url":"https:\/\/www.domkraftpro.com\/wp-content\/uploads\/2026\/SK0006680-CZ20260425-092522-0-1777080324-114187_rewrite-81689-50026.webp","type":"image\/webp"}],"twitter_card":"summary_large_image","schema":{"@context":"https:\/\/schema.org","@graph":[{"@type":"WebPage","@id":"https:\/\/www.domkraftpro.com\/index.php\/produkt\/primo-od-vyrobce-levior-r-hadice-precerpavaci-180-cm-se-samonasavacim-ventilem-14375\/","url":"https:\/\/www.domkraftpro.com\/index.php\/produkt\/primo-od-vyrobce-levior-r-hadice-precerpavaci-180-cm-se-samonasavacim-ventilem-14375\/","name":"P\u0159\u00edmo Od V\u00fdrobce LEVIOR\u00ae Hadice p\u0159e\u010derp\u00e1vac\u00ed 180 cm se samonas\u00e1vac\u00edm ventilem -","isPartOf":{"@id":"https:\/\/www.domkraftpro.com\/#website"},"primaryImageOfPage":{"@id":"https:\/\/www.domkraftpro.com\/index.php\/produkt\/primo-od-vyrobce-levior-r-hadice-precerpavaci-180-cm-se-samonasavacim-ventilem-14375\/#primaryimage"},"image":{"@id":"https:\/\/www.domkraftpro.com\/index.php\/produkt\/primo-od-vyrobce-levior-r-hadice-precerpavaci-180-cm-se-samonasavacim-ventilem-14375\/#primaryimage"},"thumbnailUrl":"https:\/\/www.domkraftpro.com\/wp-content\/uploads\/2026\/SK0006680-CZ20260425-092522-0-1777080324-114187_rewrite-81689-50026.webp","datePublished":"2026-04-27T04:40:58+00:00","breadcrumb":{"@id":"https:\/\/www.domkraftpro.com\/index.php\/produkt\/primo-od-vyrobce-levior-r-hadice-precerpavaci-180-cm-se-samonasavacim-ventilem-14375\/#breadcrumb"},"inLanguage":"cs","potentialAction":[{"@type":"ReadAction","target":["https:\/\/www.domkraftpro.com\/index.php\/produkt\/primo-od-vyrobce-levior-r-hadice-precerpavaci-180-cm-se-samonasavacim-ventilem-14375\/"]}]},{"@type":"ImageObject","inLanguage":"cs","@id":"https:\/\/www.domkraftpro.com\/index.php\/produkt\/primo-od-vyrobce-levior-r-hadice-precerpavaci-180-cm-se-samonasavacim-ventilem-14375\/#primaryimage","url":"https:\/\/www.domkraftpro.com\/wp-content\/uploads\/2026\/SK0006680-CZ20260425-092522-0-1777080324-114187_rewrite-81689-50026.webp","contentUrl":"https:\/\/www.domkraftpro.com\/wp-content\/uploads\/2026\/SK0006680-CZ20260425-092522-0-1777080324-114187_rewrite-81689-50026.webp","width":1000,"height":750},{"@type":"BreadcrumbList","@id":"https:\/\/www.domkraftpro.com\/index.php\/produkt\/primo-od-vyrobce-levior-r-hadice-precerpavaci-180-cm-se-samonasavacim-ventilem-14375\/#breadcrumb","itemListElement":[{"@type":"ListItem","position":1,"name":"Home","item":"https:\/\/www.domkraftpro.com\/"},{"@type":"ListItem","position":2,"name":"Products","item":"https:\/\/www.domkraftpro.com\/index.php\/products\/"},{"@type":"ListItem","position":3,"name":"P\u0159\u00edmo Od V\u00fdrobce LEVIOR\u00ae Hadice p\u0159e\u010derp\u00e1vac\u00ed 180 cm se samonas\u00e1vac\u00edm ventilem"}]},{"@type":"WebSite","@id":"https:\/\/www.domkraftpro.com\/#website","url":"https:\/\/www.domkraftpro.com\/","name":"","description":"","potentialAction":[{"@type":"SearchAction","target":{"@type":"EntryPoint","urlTemplate":"https:\/\/www.domkraftpro.com\/?s={search_term_string}"},"query-input":{"@type":"PropertyValueSpecification","valueRequired":true,"valueName":"search_term_string"}}],"inLanguage":"cs"}]}},"_links":{"self":[{"href":"https:\/\/www.domkraftpro.com\/index.php\/wp-json\/wp\/v2\/product\/14375","targetHints":{"allow":["GET"]}}],"collection":[{"href":"https:\/\/www.domkraftpro.com\/index.php\/wp-json\/wp\/v2\/product"}],"about":[{"href":"https:\/\/www.domkraftpro.com\/index.php\/wp-json\/wp\/v2\/types\/product"}],"replies":[{"embeddable":true,"href":"https:\/\/www.domkraftpro.com\/index.php\/wp-json\/wp\/v2\/comments?post=14375"}],"wp:featuredmedia":[{"embeddable":true,"href":"https:\/\/www.domkraftpro.com\/index.php\/wp-json\/wp\/v2\/media\/14475"}],"wp:attachment":[{"href":"https:\/\/www.domkraftpro.com\/index.php\/wp-json\/wp\/v2\/media?parent=14375"}],"wp:term":[{"taxonomy":"product_brand","embeddable":true,"href":"https:\/\/www.domkraftpro.com\/index.php\/wp-json\/wp\/v2\/product_brand?post=14375"},{"taxonomy":"product_cat","embeddable":true,"href":"https:\/\/www.domkraftpro.com\/index.php\/wp-json\/wp\/v2\/product_cat?post=14375"},{"taxonomy":"product_tag","embeddable":true,"href":"https:\/\/www.domkraftpro.com\/index.php\/wp-json\/wp\/v2\/product_tag?post=14375"}],"curies":[{"name":"wp","href":"https:\/\/api.w.org\/{rel}","templated":true}]}}