{"id":1385,"date":"2026-04-27T04:40:34","date_gmt":"2026-04-27T04:40:34","guid":{"rendered":""},"modified":"2026-04-27T04:40:34","modified_gmt":"2026-04-27T04:40:34","slug":"abb-6619e-a06357-01-time-r-element-r-zasuvka-jednonasobna-s-ochrannym-kolikem-s-clonkami-bila-ledova-bila-nejprodavanejsi-1385","status":"publish","type":"product","link":"https:\/\/www.domkraftpro.com\/index.php\/produkt\/abb-6619e-a06357-01-time-r-element-r-zasuvka-jednonasobna-s-ochrannym-kolikem-s-clonkami-bila-ledova-bila-nejprodavanejsi-1385\/","title":{"rendered":"ABB 6619E-A06357 01 Time\u00ae, Element\u00ae Z\u00e1suvka jednon\u00e1sobn\u00e1 s ochrann\u00fdm kol\u00edkem, s clonkami, b\u00edl\u00e1 \/ ledov\u00e1 b\u00edl\u00e1 Nejprod\u00e1van\u011bj\u0161\u00ed"},"content":{"rendered":"<div id=\"e9906569\" class=\"pages\">\n<div id=\"PDDescription\" class=\"UserContentView userContent v1a v1 bs-view dcon dc150 PDDescription\" >\n<h2><span style=\"color: #007980;\">ABB 6619E-A06357 01 Time\u00ae, Element\u00ae Z\u00e1suvka jednon\u00e1sobn\u00e1 s ochrann\u00fdm kol\u00edkem, s clonkami, b\u00edl\u00e1 \/ ledov\u00e1 b\u00edl\u00e1<\/span><\/h2>\n<p>Jednon\u00e1sobn\u00e1 z\u00e1suvka\u00a0ABB Element Time\u00a0IP 40 \u0159azen\u00ed 2P+PE s\u00a0ochrann\u00fdm kol\u00edkem a\u00a0s\u00a0clonkami je dimenzov\u00e1na pro proud 16 A a\u00a0250 V. Upev\u0148uje se \u0161rouby, p\u0159ipojen\u00ed vodi\u010d\u016f je v\u0161ak modern\u00ed, na bez\u0161roubov\u00e9 svorky (pro vodi\u010de 1,5-2,5 mm2).<\/p>\n<h3><span style=\"color: #007980;\">Specifikace z\u00e1suvky ABB Element Time:<\/span><\/h3>\n<p>Nov\u00e1 z\u00e1suvka je p\u0159\u00edmou n\u00e1hradou modelu 5519E-A02357. Oproti p\u016fvodn\u00ed z\u00e1suvce nab\u00edz\u00ed nov\u00e9 svorky pro p\u0159ipojen\u00ed z\u00e1suvky\/spot\u0159ebi\u010de a\u00a0clonky integrovan\u00e9 p\u0159\u00edmo ve strojku. \u00a0<\/p>\n<p>\u00a0Kryty z\u00e1suvek 5519 a\u00a06619 tedy nejsou vz\u00e1jemn\u011b kompatibiln\u00ed.<\/p>\n<p>D\u00edky promy\u0161len\u00e9 nab\u00eddce barev, mezi nimi\u017e nechyb\u00ed krom\u011b b\u00edl\u00e9 i\u00a0kombinace lungo a\u00a0ml\u00e9\u010dn\u00e9, se v\u0161ak bezpochyby uchyt\u00ed i\u00a0v\u00a0interi\u00e9rech, s\u00e1zej\u00edc\u00edch na klasi\u010dt\u011bj\u0161\u00ed vzez\u0159en\u00ed.\u00a0Tou\u017e\u00edte-li sp\u00ed\u0161e po vybaven\u00ed v\u00a0luxusn\u011bj\u0161\u00edm duchu, nab\u00edz\u00ed v\u00e1m \u0159ada Time barvy, jako jsou t\u0159eba\u00a0starost\u0159\u00edbrn\u00e1, titanov\u00e1 nebo \u0161ampa\u0148sk\u00e1.<\/p>\n<p>Z\u00e1suvky ABB Time m\u016f\u017eete vlo\u017eit do p\u0159\u00edslu\u0161n\u00fdch kryc\u00edch r\u00e1me\u010dk\u016f, kter\u00e9 se budou hodit do dom\u00e1cnosti, kancel\u00e1\u0159e \u010di nap\u0159\u00edklad penzionu nebo hotelu si u\u00a0n\u00e1s m\u016f\u017eete po\u0159\u00eddit ve v\u0161ech barv\u00e1ch \u0159ady Time nejenom jednon\u00e1sobn\u00e9 r\u00e1me\u010dky, ale i\u00a0dvojr\u00e1me\u010dky, trojr\u00e1me\u010dky,\u00a0\u010dty\u0159r\u00e1me\u010dky\u00a0nebo p\u011btir\u00e1me\u010dky.<\/p>\n<p>Rozm\u011bry\u00a0z\u00e1suvky jsou: 73,8 x 73,8 x 36,7 mm.<\/p>\n<p>\u00a0<\/p>\n<div id=\"PDTable3\" class=\"ProductDetailTableView v3a v3 bs-view dcon dc175 PDTable3\" >\n<table>\n<thead><\/thead>\n<tbody>\n<tr class=\"attribute attr_bsshop_maker\">\n<td class=\"caption\">V\u00fdrobce<\/td>\n<td class=\"value\">ABB<\/td>\n<\/tr>\n<tr class=\"attribute attr_Barva\">\n<td class=\"caption\">Barva<\/td>\n<td class=\"value\">b\u00edl\u00e1 \/ ledov\u00e1 b\u00edl\u00e1<\/td>\n<\/tr>\n<\/tbody>\n<\/table><\/div>\n<\/div>\n<div id=\"CategoryUserContent3\" class=\"UserContentView userContent v1a v1 bs-view dcon dc11 CategoryUserContent3\" >\n<h2><strong>Jak si objednat v\u0161e co pot\u0159ebuji k vyp\u00edna\u010di nebo z\u00e1suvce?? <\/strong><\/h2>\n<p>V prvn\u00ed rad\u011b je d\u016fle\u017eit\u00e9 v\u011bd\u011bt kolik krabi\u010dek (nap\u0159\u00edklad KP 68) m\u00e1me v pokoji samostatn\u011b a kolik je jich spojen\u00fdch (tedy ve v\u00edce r\u00e1me\u010dku). Je jedno<\/p>\n<p>Jestli jsou krabi\u010dky do zdi nebo do s\u00e1drokartonu.<\/p>\n<\/p>\n<p> Pak je d\u016fle\u017eit\u00e9 v\u011bd\u011bt jak\u00e9 strojky (ke klapk\u00e1m) pot\u0159ebujete. Strojky vypadaj\u00ed v\u011bt\u0161inou stejn\u011b, ale stejn\u00e9 nejsou, nebo byt stejn\u00e9 nemus\u00ed.<\/p>\n<\/p>\n<h2> <strong>Rozli\u0161uj\u00ed se na:<\/strong><\/h2>\n<p> <strong>Vyp\u00edna\u010d \u010d. 1<\/strong> &#8211; z\u00e1kladn\u00ed vyp\u00edna\u010d na sp\u00edn\u00e1n\u00ed osv\u011btlen\u00ed z jednoho m\u00edsta.<\/p>\n<p> <strong>Vyp\u00edna\u010d \u010d. 6<\/strong> &#8211; schodi\u0161\u0165ov\u00fd ten je pro sp\u00edn\u00e1n\u00ed ze dvou m\u00edst. Nap\u0159\u00edklad dole pod schody a na vrcholu schodi\u0161t\u011b.<\/p>\n<p> <strong>Vyp\u00edna\u010d \u010d. 7<\/strong> &#8211; ten je mezi schodi\u0161\u0165ov\u00fdmi vyp\u00edna\u010di. Tedy, kdy\u017e je nap\u0159\u00edklad na schodi\u0161ti zapot\u0159eb\u00ed je\u0161t\u011b vyp\u00edna\u010d, nebo v\u00edce vyp\u00edna\u010d\u016f.<\/p>\n<p>                         V\u0161echny tyto vyp\u00edna\u010de budou \u010d. 7.<\/p>\n<p> <strong>Vyp\u00edna\u010d \u010d. 5<\/strong> &#8211; tedy vyp\u00edna\u010d lustrov\u00fd. Nej\u010dast\u011bj\u0161\u00ed pou\u017eit\u00ed je v ob\u00fdvac\u00edm pokoji. Kde je zapot\u0159eb\u00ed sp\u00ednat dv\u011b sv\u011btla z jednoho m\u00edsta, nebo pak t\u0159eba v koupeln\u011b.<\/p>\n<p>                        Tento strojek pou\u017e\u00edv\u00e1 dvojitou klapku (p\u016flenou) ostatn\u00ed zmi\u0148ovan\u00e9 pou\u017e\u00edvaj\u00ed jednoduchou klapku.<\/p>\n<h2>V\u00fdb\u011br klapek<\/h2>\n<p>Tento n\u00e1vod je nyn\u00ed na vyp\u00edna\u010de Tango, ale je stejn\u00fd i pro jin\u00e9 varianty (Time, Element, Levit a dal\u0161\u00ed) krom ABB Swing. Varianta Swing a Swing L pou\u017e\u00edv\u00e1 strojky v\u010detn\u011b klapek, dokupuj\u00ed se pouze r\u00e1me\u010dky. <\/p>\n<\/p>\n<p>Toto je stru\u010dn\u00fd v\u00fdb\u011br nej\u010dast\u011bji pou\u017e\u00edvan\u00fdch vyp\u00edna\u010d\u016f a variant. Samoz\u0159ejm\u011b je jich je\u0161t\u011b v\u00edce a na r\u016fzn\u00e9 pou\u017eit\u00ed. S doutnavkou, popiskem, na \u017ealuzie a rolety \u010di jin\u00e9 pou\u017eit\u00ed.<\/p>\n<p>S t\u011bmi v\u00e1m p\u0159\u00edpadn\u011b r\u00e1di porad\u00edme, na telefonu nebo e-mailu a chatu.<\/p>\n<h2>Jak na r\u00e1me\u010dky<\/h2>\n<p>Pak u\u017e jen spo\u010d\u00edtat kolik pot\u0159ebujeme klapek ke zvolen\u00fdm strojk\u016fm. Ty se pak vsad\u00ed ka\u017e\u00fd solo do jednoduch\u00e9ho r\u00e1me\u010dku nebo do v\u00edce r\u00e1me\u010dku.<\/p>\n<p>Ty se d\u011bl\u00ed na jednoduch\u00e9, dvojit\u00e9, trojit\u00e9, \u010dty\u0159 a p\u011bti r\u00e1me\u010dky.<\/p>\n<p>R\u00e1me\u010dky se pak je\u0161t\u011b d\u011bl\u00ed na svisl\u00e9 a vodorovn\u00e9, to je v\u0161e popsan\u00e9 v popisku jednotliv\u00fdch r\u00e1me\u010dk\u016f.<\/p>\n<\/p>\n<p>Kompletn\u00ed vyp\u00edna\u010d se tedy skl\u00e1d\u00e1 ze <strong>strojku &#8211; klapky &#8211; r\u00e1me\u010dku<\/strong>.<\/p>\n<h2>Posledn\u00ed jsou z\u00e1suvky<\/h2>\n<p>Dal\u0161\u00edm d\u016fle\u017eit\u00fdm bodem jsou z\u00e1suvky. Ty se d\u011bl\u00ed na jednoduch\u00e9 a dvojit\u00e9, s nato\u010denou vrchn\u00ed z\u00e1suvkou a s clonkami, p\u0159ep\u011bt\u00edm a bez p\u0159ep\u011bt\u00ed. V\u0161echny tyto z\u00e1suvky pou\u017e\u00edvaj\u00ed stejnou mont\u00e1\u017en\u00ed krabici ve zdi a to jednoduchou (nap\u0159. KP 68 ). Jednoduch\u00e9 z\u00e1suvky se prod\u00e1vaj\u00ed v\u010detn\u011b strojku a krytu, ale bez r\u00e1me\u010dku. To proto\u017ee jdou kombinovat do v\u00edce r\u00e1me\u010dk\u016f. Nap\u0159\u00edklad dvoj r\u00e1me\u010dek &#8211; jeden vyp\u00edna\u010d a jedna jednoduch\u00e1 z\u00e1suvka. Dvojit\u00e9 z\u00e1suvky se prod\u00e1vaj\u00ed jako jedin\u00e9 kompletn\u00ed. Tedy strojek v\u010detn\u011b krytu, r\u00e1me\u010dky se nem\u011bn\u00ed.<\/p>\n<\/p>\n<p> Takto by m\u011bl vypadat v\u00fdsledek kompletn\u00edho vyp\u00edna\u010de a jednoduch\u00e9 z\u00e1suvky v proveden\u00ed ABB Tango B\u00edl\u00e1.<\/p>\n<\/p>\n<p>I takto m\u016f\u017ee vypadat sestava svisl\u00e9ho proveden\u00ed vyp\u00edna\u010de s pr\u016fzorem a p\u016flen\u00e9ho vyp\u00edna\u010de.<\/p>\n<\/p>\n<\/p>\n<\/p>\n<\/div>\n<\/div>\n<div id=\"e9906570\" class=\"tabs\">\n","protected":false},"excerpt":{"rendered":"<p>ABB 6619E-A06357 01 Time\u00ae, Element\u00ae Z\u00e1suvka jednon\u00e1sobn\u00e1 s ochrann\u00fdm kol\u00edkem, s clonkami, b\u00edl\u00e1 \/ ledov\u00e1 b\u00edl\u00e1 Jednon\u00e1sobn\u00e1 z\u00e1suvka\u00a0ABB Element Time\u00a0IP 40 \u0159azen\u00ed 2P+PE s\u00a0ochrann\u00fdm kol\u00edkem a\u00a0s\u00a0clonkami je dimenzov\u00e1na pro proud 16 A a\u00a0250 V. Upev\u0148uje se \u0161rouby, p\u0159ipojen\u00ed vodi\u010d\u016f je v\u0161ak modern\u00ed, na bez\u0161roubov\u00e9 svorky (pro vodi\u010de 1,5-2,5 mm2). Specifikace z\u00e1suvky ABB Element Time: Nov\u00e1 [&hellip;]<\/p>\n","protected":false},"featured_media":1485,"comment_status":"open","ping_status":"open","template":"","meta":[],"product_brand":[],"product_cat":[41],"product_tag":[],"class_list":{"0":"post-1385","1":"product","2":"type-product","3":"status-publish","4":"has-post-thumbnail","6":"product_cat-vyp-237-nace-a-z-225-suvky","8":"first","9":"instock","10":"sale","11":"shipping-taxable","12":"purchasable","13":"product-type-simple"},"yoast_head":"<!-- This site is optimized with the Yoast SEO plugin v26.8 - https:\/\/yoast.com\/product\/yoast-seo-wordpress\/ -->\n<title>ABB 6619E-A06357 01 Time\u00ae, Element\u00ae Z\u00e1suvka jednon\u00e1sobn\u00e1 s ochrann\u00fdm kol\u00edkem, s clonkami, b\u00edl\u00e1 \/ ledov\u00e1 b\u00edl\u00e1 Nejprod\u00e1van\u011bj\u0161\u00ed -<\/title>\n<meta name=\"robots\" content=\"index, follow, max-snippet:-1, max-image-preview:large, max-video-preview:-1\" \/>\n<link rel=\"canonical\" href=\"https:\/\/www.domkraftpro.com\/index.php\/produkt\/abb-6619e-a06357-01-time-r-element-r-zasuvka-jednonasobna-s-ochrannym-kolikem-s-clonkami-bila-ledova-bila-nejprodavanejsi-1385\/\" \/>\n<meta property=\"og:locale\" content=\"cs_CZ\" \/>\n<meta property=\"og:type\" content=\"article\" \/>\n<meta property=\"og:title\" content=\"ABB 6619E-A06357 01 Time\u00ae, Element\u00ae Z\u00e1suvka jednon\u00e1sobn\u00e1 s ochrann\u00fdm kol\u00edkem, s clonkami, b\u00edl\u00e1 \/ ledov\u00e1 b\u00edl\u00e1 Nejprod\u00e1van\u011bj\u0161\u00ed -\" \/>\n<meta property=\"og:description\" content=\"ABB 6619E-A06357 01 Time\u00ae, Element\u00ae Z\u00e1suvka jednon\u00e1sobn\u00e1 s ochrann\u00fdm kol\u00edkem, s clonkami, b\u00edl\u00e1 \/ ledov\u00e1 b\u00edl\u00e1 Jednon\u00e1sobn\u00e1 z\u00e1suvka\u00a0ABB Element Time\u00a0IP 40 \u0159azen\u00ed 2P+PE s\u00a0ochrann\u00fdm kol\u00edkem a\u00a0s\u00a0clonkami je dimenzov\u00e1na pro proud 16 A a\u00a0250 V. Upev\u0148uje se \u0161rouby, p\u0159ipojen\u00ed vodi\u010d\u016f je v\u0161ak modern\u00ed, na bez\u0161roubov\u00e9 svorky (pro vodi\u010de 1,5-2,5 mm2). Specifikace z\u00e1suvky ABB Element Time: Nov\u00e1 [&hellip;]\" \/>\n<meta property=\"og:url\" content=\"https:\/\/www.domkraftpro.com\/index.php\/produkt\/abb-6619e-a06357-01-time-r-element-r-zasuvka-jednonasobna-s-ochrannym-kolikem-s-clonkami-bila-ledova-bila-nejprodavanejsi-1385\/\" \/>\n<meta property=\"og:image\" content=\"https:\/\/www.domkraftpro.com\/wp-content\/uploads\/2026\/SK0008523-CZ20260425-091623-0-1777079785-abb-6619e-a06357-01-time-element-zasuvka-jednonasobna-s-och.webp\" \/>\n\t<meta property=\"og:image:width\" content=\"1000\" \/>\n\t<meta property=\"og:image:height\" content=\"525\" \/>\n\t<meta property=\"og:image:type\" content=\"image\/webp\" \/>\n<meta name=\"twitter:card\" content=\"summary_large_image\" \/>\n<meta name=\"twitter:label1\" content=\"Odhadovan\u00e1 doba \u010dten\u00ed\" \/>\n\t<meta name=\"twitter:data1\" content=\"4 minuty\" \/>\n<script type=\"application\/ld+json\" class=\"yoast-schema-graph\">{\"@context\":\"https:\/\/schema.org\",\"@graph\":[{\"@type\":\"WebPage\",\"@id\":\"https:\/\/www.domkraftpro.com\/index.php\/produkt\/abb-6619e-a06357-01-time-r-element-r-zasuvka-jednonasobna-s-ochrannym-kolikem-s-clonkami-bila-ledova-bila-nejprodavanejsi-1385\/\",\"url\":\"https:\/\/www.domkraftpro.com\/index.php\/produkt\/abb-6619e-a06357-01-time-r-element-r-zasuvka-jednonasobna-s-ochrannym-kolikem-s-clonkami-bila-ledova-bila-nejprodavanejsi-1385\/\",\"name\":\"ABB 6619E-A06357 01 Time\u00ae, Element\u00ae Z\u00e1suvka jednon\u00e1sobn\u00e1 s ochrann\u00fdm kol\u00edkem, s clonkami, b\u00edl\u00e1 \/ ledov\u00e1 b\u00edl\u00e1 Nejprod\u00e1van\u011bj\u0161\u00ed -\",\"isPartOf\":{\"@id\":\"https:\/\/www.domkraftpro.com\/#website\"},\"primaryImageOfPage\":{\"@id\":\"https:\/\/www.domkraftpro.com\/index.php\/produkt\/abb-6619e-a06357-01-time-r-element-r-zasuvka-jednonasobna-s-ochrannym-kolikem-s-clonkami-bila-ledova-bila-nejprodavanejsi-1385\/#primaryimage\"},\"image\":{\"@id\":\"https:\/\/www.domkraftpro.com\/index.php\/produkt\/abb-6619e-a06357-01-time-r-element-r-zasuvka-jednonasobna-s-ochrannym-kolikem-s-clonkami-bila-ledova-bila-nejprodavanejsi-1385\/#primaryimage\"},\"thumbnailUrl\":\"https:\/\/www.domkraftpro.com\/wp-content\/uploads\/2026\/SK0008523-CZ20260425-091623-0-1777079785-abb-6619e-a06357-01-time-element-zasuvka-jednonasobna-s-och.webp\",\"datePublished\":\"2026-04-27T04:40:34+00:00\",\"breadcrumb\":{\"@id\":\"https:\/\/www.domkraftpro.com\/index.php\/produkt\/abb-6619e-a06357-01-time-r-element-r-zasuvka-jednonasobna-s-ochrannym-kolikem-s-clonkami-bila-ledova-bila-nejprodavanejsi-1385\/#breadcrumb\"},\"inLanguage\":\"cs\",\"potentialAction\":[{\"@type\":\"ReadAction\",\"target\":[\"https:\/\/www.domkraftpro.com\/index.php\/produkt\/abb-6619e-a06357-01-time-r-element-r-zasuvka-jednonasobna-s-ochrannym-kolikem-s-clonkami-bila-ledova-bila-nejprodavanejsi-1385\/\"]}]},{\"@type\":\"ImageObject\",\"inLanguage\":\"cs\",\"@id\":\"https:\/\/www.domkraftpro.com\/index.php\/produkt\/abb-6619e-a06357-01-time-r-element-r-zasuvka-jednonasobna-s-ochrannym-kolikem-s-clonkami-bila-ledova-bila-nejprodavanejsi-1385\/#primaryimage\",\"url\":\"https:\/\/www.domkraftpro.com\/wp-content\/uploads\/2026\/SK0008523-CZ20260425-091623-0-1777079785-abb-6619e-a06357-01-time-element-zasuvka-jednonasobna-s-och.webp\",\"contentUrl\":\"https:\/\/www.domkraftpro.com\/wp-content\/uploads\/2026\/SK0008523-CZ20260425-091623-0-1777079785-abb-6619e-a06357-01-time-element-zasuvka-jednonasobna-s-och.webp\",\"width\":1000,\"height\":525},{\"@type\":\"BreadcrumbList\",\"@id\":\"https:\/\/www.domkraftpro.com\/index.php\/produkt\/abb-6619e-a06357-01-time-r-element-r-zasuvka-jednonasobna-s-ochrannym-kolikem-s-clonkami-bila-ledova-bila-nejprodavanejsi-1385\/#breadcrumb\",\"itemListElement\":[{\"@type\":\"ListItem\",\"position\":1,\"name\":\"Home\",\"item\":\"https:\/\/www.domkraftpro.com\/\"},{\"@type\":\"ListItem\",\"position\":2,\"name\":\"Products\",\"item\":\"https:\/\/www.domkraftpro.com\/index.php\/products\/\"},{\"@type\":\"ListItem\",\"position\":3,\"name\":\"ABB 6619E-A06357 01 Time\u00ae, Element\u00ae Z\u00e1suvka jednon\u00e1sobn\u00e1 s ochrann\u00fdm kol\u00edkem, s clonkami, b\u00edl\u00e1 \/ ledov\u00e1 b\u00edl\u00e1 Nejprod\u00e1van\u011bj\u0161\u00ed\"}]},{\"@type\":\"WebSite\",\"@id\":\"https:\/\/www.domkraftpro.com\/#website\",\"url\":\"https:\/\/www.domkraftpro.com\/\",\"name\":\"\",\"description\":\"\",\"potentialAction\":[{\"@type\":\"SearchAction\",\"target\":{\"@type\":\"EntryPoint\",\"urlTemplate\":\"https:\/\/www.domkraftpro.com\/?s={search_term_string}\"},\"query-input\":{\"@type\":\"PropertyValueSpecification\",\"valueRequired\":true,\"valueName\":\"search_term_string\"}}],\"inLanguage\":\"cs\"}]}<\/script>\n<!-- \/ Yoast SEO plugin. -->","yoast_head_json":{"title":"ABB 6619E-A06357 01 Time\u00ae, Element\u00ae Z\u00e1suvka jednon\u00e1sobn\u00e1 s ochrann\u00fdm kol\u00edkem, s clonkami, b\u00edl\u00e1 \/ ledov\u00e1 b\u00edl\u00e1 Nejprod\u00e1van\u011bj\u0161\u00ed -","robots":{"index":"index","follow":"follow","max-snippet":"max-snippet:-1","max-image-preview":"max-image-preview:large","max-video-preview":"max-video-preview:-1"},"canonical":"https:\/\/www.domkraftpro.com\/index.php\/produkt\/abb-6619e-a06357-01-time-r-element-r-zasuvka-jednonasobna-s-ochrannym-kolikem-s-clonkami-bila-ledova-bila-nejprodavanejsi-1385\/","og_locale":"cs_CZ","og_type":"article","og_title":"ABB 6619E-A06357 01 Time\u00ae, Element\u00ae Z\u00e1suvka jednon\u00e1sobn\u00e1 s ochrann\u00fdm kol\u00edkem, s clonkami, b\u00edl\u00e1 \/ ledov\u00e1 b\u00edl\u00e1 Nejprod\u00e1van\u011bj\u0161\u00ed -","og_description":"ABB 6619E-A06357 01 Time\u00ae, Element\u00ae Z\u00e1suvka jednon\u00e1sobn\u00e1 s ochrann\u00fdm kol\u00edkem, s clonkami, b\u00edl\u00e1 \/ ledov\u00e1 b\u00edl\u00e1 Jednon\u00e1sobn\u00e1 z\u00e1suvka\u00a0ABB Element Time\u00a0IP 40 \u0159azen\u00ed 2P+PE s\u00a0ochrann\u00fdm kol\u00edkem a\u00a0s\u00a0clonkami je dimenzov\u00e1na pro proud 16 A a\u00a0250 V. Upev\u0148uje se \u0161rouby, p\u0159ipojen\u00ed vodi\u010d\u016f je v\u0161ak modern\u00ed, na bez\u0161roubov\u00e9 svorky (pro vodi\u010de 1,5-2,5 mm2). Specifikace z\u00e1suvky ABB Element Time: Nov\u00e1 [&hellip;]","og_url":"https:\/\/www.domkraftpro.com\/index.php\/produkt\/abb-6619e-a06357-01-time-r-element-r-zasuvka-jednonasobna-s-ochrannym-kolikem-s-clonkami-bila-ledova-bila-nejprodavanejsi-1385\/","og_image":[{"width":1000,"height":525,"url":"https:\/\/www.domkraftpro.com\/wp-content\/uploads\/2026\/SK0008523-CZ20260425-091623-0-1777079785-abb-6619e-a06357-01-time-element-zasuvka-jednonasobna-s-och.webp","type":"image\/webp"}],"twitter_card":"summary_large_image","twitter_misc":{"Odhadovan\u00e1 doba \u010dten\u00ed":"4 minuty"},"schema":{"@context":"https:\/\/schema.org","@graph":[{"@type":"WebPage","@id":"https:\/\/www.domkraftpro.com\/index.php\/produkt\/abb-6619e-a06357-01-time-r-element-r-zasuvka-jednonasobna-s-ochrannym-kolikem-s-clonkami-bila-ledova-bila-nejprodavanejsi-1385\/","url":"https:\/\/www.domkraftpro.com\/index.php\/produkt\/abb-6619e-a06357-01-time-r-element-r-zasuvka-jednonasobna-s-ochrannym-kolikem-s-clonkami-bila-ledova-bila-nejprodavanejsi-1385\/","name":"ABB 6619E-A06357 01 Time\u00ae, Element\u00ae Z\u00e1suvka jednon\u00e1sobn\u00e1 s ochrann\u00fdm kol\u00edkem, s clonkami, b\u00edl\u00e1 \/ ledov\u00e1 b\u00edl\u00e1 Nejprod\u00e1van\u011bj\u0161\u00ed -","isPartOf":{"@id":"https:\/\/www.domkraftpro.com\/#website"},"primaryImageOfPage":{"@id":"https:\/\/www.domkraftpro.com\/index.php\/produkt\/abb-6619e-a06357-01-time-r-element-r-zasuvka-jednonasobna-s-ochrannym-kolikem-s-clonkami-bila-ledova-bila-nejprodavanejsi-1385\/#primaryimage"},"image":{"@id":"https:\/\/www.domkraftpro.com\/index.php\/produkt\/abb-6619e-a06357-01-time-r-element-r-zasuvka-jednonasobna-s-ochrannym-kolikem-s-clonkami-bila-ledova-bila-nejprodavanejsi-1385\/#primaryimage"},"thumbnailUrl":"https:\/\/www.domkraftpro.com\/wp-content\/uploads\/2026\/SK0008523-CZ20260425-091623-0-1777079785-abb-6619e-a06357-01-time-element-zasuvka-jednonasobna-s-och.webp","datePublished":"2026-04-27T04:40:34+00:00","breadcrumb":{"@id":"https:\/\/www.domkraftpro.com\/index.php\/produkt\/abb-6619e-a06357-01-time-r-element-r-zasuvka-jednonasobna-s-ochrannym-kolikem-s-clonkami-bila-ledova-bila-nejprodavanejsi-1385\/#breadcrumb"},"inLanguage":"cs","potentialAction":[{"@type":"ReadAction","target":["https:\/\/www.domkraftpro.com\/index.php\/produkt\/abb-6619e-a06357-01-time-r-element-r-zasuvka-jednonasobna-s-ochrannym-kolikem-s-clonkami-bila-ledova-bila-nejprodavanejsi-1385\/"]}]},{"@type":"ImageObject","inLanguage":"cs","@id":"https:\/\/www.domkraftpro.com\/index.php\/produkt\/abb-6619e-a06357-01-time-r-element-r-zasuvka-jednonasobna-s-ochrannym-kolikem-s-clonkami-bila-ledova-bila-nejprodavanejsi-1385\/#primaryimage","url":"https:\/\/www.domkraftpro.com\/wp-content\/uploads\/2026\/SK0008523-CZ20260425-091623-0-1777079785-abb-6619e-a06357-01-time-element-zasuvka-jednonasobna-s-och.webp","contentUrl":"https:\/\/www.domkraftpro.com\/wp-content\/uploads\/2026\/SK0008523-CZ20260425-091623-0-1777079785-abb-6619e-a06357-01-time-element-zasuvka-jednonasobna-s-och.webp","width":1000,"height":525},{"@type":"BreadcrumbList","@id":"https:\/\/www.domkraftpro.com\/index.php\/produkt\/abb-6619e-a06357-01-time-r-element-r-zasuvka-jednonasobna-s-ochrannym-kolikem-s-clonkami-bila-ledova-bila-nejprodavanejsi-1385\/#breadcrumb","itemListElement":[{"@type":"ListItem","position":1,"name":"Home","item":"https:\/\/www.domkraftpro.com\/"},{"@type":"ListItem","position":2,"name":"Products","item":"https:\/\/www.domkraftpro.com\/index.php\/products\/"},{"@type":"ListItem","position":3,"name":"ABB 6619E-A06357 01 Time\u00ae, Element\u00ae Z\u00e1suvka jednon\u00e1sobn\u00e1 s ochrann\u00fdm kol\u00edkem, s clonkami, b\u00edl\u00e1 \/ ledov\u00e1 b\u00edl\u00e1 Nejprod\u00e1van\u011bj\u0161\u00ed"}]},{"@type":"WebSite","@id":"https:\/\/www.domkraftpro.com\/#website","url":"https:\/\/www.domkraftpro.com\/","name":"","description":"","potentialAction":[{"@type":"SearchAction","target":{"@type":"EntryPoint","urlTemplate":"https:\/\/www.domkraftpro.com\/?s={search_term_string}"},"query-input":{"@type":"PropertyValueSpecification","valueRequired":true,"valueName":"search_term_string"}}],"inLanguage":"cs"}]}},"_links":{"self":[{"href":"https:\/\/www.domkraftpro.com\/index.php\/wp-json\/wp\/v2\/product\/1385","targetHints":{"allow":["GET"]}}],"collection":[{"href":"https:\/\/www.domkraftpro.com\/index.php\/wp-json\/wp\/v2\/product"}],"about":[{"href":"https:\/\/www.domkraftpro.com\/index.php\/wp-json\/wp\/v2\/types\/product"}],"replies":[{"embeddable":true,"href":"https:\/\/www.domkraftpro.com\/index.php\/wp-json\/wp\/v2\/comments?post=1385"}],"wp:featuredmedia":[{"embeddable":true,"href":"https:\/\/www.domkraftpro.com\/index.php\/wp-json\/wp\/v2\/media\/1485"}],"wp:attachment":[{"href":"https:\/\/www.domkraftpro.com\/index.php\/wp-json\/wp\/v2\/media?parent=1385"}],"wp:term":[{"taxonomy":"product_brand","embeddable":true,"href":"https:\/\/www.domkraftpro.com\/index.php\/wp-json\/wp\/v2\/product_brand?post=1385"},{"taxonomy":"product_cat","embeddable":true,"href":"https:\/\/www.domkraftpro.com\/index.php\/wp-json\/wp\/v2\/product_cat?post=1385"},{"taxonomy":"product_tag","embeddable":true,"href":"https:\/\/www.domkraftpro.com\/index.php\/wp-json\/wp\/v2\/product_tag?post=1385"}],"curies":[{"name":"wp","href":"https:\/\/api.w.org\/{rel}","templated":true}]}}