{"id":1371,"date":"2026-04-27T04:40:34","date_gmt":"2026-04-27T04:40:34","guid":{"rendered":""},"modified":"2026-04-27T04:40:34","modified_gmt":"2026-04-27T04:40:34","slug":"posledni-sance-dck-er212-nvp7p-63a-qm-rozvadec-elektromerovy-urceny-pro-cez-s-hdo-do-zdi-1371","status":"publish","type":"product","link":"https:\/\/www.domkraftpro.com\/index.php\/produkt\/posledni-sance-dck-er212-nvp7p-63a-qm-rozvadec-elektromerovy-urceny-pro-cez-s-hdo-do-zdi-1371\/","title":{"rendered":"Posledn\u00ed \u0160ance DCK ER212\/NVP7P 63A QM rozvad\u011b\u010d elektrom\u011brov\u00fd ur\u010den\u00fd pro \u010cEZ s HDO do zdi"},"content":{"rendered":"<div id=\"e9902604\" class=\"pages\">\n<div id=\"PDDescription\" class=\"UserContentView userContent v1a v1 bs-view dcon dc150 PDDescription\" >\n<h2><span style=\"color: #007980;\">DCK ER212\/NVP7P 63A QM rozvad\u011b\u010d elektrom\u011brov\u00fd ur\u010den\u00fd pro \u010cEZ s HDO do zdi<\/span><\/h2>\n<p>Elektrom\u011brov\u00fd rozvad\u011b\u010d pro fotovoltaiku pro jeden dvoutarifn\u00ed t\u0159\u00edf\u00e1zov\u00fd elektrom\u011br pro m\u011b\u0159en\u00ed do 63A<\/p>\n<p>Elektrom\u011brov\u00fd rozv\u00e1d\u011b\u010d je tvo\u0159en samostatnou sk\u0159\u00edn\u00ed a vnit\u0159n\u00ed v\u00fdzbroj\u00ed pro dvousazbov\u00e9 m\u011b\u0159en\u00ed. Vnit\u0159n\u00ed v\u00fdzbroj se dle jednotliv\u00fdch proveden\u00ed sest\u00e1v\u00e1 ze staviteln\u00fdch \u00fachyt\u016f pro upevn\u011bn\u00ed elektrom\u011bru, p\u0159ij\u00edma\u010de HDO, svorkovnice PEN a \u0159adov\u00fdch svorek pro p\u0159\u00edvod a v\u00fdvod. Kryty jsou upraveny na zaplombov\u00e1n\u00ed. Rozv\u00e1d\u011b\u010de jsou dod\u00e1v\u00e1ny v\u010detn\u011b hlavn\u00edho vyp\u00edna\u010de a jsou vhodn\u00e9 pro FVE.<\/p>\n<p>Hlavn\u00ed jisti\u010d nen\u00ed standardn\u011b sou\u010d\u00e1st\u00ed rozvad\u011b\u010de, obsahuje pouze jisti\u010d HDO a\u00a0vyp\u00edna\u010d instalace 63\/3<\/p>\n<p style=\"font: 14px\/20px Helvetica, Arial, sans-serif; margin: 0px 0px 10px; color: #333333; text-transform: none; text-indent: 0px; letter-spacing: normal; word-spacing: 0px; white-space: normal; box-sizing: border-box; widows: 1; background-color: #ffffff; -webkit-text-stroke-width: 0px;\"><span style=\"color: #007980;\"><strong style=\"font-weight: bold; box-sizing: border-box;\">Technick\u00e9 parametry:<\/strong><\/span><\/p>\n<ul style=\"font: 14px\/20px Helvetica, Arial, sans-serif; color: #333333; text-transform: none; text-indent: 0px; letter-spacing: normal; margin-top: 0px; margin-bottom: 10px; word-spacing: 0px; white-space: normal; box-sizing: border-box; widows: 1; background-color: #ffffff; -webkit-text-stroke-width: 0px;\">\n<li style=\"box-sizing: border-box;\">Jmenovit\u00e9 nap\u011bt\u00ed: 230\/400 V<\/li>\n<li style=\"box-sizing: border-box;\">Jmenovit\u00fd proud:\u00a063 A<\/li>\n<li style=\"box-sizing: border-box;\">Jmenovit\u00fd kmito\u010det: 50 Hz<\/li>\n<li style=\"box-sizing: border-box;\">Stupe\u0148 kryt\u00ed: IP44<\/li>\n<li style=\"box-sizing: border-box;\">Stupe\u0148 ochrany: IK10<\/li>\n<li style=\"box-sizing: border-box;\">Zkratov\u00e1 odolnost: 10 kA<\/li>\n<li style=\"box-sizing: border-box;\">P\u0159\u00edstrojov\u00e1 v\u00fdzbroj: 1x m\u016fstek PEN, \u0159adov\u00e9 svorky<\/li>\n<li style=\"box-sizing: border-box;\">Max. pr\u016f\u0159ez p\u0159\u00edvodn\u00edch vodi\u010d\u016f: 16 mm2<\/li>\n<li style=\"box-sizing: border-box;\">Max. pr\u016f\u0159ez v\u00fdvodn\u00edch vodi\u010d\u016f silov\u00fd obvod: 16 mm2<\/li>\n<li style=\"box-sizing: border-box;\">Uzav\u00edr\u00e1n\u00ed dve\u0159\u00ed: trnov\u00fd kl\u00ed\u010d 6x6mm<\/li>\n<li style=\"box-sizing: border-box;\">Rozm\u011bry (\u0161 x v x h) 470 x 640 x 250 mm<\/li>\n<li style=\"box-sizing: border-box;\">Hmotnost: 16 kg.<\/li>\n<\/ul>\n<p><span style=\"font-size: 150%;\"><strong><span style=\"color: #404040; font-family: 'Arial','sans-serif';\">\u00a0<\/span><\/strong><\/span><\/p>\n<p><span style=\"color: #404040; font-family: 'Arial','sans-serif'; font-size: 10.5pt;\">Usazen\u00ed:\u00a0\u00a0\u00a0\u00a0\u00a0\u00a0\u00a0\u00a0\u00a0\u00a0\u00a0\u00a0\u00a0\u00a0\u00a0\u00a0\u00a0\u00a0\u00a0\u00a0\u00a0\u00a0\u00a0\u00a0\u00a0\u00a0\u00a0\u00a0\u00a0\u00a0\u00a0 M\u016f\u017ee se pouze zahrabat do hl\u00edny\u00a0a udusat d\u00edky spodn\u00edmu propojen\u00ed dokonale dr\u017e\u00ed<\/span><\/p>\n<p><span style=\"color: #404040; font-family: 'Arial','sans-serif'; font-size: 10.5pt;\">P\u0159ipojen\u00ed:\u00a0\u00a0\u00a0\u00a0\u00a0\u00a0\u00a0\u00a0\u00a0\u00a0\u00a0\u00a0\u00a0\u00a0\u00a0\u00a0\u00a0\u00a0\u00a0\u00a0\u00a0\u00a0\u00a0\u00a0\u00a0\u00a0\u00a0\u00a0\u00a0\u00a0\u00a0P\u0159ipraven je na t\u0159\u00edf\u00e1zov\u00e9 p\u0159ipojen\u00ed v\u010detn\u011b HDO (no\u010dn\u00ed proud), ale tak\u00e9 na jednof\u00e1zov\u00e9 p\u0159ipojen\u00ed. V\u0161e max\u00a0do 40A celkov\u00e9ho proudu.<\/span><\/p>\n<p><span style=\"color: #404040; font-family: 'Arial','sans-serif'; font-size: 10.5pt;\">Osazen jisti\u010dem na HDO:\u00a0\u00a0\u00a0\u00a0\u00a0 ANO<\/span><\/p>\n<p><span style=\"color: #404040; font-family: 'Arial','sans-serif'; font-size: 10.5pt;\">Osazen hlavn\u00edm jisti\u010dem:\u00a0\u00a0\u00a0\u00a0\u00a0 NE &#8211; ka\u017ed\u00fd z\u00e1kazn\u00edk pot\u0159ebuje jin\u00e9 Amp\u00e9ry a tak je nutn\u00e9 jisti\u010d dokoupit <span style=\"color: #0066cc;\">ten naleznete zde:<\/span><\/span><\/p>\n<p><span style=\"color: #404040; font-family: 'Arial','sans-serif'; font-size: 10.5pt;\">P\u0159ipojen\u00ed hlavn\u00edho p\u0159\u00edvodu:\u00a0\u00a0 P\u0159\u00edmo na jisti\u010d z vrchn\u00ed \u010d\u00e1st\u00ed<\/span><\/p>\n<p><span style=\"color: #404040; font-family: 'Arial','sans-serif'; font-size: 10.5pt;\">P\u0159ipojen\u00ed v\u00fdvodu (do domu,rozvad\u011b\u010de):\u00a0\u00a0\u00a0\u00a0 Je na p\u0159ipraven\u00e9 svorky RSA a to je ji\u017e m\u011b\u0159en\u00e1 \u010d\u00e1st<\/span><\/p>\n<p><span style=\"color: #404040; font-family: 'Arial','sans-serif'; font-size: 10.5pt;\">Certifik\u00e1ty:\u00a0\u00a0\u00a0\u00a0\u00a0\u00a0\u00a0\u00a0\u00a0\u00a0\u00a0\u00a0\u00a0\u00a0\u00a0\u00a0\u00a0\u00a0\u00a0\u00a0\u00a0\u00a0\u00a0\u00a0\u00a0\u00a0\u00a0\u00a0 ANO sou\u010d\u00e1st\u00ed jsou ve\u0161ker\u00e9 certifik\u00e1ty a \u0161t\u00edtky dle norem<\/span><\/p>\n<p><span style=\"color: #404040; font-family: 'Arial','sans-serif'; font-size: 10.5pt;\">Kli\u010dka k rozvad\u011b\u010di:\u00a0\u00a0\u00a0\u00a0\u00a0\u00a0\u00a0\u00a0\u00a0\u00a0\u00a0\u00a0\u00a0\u00a0\u00a0 Nen\u00ed sou\u010d\u00e1st\u00ed, ale <span style=\"color: #0066cc;\">naleznete ji zde <\/span>pou\u017e\u00edv\u00e1 se \u010dty\u0159hran 6x6mm<\/span><\/p>\n<p><span style=\"color: #404040; font-family: 'Arial','sans-serif'; font-size: 10.5pt;\">Povrchov\u00e1 uprava:\u00a0\u00a0\u00a0\u00a0\u00a0\u00a0\u00a0\u00a0\u00a0\u00a0\u00a0\u00a0\u00a0\u00a0\u00a0Neho\u0159lav\u00fd a UV stabiln\u00ed material v\u010detn\u011b v\u011btrac\u00ed m\u0159\u00ed\u017eky proti kondenzaci vody<\/span><\/p>\n<p><span style=\"color: #404040; font-family: 'Arial','sans-serif'; font-size: 10.5pt;\">Poiu\u017eit\u00ed:\u00a0\u00a0\u00a0\u00a0\u00a0\u00a0\u00a0\u00a0\u00a0\u00a0\u00a0\u00a0\u00a0\u00a0\u00a0\u00a0\u00a0\u00a0\u00a0\u00a0\u00a0\u00a0\u00a0\u00a0\u00a0\u00a0\u00a0\u00a0\u00a0\u00a0\u00a0\u00a0Nej\u010dast\u011bji rodinn\u00e9 domy, v\u011bt\u0161\u00ed gar\u00e1\u017ee v\u010detn\u011b HDO, mal\u00e9 podnky do 40A, Prodejny, st\u00e1nky a jin\u00e9.<\/span><\/p>\n<p><span style=\"font: 14px\/21px Arial, Helvetica, sans-serif; text-align: left; color: #333333; text-transform: none; text-indent: 0px; letter-spacing: normal; word-spacing: 0px; float: none; display: inline !important; white-space: normal; widows: 1; background-color: #ffffff; -webkit-text-stroke-width: 0px;\">Vn\u011bj\u0161\u00ed rozm\u011bry (\u0161 x v x hl): 400mm x 600mm x 240mm<\/span>.<\/p>\n<p style=\"font: 14px\/20px Helvetica, Arial, sans-serif; margin: 0px 0px 10px; color: #333333; text-transform: none; text-indent: 0px; letter-spacing: normal; word-spacing: 0px; white-space: normal; box-sizing: border-box; widows: 1; background-color: #ffffff; -webkit-text-stroke-width: 0px;\">\u00a0<\/p>\n<div id=\"PDTable3\" class=\"ProductDetailTableView v3a v3 bs-view dcon dc175 PDTable3\" >\n<table>\n<thead><\/thead>\n<tbody>\n<tr class=\"attribute attr_bsshop_maker\">\n<td class=\"caption\">V\u00fdrobce<\/td>\n<td class=\"value\">DCK<\/td>\n<\/tr>\n<\/tbody>\n<\/table><\/div>\n<\/div>\n<\/div>\n<div id=\"e9902605\" class=\"tabs\">\n","protected":false},"excerpt":{"rendered":"<p>DCK ER212\/NVP7P 63A QM rozvad\u011b\u010d elektrom\u011brov\u00fd ur\u010den\u00fd pro \u010cEZ s HDO do zdi Elektrom\u011brov\u00fd rozvad\u011b\u010d pro fotovoltaiku pro jeden dvoutarifn\u00ed t\u0159\u00edf\u00e1zov\u00fd elektrom\u011br pro m\u011b\u0159en\u00ed do 63A Elektrom\u011brov\u00fd rozv\u00e1d\u011b\u010d je tvo\u0159en samostatnou sk\u0159\u00edn\u00ed a vnit\u0159n\u00ed v\u00fdzbroj\u00ed pro dvousazbov\u00e9 m\u011b\u0159en\u00ed. Vnit\u0159n\u00ed v\u00fdzbroj se dle jednotliv\u00fdch proveden\u00ed sest\u00e1v\u00e1 ze staviteln\u00fdch \u00fachyt\u016f pro upevn\u011bn\u00ed elektrom\u011bru, p\u0159ij\u00edma\u010de HDO, svorkovnice PEN [&hellip;]<\/p>\n","protected":false},"featured_media":1471,"comment_status":"open","ping_status":"open","template":"","meta":[],"product_brand":[],"product_cat":[37],"product_tag":[],"class_list":{"0":"post-1371","1":"product","2":"type-product","3":"status-publish","4":"has-post-thumbnail","6":"product_cat-elektromateri-225-l","8":"first","9":"instock","10":"sale","11":"shipping-taxable","12":"purchasable","13":"product-type-simple"},"yoast_head":"<!-- This site is optimized with the Yoast SEO plugin v26.8 - https:\/\/yoast.com\/product\/yoast-seo-wordpress\/ -->\n<title>Posledn\u00ed \u0160ance DCK ER212\/NVP7P 63A QM rozvad\u011b\u010d elektrom\u011brov\u00fd ur\u010den\u00fd pro \u010cEZ s HDO do zdi -<\/title>\n<meta name=\"robots\" content=\"index, follow, max-snippet:-1, max-image-preview:large, max-video-preview:-1\" \/>\n<link rel=\"canonical\" href=\"https:\/\/www.domkraftpro.com\/index.php\/produkt\/posledni-sance-dck-er212-nvp7p-63a-qm-rozvadec-elektromerovy-urceny-pro-cez-s-hdo-do-zdi-1371\/\" \/>\n<meta property=\"og:locale\" content=\"cs_CZ\" \/>\n<meta property=\"og:type\" content=\"article\" \/>\n<meta property=\"og:title\" content=\"Posledn\u00ed \u0160ance DCK ER212\/NVP7P 63A QM rozvad\u011b\u010d elektrom\u011brov\u00fd ur\u010den\u00fd pro \u010cEZ s HDO do zdi -\" \/>\n<meta property=\"og:description\" content=\"DCK ER212\/NVP7P 63A QM rozvad\u011b\u010d elektrom\u011brov\u00fd ur\u010den\u00fd pro \u010cEZ s HDO do zdi Elektrom\u011brov\u00fd rozvad\u011b\u010d pro fotovoltaiku pro jeden dvoutarifn\u00ed t\u0159\u00edf\u00e1zov\u00fd elektrom\u011br pro m\u011b\u0159en\u00ed do 63A Elektrom\u011brov\u00fd rozv\u00e1d\u011b\u010d je tvo\u0159en samostatnou sk\u0159\u00edn\u00ed a vnit\u0159n\u00ed v\u00fdzbroj\u00ed pro dvousazbov\u00e9 m\u011b\u0159en\u00ed. Vnit\u0159n\u00ed v\u00fdzbroj se dle jednotliv\u00fdch proveden\u00ed sest\u00e1v\u00e1 ze staviteln\u00fdch \u00fachyt\u016f pro upevn\u011bn\u00ed elektrom\u011bru, p\u0159ij\u00edma\u010de HDO, svorkovnice PEN [&hellip;]\" \/>\n<meta property=\"og:url\" content=\"https:\/\/www.domkraftpro.com\/index.php\/produkt\/posledni-sance-dck-er212-nvp7p-63a-qm-rozvadec-elektromerovy-urceny-pro-cez-s-hdo-do-zdi-1371\/\" \/>\n<meta property=\"og:image\" content=\"https:\/\/www.domkraftpro.com\/wp-content\/uploads\/2026\/SK0008509-CZ20260425-091623-0-1777079785-dck-er212-nvp7p-63a-qm-rozvadec-elektromerovy-urceny-pro-ce.webp\" \/>\n\t<meta property=\"og:image:width\" content=\"1000\" \/>\n\t<meta property=\"og:image:height\" content=\"525\" \/>\n\t<meta property=\"og:image:type\" content=\"image\/webp\" \/>\n<meta name=\"twitter:card\" content=\"summary_large_image\" \/>\n<meta name=\"twitter:label1\" content=\"Odhadovan\u00e1 doba \u010dten\u00ed\" \/>\n\t<meta name=\"twitter:data1\" content=\"2 minuty\" \/>\n<script type=\"application\/ld+json\" class=\"yoast-schema-graph\">{\"@context\":\"https:\/\/schema.org\",\"@graph\":[{\"@type\":\"WebPage\",\"@id\":\"https:\/\/www.domkraftpro.com\/index.php\/produkt\/posledni-sance-dck-er212-nvp7p-63a-qm-rozvadec-elektromerovy-urceny-pro-cez-s-hdo-do-zdi-1371\/\",\"url\":\"https:\/\/www.domkraftpro.com\/index.php\/produkt\/posledni-sance-dck-er212-nvp7p-63a-qm-rozvadec-elektromerovy-urceny-pro-cez-s-hdo-do-zdi-1371\/\",\"name\":\"Posledn\u00ed \u0160ance DCK ER212\/NVP7P 63A QM rozvad\u011b\u010d elektrom\u011brov\u00fd ur\u010den\u00fd pro \u010cEZ s HDO do zdi -\",\"isPartOf\":{\"@id\":\"https:\/\/www.domkraftpro.com\/#website\"},\"primaryImageOfPage\":{\"@id\":\"https:\/\/www.domkraftpro.com\/index.php\/produkt\/posledni-sance-dck-er212-nvp7p-63a-qm-rozvadec-elektromerovy-urceny-pro-cez-s-hdo-do-zdi-1371\/#primaryimage\"},\"image\":{\"@id\":\"https:\/\/www.domkraftpro.com\/index.php\/produkt\/posledni-sance-dck-er212-nvp7p-63a-qm-rozvadec-elektromerovy-urceny-pro-cez-s-hdo-do-zdi-1371\/#primaryimage\"},\"thumbnailUrl\":\"https:\/\/www.domkraftpro.com\/wp-content\/uploads\/2026\/SK0008509-CZ20260425-091623-0-1777079785-dck-er212-nvp7p-63a-qm-rozvadec-elektromerovy-urceny-pro-ce.webp\",\"datePublished\":\"2026-04-27T04:40:34+00:00\",\"breadcrumb\":{\"@id\":\"https:\/\/www.domkraftpro.com\/index.php\/produkt\/posledni-sance-dck-er212-nvp7p-63a-qm-rozvadec-elektromerovy-urceny-pro-cez-s-hdo-do-zdi-1371\/#breadcrumb\"},\"inLanguage\":\"cs\",\"potentialAction\":[{\"@type\":\"ReadAction\",\"target\":[\"https:\/\/www.domkraftpro.com\/index.php\/produkt\/posledni-sance-dck-er212-nvp7p-63a-qm-rozvadec-elektromerovy-urceny-pro-cez-s-hdo-do-zdi-1371\/\"]}]},{\"@type\":\"ImageObject\",\"inLanguage\":\"cs\",\"@id\":\"https:\/\/www.domkraftpro.com\/index.php\/produkt\/posledni-sance-dck-er212-nvp7p-63a-qm-rozvadec-elektromerovy-urceny-pro-cez-s-hdo-do-zdi-1371\/#primaryimage\",\"url\":\"https:\/\/www.domkraftpro.com\/wp-content\/uploads\/2026\/SK0008509-CZ20260425-091623-0-1777079785-dck-er212-nvp7p-63a-qm-rozvadec-elektromerovy-urceny-pro-ce.webp\",\"contentUrl\":\"https:\/\/www.domkraftpro.com\/wp-content\/uploads\/2026\/SK0008509-CZ20260425-091623-0-1777079785-dck-er212-nvp7p-63a-qm-rozvadec-elektromerovy-urceny-pro-ce.webp\",\"width\":1000,\"height\":525},{\"@type\":\"BreadcrumbList\",\"@id\":\"https:\/\/www.domkraftpro.com\/index.php\/produkt\/posledni-sance-dck-er212-nvp7p-63a-qm-rozvadec-elektromerovy-urceny-pro-cez-s-hdo-do-zdi-1371\/#breadcrumb\",\"itemListElement\":[{\"@type\":\"ListItem\",\"position\":1,\"name\":\"Home\",\"item\":\"https:\/\/www.domkraftpro.com\/\"},{\"@type\":\"ListItem\",\"position\":2,\"name\":\"Products\",\"item\":\"https:\/\/www.domkraftpro.com\/index.php\/products\/\"},{\"@type\":\"ListItem\",\"position\":3,\"name\":\"Posledn\u00ed \u0160ance DCK ER212\/NVP7P 63A QM rozvad\u011b\u010d elektrom\u011brov\u00fd ur\u010den\u00fd pro \u010cEZ s HDO do zdi\"}]},{\"@type\":\"WebSite\",\"@id\":\"https:\/\/www.domkraftpro.com\/#website\",\"url\":\"https:\/\/www.domkraftpro.com\/\",\"name\":\"\",\"description\":\"\",\"potentialAction\":[{\"@type\":\"SearchAction\",\"target\":{\"@type\":\"EntryPoint\",\"urlTemplate\":\"https:\/\/www.domkraftpro.com\/?s={search_term_string}\"},\"query-input\":{\"@type\":\"PropertyValueSpecification\",\"valueRequired\":true,\"valueName\":\"search_term_string\"}}],\"inLanguage\":\"cs\"}]}<\/script>\n<!-- \/ Yoast SEO plugin. -->","yoast_head_json":{"title":"Posledn\u00ed \u0160ance DCK ER212\/NVP7P 63A QM rozvad\u011b\u010d elektrom\u011brov\u00fd ur\u010den\u00fd pro \u010cEZ s HDO do zdi -","robots":{"index":"index","follow":"follow","max-snippet":"max-snippet:-1","max-image-preview":"max-image-preview:large","max-video-preview":"max-video-preview:-1"},"canonical":"https:\/\/www.domkraftpro.com\/index.php\/produkt\/posledni-sance-dck-er212-nvp7p-63a-qm-rozvadec-elektromerovy-urceny-pro-cez-s-hdo-do-zdi-1371\/","og_locale":"cs_CZ","og_type":"article","og_title":"Posledn\u00ed \u0160ance DCK ER212\/NVP7P 63A QM rozvad\u011b\u010d elektrom\u011brov\u00fd ur\u010den\u00fd pro \u010cEZ s HDO do zdi -","og_description":"DCK ER212\/NVP7P 63A QM rozvad\u011b\u010d elektrom\u011brov\u00fd ur\u010den\u00fd pro \u010cEZ s HDO do zdi Elektrom\u011brov\u00fd rozvad\u011b\u010d pro fotovoltaiku pro jeden dvoutarifn\u00ed t\u0159\u00edf\u00e1zov\u00fd elektrom\u011br pro m\u011b\u0159en\u00ed do 63A Elektrom\u011brov\u00fd rozv\u00e1d\u011b\u010d je tvo\u0159en samostatnou sk\u0159\u00edn\u00ed a vnit\u0159n\u00ed v\u00fdzbroj\u00ed pro dvousazbov\u00e9 m\u011b\u0159en\u00ed. Vnit\u0159n\u00ed v\u00fdzbroj se dle jednotliv\u00fdch proveden\u00ed sest\u00e1v\u00e1 ze staviteln\u00fdch \u00fachyt\u016f pro upevn\u011bn\u00ed elektrom\u011bru, p\u0159ij\u00edma\u010de HDO, svorkovnice PEN [&hellip;]","og_url":"https:\/\/www.domkraftpro.com\/index.php\/produkt\/posledni-sance-dck-er212-nvp7p-63a-qm-rozvadec-elektromerovy-urceny-pro-cez-s-hdo-do-zdi-1371\/","og_image":[{"width":1000,"height":525,"url":"https:\/\/www.domkraftpro.com\/wp-content\/uploads\/2026\/SK0008509-CZ20260425-091623-0-1777079785-dck-er212-nvp7p-63a-qm-rozvadec-elektromerovy-urceny-pro-ce.webp","type":"image\/webp"}],"twitter_card":"summary_large_image","twitter_misc":{"Odhadovan\u00e1 doba \u010dten\u00ed":"2 minuty"},"schema":{"@context":"https:\/\/schema.org","@graph":[{"@type":"WebPage","@id":"https:\/\/www.domkraftpro.com\/index.php\/produkt\/posledni-sance-dck-er212-nvp7p-63a-qm-rozvadec-elektromerovy-urceny-pro-cez-s-hdo-do-zdi-1371\/","url":"https:\/\/www.domkraftpro.com\/index.php\/produkt\/posledni-sance-dck-er212-nvp7p-63a-qm-rozvadec-elektromerovy-urceny-pro-cez-s-hdo-do-zdi-1371\/","name":"Posledn\u00ed \u0160ance DCK ER212\/NVP7P 63A QM rozvad\u011b\u010d elektrom\u011brov\u00fd ur\u010den\u00fd pro \u010cEZ s HDO do zdi -","isPartOf":{"@id":"https:\/\/www.domkraftpro.com\/#website"},"primaryImageOfPage":{"@id":"https:\/\/www.domkraftpro.com\/index.php\/produkt\/posledni-sance-dck-er212-nvp7p-63a-qm-rozvadec-elektromerovy-urceny-pro-cez-s-hdo-do-zdi-1371\/#primaryimage"},"image":{"@id":"https:\/\/www.domkraftpro.com\/index.php\/produkt\/posledni-sance-dck-er212-nvp7p-63a-qm-rozvadec-elektromerovy-urceny-pro-cez-s-hdo-do-zdi-1371\/#primaryimage"},"thumbnailUrl":"https:\/\/www.domkraftpro.com\/wp-content\/uploads\/2026\/SK0008509-CZ20260425-091623-0-1777079785-dck-er212-nvp7p-63a-qm-rozvadec-elektromerovy-urceny-pro-ce.webp","datePublished":"2026-04-27T04:40:34+00:00","breadcrumb":{"@id":"https:\/\/www.domkraftpro.com\/index.php\/produkt\/posledni-sance-dck-er212-nvp7p-63a-qm-rozvadec-elektromerovy-urceny-pro-cez-s-hdo-do-zdi-1371\/#breadcrumb"},"inLanguage":"cs","potentialAction":[{"@type":"ReadAction","target":["https:\/\/www.domkraftpro.com\/index.php\/produkt\/posledni-sance-dck-er212-nvp7p-63a-qm-rozvadec-elektromerovy-urceny-pro-cez-s-hdo-do-zdi-1371\/"]}]},{"@type":"ImageObject","inLanguage":"cs","@id":"https:\/\/www.domkraftpro.com\/index.php\/produkt\/posledni-sance-dck-er212-nvp7p-63a-qm-rozvadec-elektromerovy-urceny-pro-cez-s-hdo-do-zdi-1371\/#primaryimage","url":"https:\/\/www.domkraftpro.com\/wp-content\/uploads\/2026\/SK0008509-CZ20260425-091623-0-1777079785-dck-er212-nvp7p-63a-qm-rozvadec-elektromerovy-urceny-pro-ce.webp","contentUrl":"https:\/\/www.domkraftpro.com\/wp-content\/uploads\/2026\/SK0008509-CZ20260425-091623-0-1777079785-dck-er212-nvp7p-63a-qm-rozvadec-elektromerovy-urceny-pro-ce.webp","width":1000,"height":525},{"@type":"BreadcrumbList","@id":"https:\/\/www.domkraftpro.com\/index.php\/produkt\/posledni-sance-dck-er212-nvp7p-63a-qm-rozvadec-elektromerovy-urceny-pro-cez-s-hdo-do-zdi-1371\/#breadcrumb","itemListElement":[{"@type":"ListItem","position":1,"name":"Home","item":"https:\/\/www.domkraftpro.com\/"},{"@type":"ListItem","position":2,"name":"Products","item":"https:\/\/www.domkraftpro.com\/index.php\/products\/"},{"@type":"ListItem","position":3,"name":"Posledn\u00ed \u0160ance DCK ER212\/NVP7P 63A QM rozvad\u011b\u010d elektrom\u011brov\u00fd ur\u010den\u00fd pro \u010cEZ s HDO do zdi"}]},{"@type":"WebSite","@id":"https:\/\/www.domkraftpro.com\/#website","url":"https:\/\/www.domkraftpro.com\/","name":"","description":"","potentialAction":[{"@type":"SearchAction","target":{"@type":"EntryPoint","urlTemplate":"https:\/\/www.domkraftpro.com\/?s={search_term_string}"},"query-input":{"@type":"PropertyValueSpecification","valueRequired":true,"valueName":"search_term_string"}}],"inLanguage":"cs"}]}},"_links":{"self":[{"href":"https:\/\/www.domkraftpro.com\/index.php\/wp-json\/wp\/v2\/product\/1371","targetHints":{"allow":["GET"]}}],"collection":[{"href":"https:\/\/www.domkraftpro.com\/index.php\/wp-json\/wp\/v2\/product"}],"about":[{"href":"https:\/\/www.domkraftpro.com\/index.php\/wp-json\/wp\/v2\/types\/product"}],"replies":[{"embeddable":true,"href":"https:\/\/www.domkraftpro.com\/index.php\/wp-json\/wp\/v2\/comments?post=1371"}],"wp:featuredmedia":[{"embeddable":true,"href":"https:\/\/www.domkraftpro.com\/index.php\/wp-json\/wp\/v2\/media\/1471"}],"wp:attachment":[{"href":"https:\/\/www.domkraftpro.com\/index.php\/wp-json\/wp\/v2\/media?parent=1371"}],"wp:term":[{"taxonomy":"product_brand","embeddable":true,"href":"https:\/\/www.domkraftpro.com\/index.php\/wp-json\/wp\/v2\/product_brand?post=1371"},{"taxonomy":"product_cat","embeddable":true,"href":"https:\/\/www.domkraftpro.com\/index.php\/wp-json\/wp\/v2\/product_cat?post=1371"},{"taxonomy":"product_tag","embeddable":true,"href":"https:\/\/www.domkraftpro.com\/index.php\/wp-json\/wp\/v2\/product_tag?post=1371"}],"curies":[{"name":"wp","href":"https:\/\/api.w.org\/{rel}","templated":true}]}}