{"id":13566,"date":"2026-04-27T04:40:55","date_gmt":"2026-04-27T04:40:55","guid":{"rendered":""},"modified":"2026-04-27T04:40:55","modified_gmt":"2026-04-27T04:40:55","slug":"akce-makita-b-08925-pilovy-kotouc-255x3x30-32t-olda-80961-13566","status":"publish","type":"product","link":"https:\/\/www.domkraftpro.com\/index.php\/produkt\/akce-makita-b-08925-pilovy-kotouc-255x3x30-32t-olda-80961-13566\/","title":{"rendered":"Akce Makita B-08925 pilov\u00fd kotou\u010d 255x3x30 32T =oldA-80961"},"content":{"rendered":"<table>\n<div class=\"tab-pane active product-description\" id=\"popis\" role=\"tabpanel\">\n<div class=\"short-description\" itemprop=\"description\"><\/div>\n<div class=\"description\">Standardn\u00ed \u0159ada pilov\u00fdch kotou\u010d\u016f pro \u0159ez\u00e1n\u00ed d\u0159eva pokosov\u00fdmi pilami. Konstrukce kotou\u010d\u016f je upraven\u00e1 pro spolehliv\u00fd \u0159ez a dlouhou \u017eivotnost.<\/div>\n<\/table>\n","protected":false},"excerpt":{"rendered":"<p>Standardn\u00ed \u0159ada pilov\u00fdch kotou\u010d\u016f pro \u0159ez\u00e1n\u00ed d\u0159eva pokosov\u00fdmi pilami. Konstrukce kotou\u010d\u016f je upraven\u00e1 pro spolehliv\u00fd \u0159ez a dlouhou \u017eivotnost.<\/p>\n","protected":false},"featured_media":13666,"comment_status":"open","ping_status":"open","template":"","meta":[],"product_brand":[],"product_cat":[52],"product_tag":[],"class_list":{"0":"post-13566","1":"product","2":"type-product","3":"status-publish","4":"has-post-thumbnail","6":"product_cat-naradi","8":"first","9":"instock","10":"sale","11":"shipping-taxable","12":"purchasable","13":"product-type-simple"},"yoast_head":"<!-- This site is optimized with the Yoast SEO plugin v26.8 - https:\/\/yoast.com\/product\/yoast-seo-wordpress\/ -->\n<title>Akce Makita B-08925 pilov\u00fd kotou\u010d 255x3x30 32T =oldA-80961 -<\/title>\n<meta name=\"robots\" content=\"index, follow, max-snippet:-1, max-image-preview:large, max-video-preview:-1\" \/>\n<link rel=\"canonical\" href=\"https:\/\/www.domkraftpro.com\/index.php\/produkt\/akce-makita-b-08925-pilovy-kotouc-255x3x30-32t-olda-80961-13566\/\" \/>\n<meta property=\"og:locale\" content=\"cs_CZ\" \/>\n<meta property=\"og:type\" content=\"article\" \/>\n<meta property=\"og:title\" content=\"Akce Makita B-08925 pilov\u00fd kotou\u010d 255x3x30 32T =oldA-80961 -\" \/>\n<meta property=\"og:description\" content=\"Standardn\u00ed \u0159ada pilov\u00fdch kotou\u010d\u016f pro \u0159ez\u00e1n\u00ed d\u0159eva pokosov\u00fdmi pilami. Konstrukce kotou\u010d\u016f je upraven\u00e1 pro spolehliv\u00fd \u0159ez a dlouhou \u017eivotnost.\" \/>\n<meta property=\"og:url\" content=\"https:\/\/www.domkraftpro.com\/index.php\/produkt\/akce-makita-b-08925-pilovy-kotouc-255x3x30-32t-olda-80961-13566\/\" \/>\n<meta property=\"og:image\" content=\"https:\/\/www.domkraftpro.com\/wp-content\/uploads\/2026\/SK0007773-CZ20260425-092328-0-1777080210-acc_makblade_1111_cat_zub-tif_16.webp\" \/>\n\t<meta property=\"og:image:width\" content=\"800\" \/>\n\t<meta property=\"og:image:height\" content=\"800\" \/>\n\t<meta property=\"og:image:type\" content=\"image\/webp\" \/>\n<meta name=\"twitter:card\" content=\"summary_large_image\" \/>\n<script type=\"application\/ld+json\" class=\"yoast-schema-graph\">{\"@context\":\"https:\/\/schema.org\",\"@graph\":[{\"@type\":\"WebPage\",\"@id\":\"https:\/\/www.domkraftpro.com\/index.php\/produkt\/akce-makita-b-08925-pilovy-kotouc-255x3x30-32t-olda-80961-13566\/\",\"url\":\"https:\/\/www.domkraftpro.com\/index.php\/produkt\/akce-makita-b-08925-pilovy-kotouc-255x3x30-32t-olda-80961-13566\/\",\"name\":\"Akce Makita B-08925 pilov\u00fd kotou\u010d 255x3x30 32T =oldA-80961 -\",\"isPartOf\":{\"@id\":\"https:\/\/www.domkraftpro.com\/#website\"},\"primaryImageOfPage\":{\"@id\":\"https:\/\/www.domkraftpro.com\/index.php\/produkt\/akce-makita-b-08925-pilovy-kotouc-255x3x30-32t-olda-80961-13566\/#primaryimage\"},\"image\":{\"@id\":\"https:\/\/www.domkraftpro.com\/index.php\/produkt\/akce-makita-b-08925-pilovy-kotouc-255x3x30-32t-olda-80961-13566\/#primaryimage\"},\"thumbnailUrl\":\"https:\/\/www.domkraftpro.com\/wp-content\/uploads\/2026\/SK0007773-CZ20260425-092328-0-1777080210-acc_makblade_1111_cat_zub-tif_16.webp\",\"datePublished\":\"2026-04-27T04:40:55+00:00\",\"breadcrumb\":{\"@id\":\"https:\/\/www.domkraftpro.com\/index.php\/produkt\/akce-makita-b-08925-pilovy-kotouc-255x3x30-32t-olda-80961-13566\/#breadcrumb\"},\"inLanguage\":\"cs\",\"potentialAction\":[{\"@type\":\"ReadAction\",\"target\":[\"https:\/\/www.domkraftpro.com\/index.php\/produkt\/akce-makita-b-08925-pilovy-kotouc-255x3x30-32t-olda-80961-13566\/\"]}]},{\"@type\":\"ImageObject\",\"inLanguage\":\"cs\",\"@id\":\"https:\/\/www.domkraftpro.com\/index.php\/produkt\/akce-makita-b-08925-pilovy-kotouc-255x3x30-32t-olda-80961-13566\/#primaryimage\",\"url\":\"https:\/\/www.domkraftpro.com\/wp-content\/uploads\/2026\/SK0007773-CZ20260425-092328-0-1777080210-acc_makblade_1111_cat_zub-tif_16.webp\",\"contentUrl\":\"https:\/\/www.domkraftpro.com\/wp-content\/uploads\/2026\/SK0007773-CZ20260425-092328-0-1777080210-acc_makblade_1111_cat_zub-tif_16.webp\",\"width\":800,\"height\":800},{\"@type\":\"BreadcrumbList\",\"@id\":\"https:\/\/www.domkraftpro.com\/index.php\/produkt\/akce-makita-b-08925-pilovy-kotouc-255x3x30-32t-olda-80961-13566\/#breadcrumb\",\"itemListElement\":[{\"@type\":\"ListItem\",\"position\":1,\"name\":\"Home\",\"item\":\"https:\/\/www.domkraftpro.com\/\"},{\"@type\":\"ListItem\",\"position\":2,\"name\":\"Products\",\"item\":\"https:\/\/www.domkraftpro.com\/index.php\/products\/\"},{\"@type\":\"ListItem\",\"position\":3,\"name\":\"Akce Makita B-08925 pilov\u00fd kotou\u010d 255x3x30 32T =oldA-80961\"}]},{\"@type\":\"WebSite\",\"@id\":\"https:\/\/www.domkraftpro.com\/#website\",\"url\":\"https:\/\/www.domkraftpro.com\/\",\"name\":\"\",\"description\":\"\",\"potentialAction\":[{\"@type\":\"SearchAction\",\"target\":{\"@type\":\"EntryPoint\",\"urlTemplate\":\"https:\/\/www.domkraftpro.com\/?s={search_term_string}\"},\"query-input\":{\"@type\":\"PropertyValueSpecification\",\"valueRequired\":true,\"valueName\":\"search_term_string\"}}],\"inLanguage\":\"cs\"}]}<\/script>\n<!-- \/ Yoast SEO plugin. -->","yoast_head_json":{"title":"Akce Makita B-08925 pilov\u00fd kotou\u010d 255x3x30 32T =oldA-80961 -","robots":{"index":"index","follow":"follow","max-snippet":"max-snippet:-1","max-image-preview":"max-image-preview:large","max-video-preview":"max-video-preview:-1"},"canonical":"https:\/\/www.domkraftpro.com\/index.php\/produkt\/akce-makita-b-08925-pilovy-kotouc-255x3x30-32t-olda-80961-13566\/","og_locale":"cs_CZ","og_type":"article","og_title":"Akce Makita B-08925 pilov\u00fd kotou\u010d 255x3x30 32T =oldA-80961 -","og_description":"Standardn\u00ed \u0159ada pilov\u00fdch kotou\u010d\u016f pro \u0159ez\u00e1n\u00ed d\u0159eva pokosov\u00fdmi pilami. Konstrukce kotou\u010d\u016f je upraven\u00e1 pro spolehliv\u00fd \u0159ez a dlouhou \u017eivotnost.","og_url":"https:\/\/www.domkraftpro.com\/index.php\/produkt\/akce-makita-b-08925-pilovy-kotouc-255x3x30-32t-olda-80961-13566\/","og_image":[{"width":800,"height":800,"url":"https:\/\/www.domkraftpro.com\/wp-content\/uploads\/2026\/SK0007773-CZ20260425-092328-0-1777080210-acc_makblade_1111_cat_zub-tif_16.webp","type":"image\/webp"}],"twitter_card":"summary_large_image","schema":{"@context":"https:\/\/schema.org","@graph":[{"@type":"WebPage","@id":"https:\/\/www.domkraftpro.com\/index.php\/produkt\/akce-makita-b-08925-pilovy-kotouc-255x3x30-32t-olda-80961-13566\/","url":"https:\/\/www.domkraftpro.com\/index.php\/produkt\/akce-makita-b-08925-pilovy-kotouc-255x3x30-32t-olda-80961-13566\/","name":"Akce Makita B-08925 pilov\u00fd kotou\u010d 255x3x30 32T =oldA-80961 -","isPartOf":{"@id":"https:\/\/www.domkraftpro.com\/#website"},"primaryImageOfPage":{"@id":"https:\/\/www.domkraftpro.com\/index.php\/produkt\/akce-makita-b-08925-pilovy-kotouc-255x3x30-32t-olda-80961-13566\/#primaryimage"},"image":{"@id":"https:\/\/www.domkraftpro.com\/index.php\/produkt\/akce-makita-b-08925-pilovy-kotouc-255x3x30-32t-olda-80961-13566\/#primaryimage"},"thumbnailUrl":"https:\/\/www.domkraftpro.com\/wp-content\/uploads\/2026\/SK0007773-CZ20260425-092328-0-1777080210-acc_makblade_1111_cat_zub-tif_16.webp","datePublished":"2026-04-27T04:40:55+00:00","breadcrumb":{"@id":"https:\/\/www.domkraftpro.com\/index.php\/produkt\/akce-makita-b-08925-pilovy-kotouc-255x3x30-32t-olda-80961-13566\/#breadcrumb"},"inLanguage":"cs","potentialAction":[{"@type":"ReadAction","target":["https:\/\/www.domkraftpro.com\/index.php\/produkt\/akce-makita-b-08925-pilovy-kotouc-255x3x30-32t-olda-80961-13566\/"]}]},{"@type":"ImageObject","inLanguage":"cs","@id":"https:\/\/www.domkraftpro.com\/index.php\/produkt\/akce-makita-b-08925-pilovy-kotouc-255x3x30-32t-olda-80961-13566\/#primaryimage","url":"https:\/\/www.domkraftpro.com\/wp-content\/uploads\/2026\/SK0007773-CZ20260425-092328-0-1777080210-acc_makblade_1111_cat_zub-tif_16.webp","contentUrl":"https:\/\/www.domkraftpro.com\/wp-content\/uploads\/2026\/SK0007773-CZ20260425-092328-0-1777080210-acc_makblade_1111_cat_zub-tif_16.webp","width":800,"height":800},{"@type":"BreadcrumbList","@id":"https:\/\/www.domkraftpro.com\/index.php\/produkt\/akce-makita-b-08925-pilovy-kotouc-255x3x30-32t-olda-80961-13566\/#breadcrumb","itemListElement":[{"@type":"ListItem","position":1,"name":"Home","item":"https:\/\/www.domkraftpro.com\/"},{"@type":"ListItem","position":2,"name":"Products","item":"https:\/\/www.domkraftpro.com\/index.php\/products\/"},{"@type":"ListItem","position":3,"name":"Akce Makita B-08925 pilov\u00fd kotou\u010d 255x3x30 32T =oldA-80961"}]},{"@type":"WebSite","@id":"https:\/\/www.domkraftpro.com\/#website","url":"https:\/\/www.domkraftpro.com\/","name":"","description":"","potentialAction":[{"@type":"SearchAction","target":{"@type":"EntryPoint","urlTemplate":"https:\/\/www.domkraftpro.com\/?s={search_term_string}"},"query-input":{"@type":"PropertyValueSpecification","valueRequired":true,"valueName":"search_term_string"}}],"inLanguage":"cs"}]}},"_links":{"self":[{"href":"https:\/\/www.domkraftpro.com\/index.php\/wp-json\/wp\/v2\/product\/13566","targetHints":{"allow":["GET"]}}],"collection":[{"href":"https:\/\/www.domkraftpro.com\/index.php\/wp-json\/wp\/v2\/product"}],"about":[{"href":"https:\/\/www.domkraftpro.com\/index.php\/wp-json\/wp\/v2\/types\/product"}],"replies":[{"embeddable":true,"href":"https:\/\/www.domkraftpro.com\/index.php\/wp-json\/wp\/v2\/comments?post=13566"}],"wp:featuredmedia":[{"embeddable":true,"href":"https:\/\/www.domkraftpro.com\/index.php\/wp-json\/wp\/v2\/media\/13666"}],"wp:attachment":[{"href":"https:\/\/www.domkraftpro.com\/index.php\/wp-json\/wp\/v2\/media?parent=13566"}],"wp:term":[{"taxonomy":"product_brand","embeddable":true,"href":"https:\/\/www.domkraftpro.com\/index.php\/wp-json\/wp\/v2\/product_brand?post=13566"},{"taxonomy":"product_cat","embeddable":true,"href":"https:\/\/www.domkraftpro.com\/index.php\/wp-json\/wp\/v2\/product_cat?post=13566"},{"taxonomy":"product_tag","embeddable":true,"href":"https:\/\/www.domkraftpro.com\/index.php\/wp-json\/wp\/v2\/product_tag?post=13566"}],"curies":[{"name":"wp","href":"https:\/\/api.w.org\/{rel}","templated":true}]}}