{"id":1350,"date":"2026-04-27T04:40:34","date_gmt":"2026-04-27T04:40:34","guid":{"rendered":""},"modified":"2026-04-27T04:40:34","modified_gmt":"2026-04-27T04:40:34","slug":"znackovy-noark-pnf-48t-113772-plastova-rozvodnice-pruhledne-dvere-montaz-pod-omitku-ip40-4-rady-4x12-modulu-1350","status":"publish","type":"product","link":"https:\/\/www.domkraftpro.com\/index.php\/produkt\/znackovy-noark-pnf-48t-113772-plastova-rozvodnice-pruhledne-dvere-montaz-pod-omitku-ip40-4-rady-4x12-modulu-1350\/","title":{"rendered":"Zna\u010dkov\u00fd Noark PNF 48T \/113772\/ Plastov\u00e1 rozvodnice, pr\u016fhledn\u00e9 dve\u0159e, mont\u00e1\u017e pod om\u00edtku, IP40, 4 \u0159ady, 4&#215;12 modul\u016f"},"content":{"rendered":"<div id=\"e9898759\" class=\"pages\">\n<div id=\"PDDescription\" class=\"UserContentView userContent v1a v1 bs-view dcon dc150 PDDescription\" >\n<h2><span style=\"color: #007980;\">Noark PNF 48T \/113772\/ Plastov\u00e1 rozvodnice, pr\u016fhledn\u00e9 dve\u0159e, mont\u00e1\u017e pod om\u00edtku, IP40, 4 \u0159ady, 4&#215;12 modul\u016f <\/span><\/h2>\n<p><span style=\"background-color: #ffffff;\">Plastov\u00e9 rozvodnice \u0159ady PNF pro mont\u00e1\u017e pod om\u00edtku s kryt\u00edm IP40 jsou ur\u010deny pro domovn\u00ed a v\u0161eobecn\u00e9 aplikace. Varianta pod om\u00edtku PNF je k dispozici v proveden\u00ed pro 4 a\u017e 54 modul\u016f rozd\u011blen\u00fdch do jedn\u00e9 a\u017e t\u0159\u00ed \u0159ad. V\u0161echny verze jsou nab\u00edzeny v proveden\u00ed s b\u00edl\u00fdmi nebo pr\u016fhledn\u00fdmi dve\u0159mi. Balen\u00ed obsahuje vlastn\u00ed rozvodnici, dve\u0159e, p\u0159\u00edstrojov\u00e9 DIN li\u0161ty, N + PE svorkovnice, \u010deln\u00ed kryt s v\u00fd\u0159ezem pro p\u0159\u00edstroje, z\u00e1slepku pr\u00e1zdn\u00fdch pozic a upev\u0148ovac\u00ed materi\u00e1l.<\/span><\/p>\n<p>\u00a0<\/p>\n<p>\u00a0<\/p>\n<div>\n<h2><span style=\"color: #007980;\">Parametry produktu<\/span><\/h2>\n<div>\n<div>\n<div>Zp\u016fsob mont\u00e1\u017ee:Mont\u00e1\u017e do st\u011bny<\/div>\n<\/div>\n<div>\n<div>Po\u010det modul\u016f:48<\/div>\n<\/div>\n<div>\n<div>Po\u010det \u0159ad:4<\/div>\n<\/div>\n<div>\n<div>\u0160\u00ed\u0159ka v po\u010dtech modul\u016f:12<\/div>\n<\/div>\n<div>\n<div>Druh krytu:Dve\u0159e pr\u016fhledn\u00e9<\/div>\n<\/div>\n<div>\n<div>Proveden\u00ed krytu:Zav\u0159en\u00e9<\/div>\n<\/div>\n<div>\n<div>Transparentn\u00ed v\u00edko\/dve\u0159e:Ano<\/div>\n<\/div>\n<div>\n<div>Materi\u00e1l sk\u0159\u00edn\u011b:Plast<\/div>\n<\/div>\n<div>\n<div>V\u00fd\u0161ka:106 mm<\/div>\n<\/div>\n<div>\n<div>\u0160\u00ed\u0159ka: 676 mm<\/div>\n<div>D\u00e9lka: 283 mm<\/div>\n<\/div>\n<div>\n<div>Mont\u00e1\u017en\u00ed hloubka:70 mm<\/div>\n<\/div>\n<div>\n<div>DIN li\u0161ta:Ano<\/div>\n<\/div>\n<div>\n<div>S mont\u00e1\u017en\u00ed deskou:Ne<\/div>\n<\/div>\n<div>\n<div>Mo\u017enost n\u00e1stavby:Ne<\/div>\n<\/div>\n<div>\n<div>Barva:B\u00edl\u00e1<\/div>\n<\/div>\n<div>\n<div>Kryt\u00ed (IP):IP40<\/div>\n<div>\u00a0<\/div>\n<div>\u00a0<\/div>\n<div>\n<h3><span style=\"color: #007980;\">Rozm\u011bry z\u00e1kladn\u00ed m\u011brn\u00e9 jednotky, hmotnost<\/span><\/h3>\n<div>\n<div>\n<div>\u0160\u00ed\u0159ka:676mm<\/div>\n<\/div>\n<div>\n<div>D\u00e9lka:283mm<\/div>\n<\/div>\n<div>\n<div>V\u00fd\u0161ka:106mm<\/div>\n<\/div>\n<div>\n<div>Hmotnost:2,460kg<\/div>\n<\/div>\n<\/div>\n<\/div>\n<\/div>\n<\/div>\n<\/div>\n<p>\u00a0<\/p>\n<div class=\"css-1p87sfm e1hxwdq30\" style=\"color: #353535; text-transform: none; text-indent: 0px; letter-spacing: normal; font-family: Roboto, Helvetica, sans-serif; font-size: 16px; font-style: normal; font-weight: 400; word-spacing: 0px; display: flex; white-space: normal; box-sizing: border-box; orphans: 2; widows: 2; flex-wrap: wrap; background-color: #ffffff; -webkit-text-stroke-width: 0px; font-variant-ligatures: normal; font-variant-caps: normal; text-decoration-thickness: initial; text-decoration-style: initial; text-decoration-color: initial;\">\n<div class=\"css-1nh4pw3 ebb0wxd0\" style=\"width: 605px; box-sizing: border-box;\">\u00a0<\/div>\n<\/div>\n<p>\u00a0<\/p>\n<p>\u00a0<\/p>\n<div id=\"PDTable3\" class=\"ProductDetailTableView v3a v3 bs-view dcon dc175 PDTable3\" >\n<table>\n<thead><\/thead>\n<tbody>\n<tr class=\"attribute attr_bsshop_maker\">\n<td class=\"caption\">V\u00fdrobce<\/td>\n<td class=\"value\">NOARK Electric Europe s.r.o.<\/td>\n<\/tr>\n<\/tbody>\n<\/table><\/div>\n<\/div>\n<\/div>\n<div id=\"e9898760\" class=\"tabs\">\n","protected":false},"excerpt":{"rendered":"<p>Noark PNF 48T \/113772\/ Plastov\u00e1 rozvodnice, pr\u016fhledn\u00e9 dve\u0159e, mont\u00e1\u017e pod om\u00edtku, IP40, 4 \u0159ady, 4&#215;12 modul\u016f Plastov\u00e9 rozvodnice \u0159ady PNF pro mont\u00e1\u017e pod om\u00edtku s kryt\u00edm IP40 jsou ur\u010deny pro domovn\u00ed a v\u0161eobecn\u00e9 aplikace. Varianta pod om\u00edtku PNF je k dispozici v proveden\u00ed pro 4 a\u017e 54 modul\u016f rozd\u011blen\u00fdch do jedn\u00e9 a\u017e t\u0159\u00ed \u0159ad. V\u0161echny [&hellip;]<\/p>\n","protected":false},"featured_media":1450,"comment_status":"open","ping_status":"open","template":"","meta":[],"product_brand":[],"product_cat":[37],"product_tag":[],"class_list":{"0":"post-1350","1":"product","2":"type-product","3":"status-publish","4":"has-post-thumbnail","6":"product_cat-elektromateri-225-l","8":"first","9":"instock","10":"sale","11":"shipping-taxable","12":"purchasable","13":"product-type-simple"},"yoast_head":"<!-- This site is optimized with the Yoast SEO plugin v26.8 - https:\/\/yoast.com\/product\/yoast-seo-wordpress\/ -->\n<title>Zna\u010dkov\u00fd Noark PNF 48T \/113772\/ Plastov\u00e1 rozvodnice, pr\u016fhledn\u00e9 dve\u0159e, mont\u00e1\u017e pod om\u00edtku, IP40, 4 \u0159ady, 4x12 modul\u016f -<\/title>\n<meta name=\"robots\" content=\"index, follow, max-snippet:-1, max-image-preview:large, max-video-preview:-1\" \/>\n<link rel=\"canonical\" href=\"https:\/\/www.domkraftpro.com\/index.php\/produkt\/znackovy-noark-pnf-48t-113772-plastova-rozvodnice-pruhledne-dvere-montaz-pod-omitku-ip40-4-rady-4x12-modulu-1350\/\" \/>\n<meta property=\"og:locale\" content=\"cs_CZ\" \/>\n<meta property=\"og:type\" content=\"article\" \/>\n<meta property=\"og:title\" content=\"Zna\u010dkov\u00fd Noark PNF 48T \/113772\/ Plastov\u00e1 rozvodnice, pr\u016fhledn\u00e9 dve\u0159e, mont\u00e1\u017e pod om\u00edtku, IP40, 4 \u0159ady, 4x12 modul\u016f -\" \/>\n<meta property=\"og:description\" content=\"Noark PNF 48T \/113772\/ Plastov\u00e1 rozvodnice, pr\u016fhledn\u00e9 dve\u0159e, mont\u00e1\u017e pod om\u00edtku, IP40, 4 \u0159ady, 4&#215;12 modul\u016f Plastov\u00e9 rozvodnice \u0159ady PNF pro mont\u00e1\u017e pod om\u00edtku s kryt\u00edm IP40 jsou ur\u010deny pro domovn\u00ed a v\u0161eobecn\u00e9 aplikace. Varianta pod om\u00edtku PNF je k dispozici v proveden\u00ed pro 4 a\u017e 54 modul\u016f rozd\u011blen\u00fdch do jedn\u00e9 a\u017e t\u0159\u00ed \u0159ad. V\u0161echny [&hellip;]\" \/>\n<meta property=\"og:url\" content=\"https:\/\/www.domkraftpro.com\/index.php\/produkt\/znackovy-noark-pnf-48t-113772-plastova-rozvodnice-pruhledne-dvere-montaz-pod-omitku-ip40-4-rady-4x12-modulu-1350\/\" \/>\n<meta property=\"og:image\" content=\"https:\/\/www.domkraftpro.com\/wp-content\/uploads\/2026\/SK0008488-CZ20260425-091623-0-1777079785-noark-pnf-48t-113772-plastova-rozvodnice-pruhledne-dvere-mo.webp\" \/>\n\t<meta property=\"og:image:width\" content=\"1000\" \/>\n\t<meta property=\"og:image:height\" content=\"525\" \/>\n\t<meta property=\"og:image:type\" content=\"image\/webp\" \/>\n<meta name=\"twitter:card\" content=\"summary_large_image\" \/>\n<meta name=\"twitter:label1\" content=\"Odhadovan\u00e1 doba \u010dten\u00ed\" \/>\n\t<meta name=\"twitter:data1\" content=\"1 minuta\" \/>\n<script type=\"application\/ld+json\" class=\"yoast-schema-graph\">{\"@context\":\"https:\/\/schema.org\",\"@graph\":[{\"@type\":\"WebPage\",\"@id\":\"https:\/\/www.domkraftpro.com\/index.php\/produkt\/znackovy-noark-pnf-48t-113772-plastova-rozvodnice-pruhledne-dvere-montaz-pod-omitku-ip40-4-rady-4x12-modulu-1350\/\",\"url\":\"https:\/\/www.domkraftpro.com\/index.php\/produkt\/znackovy-noark-pnf-48t-113772-plastova-rozvodnice-pruhledne-dvere-montaz-pod-omitku-ip40-4-rady-4x12-modulu-1350\/\",\"name\":\"Zna\u010dkov\u00fd Noark PNF 48T \/113772\/ Plastov\u00e1 rozvodnice, pr\u016fhledn\u00e9 dve\u0159e, mont\u00e1\u017e pod om\u00edtku, IP40, 4 \u0159ady, 4x12 modul\u016f -\",\"isPartOf\":{\"@id\":\"https:\/\/www.domkraftpro.com\/#website\"},\"primaryImageOfPage\":{\"@id\":\"https:\/\/www.domkraftpro.com\/index.php\/produkt\/znackovy-noark-pnf-48t-113772-plastova-rozvodnice-pruhledne-dvere-montaz-pod-omitku-ip40-4-rady-4x12-modulu-1350\/#primaryimage\"},\"image\":{\"@id\":\"https:\/\/www.domkraftpro.com\/index.php\/produkt\/znackovy-noark-pnf-48t-113772-plastova-rozvodnice-pruhledne-dvere-montaz-pod-omitku-ip40-4-rady-4x12-modulu-1350\/#primaryimage\"},\"thumbnailUrl\":\"https:\/\/www.domkraftpro.com\/wp-content\/uploads\/2026\/SK0008488-CZ20260425-091623-0-1777079785-noark-pnf-48t-113772-plastova-rozvodnice-pruhledne-dvere-mo.webp\",\"datePublished\":\"2026-04-27T04:40:34+00:00\",\"breadcrumb\":{\"@id\":\"https:\/\/www.domkraftpro.com\/index.php\/produkt\/znackovy-noark-pnf-48t-113772-plastova-rozvodnice-pruhledne-dvere-montaz-pod-omitku-ip40-4-rady-4x12-modulu-1350\/#breadcrumb\"},\"inLanguage\":\"cs\",\"potentialAction\":[{\"@type\":\"ReadAction\",\"target\":[\"https:\/\/www.domkraftpro.com\/index.php\/produkt\/znackovy-noark-pnf-48t-113772-plastova-rozvodnice-pruhledne-dvere-montaz-pod-omitku-ip40-4-rady-4x12-modulu-1350\/\"]}]},{\"@type\":\"ImageObject\",\"inLanguage\":\"cs\",\"@id\":\"https:\/\/www.domkraftpro.com\/index.php\/produkt\/znackovy-noark-pnf-48t-113772-plastova-rozvodnice-pruhledne-dvere-montaz-pod-omitku-ip40-4-rady-4x12-modulu-1350\/#primaryimage\",\"url\":\"https:\/\/www.domkraftpro.com\/wp-content\/uploads\/2026\/SK0008488-CZ20260425-091623-0-1777079785-noark-pnf-48t-113772-plastova-rozvodnice-pruhledne-dvere-mo.webp\",\"contentUrl\":\"https:\/\/www.domkraftpro.com\/wp-content\/uploads\/2026\/SK0008488-CZ20260425-091623-0-1777079785-noark-pnf-48t-113772-plastova-rozvodnice-pruhledne-dvere-mo.webp\",\"width\":1000,\"height\":525},{\"@type\":\"BreadcrumbList\",\"@id\":\"https:\/\/www.domkraftpro.com\/index.php\/produkt\/znackovy-noark-pnf-48t-113772-plastova-rozvodnice-pruhledne-dvere-montaz-pod-omitku-ip40-4-rady-4x12-modulu-1350\/#breadcrumb\",\"itemListElement\":[{\"@type\":\"ListItem\",\"position\":1,\"name\":\"Home\",\"item\":\"https:\/\/www.domkraftpro.com\/\"},{\"@type\":\"ListItem\",\"position\":2,\"name\":\"Products\",\"item\":\"https:\/\/www.domkraftpro.com\/index.php\/products\/\"},{\"@type\":\"ListItem\",\"position\":3,\"name\":\"Zna\u010dkov\u00fd Noark PNF 48T \/113772\/ Plastov\u00e1 rozvodnice, pr\u016fhledn\u00e9 dve\u0159e, mont\u00e1\u017e pod om\u00edtku, IP40, 4 \u0159ady, 4&#215;12 modul\u016f\"}]},{\"@type\":\"WebSite\",\"@id\":\"https:\/\/www.domkraftpro.com\/#website\",\"url\":\"https:\/\/www.domkraftpro.com\/\",\"name\":\"\",\"description\":\"\",\"potentialAction\":[{\"@type\":\"SearchAction\",\"target\":{\"@type\":\"EntryPoint\",\"urlTemplate\":\"https:\/\/www.domkraftpro.com\/?s={search_term_string}\"},\"query-input\":{\"@type\":\"PropertyValueSpecification\",\"valueRequired\":true,\"valueName\":\"search_term_string\"}}],\"inLanguage\":\"cs\"}]}<\/script>\n<!-- \/ Yoast SEO plugin. -->","yoast_head_json":{"title":"Zna\u010dkov\u00fd Noark PNF 48T \/113772\/ Plastov\u00e1 rozvodnice, pr\u016fhledn\u00e9 dve\u0159e, mont\u00e1\u017e pod om\u00edtku, IP40, 4 \u0159ady, 4x12 modul\u016f -","robots":{"index":"index","follow":"follow","max-snippet":"max-snippet:-1","max-image-preview":"max-image-preview:large","max-video-preview":"max-video-preview:-1"},"canonical":"https:\/\/www.domkraftpro.com\/index.php\/produkt\/znackovy-noark-pnf-48t-113772-plastova-rozvodnice-pruhledne-dvere-montaz-pod-omitku-ip40-4-rady-4x12-modulu-1350\/","og_locale":"cs_CZ","og_type":"article","og_title":"Zna\u010dkov\u00fd Noark PNF 48T \/113772\/ Plastov\u00e1 rozvodnice, pr\u016fhledn\u00e9 dve\u0159e, mont\u00e1\u017e pod om\u00edtku, IP40, 4 \u0159ady, 4x12 modul\u016f -","og_description":"Noark PNF 48T \/113772\/ Plastov\u00e1 rozvodnice, pr\u016fhledn\u00e9 dve\u0159e, mont\u00e1\u017e pod om\u00edtku, IP40, 4 \u0159ady, 4&#215;12 modul\u016f Plastov\u00e9 rozvodnice \u0159ady PNF pro mont\u00e1\u017e pod om\u00edtku s kryt\u00edm IP40 jsou ur\u010deny pro domovn\u00ed a v\u0161eobecn\u00e9 aplikace. Varianta pod om\u00edtku PNF je k dispozici v proveden\u00ed pro 4 a\u017e 54 modul\u016f rozd\u011blen\u00fdch do jedn\u00e9 a\u017e t\u0159\u00ed \u0159ad. V\u0161echny [&hellip;]","og_url":"https:\/\/www.domkraftpro.com\/index.php\/produkt\/znackovy-noark-pnf-48t-113772-plastova-rozvodnice-pruhledne-dvere-montaz-pod-omitku-ip40-4-rady-4x12-modulu-1350\/","og_image":[{"width":1000,"height":525,"url":"https:\/\/www.domkraftpro.com\/wp-content\/uploads\/2026\/SK0008488-CZ20260425-091623-0-1777079785-noark-pnf-48t-113772-plastova-rozvodnice-pruhledne-dvere-mo.webp","type":"image\/webp"}],"twitter_card":"summary_large_image","twitter_misc":{"Odhadovan\u00e1 doba \u010dten\u00ed":"1 minuta"},"schema":{"@context":"https:\/\/schema.org","@graph":[{"@type":"WebPage","@id":"https:\/\/www.domkraftpro.com\/index.php\/produkt\/znackovy-noark-pnf-48t-113772-plastova-rozvodnice-pruhledne-dvere-montaz-pod-omitku-ip40-4-rady-4x12-modulu-1350\/","url":"https:\/\/www.domkraftpro.com\/index.php\/produkt\/znackovy-noark-pnf-48t-113772-plastova-rozvodnice-pruhledne-dvere-montaz-pod-omitku-ip40-4-rady-4x12-modulu-1350\/","name":"Zna\u010dkov\u00fd Noark PNF 48T \/113772\/ Plastov\u00e1 rozvodnice, pr\u016fhledn\u00e9 dve\u0159e, mont\u00e1\u017e pod om\u00edtku, IP40, 4 \u0159ady, 4x12 modul\u016f -","isPartOf":{"@id":"https:\/\/www.domkraftpro.com\/#website"},"primaryImageOfPage":{"@id":"https:\/\/www.domkraftpro.com\/index.php\/produkt\/znackovy-noark-pnf-48t-113772-plastova-rozvodnice-pruhledne-dvere-montaz-pod-omitku-ip40-4-rady-4x12-modulu-1350\/#primaryimage"},"image":{"@id":"https:\/\/www.domkraftpro.com\/index.php\/produkt\/znackovy-noark-pnf-48t-113772-plastova-rozvodnice-pruhledne-dvere-montaz-pod-omitku-ip40-4-rady-4x12-modulu-1350\/#primaryimage"},"thumbnailUrl":"https:\/\/www.domkraftpro.com\/wp-content\/uploads\/2026\/SK0008488-CZ20260425-091623-0-1777079785-noark-pnf-48t-113772-plastova-rozvodnice-pruhledne-dvere-mo.webp","datePublished":"2026-04-27T04:40:34+00:00","breadcrumb":{"@id":"https:\/\/www.domkraftpro.com\/index.php\/produkt\/znackovy-noark-pnf-48t-113772-plastova-rozvodnice-pruhledne-dvere-montaz-pod-omitku-ip40-4-rady-4x12-modulu-1350\/#breadcrumb"},"inLanguage":"cs","potentialAction":[{"@type":"ReadAction","target":["https:\/\/www.domkraftpro.com\/index.php\/produkt\/znackovy-noark-pnf-48t-113772-plastova-rozvodnice-pruhledne-dvere-montaz-pod-omitku-ip40-4-rady-4x12-modulu-1350\/"]}]},{"@type":"ImageObject","inLanguage":"cs","@id":"https:\/\/www.domkraftpro.com\/index.php\/produkt\/znackovy-noark-pnf-48t-113772-plastova-rozvodnice-pruhledne-dvere-montaz-pod-omitku-ip40-4-rady-4x12-modulu-1350\/#primaryimage","url":"https:\/\/www.domkraftpro.com\/wp-content\/uploads\/2026\/SK0008488-CZ20260425-091623-0-1777079785-noark-pnf-48t-113772-plastova-rozvodnice-pruhledne-dvere-mo.webp","contentUrl":"https:\/\/www.domkraftpro.com\/wp-content\/uploads\/2026\/SK0008488-CZ20260425-091623-0-1777079785-noark-pnf-48t-113772-plastova-rozvodnice-pruhledne-dvere-mo.webp","width":1000,"height":525},{"@type":"BreadcrumbList","@id":"https:\/\/www.domkraftpro.com\/index.php\/produkt\/znackovy-noark-pnf-48t-113772-plastova-rozvodnice-pruhledne-dvere-montaz-pod-omitku-ip40-4-rady-4x12-modulu-1350\/#breadcrumb","itemListElement":[{"@type":"ListItem","position":1,"name":"Home","item":"https:\/\/www.domkraftpro.com\/"},{"@type":"ListItem","position":2,"name":"Products","item":"https:\/\/www.domkraftpro.com\/index.php\/products\/"},{"@type":"ListItem","position":3,"name":"Zna\u010dkov\u00fd Noark PNF 48T \/113772\/ Plastov\u00e1 rozvodnice, pr\u016fhledn\u00e9 dve\u0159e, mont\u00e1\u017e pod om\u00edtku, IP40, 4 \u0159ady, 4&#215;12 modul\u016f"}]},{"@type":"WebSite","@id":"https:\/\/www.domkraftpro.com\/#website","url":"https:\/\/www.domkraftpro.com\/","name":"","description":"","potentialAction":[{"@type":"SearchAction","target":{"@type":"EntryPoint","urlTemplate":"https:\/\/www.domkraftpro.com\/?s={search_term_string}"},"query-input":{"@type":"PropertyValueSpecification","valueRequired":true,"valueName":"search_term_string"}}],"inLanguage":"cs"}]}},"_links":{"self":[{"href":"https:\/\/www.domkraftpro.com\/index.php\/wp-json\/wp\/v2\/product\/1350","targetHints":{"allow":["GET"]}}],"collection":[{"href":"https:\/\/www.domkraftpro.com\/index.php\/wp-json\/wp\/v2\/product"}],"about":[{"href":"https:\/\/www.domkraftpro.com\/index.php\/wp-json\/wp\/v2\/types\/product"}],"replies":[{"embeddable":true,"href":"https:\/\/www.domkraftpro.com\/index.php\/wp-json\/wp\/v2\/comments?post=1350"}],"wp:featuredmedia":[{"embeddable":true,"href":"https:\/\/www.domkraftpro.com\/index.php\/wp-json\/wp\/v2\/media\/1450"}],"wp:attachment":[{"href":"https:\/\/www.domkraftpro.com\/index.php\/wp-json\/wp\/v2\/media?parent=1350"}],"wp:term":[{"taxonomy":"product_brand","embeddable":true,"href":"https:\/\/www.domkraftpro.com\/index.php\/wp-json\/wp\/v2\/product_brand?post=1350"},{"taxonomy":"product_cat","embeddable":true,"href":"https:\/\/www.domkraftpro.com\/index.php\/wp-json\/wp\/v2\/product_cat?post=1350"},{"taxonomy":"product_tag","embeddable":true,"href":"https:\/\/www.domkraftpro.com\/index.php\/wp-json\/wp\/v2\/product_tag?post=1350"}],"curies":[{"name":"wp","href":"https:\/\/api.w.org\/{rel}","templated":true}]}}