{"id":1346,"date":"2026-04-27T04:40:34","date_gmt":"2026-04-27T04:40:34","guid":{"rendered":""},"modified":"2026-04-27T04:40:34","modified_gmt":"2026-04-27T04:40:34","slug":"sezonni-sleva-abb-levit-5569h-a32357-17-slonova-kost-bila-zasuvka-jednonasobna-s-ochrannym-kolikem-a-clonkami-s-integrovanym-usb-a-usb-c-nabijenim-1346","status":"publish","type":"product","link":"https:\/\/www.domkraftpro.com\/index.php\/produkt\/sezonni-sleva-abb-levit-5569h-a32357-17-slonova-kost-bila-zasuvka-jednonasobna-s-ochrannym-kolikem-a-clonkami-s-integrovanym-usb-a-usb-c-nabijenim-1346\/","title":{"rendered":"Sez\u00f3nn\u00ed Sleva ABB LEVIT 5569H-A32357 17 SLONOV\u00c1 KOST\/B\u00cdL\u00c1 Z\u00e1suvka jednon\u00e1sobn\u00e1 s ochrann\u00fdm kol\u00edkem a clonkami s integrovan\u00fdm USB a USB-C nab\u00edjen\u00edm"},"content":{"rendered":"<div id=\"e9898291\" class=\"pages\">\n<div id=\"PDDescription\" class=\"UserContentView userContent v1a v1 bs-view dcon dc150 PDDescription\" >\n<h2><span style=\"color: #007980;\"><span style=\"text-transform: none; text-indent: 0px; letter-spacing: normal; font-family: ABBvoice_r, Helvetica, Arial, sans-serif; font-size: 18px; font-style: normal; font-weight: 400; word-spacing: 0px; float: none; display: inline !important; white-space: normal; orphans: 2; widows: 2; background-color: #ffffff; -webkit-text-stroke-width: 0px; font-variant-ligatures: normal; font-variant-caps: normal; text-decoration-thickness: initial; text-decoration-style: initial; text-decoration-color: initial;\">ABB LEVIT 5569H-A32357 17 SLONOV\u00c1 KOST\/B\u00cdL\u00c1 Z\u00e1suvka jednon\u00e1sobn\u00e1 s ochrann\u00fdm kol\u00edkem a clonkami s integrovan\u00fdm USB a USB-C nab\u00edjen\u00edm<\/span><\/span><\/h2>\n<p>ABB LEVIT 5569H-A32357\u00a017 modern\u00ed 1n\u00e1sobn\u00e1 z\u00e1suvka s ochrann\u00fdmi clonkami a zemnic\u00edm kol\u00edkem. Nav\u00edc je vybavena USB-A a USB-C porty pro pohodln\u00e9 nab\u00edjen\u00ed za\u0159\u00edzen\u00ed. Elegantn\u00ed proveden\u00ed v b\u00edl\u00e9 barv\u011b zaji\u0161\u0165uje stylov\u00fd vzhled a prakti\u010dnost pro ka\u017edou dom\u00e1cnost \u010di kancel\u00e1\u0159.<\/p>\n<p><span style=\"color: #ff0000;\">V p\u0159\u00edpad\u011b samostatn\u00e9 instalace z\u00e1suvky je nutn\u00e9 pou\u017e\u00edt r\u00e1me\u010dek s otvorem 55 \u00d7 55 mm (3901H-A05510 ..).<\/span><\/p>\n<p>Pro sou\u010dasn\u00e9 pou\u017e\u00edv\u00e1n\u00ed z\u00e1suvky a nab\u00edjen\u00ed nebo nap\u00e1jen\u00ed dvou mobiln\u00edch koncov\u00fdch za\u0159\u00edzen\u00ed pomoc\u00ed USB kabelu typu A nebo C.<br \/>V\u00fdstup USB-A: podpora nab\u00edjec\u00edho protokolu Apple MFI s 2,4 A a BC 1.2 s 1,5 A.<br \/>V\u00fdstup USB-C: podpora nab\u00edjec\u00edho protokolu<br \/>USB PD (Power Delivery) s 3 A, Apple MFi s 2,4 A a BC 1.2 DCP s 1,5 A<br \/>Elektronick\u00e1 ochrana p\u0159ed zkratem a p\u0159et\u00ed\u017een\u00edm.<br \/>Jmen. proud jednoho v\u00fdstupu (druh\u00fd v\u00fdstup nepou\u017eit): 3 A<br \/>Klidov\u00e1 spot\u0159eba: 75 mW<br \/>Nelze pou\u017e\u00edvat k datov\u00e9mu p\u0159enosu.<br \/>Pracovn\u00ed teplota: 0 \u00b0C a\u017e +35 \u00b0C<br \/>Stupe\u0148 kryt\u00ed: IP 20, SELV<br \/>Vestavn\u00e1 hloubka: 39,5 mm<br \/>Bez\u0161roubov\u00e9 p\u0159ipojen\u00ed vodi\u010d\u016f.<br \/>Typov\u00e1 \u0159ada: 20 MUCB2USBAC<br \/>16 A, 230 V AC, 50\/60 Hz<\/p>\n<p>V p\u0159\u00edpad\u011b instalace z\u00e1suvky do v\u00edcen\u00e1sobn\u00fdch kombinac\u00ed je nutn\u00e9 pou\u017e\u00edt standardn\u00ed r\u00e1me\u010dek odpov\u00eddaj\u00edc\u00ed n\u00e1sobnosti (3901H-A050.0 ..). Podle pozice z\u00e1suvky v r\u00e1me\u010dku je t\u0159eba pou\u017e\u00edt je\u0161t\u011b krajn\u00ed nebo st\u0159edn\u00ed kryt r\u00e1me\u010dku s otvorem 55 \u00d7 55 mm (3901H-A00.55 ..).<br \/>K dispozici je t\u00e9\u017e dvojn\u00e1sobn\u00fd r\u00e1me\u010dek s otvory 55 \u00d7 55 mm (3901H-A05520 ..).<\/p>\n<p>Upevn\u011bn\u00ed \u0161rouby nebo dr\u00e1pky.<br \/>Bez\u0161roubov\u00e9 svorky (pro vodi\u010de 1,5-2,5 mm\u00b2).<\/p>\n<div>\u00a0<\/div>\n<p>\u00a0<\/p>\n<div id=\"PDTable3\" class=\"ProductDetailTableView v3a v3 bs-view dcon dc175 PDTable3\" >\n<table>\n<thead><\/thead>\n<tbody>\n<tr class=\"attribute attr_bsshop_maker\">\n<td class=\"caption\">V\u00fdrobce<\/td>\n<td class=\"value\">ABB<\/td>\n<\/tr>\n<tr class=\"attribute attr_Barva\">\n<td class=\"caption\">Barva<\/td>\n<td class=\"value\">b\u00edl\u00e1 \/ b\u00edl\u00e1<\/td>\n<\/tr>\n<\/tbody>\n<\/table><\/div>\n<\/div>\n<\/div>\n<div id=\"e9898292\" class=\"tabs\">\n","protected":false},"excerpt":{"rendered":"<p>ABB LEVIT 5569H-A32357 17 SLONOV\u00c1 KOST\/B\u00cdL\u00c1 Z\u00e1suvka jednon\u00e1sobn\u00e1 s ochrann\u00fdm kol\u00edkem a clonkami s integrovan\u00fdm USB a USB-C nab\u00edjen\u00edm ABB LEVIT 5569H-A32357\u00a017 modern\u00ed 1n\u00e1sobn\u00e1 z\u00e1suvka s ochrann\u00fdmi clonkami a zemnic\u00edm kol\u00edkem. Nav\u00edc je vybavena USB-A a USB-C porty pro pohodln\u00e9 nab\u00edjen\u00ed za\u0159\u00edzen\u00ed. Elegantn\u00ed proveden\u00ed v b\u00edl\u00e9 barv\u011b zaji\u0161\u0165uje stylov\u00fd vzhled a prakti\u010dnost pro ka\u017edou dom\u00e1cnost [&hellip;]<\/p>\n","protected":false},"featured_media":1446,"comment_status":"open","ping_status":"open","template":"","meta":[],"product_brand":[],"product_cat":[41],"product_tag":[],"class_list":{"0":"post-1346","1":"product","2":"type-product","3":"status-publish","4":"has-post-thumbnail","6":"product_cat-vyp-237-nace-a-z-225-suvky","8":"first","9":"instock","10":"sale","11":"shipping-taxable","12":"purchasable","13":"product-type-simple"},"yoast_head":"<!-- This site is optimized with the Yoast SEO plugin v26.8 - https:\/\/yoast.com\/product\/yoast-seo-wordpress\/ -->\n<title>Sez\u00f3nn\u00ed Sleva ABB LEVIT 5569H-A32357 17 SLONOV\u00c1 KOST\/B\u00cdL\u00c1 Z\u00e1suvka jednon\u00e1sobn\u00e1 s ochrann\u00fdm kol\u00edkem a clonkami s integrovan\u00fdm USB a USB-C nab\u00edjen\u00edm -<\/title>\n<meta name=\"robots\" content=\"index, follow, max-snippet:-1, max-image-preview:large, max-video-preview:-1\" \/>\n<link rel=\"canonical\" href=\"https:\/\/www.domkraftpro.com\/index.php\/produkt\/sezonni-sleva-abb-levit-5569h-a32357-17-slonova-kost-bila-zasuvka-jednonasobna-s-ochrannym-kolikem-a-clonkami-s-integrovanym-usb-a-usb-c-nabijenim-1346\/\" \/>\n<meta property=\"og:locale\" content=\"cs_CZ\" \/>\n<meta property=\"og:type\" content=\"article\" \/>\n<meta property=\"og:title\" content=\"Sez\u00f3nn\u00ed Sleva ABB LEVIT 5569H-A32357 17 SLONOV\u00c1 KOST\/B\u00cdL\u00c1 Z\u00e1suvka jednon\u00e1sobn\u00e1 s ochrann\u00fdm kol\u00edkem a clonkami s integrovan\u00fdm USB a USB-C nab\u00edjen\u00edm -\" \/>\n<meta property=\"og:description\" content=\"ABB LEVIT 5569H-A32357 17 SLONOV\u00c1 KOST\/B\u00cdL\u00c1 Z\u00e1suvka jednon\u00e1sobn\u00e1 s ochrann\u00fdm kol\u00edkem a clonkami s integrovan\u00fdm USB a USB-C nab\u00edjen\u00edm ABB LEVIT 5569H-A32357\u00a017 modern\u00ed 1n\u00e1sobn\u00e1 z\u00e1suvka s ochrann\u00fdmi clonkami a zemnic\u00edm kol\u00edkem. Nav\u00edc je vybavena USB-A a USB-C porty pro pohodln\u00e9 nab\u00edjen\u00ed za\u0159\u00edzen\u00ed. Elegantn\u00ed proveden\u00ed v b\u00edl\u00e9 barv\u011b zaji\u0161\u0165uje stylov\u00fd vzhled a prakti\u010dnost pro ka\u017edou dom\u00e1cnost [&hellip;]\" \/>\n<meta property=\"og:url\" content=\"https:\/\/www.domkraftpro.com\/index.php\/produkt\/sezonni-sleva-abb-levit-5569h-a32357-17-slonova-kost-bila-zasuvka-jednonasobna-s-ochrannym-kolikem-a-clonkami-s-integrovanym-usb-a-usb-c-nabijenim-1346\/\" \/>\n<meta property=\"og:image\" content=\"https:\/\/www.domkraftpro.com\/wp-content\/uploads\/2026\/SK0008484-CZ20260425-091623-0-1777079785-abb-levit-5569h-a32357-17-slonova-kost-bila-zasuvka-jednona.webp\" \/>\n\t<meta property=\"og:image:width\" content=\"1000\" \/>\n\t<meta property=\"og:image:height\" content=\"525\" \/>\n\t<meta property=\"og:image:type\" content=\"image\/webp\" \/>\n<meta name=\"twitter:card\" content=\"summary_large_image\" \/>\n<meta name=\"twitter:label1\" content=\"Odhadovan\u00e1 doba \u010dten\u00ed\" \/>\n\t<meta name=\"twitter:data1\" content=\"1 minuta\" \/>\n<script type=\"application\/ld+json\" class=\"yoast-schema-graph\">{\"@context\":\"https:\/\/schema.org\",\"@graph\":[{\"@type\":\"WebPage\",\"@id\":\"https:\/\/www.domkraftpro.com\/index.php\/produkt\/sezonni-sleva-abb-levit-5569h-a32357-17-slonova-kost-bila-zasuvka-jednonasobna-s-ochrannym-kolikem-a-clonkami-s-integrovanym-usb-a-usb-c-nabijenim-1346\/\",\"url\":\"https:\/\/www.domkraftpro.com\/index.php\/produkt\/sezonni-sleva-abb-levit-5569h-a32357-17-slonova-kost-bila-zasuvka-jednonasobna-s-ochrannym-kolikem-a-clonkami-s-integrovanym-usb-a-usb-c-nabijenim-1346\/\",\"name\":\"Sez\u00f3nn\u00ed Sleva ABB LEVIT 5569H-A32357 17 SLONOV\u00c1 KOST\/B\u00cdL\u00c1 Z\u00e1suvka jednon\u00e1sobn\u00e1 s ochrann\u00fdm kol\u00edkem a clonkami s integrovan\u00fdm USB a USB-C nab\u00edjen\u00edm -\",\"isPartOf\":{\"@id\":\"https:\/\/www.domkraftpro.com\/#website\"},\"primaryImageOfPage\":{\"@id\":\"https:\/\/www.domkraftpro.com\/index.php\/produkt\/sezonni-sleva-abb-levit-5569h-a32357-17-slonova-kost-bila-zasuvka-jednonasobna-s-ochrannym-kolikem-a-clonkami-s-integrovanym-usb-a-usb-c-nabijenim-1346\/#primaryimage\"},\"image\":{\"@id\":\"https:\/\/www.domkraftpro.com\/index.php\/produkt\/sezonni-sleva-abb-levit-5569h-a32357-17-slonova-kost-bila-zasuvka-jednonasobna-s-ochrannym-kolikem-a-clonkami-s-integrovanym-usb-a-usb-c-nabijenim-1346\/#primaryimage\"},\"thumbnailUrl\":\"https:\/\/www.domkraftpro.com\/wp-content\/uploads\/2026\/SK0008484-CZ20260425-091623-0-1777079785-abb-levit-5569h-a32357-17-slonova-kost-bila-zasuvka-jednona.webp\",\"datePublished\":\"2026-04-27T04:40:34+00:00\",\"breadcrumb\":{\"@id\":\"https:\/\/www.domkraftpro.com\/index.php\/produkt\/sezonni-sleva-abb-levit-5569h-a32357-17-slonova-kost-bila-zasuvka-jednonasobna-s-ochrannym-kolikem-a-clonkami-s-integrovanym-usb-a-usb-c-nabijenim-1346\/#breadcrumb\"},\"inLanguage\":\"cs\",\"potentialAction\":[{\"@type\":\"ReadAction\",\"target\":[\"https:\/\/www.domkraftpro.com\/index.php\/produkt\/sezonni-sleva-abb-levit-5569h-a32357-17-slonova-kost-bila-zasuvka-jednonasobna-s-ochrannym-kolikem-a-clonkami-s-integrovanym-usb-a-usb-c-nabijenim-1346\/\"]}]},{\"@type\":\"ImageObject\",\"inLanguage\":\"cs\",\"@id\":\"https:\/\/www.domkraftpro.com\/index.php\/produkt\/sezonni-sleva-abb-levit-5569h-a32357-17-slonova-kost-bila-zasuvka-jednonasobna-s-ochrannym-kolikem-a-clonkami-s-integrovanym-usb-a-usb-c-nabijenim-1346\/#primaryimage\",\"url\":\"https:\/\/www.domkraftpro.com\/wp-content\/uploads\/2026\/SK0008484-CZ20260425-091623-0-1777079785-abb-levit-5569h-a32357-17-slonova-kost-bila-zasuvka-jednona.webp\",\"contentUrl\":\"https:\/\/www.domkraftpro.com\/wp-content\/uploads\/2026\/SK0008484-CZ20260425-091623-0-1777079785-abb-levit-5569h-a32357-17-slonova-kost-bila-zasuvka-jednona.webp\",\"width\":1000,\"height\":525},{\"@type\":\"BreadcrumbList\",\"@id\":\"https:\/\/www.domkraftpro.com\/index.php\/produkt\/sezonni-sleva-abb-levit-5569h-a32357-17-slonova-kost-bila-zasuvka-jednonasobna-s-ochrannym-kolikem-a-clonkami-s-integrovanym-usb-a-usb-c-nabijenim-1346\/#breadcrumb\",\"itemListElement\":[{\"@type\":\"ListItem\",\"position\":1,\"name\":\"Home\",\"item\":\"https:\/\/www.domkraftpro.com\/\"},{\"@type\":\"ListItem\",\"position\":2,\"name\":\"Products\",\"item\":\"https:\/\/www.domkraftpro.com\/index.php\/products\/\"},{\"@type\":\"ListItem\",\"position\":3,\"name\":\"Sez\u00f3nn\u00ed Sleva ABB LEVIT 5569H-A32357 17 SLONOV\u00c1 KOST\/B\u00cdL\u00c1 Z\u00e1suvka jednon\u00e1sobn\u00e1 s ochrann\u00fdm kol\u00edkem a clonkami s integrovan\u00fdm USB a USB-C nab\u00edjen\u00edm\"}]},{\"@type\":\"WebSite\",\"@id\":\"https:\/\/www.domkraftpro.com\/#website\",\"url\":\"https:\/\/www.domkraftpro.com\/\",\"name\":\"\",\"description\":\"\",\"potentialAction\":[{\"@type\":\"SearchAction\",\"target\":{\"@type\":\"EntryPoint\",\"urlTemplate\":\"https:\/\/www.domkraftpro.com\/?s={search_term_string}\"},\"query-input\":{\"@type\":\"PropertyValueSpecification\",\"valueRequired\":true,\"valueName\":\"search_term_string\"}}],\"inLanguage\":\"cs\"}]}<\/script>\n<!-- \/ Yoast SEO plugin. -->","yoast_head_json":{"title":"Sez\u00f3nn\u00ed Sleva ABB LEVIT 5569H-A32357 17 SLONOV\u00c1 KOST\/B\u00cdL\u00c1 Z\u00e1suvka jednon\u00e1sobn\u00e1 s ochrann\u00fdm kol\u00edkem a clonkami s integrovan\u00fdm USB a USB-C nab\u00edjen\u00edm -","robots":{"index":"index","follow":"follow","max-snippet":"max-snippet:-1","max-image-preview":"max-image-preview:large","max-video-preview":"max-video-preview:-1"},"canonical":"https:\/\/www.domkraftpro.com\/index.php\/produkt\/sezonni-sleva-abb-levit-5569h-a32357-17-slonova-kost-bila-zasuvka-jednonasobna-s-ochrannym-kolikem-a-clonkami-s-integrovanym-usb-a-usb-c-nabijenim-1346\/","og_locale":"cs_CZ","og_type":"article","og_title":"Sez\u00f3nn\u00ed Sleva ABB LEVIT 5569H-A32357 17 SLONOV\u00c1 KOST\/B\u00cdL\u00c1 Z\u00e1suvka jednon\u00e1sobn\u00e1 s ochrann\u00fdm kol\u00edkem a clonkami s integrovan\u00fdm USB a USB-C nab\u00edjen\u00edm -","og_description":"ABB LEVIT 5569H-A32357 17 SLONOV\u00c1 KOST\/B\u00cdL\u00c1 Z\u00e1suvka jednon\u00e1sobn\u00e1 s ochrann\u00fdm kol\u00edkem a clonkami s integrovan\u00fdm USB a USB-C nab\u00edjen\u00edm ABB LEVIT 5569H-A32357\u00a017 modern\u00ed 1n\u00e1sobn\u00e1 z\u00e1suvka s ochrann\u00fdmi clonkami a zemnic\u00edm kol\u00edkem. Nav\u00edc je vybavena USB-A a USB-C porty pro pohodln\u00e9 nab\u00edjen\u00ed za\u0159\u00edzen\u00ed. Elegantn\u00ed proveden\u00ed v b\u00edl\u00e9 barv\u011b zaji\u0161\u0165uje stylov\u00fd vzhled a prakti\u010dnost pro ka\u017edou dom\u00e1cnost [&hellip;]","og_url":"https:\/\/www.domkraftpro.com\/index.php\/produkt\/sezonni-sleva-abb-levit-5569h-a32357-17-slonova-kost-bila-zasuvka-jednonasobna-s-ochrannym-kolikem-a-clonkami-s-integrovanym-usb-a-usb-c-nabijenim-1346\/","og_image":[{"width":1000,"height":525,"url":"https:\/\/www.domkraftpro.com\/wp-content\/uploads\/2026\/SK0008484-CZ20260425-091623-0-1777079785-abb-levit-5569h-a32357-17-slonova-kost-bila-zasuvka-jednona.webp","type":"image\/webp"}],"twitter_card":"summary_large_image","twitter_misc":{"Odhadovan\u00e1 doba \u010dten\u00ed":"1 minuta"},"schema":{"@context":"https:\/\/schema.org","@graph":[{"@type":"WebPage","@id":"https:\/\/www.domkraftpro.com\/index.php\/produkt\/sezonni-sleva-abb-levit-5569h-a32357-17-slonova-kost-bila-zasuvka-jednonasobna-s-ochrannym-kolikem-a-clonkami-s-integrovanym-usb-a-usb-c-nabijenim-1346\/","url":"https:\/\/www.domkraftpro.com\/index.php\/produkt\/sezonni-sleva-abb-levit-5569h-a32357-17-slonova-kost-bila-zasuvka-jednonasobna-s-ochrannym-kolikem-a-clonkami-s-integrovanym-usb-a-usb-c-nabijenim-1346\/","name":"Sez\u00f3nn\u00ed Sleva ABB LEVIT 5569H-A32357 17 SLONOV\u00c1 KOST\/B\u00cdL\u00c1 Z\u00e1suvka jednon\u00e1sobn\u00e1 s ochrann\u00fdm kol\u00edkem a clonkami s integrovan\u00fdm USB a USB-C nab\u00edjen\u00edm -","isPartOf":{"@id":"https:\/\/www.domkraftpro.com\/#website"},"primaryImageOfPage":{"@id":"https:\/\/www.domkraftpro.com\/index.php\/produkt\/sezonni-sleva-abb-levit-5569h-a32357-17-slonova-kost-bila-zasuvka-jednonasobna-s-ochrannym-kolikem-a-clonkami-s-integrovanym-usb-a-usb-c-nabijenim-1346\/#primaryimage"},"image":{"@id":"https:\/\/www.domkraftpro.com\/index.php\/produkt\/sezonni-sleva-abb-levit-5569h-a32357-17-slonova-kost-bila-zasuvka-jednonasobna-s-ochrannym-kolikem-a-clonkami-s-integrovanym-usb-a-usb-c-nabijenim-1346\/#primaryimage"},"thumbnailUrl":"https:\/\/www.domkraftpro.com\/wp-content\/uploads\/2026\/SK0008484-CZ20260425-091623-0-1777079785-abb-levit-5569h-a32357-17-slonova-kost-bila-zasuvka-jednona.webp","datePublished":"2026-04-27T04:40:34+00:00","breadcrumb":{"@id":"https:\/\/www.domkraftpro.com\/index.php\/produkt\/sezonni-sleva-abb-levit-5569h-a32357-17-slonova-kost-bila-zasuvka-jednonasobna-s-ochrannym-kolikem-a-clonkami-s-integrovanym-usb-a-usb-c-nabijenim-1346\/#breadcrumb"},"inLanguage":"cs","potentialAction":[{"@type":"ReadAction","target":["https:\/\/www.domkraftpro.com\/index.php\/produkt\/sezonni-sleva-abb-levit-5569h-a32357-17-slonova-kost-bila-zasuvka-jednonasobna-s-ochrannym-kolikem-a-clonkami-s-integrovanym-usb-a-usb-c-nabijenim-1346\/"]}]},{"@type":"ImageObject","inLanguage":"cs","@id":"https:\/\/www.domkraftpro.com\/index.php\/produkt\/sezonni-sleva-abb-levit-5569h-a32357-17-slonova-kost-bila-zasuvka-jednonasobna-s-ochrannym-kolikem-a-clonkami-s-integrovanym-usb-a-usb-c-nabijenim-1346\/#primaryimage","url":"https:\/\/www.domkraftpro.com\/wp-content\/uploads\/2026\/SK0008484-CZ20260425-091623-0-1777079785-abb-levit-5569h-a32357-17-slonova-kost-bila-zasuvka-jednona.webp","contentUrl":"https:\/\/www.domkraftpro.com\/wp-content\/uploads\/2026\/SK0008484-CZ20260425-091623-0-1777079785-abb-levit-5569h-a32357-17-slonova-kost-bila-zasuvka-jednona.webp","width":1000,"height":525},{"@type":"BreadcrumbList","@id":"https:\/\/www.domkraftpro.com\/index.php\/produkt\/sezonni-sleva-abb-levit-5569h-a32357-17-slonova-kost-bila-zasuvka-jednonasobna-s-ochrannym-kolikem-a-clonkami-s-integrovanym-usb-a-usb-c-nabijenim-1346\/#breadcrumb","itemListElement":[{"@type":"ListItem","position":1,"name":"Home","item":"https:\/\/www.domkraftpro.com\/"},{"@type":"ListItem","position":2,"name":"Products","item":"https:\/\/www.domkraftpro.com\/index.php\/products\/"},{"@type":"ListItem","position":3,"name":"Sez\u00f3nn\u00ed Sleva ABB LEVIT 5569H-A32357 17 SLONOV\u00c1 KOST\/B\u00cdL\u00c1 Z\u00e1suvka jednon\u00e1sobn\u00e1 s ochrann\u00fdm kol\u00edkem a clonkami s integrovan\u00fdm USB a USB-C nab\u00edjen\u00edm"}]},{"@type":"WebSite","@id":"https:\/\/www.domkraftpro.com\/#website","url":"https:\/\/www.domkraftpro.com\/","name":"","description":"","potentialAction":[{"@type":"SearchAction","target":{"@type":"EntryPoint","urlTemplate":"https:\/\/www.domkraftpro.com\/?s={search_term_string}"},"query-input":{"@type":"PropertyValueSpecification","valueRequired":true,"valueName":"search_term_string"}}],"inLanguage":"cs"}]}},"_links":{"self":[{"href":"https:\/\/www.domkraftpro.com\/index.php\/wp-json\/wp\/v2\/product\/1346","targetHints":{"allow":["GET"]}}],"collection":[{"href":"https:\/\/www.domkraftpro.com\/index.php\/wp-json\/wp\/v2\/product"}],"about":[{"href":"https:\/\/www.domkraftpro.com\/index.php\/wp-json\/wp\/v2\/types\/product"}],"replies":[{"embeddable":true,"href":"https:\/\/www.domkraftpro.com\/index.php\/wp-json\/wp\/v2\/comments?post=1346"}],"wp:featuredmedia":[{"embeddable":true,"href":"https:\/\/www.domkraftpro.com\/index.php\/wp-json\/wp\/v2\/media\/1446"}],"wp:attachment":[{"href":"https:\/\/www.domkraftpro.com\/index.php\/wp-json\/wp\/v2\/media?parent=1346"}],"wp:term":[{"taxonomy":"product_brand","embeddable":true,"href":"https:\/\/www.domkraftpro.com\/index.php\/wp-json\/wp\/v2\/product_brand?post=1346"},{"taxonomy":"product_cat","embeddable":true,"href":"https:\/\/www.domkraftpro.com\/index.php\/wp-json\/wp\/v2\/product_cat?post=1346"},{"taxonomy":"product_tag","embeddable":true,"href":"https:\/\/www.domkraftpro.com\/index.php\/wp-json\/wp\/v2\/product_tag?post=1346"}],"curies":[{"name":"wp","href":"https:\/\/api.w.org\/{rel}","templated":true}]}}