{"id":1340,"date":"2026-04-27T04:40:34","date_gmt":"2026-04-27T04:40:34","guid":{"rendered":""},"modified":"2026-04-27T04:40:34","modified_gmt":"2026-04-27T04:40:34","slug":"sleva-duoclips-kabelova-prichytka-do-sirky-drazky-22mm-az-50mm-1340","status":"publish","type":"product","link":"https:\/\/www.domkraftpro.com\/index.php\/produkt\/sleva-duoclips-kabelova-prichytka-do-sirky-drazky-22mm-az-50mm-1340\/","title":{"rendered":"Sleva DUOCLIPS kabelov\u00e1 p\u0159\u00edchytka do \u0161\u00ed\u0159ky dr\u00e1\u017eky 22mm a\u017e 50mm"},"content":{"rendered":"<div id=\"e9897685\" class=\"pages\">\n<div id=\"PDDescription\" class=\"UserContentView userContent v1a v1 bs-view dcon dc150 PDDescription\" >\n<h2><span style=\"color: #008080;\">DUOCLIPS kabelov\u00e1 p\u0159\u00edchytka do \u0161\u00ed\u0159ky dr\u00e1\u017eky 22mm a\u017e50mm<\/span><\/h2>\n<p><span style=\"color: #000000;\">Duoclips p\u0159\u00edchytky jsou rychlej\u0161\u00ed a\u017e o 90% oproti tradi\u010dn\u00edmu s\u00e1drov\u00e1n\u00ed, jsou efektivn\u00ed a \u010dist\u011bj\u0161\u00ed. Nemus\u00edte se u\u017e tahat s t\u011b\u017ek\u00fdmi pytlemi se s\u00e1drou, tak\u017ee m\u00e1te v\u011bt\u0161\u00ed prostor a zjednodu\u0161uje organizaci\u00a0na stavb\u011b. Instalace se prov\u00e1d\u00ed pomoc\u00ed kle\u0161t\u00ed, t\u00edm sni\u017euje fyzickou n\u00e1ro\u010dnost a \u0161et\u0159\u00ed \u010das p\u0159i\u00a0mont\u00e1\u017ei. P\u0159\u00edchytky jsou vyrobeny z recyklovan\u00e9ho materi\u00e1lu, tak\u017ee podporuje\u00a0lep\u0161\u00ed \u017eivotn\u00ed prost\u0159ed\u00ed.\u00a0<\/span><\/p>\n<h3><span style=\"color: #007980;\">Hlavn\u00ed Plusy:<\/span><\/h3>\n<p><span style=\"color: #000000;\">Rychlej\u0161\u00ed instalace<\/span><\/p>\n<p><span style=\"color: #000000;\">V\u00fdrazn\u00e1 \u00faspora \u010dasu a n\u00e1klad\u016f<\/span><\/p>\n<p><span style=\"color: #000000;\">Men\u0161\u00ed fyzick\u00e1 n\u00e1ro\u010dnost a snaz\u0161\u00ed manipulace<\/span><\/p>\n<p><span style=\"color: #000000;\">Jednoduch\u00e1 instalace pomoc\u00ed b\u011b\u017en\u00fdch kle\u0161t\u00ed<\/span><\/p>\n<div id=\"PDTable3\" class=\"ProductDetailTableView v3a v3 bs-view dcon dc175 PDTable3\" >\n<table>\n<thead><\/thead>\n<tbody>\n<tr class=\"attribute attr_bsshop_maker\">\n<td class=\"caption\">V\u00fdrobce<\/td>\n<td class=\"value\">zvl\u00e1\u0161tn\u00ed<\/td>\n<\/tr>\n<\/tbody>\n<\/table><\/div>\n<\/div>\n<\/div>\n<div id=\"e9897686\" class=\"tabs\">\n","protected":false},"excerpt":{"rendered":"<p>DUOCLIPS kabelov\u00e1 p\u0159\u00edchytka do \u0161\u00ed\u0159ky dr\u00e1\u017eky 22mm a\u017e50mm Duoclips p\u0159\u00edchytky jsou rychlej\u0161\u00ed a\u017e o 90% oproti tradi\u010dn\u00edmu s\u00e1drov\u00e1n\u00ed, jsou efektivn\u00ed a \u010dist\u011bj\u0161\u00ed. Nemus\u00edte se u\u017e tahat s t\u011b\u017ek\u00fdmi pytlemi se s\u00e1drou, tak\u017ee m\u00e1te v\u011bt\u0161\u00ed prostor a zjednodu\u0161uje organizaci\u00a0na stavb\u011b. Instalace se prov\u00e1d\u00ed pomoc\u00ed kle\u0161t\u00ed, t\u00edm sni\u017euje fyzickou n\u00e1ro\u010dnost a \u0161et\u0159\u00ed \u010das p\u0159i\u00a0mont\u00e1\u017ei. P\u0159\u00edchytky jsou vyrobeny [&hellip;]<\/p>\n","protected":false},"featured_media":1440,"comment_status":"open","ping_status":"open","template":"","meta":[],"product_brand":[],"product_cat":[37],"product_tag":[],"class_list":{"0":"post-1340","1":"product","2":"type-product","3":"status-publish","4":"has-post-thumbnail","6":"product_cat-elektromateri-225-l","8":"first","9":"instock","10":"sale","11":"shipping-taxable","12":"purchasable","13":"product-type-simple"},"yoast_head":"<!-- This site is optimized with the Yoast SEO plugin v26.8 - https:\/\/yoast.com\/product\/yoast-seo-wordpress\/ -->\n<title>Sleva DUOCLIPS kabelov\u00e1 p\u0159\u00edchytka do \u0161\u00ed\u0159ky dr\u00e1\u017eky 22mm a\u017e 50mm -<\/title>\n<meta name=\"robots\" content=\"index, follow, max-snippet:-1, max-image-preview:large, max-video-preview:-1\" \/>\n<link rel=\"canonical\" href=\"https:\/\/www.domkraftpro.com\/index.php\/produkt\/sleva-duoclips-kabelova-prichytka-do-sirky-drazky-22mm-az-50mm-1340\/\" \/>\n<meta property=\"og:locale\" content=\"cs_CZ\" \/>\n<meta property=\"og:type\" content=\"article\" \/>\n<meta property=\"og:title\" content=\"Sleva DUOCLIPS kabelov\u00e1 p\u0159\u00edchytka do \u0161\u00ed\u0159ky dr\u00e1\u017eky 22mm a\u017e 50mm -\" \/>\n<meta property=\"og:description\" content=\"DUOCLIPS kabelov\u00e1 p\u0159\u00edchytka do \u0161\u00ed\u0159ky dr\u00e1\u017eky 22mm a\u017e50mm Duoclips p\u0159\u00edchytky jsou rychlej\u0161\u00ed a\u017e o 90% oproti tradi\u010dn\u00edmu s\u00e1drov\u00e1n\u00ed, jsou efektivn\u00ed a \u010dist\u011bj\u0161\u00ed. Nemus\u00edte se u\u017e tahat s t\u011b\u017ek\u00fdmi pytlemi se s\u00e1drou, tak\u017ee m\u00e1te v\u011bt\u0161\u00ed prostor a zjednodu\u0161uje organizaci\u00a0na stavb\u011b. Instalace se prov\u00e1d\u00ed pomoc\u00ed kle\u0161t\u00ed, t\u00edm sni\u017euje fyzickou n\u00e1ro\u010dnost a \u0161et\u0159\u00ed \u010das p\u0159i\u00a0mont\u00e1\u017ei. P\u0159\u00edchytky jsou vyrobeny [&hellip;]\" \/>\n<meta property=\"og:url\" content=\"https:\/\/www.domkraftpro.com\/index.php\/produkt\/sleva-duoclips-kabelova-prichytka-do-sirky-drazky-22mm-az-50mm-1340\/\" \/>\n<meta property=\"og:image\" content=\"https:\/\/www.domkraftpro.com\/wp-content\/uploads\/2026\/SK0008478-CZ20260425-091623-0-1777079785-duoclips-kabelova-prichytka-do-sirky-drazky-22mm-az-50mm.pn.webp\" \/>\n\t<meta property=\"og:image:width\" content=\"1000\" \/>\n\t<meta property=\"og:image:height\" content=\"525\" \/>\n\t<meta property=\"og:image:type\" content=\"image\/webp\" \/>\n<meta name=\"twitter:card\" content=\"summary_large_image\" \/>\n<meta name=\"twitter:label1\" content=\"Odhadovan\u00e1 doba \u010dten\u00ed\" \/>\n\t<meta name=\"twitter:data1\" content=\"1 minuta\" \/>\n<script type=\"application\/ld+json\" class=\"yoast-schema-graph\">{\"@context\":\"https:\/\/schema.org\",\"@graph\":[{\"@type\":\"WebPage\",\"@id\":\"https:\/\/www.domkraftpro.com\/index.php\/produkt\/sleva-duoclips-kabelova-prichytka-do-sirky-drazky-22mm-az-50mm-1340\/\",\"url\":\"https:\/\/www.domkraftpro.com\/index.php\/produkt\/sleva-duoclips-kabelova-prichytka-do-sirky-drazky-22mm-az-50mm-1340\/\",\"name\":\"Sleva DUOCLIPS kabelov\u00e1 p\u0159\u00edchytka do \u0161\u00ed\u0159ky dr\u00e1\u017eky 22mm a\u017e 50mm -\",\"isPartOf\":{\"@id\":\"https:\/\/www.domkraftpro.com\/#website\"},\"primaryImageOfPage\":{\"@id\":\"https:\/\/www.domkraftpro.com\/index.php\/produkt\/sleva-duoclips-kabelova-prichytka-do-sirky-drazky-22mm-az-50mm-1340\/#primaryimage\"},\"image\":{\"@id\":\"https:\/\/www.domkraftpro.com\/index.php\/produkt\/sleva-duoclips-kabelova-prichytka-do-sirky-drazky-22mm-az-50mm-1340\/#primaryimage\"},\"thumbnailUrl\":\"https:\/\/www.domkraftpro.com\/wp-content\/uploads\/2026\/SK0008478-CZ20260425-091623-0-1777079785-duoclips-kabelova-prichytka-do-sirky-drazky-22mm-az-50mm.pn.webp\",\"datePublished\":\"2026-04-27T04:40:34+00:00\",\"breadcrumb\":{\"@id\":\"https:\/\/www.domkraftpro.com\/index.php\/produkt\/sleva-duoclips-kabelova-prichytka-do-sirky-drazky-22mm-az-50mm-1340\/#breadcrumb\"},\"inLanguage\":\"cs\",\"potentialAction\":[{\"@type\":\"ReadAction\",\"target\":[\"https:\/\/www.domkraftpro.com\/index.php\/produkt\/sleva-duoclips-kabelova-prichytka-do-sirky-drazky-22mm-az-50mm-1340\/\"]}]},{\"@type\":\"ImageObject\",\"inLanguage\":\"cs\",\"@id\":\"https:\/\/www.domkraftpro.com\/index.php\/produkt\/sleva-duoclips-kabelova-prichytka-do-sirky-drazky-22mm-az-50mm-1340\/#primaryimage\",\"url\":\"https:\/\/www.domkraftpro.com\/wp-content\/uploads\/2026\/SK0008478-CZ20260425-091623-0-1777079785-duoclips-kabelova-prichytka-do-sirky-drazky-22mm-az-50mm.pn.webp\",\"contentUrl\":\"https:\/\/www.domkraftpro.com\/wp-content\/uploads\/2026\/SK0008478-CZ20260425-091623-0-1777079785-duoclips-kabelova-prichytka-do-sirky-drazky-22mm-az-50mm.pn.webp\",\"width\":1000,\"height\":525},{\"@type\":\"BreadcrumbList\",\"@id\":\"https:\/\/www.domkraftpro.com\/index.php\/produkt\/sleva-duoclips-kabelova-prichytka-do-sirky-drazky-22mm-az-50mm-1340\/#breadcrumb\",\"itemListElement\":[{\"@type\":\"ListItem\",\"position\":1,\"name\":\"Home\",\"item\":\"https:\/\/www.domkraftpro.com\/\"},{\"@type\":\"ListItem\",\"position\":2,\"name\":\"Products\",\"item\":\"https:\/\/www.domkraftpro.com\/index.php\/products\/\"},{\"@type\":\"ListItem\",\"position\":3,\"name\":\"Sleva DUOCLIPS kabelov\u00e1 p\u0159\u00edchytka do \u0161\u00ed\u0159ky dr\u00e1\u017eky 22mm a\u017e 50mm\"}]},{\"@type\":\"WebSite\",\"@id\":\"https:\/\/www.domkraftpro.com\/#website\",\"url\":\"https:\/\/www.domkraftpro.com\/\",\"name\":\"\",\"description\":\"\",\"potentialAction\":[{\"@type\":\"SearchAction\",\"target\":{\"@type\":\"EntryPoint\",\"urlTemplate\":\"https:\/\/www.domkraftpro.com\/?s={search_term_string}\"},\"query-input\":{\"@type\":\"PropertyValueSpecification\",\"valueRequired\":true,\"valueName\":\"search_term_string\"}}],\"inLanguage\":\"cs\"}]}<\/script>\n<!-- \/ Yoast SEO plugin. -->","yoast_head_json":{"title":"Sleva DUOCLIPS kabelov\u00e1 p\u0159\u00edchytka do \u0161\u00ed\u0159ky dr\u00e1\u017eky 22mm a\u017e 50mm -","robots":{"index":"index","follow":"follow","max-snippet":"max-snippet:-1","max-image-preview":"max-image-preview:large","max-video-preview":"max-video-preview:-1"},"canonical":"https:\/\/www.domkraftpro.com\/index.php\/produkt\/sleva-duoclips-kabelova-prichytka-do-sirky-drazky-22mm-az-50mm-1340\/","og_locale":"cs_CZ","og_type":"article","og_title":"Sleva DUOCLIPS kabelov\u00e1 p\u0159\u00edchytka do \u0161\u00ed\u0159ky dr\u00e1\u017eky 22mm a\u017e 50mm -","og_description":"DUOCLIPS kabelov\u00e1 p\u0159\u00edchytka do \u0161\u00ed\u0159ky dr\u00e1\u017eky 22mm a\u017e50mm Duoclips p\u0159\u00edchytky jsou rychlej\u0161\u00ed a\u017e o 90% oproti tradi\u010dn\u00edmu s\u00e1drov\u00e1n\u00ed, jsou efektivn\u00ed a \u010dist\u011bj\u0161\u00ed. Nemus\u00edte se u\u017e tahat s t\u011b\u017ek\u00fdmi pytlemi se s\u00e1drou, tak\u017ee m\u00e1te v\u011bt\u0161\u00ed prostor a zjednodu\u0161uje organizaci\u00a0na stavb\u011b. Instalace se prov\u00e1d\u00ed pomoc\u00ed kle\u0161t\u00ed, t\u00edm sni\u017euje fyzickou n\u00e1ro\u010dnost a \u0161et\u0159\u00ed \u010das p\u0159i\u00a0mont\u00e1\u017ei. P\u0159\u00edchytky jsou vyrobeny [&hellip;]","og_url":"https:\/\/www.domkraftpro.com\/index.php\/produkt\/sleva-duoclips-kabelova-prichytka-do-sirky-drazky-22mm-az-50mm-1340\/","og_image":[{"width":1000,"height":525,"url":"https:\/\/www.domkraftpro.com\/wp-content\/uploads\/2026\/SK0008478-CZ20260425-091623-0-1777079785-duoclips-kabelova-prichytka-do-sirky-drazky-22mm-az-50mm.pn.webp","type":"image\/webp"}],"twitter_card":"summary_large_image","twitter_misc":{"Odhadovan\u00e1 doba \u010dten\u00ed":"1 minuta"},"schema":{"@context":"https:\/\/schema.org","@graph":[{"@type":"WebPage","@id":"https:\/\/www.domkraftpro.com\/index.php\/produkt\/sleva-duoclips-kabelova-prichytka-do-sirky-drazky-22mm-az-50mm-1340\/","url":"https:\/\/www.domkraftpro.com\/index.php\/produkt\/sleva-duoclips-kabelova-prichytka-do-sirky-drazky-22mm-az-50mm-1340\/","name":"Sleva DUOCLIPS kabelov\u00e1 p\u0159\u00edchytka do \u0161\u00ed\u0159ky dr\u00e1\u017eky 22mm a\u017e 50mm -","isPartOf":{"@id":"https:\/\/www.domkraftpro.com\/#website"},"primaryImageOfPage":{"@id":"https:\/\/www.domkraftpro.com\/index.php\/produkt\/sleva-duoclips-kabelova-prichytka-do-sirky-drazky-22mm-az-50mm-1340\/#primaryimage"},"image":{"@id":"https:\/\/www.domkraftpro.com\/index.php\/produkt\/sleva-duoclips-kabelova-prichytka-do-sirky-drazky-22mm-az-50mm-1340\/#primaryimage"},"thumbnailUrl":"https:\/\/www.domkraftpro.com\/wp-content\/uploads\/2026\/SK0008478-CZ20260425-091623-0-1777079785-duoclips-kabelova-prichytka-do-sirky-drazky-22mm-az-50mm.pn.webp","datePublished":"2026-04-27T04:40:34+00:00","breadcrumb":{"@id":"https:\/\/www.domkraftpro.com\/index.php\/produkt\/sleva-duoclips-kabelova-prichytka-do-sirky-drazky-22mm-az-50mm-1340\/#breadcrumb"},"inLanguage":"cs","potentialAction":[{"@type":"ReadAction","target":["https:\/\/www.domkraftpro.com\/index.php\/produkt\/sleva-duoclips-kabelova-prichytka-do-sirky-drazky-22mm-az-50mm-1340\/"]}]},{"@type":"ImageObject","inLanguage":"cs","@id":"https:\/\/www.domkraftpro.com\/index.php\/produkt\/sleva-duoclips-kabelova-prichytka-do-sirky-drazky-22mm-az-50mm-1340\/#primaryimage","url":"https:\/\/www.domkraftpro.com\/wp-content\/uploads\/2026\/SK0008478-CZ20260425-091623-0-1777079785-duoclips-kabelova-prichytka-do-sirky-drazky-22mm-az-50mm.pn.webp","contentUrl":"https:\/\/www.domkraftpro.com\/wp-content\/uploads\/2026\/SK0008478-CZ20260425-091623-0-1777079785-duoclips-kabelova-prichytka-do-sirky-drazky-22mm-az-50mm.pn.webp","width":1000,"height":525},{"@type":"BreadcrumbList","@id":"https:\/\/www.domkraftpro.com\/index.php\/produkt\/sleva-duoclips-kabelova-prichytka-do-sirky-drazky-22mm-az-50mm-1340\/#breadcrumb","itemListElement":[{"@type":"ListItem","position":1,"name":"Home","item":"https:\/\/www.domkraftpro.com\/"},{"@type":"ListItem","position":2,"name":"Products","item":"https:\/\/www.domkraftpro.com\/index.php\/products\/"},{"@type":"ListItem","position":3,"name":"Sleva DUOCLIPS kabelov\u00e1 p\u0159\u00edchytka do \u0161\u00ed\u0159ky dr\u00e1\u017eky 22mm a\u017e 50mm"}]},{"@type":"WebSite","@id":"https:\/\/www.domkraftpro.com\/#website","url":"https:\/\/www.domkraftpro.com\/","name":"","description":"","potentialAction":[{"@type":"SearchAction","target":{"@type":"EntryPoint","urlTemplate":"https:\/\/www.domkraftpro.com\/?s={search_term_string}"},"query-input":{"@type":"PropertyValueSpecification","valueRequired":true,"valueName":"search_term_string"}}],"inLanguage":"cs"}]}},"_links":{"self":[{"href":"https:\/\/www.domkraftpro.com\/index.php\/wp-json\/wp\/v2\/product\/1340","targetHints":{"allow":["GET"]}}],"collection":[{"href":"https:\/\/www.domkraftpro.com\/index.php\/wp-json\/wp\/v2\/product"}],"about":[{"href":"https:\/\/www.domkraftpro.com\/index.php\/wp-json\/wp\/v2\/types\/product"}],"replies":[{"embeddable":true,"href":"https:\/\/www.domkraftpro.com\/index.php\/wp-json\/wp\/v2\/comments?post=1340"}],"wp:featuredmedia":[{"embeddable":true,"href":"https:\/\/www.domkraftpro.com\/index.php\/wp-json\/wp\/v2\/media\/1440"}],"wp:attachment":[{"href":"https:\/\/www.domkraftpro.com\/index.php\/wp-json\/wp\/v2\/media?parent=1340"}],"wp:term":[{"taxonomy":"product_brand","embeddable":true,"href":"https:\/\/www.domkraftpro.com\/index.php\/wp-json\/wp\/v2\/product_brand?post=1340"},{"taxonomy":"product_cat","embeddable":true,"href":"https:\/\/www.domkraftpro.com\/index.php\/wp-json\/wp\/v2\/product_cat?post=1340"},{"taxonomy":"product_tag","embeddable":true,"href":"https:\/\/www.domkraftpro.com\/index.php\/wp-json\/wp\/v2\/product_tag?post=1340"}],"curies":[{"name":"wp","href":"https:\/\/api.w.org\/{rel}","templated":true}]}}