{"id":1335,"date":"2026-04-27T04:40:34","date_gmt":"2026-04-27T04:40:34","guid":{"rendered":""},"modified":"2026-04-27T04:40:34","modified_gmt":"2026-04-27T04:40:34","slug":"wago-207-1333-gelova-krabicka-pro-spojeni-vodicu-v-kryti-ipx8-pro-wago-svorky-52-7x17-8x33-6mm-novinka-1335","status":"publish","type":"product","link":"https:\/\/www.domkraftpro.com\/index.php\/produkt\/wago-207-1333-gelova-krabicka-pro-spojeni-vodicu-v-kryti-ipx8-pro-wago-svorky-52-7x17-8x33-6mm-novinka-1335\/","title":{"rendered":"WAGO 207-1333 gelov\u00e1 krabi\u010dka pro spojen\u00ed vodi\u010d\u016f v kryt\u00ed IPX8, pro Wago svorky, 52,7&#215;17,8&#215;33,6mm Novinka"},"content":{"rendered":"<div id=\"e9896669\" class=\"pages\">\n<div id=\"PDDescription\" class=\"UserContentView userContent v1a v1 bs-view dcon dc150 PDDescription\" >\n<h2><span style=\"color: #008080; font-size: 125%;\">WAGO 207-1333 gelov\u00e1 krabi\u010dka pro spojen\u00ed vodi\u010d\u016f v kryt\u00ed IPX8, pro Wago svorky, 52,7&#215;17,8&#215;33,6mm \u00a0\u00a0<\/span><\/h2>\n<p>Gelov\u00e9 krabi\u010dky se instaluj\u00ed do vlhk\u00fdch prost\u0159ed\u00ed, kde spolehliv\u011b chr\u00e1n\u00ed spojen\u00ed vodi\u010d\u016f ve svorce. Pou\u017e\u00edt lze jak \u0161roubovou svorku (nap\u0159.EKL 0, tzn. &#8222;\u010dokol\u00e1du&#8220;) nebo bez\u0161roubovou svorku (nap\u0159. Wago svorky). Svorka i p\u0159ipojen\u00e9 vodi\u010de jsou po instalaci obklopeny ochrann\u00fdm nevodiv\u00fdm gelem a br\u00e1n\u00ed pr\u016fniku vody. Jednodu\u0161e tak pou\u017eijete svorky pro vnit\u0159n\u00ed prost\u0159ed\u00ed do venkovn\u00edho. V\u00fdsledn\u00e9 kryt\u00ed je IPX8, spoj je rozeb\u00edrateln\u00fd. Teplota pro instalaci je v rozmez\u00ed od 0\u00b0C a\u017e do +40\u00b0C, provozn\u00ed teplota je a\u017e do +85\u00b0C. Krabi\u010dky mohou b\u00fdt pou\u017eity i pod zem\u00ed (d\u016fle\u017eit\u00e9 je zabezpe\u010dit vn\u011bj\u0161\u00ed ochranu p\u0159ed tlakem zeminy a p\u0159ed vytrhnut\u00edm vodi\u010d\u016f z krabi\u010dky).<\/p>\n<p>\u00a0<\/p>\n<p><span style=\"color: #007980; font-size: 125%;\"><strong>Parametry<\/strong><\/span><\/p>\n<p>\u00a0<\/p>\n<table class=\"table table-striped\" style=\"border-color: #dee2e6; width: 924px; color: #212529; text-transform: none; letter-spacing: normal; font-family: system-ui, -apple-system, 'Segoe UI', Roboto, 'Helvetica Neue', Arial, 'Noto Sans', 'Liberation Sans', sans-serif, 'Apple Color Emoji', 'Segoe UI Emoji', 'Segoe UI Symbol', 'Noto Color Emoji'; font-size: 16px; font-style: normal; font-weight: 400; margin-bottom: 1rem; word-spacing: 0px; vertical-align: top; white-space: normal; border-collapse: collapse; caption-side: bottom; box-sizing: border-box; orphans: 2; widows: 2; background-color: #ffffff; font-variant-ligatures: normal; font-variant-caps: normal; -webkit-text-stroke-width: 0px; text-decoration-thickness: initial; text-decoration-style: initial; text-decoration-color: initial;\">\n<tbody style=\"vertical-align: inherit; box-sizing: border-box; border: 0px solid inherit;\">\n<tr style=\"box-sizing: border-box; border: 0px solid inherit;\">\n<td style=\"border-width: 0px 0px 1px; border-style: solid; border-color: inherit; padding: 0.5rem; color: #212529; box-sizing: border-box; box-shadow: inset 0px 0px 0px 9999px rgba(0,0,0,0.05); background-color: rgba(0, 0, 0, 0);\">\n<div class=\"row\" style=\"margin-top: 0px; margin-right: -12px; margin-left: -12px; display: flex; box-sizing: border-box; flex-wrap: wrap;\">\n<div class=\"col-12 col-sm-6 fw-bold\" style=\"flex: 0 0 auto; width: 466px; padding-right: 12px; padding-left: 12px; font-weight: 700 !important; margin-top: 0px; max-width: 100%; box-sizing: border-box;\">Hmotnost<\/div>\n<div class=\"col-12 col-sm-6\" style=\"flex: 0 0 auto; width: 466px; padding-right: 12px; padding-left: 12px; margin-top: 0px; max-width: 100%; box-sizing: border-box;\">0,0276 kg<\/div>\n<\/div>\n<\/td>\n<\/tr>\n<tr style=\"box-sizing: border-box; border: 0px solid inherit;\">\n<td style=\"border-width: 0px 0px 1px; border-style: solid; border-color: inherit; padding: 0.5rem; box-sizing: border-box; box-shadow: inset 0px 0px 0px 9999px rgba(0,0,0,0); background-color: rgba(0, 0, 0, 0);\">\n<div class=\"row\" style=\"margin-top: 0px; margin-right: -12px; margin-left: -12px; display: flex; box-sizing: border-box; flex-wrap: wrap;\">\n<div class=\"col-12 col-sm-6 fw-bold\" style=\"flex: 0 0 auto; width: 466px; padding-right: 12px; padding-left: 12px; font-weight: 700 !important; margin-top: 0px; max-width: 100%; box-sizing: border-box;\">Mno\u017estv\u00ed v balen\u00ed<\/div>\n<div class=\"col-12 col-sm-6\" style=\"flex: 0 0 auto; width: 466px; padding-right: 12px; padding-left: 12px; margin-top: 0px; max-width: 100%; box-sizing: border-box;\">3<\/div>\n<\/div>\n<\/td>\n<\/tr>\n<tr style=\"box-sizing: border-box; border: 0px solid inherit;\">\n<td style=\"border-width: 0px 0px 1px; border-style: solid; border-color: inherit; padding: 0.5rem; color: #212529; box-sizing: border-box; box-shadow: inset 0px 0px 0px 9999px rgba(0,0,0,0.05); background-color: rgba(0, 0, 0, 0);\">\n<div class=\"row\" style=\"margin-top: 0px; margin-right: -12px; margin-left: -12px; display: flex; box-sizing: border-box; flex-wrap: wrap;\">\n<div class=\"col-12 col-sm-6 fw-bold\" style=\"flex: 0 0 auto; width: 466px; padding-right: 12px; padding-left: 12px; font-weight: 700 !important; margin-top: 0px; max-width: 100%; box-sizing: border-box;\">Typ<\/div>\n<div class=\"col-12 col-sm-6\" style=\"flex: 0 0 auto; width: 466px; padding-right: 12px; padding-left: 12px; margin-top: 0px; max-width: 100%; box-sizing: border-box;\">Ostatn\u00ed<\/div>\n<\/div>\n<\/td>\n<\/tr>\n<tr style=\"box-sizing: border-box; border: 0px solid inherit;\">\n<td style=\"border-width: 0px 0px 1px; border-style: solid; border-color: inherit; padding: 0.5rem; box-sizing: border-box; box-shadow: inset 0px 0px 0px 9999px rgba(0,0,0,0); background-color: rgba(0, 0, 0, 0);\">\n<div class=\"row\" style=\"margin-top: 0px; margin-right: -12px; margin-left: -12px; display: flex; box-sizing: border-box; flex-wrap: wrap;\">\n<div class=\"col-12 col-sm-6 fw-bold\" style=\"flex: 0 0 auto; width: 466px; padding-right: 12px; padding-left: 12px; font-weight: 700 !important; margin-top: 0px; max-width: 100%; box-sizing: border-box;\">Proveden\u00ed<\/div>\n<div class=\"col-12 col-sm-6\" style=\"flex: 0 0 auto; width: 466px; padding-right: 12px; padding-left: 12px; margin-top: 0px; max-width: 100%; box-sizing: border-box;\">Gel<\/div>\n<\/div>\n<\/td>\n<\/tr>\n<tr style=\"box-sizing: border-box; border: 0px solid inherit;\">\n<td style=\"border-width: 0px 0px 1px; border-style: solid; border-color: inherit; padding: 0.5rem; color: #212529; box-sizing: border-box; box-shadow: inset 0px 0px 0px 9999px rgba(0,0,0,0.05); background-color: rgba(0, 0, 0, 0);\">\n<div class=\"row\" style=\"margin-top: 0px; margin-right: -12px; margin-left: -12px; display: flex; box-sizing: border-box; flex-wrap: wrap;\">\n<div class=\"col-12 col-sm-6 fw-bold\" style=\"flex: 0 0 auto; width: 466px; padding-right: 12px; padding-left: 12px; font-weight: 700 !important; margin-top: 0px; max-width: 100%; box-sizing: border-box;\">Schv\u00e1len\u00ed pro b\u00e1\u0148sk\u00fd pr\u016fmysl<\/div>\n<div class=\"col-12 col-sm-6\" style=\"flex: 0 0 auto; width: 466px; padding-right: 12px; padding-left: 12px; margin-top: 0px; max-width: 100%; box-sizing: border-box;\">Ne<\/div>\n<\/div>\n<\/td>\n<\/tr>\n<tr style=\"box-sizing: border-box; border: 0px solid inherit;\">\n<td style=\"border-width: 0px 0px 1px; border-style: solid; border-color: inherit; padding: 0.5rem; box-sizing: border-box; box-shadow: inset 0px 0px 0px 9999px rgba(0,0,0,0); background-color: rgba(0, 0, 0, 0);\">\n<div class=\"row\" style=\"margin-top: 0px; margin-right: -12px; margin-left: -12px; display: flex; box-sizing: border-box; flex-wrap: wrap;\">\n<div class=\"col-12 col-sm-6 fw-bold\" style=\"flex: 0 0 auto; width: 466px; padding-right: 12px; padding-left: 12px; font-weight: 700 !important; margin-top: 0px; max-width: 100%; box-sizing: border-box;\">Spojovac\u00ed p\u0159\u00edslu\u0161enstv\u00ed<\/div>\n<div class=\"col-12 col-sm-6\" style=\"flex: 0 0 auto; width: 466px; padding-right: 12px; padding-left: 12px; margin-top: 0px; max-width: 100%; box-sizing: border-box;\">Bez<\/div>\n<\/div>\n<\/td>\n<\/tr>\n<tr style=\"box-sizing: border-box; border: 0px solid inherit;\">\n<td style=\"border-width: 0px 0px 1px; border-style: solid; border-color: inherit; padding: 0.5rem; color: #212529; box-sizing: border-box; box-shadow: inset 0px 0px 0px 9999px rgba(0,0,0,0.05); background-color: rgba(0, 0, 0, 0);\">\n<div class=\"row\" style=\"margin-top: 0px; margin-right: -12px; margin-left: -12px; display: flex; box-sizing: border-box; flex-wrap: wrap;\">\n<div class=\"col-12 col-sm-6 fw-bold\" style=\"flex: 0 0 auto; width: 466px; padding-right: 12px; padding-left: 12px; font-weight: 700 !important; margin-top: 0px; max-width: 100%; box-sizing: border-box;\">Vhodn\u00e9 pro<\/div>\n<div class=\"col-12 col-sm-6\" style=\"flex: 0 0 auto; width: 466px; padding-right: 12px; padding-left: 12px; margin-top: 0px; max-width: 100%; box-sizing: border-box;\">Ostatn\u00ed<\/div>\n<\/div>\n<\/td>\n<\/tr>\n<tr style=\"box-sizing: border-box; border: 0px solid inherit;\">\n<td style=\"border-width: 0px 0px 1px; border-style: solid; border-color: inherit; padding: 0.5rem; box-sizing: border-box; box-shadow: inset 0px 0px 0px 9999px rgba(0,0,0,0); background-color: rgba(0, 0, 0, 0);\">\n<div class=\"row\" style=\"margin-top: 0px; margin-right: -12px; margin-left: -12px; display: flex; box-sizing: border-box; flex-wrap: wrap;\">\n<div class=\"col-12 col-sm-6 fw-bold\" style=\"flex: 0 0 auto; width: 466px; padding-right: 12px; padding-left: 12px; font-weight: 700 !important; margin-top: 0px; max-width: 100%; box-sizing: border-box;\">Bezhalogenov\u00e9<\/div>\n<div class=\"col-12 col-sm-6\" style=\"flex: 0 0 auto; width: 466px; padding-right: 12px; padding-left: 12px; margin-top: 0px; max-width: 100%; box-sizing: border-box;\">Ano<\/div>\n<\/div>\n<\/td>\n<\/tr>\n<\/tbody>\n<\/table>\n<div id=\"PDTable3\" class=\"ProductDetailTableView v3a v3 bs-view dcon dc175 PDTable3\" >\n<table>\n<thead><\/thead>\n<tbody>\n<tr class=\"attribute attr_bsshop_maker\">\n<td class=\"caption\">V\u00fdrobce<\/td>\n<td class=\"value\">WAGO<\/td>\n<\/tr>\n<\/tbody>\n<\/table><\/div>\n<\/div>\n<\/div>\n<div id=\"e9896670\" class=\"tabs\">\n","protected":false},"excerpt":{"rendered":"<p>WAGO 207-1333 gelov\u00e1 krabi\u010dka pro spojen\u00ed vodi\u010d\u016f v kryt\u00ed IPX8, pro Wago svorky, 52,7&#215;17,8&#215;33,6mm \u00a0\u00a0 Gelov\u00e9 krabi\u010dky se instaluj\u00ed do vlhk\u00fdch prost\u0159ed\u00ed, kde spolehliv\u011b chr\u00e1n\u00ed spojen\u00ed vodi\u010d\u016f ve svorce. Pou\u017e\u00edt lze jak \u0161roubovou svorku (nap\u0159.EKL 0, tzn. &#8222;\u010dokol\u00e1du&#8220;) nebo bez\u0161roubovou svorku (nap\u0159. Wago svorky). Svorka i p\u0159ipojen\u00e9 vodi\u010de jsou po instalaci obklopeny ochrann\u00fdm nevodiv\u00fdm gelem [&hellip;]<\/p>\n","protected":false},"featured_media":1435,"comment_status":"open","ping_status":"open","template":"","meta":[],"product_brand":[],"product_cat":[37],"product_tag":[],"class_list":{"0":"post-1335","1":"product","2":"type-product","3":"status-publish","4":"has-post-thumbnail","6":"product_cat-elektromateri-225-l","8":"first","9":"instock","10":"sale","11":"shipping-taxable","12":"purchasable","13":"product-type-simple"},"yoast_head":"<!-- This site is optimized with the Yoast SEO plugin v26.8 - https:\/\/yoast.com\/product\/yoast-seo-wordpress\/ -->\n<title>WAGO 207-1333 gelov\u00e1 krabi\u010dka pro spojen\u00ed vodi\u010d\u016f v kryt\u00ed IPX8, pro Wago svorky, 52,7x17,8x33,6mm Novinka -<\/title>\n<meta name=\"robots\" content=\"index, follow, max-snippet:-1, max-image-preview:large, max-video-preview:-1\" \/>\n<link rel=\"canonical\" href=\"https:\/\/www.domkraftpro.com\/index.php\/produkt\/wago-207-1333-gelova-krabicka-pro-spojeni-vodicu-v-kryti-ipx8-pro-wago-svorky-52-7x17-8x33-6mm-novinka-1335\/\" \/>\n<meta property=\"og:locale\" content=\"cs_CZ\" \/>\n<meta property=\"og:type\" content=\"article\" \/>\n<meta property=\"og:title\" content=\"WAGO 207-1333 gelov\u00e1 krabi\u010dka pro spojen\u00ed vodi\u010d\u016f v kryt\u00ed IPX8, pro Wago svorky, 52,7x17,8x33,6mm Novinka -\" \/>\n<meta property=\"og:description\" content=\"WAGO 207-1333 gelov\u00e1 krabi\u010dka pro spojen\u00ed vodi\u010d\u016f v kryt\u00ed IPX8, pro Wago svorky, 52,7&#215;17,8&#215;33,6mm \u00a0\u00a0 Gelov\u00e9 krabi\u010dky se instaluj\u00ed do vlhk\u00fdch prost\u0159ed\u00ed, kde spolehliv\u011b chr\u00e1n\u00ed spojen\u00ed vodi\u010d\u016f ve svorce. Pou\u017e\u00edt lze jak \u0161roubovou svorku (nap\u0159.EKL 0, tzn. &#8222;\u010dokol\u00e1du&#8220;) nebo bez\u0161roubovou svorku (nap\u0159. Wago svorky). Svorka i p\u0159ipojen\u00e9 vodi\u010de jsou po instalaci obklopeny ochrann\u00fdm nevodiv\u00fdm gelem [&hellip;]\" \/>\n<meta property=\"og:url\" content=\"https:\/\/www.domkraftpro.com\/index.php\/produkt\/wago-207-1333-gelova-krabicka-pro-spojeni-vodicu-v-kryti-ipx8-pro-wago-svorky-52-7x17-8x33-6mm-novinka-1335\/\" \/>\n<meta property=\"og:image\" content=\"https:\/\/www.domkraftpro.com\/wp-content\/uploads\/2026\/SK0008473-CZ20260425-091623-0-1777079785-wago-207-1333-gelova-krabicka-pro-spojeni-vodicu-v-kryti-ip.webp\" \/>\n\t<meta property=\"og:image:width\" content=\"1000\" \/>\n\t<meta property=\"og:image:height\" content=\"525\" \/>\n\t<meta property=\"og:image:type\" content=\"image\/webp\" \/>\n<meta name=\"twitter:card\" content=\"summary_large_image\" \/>\n<meta name=\"twitter:label1\" content=\"Odhadovan\u00e1 doba \u010dten\u00ed\" \/>\n\t<meta name=\"twitter:data1\" content=\"1 minuta\" \/>\n<script type=\"application\/ld+json\" class=\"yoast-schema-graph\">{\"@context\":\"https:\/\/schema.org\",\"@graph\":[{\"@type\":\"WebPage\",\"@id\":\"https:\/\/www.domkraftpro.com\/index.php\/produkt\/wago-207-1333-gelova-krabicka-pro-spojeni-vodicu-v-kryti-ipx8-pro-wago-svorky-52-7x17-8x33-6mm-novinka-1335\/\",\"url\":\"https:\/\/www.domkraftpro.com\/index.php\/produkt\/wago-207-1333-gelova-krabicka-pro-spojeni-vodicu-v-kryti-ipx8-pro-wago-svorky-52-7x17-8x33-6mm-novinka-1335\/\",\"name\":\"WAGO 207-1333 gelov\u00e1 krabi\u010dka pro spojen\u00ed vodi\u010d\u016f v kryt\u00ed IPX8, pro Wago svorky, 52,7x17,8x33,6mm Novinka -\",\"isPartOf\":{\"@id\":\"https:\/\/www.domkraftpro.com\/#website\"},\"primaryImageOfPage\":{\"@id\":\"https:\/\/www.domkraftpro.com\/index.php\/produkt\/wago-207-1333-gelova-krabicka-pro-spojeni-vodicu-v-kryti-ipx8-pro-wago-svorky-52-7x17-8x33-6mm-novinka-1335\/#primaryimage\"},\"image\":{\"@id\":\"https:\/\/www.domkraftpro.com\/index.php\/produkt\/wago-207-1333-gelova-krabicka-pro-spojeni-vodicu-v-kryti-ipx8-pro-wago-svorky-52-7x17-8x33-6mm-novinka-1335\/#primaryimage\"},\"thumbnailUrl\":\"https:\/\/www.domkraftpro.com\/wp-content\/uploads\/2026\/SK0008473-CZ20260425-091623-0-1777079785-wago-207-1333-gelova-krabicka-pro-spojeni-vodicu-v-kryti-ip.webp\",\"datePublished\":\"2026-04-27T04:40:34+00:00\",\"breadcrumb\":{\"@id\":\"https:\/\/www.domkraftpro.com\/index.php\/produkt\/wago-207-1333-gelova-krabicka-pro-spojeni-vodicu-v-kryti-ipx8-pro-wago-svorky-52-7x17-8x33-6mm-novinka-1335\/#breadcrumb\"},\"inLanguage\":\"cs\",\"potentialAction\":[{\"@type\":\"ReadAction\",\"target\":[\"https:\/\/www.domkraftpro.com\/index.php\/produkt\/wago-207-1333-gelova-krabicka-pro-spojeni-vodicu-v-kryti-ipx8-pro-wago-svorky-52-7x17-8x33-6mm-novinka-1335\/\"]}]},{\"@type\":\"ImageObject\",\"inLanguage\":\"cs\",\"@id\":\"https:\/\/www.domkraftpro.com\/index.php\/produkt\/wago-207-1333-gelova-krabicka-pro-spojeni-vodicu-v-kryti-ipx8-pro-wago-svorky-52-7x17-8x33-6mm-novinka-1335\/#primaryimage\",\"url\":\"https:\/\/www.domkraftpro.com\/wp-content\/uploads\/2026\/SK0008473-CZ20260425-091623-0-1777079785-wago-207-1333-gelova-krabicka-pro-spojeni-vodicu-v-kryti-ip.webp\",\"contentUrl\":\"https:\/\/www.domkraftpro.com\/wp-content\/uploads\/2026\/SK0008473-CZ20260425-091623-0-1777079785-wago-207-1333-gelova-krabicka-pro-spojeni-vodicu-v-kryti-ip.webp\",\"width\":1000,\"height\":525},{\"@type\":\"BreadcrumbList\",\"@id\":\"https:\/\/www.domkraftpro.com\/index.php\/produkt\/wago-207-1333-gelova-krabicka-pro-spojeni-vodicu-v-kryti-ipx8-pro-wago-svorky-52-7x17-8x33-6mm-novinka-1335\/#breadcrumb\",\"itemListElement\":[{\"@type\":\"ListItem\",\"position\":1,\"name\":\"Home\",\"item\":\"https:\/\/www.domkraftpro.com\/\"},{\"@type\":\"ListItem\",\"position\":2,\"name\":\"Products\",\"item\":\"https:\/\/www.domkraftpro.com\/index.php\/products\/\"},{\"@type\":\"ListItem\",\"position\":3,\"name\":\"WAGO 207-1333 gelov\u00e1 krabi\u010dka pro spojen\u00ed vodi\u010d\u016f v kryt\u00ed IPX8, pro Wago svorky, 52,7&#215;17,8&#215;33,6mm Novinka\"}]},{\"@type\":\"WebSite\",\"@id\":\"https:\/\/www.domkraftpro.com\/#website\",\"url\":\"https:\/\/www.domkraftpro.com\/\",\"name\":\"\",\"description\":\"\",\"potentialAction\":[{\"@type\":\"SearchAction\",\"target\":{\"@type\":\"EntryPoint\",\"urlTemplate\":\"https:\/\/www.domkraftpro.com\/?s={search_term_string}\"},\"query-input\":{\"@type\":\"PropertyValueSpecification\",\"valueRequired\":true,\"valueName\":\"search_term_string\"}}],\"inLanguage\":\"cs\"}]}<\/script>\n<!-- \/ Yoast SEO plugin. -->","yoast_head_json":{"title":"WAGO 207-1333 gelov\u00e1 krabi\u010dka pro spojen\u00ed vodi\u010d\u016f v kryt\u00ed IPX8, pro Wago svorky, 52,7x17,8x33,6mm Novinka -","robots":{"index":"index","follow":"follow","max-snippet":"max-snippet:-1","max-image-preview":"max-image-preview:large","max-video-preview":"max-video-preview:-1"},"canonical":"https:\/\/www.domkraftpro.com\/index.php\/produkt\/wago-207-1333-gelova-krabicka-pro-spojeni-vodicu-v-kryti-ipx8-pro-wago-svorky-52-7x17-8x33-6mm-novinka-1335\/","og_locale":"cs_CZ","og_type":"article","og_title":"WAGO 207-1333 gelov\u00e1 krabi\u010dka pro spojen\u00ed vodi\u010d\u016f v kryt\u00ed IPX8, pro Wago svorky, 52,7x17,8x33,6mm Novinka -","og_description":"WAGO 207-1333 gelov\u00e1 krabi\u010dka pro spojen\u00ed vodi\u010d\u016f v kryt\u00ed IPX8, pro Wago svorky, 52,7&#215;17,8&#215;33,6mm \u00a0\u00a0 Gelov\u00e9 krabi\u010dky se instaluj\u00ed do vlhk\u00fdch prost\u0159ed\u00ed, kde spolehliv\u011b chr\u00e1n\u00ed spojen\u00ed vodi\u010d\u016f ve svorce. Pou\u017e\u00edt lze jak \u0161roubovou svorku (nap\u0159.EKL 0, tzn. &#8222;\u010dokol\u00e1du&#8220;) nebo bez\u0161roubovou svorku (nap\u0159. Wago svorky). Svorka i p\u0159ipojen\u00e9 vodi\u010de jsou po instalaci obklopeny ochrann\u00fdm nevodiv\u00fdm gelem [&hellip;]","og_url":"https:\/\/www.domkraftpro.com\/index.php\/produkt\/wago-207-1333-gelova-krabicka-pro-spojeni-vodicu-v-kryti-ipx8-pro-wago-svorky-52-7x17-8x33-6mm-novinka-1335\/","og_image":[{"width":1000,"height":525,"url":"https:\/\/www.domkraftpro.com\/wp-content\/uploads\/2026\/SK0008473-CZ20260425-091623-0-1777079785-wago-207-1333-gelova-krabicka-pro-spojeni-vodicu-v-kryti-ip.webp","type":"image\/webp"}],"twitter_card":"summary_large_image","twitter_misc":{"Odhadovan\u00e1 doba \u010dten\u00ed":"1 minuta"},"schema":{"@context":"https:\/\/schema.org","@graph":[{"@type":"WebPage","@id":"https:\/\/www.domkraftpro.com\/index.php\/produkt\/wago-207-1333-gelova-krabicka-pro-spojeni-vodicu-v-kryti-ipx8-pro-wago-svorky-52-7x17-8x33-6mm-novinka-1335\/","url":"https:\/\/www.domkraftpro.com\/index.php\/produkt\/wago-207-1333-gelova-krabicka-pro-spojeni-vodicu-v-kryti-ipx8-pro-wago-svorky-52-7x17-8x33-6mm-novinka-1335\/","name":"WAGO 207-1333 gelov\u00e1 krabi\u010dka pro spojen\u00ed vodi\u010d\u016f v kryt\u00ed IPX8, pro Wago svorky, 52,7x17,8x33,6mm Novinka -","isPartOf":{"@id":"https:\/\/www.domkraftpro.com\/#website"},"primaryImageOfPage":{"@id":"https:\/\/www.domkraftpro.com\/index.php\/produkt\/wago-207-1333-gelova-krabicka-pro-spojeni-vodicu-v-kryti-ipx8-pro-wago-svorky-52-7x17-8x33-6mm-novinka-1335\/#primaryimage"},"image":{"@id":"https:\/\/www.domkraftpro.com\/index.php\/produkt\/wago-207-1333-gelova-krabicka-pro-spojeni-vodicu-v-kryti-ipx8-pro-wago-svorky-52-7x17-8x33-6mm-novinka-1335\/#primaryimage"},"thumbnailUrl":"https:\/\/www.domkraftpro.com\/wp-content\/uploads\/2026\/SK0008473-CZ20260425-091623-0-1777079785-wago-207-1333-gelova-krabicka-pro-spojeni-vodicu-v-kryti-ip.webp","datePublished":"2026-04-27T04:40:34+00:00","breadcrumb":{"@id":"https:\/\/www.domkraftpro.com\/index.php\/produkt\/wago-207-1333-gelova-krabicka-pro-spojeni-vodicu-v-kryti-ipx8-pro-wago-svorky-52-7x17-8x33-6mm-novinka-1335\/#breadcrumb"},"inLanguage":"cs","potentialAction":[{"@type":"ReadAction","target":["https:\/\/www.domkraftpro.com\/index.php\/produkt\/wago-207-1333-gelova-krabicka-pro-spojeni-vodicu-v-kryti-ipx8-pro-wago-svorky-52-7x17-8x33-6mm-novinka-1335\/"]}]},{"@type":"ImageObject","inLanguage":"cs","@id":"https:\/\/www.domkraftpro.com\/index.php\/produkt\/wago-207-1333-gelova-krabicka-pro-spojeni-vodicu-v-kryti-ipx8-pro-wago-svorky-52-7x17-8x33-6mm-novinka-1335\/#primaryimage","url":"https:\/\/www.domkraftpro.com\/wp-content\/uploads\/2026\/SK0008473-CZ20260425-091623-0-1777079785-wago-207-1333-gelova-krabicka-pro-spojeni-vodicu-v-kryti-ip.webp","contentUrl":"https:\/\/www.domkraftpro.com\/wp-content\/uploads\/2026\/SK0008473-CZ20260425-091623-0-1777079785-wago-207-1333-gelova-krabicka-pro-spojeni-vodicu-v-kryti-ip.webp","width":1000,"height":525},{"@type":"BreadcrumbList","@id":"https:\/\/www.domkraftpro.com\/index.php\/produkt\/wago-207-1333-gelova-krabicka-pro-spojeni-vodicu-v-kryti-ipx8-pro-wago-svorky-52-7x17-8x33-6mm-novinka-1335\/#breadcrumb","itemListElement":[{"@type":"ListItem","position":1,"name":"Home","item":"https:\/\/www.domkraftpro.com\/"},{"@type":"ListItem","position":2,"name":"Products","item":"https:\/\/www.domkraftpro.com\/index.php\/products\/"},{"@type":"ListItem","position":3,"name":"WAGO 207-1333 gelov\u00e1 krabi\u010dka pro spojen\u00ed vodi\u010d\u016f v kryt\u00ed IPX8, pro Wago svorky, 52,7&#215;17,8&#215;33,6mm Novinka"}]},{"@type":"WebSite","@id":"https:\/\/www.domkraftpro.com\/#website","url":"https:\/\/www.domkraftpro.com\/","name":"","description":"","potentialAction":[{"@type":"SearchAction","target":{"@type":"EntryPoint","urlTemplate":"https:\/\/www.domkraftpro.com\/?s={search_term_string}"},"query-input":{"@type":"PropertyValueSpecification","valueRequired":true,"valueName":"search_term_string"}}],"inLanguage":"cs"}]}},"_links":{"self":[{"href":"https:\/\/www.domkraftpro.com\/index.php\/wp-json\/wp\/v2\/product\/1335","targetHints":{"allow":["GET"]}}],"collection":[{"href":"https:\/\/www.domkraftpro.com\/index.php\/wp-json\/wp\/v2\/product"}],"about":[{"href":"https:\/\/www.domkraftpro.com\/index.php\/wp-json\/wp\/v2\/types\/product"}],"replies":[{"embeddable":true,"href":"https:\/\/www.domkraftpro.com\/index.php\/wp-json\/wp\/v2\/comments?post=1335"}],"wp:featuredmedia":[{"embeddable":true,"href":"https:\/\/www.domkraftpro.com\/index.php\/wp-json\/wp\/v2\/media\/1435"}],"wp:attachment":[{"href":"https:\/\/www.domkraftpro.com\/index.php\/wp-json\/wp\/v2\/media?parent=1335"}],"wp:term":[{"taxonomy":"product_brand","embeddable":true,"href":"https:\/\/www.domkraftpro.com\/index.php\/wp-json\/wp\/v2\/product_brand?post=1335"},{"taxonomy":"product_cat","embeddable":true,"href":"https:\/\/www.domkraftpro.com\/index.php\/wp-json\/wp\/v2\/product_cat?post=1335"},{"taxonomy":"product_tag","embeddable":true,"href":"https:\/\/www.domkraftpro.com\/index.php\/wp-json\/wp\/v2\/product_tag?post=1335"}],"curies":[{"name":"wp","href":"https:\/\/api.w.org\/{rel}","templated":true}]}}